{"id":6279,"date":"2024-06-26T09:40:11","date_gmt":"2024-06-26T07:40:11","guid":{"rendered":"https:\/\/staging.laboklin.com\/labogen\/labogen_wp\/?page_id=6279"},"modified":"2024-12-11T17:05:08","modified_gmt":"2024-12-11T16:05:08","slug":"geschlechtsbestimmung-vogel","status":"publish","type":"page","link":"https:\/\/labogen.com\/uk\/geschlechtsbestimmung-vogel\/","title":{"rendered":"Geschlechtsbestimmung Vogel"},"content":{"rendered":"\t\t<div data-elementor-type=\"wp-page\" data-elementor-id=\"6279\" class=\"elementor elementor-6279\">\n\t\t\t\t<div class=\"elementor-element elementor-element-cbf67ed e-flex e-con-boxed e-con e-parent\" data-id=\"cbf67ed\" data-element_type=\"container\">\n\t\t\t\t\t<div class=\"e-con-inner\">\n\t\t\t\t<div class=\"elementor-element elementor-element-2d20193 elementor-widget elementor-widget-text-editor\" data-id=\"2d20193\" data-element_type=\"widget\" data-widget_type=\"text-editor.default\">\n\t\t\t\t<div class=\"elementor-widget-container\">\n\t\t\t\t\t\t\t<p><strong>Methode: Polymerase-Kettenreaktion (PCR)<\/strong><\/p><p>Unsere Methode zur Geschlechtsbestimmung basiert auf der Polymerase-Kettenreaktion (PCR). Mit minimalen Mengen an erbguthaltigem Probenmaterial kann das Geschlecht des Vogels schnell und sicher bestimmt werden. Der Test amplifiziert zwei hochkonservierte Zielgene, was die Untersuchung zahlreicher Vogelarten erm\u00f6glicht.<\/p><p>Zus\u00e4tzlich zur PCR bieten wir doppelte Sicherheit: Das PCR-Produkt wird mit zwei verschiedenen Restriktionsenzymen verdaut, wodurch ein Geschlecht best\u00e4tigt und das andere ausgeschlossen wird.<\/p><h4>Was Sie wissen sollten:<\/h4><p><strong>Probenmaterial:<\/strong><\/p><p><em>Blut:<\/em><\/p><ul><li>1-3 Tropfen Vollblut<\/li><li>Aufgefangen in Mikrokapillar- oder EDTA-R\u00f6hrchen oder auf eine Filterpapierkarte getropft<\/li><li>Filterpapierkarten vor dem Versand vollst\u00e4ndig trocknen lassen<\/li><li>Kein Ethanol oder andere Puffer hinzuf\u00fcgen<\/li><\/ul><p><em>Federn:<\/em><\/p><ul><li>2-3 Federkiele von frisch ausgezogenen Federn<\/li><li>Keine ausgefallenen oder Flaumfedern verwenden<\/li><li>Im Wachstum befindliche Federn aus dem Brustbereich sind ideal<\/li><\/ul><p><strong>Vorsichtsma\u00dfnahmen:<\/strong><\/p><ul><li>Proben d\u00fcrfen nicht mit Fremd-Vogel-DNA verunreinigt sein<\/li><li>Blutproben unter sterilen Bedingungen gewinnen<\/li><li>Federn einzeln verpacken (trockene Federn in Briefumschl\u00e4gen oder Papiert\u00fctchen, feuchte Federn in Blut- oder Urinr\u00f6hrchen oder Gefrierbeuteln)<\/li><li>Vollst\u00e4ndig erhaltene Kiele verwenden, Federfahnen k\u00f6nnen abgetrennt werden<\/li><\/ul><p><strong>Kennzeichnung der Probe:<\/strong><\/p><ul><li>Jede Probe eindeutig beschriften (z.B. mit Ringnummer und Vogelart)<\/li><\/ul><p><strong>Dauer des Tests:<\/strong><\/p><ul><li>Ergebnisse liegen nach ca. 2-5 Arbeitstagen vor<\/li><\/ul><p><strong>Untersuchungsantr\u00e4ge:<\/strong><\/p><ul><li>Bitte verwenden Sie zur Probeneinsendung die folgenden Untersuchungsantr\u00e4ge:<\/li><\/ul>\t\t\t\t\t\t<\/div>\n\t\t\t\t<\/div>\n\t\t\t\t\t<\/div>\n\t\t\t\t<\/div>\n\t\t<div class=\"elementor-element elementor-element-67f3c85 e-flex e-con-boxed e-con e-parent\" data-id=\"67f3c85\" data-element_type=\"container\">\n\t\t\t\t\t<div class=\"e-con-inner\">\n\t\t<div class=\"elementor-element elementor-element-8117330 e-con-full e-flex e-con e-child\" data-id=\"8117330\" data-element_type=\"container\">\n\t\t\t\t<div class=\"elementor-element elementor-element-0ca3c88 elementor-align-center elementor-widget elementor-widget-ibutton\" data-id=\"0ca3c88\" data-element_type=\"widget\" data-widget_type=\"ibutton.default\">\n\t\t\t\t<div class=\"elementor-widget-container\">\n\t\t\t\t\t<div class=\"ot-button\">\r\n\t\t\t<a href=\"https:\/\/labogen.com\/wp-content\/uploads\/2024\/12\/UA_Vogel_D_08-15.pdf\" target=\"_blank\" class=\"octf-btn octf-btn-dark\">Untersuchungsantrag Deutschland<\/a>\r\n\t    <\/div>\r\n\t    \t\t<\/div>\n\t\t\t\t<\/div>\n\t\t\t\t<\/div>\n\t\t<div class=\"elementor-element elementor-element-303ee3a e-con-full e-flex e-con e-child\" data-id=\"303ee3a\" data-element_type=\"container\">\n\t\t\t\t<div class=\"elementor-element elementor-element-1719557 elementor-widget elementor-widget-ibutton\" data-id=\"1719557\" data-element_type=\"widget\" data-widget_type=\"ibutton.default\">\n\t\t\t\t<div class=\"elementor-widget-container\">\n\t\t\t\t\t<div class=\"ot-button\">\r\n\t\t\t<a href=\"https:\/\/labogen.com\/wp-content\/uploads\/2024\/12\/UA_Vogel_CH_L.pdf\" target=\"_blank\" class=\"octf-btn octf-btn-dark\">Untersuchungsantrag Schweiz<\/a>\r\n\t    <\/div>\r\n\t    \t\t<\/div>\n\t\t\t\t<\/div>\n\t\t\t\t<\/div>\n\t\t\t\t\t<\/div>\n\t\t\t\t<\/div>\n\t\t\t\t<\/div>\n\t\t","protected":false},"excerpt":{"rendered":"<p>Methode: Polymerase-Kettenreaktion (PCR) Unsere Methode zur Geschlechtsbestimmung basiert auf der Polymerase-Kettenreaktion (PCR). Mit minimalen Mengen an erbguthaltigem Probenmaterial kann das Geschlecht des Vogels schnell und sicher bestimmt werden. Der Test amplifiziert zwei hochkonservierte Zielgene, was die Untersuchung zahlreicher Vogelarten erm\u00f6glicht. Zus\u00e4tzlich zur PCR bieten wir doppelte Sicherheit: Das PCR-Produkt wird mit zwei verschiedenen Restriktionsenzymen verdaut, [&hellip;]<\/p>\n","protected":false},"author":5,"featured_media":0,"parent":0,"menu_order":66,"comment_status":"closed","ping_status":"closed","template":"","meta":{"footnotes":""},"class_list":["post-6279","page","type-page","status-publish","hentry"],"_links":{"self":[{"href":"https:\/\/labogen.com\/uk\/wp-json\/wp\/v2\/pages\/6279","targetHints":{"allow":["GET"]}}],"collection":[{"href":"https:\/\/labogen.com\/uk\/wp-json\/wp\/v2\/pages"}],"about":[{"href":"https:\/\/labogen.com\/uk\/wp-json\/wp\/v2\/types\/page"}],"author":[{"embeddable":true,"href":"https:\/\/labogen.com\/uk\/wp-json\/wp\/v2\/users\/5"}],"replies":[{"embeddable":true,"href":"https:\/\/labogen.com\/uk\/wp-json\/wp\/v2\/comments?post=6279"}],"version-history":[{"count":40,"href":"https:\/\/labogen.com\/uk\/wp-json\/wp\/v2\/pages\/6279\/revisions"}],"predecessor-version":[{"id":277094,"href":"https:\/\/labogen.com\/uk\/wp-json\/wp\/v2\/pages\/6279\/revisions\/277094"}],"wp:attachment":[{"href":"https:\/\/labogen.com\/uk\/wp-json\/wp\/v2\/media?parent=6279"}],"curies":[{"name":"wp","href":"https:\/\/api.w.org\/{rel}","templated":true}]}}