{"id":285055,"date":"2025-10-10T16:23:21","date_gmt":"2025-10-10T14:23:21","guid":{"rendered":"https:\/\/labogen.com\/%d0%bd%d0%b0%d1%88%d1%96-%d1%84%d1%96%d0%bb%d1%96%d0%b0%d0%bb%d0%b8\/"},"modified":"2025-11-18T14:29:54","modified_gmt":"2025-11-18T13:29:54","slug":"%d0%bd%d0%b0%d1%88%d1%96-%d1%84%d1%96%d0%bb%d1%96%d0%b0%d0%bb%d0%b8","status":"publish","type":"page","link":"https:\/\/labogen.com\/uk\/%d0%bd%d0%b0%d1%88%d1%96-%d1%84%d1%96%d0%bb%d1%96%d0%b0%d0%bb%d0%b8\/","title":{"rendered":"\u041d\u0430\u0448\u0456 \u0444\u0456\u043b\u0456\u0430\u043b\u0438"},"content":{"rendered":"\t\t<div data-elementor-type=\"wp-page\" data-elementor-id=\"285055\" class=\"elementor elementor-285055 elementor-284270\">\n\t\t\t\t\t\t<section class=\"elementor-section elementor-top-section elementor-element elementor-element-3492446 elementor-section-content-middle elementor-section-boxed elementor-section-height-default elementor-section-height-default\" data-id=\"3492446\" data-element_type=\"section\">\n\t\t\t\t\t\t<div class=\"elementor-container elementor-column-gap-extended\">\n\t\t\t\t\t<div class=\"elementor-column elementor-col-50 elementor-top-column elementor-element elementor-element-c8de834 ot-flex-column-vertical\" data-id=\"c8de834\" data-element_type=\"column\">\n\t\t\t<div class=\"elementor-widget-wrap elementor-element-populated\">\n\t\t\t\t\t\t<div class=\"elementor-element elementor-element-7fad0b6 elementor-widget elementor-widget-iheading\" data-id=\"7fad0b6\" data-element_type=\"widget\" data-widget_type=\"iheading.default\">\n\t\t\t\t<div class=\"elementor-widget-container\">\n\t\t\t\t\t<div class=\"ot-heading \">\r\n\t        <span>[ \u0420\u043e\u0437\u0442\u0430\u0448\u0443\u0432\u0430\u043d\u043d\u044f \u043b\u0430\u0431\u043e\u0440\u0430\u0442\u043e\u0440\u0456\u0439 ]<\/span>\t        \t    <\/div>\r\n\t    \t\t<\/div>\n\t\t\t\t<\/div>\n\t\t\t\t<div class=\"elementor-element elementor-element-d2696bc elementor-widget elementor-widget-text-editor\" data-id=\"d2696bc\" data-element_type=\"widget\" data-widget_type=\"text-editor.default\">\n\t\t\t\t<div class=\"elementor-widget-container\">\n\t\t\t\t\t\t\t<p><strong>LABOKLIN \u041d\u0456\u043c\u0435\u0447\u0447\u0438\u043d\u0430<\/strong><br>Steubenstra\u00dfe 4<br>97688 Bad Kissingen<br>\u0422\u0435\u043b\u0435\u0444\u043e\u043d: +49 971 72 02 50 05<br>\u0424\u0430\u043a\u0441: +49 971 6 85 46<br>\u0415\u043b\u0435\u043a\u0442\u0440\u043e\u043d\u043d\u0430 \u043f\u043e\u0448\u0442\u0430: <a href=\"mailto:labogen@laboklin.com\">labogen@laboklin.com<\/a><\/p><p><strong>LABOKLIN \u0410\u0432\u0441\u0442\u0440\u0456\u044f<\/strong><br>Paul-Hahn-Strasse 3<br>BT-D \/ 1-\u0439 \u043f\u043e\u0432\u0435\u0440\u0445<br>4020 Linz<br>\u0422\u0435\u043b\u0435\u0444\u043e\u043d: +43 732 717 24 20<br>\u0424\u0430\u043a\u0441: +43 732 717 322<br>\u0415\u043b\u0435\u043a\u0442\u0440\u043e\u043d\u043d\u0430 \u043f\u043e\u0448\u0442\u0430: <a href=\"mailto:labor.linz@laboklin.com\">labor.linz@laboklin.com<\/a><\/p><p><strong>LABOKLIN \u0428\u0432\u0435\u0439\u0446\u0430\u0440\u0456\u044f  <\/strong><br>Max K\u00e4mpf-Platz 1<br>\u041f\u043e\u0448\u0442\u043e\u0432\u0430 \u0441\u043a\u0440\u0438\u043d\u044c\u043a\u0430<br>4002 Basel<br>\u0422\u0435\u043b\u0435\u0444\u043e\u043d: +41 61 319 60 60<br>\u0424\u0430\u043a\u0441: +41 61 319 60 65<br>\u0415\u043b\u0435\u043a\u0442\u0440\u043e\u043d\u043d\u0430 \u043f\u043e\u0448\u0442\u0430: <a href=\"mailto:labor.basel@laboklin.ch\">labor.basel@laboklin.ch<\/a><\/p><p><strong>LABOKLIN Gro\u00dfbritannien<\/strong><br>\u041b\u0430\u0431\u043e\u0440\u0430\u0442\u043e\u0440\u0456\u044f: Batt Laboratories Ltd,<br>The Venture Centre,<br>University of Warwick Science Park<br>Sir William Lyons Road,<br>Coventry CV4 7EZ<br>\u0422\u0435\u043b\u0435\u0444\u043e\u043d: +44 024 7632 3275<br>\u0415\u043b\u0435\u043a\u0442\u0440\u043e\u043d\u043d\u0430 \u043f\u043e\u0448\u0442\u0430: <a href=\"mailto:admin@battlab.com\">admin@battlab.com<\/a><\/p><p>\u041e\u0444\u0456\u0441: Laboklin (UK-Genetik)<br>Dr Mansour Makki, MRSB<br>\u041a\u043e\u043b\u0456\u0441\u043d\u0438\u0439 \u0446\u0435\u0445 \u211620<br>Trafford Park, Manchester<br>M17 1EH<br>\u0422\u0435\u043b\u0435\u0444\u043e\u043d: +44 161 282 3066<br>\u0415\u043b\u0435\u043a\u0442\u0440\u043e\u043d\u043d\u0430 \u043f\u043e\u0448\u0442\u0430: info@laboklin.co.uk<\/p><p><strong>LABOKLIN Niederlande<\/strong><br>Industriestraat 29<br>6433 JW Hoensbroek<br>\u0422\u0435\u043b.: +31 85 48 90 580<br>\u0415\u043b\u0435\u043a\u0442\u0440\u043e\u043d\u043d\u0430 \u043f\u043e\u0448\u0442\u0430: <a href=\"mailto:service.nl@laboklin.com\">service.nl@laboklin.com<\/a><\/p><p><strong>LABOKLIN Polen<\/strong><br>ul. Mehoffera 53A<br>03-131 Warszawa<br>\u0422\u0435\u043b\u0435\u0444\u043e\u043d: +48 22 691 93 10<br>\u0415\u043b\u0435\u043a\u0442\u0440\u043e\u043d\u043d\u0430 \u043f\u043e\u0448\u0442\u0430: <a href=\"mailto:lab.warszawa@laboklin.pl\">lab.warszawa@laboklin.pl<\/a><\/p>\t\t\t\t\t\t<\/div>\n\t\t\t\t<\/div>\n\t\t\t\t\t<\/div>\n\t\t<\/div>\n\t\t\t\t<div class=\"elementor-column elementor-col-50 elementor-top-column elementor-element elementor-element-131457d ot-flex-column-vertical\" data-id=\"131457d\" data-element_type=\"column\" data-settings=\"{&quot;background_background&quot;:&quot;classic&quot;}\">\n\t\t\t<div class=\"elementor-widget-wrap elementor-element-populated\">\n\t\t\t\t\t\t<div class=\"elementor-element elementor-element-4179a49 elementor-widget elementor-widget-text-editor\" data-id=\"4179a49\" data-element_type=\"widget\" data-widget_type=\"text-editor.default\">\n\t\t\t\t<div class=\"elementor-widget-container\">\n\t\t\t\t\t\t\t<p><span style=\"color: #ffffff;\"><strong>LABOKLIN Slowakische Republik<\/strong><\/span><br><span style=\"color: #ffffff;\">L\u00ed\u0161cie \u00fadolie 57<\/span><br><span style=\"color: #ffffff;\">84231 Bratislava<\/span><br><span style=\"color: #ffffff;\">\u0422\u0435\u043b\u0435\u0444\u043e\u043d: +421 232 339 020<\/span><br><span style=\"color: #ffffff;\">\u0415\u043b\u0435\u043a\u0442\u0440\u043e\u043d\u043d\u0430 \u043f\u043e\u0448\u0442\u0430: <a style=\"color: #ffffff;\" href=\"mailto:labor.ba@laboklin.com\">labor.ba@laboklin.com<\/a><\/span><\/p><p><span style=\"color: #ffffff;\"><strong>LABOKLIN \u0406\u0441\u043f\u0430\u043d\u0456\u044f<\/strong><\/span><br><span style=\"color: #ffffff;\">Pol\u00edgono Industrial de Alcobendas<\/span><br><span style=\"color: #ffffff;\">Avenida de la Industria 4, Edificio 3<\/span><br><span style=\"color: #ffffff;\">Planta 1a Oficina A<\/span><br><span style=\"color: #ffffff;\">28108 \u0410\u043b\u044c\u043a\u043e\u0431\u0435\u043d\u0434\u0430\u0441 (\u041c\u0430\u0434\u0440\u0438\u0434)<\/span><br><span style=\"color: #ffffff;\">\u0422\u0435\u043b.: +34 914 671 531<\/span><br><span style=\"color: #ffffff;\">\u0422\u0435\u043b.: +34 644 030 557<\/span><br><span style=\"color: #ffffff;\">e-mail: <a style=\"color: #ffffff;\" href=\"mailto:contacto@laboklin.com\">contacto@laboklin.com<\/a><\/span><\/p>\t\t\t\t\t\t<\/div>\n\t\t\t\t<\/div>\n\t\t\t\t<div class=\"elementor-element elementor-element-6a183e2 elementor-widget elementor-widget-iheading\" data-id=\"6a183e2\" data-element_type=\"widget\" data-widget_type=\"iheading.default\">\n\t\t\t\t<div class=\"elementor-widget-container\">\n\t\t\t\t\t<div class=\"ot-heading \">\r\n\t        <span>[ \u041e\u0444\u0456\u0441\u0438 ]<\/span>\t        \t    <\/div>\r\n\t    \t\t<\/div>\n\t\t\t\t<\/div>\n\t\t\t\t<div class=\"elementor-element elementor-element-c6c295b elementor-widget elementor-widget-text-editor\" data-id=\"c6c295b\" data-element_type=\"widget\" data-widget_type=\"text-editor.default\">\n\t\t\t\t<div class=\"elementor-widget-container\">\n\t\t\t\t\t\t\t<p><span style=\"color: #ffffff;\"><strong>LABOKLIN \u0410\u0440\u0433\u0435\u043d\u0442\u0438\u043d\u0430\/\u041b\u0430\u0442\u0438\u043d\u0441\u044c\u043a\u0430 \u0410\u043c\u0435\u0440\u0438\u043a\u0430  <\/strong><\/span><br><span style=\"color: #ffffff;\">\u0422\u0435\u043b\u0435\u0444\u043e\u043d: +54911 6436 8755<\/span><br><span style=\"color: #ffffff;\">\u0422\u0435\u043b\u0435\u0444\u043e\u043d: +54911 4147 1415<\/span><br><span style=\"color: #ffffff;\">\u0415\u043b\u0435\u043a\u0442\u0440\u043e\u043d\u043d\u0430 \u043f\u043e\u0448\u0442\u0430: <a style=\"color: #ffffff;\" href=\"mailto:latam@laboklin.com\">latam@laboklin.com<\/a><\/span><\/p><p><span style=\"color: #ffffff;\"><strong>LABOKLIN Belgien<\/strong><\/span><br><span style=\"color: #ffffff;\">\u0422\u0435\u043b.: +32 13 48 05 05 (NL)<\/span><br><span style=\"color: #ffffff;\">\u0422\u0435\u043b.: +33 967 32 85 80 (FR)<\/span><br><span style=\"color: #ffffff;\">\u0415\u043b\u0435\u043a\u0442\u0440\u043e\u043d\u043d\u0430 \u043f\u043e\u0448\u0442\u0430: <a style=\"color: #ffffff;\" href=\"mailto:belgique@laboklin.com\">belgique@laboklin.com<\/a><\/span><\/p><p><span style=\"color: #ffffff;\"><strong>LABOKLIN D\u00e4nemark <\/strong><\/span><br><span style=\"color: #ffffff;\">\u0422\u0435\u043b\u0435\u0444\u043e\u043d: +45 66 22 20 20<\/span><br><span style=\"color: #ffffff;\">\u0415\u043b\u0435\u043a\u0442\u0440\u043e\u043d\u043d\u0430 \u043f\u043e\u0448\u0442\u0430: <a style=\"color: #ffffff;\" href=\"mailto:danmark@laboklin.com\">danmark@laboklin.com<\/a><\/span><\/p><p><span style=\"color: #ffffff;\"><strong>LABOKLIN \u0415\u0441\u0442\u043e\u043d\u0456\u044f  <\/strong><\/span><br><span style=\"color: #ffffff;\">\u0422\u0435\u043b.: +372 58 22 96 44<\/span><br><span style=\"color: #ffffff;\">\u0415\u043b\u0435\u043a\u0442\u0440\u043e\u043d\u043d\u0430 \u043f\u043e\u0448\u0442\u0430: <a style=\"color: #ffffff;\" href=\"mailto:info@laboklin.ee\">info@laboklin.ee<\/a><\/span><\/p><p><span style=\"color: #ffffff;\"><strong>LABOKLIN \u0424\u0456\u043d\u043b\u044f\u043d\u0434\u0456\u044f &#8211; \u0413\u0435\u043d\u0435\u0442\u0438\u043a\u0430<\/strong><\/span><br><span style=\"color: #ffffff;\">\u0422\u0435\u043b.: +358 44 0675353<\/span><br><span style=\"color: #ffffff;\">\u0415\u043b\u0435\u043a\u0442\u0440\u043e\u043d\u043d\u0430 \u043f\u043e\u0448\u0442\u0430: <a style=\"color: #ffffff;\" href=\"mailto:info@laboklin.fi\">info@laboklin.fi<\/a><\/span><\/p><p><span style=\"color: #ffffff;\"><strong>LABOKLIN Frankreich <\/strong><\/span><br><span style=\"color: #ffffff;\">\u0422\u0435\u043b.: +33 9 67 32 85 80<\/span><br><span style=\"color: #ffffff;\">\u0415\u043b\u0435\u043a\u0442\u0440\u043e\u043d\u043d\u0430 \u043f\u043e\u0448\u0442\u0430: <a style=\"color: #ffffff;\" href=\"mailto:labo.france@laboklin.com\">labo.france@laboklin.com<\/a><\/span><\/p>\t\t\t\t\t\t<\/div>\n\t\t\t\t<\/div>\n\t\t\t\t\t<\/div>\n\t\t<\/div>\n\t\t\t\t\t<\/div>\n\t\t<\/section>\n\t\t\t\t<section class=\"elementor-section elementor-top-section elementor-element elementor-element-1c7707d elementor-section-full_width elementor-section-height-default elementor-section-height-default\" data-id=\"1c7707d\" data-element_type=\"section\">\n\t\t\t\t\t\t<div class=\"elementor-container elementor-column-gap-default\">\n\t\t\t\t\t<div class=\"elementor-column elementor-col-100 elementor-top-column elementor-element elementor-element-3972b22 ot-flex-column-vertical\" data-id=\"3972b22\" data-element_type=\"column\">\n\t\t\t<div class=\"elementor-widget-wrap elementor-element-populated\">\n\t\t\t\t\t\t<div class=\"elementor-element elementor-element-d0a39be elementor-widget elementor-widget-google_maps\" data-id=\"d0a39be\" data-element_type=\"widget\" data-widget_type=\"google_maps.default\">\n\t\t\t\t<div class=\"elementor-widget-container\">\n\t\t\t\t\t<div class=\"elementor-custom-embed\">\n\t\t\t<iframe loading=\"lazy\"\n\t\t\t\t\tsrc=\"https:\/\/maps.google.com\/maps?q=%20Steubenstra%C3%9Fe%204%2097688%20Bad%20Kissingen%20D-Deutschland&#038;t=m&#038;z=17&#038;output=embed&#038;iwloc=near\"\n\t\t\t\t\ttitle=\" Steubenstra\u00dfe 4 97688 Bad Kissingen D-Deutschland\"\n\t\t\t\t\taria-label=\" Steubenstra\u00dfe 4 97688 Bad Kissingen D-Deutschland\"\n\t\t\t><\/iframe>\n\t\t<\/div>\n\t\t\t\t<\/div>\n\t\t\t\t<\/div>\n\t\t\t\t\t<\/div>\n\t\t<\/div>\n\t\t\t\t\t<\/div>\n\t\t<\/section>\n\t\t\t\t<\/div>\n\t\t","protected":false},"excerpt":{"rendered":"<p>[ \u0420\u043e\u0437\u0442\u0430\u0448\u0443\u0432\u0430\u043d\u043d\u044f \u043b\u0430\u0431\u043e\u0440\u0430\u0442\u043e\u0440\u0456\u0439 ] LABOKLIN \u041d\u0456\u043c\u0435\u0447\u0447\u0438\u043d\u0430Steubenstra\u00dfe 497688 Bad Kissingen\u0422\u0435\u043b\u0435\u0444\u043e\u043d: +49 971 72 02 50 05\u0424\u0430\u043a\u0441: +49 971 6 85 46\u0415\u043b\u0435\u043a\u0442\u0440\u043e\u043d\u043d\u0430 \u043f\u043e\u0448\u0442\u0430: labogen@laboklin.com LABOKLIN \u0410\u0432\u0441\u0442\u0440\u0456\u044fPaul-Hahn-Strasse 3BT-D \/ 1-\u0439 \u043f\u043e\u0432\u0435\u0440\u04454020 Linz\u0422\u0435\u043b\u0435\u0444\u043e\u043d: +43 732 717 24 20\u0424\u0430\u043a\u0441: +43 732 717 322\u0415\u043b\u0435\u043a\u0442\u0440\u043e\u043d\u043d\u0430 \u043f\u043e\u0448\u0442\u0430: labor.linz@laboklin.com LABOKLIN \u0428\u0432\u0435\u0439\u0446\u0430\u0440\u0456\u044f Max K\u00e4mpf-Platz 1\u041f\u043e\u0448\u0442\u043e\u0432\u0430 \u0441\u043a\u0440\u0438\u043d\u044c\u043a\u04304002 Basel\u0422\u0435\u043b\u0435\u0444\u043e\u043d: +41 61 319 60 60\u0424\u0430\u043a\u0441: +41 61 319 [&hellip;]<\/p>\n","protected":false},"author":5,"featured_media":0,"parent":0,"menu_order":3,"comment_status":"closed","ping_status":"closed","template":"","meta":{"footnotes":""},"class_list":["post-285055","page","type-page","status-publish","hentry"],"_links":{"self":[{"href":"https:\/\/labogen.com\/uk\/wp-json\/wp\/v2\/pages\/285055","targetHints":{"allow":["GET"]}}],"collection":[{"href":"https:\/\/labogen.com\/uk\/wp-json\/wp\/v2\/pages"}],"about":[{"href":"https:\/\/labogen.com\/uk\/wp-json\/wp\/v2\/types\/page"}],"author":[{"embeddable":true,"href":"https:\/\/labogen.com\/uk\/wp-json\/wp\/v2\/users\/5"}],"replies":[{"embeddable":true,"href":"https:\/\/labogen.com\/uk\/wp-json\/wp\/v2\/comments?post=285055"}],"version-history":[{"count":3,"href":"https:\/\/labogen.com\/uk\/wp-json\/wp\/v2\/pages\/285055\/revisions"}],"predecessor-version":[{"id":285198,"href":"https:\/\/labogen.com\/uk\/wp-json\/wp\/v2\/pages\/285055\/revisions\/285198"}],"wp:attachment":[{"href":"https:\/\/labogen.com\/uk\/wp-json\/wp\/v2\/media?parent=285055"}],"curies":[{"name":"wp","href":"https:\/\/api.w.org\/{rel}","templated":true}]}}