{"id":279883,"date":"2025-04-24T09:15:56","date_gmt":"2025-04-24T07:15:56","guid":{"rendered":"https:\/\/labogen.com\/?page_id=279883"},"modified":"2025-04-24T09:16:17","modified_gmt":"2025-04-24T07:16:17","slug":"ichthyose-deutscher-schaeferhund","status":"publish","type":"page","link":"https:\/\/labogen.com\/it\/erbkrankheiten-hund\/ichthyose-deutscher-schaeferhund\/","title":{"rendered":"Ichthyose &#8211; Deutscher Sch\u00e4ferhund"},"content":{"rendered":"\t\t<div data-elementor-type=\"wp-page\" data-elementor-id=\"279883\" class=\"elementor elementor-279883\">\n\t\t\t\t<div class=\"elementor-element elementor-element-6903062e e-flex e-con-boxed e-con e-parent\" data-id=\"6903062e\" data-element_type=\"container\">\n\t\t\t\t\t<div class=\"e-con-inner\">\n\t\t<div class=\"elementor-element elementor-element-40fa31e3 e-con-full e-flex e-con e-child\" data-id=\"40fa31e3\" data-element_type=\"container\">\n\t\t\t\t<div class=\"elementor-element elementor-element-5d7829b1 elementor-widget elementor-widget-heading\" data-id=\"5d7829b1\" data-element_type=\"widget\" data-widget_type=\"heading.default\">\n\t\t\t\t<div class=\"elementor-widget-container\">\n\t\t\t<h1 class=\"elementor-heading-title elementor-size-default\">Ichthyose \u2013 Deutscher Sch\u00e4ferhund<\/h1>\t\t<\/div>\n\t\t\t\t<\/div>\n\t\t\t\t<div class=\"elementor-element elementor-element-1d8e8d5b elementor-widget elementor-widget-text-editor\" data-id=\"1d8e8d5b\" data-element_type=\"widget\" data-widget_type=\"text-editor.default\">\n\t\t\t\t<div class=\"elementor-widget-container\">\n\t\t\t\t\t\t\t<h4><strong>Allgemeine Beschreibung<\/strong><\/h4><p><span style=\"color: #800000;\">Die Haut stellt eine sowohl nach innen als auch nach au\u00dfen gerichtete lebenswichtige Barriere dar. Sie unterliegt dabei einem st\u00e4ndigen Prozess der Selbsterneuerung. In der untersten Schicht der Epidermis befinden sich Stammzellen, aus denen sich die hornbildenden Keratinozyten-Zellen entwickeln. Diese wandern in die \u00e4u\u00dferste Schicht der Oberhaut, dem Stratum corneum, und verhornen allm\u00e4hlich zu Keratin. Als Ichthyose werden erblich bedingte Hauterkrankungen bezeichnet, bei denen aufgrund von St\u00f6rungen dieses Selbsterneuerungsprozesses zu trockener Haut, Schuppungen, \u00fcberm\u00e4\u00dfigen Verhornungen (Hyperkeratose) und R\u00f6tungen der Hautoberfl\u00e4che (Erythrodermie) kommen kann.<\/span><\/p><p><span style=\"color: #800000;\">Bei einem Deutschen Sch\u00e4ferhund mit Ichthyose konnte eine de novo Variante im ASPRV1-Gen als m\u00f6gliche Ursache gefunden werden. Der Hund zeigte bereits kurz nach der Geburt typische Symptome einer Ichthyose, wie schwere Schuppenbildung, leichtem Juckreiz, generell verminderter Behaarung (Hypotrichose), stellenweise Haarausfall (Alopezie) mit grauen Schuppen und leichter R\u00f6tung (Erythem), sowie Mitesser (Komedonen) im Bauchbereich. Die Symptome konnten durch die Behandlung mit speziellen feuchtigkeitsspendenden Sprays und Shampoos gelindert werden. Die Variante folgt einem autosomal-dominanten Erbgang.<\/span><\/p><h4><strong><span style=\"color: #e51e1e;\">Rassen<\/span><\/strong><\/h4><p>Deutscher Sch\u00e4ferhund<\/p>\t\t\t\t\t\t<\/div>\n\t\t\t\t<\/div>\n\t\t\t\t<\/div>\n\t\t<div class=\"elementor-element elementor-element-1ae50188 e-con-full e-flex e-con e-child\" data-id=\"1ae50188\" data-element_type=\"container\">\n\t\t\t\t<div class=\"elementor-element elementor-element-6ca5da92 elementor-widget elementor-widget-toggle\" data-id=\"6ca5da92\" data-element_type=\"widget\" data-settings=\"{&quot;_animation&quot;:&quot;none&quot;,&quot;_animation_delay&quot;:1500}\" data-widget_type=\"toggle.default\">\n\t\t\t\t<div class=\"elementor-widget-container\">\n\t\t\t\t\t<div class=\"elementor-toggle\">\n\t\t\t\t\t\t\t<div class=\"elementor-toggle-item\">\n\t\t\t\t\t<h6 id=\"elementor-tab-title-1821\" class=\"elementor-tab-title\" data-tab=\"1\" role=\"button\" aria-controls=\"elementor-tab-content-1821\" aria-expanded=\"false\">\n\t\t\t\t\t\t\t\t\t\t\t\t<span class=\"elementor-toggle-icon elementor-toggle-icon-left\" aria-hidden=\"true\">\n\t\t\t\t\t\t\t\t\t\t\t\t\t\t\t<span class=\"elementor-toggle-icon-closed\"><svg class=\"e-font-icon-svg e-fas-caret-right\" viewBox=\"0 0 192 512\" xmlns=\"http:\/\/www.w3.org\/2000\/svg\"><path d=\"M0 384.662V127.338c0-17.818 21.543-26.741 34.142-14.142l128.662 128.662c7.81 7.81 7.81 20.474 0 28.284L34.142 398.804C21.543 411.404 0 402.48 0 384.662z\"><\/path><\/svg><\/span>\n\t\t\t\t\t\t\t\t<span class=\"elementor-toggle-icon-opened\"><svg class=\"elementor-toggle-icon-opened e-font-icon-svg e-fas-caret-down\" viewBox=\"0 0 320 512\" xmlns=\"http:\/\/www.w3.org\/2000\/svg\"><path d=\"M31.3 192h257.3c17.8 0 26.7 21.5 14.1 34.1L174.1 354.8c-7.8 7.8-20.5 7.8-28.3 0L17.2 226.1C4.6 213.5 13.5 192 31.3 192z\"><\/path><\/svg><\/span>\n\t\t\t\t\t\t\t\t\t\t\t\t\t<\/span>\n\t\t\t\t\t\t\t\t\t\t\t\t<a class=\"elementor-toggle-title\" tabindex=\"0\">Details zur Bestellung<\/a>\n\t\t\t\t\t<\/h6>\n\n\t\t\t\t\t<div id=\"elementor-tab-content-1821\" class=\"elementor-tab-content elementor-clearfix\" data-tab=\"1\" role=\"region\" aria-labelledby=\"elementor-tab-title-1821\"><table border=\"0\">\n<tbody>\n<tr>\n<td width=\"45%\"><span style=\"color: #e51e1e;\"><strong>Testnummer<\/strong><\/span><\/td>\n<td>Nur in <a href=\"https:\/\/labogen.com\/labogenetics-xxl-hund\/\">LABOGeneticsXXL &#8211; Hund<\/a> enthahlten<\/td>\n<\/tr>\n<\/tbody>\n<\/table><\/div>\n\t\t\t\t<\/div>\n\t\t\t\t\t\t\t<div class=\"elementor-toggle-item\">\n\t\t\t\t\t<h6 id=\"elementor-tab-title-1822\" class=\"elementor-tab-title\" data-tab=\"2\" role=\"button\" aria-controls=\"elementor-tab-content-1822\" aria-expanded=\"false\">\n\t\t\t\t\t\t\t\t\t\t\t\t<span class=\"elementor-toggle-icon elementor-toggle-icon-left\" aria-hidden=\"true\">\n\t\t\t\t\t\t\t\t\t\t\t\t\t\t\t<span class=\"elementor-toggle-icon-closed\"><svg class=\"e-font-icon-svg e-fas-caret-right\" viewBox=\"0 0 192 512\" xmlns=\"http:\/\/www.w3.org\/2000\/svg\"><path d=\"M0 384.662V127.338c0-17.818 21.543-26.741 34.142-14.142l128.662 128.662c7.81 7.81 7.81 20.474 0 28.284L34.142 398.804C21.543 411.404 0 402.48 0 384.662z\"><\/path><\/svg><\/span>\n\t\t\t\t\t\t\t\t<span class=\"elementor-toggle-icon-opened\"><svg class=\"elementor-toggle-icon-opened e-font-icon-svg e-fas-caret-down\" viewBox=\"0 0 320 512\" xmlns=\"http:\/\/www.w3.org\/2000\/svg\"><path d=\"M31.3 192h257.3c17.8 0 26.7 21.5 14.1 34.1L174.1 354.8c-7.8 7.8-20.5 7.8-28.3 0L17.2 226.1C4.6 213.5 13.5 192 31.3 192z\"><\/path><\/svg><\/span>\n\t\t\t\t\t\t\t\t\t\t\t\t\t<\/span>\n\t\t\t\t\t\t\t\t\t\t\t\t<a class=\"elementor-toggle-title\" tabindex=\"0\">Spezifikationen Test<\/a>\n\t\t\t\t\t<\/h6>\n\n\t\t\t\t\t<div id=\"elementor-tab-content-1822\" class=\"elementor-tab-content elementor-clearfix\" data-tab=\"2\" role=\"region\" aria-labelledby=\"elementor-tab-title-1822\"><table border=\"0\"><tbody><tr><td width=\"45%\"><span style=\"color: #e51e1e;\"><strong>Erbgang<\/strong><\/span><\/td><td>autosomal-dominant<\/td><\/tr><tr><td><strong>Gen<\/strong><\/td><td>ASPRV1<\/td><\/tr><tr><td><span style=\"color: #e51e1e;\"><strong>Variante<\/strong><\/span><\/td><td>A-G<\/td><\/tr><tr><td><strong>Literatur<\/strong><\/td><td><a href=\"https:\/\/omia.org\/OMIA002099\/9615\/\">OMIA:002099-9615<\/a><\/td><\/tr><\/tbody><\/table><\/div>\n\t\t\t\t<\/div>\n\t\t\t\t\t\t\t\t<\/div>\n\t\t\t\t<\/div>\n\t\t\t\t<\/div>\n\t\t\t\t<div class=\"elementor-element elementor-element-0f968e0 elementor-align-right elementor-widget elementor-widget-ibutton\" data-id=\"0f968e0\" data-element_type=\"widget\" data-settings=\"{&quot;_animation&quot;:&quot;none&quot;,&quot;_animation_delay&quot;:3000}\" data-widget_type=\"ibutton.default\">\n\t\t\t\t<div class=\"elementor-widget-container\">\n\t\t\t\t\t<div class=\"ot-button\">\r\n\t\t\t<a href=\"https:\/\/labogen.com\/labogenetics-xxl-hund\/\" class=\"octf-btn octf-btn-dark\"><strong>Zu LABOGenetics XXL Hund<\/strong><\/a>\r\n\t    <\/div>\r\n\t    \t\t<\/div>\n\t\t\t\t<\/div>\n\t\t\t\t<\/div>\n\t\t\t\t\t<\/div>\n\t\t\t\t<\/div>\n\t\t<div class=\"elementor-element elementor-element-f9ddd7e e-flex e-con-boxed e-con e-parent\" data-id=\"f9ddd7e\" data-element_type=\"container\">\n\t\t\t\t\t<div class=\"e-con-inner\">\n\t\t\t\t<div class=\"elementor-element elementor-element-ca865d5 elementor-widget elementor-widget-spacer\" data-id=\"ca865d5\" data-element_type=\"widget\" data-widget_type=\"spacer.default\">\n\t\t\t\t<div class=\"elementor-widget-container\">\n\t\t\t\t\t<div class=\"elementor-spacer\">\n\t\t\t<div class=\"elementor-spacer-inner\"><\/div>\n\t\t<\/div>\n\t\t\t\t<\/div>\n\t\t\t\t<\/div>\n\t\t\t\t\t<\/div>\n\t\t\t\t<\/div>\n\t\t<div class=\"elementor-element elementor-element-1278d38d e-flex e-con-boxed e-con e-parent\" data-id=\"1278d38d\" data-element_type=\"container\">\n\t\t\t\t\t<div class=\"e-con-inner\">\n\t\t\t\t<div class=\"elementor-element elementor-element-26903a1 elementor-widget elementor-widget-spacer\" data-id=\"26903a1\" data-element_type=\"widget\" data-widget_type=\"spacer.default\">\n\t\t\t\t<div class=\"elementor-widget-container\">\n\t\t\t\t\t<div class=\"elementor-spacer\">\n\t\t\t<div class=\"elementor-spacer-inner\"><\/div>\n\t\t<\/div>\n\t\t\t\t<\/div>\n\t\t\t\t<\/div>\n\t\t\t\t\t<\/div>\n\t\t\t\t<\/div>\n\t\t\t\t<\/div>\n\t\t","protected":false},"excerpt":{"rendered":"<p>Ichthyose \u2013 Deutscher Sch\u00e4ferhund Allgemeine Beschreibung Die Haut stellt eine sowohl nach innen als auch nach au\u00dfen gerichtete lebenswichtige Barriere dar. Sie unterliegt dabei einem st\u00e4ndigen Prozess der Selbsterneuerung. In der untersten Schicht der Epidermis befinden sich Stammzellen, aus denen sich die hornbildenden Keratinozyten-Zellen entwickeln. Diese wandern in die \u00e4u\u00dferste Schicht der Oberhaut, dem Stratum [&hellip;]<\/p>\n","protected":false},"author":15,"featured_media":270995,"parent":6261,"menu_order":0,"comment_status":"closed","ping_status":"closed","template":"","meta":{"footnotes":""},"class_list":["post-279883","page","type-page","status-publish","has-post-thumbnail","hentry"],"_links":{"self":[{"href":"https:\/\/labogen.com\/it\/wp-json\/wp\/v2\/pages\/279883","targetHints":{"allow":["GET"]}}],"collection":[{"href":"https:\/\/labogen.com\/it\/wp-json\/wp\/v2\/pages"}],"about":[{"href":"https:\/\/labogen.com\/it\/wp-json\/wp\/v2\/types\/page"}],"author":[{"embeddable":true,"href":"https:\/\/labogen.com\/it\/wp-json\/wp\/v2\/users\/15"}],"replies":[{"embeddable":true,"href":"https:\/\/labogen.com\/it\/wp-json\/wp\/v2\/comments?post=279883"}],"version-history":[{"count":7,"href":"https:\/\/labogen.com\/it\/wp-json\/wp\/v2\/pages\/279883\/revisions"}],"predecessor-version":[{"id":280209,"href":"https:\/\/labogen.com\/it\/wp-json\/wp\/v2\/pages\/279883\/revisions\/280209"}],"up":[{"embeddable":true,"href":"https:\/\/labogen.com\/it\/wp-json\/wp\/v2\/pages\/6261"}],"wp:featuredmedia":[{"embeddable":true,"href":"https:\/\/labogen.com\/it\/wp-json\/wp\/v2\/media\/270995"}],"wp:attachment":[{"href":"https:\/\/labogen.com\/it\/wp-json\/wp\/v2\/media?parent=279883"}],"curies":[{"name":"wp","href":"https:\/\/api.w.org\/{rel}","templated":true}]}}