{"id":271843,"date":"2024-09-17T17:52:30","date_gmt":"2024-09-17T15:52:30","guid":{"rendered":"https:\/\/staging.laboklin.com\/labogen\/labogen_wp\/index.php\/materiale-richiesto-cavallo\/"},"modified":"2024-09-23T18:53:45","modified_gmt":"2024-09-23T16:53:45","slug":"materiale-richiesto-cavallo","status":"publish","type":"page","link":"https:\/\/labogen.com\/it\/materiale-richiesto-cavallo\/","title":{"rendered":"Materiale richiesto cavallo"},"content":{"rendered":"\t\t<div data-elementor-type=\"wp-page\" data-elementor-id=\"271843\" class=\"elementor elementor-271843 elementor-271737\">\n\t\t\t\t<div class=\"elementor-element elementor-element-adc6216 e-flex e-con-boxed e-con e-parent\" data-id=\"adc6216\" data-element_type=\"container\">\n\t\t\t\t\t<div class=\"e-con-inner\">\n\t\t\t\t<div class=\"elementor-element elementor-element-e041c92 elementor-widget elementor-widget-text-editor\" data-id=\"e041c92\" data-element_type=\"widget\" data-widget_type=\"text-editor.default\">\n\t\t\t\t<div class=\"elementor-widget-container\">\n\t\t\t\t\t\t\t<h5><strong>0,5 \u2013 1 ml sangue in EDTA<\/strong><\/h5>\n<p>Il sangue EDTA \u00e8 ideale per tutti i test genetici, poich\u00e9 contiene fino a 100 volte pi\u00f9 DNA da analizzare rispetto al crine. Fai prelevare il campione di sangue da un veterinario.<\/p>\n<h5><span style=\"color: #e51e1e;\"><strong>20 \u2013 30 crini della criniera o della coda con radice<\/strong><\/span><\/h5>\n<p>Assicurati che i crini della criniera o della coda vengano strappati e non tagliati, in modo che le radici dei crini rimangano intatte. Nel caso dei puledri si devono utilizzare solo i crini della coda, per evitare una possibile contaminazione da parte del DNA della madre.<\/p>\n<h5><strong>La nostra raccomandazione<\/strong><\/h5>\n<p>Fai prelevare il campione da un veterinario. Il veterinario controlla e conferma l\u2019identit\u00e0 dell\u2019animale utilizzando il numero di microchip. L\u2019identificazione accurata e la registrazione corretta di tutti i dati contribuiscono in modo significativo alla garanzia di qualit\u00e0 e sono un prerequisito per l\u2019emissione dei certificati.<\/p>\t\t\t\t\t\t<\/div>\n\t\t\t\t<\/div>\n\t\t\t\t\t<\/div>\n\t\t\t\t<\/div>\n\t\t\t\t<\/div>\n\t\t","protected":false},"excerpt":{"rendered":"<p>0,5 \u2013 1 ml sangue in EDTA Il sangue EDTA \u00e8 ideale per tutti i test genetici, poich\u00e9 contiene fino a 100 volte pi\u00f9 DNA da analizzare rispetto al crine. Fai prelevare il campione di sangue da un veterinario. 20 \u2013 30 crini della criniera o della coda con radice Assicurati che i crini della [&hellip;]<\/p>\n","protected":false},"author":5,"featured_media":0,"parent":0,"menu_order":0,"comment_status":"closed","ping_status":"closed","template":"","meta":{"footnotes":""},"class_list":["post-271843","page","type-page","status-publish","hentry"],"_links":{"self":[{"href":"https:\/\/labogen.com\/it\/wp-json\/wp\/v2\/pages\/271843","targetHints":{"allow":["GET"]}}],"collection":[{"href":"https:\/\/labogen.com\/it\/wp-json\/wp\/v2\/pages"}],"about":[{"href":"https:\/\/labogen.com\/it\/wp-json\/wp\/v2\/types\/page"}],"author":[{"embeddable":true,"href":"https:\/\/labogen.com\/it\/wp-json\/wp\/v2\/users\/5"}],"replies":[{"embeddable":true,"href":"https:\/\/labogen.com\/it\/wp-json\/wp\/v2\/comments?post=271843"}],"version-history":[{"count":8,"href":"https:\/\/labogen.com\/it\/wp-json\/wp\/v2\/pages\/271843\/revisions"}],"predecessor-version":[{"id":272029,"href":"https:\/\/labogen.com\/it\/wp-json\/wp\/v2\/pages\/271843\/revisions\/272029"}],"wp:attachment":[{"href":"https:\/\/labogen.com\/it\/wp-json\/wp\/v2\/media?parent=271843"}],"curies":[{"name":"wp","href":"https:\/\/api.w.org\/{rel}","templated":true}]}}