{"id":271826,"date":"2024-09-17T17:50:38","date_gmt":"2024-09-17T15:50:38","guid":{"rendered":"https:\/\/staging.laboklin.com\/labogen\/labogen_wp\/index.php\/materiale-richiesto-gatto\/"},"modified":"2025-11-12T19:08:28","modified_gmt":"2025-11-12T18:08:28","slug":"materiale-richiesto-gatto","status":"publish","type":"page","link":"https:\/\/labogen.com\/it\/materiale-richiesto-gatto\/","title":{"rendered":"Materiale richiesto gatto"},"content":{"rendered":"\t\t<div data-elementor-type=\"wp-page\" data-elementor-id=\"271826\" class=\"elementor elementor-271826 elementor-271732\">\n\t\t\t\t<div class=\"elementor-element elementor-element-76b9090 e-flex e-con-boxed e-con e-parent\" data-id=\"76b9090\" data-element_type=\"container\">\n\t\t\t\t\t<div class=\"e-con-inner\">\n\t\t\t\t<div class=\"elementor-element elementor-element-3c7d71c elementor-widget elementor-widget-text-editor\" data-id=\"3c7d71c\" data-element_type=\"widget\" data-widget_type=\"text-editor.default\">\n\t\t\t\t<div class=\"elementor-widget-container\">\n\t\t\t\t\t\t\t<h5><strong>0,5 \u2013 1 ml sangue in EDTA<\/strong><\/h5><p>Il sangue EDTA \u00e8 ideale per tutti i test genetici, in quanto fornisce una quantit\u00e0 di DNA per l\u2019analisi fino a 100 volte superiore rispetto al tampone buccale. Fai prelevare il campione da un veterinario.<\/p><h5><span style=\"color: #e51e1e;\"><strong>Un tampone speciale (eNAT)<\/strong><\/span><\/h5><p>Il tampone di lisi contenuto nella provetta divide le cellule ed estrae direttamente il DNA. Questi tamponi ottimizzati sono consigliati per i test che richiedono un\u2019elevata qualit\u00e0 del DNA o quando il prelievo di sangue non \u00e8 possibile o desiderato.<\/p><h5><strong>Due tamponi buccali asciutti<\/strong><\/h5><p>Se il tampone buccale viene eseguito con troppa esitazione, potrebbe aderire al tampone troppo poco materiale cellulare, rendendo pi\u00f9 difficile l\u2019esecuzione di un test genetico. Tuttavia, se \u00e8 possibile isolare una quantit\u00e0 sufficiente di DNA, il risultato del test \u00e8 altrettanto affidabile di un campione di sangue.<br>A seconda del test, in circa il 2-5% dei tamponi buccali non \u00e8 possibile ottenere un risultato valido.<\/p><p><span style=\"color: #e51e1e;\"><strong>Nota<\/strong><\/span>: I tamponi buccalinon sono adatti per i seguenti test:<\/p><ul><li>8940 Profilo DNA SNP Premium (ISAG 2020)<\/li><li>9330 LABOGenetics XXL gatto<\/li><\/ul><h5><strong>La nostra raccomandazione<\/strong><\/h5><p>Fai prelevare il campione da un veterinario. Il veterinario controlla e conferma l\u2019identit\u00e0 dell\u2019animale utilizzando il numero di microchip. L\u2019identificazione accurata e la registrazione corretta di tutti i dati contribuiscono in modo significativo alla garanzia di qualit\u00e0 e sono un prerequisito per l\u2019emissione dei certificati.<\/p>\t\t\t\t\t\t<\/div>\n\t\t\t\t<\/div>\n\t\t\t\t\t<\/div>\n\t\t\t\t<\/div>\n\t\t\t\t<\/div>\n\t\t","protected":false},"excerpt":{"rendered":"<p>0,5 \u2013 1 ml sangue in EDTA Il sangue EDTA \u00e8 ideale per tutti i test genetici, in quanto fornisce una quantit\u00e0 di DNA per l\u2019analisi fino a 100 volte superiore rispetto al tampone buccale. Fai prelevare il campione da un veterinario. Un tampone speciale (eNAT) Il tampone di lisi contenuto nella provetta divide le [&hellip;]<\/p>\n","protected":false},"author":5,"featured_media":0,"parent":0,"menu_order":0,"comment_status":"closed","ping_status":"closed","template":"","meta":{"footnotes":""},"class_list":["post-271826","page","type-page","status-publish","hentry"],"_links":{"self":[{"href":"https:\/\/labogen.com\/it\/wp-json\/wp\/v2\/pages\/271826","targetHints":{"allow":["GET"]}}],"collection":[{"href":"https:\/\/labogen.com\/it\/wp-json\/wp\/v2\/pages"}],"about":[{"href":"https:\/\/labogen.com\/it\/wp-json\/wp\/v2\/types\/page"}],"author":[{"embeddable":true,"href":"https:\/\/labogen.com\/it\/wp-json\/wp\/v2\/users\/5"}],"replies":[{"embeddable":true,"href":"https:\/\/labogen.com\/it\/wp-json\/wp\/v2\/comments?post=271826"}],"version-history":[{"count":6,"href":"https:\/\/labogen.com\/it\/wp-json\/wp\/v2\/pages\/271826\/revisions"}],"predecessor-version":[{"id":285123,"href":"https:\/\/labogen.com\/it\/wp-json\/wp\/v2\/pages\/271826\/revisions\/285123"}],"wp:attachment":[{"href":"https:\/\/labogen.com\/it\/wp-json\/wp\/v2\/media?parent=271826"}],"curies":[{"name":"wp","href":"https:\/\/api.w.org\/{rel}","templated":true}]}}