{"id":271765,"date":"2024-09-10T12:36:26","date_gmt":"2024-09-10T10:36:26","guid":{"rendered":"https:\/\/staging.laboklin.com\/labogen\/labogen_wp\/index.php\/materiale-richiesto\/"},"modified":"2024-09-18T15:18:40","modified_gmt":"2024-09-18T13:18:40","slug":"materiale-richiesto","status":"publish","type":"page","link":"https:\/\/labogen.com\/it\/materiale-richiesto\/","title":{"rendered":"Materiale richiesto"},"content":{"rendered":"\t\t<div data-elementor-type=\"wp-page\" data-elementor-id=\"271765\" class=\"elementor elementor-271765 elementor-271141\">\n\t\t\t\t<div class=\"elementor-element elementor-element-1f0ca74 e-flex e-con-boxed e-con e-parent\" data-id=\"1f0ca74\" data-element_type=\"container\">\n\t\t\t\t\t<div class=\"e-con-inner\">\n\t\t\t\t<div class=\"elementor-element elementor-element-aa1c25c elementor-widget elementor-widget-spacer\" data-id=\"aa1c25c\" data-element_type=\"widget\" data-widget_type=\"spacer.default\">\n\t\t\t\t<div class=\"elementor-widget-container\">\n\t\t\t\t\t<div class=\"elementor-spacer\">\n\t\t\t<div class=\"elementor-spacer-inner\"><\/div>\n\t\t<\/div>\n\t\t\t\t<\/div>\n\t\t\t\t<\/div>\n\t\t\t\t\t<\/div>\n\t\t\t\t<\/div>\n\t\t<div class=\"elementor-element elementor-element-98fbf02 e-flex e-con-boxed e-con e-parent\" data-id=\"98fbf02\" data-element_type=\"container\">\n\t\t\t\t\t<div class=\"e-con-inner\">\n\t\t\t\t<div class=\"elementor-element elementor-element-c588ae1 elementor-widget elementor-widget-eael-adv-tabs\" data-id=\"c588ae1\" data-element_type=\"widget\" data-widget_type=\"eael-adv-tabs.default\">\n\t\t\t\t<div class=\"elementor-widget-container\">\n\t\t\t        <div data-scroll-on-click=\"no\" data-scroll-speed=\"300\" id=\"eael-advance-tabs-c588ae1\" class=\"eael-advance-tabs eael-tabs-horizontal eael-tab-auto-active \" data-tabid=\"c588ae1\">\n            <div class=\"eael-tabs-nav \">\n                <ul class=\"eael-tab-inline-icon\" role=\"tablist\">\n                                            <li id=\"cane\" class=\"inactive eael-tab-item-trigger eael-tab-nav-item\" aria-selected=\"true\" data-tab=\"1\" role=\"tab\" tabindex=\"0\" aria-controls=\"cane-tab\" aria-expanded=\"false\">\n                            \n                                                                <svg class=\"e-font-icon-svg e-fas-dog\" viewBox=\"0 0 576 512\" xmlns=\"http:\/\/www.w3.org\/2000\/svg\"><path d=\"M298.06,224,448,277.55V496a16,16,0,0,1-16,16H368a16,16,0,0,1-16-16V384H192V496a16,16,0,0,1-16,16H112a16,16,0,0,1-16-16V282.09C58.84,268.84,32,233.66,32,192a32,32,0,0,1,64,0,32.06,32.06,0,0,0,32,32ZM544,112v32a64,64,0,0,1-64,64H448v35.58L320,197.87V48c0-14.25,17.22-21.39,27.31-11.31L374.59,64h53.63c10.91,0,23.75,7.92,28.62,17.69L464,96h64A16,16,0,0,1,544,112Zm-112,0a16,16,0,1,0-16,16A16,16,0,0,0,432,112Z\"><\/path><\/svg>                                                            \n                                                            <span class=\"eael-tab-title title-after-icon\" >CANE<\/span>                            \n                                                    <\/li>\n                                            <li id=\"gatto\" class=\"inactive eael-tab-item-trigger eael-tab-nav-item\" aria-selected=\"false\" data-tab=\"2\" role=\"tab\" tabindex=\"-1\" aria-controls=\"gatto-tab\" aria-expanded=\"false\">\n                            \n                                                                <svg class=\"e-font-icon-svg e-fas-cat\" viewBox=\"0 0 512 512\" xmlns=\"http:\/\/www.w3.org\/2000\/svg\"><path d=\"M290.59 192c-20.18 0-106.82 1.98-162.59 85.95V192c0-52.94-43.06-96-96-96-17.67 0-32 14.33-32 32s14.33 32 32 32c17.64 0 32 14.36 32 32v256c0 35.3 28.7 64 64 64h176c8.84 0 16-7.16 16-16v-16c0-17.67-14.33-32-32-32h-32l128-96v144c0 8.84 7.16 16 16 16h32c8.84 0 16-7.16 16-16V289.86c-10.29 2.67-20.89 4.54-32 4.54-61.81 0-113.52-44.05-125.41-102.4zM448 96h-64l-64-64v134.4c0 53.02 42.98 96 96 96s96-42.98 96-96V32l-64 64zm-72 80c-8.84 0-16-7.16-16-16s7.16-16 16-16 16 7.16 16 16-7.16 16-16 16zm80 0c-8.84 0-16-7.16-16-16s7.16-16 16-16 16 7.16 16 16-7.16 16-16 16z\"><\/path><\/svg>                                                            \n                                                            <span class=\"eael-tab-title title-after-icon\" >GATTO<\/span>                            \n                                                    <\/li>\n                                            <li id=\"cavallo\" class=\"inactive eael-tab-item-trigger eael-tab-nav-item\" aria-selected=\"false\" data-tab=\"3\" role=\"tab\" tabindex=\"-1\" aria-controls=\"cavallo-tab\" aria-expanded=\"false\">\n                            \n                                                                <svg class=\"e-font-icon-svg e-fas-horse\" viewBox=\"0 0 576 512\" xmlns=\"http:\/\/www.w3.org\/2000\/svg\"><path d=\"M575.92 76.6c-.01-8.13-3.02-15.87-8.58-21.8-3.78-4.03-8.58-9.12-13.69-14.5 11.06-6.84 19.5-17.49 22.18-30.66C576.85 4.68 572.96 0 567.9 0H447.92c-70.69 0-128 57.31-128 128H160c-28.84 0-54.4 12.98-72 33.11V160c-48.53 0-88 39.47-88 88v56c0 8.84 7.16 16 16 16h16c8.84 0 16-7.16 16-16v-56c0-13.22 6.87-24.39 16.78-31.68-.21 2.58-.78 5.05-.78 7.68 0 27.64 11.84 52.36 30.54 69.88l-25.72 68.6a63.945 63.945 0 0 0-2.16 37.99l24.85 99.41A15.982 15.982 0 0 0 107.02 512h65.96c10.41 0 18.05-9.78 15.52-19.88l-26.31-105.26 23.84-63.59L320 345.6V496c0 8.84 7.16 16 16 16h64c8.84 0 16-7.16 16-16V318.22c19.74-20.19 32-47.75 32-78.22 0-.22-.07-.42-.08-.64V136.89l16 7.11 18.9 37.7c7.45 14.87 25.05 21.55 40.49 15.37l32.55-13.02a31.997 31.997 0 0 0 20.12-29.74l-.06-77.71zm-64 19.4c-8.84 0-16-7.16-16-16s7.16-16 16-16 16 7.16 16 16-7.16 16-16 16z\"><\/path><\/svg>                                                            \n                                                            <span class=\"eael-tab-title title-after-icon\" >CAVALLO<\/span>                            \n                                                    <\/li>\n                    \n                                  <\/ul>\n            <\/div>\n            \n            <div class=\"eael-tabs-content\">\n\t\t        \n                    <div id=\"cane-tab\" class=\"clearfix eael-tab-content-item inactive\" data-title-link=\"cane-tab\">\n\t\t\t\t        <div data-post-id=\"271725\" class=\"insert-page insert-page-271725 \">\t\t<div data-elementor-type=\"wp-page\" data-elementor-id=\"271824\" class=\"elementor elementor-271824 elementor-271725 elementor-271725\">\n\t\t\t\t<div class=\"elementor-element elementor-element-2cf45e0 e-flex e-con-boxed e-con e-parent\" data-id=\"2cf45e0\" data-element_type=\"container\">\n\t\t\t\t\t<div class=\"e-con-inner\">\n\t\t\t\t<div class=\"elementor-element elementor-element-82601d4 elementor-widget elementor-widget-text-editor\" data-id=\"82601d4\" data-element_type=\"widget\" data-widget_type=\"text-editor.default\">\n\t\t\t\t<div class=\"elementor-widget-container\">\n\t\t\t\t\t\t\t<h5><strong>0,5 &#8211; 1 ml sangue in EDTA<\/strong><\/h5><p>Il sangue EDTA \u00e8 ideale per tutti i test genetici, in quanto fornisce una quantit\u00e0 di DNA per l&#8217;analisi fino a 100 volte superiore rispetto al tampone buccale. Fai prelevare il campione da un veterinario.<\/p><h5><span style=\"color: #e51e1e;\"><strong>Un tampone speciale (eNAT)<\/strong><\/span><\/h5><p>Il tampone di lisi contenuto nella provetta divide le cellule ed estrae direttamente il DNA. Questi tamponi ottimizzati sono consigliati per i test che richiedono un&#8217;elevata qualit\u00e0 del DNA o quando il prelievo di sangue non \u00e8 possibile o desiderato.<\/p><h5><strong>Due tamponi buccali asciutti<\/strong><\/h5><p>Se il tampone buccale viene eseguito con troppa esitazione, potrebbe aderire al tampone troppo poco materiale cellulare, rendendo pi\u00f9 difficile l&#8217;esecuzione di un test genetico. Tuttavia, se \u00e8 possibile isolare una quantit\u00e0 sufficiente di DNA, il risultato del test \u00e8 altrettanto affidabile di un campione di sangue.<br>A seconda del test, in circa il 2-5% dei tamponi buccali non \u00e8 possibile ottenere un risultato valido.<\/p><p><span style=\"color: #e51e1e;\"><strong>Nota<\/strong><\/span>: I tamponi buccali non sono adatti per i seguenti test:<\/p><ul><li>8005 Lafora-Epilessia<\/li><li>8540 Profilo DNA Premium SNP (ISAG 2020)<\/li><li>8823 Carcinoma a cellule squamose del dito \u2013 Analisi del rischio<br><\/li><li>9340 LABOGenetica XXL Cane<\/li><\/ul><h5><strong>La nostra raccomandazione<\/strong><\/h5><p>Fai prelevare il campione da un veterinario. Il veterinario controlla e conferma l&#8217;identit\u00e0 dell&#8217;animale utilizzando il numero di microchip. L&#8217;identificazione accurata e la registrazione corretta di tutti i dati contribuiscono in modo significativo alla garanzia di qualit\u00e0 e sono un prerequisito per l&#8217;emissione dei certificati.<\/p>\t\t\t\t\t\t<\/div>\n\t\t\t\t<\/div>\n\t\t\t\t\t<\/div>\n\t\t\t\t<\/div>\n\t\t\t\t<\/div>\n\t\t<\/div>\n                    <\/div>\n\t\t        \n                    <div id=\"gatto-tab\" class=\"clearfix eael-tab-content-item inactive\" data-title-link=\"gatto-tab\">\n\t\t\t\t        <div data-post-id=\"271732\" class=\"insert-page insert-page-271732 \">\t\t<div data-elementor-type=\"wp-page\" data-elementor-id=\"271826\" class=\"elementor elementor-271826 elementor-271732 elementor-271732\">\n\t\t\t\t<div class=\"elementor-element elementor-element-76b9090 e-flex e-con-boxed e-con e-parent\" data-id=\"76b9090\" data-element_type=\"container\">\n\t\t\t\t\t<div class=\"e-con-inner\">\n\t\t\t\t<div class=\"elementor-element elementor-element-3c7d71c elementor-widget elementor-widget-text-editor\" data-id=\"3c7d71c\" data-element_type=\"widget\" data-widget_type=\"text-editor.default\">\n\t\t\t\t<div class=\"elementor-widget-container\">\n\t\t\t\t\t\t\t<h5><strong>0,5 &#8211; 1 ml sangue in EDTA<\/strong><\/h5><p>Il sangue EDTA \u00e8 ideale per tutti i test genetici, in quanto fornisce una quantit\u00e0 di DNA per l&#8217;analisi fino a 100 volte superiore rispetto al tampone buccale. Fai prelevare il campione da un veterinario.<\/p><h5><span style=\"color: #e51e1e;\"><strong>Un tampone speciale (eNAT)<\/strong><\/span><\/h5><p>Il tampone di lisi contenuto nella provetta divide le cellule ed estrae direttamente il DNA. Questi tamponi ottimizzati sono consigliati per i test che richiedono un&#8217;elevata qualit\u00e0 del DNA o quando il prelievo di sangue non \u00e8 possibile o desiderato.<\/p><h5><strong>Due tamponi buccali asciutti<\/strong><\/h5><p>Se il tampone buccale viene eseguito con troppa esitazione, potrebbe aderire al tampone troppo poco materiale cellulare, rendendo pi\u00f9 difficile l&#8217;esecuzione di un test genetico. Tuttavia, se \u00e8 possibile isolare una quantit\u00e0 sufficiente di DNA, il risultato del test \u00e8 altrettanto affidabile di un campione di sangue.<br>A seconda del test, in circa il 2-5% dei tamponi buccali non \u00e8 possibile ottenere un risultato valido.<\/p><p><span style=\"color: #e51e1e;\"><strong>Nota<\/strong><\/span>: I tamponi buccalinon sono adatti per i seguenti test:<\/p><ul><li>8940 Profilo DNA SNP Premium (ISAG 2020)<\/li><li>9330 LABOGenetics XXL gatto<\/li><\/ul><h5><strong>La nostra raccomandazione<\/strong><\/h5><p>Fai prelevare il campione da un veterinario. Il veterinario controlla e conferma l&#8217;identit\u00e0 dell&#8217;animale utilizzando il numero di microchip. L&#8217;identificazione accurata e la registrazione corretta di tutti i dati contribuiscono in modo significativo alla garanzia di qualit\u00e0 e sono un prerequisito per l&#8217;emissione dei certificati.<\/p>\t\t\t\t\t\t<\/div>\n\t\t\t\t<\/div>\n\t\t\t\t\t<\/div>\n\t\t\t\t<\/div>\n\t\t\t\t<\/div>\n\t\t<\/div>\n                    <\/div>\n\t\t        \n                    <div id=\"cavallo-tab\" class=\"clearfix eael-tab-content-item inactive\" data-title-link=\"cavallo-tab\">\n\t\t\t\t        <div data-post-id=\"271737\" class=\"insert-page insert-page-271737 \">\t\t<div data-elementor-type=\"wp-page\" data-elementor-id=\"271843\" class=\"elementor elementor-271843 elementor-271737 elementor-271737\">\n\t\t\t\t<div class=\"elementor-element elementor-element-adc6216 e-flex e-con-boxed e-con e-parent\" data-id=\"adc6216\" data-element_type=\"container\">\n\t\t\t\t\t<div class=\"e-con-inner\">\n\t\t\t\t<div class=\"elementor-element elementor-element-e041c92 elementor-widget elementor-widget-text-editor\" data-id=\"e041c92\" data-element_type=\"widget\" data-widget_type=\"text-editor.default\">\n\t\t\t\t<div class=\"elementor-widget-container\">\n\t\t\t\t\t\t\t<h5><strong>0,5 &#8211; 1 ml sangue in EDTA<\/strong><\/h5>\n<p>Il sangue EDTA \u00e8 ideale per tutti i test genetici, poich\u00e9 contiene fino a 100 volte pi\u00f9 DNA da analizzare rispetto al crine. Fai prelevare il campione di sangue da un veterinario.<\/p>\n<h5><span style=\"color: #e51e1e;\"><strong>20 &#8211; 30 crini della criniera o della coda con radice<\/strong><\/span><\/h5>\n<p>Assicurati che i crini della criniera o della coda vengano strappati e non tagliati, in modo che le radici dei crini rimangano intatte. Nel caso dei puledri si devono utilizzare solo i crini della coda, per evitare una possibile contaminazione da parte del DNA della madre.<\/p>\n<h5><strong>La nostra raccomandazione<\/strong><\/h5>\n<p>Fai prelevare il campione da un veterinario. Il veterinario controlla e conferma l&#8217;identit\u00e0 dell&#8217;animale utilizzando il numero di microchip. L&#8217;identificazione accurata e la registrazione corretta di tutti i dati contribuiscono in modo significativo alla garanzia di qualit\u00e0 e sono un prerequisito per l&#8217;emissione dei certificati.<\/p>\t\t\t\t\t\t<\/div>\n\t\t\t\t<\/div>\n\t\t\t\t\t<\/div>\n\t\t\t\t<\/div>\n\t\t\t\t<\/div>\n\t\t<\/div>\n                    <\/div>\n\t\t                    <\/div>\n        <\/div>\n\t\t<\/div>\n\t\t\t\t<\/div>\n\t\t\t\t\t<\/div>\n\t\t\t\t<\/div>\n\t\t\t\t<\/div>\n\t\t","protected":false},"excerpt":{"rendered":"<p>CANE GATTO CAVALLO 0,5 &#8211; 1 ml EDTA-Blut EDTA-Blut eignet sich hervorragend f\u00fcr alle Gentests, da es im Vergleich zu einem Backenabstrich bis zu 100-mal mehr DNA f\u00fcr die Analyse liefert. Lassen Sie die Probe von einem Tierarzt entnehmen. Ein Spezialabstrich (eNAT) Der im R\u00f6hrchen enthaltene Lysepuffer spaltet die Zellen und extrahiert direkt die DNA. [&hellip;]<\/p>\n","protected":false},"author":5,"featured_media":0,"parent":0,"menu_order":0,"comment_status":"closed","ping_status":"closed","template":"","meta":{"footnotes":""},"class_list":["post-271765","page","type-page","status-publish","hentry"],"_links":{"self":[{"href":"https:\/\/labogen.com\/it\/wp-json\/wp\/v2\/pages\/271765","targetHints":{"allow":["GET"]}}],"collection":[{"href":"https:\/\/labogen.com\/it\/wp-json\/wp\/v2\/pages"}],"about":[{"href":"https:\/\/labogen.com\/it\/wp-json\/wp\/v2\/types\/page"}],"author":[{"embeddable":true,"href":"https:\/\/labogen.com\/it\/wp-json\/wp\/v2\/users\/5"}],"replies":[{"embeddable":true,"href":"https:\/\/labogen.com\/it\/wp-json\/wp\/v2\/comments?post=271765"}],"version-history":[{"count":3,"href":"https:\/\/labogen.com\/it\/wp-json\/wp\/v2\/pages\/271765\/revisions"}],"predecessor-version":[{"id":271872,"href":"https:\/\/labogen.com\/it\/wp-json\/wp\/v2\/pages\/271765\/revisions\/271872"}],"wp:attachment":[{"href":"https:\/\/labogen.com\/it\/wp-json\/wp\/v2\/media?parent=271765"}],"curies":[{"name":"wp","href":"https:\/\/api.w.org\/{rel}","templated":true}]}}