{"id":270900,"date":"2024-08-23T12:45:56","date_gmt":"2024-08-23T10:45:56","guid":{"rendered":"https:\/\/staging.laboklin.com\/labogen\/labogen_wp\/index.php\/infothek\/"},"modified":"2024-09-10T12:58:29","modified_gmt":"2024-09-10T10:58:29","slug":"infoteca","status":"publish","type":"page","link":"https:\/\/labogen.com\/it\/infoteca\/","title":{"rendered":"INFOTECA"},"content":{"rendered":"\t\t<div data-elementor-type=\"wp-page\" data-elementor-id=\"270900\" class=\"elementor elementor-270900 elementor-269030\">\n\t\t\t\t<div class=\"elementor-element elementor-element-51dbba9 e-flex e-con-boxed e-con e-parent\" data-id=\"51dbba9\" data-element_type=\"container\" data-settings=\"{&quot;background_background&quot;:&quot;classic&quot;}\">\n\t\t\t\t\t<div class=\"e-con-inner\">\n\t\t\t\t<div class=\"elementor-element elementor-element-e8c906d elementor-grid-eael-col-3 elementor-grid-tablet-eael-col-2 elementor-grid-mobile-eael-col-1 elementor-widget elementor-widget-eael-post-grid\" data-id=\"e8c906d\" data-element_type=\"widget\" data-settings=\"{&quot;eael_post_grid_columns&quot;:&quot;eael-col-3&quot;,&quot;eael_post_grid_columns_tablet&quot;:&quot;eael-col-2&quot;,&quot;eael_post_grid_columns_mobile&quot;:&quot;eael-col-1&quot;}\" data-widget_type=\"eael-post-grid.default\">\n\t\t\t\t<div class=\"elementor-widget-container\">\n\t\t\t<div id=\"eael-post-grid-e8c906d\" class=\"eael-post-grid-container\">\n            <div class=\"eael-post-grid eael-post-appender eael-post-appender-e8c906d eael-post-grid-style-two\" data-layout-mode=\"masonry\"><article class=\"eael-grid-post  eael-post-grid-column eael-pg-post-286499 category-gatto tags-gatto-test-genetico\" data-id=\"286499\">\n    <div class=\"eael-grid-post-holder\">\n        <div class=\"eael-grid-post-holder-inner\"><div class=\"eael-entry-media\"><ul class=\"post-carousel-categories\"><li><a href=\"https:\/\/labogen.com\/it\/category\/gatto\/\">Gatto<\/a><\/li><\/ul><div class=\"eael-entry-overlay fade-in\"><i class=\"fas fa-sign-in-alt\" aria-hidden=\"true\"><\/i><a href=\"https:\/\/labogen.com\/it\/2026\/01\/29\/efficacia-del-clopidogrel-nel-gatto\/\"><\/a><\/div><div class=\"eael-entry-thumbnail \">\n                            <img fetchpriority=\"high\" decoding=\"async\" width=\"300\" height=\"278\" src=\"https:\/\/labogen.com\/wp-content\/uploads\/2026\/02\/Maine-Coon_ChatGPT_web-300x278.png\" class=\"attachment-medium size-medium wp-image-286498\" alt=\"\" srcset=\"https:\/\/labogen.com\/wp-content\/uploads\/2026\/02\/Maine-Coon_ChatGPT_web-300x278.png 300w, https:\/\/labogen.com\/wp-content\/uploads\/2026\/02\/Maine-Coon_ChatGPT_web-768x713.png 768w, https:\/\/labogen.com\/wp-content\/uploads\/2026\/02\/Maine-Coon_ChatGPT_web.png 1024w\" sizes=\"(max-width: 300px) 100vw, 300px\" \/>\n                            <\/div>\n                    <\/div><div class=\"eael-entry-wrapper\"><header class=\"eael-entry-header\"><h2 class=\"eael-entry-title\"><a class=\"eael-grid-post-link\" href=\"https:\/\/labogen.com\/it\/2026\/01\/29\/efficacia-del-clopidogrel-nel-gatto\/\" title=\"Efficacia del clopidogrel nel gatto\">Efficacia del clopidogrel nel gatto<\/a><\/h2><\/header><div class=\"eael-entry-content\">\n                                <div class=\"eael-grid-post-excerpt\"><p>Efficacia del clopidogrel nel gatto Il tromboembolismo arterioso (ATE) \u00e8 una complicanza grave e spesso...<\/p><a href=\"https:\/\/labogen.com\/it\/2026\/01\/29\/efficacia-del-clopidogrel-nel-gatto\/\" class=\"eael-post-elements-readmore-btn\">Leggi di pi\u00f9...<\/a><\/div>\n                            <\/div><\/div><\/div>\n    <\/div>\n<\/article><article class=\"eael-grid-post  eael-post-grid-column eael-pg-post-285008 category-cane-cavallo-gatto\" data-id=\"285008\">\n    <div class=\"eael-grid-post-holder\">\n        <div class=\"eael-grid-post-holder-inner\"><div class=\"eael-entry-media\"><ul class=\"post-carousel-categories\"><li><a href=\"https:\/\/labogen.com\/it\/category\/cane\/\">cane<\/a><\/li><\/ul><div class=\"eael-entry-overlay fade-in\"><i class=\"fas fa-sign-in-alt\" aria-hidden=\"true\"><\/i><a href=\"https:\/\/labogen.com\/it\/2025\/11\/03\/risultati-di-laboratorio-affidabili-per-decisioni-responsabili\/\"><\/a><\/div><div class=\"eael-entry-thumbnail \">\n                            <img decoding=\"async\" width=\"300\" height=\"200\" src=\"https:\/\/labogen.com\/wp-content\/uploads\/2025\/11\/Foto_digitale-Signatur-min-300x200.png\" class=\"attachment-medium size-medium wp-image-284913\" alt=\"\" srcset=\"https:\/\/labogen.com\/wp-content\/uploads\/2025\/11\/Foto_digitale-Signatur-min-300x200.png 300w, https:\/\/labogen.com\/wp-content\/uploads\/2025\/11\/Foto_digitale-Signatur-min-768x512.png 768w, https:\/\/labogen.com\/wp-content\/uploads\/2025\/11\/Foto_digitale-Signatur-min.png 800w\" sizes=\"(max-width: 300px) 100vw, 300px\" \/>\n                            <\/div>\n                    <\/div><div class=\"eael-entry-wrapper\"><header class=\"eael-entry-header\"><h2 class=\"eael-entry-title\"><a class=\"eael-grid-post-link\" href=\"https:\/\/labogen.com\/it\/2025\/11\/03\/risultati-di-laboratorio-affidabili-per-decisioni-responsabili\/\" title=\"Risultati di laboratorio affidabili per decisioni responsabili\">Risultati di laboratorio affidabili per decisioni responsabili<\/a><\/h2><\/header><div class=\"eael-entry-content\">\n                                <div class=\"eael-grid-post-excerpt\"><p>Risultati di laboratorio affidabili per decisioni responsabili I referti di laboratorio di Laboklin vengono inviati...<\/p><a href=\"https:\/\/labogen.com\/it\/2025\/11\/03\/risultati-di-laboratorio-affidabili-per-decisioni-responsabili\/\" class=\"eael-post-elements-readmore-btn\">Leggi di pi\u00f9...<\/a><\/div>\n                            <\/div><\/div><\/div>\n    <\/div>\n<\/article><article class=\"eael-grid-post  eael-post-grid-column eael-pg-post-285105 category-cane\" data-id=\"285105\">\n    <div class=\"eael-grid-post-holder\">\n        <div class=\"eael-grid-post-holder-inner\"><div class=\"eael-entry-media\"><ul class=\"post-carousel-categories\"><li><a href=\"https:\/\/labogen.com\/it\/category\/cane\/\">cane<\/a><\/li><\/ul><div class=\"eael-entry-overlay fade-in\"><i class=\"fas fa-sign-in-alt\" aria-hidden=\"true\"><\/i><a href=\"https:\/\/labogen.com\/it\/2025\/11\/03\/la-sindrome-miastenica-congenita-cms-ora-anche-negli-heideterrier\/\"><\/a><\/div><div class=\"eael-entry-thumbnail \">\n                            <img decoding=\"async\" width=\"300\" height=\"223\" src=\"https:\/\/labogen.com\/wp-content\/uploads\/2025\/11\/Heideterrier-Myska-300x223.jpg\" class=\"attachment-medium size-medium wp-image-284900\" alt=\"\" srcset=\"https:\/\/labogen.com\/wp-content\/uploads\/2025\/11\/Heideterrier-Myska-300x223.jpg 300w, https:\/\/labogen.com\/wp-content\/uploads\/2025\/11\/Heideterrier-Myska.jpg 700w\" sizes=\"(max-width: 300px) 100vw, 300px\" \/>\n                            <\/div>\n                    <\/div><div class=\"eael-entry-wrapper\"><header class=\"eael-entry-header\"><h2 class=\"eael-entry-title\"><a class=\"eael-grid-post-link\" href=\"https:\/\/labogen.com\/it\/2025\/11\/03\/la-sindrome-miastenica-congenita-cms-ora-anche-negli-heideterrier\/\" title=\"La Sindrome miastenica congenita (CMS) ora anche negli Heideterrier\">La Sindrome miastenica congenita (CMS) ora anche negli Heideterrier<\/a><\/h2><\/header><div class=\"eael-entry-content\">\n                                <div class=\"eael-grid-post-excerpt\"><p>La Sindrome miastenica congenita (CMS) ora anche negli Heideterrier La Sindrome miastenica congenita (CMS) \u00e8...<\/p><a href=\"https:\/\/labogen.com\/it\/2025\/11\/03\/la-sindrome-miastenica-congenita-cms-ora-anche-negli-heideterrier\/\" class=\"eael-post-elements-readmore-btn\">Leggi di pi\u00f9...<\/a><\/div>\n                            <\/div><\/div><\/div>\n    <\/div>\n<\/article><article class=\"eael-grid-post  eael-post-grid-column eael-pg-post-285097 category-cane tags-cane-test-genetico\" data-id=\"285097\">\n    <div class=\"eael-grid-post-holder\">\n        <div class=\"eael-grid-post-holder-inner\"><div class=\"eael-entry-media\"><ul class=\"post-carousel-categories\"><li><a href=\"https:\/\/labogen.com\/it\/category\/cane\/\">cane<\/a><\/li><\/ul><div class=\"eael-entry-overlay fade-in\"><i class=\"fas fa-sign-in-alt\" aria-hidden=\"true\"><\/i><a href=\"https:\/\/labogen.com\/it\/2025\/10\/16\/quale-test-genetico-e-adatto-al-mio-cane\/\"><\/a><\/div><div class=\"eael-entry-thumbnail \">\n                            <img loading=\"lazy\" decoding=\"async\" width=\"300\" height=\"94\" src=\"https:\/\/labogen.com\/wp-content\/uploads\/2025\/10\/Welcher_Gentest-min-300x94.jpg\" class=\"attachment-medium size-medium wp-image-284394\" alt=\"\" srcset=\"https:\/\/labogen.com\/wp-content\/uploads\/2025\/10\/Welcher_Gentest-min-300x94.jpg 300w, https:\/\/labogen.com\/wp-content\/uploads\/2025\/10\/Welcher_Gentest-min-1024x320.jpg 1024w, https:\/\/labogen.com\/wp-content\/uploads\/2025\/10\/Welcher_Gentest-min-768x240.jpg 768w, https:\/\/labogen.com\/wp-content\/uploads\/2025\/10\/Welcher_Gentest-min-1536x480.jpg 1536w, https:\/\/labogen.com\/wp-content\/uploads\/2025\/10\/Welcher_Gentest-min-1320x413.jpg 1320w, https:\/\/labogen.com\/wp-content\/uploads\/2025\/10\/Welcher_Gentest-min.jpg 1920w\" sizes=\"(max-width: 300px) 100vw, 300px\" \/>\n                            <\/div>\n                    <\/div><div class=\"eael-entry-wrapper\"><header class=\"eael-entry-header\"><h2 class=\"eael-entry-title\"><a class=\"eael-grid-post-link\" href=\"https:\/\/labogen.com\/it\/2025\/10\/16\/quale-test-genetico-e-adatto-al-mio-cane\/\" title=\"Quale test genetico \u00e8 adatto al mio cane?\">Quale test genetico \u00e8 adatto al mio cane?<\/a><\/h2><\/header><div class=\"eael-entry-content\">\n                                <div class=\"eael-grid-post-excerpt\"><p>Quale test genetico \u00e8 adatto al mio cane? Test individuale, pacchetto razza o screening XXL...<\/p><a href=\"https:\/\/labogen.com\/it\/2025\/10\/16\/quale-test-genetico-e-adatto-al-mio-cane\/\" class=\"eael-post-elements-readmore-btn\">Leggi di pi\u00f9...<\/a><\/div>\n                            <\/div><\/div><\/div>\n    <\/div>\n<\/article><article class=\"eael-grid-post  eael-post-grid-column eael-pg-post-285101 category-cane tags-cane-test-genetico\" data-id=\"285101\">\n    <div class=\"eael-grid-post-holder\">\n        <div class=\"eael-grid-post-holder-inner\"><div class=\"eael-entry-media\"><ul class=\"post-carousel-categories\"><li><a href=\"https:\/\/labogen.com\/it\/category\/cane\/\">cane<\/a><\/li><\/ul><div class=\"eael-entry-overlay fade-in\"><i class=\"fas fa-sign-in-alt\" aria-hidden=\"true\"><\/i><a href=\"https:\/\/labogen.com\/it\/2025\/10\/14\/la-paralisi-laringea-con-polineuropatia-di-tipo-3-lppn3-e-ora-disponibile-anche-per-gli-alani\/\"><\/a><\/div><div class=\"eael-entry-thumbnail \">\n                            <img loading=\"lazy\" decoding=\"async\" width=\"300\" height=\"200\" src=\"https:\/\/labogen.com\/wp-content\/uploads\/2024\/07\/Neue-Rassepakete-min.jpeg\" class=\"attachment-medium size-medium wp-image-9809\" alt=\"\" \/>\n                            <\/div>\n                    <\/div><div class=\"eael-entry-wrapper\"><header class=\"eael-entry-header\"><h2 class=\"eael-entry-title\"><a class=\"eael-grid-post-link\" href=\"https:\/\/labogen.com\/it\/2025\/10\/14\/la-paralisi-laringea-con-polineuropatia-di-tipo-3-lppn3-e-ora-disponibile-anche-per-gli-alani\/\" title=\"La paralisi laringea con polineuropatia di tipo 3 (LPPN3) \u00e8 ora disponibile anche per gli Alani.\">La paralisi laringea con polineuropatia di tipo 3 (LPPN3) \u00e8 ora disponibile anche per gli Alani.<\/a><\/h2><\/header><div class=\"eael-entry-content\">\n                                <div class=\"eael-grid-post-excerpt\"><p>La paralisi laringea con polineuropatia di tipo 3 (LPPN3) \u00e8 ora disponibile anche per gli...<\/p><a href=\"https:\/\/labogen.com\/it\/2025\/10\/14\/la-paralisi-laringea-con-polineuropatia-di-tipo-3-lppn3-e-ora-disponibile-anche-per-gli-alani\/\" class=\"eael-post-elements-readmore-btn\">Leggi di pi\u00f9...<\/a><\/div>\n                            <\/div><\/div><\/div>\n    <\/div>\n<\/article><article class=\"eael-grid-post  eael-post-grid-column eael-pg-post-285103 category-cane tags-cane-test-genetico\" data-id=\"285103\">\n    <div class=\"eael-grid-post-holder\">\n        <div class=\"eael-grid-post-holder-inner\"><div class=\"eael-entry-media\"><ul class=\"post-carousel-categories\"><li><a href=\"https:\/\/labogen.com\/it\/category\/cane\/\">cane<\/a><\/li><\/ul><div class=\"eael-entry-overlay fade-in\"><i class=\"fas fa-sign-in-alt\" aria-hidden=\"true\"><\/i><a href=\"https:\/\/labogen.com\/it\/2025\/10\/13\/la-malattia-di-von-willebrand-di-tipo-3-vwd3-ora-anche-nellhavanese\/\"><\/a><\/div><div class=\"eael-entry-thumbnail \">\n                            <img loading=\"lazy\" decoding=\"async\" width=\"300\" height=\"200\" src=\"https:\/\/labogen.com\/wp-content\/uploads\/2025\/10\/Havaneser-300x200.jpeg\" class=\"attachment-medium size-medium wp-image-284153\" alt=\"\" srcset=\"https:\/\/labogen.com\/wp-content\/uploads\/2025\/10\/Havaneser-300x200.jpeg 300w, https:\/\/labogen.com\/wp-content\/uploads\/2025\/10\/Havaneser-768x512.jpeg 768w, https:\/\/labogen.com\/wp-content\/uploads\/2025\/10\/Havaneser.jpeg 960w\" sizes=\"(max-width: 300px) 100vw, 300px\" \/>\n                            <\/div>\n                    <\/div><div class=\"eael-entry-wrapper\"><header class=\"eael-entry-header\"><h2 class=\"eael-entry-title\"><a class=\"eael-grid-post-link\" href=\"https:\/\/labogen.com\/it\/2025\/10\/13\/la-malattia-di-von-willebrand-di-tipo-3-vwd3-ora-anche-nellhavanese\/\" title=\"La malattia di Von Willebrand di tipo 3 (vWD3) ora anche nell&#8217;Havanese\">La malattia di Von Willebrand di tipo 3 (vWD3) ora anche nell&#8217;Havanese<\/a><\/h2><\/header><div class=\"eael-entry-content\">\n                                <div class=\"eael-grid-post-excerpt\"><p>La malattia di Von Willebrand di tipo 3 (vWD3) ora anche nell&#8217;Havanese Puoi trovare maggiori...<\/p><a href=\"https:\/\/labogen.com\/it\/2025\/10\/13\/la-malattia-di-von-willebrand-di-tipo-3-vwd3-ora-anche-nellhavanese\/\" class=\"eael-post-elements-readmore-btn\">Leggi di pi\u00f9...<\/a><\/div>\n                            <\/div><\/div><\/div>\n    <\/div>\n<\/article><article class=\"eael-grid-post  eael-post-grid-column eael-pg-post-285110 category-cane tags-cane-test-genetico\" data-id=\"285110\">\n    <div class=\"eael-grid-post-holder\">\n        <div class=\"eael-grid-post-holder-inner\"><div class=\"eael-entry-media\"><ul class=\"post-carousel-categories\"><li><a href=\"https:\/\/labogen.com\/it\/category\/cane\/\">cane<\/a><\/li><\/ul><div class=\"eael-entry-overlay fade-in\"><i class=\"fas fa-sign-in-alt\" aria-hidden=\"true\"><\/i><a href=\"https:\/\/labogen.com\/it\/2025\/10\/10\/tendenza-al-sanguinamento-postoperatorio-depoh-con-iperfibrinolisi-nellenglish-springer-spaniel-e-nel-welsh-springer-spaniel\/\"><\/a><\/div><div class=\"eael-entry-thumbnail \">\n                            <img loading=\"lazy\" decoding=\"async\" width=\"300\" height=\"200\" src=\"https:\/\/labogen.com\/wp-content\/uploads\/2025\/10\/ESS-300x200.jpg\" class=\"attachment-medium size-medium wp-image-284145\" alt=\"\" srcset=\"https:\/\/labogen.com\/wp-content\/uploads\/2025\/10\/ESS-300x200.jpg 300w, https:\/\/labogen.com\/wp-content\/uploads\/2025\/10\/ESS-768x512.jpg 768w, https:\/\/labogen.com\/wp-content\/uploads\/2025\/10\/ESS.jpg 960w\" sizes=\"(max-width: 300px) 100vw, 300px\" \/>\n                            <\/div>\n                    <\/div><div class=\"eael-entry-wrapper\"><header class=\"eael-entry-header\"><h2 class=\"eael-entry-title\"><a class=\"eael-grid-post-link\" href=\"https:\/\/labogen.com\/it\/2025\/10\/10\/tendenza-al-sanguinamento-postoperatorio-depoh-con-iperfibrinolisi-nellenglish-springer-spaniel-e-nel-welsh-springer-spaniel\/\" title=\"Tendenza al sanguinamento postoperatorio (DEPOH) con iperfibrinolisi nell&#8217;English Springer Spaniel e nel Welsh Springer Spaniel\">Tendenza al sanguinamento postoperatorio (DEPOH) con iperfibrinolisi nell&#8217;English Springer Spaniel e nel Welsh Springer Spaniel<\/a><\/h2><\/header><div class=\"eael-entry-content\">\n                                <div class=\"eael-grid-post-excerpt\"><p>Tendenza al sanguinamento postoperatorio (DEPOH) con iperfibrinolisi nell&#8217;English Springer Spaniel e nel Welsh Springer Spaniel...<\/p><a href=\"https:\/\/labogen.com\/it\/2025\/10\/10\/tendenza-al-sanguinamento-postoperatorio-depoh-con-iperfibrinolisi-nellenglish-springer-spaniel-e-nel-welsh-springer-spaniel\/\" class=\"eael-post-elements-readmore-btn\">Leggi di pi\u00f9...<\/a><\/div>\n                            <\/div><\/div><\/div>\n    <\/div>\n<\/article><article class=\"eael-grid-post  eael-post-grid-column eael-pg-post-285112 category-cane tags-cane-test-genetico\" data-id=\"285112\">\n    <div class=\"eael-grid-post-holder\">\n        <div class=\"eael-grid-post-holder-inner\"><div class=\"eael-entry-media\"><ul class=\"post-carousel-categories\"><li><a href=\"https:\/\/labogen.com\/it\/category\/cane\/\">cane<\/a><\/li><\/ul><div class=\"eael-entry-overlay fade-in\"><i class=\"fas fa-sign-in-alt\" aria-hidden=\"true\"><\/i><a href=\"https:\/\/labogen.com\/it\/2025\/10\/09\/la-discinesia-ciliare-primaria-pcd-ora-anche-negli-eurasier-e-nei-nova-scotia-duck-tolling-retriever\/\"><\/a><\/div><div class=\"eael-entry-thumbnail \">\n                            <img loading=\"lazy\" decoding=\"async\" width=\"300\" height=\"200\" src=\"https:\/\/labogen.com\/wp-content\/uploads\/2025\/08\/Eurasier_AdobeStock-300x200.jpg\" class=\"attachment-medium size-medium wp-image-283026\" alt=\"\" srcset=\"https:\/\/labogen.com\/wp-content\/uploads\/2025\/08\/Eurasier_AdobeStock-300x200.jpg 300w, https:\/\/labogen.com\/wp-content\/uploads\/2025\/08\/Eurasier_AdobeStock-768x512.jpg 768w, https:\/\/labogen.com\/wp-content\/uploads\/2025\/08\/Eurasier_AdobeStock.jpg 960w\" sizes=\"(max-width: 300px) 100vw, 300px\" \/>\n                            <\/div>\n                    <\/div><div class=\"eael-entry-wrapper\"><header class=\"eael-entry-header\"><h2 class=\"eael-entry-title\"><a class=\"eael-grid-post-link\" href=\"https:\/\/labogen.com\/it\/2025\/10\/09\/la-discinesia-ciliare-primaria-pcd-ora-anche-negli-eurasier-e-nei-nova-scotia-duck-tolling-retriever\/\" title=\"La Discinesia ciliare primaria (PCD) ora anche negli Eurasier e nei Nova Scotia Duck Tolling Retriever\">La Discinesia ciliare primaria (PCD) ora anche negli Eurasier e nei Nova Scotia Duck Tolling Retriever<\/a><\/h2><\/header><div class=\"eael-entry-content\">\n                                <div class=\"eael-grid-post-excerpt\"><p>La Discinesia ciliare primaria (PCD) ora anche negli Eurasier e nei Nova Scotia Duck Tolling...<\/p><a href=\"https:\/\/labogen.com\/it\/2025\/10\/09\/la-discinesia-ciliare-primaria-pcd-ora-anche-negli-eurasier-e-nei-nova-scotia-duck-tolling-retriever\/\" class=\"eael-post-elements-readmore-btn\">Leggi di pi\u00f9...<\/a><\/div>\n                            <\/div><\/div><\/div>\n    <\/div>\n<\/article><article class=\"eael-grid-post  eael-post-grid-column eael-pg-post-285114 category-gatto tags-gatto-test-genetico\" data-id=\"285114\">\n    <div class=\"eael-grid-post-holder\">\n        <div class=\"eael-grid-post-holder-inner\"><div class=\"eael-entry-media\"><ul class=\"post-carousel-categories\"><li><a href=\"https:\/\/labogen.com\/it\/category\/gatto\/\">Gatto<\/a><\/li><\/ul><div class=\"eael-entry-overlay fade-in\"><i class=\"fas fa-sign-in-alt\" aria-hidden=\"true\"><\/i><a href=\"https:\/\/labogen.com\/it\/2025\/10\/08\/aggiornamento-lunghezza-del-pelo-pelo-corto-pelo-lungo-del-gatto-ora-con-variante-aggiuntiva-m5\/\"><\/a><\/div><div class=\"eael-entry-thumbnail \">\n                            <img loading=\"lazy\" decoding=\"async\" width=\"225\" height=\"300\" src=\"https:\/\/labogen.com\/wp-content\/uploads\/2025\/09\/MaineCoon2-225x300.jpg\" class=\"attachment-medium size-medium wp-image-283930\" alt=\"\" srcset=\"https:\/\/labogen.com\/wp-content\/uploads\/2025\/09\/MaineCoon2-225x300.jpg 225w, https:\/\/labogen.com\/wp-content\/uploads\/2025\/09\/MaineCoon2.jpg 719w\" sizes=\"(max-width: 225px) 100vw, 225px\" \/>\n                            <\/div>\n                    <\/div><div class=\"eael-entry-wrapper\"><header class=\"eael-entry-header\"><h2 class=\"eael-entry-title\"><a class=\"eael-grid-post-link\" href=\"https:\/\/labogen.com\/it\/2025\/10\/08\/aggiornamento-lunghezza-del-pelo-pelo-corto-pelo-lungo-del-gatto-ora-con-variante-aggiuntiva-m5\/\" title=\"Aggiornamento: lunghezza del pelo (pelo corto\/pelo lungo) del gatto ora con variante aggiuntiva M5\">Aggiornamento: lunghezza del pelo (pelo corto\/pelo lungo) del gatto ora con variante aggiuntiva M5<\/a><\/h2><\/header><div class=\"eael-entry-content\">\n                                <div class=\"eael-grid-post-excerpt\"><p>Aggiornamento: lunghezza del pelo (pelo corto\/pelo lungo) del gatto ora con variante aggiuntiva M5 Nei...<\/p><a href=\"https:\/\/labogen.com\/it\/2025\/10\/08\/aggiornamento-lunghezza-del-pelo-pelo-corto-pelo-lungo-del-gatto-ora-con-variante-aggiuntiva-m5\/\" class=\"eael-post-elements-readmore-btn\">Leggi di pi\u00f9...<\/a><\/div>\n                            <\/div><\/div><\/div>\n    <\/div>\n<\/article><\/div>\n            <div class=\"clearfix\"><\/div>\n        <\/div>            <div class=\"eael-load-more-button-wrap eael-infinity-scroll\" data-offset=\"-200\">\n                <button class=\"eael-load-more-button\" id=\"eael-load-more-btn-e8c906d\" data-widget-id=\"e8c906d\" data-widget=\"e8c906d\" data-page-id=\"270900\" data-template=\"{&quot;dir&quot;:&quot;lite&quot;,&quot;file_name&quot;:&quot;two.php&quot;,&quot;name&quot;:&quot;Post-Grid&quot;}\" data-class=\"Essential_Addons_Elementor\\Elements\\Post_Grid\" data-layout=\"masonry\" data-page=\"1\" data-args=\"orderby=date&amp;order=desc&amp;ignore_sticky_posts=1&amp;post_status=publish&amp;posts_per_page=9&amp;offset=0&amp;post_type=post&amp;tax_query%5B0%5D%5Btaxonomy%5D=category&amp;tax_query%5B0%5D%5Bfield%5D=term_id&amp;tax_query%5B0%5D%5Bterms%5D%5B0%5D=3&amp;tax_query%5B0%5D%5Bterms%5D%5B1%5D=48&amp;tax_query%5B0%5D%5Bterms%5D%5B2%5D=50&amp;tax_query%5B0%5D%5Bterms%5D%5B3%5D=49&amp;tax_query%5Brelation%5D=AND\" data-max-page=\"5\">\n                    <span class=\"eael-btn-loader button__loader\"><\/span>\n                    <span class=\"eael_load_more_text\">Carica di pi\u00f9<\/span>\n                <\/button>\n            <\/div>\n            \t\t<\/div>\n\t\t\t\t<\/div>\n\t\t\t\t\t<\/div>\n\t\t\t\t<\/div>\n\t\t\t\t<\/div>\n\t\t","protected":false},"excerpt":{"rendered":"<p>Hund Gentest auf DCM beim Nova Scotia Duck Tolling Retrievern Gentest auf DCM beim Nova Scotia Duck Tolling Retriever Die dilatative Kardiomyopathie (DCM) ist eine&#8230; Leggi di pi\u00f9&#8230; 29. Juli 2024 Hund Hund Neue Rassepakete Wir haben die Auswahl unserer beliebten Rassepakete f\u00fcr Sie erweitert: seit dem 01.07.2024 bieten wir&#8230; Leggi di pi\u00f9&#8230; 17. Juli [&hellip;]<\/p>\n","protected":false},"author":3,"featured_media":0,"parent":0,"menu_order":0,"comment_status":"closed","ping_status":"closed","template":"","meta":{"footnotes":""},"class_list":["post-270900","page","type-page","status-publish","hentry"],"_links":{"self":[{"href":"https:\/\/labogen.com\/it\/wp-json\/wp\/v2\/pages\/270900","targetHints":{"allow":["GET"]}}],"collection":[{"href":"https:\/\/labogen.com\/it\/wp-json\/wp\/v2\/pages"}],"about":[{"href":"https:\/\/labogen.com\/it\/wp-json\/wp\/v2\/types\/page"}],"author":[{"embeddable":true,"href":"https:\/\/labogen.com\/it\/wp-json\/wp\/v2\/users\/3"}],"replies":[{"embeddable":true,"href":"https:\/\/labogen.com\/it\/wp-json\/wp\/v2\/comments?post=270900"}],"version-history":[{"count":2,"href":"https:\/\/labogen.com\/it\/wp-json\/wp\/v2\/pages\/270900\/revisions"}],"predecessor-version":[{"id":271154,"href":"https:\/\/labogen.com\/it\/wp-json\/wp\/v2\/pages\/270900\/revisions\/271154"}],"wp:attachment":[{"href":"https:\/\/labogen.com\/it\/wp-json\/wp\/v2\/media?parent=270900"}],"curies":[{"name":"wp","href":"https:\/\/api.w.org\/{rel}","templated":true}]}}