{"id":269812,"date":"2024-07-24T17:03:13","date_gmt":"2024-07-24T15:03:13","guid":{"rendered":"https:\/\/staging.laboklin.com\/labogen\/labogen_wp\/index.php\/malattie-ereditarie\/"},"modified":"2024-09-10T17:27:43","modified_gmt":"2024-09-10T15:27:43","slug":"malattie-ereditarie","status":"publish","type":"page","link":"https:\/\/labogen.com\/it\/malattie-ereditarie\/","title":{"rendered":"Malattie ereditarie"},"content":{"rendered":"\t\t<div data-elementor-type=\"wp-page\" data-elementor-id=\"269812\" class=\"elementor elementor-269812 elementor-9349\">\n\t\t\t\t<div class=\"elementor-element elementor-element-1cf0c205 e-grid e-con-boxed e-con e-parent\" data-id=\"1cf0c205\" data-element_type=\"container\">\n\t\t\t\t\t<div class=\"e-con-inner\">\n\t\t\t\t<div class=\"elementor-element elementor-element-71040b7c elementor-widget elementor-widget-ifeaturedbox\" data-id=\"71040b7c\" data-element_type=\"widget\" data-widget_type=\"ifeaturedbox.default\">\n\t\t\t\t<div class=\"elementor-widget-container\">\n\t\t\t\r\n\t\t<div class=\"ot-features-box\">\r\n\t\t\t<div class=\"features-image\" id=\"animated-thumbnials\">\r\n\t\t\t\t<a href=\"https:\/\/labogen.com\/it\/malattie-ereditarie-cane\/\">\t\t\t\t\t\t\t\t\t<span class=\"overlay flex-middle\"><i class=\"ot-flaticon-add\"><\/i><\/span>\r\n\t\t\t\t\t<img fetchpriority=\"high\" decoding=\"async\" width=\"500\" height=\"500\" src=\"https:\/\/labogen.com\/wp-content\/uploads\/2024\/08\/IT_DOG_ICONS.jpg\" class=\"attachment-full size-full wp-image-269528\" alt=\"\" srcset=\"https:\/\/labogen.com\/wp-content\/uploads\/2024\/08\/IT_DOG_ICONS.jpg 500w, https:\/\/labogen.com\/wp-content\/uploads\/2024\/08\/IT_DOG_ICONS-300x300.jpg 300w, https:\/\/labogen.com\/wp-content\/uploads\/2024\/08\/IT_DOG_ICONS-150x150.jpg 150w\" sizes=\"(max-width: 500px) 100vw, 500px\" \/>\t\t\t\t\t\t\t\t<\/a>\t\t\t\t\r\n\t\t\t<\/div>\r\n\t\t\t\t\t\t<div class=\"features-content\">\r\n\t\t\t\t<h6 class=\"features-box-title\"><a ><span>Malattie ereditarie.<\/span> Cane<\/a><\/h6>\t\t\t<\/div>\r\n\t\t\t\t    <\/div>\r\n\r\n\t    \t\t<\/div>\n\t\t\t\t<\/div>\n\t\t\t\t<div class=\"elementor-element elementor-element-36954230 elementor-widget elementor-widget-ifeaturedbox\" data-id=\"36954230\" data-element_type=\"widget\" data-widget_type=\"ifeaturedbox.default\">\n\t\t\t\t<div class=\"elementor-widget-container\">\n\t\t\t\r\n\t\t<div class=\"ot-features-box\">\r\n\t\t\t<div class=\"features-image\" id=\"animated-thumbnials\">\r\n\t\t\t\t<a href=\"https:\/\/labogen.com\/it\/malattie-ereditarie-gatto\/\">\t\t\t\t\t\t\t\t\t<span class=\"overlay flex-middle\"><i class=\"ot-flaticon-add\"><\/i><\/span>\r\n\t\t\t\t\t<img decoding=\"async\" width=\"500\" height=\"500\" src=\"https:\/\/labogen.com\/wp-content\/uploads\/2024\/08\/IT_CAT_ICONS.jpg\" class=\"attachment-full size-full wp-image-269577\" alt=\"\" srcset=\"https:\/\/labogen.com\/wp-content\/uploads\/2024\/08\/IT_CAT_ICONS.jpg 500w, https:\/\/labogen.com\/wp-content\/uploads\/2024\/08\/IT_CAT_ICONS-300x300.jpg 300w, https:\/\/labogen.com\/wp-content\/uploads\/2024\/08\/IT_CAT_ICONS-150x150.jpg 150w\" sizes=\"(max-width: 500px) 100vw, 500px\" \/>\t\t\t\t\t\t\t\t<\/a>\t\t\t\t\r\n\t\t\t<\/div>\r\n\t\t\t\t\t\t<div class=\"features-content\">\r\n\t\t\t\t<h6 class=\"features-box-title\"><a ><span>Malattie ereditarie.<\/span> GATTO<\/a><\/h6>\t\t\t<\/div>\r\n\t\t\t\t    <\/div>\r\n\r\n\t    \t\t<\/div>\n\t\t\t\t<\/div>\n\t\t\t\t<div class=\"elementor-element elementor-element-527965f9 elementor-widget elementor-widget-ifeaturedbox\" data-id=\"527965f9\" data-element_type=\"widget\" data-widget_type=\"ifeaturedbox.default\">\n\t\t\t\t<div class=\"elementor-widget-container\">\n\t\t\t\r\n\t\t<div class=\"ot-features-box\">\r\n\t\t\t<div class=\"features-image\" id=\"animated-thumbnials\">\r\n\t\t\t\t<a href=\"https:\/\/labogen.com\/it\/malattie-ereditarie-cavallo\/\">\t\t\t\t\t\t\t\t\t<span class=\"overlay flex-middle\"><i class=\"ot-flaticon-add\"><\/i><\/span>\r\n\t\t\t\t\t<img decoding=\"async\" width=\"500\" height=\"500\" src=\"https:\/\/labogen.com\/wp-content\/uploads\/2024\/08\/IT_ICONS_Website.jpg\" class=\"attachment-full size-full wp-image-269437\" alt=\"\" srcset=\"https:\/\/labogen.com\/wp-content\/uploads\/2024\/08\/IT_ICONS_Website.jpg 500w, https:\/\/labogen.com\/wp-content\/uploads\/2024\/08\/IT_ICONS_Website-300x300.jpg 300w, https:\/\/labogen.com\/wp-content\/uploads\/2024\/08\/IT_ICONS_Website-150x150.jpg 150w\" sizes=\"(max-width: 500px) 100vw, 500px\" \/>\t\t\t\t\t\t\t\t<\/a>\t\t\t\t\r\n\t\t\t<\/div>\r\n\t\t\t\t\t\t<div class=\"features-content\">\r\n\t\t\t\t<h6 class=\"features-box-title\"><a ><span>Malattie ereditarie.<\/span> CAVALLO<\/a><\/h6>\t\t\t<\/div>\r\n\t\t\t\t    <\/div>\r\n\r\n\t    \t\t<\/div>\n\t\t\t\t<\/div>\n\t\t\t\t\t<\/div>\n\t\t\t\t<\/div>\n\t\t<div class=\"elementor-element elementor-element-7bd4966 e-flex e-con-boxed e-con e-parent\" data-id=\"7bd4966\" data-element_type=\"container\">\n\t\t\t\t\t<div class=\"e-con-inner\">\n\t\t\t\t<div class=\"elementor-element elementor-element-fd8cbee elementor-widget elementor-widget-text-editor\" data-id=\"fd8cbee\" data-element_type=\"widget\" data-widget_type=\"text-editor.default\">\n\t\t\t\t<div class=\"elementor-widget-container\">\n\t\t\t\t\t\t\t<h4>Come si sviluppano le malattie ereditarie?<\/h4>\n<p>Le <strong>informazioni genetiche<\/strong> di tutti gli organismi viventi sono conservate sotto forma di <strong>DNA<\/strong> (acido desossiribonucleico). Durante la riproduzione, queste informazioni vengono trasmesse alla prole sia dalla madre che dal padre. <strong>Le malattie ereditarie<\/strong> sono il risultato di cambiamenti nel DNA, noti anche come <strong>varianti<\/strong> o <strong>mutazioni<\/strong>. Le varianti nascono in modo naturale <strong>per puro caso<\/strong> e <strong>non sono intenzionali<\/strong>. A seconda dei cambiamenti che le varianti apportano all&#8217;organismo, possono scatenare gravi malattie ereditarie o essere benefiche per l&#8217;individuo. Fondamentalmente, le mutazioni e le varianti sono ci\u00f2 che permette l&#8217;<strong>evoluzione<\/strong> e quindi l&#8217;adattamento degli organismi viventi al loro ambiente. Ci sono anche varianti che non apportano alcun cambiamento. In questo caso, si parla di <strong>mutazioni silenti<\/strong>.<\/p>\n<h4>Che significato hanno le varianti e le mutazioni per l&#8217;allevamento?<\/h4>\n<p>L&#8217;<strong>accoppiamento mirato<\/strong> di animali con <strong>caratteristiche<\/strong> particolari ha dato vita a <strong>razze<\/strong> che si adattano in modo ottimale al rispettivo utilizzo degli animali o alle rispettive condizioni di vita. \u00c8 cos\u00ec che sono nate le varie razze, che possono differire notevolmente sia in termini di carattere che di aspetto. Tuttavia, attraverso l&#8217;allevamento mirato, le linee di allevamento sono isolate o solo parzialmente incrociate tra loro, per cui la <strong>diversit\u00e0 genetica<\/strong> (definita anche <strong>pool genetico)<\/strong> si \u00e8 notevolmente ridotta in alcune razze. In alcune circostanze, le varianti vengono trasmesse inosservate da una generazione all&#8217;altra e si sono sviluppate <strong>predisposizioni specifiche della razza<\/strong> per alcune malattie ereditarie.<\/p>\n<h4>Quali sono i vantaggi dei test genetici per le malattie ereditarie?<\/h4>\n<p>Un test genetico pu\u00f2 essere utile anche per riconoscere le varianti che <strong>non sono visibili esternamente<\/strong>. Nelle cosiddette malattie recessive, ci possono essere dei <strong>portatori<\/strong> che possono trasmettere la variante, ma non soffrire della malattia stessa. Ci sono anche malattie ereditarie con un <strong>esordio tardivo<\/strong>, per cui i possibili sintomi diventano visibili solo molto dopo l&#8217;inizio dell&#8217;et\u00e0 riproduttiva. I test genetici consentono di riconoscere o escludere in modo affidabile tali varianti in giovane et\u00e0. Questo perch\u00e9 i test genetici possono essere eseguiti <strong>indipendentemente dall&#8217;et\u00e0<\/strong> e dallo <strong>stato di salute<\/strong> attuale.<\/p>\n<p>I test genetici offrono <strong>agli allevatori<\/strong> l&#8217;opportunit\u00e0 di effettuare <strong>accoppiamenti mirati<\/strong>. Per esempio, con un&#8217;adeguata <strong>pianificazione degli accoppiamenti<\/strong>, i portatori possono continuare a essere utilizzati per la riproduzione. In questo modo, il <strong>pool genetico non viene ulteriormente limitato<\/strong> e si <strong>evita il pi\u00f9 possibile<\/strong> l&#8217;insorgere di <strong>malattie ereditarie<\/strong>. Inoltre, alcune <strong>associazioni di allevatori<\/strong> richiedono l&#8217;esecuzione di determinati test genetici prima di <strong>autorizzare l&#8217;accoppiamento<\/strong> e solo gli animali in cui le relative malattie ereditarie sono state chiaramente escluse sono approvati per l&#8217;accoppiamento.<\/p>\n<p>Alcune malattie ereditarie sono associate a un <strong>rischio maggiore<\/strong>, soprattutto in <strong>determinate situazioni.<\/strong> Alcuni esempi sono l&#8217;intolleranza all&#8217;ivermectina dovuta al difetto del gene MDR1 o la tendenza genetica al sanguinamento. Se i <strong>proprietari degli animali affetti <\/strong>vengono informati dell&#8217;esistenza di tali malattie e delle loro conseguenze, spesso \u00e8 possibile <strong>evitare<\/strong> <strong>situazioni critiche<\/strong> o adottare alcune <strong>misure precauzionali<\/strong>.<\/p>\n<p>Inoltre, i <strong>veterinari<\/strong> possono essere supportati nella ricerca di una <strong>diagnosi<\/strong> attraverso i test genetici. Un esito positivo pu\u00f2 conferma la <strong>presenza delle malattie<\/strong>, un esito negativo le pu\u00f2 <strong>escludere.<\/strong> Se i fattori causali di una malattia non sono ancora stati identificati, i test per i <strong>fattori di rischio genetici<\/strong> possono comunque fornire un&#8217;indicazione sulle malattie esistenti. Un altro vantaggio di un test genetico \u00e8 che i veterinari possono <strong>trattare<\/strong> gli animali <strong>in modo pi\u00f9 specifico<\/strong> e\/o elaborare <strong>piani di prevenzione adeguati<\/strong> se \u00e8 presente un reperto genetico.<\/p>\n\t\t\t\t\t\t<\/div>\n\t\t\t\t<\/div>\n\t\t\t\t\t<\/div>\n\t\t\t\t<\/div>\n\t\t\t\t<\/div>\n\t\t","protected":false},"excerpt":{"rendered":"<p>Malattie ereditarie. Cane Malattie ereditarie. GATTO Malattie ereditarie. CAVALLO Come si sviluppano le malattie ereditarie? Le informazioni genetiche di tutti gli organismi viventi sono conservate sotto forma di DNA (acido desossiribonucleico). Durante la riproduzione, queste informazioni vengono trasmesse alla prole sia dalla madre che dal padre. Le malattie ereditarie sono il risultato di cambiamenti nel [&hellip;]<\/p>\n","protected":false},"author":3,"featured_media":0,"parent":0,"menu_order":40,"comment_status":"closed","ping_status":"closed","template":"","meta":{"footnotes":""},"class_list":["post-269812","page","type-page","status-publish","hentry"],"_links":{"self":[{"href":"https:\/\/labogen.com\/it\/wp-json\/wp\/v2\/pages\/269812","targetHints":{"allow":["GET"]}}],"collection":[{"href":"https:\/\/labogen.com\/it\/wp-json\/wp\/v2\/pages"}],"about":[{"href":"https:\/\/labogen.com\/it\/wp-json\/wp\/v2\/types\/page"}],"author":[{"embeddable":true,"href":"https:\/\/labogen.com\/it\/wp-json\/wp\/v2\/users\/3"}],"replies":[{"embeddable":true,"href":"https:\/\/labogen.com\/it\/wp-json\/wp\/v2\/comments?post=269812"}],"version-history":[{"count":19,"href":"https:\/\/labogen.com\/it\/wp-json\/wp\/v2\/pages\/269812\/revisions"}],"predecessor-version":[{"id":271229,"href":"https:\/\/labogen.com\/it\/wp-json\/wp\/v2\/pages\/269812\/revisions\/271229"}],"wp:attachment":[{"href":"https:\/\/labogen.com\/it\/wp-json\/wp\/v2\/media?parent=269812"}],"curies":[{"name":"wp","href":"https:\/\/api.w.org\/{rel}","templated":true}]}}