{"id":269796,"date":"2024-07-29T13:01:14","date_gmt":"2024-07-29T11:01:14","guid":{"rendered":"https:\/\/staging.laboklin.com\/labogen\/labogen_wp\/index.php\/profilazione-del-dna\/profilo-dna-cavallo\/"},"modified":"2024-10-23T18:08:50","modified_gmt":"2024-10-23T16:08:50","slug":"profilo-dna-cavallo","status":"publish","type":"page","link":"https:\/\/labogen.com\/it\/profilazione-del-dna\/profilo-dna-cavallo\/","title":{"rendered":"Profilo DNA &#8211; CAVALLO"},"content":{"rendered":"\t\t<div data-elementor-type=\"wp-page\" data-elementor-id=\"269796\" class=\"elementor elementor-269796 elementor-9838\">\n\t\t\t\t<div class=\"elementor-element elementor-element-5ddabbb e-flex e-con-boxed e-con e-parent\" data-id=\"5ddabbb\" data-element_type=\"container\">\n\t\t\t\t\t<div class=\"e-con-inner\">\n\t\t<div class=\"elementor-element elementor-element-28386a3 e-con-full e-flex e-con e-child\" data-id=\"28386a3\" data-element_type=\"container\">\n\t\t\t\t<div class=\"elementor-element elementor-element-4c67847 elementor-hidden-mobile elementor-widget elementor-widget-heading\" data-id=\"4c67847\" data-element_type=\"widget\" data-widget_type=\"heading.default\">\n\t\t\t\t<div class=\"elementor-widget-container\">\n\t\t\t<h1 class=\"elementor-heading-title elementor-size-default\">Profilo DNA cavallo<\/h1>\t\t<\/div>\n\t\t\t\t<\/div>\n\t\t\t\t<div class=\"elementor-element elementor-element-d21ff76 elementor-widget elementor-widget-text-editor\" data-id=\"d21ff76\" data-element_type=\"widget\" data-widget_type=\"text-editor.default\">\n\t\t\t\t<div class=\"elementor-widget-container\">\n\t\t\t\t\t\t\t<h4><strong>Descrizione generale<\/strong><\/h4>\n<p><span style=\"color: #800000;\">Il profilo del DNA dei cavalli si basa su segmenti di DNA variabili che differiscono in lunghezza. Questi microsatelliti determinano un profilo unico per ogni animale, noto anche come impronta genetica. Il profilo del DNA \u00e8 unico con una probabilit\u00e0 superiore al 99,99%, ad eccezione dei fratelli identici. Serve quindi a identificare un animale al di l\u00e0 di ogni dubbio ed \u00e8 anche la base per la verifica della parentela. Per creare il profilo del DNA, vengono analizzati 17 marcatori STR in conformit\u00e0 alle linee guida ISAG, che sono comparabili a livello internazionale. Tutti i profili sono archiviati nel nostro database del DNA.<\/span><\/p>\n<h4><strong><span style=\"color: #e51e1e;\">Razze<\/span><\/strong><\/h4>\n<p>Tutte le razze<\/p>\t\t\t\t\t\t<\/div>\n\t\t\t\t<\/div>\n\t\t\t\t<\/div>\n\t\t<div class=\"elementor-element elementor-element-090e032 e-con-full e-flex e-con e-child\" data-id=\"090e032\" data-element_type=\"container\">\n\t\t\t\t<div class=\"elementor-element elementor-element-0544bfb elementor-invisible elementor-widget elementor-widget-toggle\" data-id=\"0544bfb\" data-element_type=\"widget\" data-settings=\"{&quot;_animation&quot;:&quot;slideInUp&quot;,&quot;_animation_delay&quot;:1500}\" data-widget_type=\"toggle.default\">\n\t\t\t\t<div class=\"elementor-widget-container\">\n\t\t\t\t\t<div class=\"elementor-toggle\">\n\t\t\t\t\t\t\t<div class=\"elementor-toggle-item\">\n\t\t\t\t\t<h6 id=\"elementor-tab-title-5521\" class=\"elementor-tab-title\" data-tab=\"1\" role=\"button\" aria-controls=\"elementor-tab-content-5521\" aria-expanded=\"false\">\n\t\t\t\t\t\t\t\t\t\t\t\t<span class=\"elementor-toggle-icon elementor-toggle-icon-left\" aria-hidden=\"true\">\n\t\t\t\t\t\t\t\t\t\t\t\t\t\t\t<span class=\"elementor-toggle-icon-closed\"><svg class=\"e-font-icon-svg e-far-plus-square\" viewBox=\"0 0 448 512\" xmlns=\"http:\/\/www.w3.org\/2000\/svg\"><path d=\"M352 240v32c0 6.6-5.4 12-12 12h-88v88c0 6.6-5.4 12-12 12h-32c-6.6 0-12-5.4-12-12v-88h-88c-6.6 0-12-5.4-12-12v-32c0-6.6 5.4-12 12-12h88v-88c0-6.6 5.4-12 12-12h32c6.6 0 12 5.4 12 12v88h88c6.6 0 12 5.4 12 12zm96-160v352c0 26.5-21.5 48-48 48H48c-26.5 0-48-21.5-48-48V80c0-26.5 21.5-48 48-48h352c26.5 0 48 21.5 48 48zm-48 346V86c0-3.3-2.7-6-6-6H54c-3.3 0-6 2.7-6 6v340c0 3.3 2.7 6 6 6h340c3.3 0 6-2.7 6-6z\"><\/path><\/svg><\/span>\n\t\t\t\t\t\t\t\t<span class=\"elementor-toggle-icon-opened\"><svg class=\"elementor-toggle-icon-opened e-font-icon-svg e-far-minus-square\" viewBox=\"0 0 448 512\" xmlns=\"http:\/\/www.w3.org\/2000\/svg\"><path d=\"M108 284c-6.6 0-12-5.4-12-12v-32c0-6.6 5.4-12 12-12h232c6.6 0 12 5.4 12 12v32c0 6.6-5.4 12-12 12H108zM448 80v352c0 26.5-21.5 48-48 48H48c-26.5 0-48-21.5-48-48V80c0-26.5 21.5-48 48-48h352c26.5 0 48 21.5 48 48zm-48 346V86c0-3.3-2.7-6-6-6H54c-3.3 0-6 2.7-6 6v340c0 3.3 2.7 6 6 6h340c3.3 0 6-2.7 6-6z\"><\/path><\/svg><\/span>\n\t\t\t\t\t\t\t\t\t\t\t\t\t<\/span>\n\t\t\t\t\t\t\t\t\t\t\t\t<a class=\"elementor-toggle-title\" tabindex=\"0\">Dettagli dell'ordine<\/a>\n\t\t\t\t\t<\/h6>\n\n\t\t\t\t\t<div id=\"elementor-tab-content-5521\" class=\"elementor-tab-content elementor-clearfix\" data-tab=\"1\" role=\"region\" aria-labelledby=\"elementor-tab-title-5521\"><table border=\"0\">\n<tbody>\n<tr>\n<td width=\"45%\"><span style=\"color: #e51e1e;\"><strong>Codice esame<\/strong><\/span><\/td>\n<td>8607<\/td>\n<\/tr>\n<tr>\n<td><strong>Nomi comuni<\/strong><\/td>\n<td>Impronta genetica<\/td>\n<\/tr>\n<tr>\n<td><span style=\"color: #e51e1e;\"><strong>Materiale richiesto<\/strong><\/span><\/td>\n<td>0,5 ml di sangue in EDTA, crini della criniera o della coda (estratti con la radice del crine)<\/td>\n<\/tr>\n<tr>\n<td><strong>Tempistiche<\/strong><\/td>\n<td>14-21 giorni lavorativi<\/td>\n<\/tr>\n<\/tbody>\n<\/table>\n<\/div>\n\t\t\t\t<\/div>\n\t\t\t\t\t\t\t<div class=\"elementor-toggle-item\">\n\t\t\t\t\t<h6 id=\"elementor-tab-title-5522\" class=\"elementor-tab-title\" data-tab=\"2\" role=\"button\" aria-controls=\"elementor-tab-content-5522\" aria-expanded=\"false\">\n\t\t\t\t\t\t\t\t\t\t\t\t<span class=\"elementor-toggle-icon elementor-toggle-icon-left\" aria-hidden=\"true\">\n\t\t\t\t\t\t\t\t\t\t\t\t\t\t\t<span class=\"elementor-toggle-icon-closed\"><svg class=\"e-font-icon-svg e-far-plus-square\" viewBox=\"0 0 448 512\" xmlns=\"http:\/\/www.w3.org\/2000\/svg\"><path d=\"M352 240v32c0 6.6-5.4 12-12 12h-88v88c0 6.6-5.4 12-12 12h-32c-6.6 0-12-5.4-12-12v-88h-88c-6.6 0-12-5.4-12-12v-32c0-6.6 5.4-12 12-12h88v-88c0-6.6 5.4-12 12-12h32c6.6 0 12 5.4 12 12v88h88c6.6 0 12 5.4 12 12zm96-160v352c0 26.5-21.5 48-48 48H48c-26.5 0-48-21.5-48-48V80c0-26.5 21.5-48 48-48h352c26.5 0 48 21.5 48 48zm-48 346V86c0-3.3-2.7-6-6-6H54c-3.3 0-6 2.7-6 6v340c0 3.3 2.7 6 6 6h340c3.3 0 6-2.7 6-6z\"><\/path><\/svg><\/span>\n\t\t\t\t\t\t\t\t<span class=\"elementor-toggle-icon-opened\"><svg class=\"elementor-toggle-icon-opened e-font-icon-svg e-far-minus-square\" viewBox=\"0 0 448 512\" xmlns=\"http:\/\/www.w3.org\/2000\/svg\"><path d=\"M108 284c-6.6 0-12-5.4-12-12v-32c0-6.6 5.4-12 12-12h232c6.6 0 12 5.4 12 12v32c0 6.6-5.4 12-12 12H108zM448 80v352c0 26.5-21.5 48-48 48H48c-26.5 0-48-21.5-48-48V80c0-26.5 21.5-48 48-48h352c26.5 0 48 21.5 48 48zm-48 346V86c0-3.3-2.7-6-6-6H54c-3.3 0-6 2.7-6 6v340c0 3.3 2.7 6 6 6h340c3.3 0 6-2.7 6-6z\"><\/path><\/svg><\/span>\n\t\t\t\t\t\t\t\t\t\t\t\t\t<\/span>\n\t\t\t\t\t\t\t\t\t\t\t\t<a class=\"elementor-toggle-title\" tabindex=\"0\">Specifiche del test<\/a>\n\t\t\t\t\t<\/h6>\n\n\t\t\t\t\t<div id=\"elementor-tab-content-5522\" class=\"elementor-tab-content elementor-clearfix\" data-tab=\"2\" role=\"region\" aria-labelledby=\"elementor-tab-title-5522\"><table border=\"0\">\n<tbody>\n<tr>\n<td width=\"45%\"><span style=\"color: #e51e1e;\"><strong>Marker<\/strong><\/span><\/td>\n<td>17 STRs<\/td>\n<\/tr>\n<tr><strong><\/p>\n<td>Standard<\/td>\n<p><\/strong><\/p>\n<td>ISAG<\/td>\n<\/tr>\n<\/tbody>\n<\/table>\n<\/div>\n\t\t\t\t<\/div>\n\t\t\t\t\t\t\t\t<\/div>\n\t\t\t\t<\/div>\n\t\t\t\t<\/div>\n\t\t\t\t<div class=\"elementor-element elementor-element-5c2bac8 elementor-align-right elementor-invisible elementor-widget elementor-widget-ibutton\" data-id=\"5c2bac8\" data-element_type=\"widget\" data-settings=\"{&quot;_animation&quot;:&quot;slideInRight&quot;,&quot;_animation_delay&quot;:3000}\" data-widget_type=\"ibutton.default\">\n\t\t\t\t<div class=\"elementor-widget-container\">\n\t\t\t\t\t<div class=\"ot-button\">\r\n\t\t\t<a href=\"https:\/\/shop.labogen.com\/\" class=\"octf-btn octf-btn-dark\"><strong>Ordina ora ...<\/strong><\/a>\r\n\t    <\/div>\r\n\t    \t\t<\/div>\n\t\t\t\t<\/div>\n\t\t\t\t<\/div>\n\t\t\t\t\t<\/div>\n\t\t\t\t<\/div>\n\t\t<div class=\"elementor-element elementor-element-ed322c3 e-flex e-con-boxed e-con e-parent\" data-id=\"ed322c3\" data-element_type=\"container\">\n\t\t\t\t\t<div class=\"e-con-inner\">\n\t\t<div class=\"elementor-element elementor-element-060e001 e-con-full e-flex e-con e-child\" data-id=\"060e001\" data-element_type=\"container\">\n\t\t\t\t<div class=\"elementor-element elementor-element-d7cd1a7 elementor-widget elementor-widget-toggle\" data-id=\"d7cd1a7\" data-element_type=\"widget\" data-widget_type=\"toggle.default\">\n\t\t\t\t<div class=\"elementor-widget-container\">\n\t\t\t\t\t<div class=\"elementor-toggle\">\n\t\t\t\t\t\t\t<div class=\"elementor-toggle-item\">\n\t\t\t\t\t<h5 id=\"elementor-tab-title-2261\" class=\"elementor-tab-title\" data-tab=\"1\" role=\"button\" aria-controls=\"elementor-tab-content-2261\" aria-expanded=\"false\">\n\t\t\t\t\t\t\t\t\t\t\t\t<span class=\"elementor-toggle-icon elementor-toggle-icon-left\" aria-hidden=\"true\">\n\t\t\t\t\t\t\t\t\t\t\t\t\t\t\t<span class=\"elementor-toggle-icon-closed\"><svg class=\"e-font-icon-svg e-fas-chevron-down\" viewBox=\"0 0 448 512\" xmlns=\"http:\/\/www.w3.org\/2000\/svg\"><path d=\"M207.029 381.476L12.686 187.132c-9.373-9.373-9.373-24.569 0-33.941l22.667-22.667c9.357-9.357 24.522-9.375 33.901-.04L224 284.505l154.745-154.021c9.379-9.335 24.544-9.317 33.901.04l22.667 22.667c9.373 9.373 9.373 24.569 0 33.941L240.971 381.476c-9.373 9.372-24.569 9.372-33.942 0z\"><\/path><\/svg><\/span>\n\t\t\t\t\t\t\t\t<span class=\"elementor-toggle-icon-opened\"><svg class=\"elementor-toggle-icon-opened e-font-icon-svg e-fas-chevron-up\" viewBox=\"0 0 448 512\" xmlns=\"http:\/\/www.w3.org\/2000\/svg\"><path d=\"M240.971 130.524l194.343 194.343c9.373 9.373 9.373 24.569 0 33.941l-22.667 22.667c-9.357 9.357-24.522 9.375-33.901.04L224 227.495 69.255 381.516c-9.379 9.335-24.544 9.317-33.901-.04l-22.667-22.667c-9.373-9.373-9.373-24.569 0-33.941L207.03 130.525c9.372-9.373 24.568-9.373 33.941-.001z\"><\/path><\/svg><\/span>\n\t\t\t\t\t\t\t\t\t\t\t\t\t<\/span>\n\t\t\t\t\t\t\t\t\t\t\t\t<a class=\"elementor-toggle-title\" tabindex=\"0\">Descrizione dettagliata<\/a>\n\t\t\t\t\t<\/h5>\n\n\t\t\t\t\t<div id=\"elementor-tab-content-2261\" class=\"elementor-tab-content elementor-clearfix\" data-tab=\"1\" role=\"region\" aria-labelledby=\"elementor-tab-title-2261\"><p>Il profilo del DNA del cavallo \u00e8 l&#8217;impronta genetica del tuo animale. Non pu\u00f2 essere manipolato o perso, rimane invariato per tutta la vita e consente di identificare chiaramente l&#8217;individuo (ad esempio, per l&#8217;autorizzazione alla riproduzione, in caso di controversia legale, per un test di paternit\u00e0). Tutti i profili del DNA vengono archiviati nel nostro database del DNA per garantire una disponibilit\u00e0 continua. Il profilo del DNA \u00e8 unico con una probabilit\u00e0 superiore al 99,99%.<\/p>\n<p>Il principio del profilo del DNA si basa sull&#8217;analisi di segmenti di DNA altamente variabili (microsatelliti) che differiscono in lunghezza tra gli individui (polimorfismo di lunghezza). La combinazione di tutti i microsatelliti d\u00e0 luogo a un profilo DNA unico per ogni individuo.<\/p>\n<p>Il profilo del DNA dei cavalli viene creato in conformit\u00e0 con le linee guida ISAG (International Society for Animal Genetics), che consente la comparabilit\u00e0 internazionale tra i profili del DNA di diversi laboratori. Per il profilo del DNA del cavallo, vengono analizzati 17 marcatori microsatelliti, noti anche come marcatori STR (short tandem repeats).<\/p>\n<p>Per preparare un profilo del DNA, il materiale genetico dell&#8217;animale (DNA) viene prima isolato dalle cellule nucleate. Le aree di DNA da analizzare vengono poi amplificate milioni di volte con la reazione a catena della polimerasi (PCR). La lunghezza dei microsatelliti pu\u00f2 essere determinata mediante un&#8217;analisi computerizzata nel &#8220;Genetic Analyser&#8221;. Questi dati vengono poi utilizzati per creare una formula numerica individuale e riproducibile per ogni animale.<\/p>\n<\/div>\n\t\t\t\t<\/div>\n\t\t\t\t\t\t\t\t<\/div>\n\t\t\t\t<\/div>\n\t\t\t\t<\/div>\n\t\t\t\t<\/div>\n\t\t\t\t\t<\/div>\n\t\t\t\t<\/div>\n\t\t<div class=\"elementor-element elementor-element-a01b969 e-flex e-con-boxed e-con e-parent\" data-id=\"a01b969\" data-element_type=\"container\">\n\t\t\t\t\t<div class=\"e-con-inner\">\n\t\t\t\t<div class=\"elementor-element elementor-element-8cc8bbc elementor-widget elementor-widget-spacer\" data-id=\"8cc8bbc\" data-element_type=\"widget\" data-widget_type=\"spacer.default\">\n\t\t\t\t<div class=\"elementor-widget-container\">\n\t\t\t\t\t<div class=\"elementor-spacer\">\n\t\t\t<div class=\"elementor-spacer-inner\"><\/div>\n\t\t<\/div>\n\t\t\t\t<\/div>\n\t\t\t\t<\/div>\n\t\t\t\t\t<\/div>\n\t\t\t\t<\/div>\n\t\t\t\t<\/div>\n\t\t","protected":false},"excerpt":{"rendered":"<p>Profilo DNA cavallo Descrizione generale Il profilo del DNA dei cavalli si basa su segmenti di DNA variabili che differiscono in lunghezza. Questi microsatelliti determinano un profilo unico per ogni animale, noto anche come impronta genetica. Il profilo del DNA \u00e8 unico con una probabilit\u00e0 superiore al 99,99%, ad eccezione dei fratelli identici. Serve quindi [&hellip;]<\/p>\n","protected":false},"author":5,"featured_media":0,"parent":13171,"menu_order":46,"comment_status":"closed","ping_status":"closed","template":"","meta":{"footnotes":""},"class_list":["post-269796","page","type-page","status-publish","hentry"],"_links":{"self":[{"href":"https:\/\/labogen.com\/it\/wp-json\/wp\/v2\/pages\/269796","targetHints":{"allow":["GET"]}}],"collection":[{"href":"https:\/\/labogen.com\/it\/wp-json\/wp\/v2\/pages"}],"about":[{"href":"https:\/\/labogen.com\/it\/wp-json\/wp\/v2\/types\/page"}],"author":[{"embeddable":true,"href":"https:\/\/labogen.com\/it\/wp-json\/wp\/v2\/users\/5"}],"replies":[{"embeddable":true,"href":"https:\/\/labogen.com\/it\/wp-json\/wp\/v2\/comments?post=269796"}],"version-history":[{"count":7,"href":"https:\/\/labogen.com\/it\/wp-json\/wp\/v2\/pages\/269796\/revisions"}],"predecessor-version":[{"id":275963,"href":"https:\/\/labogen.com\/it\/wp-json\/wp\/v2\/pages\/269796\/revisions\/275963"}],"up":[{"embeddable":true,"href":"https:\/\/labogen.com\/it\/wp-json\/wp\/v2\/pages\/13171"}],"wp:attachment":[{"href":"https:\/\/labogen.com\/it\/wp-json\/wp\/v2\/media?parent=269796"}],"curies":[{"name":"wp","href":"https:\/\/api.w.org\/{rel}","templated":true}]}}