{"id":268868,"date":"2024-07-29T13:49:58","date_gmt":"2024-07-29T11:49:58","guid":{"rendered":"https:\/\/staging.laboklin.com\/labogen\/labogen_wp\/index.php\/genitorialita-paternita\/"},"modified":"2025-10-23T14:06:34","modified_gmt":"2025-10-23T12:06:34","slug":"genitorialita-paternita","status":"publish","type":"page","link":"https:\/\/labogen.com\/it\/genitorialita-paternita\/","title":{"rendered":"Parentela (paternit\u00e0)"},"content":{"rendered":"\t\t<div data-elementor-type=\"wp-page\" data-elementor-id=\"268868\" class=\"elementor elementor-268868 elementor-9843\">\n\t\t\t\t<div class=\"elementor-element elementor-element-ff4c832 e-flex e-con-boxed e-con e-parent\" data-id=\"ff4c832\" data-element_type=\"container\" data-settings=\"{&quot;background_background&quot;:&quot;classic&quot;}\">\n\t\t\t\t\t<div class=\"e-con-inner\">\n\t\t\t\t<div class=\"elementor-element elementor-element-bdf9a9d elementor-widget elementor-widget-text-editor\" data-id=\"bdf9a9d\" data-element_type=\"widget\" data-widget_type=\"text-editor.default\">\n\t\t\t\t<div class=\"elementor-widget-container\">\n\t\t\t\t\t\t\t<h2>Parentela (paternit\u00e0\/genitorialit\u00e0) spiegata in modo semplice<\/h2><p>Con l&#8217;aiuto di un test di parentela (noto anche come <strong>test di paternit\u00e0<\/strong> o analisi di parentela), si pu\u00f2 stabilire chi \u00e8 il padre effettivo della prole. A tal fine, i <a href=\"https:\/\/labogen.com\/it\/profilazione-del-dna\/\">profili del DNA<\/a> della madre, dei potenziali padri e della prole vengono <strong>confrontati tra loro<\/strong>.  Ci\u00f2 significa che in caso di incidente di accoppiamento o di <strong>doppio accoppiamento<\/strong>, un padre pu\u00f2 essere assegnato o escluso dalla rispettiva prole. I test di paternit\u00e0 sono spesso richiesti anche dalle <strong>associazioni di allevatori<\/strong>, per poter creare un pedigree affidabile e contrastare le pratiche illegali (pedigree falsificati, vendite illegali, ecc.). Offriamo test di parentela per cani e gatti, oltre che per cavalli. <strong>Nel caso dei cani,<\/strong> possono essere verificate anche questioni di parentela pi\u00f9 complesse, ad esempio la parentela con un solo genitore.<\/p>\t\t\t\t\t\t<\/div>\n\t\t\t\t<\/div>\n\t\t\t\t\t<\/div>\n\t\t\t\t<\/div>\n\t\t<div class=\"elementor-element elementor-element-55b2c4a e-flex e-con-boxed e-con e-parent\" data-id=\"55b2c4a\" data-element_type=\"container\">\n\t\t\t\t\t<div class=\"e-con-inner\">\n\t\t\t\t<div class=\"elementor-element elementor-element-aa177e0 elementor-widget elementor-widget-heading\" data-id=\"aa177e0\" data-element_type=\"widget\" data-widget_type=\"heading.default\">\n\t\t\t\t<div class=\"elementor-widget-container\">\n\t\t\t<h2 class=\"elementor-heading-title elementor-size-default\">FAQ<\/h2>\t\t<\/div>\n\t\t\t\t<\/div>\n\t\t\t\t\t<\/div>\n\t\t\t\t<\/div>\n\t\t<div class=\"elementor-element elementor-element-5e6f248 e-flex e-con-boxed e-con e-parent\" data-id=\"5e6f248\" data-element_type=\"container\">\n\t\t\t\t\t<div class=\"e-con-inner\">\n\t\t\t\t<div class=\"elementor-element elementor-element-5b58bdc elementor-widget elementor-widget-iaccordions\" data-id=\"5b58bdc\" data-element_type=\"widget\" data-widget_type=\"iaccordions.default\">\n\t\t\t\t<div class=\"elementor-widget-container\">\n\t\t\t\r\n\t\t<div class=\"ot-accordions\">\r\n\t\t\t\t\t\t<div class=\"acc-item\">\r\n\t\t\t\t<div class=\"acc-toggle flex-middle\" data-default=\"yes\">Di cosa ho bisogno per un'analisi di parentela? \r\n\t\t\t\t\t\t\t\t\t\t\t\t\t\t\t\t\t\t<span class=\"down\"><svg class=\"e-font-icon-svg e-fas-plus\" viewBox=\"0 0 448 512\" xmlns=\"http:\/\/www.w3.org\/2000\/svg\"><path d=\"M416 208H272V64c0-17.67-14.33-32-32-32h-32c-17.67 0-32 14.33-32 32v144H32c-17.67 0-32 14.33-32 32v32c0 17.67 14.33 32 32 32h144v144c0 17.67 14.33 32 32 32h32c17.67 0 32-14.33 32-32V304h144c17.67 0 32-14.33 32-32v-32c0-17.67-14.33-32-32-32z\"><\/path><\/svg><\/span>\r\n\t\t\t\t\t\t\t<span class=\"up\"><svg class=\"e-font-icon-svg e-far-window-minimize\" viewBox=\"0 0 512 512\" xmlns=\"http:\/\/www.w3.org\/2000\/svg\"><path d=\"M480 480H32c-17.7 0-32-14.3-32-32s14.3-32 32-32h448c17.7 0 32 14.3 32 32s-14.3 32-32 32z\"><\/path><\/svg><\/span>\r\n\t\t\t\t\t\t\t\t\t\t\t\t\t\t\t<\/div>\r\n\t\t\t\t<div class=\"acc-content\">\r\n\t\t\t\t\t<p>Per un'analisi di parentela abbiamo bisogno di profili di DNA dello stesso tipo (<a href=\"https:\/\/labogen.com\/it\/profilazione-del-dna\/\">profilo del DNA classico<\/a> o <a href=\"https:\/\/labogen.com\/it\/profilazione-del-dna\/\">Premium<\/a>) da parte della madre, del padre e della progenie. Se \u00e8 gi\u00e0 disponibile un profilo del DNA dei genitori, \u00e8 possibile inviarne una copia. Se sei il destinatario della fattura del profilo del DNA dei genitori, \u00e8 sufficiente indicare il numero di referto LABOKLIN.<\/p>\n\t\t\t\t<\/div>\r\n\t\t\t<\/div>\r\n\t\t\t\t\t\t<div class=\"acc-item\">\r\n\t\t\t\t<div class=\"acc-toggle flex-middle\" data-default=\"\">Posso inviare i profili del DNA per le analisi di parentela? \r\n\t\t\t\t\t\t\t\t\t\t\t\t\t\t\t\t\t\t<span class=\"down\"><svg class=\"e-font-icon-svg e-fas-plus\" viewBox=\"0 0 448 512\" xmlns=\"http:\/\/www.w3.org\/2000\/svg\"><path d=\"M416 208H272V64c0-17.67-14.33-32-32-32h-32c-17.67 0-32 14.33-32 32v144H32c-17.67 0-32 14.33-32 32v32c0 17.67 14.33 32 32 32h144v144c0 17.67 14.33 32 32 32h32c17.67 0 32-14.33 32-32V304h144c17.67 0 32-14.33 32-32v-32c0-17.67-14.33-32-32-32z\"><\/path><\/svg><\/span>\r\n\t\t\t\t\t\t\t<span class=\"up\"><svg class=\"e-font-icon-svg e-far-window-minimize\" viewBox=\"0 0 512 512\" xmlns=\"http:\/\/www.w3.org\/2000\/svg\"><path d=\"M480 480H32c-17.7 0-32-14.3-32-32s14.3-32 32-32h448c17.7 0 32 14.3 32 32s-14.3 32-32 32z\"><\/path><\/svg><\/span>\r\n\t\t\t\t\t\t\t\t\t\t\t\t\t\t\t<\/div>\r\n\t\t\t\t<div class=\"acc-content\">\r\n\t\t\t\t\t<p>S\u00ec, i clienti possono inviare i profili del DNA (anche di altri laboratori) per i test di parentela insieme ai loro campioni come copie o file via e-mail.<\/p>\n<p>Assicurati che i profili del DNA della prole e dei genitori siano tutti conformi agli standard <a href=\"https:\/\/labogen.com\/it\/profilazione-del-dna\/\">ISAG 2006<\/a> o <a href=\"https:\/\/labogen.com\/it\/profilazione-del-dna\/\">ISAG 2020<\/a>, per garantire la comparabilit\u00e0 all'interno di un caso.<\/p>\n\t\t\t\t<\/div>\r\n\t\t\t<\/div>\r\n\t\t\t\t\t\t<div class=\"acc-item\">\r\n\t\t\t\t<div class=\"acc-toggle flex-middle\" data-default=\"\">Posso effettuare un'analisi di parentela con un solo genitore? \r\n\t\t\t\t\t\t\t\t\t\t\t\t\t\t\t\t\t\t<span class=\"down\"><svg class=\"e-font-icon-svg e-fas-plus\" viewBox=\"0 0 448 512\" xmlns=\"http:\/\/www.w3.org\/2000\/svg\"><path d=\"M416 208H272V64c0-17.67-14.33-32-32-32h-32c-17.67 0-32 14.33-32 32v144H32c-17.67 0-32 14.33-32 32v32c0 17.67 14.33 32 32 32h144v144c0 17.67 14.33 32 32 32h32c17.67 0 32-14.33 32-32V304h144c17.67 0 32-14.33 32-32v-32c0-17.67-14.33-32-32-32z\"><\/path><\/svg><\/span>\r\n\t\t\t\t\t\t\t<span class=\"up\"><svg class=\"e-font-icon-svg e-far-window-minimize\" viewBox=\"0 0 512 512\" xmlns=\"http:\/\/www.w3.org\/2000\/svg\"><path d=\"M480 480H32c-17.7 0-32-14.3-32-32s14.3-32 32-32h448c17.7 0 32 14.3 32 32s-14.3 32-32 32z\"><\/path><\/svg><\/span>\r\n\t\t\t\t\t\t\t\t\t\t\t\t\t\t\t<\/div>\r\n\t\t\t\t<div class=\"acc-content\">\r\n\t\t\t\t\t<p>Se \u00e8 disponibile un solo genitore ed \u00e8 necessario un risultato affidabile, consigliamo il <a href=\"https:\/\/labogen.com\/it\/profilazione-del-dna\/\">profilo DNA Premium<\/a> insieme a un calcolo biostatistico per l'analisi della parentela.<\/p>\n<p>Si pu\u00f2 anche effettuare un confronto con un solo genitore utilizzando un <a href=\"https:\/\/labogen.com\/it\/profilazione-del-dna\/\">profilo del DNA classico<\/a>, ma non sempre fornisce un risultato inequivocabile.<\/p>\n<p>Se troviamo delle deviazioni nel profilo del DNA del genitore rispetto alla prole, si pu\u00f2 escludere la paternit\u00e0 o la maternit\u00e0. Questo risultato \u00e8 certo.<\/p>\n<p>Se non troviamo deviazioni, non si pu\u00f2 escludere la paternit\u00e0 o la maternit\u00e0. Ci\u00f2 significa che l'animale \u00e8 un possibile padre o madre, ma potrebbe anche essere un animale il cui profilo DNA non si discosta dal profilo DNA del cucciolo. Vediamo questi casi quando gli animali sono imparentati tra loro o quando appartengono a una razza con una popolazione ridotta.<\/p>\n\t\t\t\t<\/div>\r\n\t\t\t<\/div>\r\n\t\t\t\t\t\t<div class=\"acc-item\">\r\n\t\t\t\t<div class=\"acc-toggle flex-middle\" data-default=\"\">La mia cagna ha diversi cuccioli e sono possibili diversi padri. <br>Devo effettuare l'analisi di parentela per tutti i cuccioli? \r\n\t\t\t\t\t\t\t\t\t\t\t\t\t\t\t\t\t\t<span class=\"down\"><svg class=\"e-font-icon-svg e-fas-plus\" viewBox=\"0 0 448 512\" xmlns=\"http:\/\/www.w3.org\/2000\/svg\"><path d=\"M416 208H272V64c0-17.67-14.33-32-32-32h-32c-17.67 0-32 14.33-32 32v144H32c-17.67 0-32 14.33-32 32v32c0 17.67 14.33 32 32 32h144v144c0 17.67 14.33 32 32 32h32c17.67 0 32-14.33 32-32V304h144c17.67 0 32-14.33 32-32v-32c0-17.67-14.33-32-32-32z\"><\/path><\/svg><\/span>\r\n\t\t\t\t\t\t\t<span class=\"up\"><svg class=\"e-font-icon-svg e-far-window-minimize\" viewBox=\"0 0 512 512\" xmlns=\"http:\/\/www.w3.org\/2000\/svg\"><path d=\"M480 480H32c-17.7 0-32-14.3-32-32s14.3-32 32-32h448c17.7 0 32 14.3 32 32s-14.3 32-32 32z\"><\/path><\/svg><\/span>\r\n\t\t\t\t\t\t\t\t\t\t\t\t\t\t\t<\/div>\r\n\t\t\t\t<div class=\"acc-content\">\r\n\t\t\t\t\t<p>Poich\u00e9 i cani possono avere padri diversi in una cucciolata dopo un accoppiamento multiplo, \u00e8 essenziale confrontare ogni cucciolo con ogni padre potenziale per verificare la parentela. Questo \u00e8 l'unico modo per garantire che a ogni cucciolo venga assegnato il padre corretto. Il risultato di un cucciolo non pu\u00f2 essere automaticamente trasferito a tutti i cuccioli di una cucciolata.<\/p>\n\t\t\t\t<\/div>\r\n\t\t\t<\/div>\r\n\t\t\t\t\t\t<div class=\"acc-item\">\r\n\t\t\t\t<div class=\"acc-toggle flex-middle\" data-default=\"\">Quanto \u00e8 affidabile l'analisi della parentela? \r\n\t\t\t\t\t\t\t\t\t\t\t\t\t\t\t\t\t\t<span class=\"down\"><svg class=\"e-font-icon-svg e-fas-plus\" viewBox=\"0 0 448 512\" xmlns=\"http:\/\/www.w3.org\/2000\/svg\"><path d=\"M416 208H272V64c0-17.67-14.33-32-32-32h-32c-17.67 0-32 14.33-32 32v144H32c-17.67 0-32 14.33-32 32v32c0 17.67 14.33 32 32 32h144v144c0 17.67 14.33 32 32 32h32c17.67 0 32-14.33 32-32V304h144c17.67 0 32-14.33 32-32v-32c0-17.67-14.33-32-32-32z\"><\/path><\/svg><\/span>\r\n\t\t\t\t\t\t\t<span class=\"up\"><svg class=\"e-font-icon-svg e-far-window-minimize\" viewBox=\"0 0 512 512\" xmlns=\"http:\/\/www.w3.org\/2000\/svg\"><path d=\"M480 480H32c-17.7 0-32-14.3-32-32s14.3-32 32-32h448c17.7 0 32 14.3 32 32s-14.3 32-32 32z\"><\/path><\/svg><\/span>\r\n\t\t\t\t\t\t\t\t\t\t\t\t\t\t\t<\/div>\r\n\t\t\t\t<div class=\"acc-content\">\r\n\t\t\t\t\t<p>Se entrambi i genitori sono presenti, l'esclusione o la qualifica degli animali genitori pu\u00f2 essere determinata correttamente con una probabilit\u00e0 superiore al 99,9% sia con il <a href=\"https:\/\/labogen.com\/it\/profilazione-del-dna\/\">profilo DNA classico<\/a> che con quello <a href=\"https:\/\/labogen.com\/it\/profilazione-del-dna\/\">Premium.<\/a> Se \u00e8 presente un solo genitore, l'esclusione dell'animale pu\u00f2 essere determinata in modo affidabile sia con il <a href=\"https:\/\/labogen.com\/it\/profilazione-del-dna\/\">profilo DNA classico<\/a> che con quello <a href=\"https:\/\/labogen.com\/it\/profilazione-del-dna\/\">Premium.<\/a> La maternit\u00e0 o la paternit\u00e0 di un soggetto nei confronti della prole pu\u00f2 essere confermata con un alto grado di probabilit\u00e0 solo utilizzando il <a href=\"https:\/\/labogen.com\/it\/profilazione-del-dna\/\">profilo del DNA Premium<\/a> insieme a un'analisi biostatistica.<\/p>\n\t\t\t\t<\/div>\r\n\t\t\t<\/div>\r\n\t\t\t\t    <\/div>\r\n\r\n\t    \t\t<\/div>\n\t\t\t\t<\/div>\n\t\t\t\t\t<\/div>\n\t\t\t\t<\/div>\n\t\t<div class=\"elementor-element elementor-element-4615b7d e-flex e-con-boxed e-con e-parent\" data-id=\"4615b7d\" data-element_type=\"container\">\n\t\t\t\t\t<div class=\"e-con-inner\">\n\t\t\t\t<div class=\"elementor-element elementor-element-6295637 elementor-widget elementor-widget-spacer\" data-id=\"6295637\" data-element_type=\"widget\" data-widget_type=\"spacer.default\">\n\t\t\t\t<div class=\"elementor-widget-container\">\n\t\t\t\t\t<div class=\"elementor-spacer\">\n\t\t\t<div class=\"elementor-spacer-inner\"><\/div>\n\t\t<\/div>\n\t\t\t\t<\/div>\n\t\t\t\t<\/div>\n\t\t\t\t\t<\/div>\n\t\t\t\t<\/div>\n\t\t\t\t<\/div>\n\t\t","protected":false},"excerpt":{"rendered":"<p>Parentela (paternit\u00e0\/genitorialit\u00e0) spiegata in modo semplice Con l&#8217;aiuto di un test di parentela (noto anche come test di paternit\u00e0 o analisi di parentela), si pu\u00f2 stabilire chi \u00e8 il padre effettivo della prole. A tal fine, i profili del DNA della madre, dei potenziali padri e della prole vengono confrontati tra loro. Ci\u00f2 significa che [&hellip;]<\/p>\n","protected":false},"author":5,"featured_media":0,"parent":0,"menu_order":47,"comment_status":"closed","ping_status":"closed","template":"","meta":{"footnotes":""},"class_list":["post-268868","page","type-page","status-publish","hentry"],"_links":{"self":[{"href":"https:\/\/labogen.com\/it\/wp-json\/wp\/v2\/pages\/268868","targetHints":{"allow":["GET"]}}],"collection":[{"href":"https:\/\/labogen.com\/it\/wp-json\/wp\/v2\/pages"}],"about":[{"href":"https:\/\/labogen.com\/it\/wp-json\/wp\/v2\/types\/page"}],"author":[{"embeddable":true,"href":"https:\/\/labogen.com\/it\/wp-json\/wp\/v2\/users\/5"}],"replies":[{"embeddable":true,"href":"https:\/\/labogen.com\/it\/wp-json\/wp\/v2\/comments?post=268868"}],"version-history":[{"count":3,"href":"https:\/\/labogen.com\/it\/wp-json\/wp\/v2\/pages\/268868\/revisions"}],"predecessor-version":[{"id":284596,"href":"https:\/\/labogen.com\/it\/wp-json\/wp\/v2\/pages\/268868\/revisions\/284596"}],"wp:attachment":[{"href":"https:\/\/labogen.com\/it\/wp-json\/wp\/v2\/media?parent=268868"}],"curies":[{"name":"wp","href":"https:\/\/api.w.org\/{rel}","templated":true}]}}