{"id":13171,"date":"2024-07-29T14:53:38","date_gmt":"2024-07-29T12:53:38","guid":{"rendered":"https:\/\/staging.laboklin.com\/labogen\/labogen_wp\/index.php\/profilazione-del-dna\/"},"modified":"2024-09-11T11:06:48","modified_gmt":"2024-09-11T09:06:48","slug":"profilazione-del-dna","status":"publish","type":"page","link":"https:\/\/labogen.com\/it\/profilazione-del-dna\/","title":{"rendered":"Profilazione del DNA"},"content":{"rendered":"\t\t<div data-elementor-type=\"wp-page\" data-elementor-id=\"13171\" class=\"elementor elementor-13171 elementor-9850\">\n\t\t\t\t<div class=\"elementor-element elementor-element-5789af3 e-grid e-con-boxed e-con e-parent\" data-id=\"5789af3\" data-element_type=\"container\">\n\t\t\t\t\t<div class=\"e-con-inner\">\n\t\t\t\t<div class=\"elementor-element elementor-element-9a8ff0f elementor-widget elementor-widget-ifeaturedbox\" data-id=\"9a8ff0f\" data-element_type=\"widget\" data-widget_type=\"ifeaturedbox.default\">\n\t\t\t\t<div class=\"elementor-widget-container\">\n\t\t\t\r\n\t\t<div class=\"ot-features-box\">\r\n\t\t\t<div class=\"features-image\" id=\"animated-thumbnials\">\r\n\t\t\t\t<a href=\"\/it\/profilazione-del-dna\/profilo-dna-cane\/\">\t\t\t\t\t\t\t\t\t<span class=\"overlay flex-middle\"><i class=\"ot-flaticon-add\"><\/i><\/span>\r\n\t\t\t\t\t<img fetchpriority=\"high\" decoding=\"async\" width=\"500\" height=\"500\" src=\"https:\/\/labogen.com\/wp-content\/uploads\/2024\/08\/IT_DOG_ICONS.jpg\" class=\"attachment-full size-full wp-image-269528\" alt=\"\" srcset=\"https:\/\/labogen.com\/wp-content\/uploads\/2024\/08\/IT_DOG_ICONS.jpg 500w, https:\/\/labogen.com\/wp-content\/uploads\/2024\/08\/IT_DOG_ICONS-300x300.jpg 300w, https:\/\/labogen.com\/wp-content\/uploads\/2024\/08\/IT_DOG_ICONS-150x150.jpg 150w\" sizes=\"(max-width: 500px) 100vw, 500px\" \/>\t\t\t\t\t\t\t\t<\/a>\t\t\t\t\r\n\t\t\t<\/div>\r\n\t\t\t\t\t\t<div class=\"features-content\">\r\n\t\t\t\t<h6 class=\"features-box-title\"><a ><span>Profilo DNA<\/span> cane<\/a><\/h6>\t\t\t<\/div>\r\n\t\t\t\t    <\/div>\r\n\r\n\t    \t\t<\/div>\n\t\t\t\t<\/div>\n\t\t\t\t<div class=\"elementor-element elementor-element-120609b elementor-widget elementor-widget-ifeaturedbox\" data-id=\"120609b\" data-element_type=\"widget\" data-widget_type=\"ifeaturedbox.default\">\n\t\t\t\t<div class=\"elementor-widget-container\">\n\t\t\t\r\n\t\t<div class=\"ot-features-box\">\r\n\t\t\t<div class=\"features-image\" id=\"animated-thumbnials\">\r\n\t\t\t\t<a href=\"\/it\/profilazione-del-dna\/profilo-dna-gatto\/\">\t\t\t\t\t\t\t\t\t<span class=\"overlay flex-middle\"><i class=\"ot-flaticon-add\"><\/i><\/span>\r\n\t\t\t\t\t<img decoding=\"async\" width=\"500\" height=\"500\" src=\"https:\/\/labogen.com\/wp-content\/uploads\/2024\/08\/IT_CAT_ICONS.jpg\" class=\"attachment-full size-full wp-image-269577\" alt=\"\" srcset=\"https:\/\/labogen.com\/wp-content\/uploads\/2024\/08\/IT_CAT_ICONS.jpg 500w, https:\/\/labogen.com\/wp-content\/uploads\/2024\/08\/IT_CAT_ICONS-300x300.jpg 300w, https:\/\/labogen.com\/wp-content\/uploads\/2024\/08\/IT_CAT_ICONS-150x150.jpg 150w\" sizes=\"(max-width: 500px) 100vw, 500px\" \/>\t\t\t\t\t\t\t\t<\/a>\t\t\t\t\r\n\t\t\t<\/div>\r\n\t\t\t\t\t\t<div class=\"features-content\">\r\n\t\t\t\t<h6 class=\"features-box-title\"><a ><span>Profilo DNA<\/span> gatto<\/a><\/h6>\t\t\t<\/div>\r\n\t\t\t\t    <\/div>\r\n\r\n\t    \t\t<\/div>\n\t\t\t\t<\/div>\n\t\t\t\t<div class=\"elementor-element elementor-element-854fbc1 elementor-widget elementor-widget-ifeaturedbox\" data-id=\"854fbc1\" data-element_type=\"widget\" data-widget_type=\"ifeaturedbox.default\">\n\t\t\t\t<div class=\"elementor-widget-container\">\n\t\t\t\r\n\t\t<div class=\"ot-features-box\">\r\n\t\t\t<div class=\"features-image\" id=\"animated-thumbnials\">\r\n\t\t\t\t<a href=\"\/it\/profilazione-del-dna\/profilo-dna-cavallo\/\">\t\t\t\t\t\t\t\t\t<span class=\"overlay flex-middle\"><i class=\"ot-flaticon-add\"><\/i><\/span>\r\n\t\t\t\t\t<img decoding=\"async\" width=\"500\" height=\"500\" src=\"https:\/\/labogen.com\/wp-content\/uploads\/2024\/08\/IT_ICONS_Website.jpg\" class=\"attachment-full size-full wp-image-269437\" alt=\"\" srcset=\"https:\/\/labogen.com\/wp-content\/uploads\/2024\/08\/IT_ICONS_Website.jpg 500w, https:\/\/labogen.com\/wp-content\/uploads\/2024\/08\/IT_ICONS_Website-300x300.jpg 300w, https:\/\/labogen.com\/wp-content\/uploads\/2024\/08\/IT_ICONS_Website-150x150.jpg 150w\" sizes=\"(max-width: 500px) 100vw, 500px\" \/>\t\t\t\t\t\t\t\t<\/a>\t\t\t\t\r\n\t\t\t<\/div>\r\n\t\t\t\t\t\t<div class=\"features-content\">\r\n\t\t\t\t<h6 class=\"features-box-title\"><a ><span>Profilo DNA<\/span> CAVALLO<\/a><\/h6>\t\t\t<\/div>\r\n\t\t\t\t    <\/div>\r\n\r\n\t    \t\t<\/div>\n\t\t\t\t<\/div>\n\t\t\t\t\t<\/div>\n\t\t\t\t<\/div>\n\t\t<div class=\"elementor-element elementor-element-a0e6706 e-flex e-con-boxed e-con e-parent\" data-id=\"a0e6706\" data-element_type=\"container\">\n\t\t\t\t\t<div class=\"e-con-inner\">\n\t\t\t\t<div class=\"elementor-element elementor-element-cf39fdd elementor-widget elementor-widget-text-editor\" data-id=\"cf39fdd\" data-element_type=\"widget\" data-widget_type=\"text-editor.default\">\n\t\t\t\t<div class=\"elementor-widget-container\">\n\t\t\t\t\t\t\t<h2>Il profilo del DNA spiegato in modo semplice<\/h2>\n<p>Il profilo del DNA \u00e8 l\u2019<strong>impronta genetica<\/strong> del tuo animale. Utilizzando il materiale genetico, creiamo una combinazione di numeri e lettere che \u00e8 <strong>unica<\/strong> per ogni animale. Una volta creato il profilo del DNA e possibilmente anche archiviato in un <strong>database<\/strong>, l\u2019animale pu\u00f2 essere <strong>identificato inequivocabilmente <\/strong>in qualsiasi momento, utilizzando un campione di sangue, un tampone della guancia o un campione di tessuto. Il profilo del DNA non pu\u00f2 essere manipolato e non pu\u00f2 essere perso. Ci\u00f2 significa che l\u2019<strong>identit\u00e0<\/strong> dell\u2019animale pu\u00f2 essere inequivocabilmente dimostrata ad esempio in caso di furto o smarrimento. Prima della fecondazione artificiale (inseminazione), il campione di sperma pu\u00f2 essere assegnato in modo inequivocabile a un maschio specifico con l\u2019aiuto di un profilo del DNA. Il profilo del DNA serve anche come base per alcune ulteriori analisi genetiche, come i <strong>test di parentela<\/strong> (test di paternit\u00e0) o l\u2019analisi della razza. I profili di DNA creati in laboratori diversi devono essere comparabili ed eseguiti secondo una procedura standardizzata. Lavoriamo secondo le linee guida raccomandate dall\u2019<strong>ISAG<\/strong> (International Society for Animal Genetics), in modo che i profili di DNA che creiamo siano comparabili con quelli di altri laboratori che lavorano secondo l\u2019ISAG.<\/p>\n<p><a href=\"\/index.php\/dna-profil-hund\/\"><span style=\"color: #e51e1e;\"><strong>Profilo del DNA nei cani<\/strong><\/span><\/a><\/p>\n<p>Per i cani, puoi scegliere tra due diversi tipi di profili DNA: il <a href=\"https:\/\/labogen.com\/it\/profilo-dna-classico-cane\/\">profilo DNA Classic STR<\/a>, che viene creato secondo le linee guida ISAG adottate nel 2006, e il <a href=\"https:\/\/labogen.com\/it\/profilo-dna-premium-cane\/\">profilo DNA Premium SNP<\/a> secondo le linee guida ISAG del 2020. Il <a href=\"https:\/\/labogen.com\/it\/profilo-dna-classico-cane\/\">profilo DNA Classic STR (ISAG 2006)<\/a> analizza 22 siti altamente variabili nel genoma, noti come microsatelliti. In questi siti, alcune sequenze di basi si ripetono con diversa frequenza (sequenze ripetitive), per cui il numero di ripetizioni e quindi la lunghezza dei microsatelliti varia notevolmente da cane a cane. La combinazione del numero di ripetizioni in tutti i 22 punti analizzati d\u00e0 luogo a un elenco di valori unico e inconfondibile per il cane. Il <a href=\"https:\/\/labogen.com\/it\/profilo-dna-premium-cane\/\">profilo DNA Premium SNP (ISAG 2020)<\/a>, invece, analizza 230 polimorfismi a singolo nucleotide (SNP). Si tratta di siti nel genoma che sono anche altamente variabili, ma differiscono solo per singole coppie di basi o nucleotidi (i mattoni di base del DNA). L\u2019elevato numero di SNP analizzati determina combinazioni di lettere che sono uniche per ogni cane. Il <a href=\"https:\/\/labogen.com\/it\/profilo-dna-premium-cane\/\">profilo DNA Premium SNP<\/a> pu\u00f2 essere utilizzato anche per risolvere casi di parentela pi\u00f9 complessi e per determinare la diversit\u00e0 genetica di un cane all\u2019interno di una razza (valutazione specifica della razza, diversit\u00e0 genetica ed eterozigosi). Si prega di notare che il <a href=\"https:\/\/labogen.com\/it\/profilo-dna-classico-cane\/\">profilo DNA Classic STR (ISAG 2006)<\/a> e il <a href=\"https:\/\/labogen.com\/it\/profilo-dna-premium-cane\/\">profilo DNA Premium SNP (ISAG 2020)<\/a> non sono compatibili e pertanto le analisi di parentela sono possibili solo se \u00e8 disponibile lo stesso tipo di profilo DNA per tutti i cani coinvolti.<\/p>\n<p><strong>Profilo del DNA nei <a href=\"\/index.php\/dna-profil-katze\/\">gatti<\/a> e nei <a href=\"\/index.php\/dna-profil-pferd\/\">cavalli<\/a><\/strong><\/p>\n<p>Per il profilo del DNA nei gatti e nei cavalli, l\u2019ISAG raccomanda di creare un profilo basato su 17 siti altamente variabili nel genoma, i marcatori microsatelliti. In questi siti, alcune sequenze di basi si ripetono con una frequenza diversa (sequenze ripetitive), per cui il numero di ripetizioni e quindi la lunghezza dei microsatelliti varia notevolmente da animale ad animale. La combinazione del numero di ripetizioni in tutti i 22 punti analizzati d\u00e0 come risultato un elenco di valori unico e inconfondibile per il cavallo o il gatto.<\/p>\n\t\t\t\t\t\t<\/div>\n\t\t\t\t<\/div>\n\t\t\t\t\t<\/div>\n\t\t\t\t<\/div>\n\t\t<div class=\"elementor-element elementor-element-2998e9b e-flex e-con-boxed e-con e-parent\" data-id=\"2998e9b\" data-element_type=\"container\">\n\t\t\t\t\t<div class=\"e-con-inner\">\n\t\t\t\t<div class=\"elementor-element elementor-element-44680e9 elementor-widget elementor-widget-spacer\" data-id=\"44680e9\" data-element_type=\"widget\" data-widget_type=\"spacer.default\">\n\t\t\t\t<div class=\"elementor-widget-container\">\n\t\t\t\t\t<div class=\"elementor-spacer\">\n\t\t\t<div class=\"elementor-spacer-inner\"><\/div>\n\t\t<\/div>\n\t\t\t\t<\/div>\n\t\t\t\t<\/div>\n\t\t\t\t\t<\/div>\n\t\t\t\t<\/div>\n\t\t\t\t<\/div>\n\t\t","protected":false},"excerpt":{"rendered":"<p>Profilo DNA cane Profilo DNA gatto Profilo DNA CAVALLO Il profilo del DNA spiegato in modo semplice Il profilo del DNA \u00e8 l\u2019impronta genetica del tuo animale. Utilizzando il materiale genetico, creiamo una combinazione di numeri e lettere che \u00e8 unica per ogni animale. Una volta creato il profilo del DNA e possibilmente anche archiviato [&hellip;]<\/p>\n","protected":false},"author":5,"featured_media":0,"parent":0,"menu_order":74,"comment_status":"closed","ping_status":"closed","template":"","meta":{"footnotes":""},"class_list":["post-13171","page","type-page","status-publish","hentry"],"_links":{"self":[{"href":"https:\/\/labogen.com\/it\/wp-json\/wp\/v2\/pages\/13171","targetHints":{"allow":["GET"]}}],"collection":[{"href":"https:\/\/labogen.com\/it\/wp-json\/wp\/v2\/pages"}],"about":[{"href":"https:\/\/labogen.com\/it\/wp-json\/wp\/v2\/types\/page"}],"author":[{"embeddable":true,"href":"https:\/\/labogen.com\/it\/wp-json\/wp\/v2\/users\/5"}],"replies":[{"embeddable":true,"href":"https:\/\/labogen.com\/it\/wp-json\/wp\/v2\/comments?post=13171"}],"version-history":[{"count":28,"href":"https:\/\/labogen.com\/it\/wp-json\/wp\/v2\/pages\/13171\/revisions"}],"predecessor-version":[{"id":271321,"href":"https:\/\/labogen.com\/it\/wp-json\/wp\/v2\/pages\/13171\/revisions\/271321"}],"wp:attachment":[{"href":"https:\/\/labogen.com\/it\/wp-json\/wp\/v2\/media?parent=13171"}],"curies":[{"name":"wp","href":"https:\/\/api.w.org\/{rel}","templated":true}]}}