{"id":9766,"date":"2024-06-26T13:33:11","date_gmt":"2024-06-26T11:33:11","guid":{"rendered":"https:\/\/staging.laboklin.com\/labogen\/labogen_wp\/index.php\/versand-und-zahlung\/"},"modified":"2024-09-26T12:04:21","modified_gmt":"2024-09-26T10:04:21","slug":"expedition-et-paiement","status":"publish","type":"page","link":"https:\/\/labogen.com\/fr\/expedition-et-paiement\/","title":{"rendered":"EXP\u00c9DITION ET PAIEMENT"},"content":{"rendered":"\t\t<div data-elementor-type=\"wp-page\" data-elementor-id=\"9766\" class=\"elementor elementor-9766 elementor-6326\">\n\t\t\t\t<div class=\"elementor-element elementor-element-ab6c338 e-flex e-con-boxed e-con e-parent\" data-id=\"ab6c338\" data-element_type=\"container\">\n\t\t\t\t\t<div class=\"e-con-inner\">\n\t\t\t\t<div class=\"elementor-element elementor-element-4137fdb elementor-widget elementor-widget-heading\" data-id=\"4137fdb\" data-element_type=\"widget\" data-widget_type=\"heading.default\">\n\t\t\t\t<div class=\"elementor-widget-container\">\n\t\t\t<h2 class=\"elementor-heading-title elementor-size-default\">Informations sur l'exp\u00e9dition<\/h2>\t\t<\/div>\n\t\t\t\t<\/div>\n\t\t\t\t<div class=\"elementor-element elementor-element-1644407 elementor-widget elementor-widget-text-editor\" data-id=\"1644407\" data-element_type=\"widget\" data-widget_type=\"text-editor.default\">\n\t\t\t\t<div class=\"elementor-widget-container\">\n\t\t\t\t\t\t\t<p>La livraison des kits de test est gratuite.  <\/p>\n\t\t\t\t\t\t<\/div>\n\t\t\t\t<\/div>\n\t\t\t\t\t<\/div>\n\t\t\t\t<\/div>\n\t\t<div class=\"elementor-element elementor-element-4958890 e-flex e-con-boxed e-con e-parent\" data-id=\"4958890\" data-element_type=\"container\">\n\t\t\t\t\t<div class=\"e-con-inner\">\n\t\t\t\t<div class=\"elementor-element elementor-element-35d02d4 elementor-widget elementor-widget-heading\" data-id=\"35d02d4\" data-element_type=\"widget\" data-widget_type=\"heading.default\">\n\t\t\t\t<div class=\"elementor-widget-container\">\n\t\t\t<h2 class=\"elementor-heading-title elementor-size-default\">Informations sur le paiement<\/h2>\t\t<\/div>\n\t\t\t\t<\/div>\n\t\t\t\t<div class=\"elementor-element elementor-element-d6d2c83 elementor-widget elementor-widget-text-editor\" data-id=\"d6d2c83\" data-element_type=\"widget\" data-widget_type=\"text-editor.default\">\n\t\t\t\t<div class=\"elementor-widget-container\">\n\t\t\t\t\t\t\t<p>Les prix indiqu\u00e9s sur les pages de produits incluent la TVA et les autres \u00e9l\u00e9ments de prix. Le paiement peut \u00eatre effectu\u00e9 par PayPal Plus (PayPal, carte de cr\u00e9dit ou pr\u00e9l\u00e8vement SEPA). En cas de paiement par carte de cr\u00e9dit, votre compte est d\u00e9bit\u00e9 \u00e0 la fin de la commande.  <\/p>\n\t\t\t\t\t\t<\/div>\n\t\t\t\t<\/div>\n\t\t\t\t\t<\/div>\n\t\t\t\t<\/div>\n\t\t<div class=\"elementor-element elementor-element-543c977 e-flex e-con-boxed e-con e-parent\" data-id=\"543c977\" data-element_type=\"container\">\n\t\t\t\t\t<div class=\"e-con-inner\">\n\t\t\t\t<div class=\"elementor-element elementor-element-e0d4175 elementor-widget elementor-widget-spacer\" data-id=\"e0d4175\" data-element_type=\"widget\" data-widget_type=\"spacer.default\">\n\t\t\t\t<div class=\"elementor-widget-container\">\n\t\t\t\t\t<div class=\"elementor-spacer\">\n\t\t\t<div class=\"elementor-spacer-inner\"><\/div>\n\t\t<\/div>\n\t\t\t\t<\/div>\n\t\t\t\t<\/div>\n\t\t\t\t\t<\/div>\n\t\t\t\t<\/div>\n\t\t<div class=\"elementor-element elementor-element-276ab5f e-flex e-con-boxed e-con e-parent\" data-id=\"276ab5f\" data-element_type=\"container\">\n\t\t\t\t\t<div class=\"e-con-inner\">\n\t\t\t\t<div class=\"elementor-element elementor-element-2fccbe3 elementor-widget elementor-widget-spacer\" data-id=\"2fccbe3\" data-element_type=\"widget\" data-widget_type=\"spacer.default\">\n\t\t\t\t<div class=\"elementor-widget-container\">\n\t\t\t\t\t<div class=\"elementor-spacer\">\n\t\t\t<div class=\"elementor-spacer-inner\"><\/div>\n\t\t<\/div>\n\t\t\t\t<\/div>\n\t\t\t\t<\/div>\n\t\t\t\t\t<\/div>\n\t\t\t\t<\/div>\n\t\t\t\t<\/div>\n\t\t","protected":false},"excerpt":{"rendered":"<p>Informations sur l&rsquo;exp\u00e9dition La livraison des kits de test est gratuite. Informations sur le paiement Les prix indiqu\u00e9s sur les pages de produits incluent la TVA et les autres \u00e9l\u00e9ments de prix. Le paiement peut \u00eatre effectu\u00e9 par PayPal Plus (PayPal, carte de cr\u00e9dit ou pr\u00e9l\u00e8vement SEPA). En cas de paiement par carte de cr\u00e9dit, [&hellip;]<\/p>\n","protected":false},"author":5,"featured_media":0,"parent":0,"menu_order":68,"comment_status":"closed","ping_status":"closed","template":"","meta":{"footnotes":""},"class_list":["post-9766","page","type-page","status-publish","hentry"],"_links":{"self":[{"href":"https:\/\/labogen.com\/fr\/wp-json\/wp\/v2\/pages\/9766","targetHints":{"allow":["GET"]}}],"collection":[{"href":"https:\/\/labogen.com\/fr\/wp-json\/wp\/v2\/pages"}],"about":[{"href":"https:\/\/labogen.com\/fr\/wp-json\/wp\/v2\/types\/page"}],"author":[{"embeddable":true,"href":"https:\/\/labogen.com\/fr\/wp-json\/wp\/v2\/users\/5"}],"replies":[{"embeddable":true,"href":"https:\/\/labogen.com\/fr\/wp-json\/wp\/v2\/comments?post=9766"}],"version-history":[{"count":15,"href":"https:\/\/labogen.com\/fr\/wp-json\/wp\/v2\/pages\/9766\/revisions"}],"predecessor-version":[{"id":12272,"href":"https:\/\/labogen.com\/fr\/wp-json\/wp\/v2\/pages\/9766\/revisions\/12272"}],"wp:attachment":[{"href":"https:\/\/labogen.com\/fr\/wp-json\/wp\/v2\/media?parent=9766"}],"curies":[{"name":"wp","href":"https:\/\/api.w.org\/{rel}","templated":true}]}}