{"id":9752,"date":"2020-05-08T06:54:27","date_gmt":"2020-05-08T04:54:27","guid":{"rendered":"https:\/\/staging.laboklin.com\/labogen\/labogen_wp\/index.php\/contacts\/"},"modified":"2024-10-25T17:18:50","modified_gmt":"2024-10-25T15:18:50","slug":"formulaire-de-contact","status":"publish","type":"page","link":"https:\/\/labogen.com\/fr\/formulaire-de-contact\/","title":{"rendered":"Formulaire de contact"},"content":{"rendered":"\t\t<div data-elementor-type=\"wp-page\" data-elementor-id=\"9752\" class=\"elementor elementor-9752 elementor-2014\">\n\t\t\t\t\t\t<section class=\"elementor-section elementor-top-section elementor-element elementor-element-3492446 elementor-section-content-middle elementor-section-boxed elementor-section-height-default elementor-section-height-default\" data-id=\"3492446\" data-element_type=\"section\">\n\t\t\t\t\t\t<div class=\"elementor-container elementor-column-gap-extended\">\n\t\t\t\t\t<div class=\"elementor-column elementor-col-50 elementor-top-column elementor-element elementor-element-c8de834 ot-flex-column-vertical\" data-id=\"c8de834\" data-element_type=\"column\">\n\t\t\t<div class=\"elementor-widget-wrap elementor-element-populated\">\n\t\t\t\t\t\t<div class=\"elementor-element elementor-element-7784e75 elementor-widget elementor-widget-heading\" data-id=\"7784e75\" data-element_type=\"widget\" data-widget_type=\"heading.default\">\n\t\t\t\t<div class=\"elementor-widget-container\">\n\t\t\t<h2 class=\"elementor-heading-title elementor-size-default\">Contactez-nous<\/h2>\t\t<\/div>\n\t\t\t\t<\/div>\n\t\t\t\t<div class=\"elementor-element elementor-element-2bc0966 elementor-widget elementor-widget-shortcode\" data-id=\"2bc0966\" data-element_type=\"widget\" data-widget_type=\"shortcode.default\">\n\t\t\t\t<div class=\"elementor-widget-container\">\n\t\t\t\t\t<div class=\"elementor-shortcode\"><div id=\"quform-d52e37\" class=\"quform quform-7 quform-theme-light quform-support-page-caching\"><form id=\"quform-form-d52e37\" class=\"quform-form quform-form-7\" action=\"\/fr\/wp-json\/wp\/v2\/pages\/9752#quform-d52e37\" method=\"post\" enctype=\"multipart\/form-data\" novalidate=\"novalidate\" data-options=\"{&quot;id&quot;:7,&quot;uniqueId&quot;:&quot;d52e37&quot;,&quot;theme&quot;:&quot;light&quot;,&quot;ajax&quot;:true,&quot;logic&quot;:{&quot;logic&quot;:[],&quot;dependents&quot;:[],&quot;elementIds&quot;:[],&quot;dependentElementIds&quot;:[],&quot;animate&quot;:true},&quot;currentPageId&quot;:1,&quot;errorsIcon&quot;:&quot;fa fa-minus-circle&quot;,&quot;updateFancybox&quot;:true,&quot;hasPages&quot;:false,&quot;pages&quot;:[1],&quot;pageProgressType&quot;:&quot;numbers&quot;,&quot;tooltipsEnabled&quot;:true,&quot;tooltipClasses&quot;:&quot;qtip-quform-dark qtip-shadow&quot;,&quot;tooltipMy&quot;:&quot;left center&quot;,&quot;tooltipAt&quot;:&quot;right center&quot;,&quot;isRtl&quot;:false,&quot;scrollOffset&quot;:-50,&quot;scrollSpeed&quot;:800}\"><button class=\"quform-default-submit\" name=\"quform_submit\" type=\"submit\" value=\"submit\" aria-hidden=\"true\" tabindex=\"-1\"><\/button><div class=\"quform-form-inner quform-form-inner-7\"><input type=\"hidden\" name=\"quform_form_id\" value=\"7\" \/><input type=\"hidden\" name=\"quform_form_uid\" value=\"d52e37\" \/><input type=\"hidden\" name=\"quform_count\" value=\"1\" \/><input type=\"hidden\" name=\"form_url\" value=\"https:\/\/labogen.com\/fr\/wp-json\/wp\/v2\/pages\/9752\" \/><input type=\"hidden\" name=\"referring_url\" value=\"\" \/><input type=\"hidden\" name=\"post_id\" value=\"\" \/><input type=\"hidden\" name=\"post_title\" value=\"\" \/><input type=\"hidden\" name=\"quform_current_page_id\" value=\"1\" \/><input type=\"hidden\" name=\"quform_csrf_token\" value=\"hPkwLgydl547O7Egi8V0VYPKf4f3WA0YHvT6QKRu\" \/><div class=\"quform-elements quform-elements-7 quform-cf quform-responsive-elements-phone-landscape\"><div class=\"quform-element quform-element-page quform-page-1 quform-page-7_1 quform-cf quform-group-style-plain quform-first-page quform-last-page quform-current-page\"><div class=\"quform-child-elements\"><div class=\"quform-element quform-element-row quform-element-row-7_19 quform-2-columns quform-element-row-size-fixed quform-responsive-columns-phone-landscape\"><div class=\"quform-element quform-element-column quform-element-7_20\"><div class=\"quform-element quform-element-select quform-element-7_18 quform-cf quform-element-required\"><div class=\"quform-spacer\"><div class=\"quform-label quform-label-7_18\"><label class=\"quform-label-text\" for=\"quform_7_18_d52e37\">Titre<span class=\"quform-required\">*<\/span><\/label><\/div><div class=\"quform-inner quform-inner-select quform-inner-7_18\"><div class=\"quform-input quform-input-select quform-input-7_18 quform-cf\"><select id=\"quform_7_18_d52e37\" name=\"quform_7_18\" class=\"quform-field quform-field-select quform-field-7_18\"><option value=\"\" selected=\"selected\">Veuillez s\u00e9lectionner<\/option><option value=\"Madame\">Madame<\/option><option value=\"Monsieur\">Monsieur<\/option><option value=\"divers\/pas d&#039;indication\">divers\/pas d&#039;indication<\/option><\/select><\/div><\/div><\/div><\/div><\/div><div class=\"quform-element quform-element-column quform-element-7_21\"><\/div><\/div><div class=\"quform-element quform-element-row quform-element-row-7_6 quform-2-columns quform-element-row-size-fixed quform-responsive-columns-phone-landscape\"><div class=\"quform-element quform-element-column quform-element-7_7\"><div class=\"quform-element quform-element-text quform-element-7_4 quform-cf quform-element-required\"><div class=\"quform-spacer\"><div class=\"quform-label quform-label-7_4\"><label class=\"quform-label-text\" for=\"quform_7_4_d52e37\">Pr\u00e9nom<span class=\"quform-required\">*<\/span><\/label><\/div><div class=\"quform-inner quform-inner-text quform-inner-7_4\"><div class=\"quform-input quform-input-text quform-input-7_4 quform-cf\"><input type=\"text\" id=\"quform_7_4_d52e37\" name=\"quform_7_4\" class=\"quform-field quform-field-text quform-field-7_4\" autocomplete=\"given-name\" \/><\/div><\/div><\/div><\/div><\/div><div class=\"quform-element quform-element-column quform-element-7_8\"><div class=\"quform-element quform-element-text quform-element-7_5 quform-cf quform-element-required\"><div class=\"quform-spacer\"><div class=\"quform-label quform-label-7_5\"><label class=\"quform-label-text\" for=\"quform_7_5_d52e37\">Nom de famille<span class=\"quform-required\">*<\/span><\/label><\/div><div class=\"quform-inner quform-inner-text quform-inner-7_5\"><div class=\"quform-input quform-input-text quform-input-7_5 quform-cf\"><input type=\"text\" id=\"quform_7_5_d52e37\" name=\"quform_7_5\" class=\"quform-field quform-field-text quform-field-7_5\" autocomplete=\"family-name\" \/><\/div><\/div><\/div><\/div><\/div><\/div><div class=\"quform-element quform-element-row quform-element-row-7_9 quform-2-columns quform-element-row-size-fixed quform-responsive-columns-phone-landscape\"><div class=\"quform-element quform-element-column quform-element-7_10\"><div class=\"quform-element quform-element-email quform-element-7_3 quform-cf quform-element-required\"><div class=\"quform-spacer\"><div class=\"quform-label quform-label-7_3\"><label class=\"quform-label-text\" for=\"quform_7_3_d52e37\">Courriel<span class=\"quform-required\">*<\/span><\/label><\/div><div class=\"quform-inner quform-inner-email quform-inner-7_3\"><div class=\"quform-input quform-input-email quform-input-7_3 quform-cf\"><input type=\"email\" id=\"quform_7_3_d52e37\" name=\"quform_7_3\" class=\"quform-field quform-field-email quform-field-7_3\" autocomplete=\"email\" \/><\/div><\/div><\/div><\/div><\/div><div class=\"quform-element quform-element-column quform-element-7_11\"><div class=\"quform-element quform-element-text quform-element-7_13 quform-cf quform-element-optional\"><div class=\"quform-spacer\"><div class=\"quform-label quform-label-7_13\"><label class=\"quform-label-text\" for=\"quform_7_13_d52e37\">T\u00e9l\u00e9phone<\/label><\/div><div class=\"quform-inner quform-inner-text quform-inner-7_13\"><div class=\"quform-input quform-input-text quform-input-7_13 quform-cf\"><input type=\"text\" id=\"quform_7_13_d52e37\" name=\"quform_7_13\" class=\"quform-field quform-field-text quform-field-7_13\" autocomplete=\"tel\" \/><\/div><\/div><\/div><\/div><\/div><\/div><div class=\"quform-element quform-element-text quform-element-7_14 quform-cf quform-element-required\"><div class=\"quform-spacer\"><div class=\"quform-label quform-label-7_14\"><label class=\"quform-label-text\" for=\"quform_7_14_d52e37\">Sujet<span class=\"quform-required\">*<\/span><\/label><\/div><div class=\"quform-inner quform-inner-text quform-inner-7_14\"><div class=\"quform-input quform-input-text quform-input-7_14 quform-cf\"><input type=\"text\" id=\"quform_7_14_d52e37\" name=\"quform_7_14\" class=\"quform-field quform-field-text quform-field-7_14\" \/><\/div><\/div><\/div><\/div><div class=\"quform-element quform-element-textarea quform-element-7_15 quform-cf quform-element-required\"><div class=\"quform-spacer\"><div class=\"quform-label quform-label-7_15\"><label class=\"quform-label-text\" for=\"quform_7_15_d52e37\">Votre message<span class=\"quform-required\">*<\/span><\/label><\/div><div class=\"quform-inner quform-inner-textarea quform-inner-7_15\"><div class=\"quform-input quform-input-textarea quform-input-7_15 quform-cf\"><textarea id=\"quform_7_15_d52e37\" name=\"quform_7_15\" class=\"quform-field quform-field-textarea quform-field-7_15\"><\/textarea><\/div><\/div><\/div><\/div><div class=\"quform-element quform-element-recaptcha quform-element-7_16 quform-cf quform-element-required quform-recaptcha-no-size\"><div class=\"quform-spacer\"><div class=\"quform-inner quform-inner-recaptcha quform-inner-7_16\"><div class=\"quform-input quform-input-recaptcha quform-input-7_16 quform-cf\"><div class=\"quform-recaptcha\" data-config=\"{&quot;sitekey&quot;:&quot;6Lcx9kgqAAAAAFluDV5XRYF35iFX7qQA8UFbfdx3&quot;,&quot;_version&quot;:&quot;v3&quot;,&quot;size&quot;:&quot;invisible&quot;,&quot;type&quot;:&quot;image&quot;,&quot;theme&quot;:&quot;light&quot;,&quot;badge&quot;:&quot;bottomright&quot;}\"><\/div><noscript>Veuillez activer JavaScript pour l\u2019envoi de ce formulaire.<\/noscript><\/div><\/div><\/div><\/div><div class=\"quform-element quform-element-checkbox quform-element-7_17 quform-cf quform-element-required\"><div class=\"quform-spacer\"><div class=\"quform-label quform-label-7_17\"><label class=\"quform-label-text\" id=\"quform_7_17_d52e37_label\">Protection des donn\u00e9es<span class=\"quform-required\">*<\/span><\/label><\/div><div class=\"quform-inner quform-inner-checkbox quform-inner-7_17\"><div class=\"quform-input quform-input-checkbox quform-input-7_17 quform-cf\"><div class=\"quform-options quform-cf quform-options-block quform-options-simple\" role=\"group\" aria-labelledby=\"quform_7_17_d52e37_label\"><div class=\"quform-option\"><input type=\"checkbox\" name=\"quform_7_17[]\" id=\"quform_7_17_d52e37_1\" class=\"quform-field quform-field-checkbox quform-field-7_17 quform-field-7_17_1\" value=\"J&#039;ai lu la &lt;a title=&quot;r\u00e9glementation sur la protection&quot; href=&quot;https:\/\/labogen.com\/fr\/protection-des-donnees\/&quot; target=&quot;_blank&quot;&gt; r\u00e9glementation sur la protection&lt;\/a&gt; des donn\u00e9es.\" \/><label for=\"quform_7_17_d52e37_1\" class=\"quform-option-label quform-option-label-7_17_1\"><span class=\"quform-option-text\">J'ai lu la <a title=\"r\u00e9glementation sur la protection\" href=\"https:\/\/labogen.com\/fr\/protection-des-donnees\/\" target=\"_blank\"> r\u00e9glementation sur la protection<\/a> des donn\u00e9es.<\/span><\/label><\/div><\/div><\/div><\/div><\/div><\/div><div class=\"quform-element quform-element-submit quform-element-7_2 quform-cf quform-button-style-theme\"><div class=\"quform-button-submit quform-button-submit-default quform-button-submit-7_2 quform-button-icon-right\"><button name=\"quform_submit\" type=\"submit\" class=\"quform-submit\" value=\"submit\"><span class=\"quform-button-text quform-button-submit-text\">Soumettre<\/span><span class=\"quform-button-icon quform-button-submit-icon\"><i class=\"qicon-paper-plane\"><\/i><\/span><\/button><\/div><div class=\"quform-loading quform-loading-position-left quform-loading-type-spinner-1\"><div class=\"quform-loading-inner\"><div class=\"quform-loading-spinner\"><div class=\"quform-loading-spinner-inner\"><\/div><\/div><\/div><\/div><\/div><div class=\"quform-element-tree\"><label for=\"quform_7_0_d52e37\">Ce champ devrait \u00eatre laiss\u00e9 vide<\/label><input type=\"text\" id=\"quform_7_0_d52e37\" name=\"quform_7_0\" class=\"quform-field quform-field-tree quform-field-7_0\" tabindex=\"-1\" autocomplete=\"off\" \/><\/div><\/div><\/div><\/div><\/div><\/form><\/div><\/div>\n\t\t\t\t<\/div>\n\t\t\t\t<\/div>\n\t\t\t\t\t<\/div>\n\t\t<\/div>\n\t\t\t\t<div class=\"elementor-column elementor-col-50 elementor-top-column elementor-element elementor-element-131457d ot-flex-column-vertical\" data-id=\"131457d\" data-element_type=\"column\" data-settings=\"{&quot;background_background&quot;:&quot;classic&quot;}\">\n\t\t\t<div class=\"elementor-widget-wrap elementor-element-populated\">\n\t\t\t\t\t\t<div class=\"elementor-element elementor-element-6a183e2 elementor-widget elementor-widget-iheading\" data-id=\"6a183e2\" data-element_type=\"widget\" data-widget_type=\"iheading.default\">\n\t\t\t\t<div class=\"elementor-widget-container\">\n\t\t\t\t\t<div class=\"ot-heading \">\r\n\t        <span>[ nos coordonn\u00e9es ]<\/span>\t        <h2 class=\"main-heading\">Nous sommes l\u00e0 pour vous....<\/h2>\t    <\/div>\r\n\t    \t\t<\/div>\n\t\t\t\t<\/div>\n\t\t\t\t<div class=\"elementor-element elementor-element-c6c295b elementor-widget elementor-widget-text-editor\" data-id=\"c6c295b\" data-element_type=\"widget\" data-widget_type=\"text-editor.default\">\n\t\t\t\t<div class=\"elementor-widget-container\">\n\t\t\t\t\t\t\t<p>Appelez-nous ou passez nous voir \u00e0 tout moment, nous nous effor\u00e7ons de r\u00e9pondre \u00e0 toutes les demandes dans les 24 heures les jours ouvrables. Nous serons heureux de r\u00e9pondre \u00e0 vos questions.<\/p>\n\t\t\t\t\t\t<\/div>\n\t\t\t\t<\/div>\n\t\t\t\t<div class=\"elementor-element elementor-element-6942fc6 elementor-widget elementor-widget-icontact_info\" data-id=\"6942fc6\" data-element_type=\"widget\" data-widget_type=\"icontact_info.default\">\n\t\t\t\t<div class=\"elementor-widget-container\">\n\t\t\t\t    \t<div class=\"contact-info\">\r\n\t\t        \t\t\t    \r\n\t\t\t    \t\t        <i class=\"ot-flaticon-place\"><\/i>\r\n\t\t        <div class=\"info-text\">\r\n\t\t        \t<h6>NOTRE ADRESSE :<\/h6>\t\t        \t<p>4, rue Steubenstra\u00dfe<br>\n97688 Bad Kissingen<br>\nAllemagne<\/p>\t\t        <\/div>\r\n\t\t    <\/div>\r\n\t    \t\t<\/div>\n\t\t\t\t<\/div>\n\t\t\t\t<div class=\"elementor-element elementor-element-1e04d08 elementor-widget elementor-widget-icontact_info\" data-id=\"1e04d08\" data-element_type=\"widget\" data-widget_type=\"icontact_info.default\">\n\t\t\t\t<div class=\"elementor-widget-container\">\n\t\t\t\t    \t<div class=\"contact-info\">\r\n\t\t        \t\t\t    \r\n\t\t\t    \t\t        <i class=\"ot-flaticon-mail\"><\/i>\r\n\t\t        <div class=\"info-text\">\r\n\t\t        \t<h6>E-MAIL :<\/h6>\t\t        \t<p><a href=\"mailto:labo.france@laboklin.com\">labo.france@laboklin.com<\/a><\/p>\t\t        <\/div>\r\n\t\t    <\/div>\r\n\t    \t\t<\/div>\n\t\t\t\t<\/div>\n\t\t\t\t<div class=\"elementor-element elementor-element-0fecad6 elementor-widget elementor-widget-icontact_info\" data-id=\"0fecad6\" data-element_type=\"widget\" data-widget_type=\"icontact_info.default\">\n\t\t\t\t<div class=\"elementor-widget-container\">\n\t\t\t\t    \t<div class=\"contact-info\">\r\n\t\t        \t\t\t    \r\n\t\t\t    \t\t        <i class=\"ot-flaticon-phone-call\"><\/i>\r\n\t\t        <div class=\"info-text\">\r\n\t\t        \t<h6>TELEPHONE :<\/h6>\t\t        \t<p><a href=\"tel:+33967328580\">+33 (0) 9 67 - 32 85 80<\/a><\/p>\t\t        <\/div>\r\n\t\t    <\/div>\r\n\t    \t\t<\/div>\n\t\t\t\t<\/div>\n\t\t\t\t<div class=\"elementor-element elementor-element-6d3148f e-grid-align-left elementor-shape-rounded elementor-grid-0 elementor-widget elementor-widget-social-icons\" data-id=\"6d3148f\" data-element_type=\"widget\" data-widget_type=\"social-icons.default\">\n\t\t\t\t<div class=\"elementor-widget-container\">\n\t\t\t\t\t<div class=\"elementor-social-icons-wrapper elementor-grid\">\n\t\t\t\t\t\t\t<span class=\"elementor-grid-item\">\n\t\t\t\t\t<a class=\"elementor-icon elementor-social-icon elementor-social-icon-facebook-f elementor-repeater-item-030f11b\" target=\"_blank\">\n\t\t\t\t\t\t<span class=\"elementor-screen-only\">Facebook-f<\/span>\n\t\t\t\t\t\t<svg class=\"e-font-icon-svg e-fab-facebook-f\" viewBox=\"0 0 320 512\" xmlns=\"http:\/\/www.w3.org\/2000\/svg\"><path d=\"M279.14 288l14.22-92.66h-88.91v-60.13c0-25.35 12.42-50.06 52.24-50.06h40.42V6.26S260.43 0 225.36 0c-73.22 0-121.08 44.38-121.08 124.72v70.62H22.89V288h81.39v224h100.17V288z\"><\/path><\/svg>\t\t\t\t\t<\/a>\n\t\t\t\t<\/span>\n\t\t\t\t\t\t\t<span class=\"elementor-grid-item\">\n\t\t\t\t\t<a class=\"elementor-icon elementor-social-icon elementor-social-icon-linkedin-in elementor-repeater-item-9c6b4b3\" target=\"_blank\">\n\t\t\t\t\t\t<span class=\"elementor-screen-only\">Linkedin-in<\/span>\n\t\t\t\t\t\t<svg class=\"e-font-icon-svg e-fab-linkedin-in\" viewBox=\"0 0 448 512\" xmlns=\"http:\/\/www.w3.org\/2000\/svg\"><path d=\"M100.28 448H7.4V148.9h92.88zM53.79 108.1C24.09 108.1 0 83.5 0 53.8a53.79 53.79 0 0 1 107.58 0c0 29.7-24.1 54.3-53.79 54.3zM447.9 448h-92.68V302.4c0-34.7-.7-79.2-48.29-79.2-48.29 0-55.69 37.7-55.69 76.7V448h-92.78V148.9h89.08v40.8h1.3c12.4-23.5 42.69-48.3 87.88-48.3 94 0 111.28 61.9 111.28 142.3V448z\"><\/path><\/svg>\t\t\t\t\t<\/a>\n\t\t\t\t<\/span>\n\t\t\t\t\t\t\t<span class=\"elementor-grid-item\">\n\t\t\t\t\t<a class=\"elementor-icon elementor-social-icon elementor-social-icon-instagram elementor-repeater-item-b977f7f\" target=\"_blank\">\n\t\t\t\t\t\t<span class=\"elementor-screen-only\">Instagram<\/span>\n\t\t\t\t\t\t<svg class=\"e-font-icon-svg e-fab-instagram\" viewBox=\"0 0 448 512\" xmlns=\"http:\/\/www.w3.org\/2000\/svg\"><path d=\"M224.1 141c-63.6 0-114.9 51.3-114.9 114.9s51.3 114.9 114.9 114.9S339 319.5 339 255.9 287.7 141 224.1 141zm0 189.6c-41.1 0-74.7-33.5-74.7-74.7s33.5-74.7 74.7-74.7 74.7 33.5 74.7 74.7-33.6 74.7-74.7 74.7zm146.4-194.3c0 14.9-12 26.8-26.8 26.8-14.9 0-26.8-12-26.8-26.8s12-26.8 26.8-26.8 26.8 12 26.8 26.8zm76.1 27.2c-1.7-35.9-9.9-67.7-36.2-93.9-26.2-26.2-58-34.4-93.9-36.2-37-2.1-147.9-2.1-184.9 0-35.8 1.7-67.6 9.9-93.9 36.1s-34.4 58-36.2 93.9c-2.1 37-2.1 147.9 0 184.9 1.7 35.9 9.9 67.7 36.2 93.9s58 34.4 93.9 36.2c37 2.1 147.9 2.1 184.9 0 35.9-1.7 67.7-9.9 93.9-36.2 26.2-26.2 34.4-58 36.2-93.9 2.1-37 2.1-147.8 0-184.8zM398.8 388c-7.8 19.6-22.9 34.7-42.6 42.6-29.5 11.7-99.5 9-132.1 9s-102.7 2.6-132.1-9c-19.6-7.8-34.7-22.9-42.6-42.6-11.7-29.5-9-99.5-9-132.1s-2.6-102.7 9-132.1c7.8-19.6 22.9-34.7 42.6-42.6 29.5-11.7 99.5-9 132.1-9s102.7-2.6 132.1 9c19.6 7.8 34.7 22.9 42.6 42.6 11.7 29.5 9 99.5 9 132.1s2.7 102.7-9 132.1z\"><\/path><\/svg>\t\t\t\t\t<\/a>\n\t\t\t\t<\/span>\n\t\t\t\t\t<\/div>\n\t\t\t\t<\/div>\n\t\t\t\t<\/div>\n\t\t\t\t\t<\/div>\n\t\t<\/div>\n\t\t\t\t\t<\/div>\n\t\t<\/section>\n\t\t\t\t<section class=\"elementor-section elementor-top-section elementor-element elementor-element-1c7707d elementor-section-full_width elementor-section-height-default elementor-section-height-default\" data-id=\"1c7707d\" data-element_type=\"section\">\n\t\t\t\t\t\t<div class=\"elementor-container elementor-column-gap-default\">\n\t\t\t\t\t<div class=\"elementor-column elementor-col-100 elementor-top-column elementor-element elementor-element-3972b22 ot-flex-column-vertical\" data-id=\"3972b22\" data-element_type=\"column\">\n\t\t\t<div class=\"elementor-widget-wrap elementor-element-populated\">\n\t\t\t\t\t\t<div class=\"elementor-element elementor-element-d0a39be elementor-widget elementor-widget-google_maps\" data-id=\"d0a39be\" data-element_type=\"widget\" data-widget_type=\"google_maps.default\">\n\t\t\t\t<div class=\"elementor-widget-container\">\n\t\t\t\t\t<div class=\"elementor-custom-embed\">\n\t\t\t<iframe loading=\"lazy\"\n\t\t\t\t\tsrc=\"https:\/\/maps.google.com\/maps?q=%20Steubenstra%C3%9Fe%204%2097688%20Bad%20Kissingen%20D-Deutschland&#038;t=m&#038;z=17&#038;output=embed&#038;iwloc=near\"\n\t\t\t\t\ttitle=\" Steubenstra\u00dfe 4 97688 Bad Kissingen D-Deutschland\"\n\t\t\t\t\taria-label=\" Steubenstra\u00dfe 4 97688 Bad Kissingen D-Deutschland\"\n\t\t\t><\/iframe>\n\t\t<\/div>\n\t\t\t\t<\/div>\n\t\t\t\t<\/div>\n\t\t\t\t\t<\/div>\n\t\t<\/div>\n\t\t\t\t\t<\/div>\n\t\t<\/section>\n\t\t\t\t<\/div>\n\t\t","protected":false},"excerpt":{"rendered":"<p>Contactez-nous [ nos coordonn\u00e9es ] Nous sommes l\u00e0 pour vous&#8230;. Appelez-nous ou passez nous voir \u00e0 tout moment, nous nous effor\u00e7ons de r\u00e9pondre \u00e0 toutes les demandes dans les 24 heures les jours ouvrables. Nous serons heureux de r\u00e9pondre \u00e0 vos questions. NOTRE ADRESSE : 4, rue Steubenstra\u00dfe 97688 Bad Kissingen Allemagne E-MAIL : labo.france@laboklin.com [&hellip;]<\/p>\n","protected":false},"author":3,"featured_media":0,"parent":0,"menu_order":3,"comment_status":"closed","ping_status":"closed","template":"","meta":{"footnotes":""},"class_list":["post-9752","page","type-page","status-publish","hentry"],"_links":{"self":[{"href":"https:\/\/labogen.com\/fr\/wp-json\/wp\/v2\/pages\/9752","targetHints":{"allow":["GET"]}}],"collection":[{"href":"https:\/\/labogen.com\/fr\/wp-json\/wp\/v2\/pages"}],"about":[{"href":"https:\/\/labogen.com\/fr\/wp-json\/wp\/v2\/types\/page"}],"author":[{"embeddable":true,"href":"https:\/\/labogen.com\/fr\/wp-json\/wp\/v2\/users\/3"}],"replies":[{"embeddable":true,"href":"https:\/\/labogen.com\/fr\/wp-json\/wp\/v2\/comments?post=9752"}],"version-history":[{"count":18,"href":"https:\/\/labogen.com\/fr\/wp-json\/wp\/v2\/pages\/9752\/revisions"}],"predecessor-version":[{"id":276059,"href":"https:\/\/labogen.com\/fr\/wp-json\/wp\/v2\/pages\/9752\/revisions\/276059"}],"wp:attachment":[{"href":"https:\/\/labogen.com\/fr\/wp-json\/wp\/v2\/media?parent=9752"}],"curies":[{"name":"wp","href":"https:\/\/api.w.org\/{rel}","templated":true}]}}