{"id":3985,"date":"2020-07-07T04:14:44","date_gmt":"2020-07-07T04:14:44","guid":{"rendered":"http:\/\/wpdemo.archiwp.com\/theratio\/?page_id=3985"},"modified":"2024-07-09T11:19:59","modified_gmt":"2024-07-09T09:19:59","slug":"blog-grid","status":"publish","type":"page","link":"https:\/\/labogen.com\/fr\/blog-grid\/","title":{"rendered":"INFOTHEK | Neuigkeiten"},"content":{"rendered":"\t\t<div data-elementor-type=\"wp-page\" data-elementor-id=\"3985\" class=\"elementor elementor-3985\">\n\t\t\t\t\t\t<section class=\"elementor-section elementor-top-section elementor-element elementor-element-3d510d1 elementor-section-boxed elementor-section-height-default elementor-section-height-default\" data-id=\"3d510d1\" data-element_type=\"section\">\n\t\t\t\t\t\t<div class=\"elementor-container elementor-column-gap-default\">\n\t\t\t\t\t<div class=\"elementor-column elementor-col-100 elementor-top-column elementor-element elementor-element-a53f8c2 ot-flex-column-vertical\" data-id=\"a53f8c2\" data-element_type=\"column\">\n\t\t\t<div class=\"elementor-widget-wrap elementor-element-populated\">\n\t\t\t\t\t\t<div class=\"elementor-element elementor-element-705f2bd elementor-widget elementor-widget-ipost_grid\" data-id=\"705f2bd\" data-element_type=\"widget\" data-widget_type=\"ipost_grid.default\">\n\t\t\t\t<div class=\"elementor-widget-container\">\n\t\t\t\t\t<div class=\"blog-grid pf_3_cols v-light\">\r\n        \t \r\n<article id=\"post-286496\" class=\"post-box masonry-post-item post-286496 post type-post status-publish format-standard has-post-thumbnail hentry category-chat tag-chat tag-test-genetique\">\r\n\t<div class=\"post-inner\">\r\n\t    \r\n\t        <div class=\"entry-media post-cat-abs\">\r\n\t            <a href=\"https:\/\/labogen.com\/fr\/2026\/01\/29\/efficacite-du-clopidogrel-chez-le-chat\/\">\r\n\t                <img fetchpriority=\"high\" decoding=\"async\" width=\"1024\" height=\"950\" src=\"https:\/\/labogen.com\/wp-content\/uploads\/2026\/02\/Maine-Coon_ChatGPT_web.png\" class=\"attachment-post-thumbnail size-post-thumbnail wp-post-image\" alt=\"\" srcset=\"https:\/\/labogen.com\/wp-content\/uploads\/2026\/02\/Maine-Coon_ChatGPT_web.png 1024w, https:\/\/labogen.com\/wp-content\/uploads\/2026\/02\/Maine-Coon_ChatGPT_web-300x278.png 300w, https:\/\/labogen.com\/wp-content\/uploads\/2026\/02\/Maine-Coon_ChatGPT_web-768x713.png 768w\" sizes=\"(max-width: 1024px) 100vw, 1024px\" \/>\t            <\/a>\r\n\t            <div class=\"post-cat\"><div class=\"posted-in\"><a href=\"https:\/\/labogen.com\/fr\/category\/chat\/\" rel=\"category tag\">Chat<\/a><\/div><\/div>\t        <\/div>\r\n\t        \r\n\t    \r\n\t    <div class=\"inner-post\">\r\n\t        <div class=\"entry-header\">\r\n\r\n\t            \t            <div class=\"entry-meta\">\r\n\t            \t<span class=\"posted-on\"><a href=\"https:\/\/labogen.com\/fr\/2026\/01\/29\/efficacite-du-clopidogrel-chez-le-chat\/\" rel=\"bookmark\"><time class=\"entry-date published\" datetime=\"2026-01-29T11:41:23+01:00\">29 janvier 2026<\/time><\/a><\/span>\t            <\/div><!-- .entry-meta -->\r\n\t            \r\n\t            <h4 class=\"entry-title\"><a class=\"title-link\" href=\"https:\/\/labogen.com\/fr\/2026\/01\/29\/efficacite-du-clopidogrel-chez-le-chat\/\" rel=\"bookmark\">Efficacit\u00e9 du clopidogrel chez le chat<\/a><\/h4>\r\n\t        <\/div><!-- .entry-header -->\r\n\r\n\t        <div class=\"entry-summary the-excerpt\">\r\n\r\n\t            <p>Efficacit\u00e9 du clopidogrel chez le chat La thromboembolie art\u00e9rielle (TEA) est une complication grave et souvent mortelle chez les chats atteints de cardiomyopathie hypertrophique (CMH) ou d&rsquo;autres maladies cardiaques. Elle se produit lorsqu&rsquo;un caillot de sang (thrombus) obstrue une art\u00e8re et interrompt ainsi le flux sanguin vers les organes ou les membres. Les cons\u00e9quences sont [&hellip;]<\/p>\n\r\n\t        <\/div><!-- .entry-content -->\r\n\t        <div class=\"entry-footer\">\r\n\t        \t<a href=\"https:\/\/labogen.com\/fr\/2026\/01\/29\/efficacite-du-clopidogrel-chez-le-chat\/\" class=\"btn-details\"> weiter lesen ...<\/a>\t        <\/div>\r\n\t    <\/div>\r\n\t<\/div>\r\n<\/article> \r\n<article id=\"post-283317\" class=\"post-box masonry-post-item post-283317 post type-post status-publish format-standard has-post-thumbnail hentry category-chat tag-chat tag-paket-fr tag-test-genetique\">\r\n\t<div class=\"post-inner\">\r\n\t    \r\n\t        <div class=\"entry-media post-cat-abs\">\r\n\t            <a href=\"https:\/\/labogen.com\/fr\/2025\/08\/18\/new-the-labogenetics-xxl-cat-premium-snp-dna-profile-combo-pack\/\">\r\n\t                <img decoding=\"async\" width=\"720\" height=\"668\" src=\"https:\/\/labogen.com\/wp-content\/uploads\/2025\/08\/MaineCoon1-1.jpg\" class=\"attachment-post-thumbnail size-post-thumbnail wp-post-image\" alt=\"\" srcset=\"https:\/\/labogen.com\/wp-content\/uploads\/2025\/08\/MaineCoon1-1.jpg 720w, https:\/\/labogen.com\/wp-content\/uploads\/2025\/08\/MaineCoon1-1-300x278.jpg 300w\" sizes=\"(max-width: 720px) 100vw, 720px\" \/>\t            <\/a>\r\n\t            <div class=\"post-cat\"><div class=\"posted-in\"><a href=\"https:\/\/labogen.com\/fr\/category\/chat\/\" rel=\"category tag\">Chat<\/a><\/div><\/div>\t        <\/div>\r\n\t        \r\n\t    \r\n\t    <div class=\"inner-post\">\r\n\t        <div class=\"entry-header\">\r\n\r\n\t            \t            <div class=\"entry-meta\">\r\n\t            \t<span class=\"posted-on\"><a href=\"https:\/\/labogen.com\/fr\/2025\/08\/18\/new-the-labogenetics-xxl-cat-premium-snp-dna-profile-combo-pack\/\" rel=\"bookmark\"><time class=\"entry-date published\" datetime=\"2025-08-18T12:29:00+02:00\">18 ao\u00fbt 2025<\/time><\/a><\/span>\t            <\/div><!-- .entry-meta -->\r\n\t            \r\n\t            <h4 class=\"entry-title\"><a class=\"title-link\" href=\"https:\/\/labogen.com\/fr\/2025\/08\/18\/new-the-labogenetics-xxl-cat-premium-snp-dna-profile-combo-pack\/\" rel=\"bookmark\">NEW: The LABOGenetics XXL Cat + Premium SNP DNA Profile Combo Pack<\/a><\/h4>\r\n\t        <\/div><!-- .entry-header -->\r\n\r\n\t        <div class=\"entry-summary the-excerpt\">\r\n\r\n\t            <p>NEW: The LABOGenetics XXL Cat + Premium SNP DNA Profile Combo Pack A new combination package is now available in our Labogen webshop, combining the LABOGenetics XXL Cat genetic screening with the Premium SNP DNA profile. A similar combination package has also been available for dogs for some time now. In addition to the comprehensive [&hellip;]<\/p>\n\r\n\t        <\/div><!-- .entry-content -->\r\n\t        <div class=\"entry-footer\">\r\n\t        \t<a href=\"https:\/\/labogen.com\/fr\/2025\/08\/18\/new-the-labogenetics-xxl-cat-premium-snp-dna-profile-combo-pack\/\" class=\"btn-details\"> weiter lesen ...<\/a>\t        <\/div>\r\n\t    <\/div>\r\n\t<\/div>\r\n<\/article> \r\n<article id=\"post-283309\" class=\"post-box masonry-post-item post-283309 post type-post status-publish format-standard has-post-thumbnail hentry category-chien tag-chien tag-paket-fr tag-test-genetique\">\r\n\t<div class=\"post-inner\">\r\n\t    \r\n\t        <div class=\"entry-media post-cat-abs\">\r\n\t            <a href=\"https:\/\/labogen.com\/fr\/2025\/08\/18\/combination-dalmatian\/\">\r\n\t                <img decoding=\"async\" width=\"960\" height=\"640\" src=\"https:\/\/labogen.com\/wp-content\/uploads\/2025\/08\/Dalmatiner.jpeg\" class=\"attachment-post-thumbnail size-post-thumbnail wp-post-image\" alt=\"\" srcset=\"https:\/\/labogen.com\/wp-content\/uploads\/2025\/08\/Dalmatiner.jpeg 960w, https:\/\/labogen.com\/wp-content\/uploads\/2025\/08\/Dalmatiner-300x200.jpeg 300w, https:\/\/labogen.com\/wp-content\/uploads\/2025\/08\/Dalmatiner-768x512.jpeg 768w\" sizes=\"(max-width: 960px) 100vw, 960px\" \/>\t            <\/a>\r\n\t            <div class=\"post-cat\"><div class=\"posted-in\"><a href=\"https:\/\/labogen.com\/fr\/category\/chien\/\" rel=\"category tag\">Chien<\/a><\/div><\/div>\t        <\/div>\r\n\t        \r\n\t    \r\n\t    <div class=\"inner-post\">\r\n\t        <div class=\"entry-header\">\r\n\r\n\t            \t            <div class=\"entry-meta\">\r\n\t            \t<span class=\"posted-on\"><a href=\"https:\/\/labogen.com\/fr\/2025\/08\/18\/combination-dalmatian\/\" rel=\"bookmark\"><time class=\"entry-date published\" datetime=\"2025-08-18T11:57:50+02:00\">18 ao\u00fbt 2025<\/time><\/a><\/span>\t            <\/div><!-- .entry-meta -->\r\n\t            \r\n\t            <h4 class=\"entry-title\"><a class=\"title-link\" href=\"https:\/\/labogen.com\/fr\/2025\/08\/18\/combination-dalmatian\/\" rel=\"bookmark\">Combination Dalmatian<\/a><\/h4>\r\n\t        <\/div><!-- .entry-header -->\r\n\r\n\t        <div class=\"entry-summary the-excerpt\">\r\n\r\n\t            <p>Combination Dalmatian Further information can be found here Order now Image source: Adobe Stock<\/p>\n\r\n\t        <\/div><!-- .entry-content -->\r\n\t        <div class=\"entry-footer\">\r\n\t        \t<a href=\"https:\/\/labogen.com\/fr\/2025\/08\/18\/combination-dalmatian\/\" class=\"btn-details\"> weiter lesen ...<\/a>\t        <\/div>\r\n\t    <\/div>\r\n\t<\/div>\r\n<\/article> \r\n<article id=\"post-283301\" class=\"post-box masonry-post-item post-283301 post type-post status-publish format-standard has-post-thumbnail hentry category-chien tag-chien tag-test-genetique\">\r\n\t<div class=\"post-inner\">\r\n\t    \r\n\t        <div class=\"entry-media post-cat-abs\">\r\n\t            <a href=\"https:\/\/labogen.com\/fr\/2025\/08\/18\/progressive-retinal-atrophy-gtpbp2-pra-in-labrador-retrievers\/\">\r\n\t                <img loading=\"lazy\" decoding=\"async\" width=\"1440\" height=\"960\" src=\"https:\/\/labogen.com\/wp-content\/uploads\/2025\/08\/Labrador.jpg\" class=\"attachment-post-thumbnail size-post-thumbnail wp-post-image\" alt=\"\" srcset=\"https:\/\/labogen.com\/wp-content\/uploads\/2025\/08\/Labrador.jpg 1440w, https:\/\/labogen.com\/wp-content\/uploads\/2025\/08\/Labrador-300x200.jpg 300w, https:\/\/labogen.com\/wp-content\/uploads\/2025\/08\/Labrador-1024x683.jpg 1024w, https:\/\/labogen.com\/wp-content\/uploads\/2025\/08\/Labrador-768x512.jpg 768w, https:\/\/labogen.com\/wp-content\/uploads\/2025\/08\/Labrador-1320x880.jpg 1320w\" sizes=\"(max-width: 1440px) 100vw, 1440px\" \/>\t            <\/a>\r\n\t            <div class=\"post-cat\"><div class=\"posted-in\"><a href=\"https:\/\/labogen.com\/fr\/category\/chien\/\" rel=\"category tag\">Chien<\/a><\/div><\/div>\t        <\/div>\r\n\t        \r\n\t    \r\n\t    <div class=\"inner-post\">\r\n\t        <div class=\"entry-header\">\r\n\r\n\t            \t            <div class=\"entry-meta\">\r\n\t            \t<span class=\"posted-on\"><a href=\"https:\/\/labogen.com\/fr\/2025\/08\/18\/progressive-retinal-atrophy-gtpbp2-pra-in-labrador-retrievers\/\" rel=\"bookmark\"><time class=\"entry-date published\" datetime=\"2025-08-18T11:47:49+02:00\">18 ao\u00fbt 2025<\/time><\/a><\/span>\t            <\/div><!-- .entry-meta -->\r\n\t            \r\n\t            <h4 class=\"entry-title\"><a class=\"title-link\" href=\"https:\/\/labogen.com\/fr\/2025\/08\/18\/progressive-retinal-atrophy-gtpbp2-pra-in-labrador-retrievers\/\" rel=\"bookmark\">Progressive retinal atrophy (GTPBP2-PRA) in Labrador Retrievers<\/a><\/h4>\r\n\t        <\/div><!-- .entry-header -->\r\n\r\n\t        <div class=\"entry-summary the-excerpt\">\r\n\r\n\t            <p>Progressive retinal atrophy (GTPBP2-PRA) in Labrador Retrievers Further information can be found here Order now Image source: Envato elements<\/p>\n\r\n\t        <\/div><!-- .entry-content -->\r\n\t        <div class=\"entry-footer\">\r\n\t        \t<a href=\"https:\/\/labogen.com\/fr\/2025\/08\/18\/progressive-retinal-atrophy-gtpbp2-pra-in-labrador-retrievers\/\" class=\"btn-details\"> weiter lesen ...<\/a>\t        <\/div>\r\n\t    <\/div>\r\n\t<\/div>\r\n<\/article> \r\n<article id=\"post-283293\" class=\"post-box masonry-post-item post-283293 post type-post status-publish format-standard has-post-thumbnail hentry category-chien tag-chien tag-test-genetique\">\r\n\t<div class=\"post-inner\">\r\n\t    \r\n\t        <div class=\"entry-media post-cat-abs\">\r\n\t            <a href=\"https:\/\/labogen.com\/fr\/2025\/08\/18\/polioencephalopathy-pe-in-eurasiers\/\">\r\n\t                <img loading=\"lazy\" decoding=\"async\" width=\"960\" height=\"640\" src=\"https:\/\/labogen.com\/wp-content\/uploads\/2025\/08\/Eurasier_AdobeStock.jpg\" class=\"attachment-post-thumbnail size-post-thumbnail wp-post-image\" alt=\"\" srcset=\"https:\/\/labogen.com\/wp-content\/uploads\/2025\/08\/Eurasier_AdobeStock.jpg 960w, https:\/\/labogen.com\/wp-content\/uploads\/2025\/08\/Eurasier_AdobeStock-300x200.jpg 300w, https:\/\/labogen.com\/wp-content\/uploads\/2025\/08\/Eurasier_AdobeStock-768x512.jpg 768w\" sizes=\"(max-width: 960px) 100vw, 960px\" \/>\t            <\/a>\r\n\t            <div class=\"post-cat\"><div class=\"posted-in\"><a href=\"https:\/\/labogen.com\/fr\/category\/chien\/\" rel=\"category tag\">Chien<\/a><\/div><\/div>\t        <\/div>\r\n\t        \r\n\t    \r\n\t    <div class=\"inner-post\">\r\n\t        <div class=\"entry-header\">\r\n\r\n\t            \t            <div class=\"entry-meta\">\r\n\t            \t<span class=\"posted-on\"><a href=\"https:\/\/labogen.com\/fr\/2025\/08\/18\/polioencephalopathy-pe-in-eurasiers\/\" rel=\"bookmark\"><time class=\"entry-date published\" datetime=\"2025-08-18T11:46:18+02:00\">18 ao\u00fbt 2025<\/time><\/a><\/span>\t            <\/div><!-- .entry-meta -->\r\n\t            \r\n\t            <h4 class=\"entry-title\"><a class=\"title-link\" href=\"https:\/\/labogen.com\/fr\/2025\/08\/18\/polioencephalopathy-pe-in-eurasiers\/\" rel=\"bookmark\">Polioencephalopathy (PE) in Eurasiers<\/a><\/h4>\r\n\t        <\/div><!-- .entry-header -->\r\n\r\n\t        <div class=\"entry-summary the-excerpt\">\r\n\r\n\t            <p>Polioencephalopathy (PE) in Eurasiers Further information can be found here Order now Image source: AdobeStock<\/p>\n\r\n\t        <\/div><!-- .entry-content -->\r\n\t        <div class=\"entry-footer\">\r\n\t        \t<a href=\"https:\/\/labogen.com\/fr\/2025\/08\/18\/polioencephalopathy-pe-in-eurasiers\/\" class=\"btn-details\"> weiter lesen ...<\/a>\t        <\/div>\r\n\t    <\/div>\r\n\t<\/div>\r\n<\/article> \r\n<article id=\"post-272245\" class=\"post-box masonry-post-item post-272245 post type-post status-publish format-standard has-post-thumbnail hentry category-chien\">\r\n\t<div class=\"post-inner\">\r\n\t    \r\n\t        <div class=\"entry-media post-cat-abs\">\r\n\t            <a href=\"https:\/\/labogen.com\/fr\/2024\/09\/24\/la-maladie-de-la-memoire-lysosomale-lsd-chez-le-weimaran\/\">\r\n\t                <img loading=\"lazy\" decoding=\"async\" width=\"1920\" height=\"1280\" src=\"https:\/\/labogen.com\/wp-content\/uploads\/2024\/07\/Gentest-auf-Bunny-Hopping-Syndrom-beim-Weimaraner-min.jpg\" class=\"attachment-post-thumbnail size-post-thumbnail wp-post-image\" alt=\"\" \/>\t            <\/a>\r\n\t            <div class=\"post-cat\"><div class=\"posted-in\"><a href=\"https:\/\/labogen.com\/fr\/category\/chien\/\" rel=\"category tag\">Chien<\/a><\/div><\/div>\t        <\/div>\r\n\t        \r\n\t    \r\n\t    <div class=\"inner-post\">\r\n\t        <div class=\"entry-header\">\r\n\r\n\t            \t            <div class=\"entry-meta\">\r\n\t            \t<span class=\"posted-on\"><a href=\"https:\/\/labogen.com\/fr\/2024\/09\/24\/la-maladie-de-la-memoire-lysosomale-lsd-chez-le-weimaran\/\" rel=\"bookmark\"><time class=\"entry-date published\" datetime=\"2024-09-24T15:44:41+02:00\">24 septembre 2024<\/time><\/a><\/span>\t            <\/div><!-- .entry-meta -->\r\n\t            \r\n\t            <h4 class=\"entry-title\"><a class=\"title-link\" href=\"https:\/\/labogen.com\/fr\/2024\/09\/24\/la-maladie-de-la-memoire-lysosomale-lsd-chez-le-weimaran\/\" rel=\"bookmark\">La maladie de la m\u00e9moire lysosomale (LSD) chez le Weimaran<\/a><\/h4>\r\n\t        <\/div><!-- .entry-header -->\r\n\r\n\t        <div class=\"entry-summary the-excerpt\">\r\n\r\n\t            <p>La maladie de la m\u00e9moire lysosomale (LSD) chez le Weimaran Les maladies de stockage lysosomales (LSD) sont un groupe diversifi\u00e9 de maladies h\u00e9r\u00e9ditaires caract\u00e9ris\u00e9es par des sympt\u00f4mes neurologiques progressifs. Une cause h\u00e9r\u00e9ditaire de LSD a \u00e9t\u00e9 identifi\u00e9e \u00e0 ce jour chez plusieurs races de chiens, dont le dalmatien et le doberman. Une variante h\u00e9r\u00e9ditaire du [&hellip;]<\/p>\n\r\n\t        <\/div><!-- .entry-content -->\r\n\t        <div class=\"entry-footer\">\r\n\t        \t<a href=\"https:\/\/labogen.com\/fr\/2024\/09\/24\/la-maladie-de-la-memoire-lysosomale-lsd-chez-le-weimaran\/\" class=\"btn-details\"> weiter lesen ...<\/a>\t        <\/div>\r\n\t    <\/div>\r\n\t<\/div>\r\n<\/article>\t    <\/div>\r\n\t    <ul class=\"page-pagination none-style\">\n\t<li><span aria-current=\"page\" class=\"page-numbers current\">1<\/span><\/li>\n\t<li><a class=\"page-numbers\" href=\"https:\/\/labogen.com\/fr\/wp-json\/wp\/v2\/pages\/3985\/page\/2\/\">2<\/a><\/li>\n\t<li><a class=\"page-numbers\" href=\"https:\/\/labogen.com\/fr\/wp-json\/wp\/v2\/pages\/3985\/page\/3\/\">3<\/a><\/li>\n\t<li><a class=\"page-numbers\" href=\"https:\/\/labogen.com\/fr\/wp-json\/wp\/v2\/pages\/3985\/page\/4\/\">4<\/a><\/li>\n\t<li><a class=\"page-numbers\" href=\"https:\/\/labogen.com\/fr\/wp-json\/wp\/v2\/pages\/3985\/page\/5\/\">5<\/a><\/li>\n\t<li><a class=\"next page-numbers\" href=\"https:\/\/labogen.com\/fr\/wp-json\/wp\/v2\/pages\/3985\/page\/2\/\"><i class=\"ot-flaticon-right-arrow\"><\/i><\/a><\/li>\n<\/ul>\n\t    \r\n\t\t\t\t<\/div>\n\t\t\t\t<\/div>\n\t\t\t\t\t<\/div>\n\t\t<\/div>\n\t\t\t\t\t<\/div>\n\t\t<\/section>\n\t\t\t\t<\/div>\n\t\t","protected":false},"excerpt":{"rendered":"<p>Hund 9. Juli 2024 Gentest auf Bunny-Hopping-Syndrom beim Weimaraner Bei der Rasse Weimaraner festgestellten Bunny-Hopping-Syndrom (BHS1) handelt es sich um eine autosomal-rezessiv vererbte &#8230; weiter lesen &#8230; Hund 8. Juli 2024 Gentest auf GUCY2D-PRA beim Spitz Die Progressive Retinaatrophie (PRA) steht f\u00fcr eine Gruppe von erblich bedingten Photorezeptor-St\u00f6rungen der&#8230; weiter lesen &#8230; Hund 8. Juli [&hellip;]<\/p>\n","protected":false},"author":3,"featured_media":0,"parent":0,"menu_order":31,"comment_status":"closed","ping_status":"closed","template":"","meta":{"footnotes":""},"class_list":["post-3985","page","type-page","status-publish","hentry"],"_links":{"self":[{"href":"https:\/\/labogen.com\/fr\/wp-json\/wp\/v2\/pages\/3985","targetHints":{"allow":["GET"]}}],"collection":[{"href":"https:\/\/labogen.com\/fr\/wp-json\/wp\/v2\/pages"}],"about":[{"href":"https:\/\/labogen.com\/fr\/wp-json\/wp\/v2\/types\/page"}],"author":[{"embeddable":true,"href":"https:\/\/labogen.com\/fr\/wp-json\/wp\/v2\/users\/3"}],"replies":[{"embeddable":true,"href":"https:\/\/labogen.com\/fr\/wp-json\/wp\/v2\/comments?post=3985"}],"version-history":[{"count":6,"href":"https:\/\/labogen.com\/fr\/wp-json\/wp\/v2\/pages\/3985\/revisions"}],"predecessor-version":[{"id":7081,"href":"https:\/\/labogen.com\/fr\/wp-json\/wp\/v2\/pages\/3985\/revisions\/7081"}],"wp:attachment":[{"href":"https:\/\/labogen.com\/fr\/wp-json\/wp\/v2\/media?parent=3985"}],"curies":[{"name":"wp","href":"https:\/\/api.w.org\/{rel}","templated":true}]}}