{"id":286829,"date":"2026-03-03T15:15:50","date_gmt":"2026-03-03T14:15:50","guid":{"rendered":"https:\/\/labogen.com\/suri-alpaga\/"},"modified":"2026-03-05T10:39:47","modified_gmt":"2026-03-05T09:39:47","slug":"suri-alpaga","status":"publish","type":"page","link":"https:\/\/labogen.com\/fr\/suri-alpaga\/","title":{"rendered":"Suri (Alpaga)"},"content":{"rendered":"\t\t<div data-elementor-type=\"wp-page\" data-elementor-id=\"286829\" class=\"elementor elementor-286829 elementor-286738\">\n\t\t\t\t<div class=\"elementor-element elementor-element-1db57a8 e-flex e-con-boxed e-con e-parent\" data-id=\"1db57a8\" data-element_type=\"container\">\n\t\t\t\t\t<div class=\"e-con-inner\">\n\t\t<div class=\"elementor-element elementor-element-1707dd4 e-con-full e-flex e-con e-child\" data-id=\"1707dd4\" data-element_type=\"container\">\n\t\t\t\t<div class=\"elementor-element elementor-element-ada1a94 elementor-hidden-mobile elementor-widget elementor-widget-heading\" data-id=\"ada1a94\" data-element_type=\"widget\" data-widget_type=\"heading.default\">\n\t\t\t\t<div class=\"elementor-widget-container\">\n\t\t\t<h1 class=\"elementor-heading-title elementor-size-default\">Suri (Alpaga)<\/h1>\t\t<\/div>\n\t\t\t\t<\/div>\n\t\t\t\t<div class=\"elementor-element elementor-element-8013287 elementor-widget elementor-widget-text-editor\" data-id=\"8013287\" data-element_type=\"widget\" data-widget_type=\"text-editor.default\">\n\t\t\t\t<div class=\"elementor-widget-container\">\n\t\t\t\t\t\t\t<h4><strong>Description g\u00e9n\u00e9rale<\/strong><\/h4><p><span style=\"color: #800000;\">Il existe deux vari\u00e9t\u00e9s d&rsquo;alpaga : la Huacaya, \u00e0 la toison dense et fris\u00e9e, et la Suri, aux fibres lisses et brillantes. La vari\u00e9t\u00e9 Suri est associ\u00e9e \u00e0 une moindre tol\u00e9rance au froid et \u00e0 une forme physique potentiellement r\u00e9duite. \u00c9tant donn\u00e9 que l&rsquo;h\u00e9r\u00e9dit\u00e9 de la vari\u00e9t\u00e9 Suri est autosomique dominante et que les animaux homozygotes ont peu de chances d&rsquo;\u00eatre viables, l&rsquo;accouplement de deux alpagas Suri doit \u00eatre \u00e9vit\u00e9.<\/span><\/p><h4><strong><span style=\"color: #e51e1e;\">Races<\/span><\/strong><\/h4><p>Alpaga<\/p>\t\t\t\t\t\t<\/div>\n\t\t\t\t<\/div>\n\t\t\t\t<\/div>\n\t\t<div class=\"elementor-element elementor-element-646ac89 e-con-full e-flex e-con e-child\" data-id=\"646ac89\" data-element_type=\"container\">\n\t\t\t\t<div class=\"elementor-element elementor-element-46a2254 elementor-invisible elementor-widget elementor-widget-toggle\" data-id=\"46a2254\" data-element_type=\"widget\" data-settings=\"{&quot;_animation&quot;:&quot;slideInUp&quot;,&quot;_animation_delay&quot;:1500}\" data-widget_type=\"toggle.default\">\n\t\t\t\t<div class=\"elementor-widget-container\">\n\t\t\t\t\t<div class=\"elementor-toggle\">\n\t\t\t\t\t\t\t<div class=\"elementor-toggle-item\">\n\t\t\t\t\t<h6 id=\"elementor-tab-title-7401\" class=\"elementor-tab-title\" data-tab=\"1\" role=\"button\" aria-controls=\"elementor-tab-content-7401\" aria-expanded=\"false\">\n\t\t\t\t\t\t\t\t\t\t\t\t<span class=\"elementor-toggle-icon elementor-toggle-icon-left\" aria-hidden=\"true\">\n\t\t\t\t\t\t\t\t\t\t\t\t\t\t\t<span class=\"elementor-toggle-icon-closed\"><svg class=\"e-font-icon-svg e-far-plus-square\" viewBox=\"0 0 448 512\" xmlns=\"http:\/\/www.w3.org\/2000\/svg\"><path d=\"M352 240v32c0 6.6-5.4 12-12 12h-88v88c0 6.6-5.4 12-12 12h-32c-6.6 0-12-5.4-12-12v-88h-88c-6.6 0-12-5.4-12-12v-32c0-6.6 5.4-12 12-12h88v-88c0-6.6 5.4-12 12-12h32c6.6 0 12 5.4 12 12v88h88c6.6 0 12 5.4 12 12zm96-160v352c0 26.5-21.5 48-48 48H48c-26.5 0-48-21.5-48-48V80c0-26.5 21.5-48 48-48h352c26.5 0 48 21.5 48 48zm-48 346V86c0-3.3-2.7-6-6-6H54c-3.3 0-6 2.7-6 6v340c0 3.3 2.7 6 6 6h340c3.3 0 6-2.7 6-6z\"><\/path><\/svg><\/span>\n\t\t\t\t\t\t\t\t<span class=\"elementor-toggle-icon-opened\"><svg class=\"elementor-toggle-icon-opened e-font-icon-svg e-far-minus-square\" viewBox=\"0 0 448 512\" xmlns=\"http:\/\/www.w3.org\/2000\/svg\"><path d=\"M108 284c-6.6 0-12-5.4-12-12v-32c0-6.6 5.4-12 12-12h232c6.6 0 12 5.4 12 12v32c0 6.6-5.4 12-12 12H108zM448 80v352c0 26.5-21.5 48-48 48H48c-26.5 0-48-21.5-48-48V80c0-26.5 21.5-48 48-48h352c26.5 0 48 21.5 48 48zm-48 346V86c0-3.3-2.7-6-6-6H54c-3.3 0-6 2.7-6 6v340c0 3.3 2.7 6 6 6h340c3.3 0 6-2.7 6-6z\"><\/path><\/svg><\/span>\n\t\t\t\t\t\t\t\t\t\t\t\t\t<\/span>\n\t\t\t\t\t\t\t\t\t\t\t\t<a class=\"elementor-toggle-title\" tabindex=\"0\">D\u00e9tails de la commande<\/a>\n\t\t\t\t\t<\/h6>\n\n\t\t\t\t\t<div id=\"elementor-tab-content-7401\" class=\"elementor-tab-content elementor-clearfix\" data-tab=\"1\" role=\"region\" aria-labelledby=\"elementor-tab-title-7401\"><table border=\"0\">\n<tbody>\n<tr>\n<td width=\"45%\"><span style=\"color: #e51e1e;\"><strong>Test n\u00b0 <\/strong><\/span><\/td>\n<td>8984<\/td>\n<\/tr>\n<tr>\n<td>Mat\u00e9riel de pr\u00e9l\u00e8vement <\/td>\n<td>0,5 ml de sang EDTA, 2x frottis buccaux, 1x frottis sp\u00e9cial (eNAT)<\/td>\n<\/tr>\n<tr>\n<td>Dur\u00e9e du test<\/td>\n<p> <strong><\/p>\n<td>7 \u00e0 14 jours ouvrables<\/td>\n<p><\/strong><\/tr>\n<\/tbody>\n<\/table>\n<\/div>\n\t\t\t\t<\/div>\n\t\t\t\t\t\t\t<div class=\"elementor-toggle-item\">\n\t\t\t\t\t<h6 id=\"elementor-tab-title-7402\" class=\"elementor-tab-title\" data-tab=\"2\" role=\"button\" aria-controls=\"elementor-tab-content-7402\" aria-expanded=\"false\">\n\t\t\t\t\t\t\t\t\t\t\t\t<span class=\"elementor-toggle-icon elementor-toggle-icon-left\" aria-hidden=\"true\">\n\t\t\t\t\t\t\t\t\t\t\t\t\t\t\t<span class=\"elementor-toggle-icon-closed\"><svg class=\"e-font-icon-svg e-far-plus-square\" viewBox=\"0 0 448 512\" xmlns=\"http:\/\/www.w3.org\/2000\/svg\"><path d=\"M352 240v32c0 6.6-5.4 12-12 12h-88v88c0 6.6-5.4 12-12 12h-32c-6.6 0-12-5.4-12-12v-88h-88c-6.6 0-12-5.4-12-12v-32c0-6.6 5.4-12 12-12h88v-88c0-6.6 5.4-12 12-12h32c6.6 0 12 5.4 12 12v88h88c6.6 0 12 5.4 12 12zm96-160v352c0 26.5-21.5 48-48 48H48c-26.5 0-48-21.5-48-48V80c0-26.5 21.5-48 48-48h352c26.5 0 48 21.5 48 48zm-48 346V86c0-3.3-2.7-6-6-6H54c-3.3 0-6 2.7-6 6v340c0 3.3 2.7 6 6 6h340c3.3 0 6-2.7 6-6z\"><\/path><\/svg><\/span>\n\t\t\t\t\t\t\t\t<span class=\"elementor-toggle-icon-opened\"><svg class=\"elementor-toggle-icon-opened e-font-icon-svg e-far-minus-square\" viewBox=\"0 0 448 512\" xmlns=\"http:\/\/www.w3.org\/2000\/svg\"><path d=\"M108 284c-6.6 0-12-5.4-12-12v-32c0-6.6 5.4-12 12-12h232c6.6 0 12 5.4 12 12v32c0 6.6-5.4 12-12 12H108zM448 80v352c0 26.5-21.5 48-48 48H48c-26.5 0-48-21.5-48-48V80c0-26.5 21.5-48 48-48h352c26.5 0 48 21.5 48 48zm-48 346V86c0-3.3-2.7-6-6-6H54c-3.3 0-6 2.7-6 6v340c0 3.3 2.7 6 6 6h340c3.3 0 6-2.7 6-6z\"><\/path><\/svg><\/span>\n\t\t\t\t\t\t\t\t\t\t\t\t\t<\/span>\n\t\t\t\t\t\t\t\t\t\t\t\t<a class=\"elementor-toggle-title\" tabindex=\"0\">Test sp\u00e9cifications<\/a>\n\t\t\t\t\t<\/h6>\n\n\t\t\t\t\t<div id=\"elementor-tab-content-7402\" class=\"elementor-tab-content elementor-clearfix\" data-tab=\"2\" role=\"region\" aria-labelledby=\"elementor-tab-title-7402\"><table border=\"0\">\n<tbody>\n<tr>\n<td width=\"45%\"><span style=\"color: #e51e1e;\"><strong>G\u00e8ne <\/strong><\/span><\/td>\n<td>TRPV3<\/td>\n<\/tr>\n<tr>\n<td><strong>Variante <\/strong><\/td>\n<td>G-T<\/td>\n<\/tr>\n<tr>\n<td width=\"45%\"><span style=\"color: #e51e1e;\"><strong>Literature <\/strong><\/span><\/td>\n<td><a href=\"https:\/\/www.omia.org\/OMIA002841\/30538\/\">OMIA:002841-30538<\/a><\/td>\n<\/tr>\n<\/tbody>\n<\/table>\n<\/div>\n\t\t\t\t<\/div>\n\t\t\t\t\t\t\t\t<\/div>\n\t\t\t\t<\/div>\n\t\t\t\t<\/div>\n\t\t\t\t<div class=\"elementor-element elementor-element-91cb319 elementor-align-right elementor-invisible elementor-widget elementor-widget-ibutton\" data-id=\"91cb319\" data-element_type=\"widget\" data-settings=\"{&quot;_animation&quot;:&quot;slideInRight&quot;,&quot;_animation_delay&quot;:3000}\" data-widget_type=\"ibutton.default\">\n\t\t\t\t<div class=\"elementor-widget-container\">\n\t\t\t\t\t<div class=\"ot-button\">\r\n\t\t\t<a href=\"https:\/\/shop.labogen.com\/fr\/\" class=\"octf-btn octf-btn-dark\"><strong>Commandez maintenant ...<\/strong><\/a>\r\n\t    <\/div>\r\n\t    \t\t<\/div>\n\t\t\t\t<\/div>\n\t\t\t\t<\/div>\n\t\t\t\t\t<\/div>\n\t\t\t\t<\/div>\n\t\t<div class=\"elementor-element elementor-element-bcb7123 e-flex e-con-boxed e-con e-parent\" data-id=\"bcb7123\" data-element_type=\"container\">\n\t\t\t\t\t<div class=\"e-con-inner\">\n\t\t<div class=\"elementor-element elementor-element-01d0f37 e-con-full e-flex e-con e-child\" data-id=\"01d0f37\" data-element_type=\"container\">\n\t\t\t\t<div class=\"elementor-element elementor-element-9a16973 elementor-widget elementor-widget-toggle\" data-id=\"9a16973\" data-element_type=\"widget\" data-widget_type=\"toggle.default\">\n\t\t\t\t<div class=\"elementor-widget-container\">\n\t\t\t\t\t<div class=\"elementor-toggle\">\n\t\t\t\t\t\t\t<div class=\"elementor-toggle-item\">\n\t\t\t\t\t<h5 id=\"elementor-tab-title-1611\" class=\"elementor-tab-title\" data-tab=\"1\" role=\"button\" aria-controls=\"elementor-tab-content-1611\" aria-expanded=\"false\">\n\t\t\t\t\t\t\t\t\t\t\t\t<span class=\"elementor-toggle-icon elementor-toggle-icon-left\" aria-hidden=\"true\">\n\t\t\t\t\t\t\t\t\t\t\t\t\t\t\t<span class=\"elementor-toggle-icon-closed\"><svg class=\"e-font-icon-svg e-fas-chevron-down\" viewBox=\"0 0 448 512\" xmlns=\"http:\/\/www.w3.org\/2000\/svg\"><path d=\"M207.029 381.476L12.686 187.132c-9.373-9.373-9.373-24.569 0-33.941l22.667-22.667c9.357-9.357 24.522-9.375 33.901-.04L224 284.505l154.745-154.021c9.379-9.335 24.544-9.317 33.901.04l22.667 22.667c9.373 9.373 9.373 24.569 0 33.941L240.971 381.476c-9.373 9.372-24.569 9.372-33.942 0z\"><\/path><\/svg><\/span>\n\t\t\t\t\t\t\t\t<span class=\"elementor-toggle-icon-opened\"><svg class=\"elementor-toggle-icon-opened e-font-icon-svg e-fas-chevron-up\" viewBox=\"0 0 448 512\" xmlns=\"http:\/\/www.w3.org\/2000\/svg\"><path d=\"M240.971 130.524l194.343 194.343c9.373 9.373 9.373 24.569 0 33.941l-22.667 22.667c-9.357 9.357-24.522 9.375-33.901.04L224 227.495 69.255 381.516c-9.379 9.335-24.544 9.317-33.901-.04l-22.667-22.667c-9.373-9.373-9.373-24.569 0-33.941L207.03 130.525c9.372-9.373 24.568-9.373 33.941-.001z\"><\/path><\/svg><\/span>\n\t\t\t\t\t\t\t\t\t\t\t\t\t<\/span>\n\t\t\t\t\t\t\t\t\t\t\t\t<a class=\"elementor-toggle-title\" tabindex=\"0\">Description d\u00e9taill\u00e9e<\/a>\n\t\t\t\t\t<\/h5>\n\n\t\t\t\t\t<div id=\"elementor-tab-content-1611\" class=\"elementor-tab-content elementor-clearfix\" data-tab=\"1\" role=\"region\" aria-labelledby=\"elementor-tab-title-1611\"><p>Il existe deux vari\u00e9t\u00e9s d&rsquo;alpagas avec des structures de toison diff\u00e9rentes : le Huacaya et le Suri.<\/p>\n<p>La laine Huacaya, plus courante, est compacte, douce et tr\u00e8s fris\u00e9e. Quant \u00e0 la laine Suri, celle-ci se caract\u00e9rise par des fibres lisses et brillantes, l\u00e9g\u00e8rement fris\u00e9es.<br \/> Le ph\u00e9notype Suri a \u00e9t\u00e9 associ\u00e9 \u00e0 la fois \u00e0 une tol\u00e9rance r\u00e9duite au froid et \u00e0 une capacit\u00e9 d&rsquo;adaptation potentiellement r\u00e9duite.<\/p>\n<p>Le ph\u00e9notype Suri est h\u00e9rit\u00e9 de mani\u00e8re autosomique dominante, et la variante est tr\u00e8s probablement non viable au stade embryonnaire (l\u00e9tale) si elle est homozygote. L&rsquo;accouplement de deux alpagas Suri doit donc \u00eatre strictement \u00e9vit\u00e9. <\/p>\n<\/div>\n\t\t\t\t<\/div>\n\t\t\t\t\t\t\t\t<\/div>\n\t\t\t\t<\/div>\n\t\t\t\t<\/div>\n\t\t\t\t<\/div>\n\t\t\t\t\t<\/div>\n\t\t\t\t<\/div>\n\t\t<div class=\"elementor-element elementor-element-567632b e-flex e-con-boxed e-con e-parent\" data-id=\"567632b\" data-element_type=\"container\">\n\t\t\t\t\t<div class=\"e-con-inner\">\n\t\t\t\t<div class=\"elementor-element elementor-element-ab4c46c elementor-widget elementor-widget-spacer\" data-id=\"ab4c46c\" data-element_type=\"widget\" data-widget_type=\"spacer.default\">\n\t\t\t\t<div class=\"elementor-widget-container\">\n\t\t\t\t\t<div class=\"elementor-spacer\">\n\t\t\t<div class=\"elementor-spacer-inner\"><\/div>\n\t\t<\/div>\n\t\t\t\t<\/div>\n\t\t\t\t<\/div>\n\t\t\t\t\t<\/div>\n\t\t\t\t<\/div>\n\t\t\t\t<\/div>\n\t\t","protected":false},"excerpt":{"rendered":"<p>Suri (Alpaga) Description g\u00e9n\u00e9rale Il existe deux vari\u00e9t\u00e9s d&rsquo;alpaga : la Huacaya, \u00e0 la toison dense et fris\u00e9e, et la Suri, aux fibres lisses et brillantes. La vari\u00e9t\u00e9 Suri est associ\u00e9e \u00e0 une moindre tol\u00e9rance au froid et \u00e0 une forme physique potentiellement r\u00e9duite. \u00c9tant donn\u00e9 que l&rsquo;h\u00e9r\u00e9dit\u00e9 de la vari\u00e9t\u00e9 Suri est autosomique dominante [&hellip;]<\/p>\n","protected":false},"author":5,"featured_media":0,"parent":0,"menu_order":49,"comment_status":"closed","ping_status":"closed","template":"","meta":{"footnotes":""},"class_list":["post-286829","page","type-page","status-publish","hentry"],"_links":{"self":[{"href":"https:\/\/labogen.com\/fr\/wp-json\/wp\/v2\/pages\/286829","targetHints":{"allow":["GET"]}}],"collection":[{"href":"https:\/\/labogen.com\/fr\/wp-json\/wp\/v2\/pages"}],"about":[{"href":"https:\/\/labogen.com\/fr\/wp-json\/wp\/v2\/types\/page"}],"author":[{"embeddable":true,"href":"https:\/\/labogen.com\/fr\/wp-json\/wp\/v2\/users\/5"}],"replies":[{"embeddable":true,"href":"https:\/\/labogen.com\/fr\/wp-json\/wp\/v2\/comments?post=286829"}],"version-history":[{"count":1,"href":"https:\/\/labogen.com\/fr\/wp-json\/wp\/v2\/pages\/286829\/revisions"}],"predecessor-version":[{"id":286830,"href":"https:\/\/labogen.com\/fr\/wp-json\/wp\/v2\/pages\/286829\/revisions\/286830"}],"wp:attachment":[{"href":"https:\/\/labogen.com\/fr\/wp-json\/wp\/v2\/media?parent=286829"}],"curies":[{"name":"wp","href":"https:\/\/api.w.org\/{rel}","templated":true}]}}