{"id":286825,"date":"2026-03-03T15:11:18","date_gmt":"2026-03-03T14:11:18","guid":{"rendered":"https:\/\/labogen.com\/classic-grey-alpaga\/"},"modified":"2026-03-05T10:33:50","modified_gmt":"2026-03-05T09:33:50","slug":"classic-grey-alpaga","status":"publish","type":"page","link":"https:\/\/labogen.com\/fr\/classic-grey-alpaga\/","title":{"rendered":"Classic Grey (Alpaga)<br>"},"content":{"rendered":"\t\t<div data-elementor-type=\"wp-page\" data-elementor-id=\"286825\" class=\"elementor elementor-286825 elementor-286734\">\n\t\t\t\t<div class=\"elementor-element elementor-element-1db57a8 e-flex e-con-boxed e-con e-parent\" data-id=\"1db57a8\" data-element_type=\"container\">\n\t\t\t\t\t<div class=\"e-con-inner\">\n\t\t<div class=\"elementor-element elementor-element-1707dd4 e-con-full e-flex e-con e-child\" data-id=\"1707dd4\" data-element_type=\"container\">\n\t\t\t\t<div class=\"elementor-element elementor-element-ada1a94 elementor-hidden-mobile elementor-widget elementor-widget-heading\" data-id=\"ada1a94\" data-element_type=\"widget\" data-widget_type=\"heading.default\">\n\t\t\t\t<div class=\"elementor-widget-container\">\n\t\t\t<h1 class=\"elementor-heading-title elementor-size-default\">Classic Grey (Alpaga)<\/h1>\t\t<\/div>\n\t\t\t\t<\/div>\n\t\t\t\t<div class=\"elementor-element elementor-element-8013287 elementor-widget elementor-widget-text-editor\" data-id=\"8013287\" data-element_type=\"widget\" data-widget_type=\"text-editor.default\">\n\t\t\t\t<div class=\"elementor-widget-container\">\n\t\t\t\t\t\t\t<h4><strong>Description g\u00e9n\u00e9rale<\/strong><\/h4><p><span style=\"color: #800000;\">Le ph\u00e9notype Classic Grey chez les alpagas se caract\u00e9rise par un grisonnement du pelage, ce qui entra\u00eene un \u00e9claircissement de la couleur de base d&rsquo;origine de l&rsquo;animal. Ce type de transmission se fait selon un mode autosomique dominant et n&rsquo;est tr\u00e8s probablement pas viable \u00e0 l&rsquo;\u00e9tat homozygote Par cons\u00e9quent, il convient d&rsquo;\u00e9viter strictement l&rsquo;accouplement de deux alpagas pr\u00e9sentant le ph\u00e9notype Classic Grey.<\/span><\/p><h4><strong><span style=\"color: #e51e1e;\">Races<\/span><\/strong><\/h4><p>Alpaga<\/p>\t\t\t\t\t\t<\/div>\n\t\t\t\t<\/div>\n\t\t\t\t<\/div>\n\t\t<div class=\"elementor-element elementor-element-646ac89 e-con-full e-flex e-con e-child\" data-id=\"646ac89\" data-element_type=\"container\">\n\t\t\t\t<div class=\"elementor-element elementor-element-46a2254 elementor-invisible elementor-widget elementor-widget-toggle\" data-id=\"46a2254\" data-element_type=\"widget\" data-settings=\"{&quot;_animation&quot;:&quot;slideInUp&quot;,&quot;_animation_delay&quot;:1500}\" data-widget_type=\"toggle.default\">\n\t\t\t\t<div class=\"elementor-widget-container\">\n\t\t\t\t\t<div class=\"elementor-toggle\">\n\t\t\t\t\t\t\t<div class=\"elementor-toggle-item\">\n\t\t\t\t\t<h6 id=\"elementor-tab-title-7401\" class=\"elementor-tab-title\" data-tab=\"1\" role=\"button\" aria-controls=\"elementor-tab-content-7401\" aria-expanded=\"false\">\n\t\t\t\t\t\t\t\t\t\t\t\t<span class=\"elementor-toggle-icon elementor-toggle-icon-left\" aria-hidden=\"true\">\n\t\t\t\t\t\t\t\t\t\t\t\t\t\t\t<span class=\"elementor-toggle-icon-closed\"><svg class=\"e-font-icon-svg e-far-plus-square\" viewBox=\"0 0 448 512\" xmlns=\"http:\/\/www.w3.org\/2000\/svg\"><path d=\"M352 240v32c0 6.6-5.4 12-12 12h-88v88c0 6.6-5.4 12-12 12h-32c-6.6 0-12-5.4-12-12v-88h-88c-6.6 0-12-5.4-12-12v-32c0-6.6 5.4-12 12-12h88v-88c0-6.6 5.4-12 12-12h32c6.6 0 12 5.4 12 12v88h88c6.6 0 12 5.4 12 12zm96-160v352c0 26.5-21.5 48-48 48H48c-26.5 0-48-21.5-48-48V80c0-26.5 21.5-48 48-48h352c26.5 0 48 21.5 48 48zm-48 346V86c0-3.3-2.7-6-6-6H54c-3.3 0-6 2.7-6 6v340c0 3.3 2.7 6 6 6h340c3.3 0 6-2.7 6-6z\"><\/path><\/svg><\/span>\n\t\t\t\t\t\t\t\t<span class=\"elementor-toggle-icon-opened\"><svg class=\"elementor-toggle-icon-opened e-font-icon-svg e-far-minus-square\" viewBox=\"0 0 448 512\" xmlns=\"http:\/\/www.w3.org\/2000\/svg\"><path d=\"M108 284c-6.6 0-12-5.4-12-12v-32c0-6.6 5.4-12 12-12h232c6.6 0 12 5.4 12 12v32c0 6.6-5.4 12-12 12H108zM448 80v352c0 26.5-21.5 48-48 48H48c-26.5 0-48-21.5-48-48V80c0-26.5 21.5-48 48-48h352c26.5 0 48 21.5 48 48zm-48 346V86c0-3.3-2.7-6-6-6H54c-3.3 0-6 2.7-6 6v340c0 3.3 2.7 6 6 6h340c3.3 0 6-2.7 6-6z\"><\/path><\/svg><\/span>\n\t\t\t\t\t\t\t\t\t\t\t\t\t<\/span>\n\t\t\t\t\t\t\t\t\t\t\t\t<a class=\"elementor-toggle-title\" tabindex=\"0\">D\u00e9tails de la commande<\/a>\n\t\t\t\t\t<\/h6>\n\n\t\t\t\t\t<div id=\"elementor-tab-content-7401\" class=\"elementor-tab-content elementor-clearfix\" data-tab=\"1\" role=\"region\" aria-labelledby=\"elementor-tab-title-7401\"><table border=\"0\">\n<tbody>\n<tr>\n<td width=\"45%\"><span style=\"color: #e51e1e;\"><strong>Test n\u00b0 <\/strong><\/span><\/td>\n<td>8982<\/td>\n<\/tr>\n<tr>\n<td>Mat\u00e9riel de pr\u00e9l\u00e8vement <\/td>\n<td>0,5 ml de sang EDTA, 2x frottis buccaux, 1x frottis sp\u00e9cial (eNAT)<\/td>\n<\/tr>\n<tr>\n<td>Dur\u00e9e du test<\/td>\n<td>7 \u00e0 14 jours ouvrables<\/td>\n<\/tr>\n<\/tbody>\n<\/table>\n<\/div>\n\t\t\t\t<\/div>\n\t\t\t\t\t\t\t<div class=\"elementor-toggle-item\">\n\t\t\t\t\t<h6 id=\"elementor-tab-title-7402\" class=\"elementor-tab-title\" data-tab=\"2\" role=\"button\" aria-controls=\"elementor-tab-content-7402\" aria-expanded=\"false\">\n\t\t\t\t\t\t\t\t\t\t\t\t<span class=\"elementor-toggle-icon elementor-toggle-icon-left\" aria-hidden=\"true\">\n\t\t\t\t\t\t\t\t\t\t\t\t\t\t\t<span class=\"elementor-toggle-icon-closed\"><svg class=\"e-font-icon-svg e-far-plus-square\" viewBox=\"0 0 448 512\" xmlns=\"http:\/\/www.w3.org\/2000\/svg\"><path d=\"M352 240v32c0 6.6-5.4 12-12 12h-88v88c0 6.6-5.4 12-12 12h-32c-6.6 0-12-5.4-12-12v-88h-88c-6.6 0-12-5.4-12-12v-32c0-6.6 5.4-12 12-12h88v-88c0-6.6 5.4-12 12-12h32c6.6 0 12 5.4 12 12v88h88c6.6 0 12 5.4 12 12zm96-160v352c0 26.5-21.5 48-48 48H48c-26.5 0-48-21.5-48-48V80c0-26.5 21.5-48 48-48h352c26.5 0 48 21.5 48 48zm-48 346V86c0-3.3-2.7-6-6-6H54c-3.3 0-6 2.7-6 6v340c0 3.3 2.7 6 6 6h340c3.3 0 6-2.7 6-6z\"><\/path><\/svg><\/span>\n\t\t\t\t\t\t\t\t<span class=\"elementor-toggle-icon-opened\"><svg class=\"elementor-toggle-icon-opened e-font-icon-svg e-far-minus-square\" viewBox=\"0 0 448 512\" xmlns=\"http:\/\/www.w3.org\/2000\/svg\"><path d=\"M108 284c-6.6 0-12-5.4-12-12v-32c0-6.6 5.4-12 12-12h232c6.6 0 12 5.4 12 12v32c0 6.6-5.4 12-12 12H108zM448 80v352c0 26.5-21.5 48-48 48H48c-26.5 0-48-21.5-48-48V80c0-26.5 21.5-48 48-48h352c26.5 0 48 21.5 48 48zm-48 346V86c0-3.3-2.7-6-6-6H54c-3.3 0-6 2.7-6 6v340c0 3.3 2.7 6 6 6h340c3.3 0 6-2.7 6-6z\"><\/path><\/svg><\/span>\n\t\t\t\t\t\t\t\t\t\t\t\t\t<\/span>\n\t\t\t\t\t\t\t\t\t\t\t\t<a class=\"elementor-toggle-title\" tabindex=\"0\">Sp\u00e9cifications Test<\/a>\n\t\t\t\t\t<\/h6>\n\n\t\t\t\t\t<div id=\"elementor-tab-content-7402\" class=\"elementor-tab-content elementor-clearfix\" data-tab=\"2\" role=\"region\" aria-labelledby=\"elementor-tab-title-7402\"><table border=\"0\">\n<tbody>\n<tr>\n<td width=\"45%\"><span style=\"color: #e51e1e;\"><strong>G\u00e8ne <\/strong><\/span><\/td>\n<td>KIT<\/td>\n<\/tr>\n<tr>\n<td><strong>Variante <\/strong><\/td>\n<td>G-A<\/td>\n<\/tr>\n<tr>\n<td width=\"45%\"><span style=\"color: #e51e1e;\"><strong>Literature <\/strong><\/span><\/td>\n<td><a href=\"https:\/\/www.omia.org\/OMIA001216\/30538\/\">OMIA:001216-30538<\/a><\/td>\n<\/tr>\n<\/tbody>\n<\/table>\n<\/div>\n\t\t\t\t<\/div>\n\t\t\t\t\t\t\t\t<\/div>\n\t\t\t\t<\/div>\n\t\t\t\t<\/div>\n\t\t\t\t<div class=\"elementor-element elementor-element-91cb319 elementor-align-right elementor-invisible elementor-widget elementor-widget-ibutton\" data-id=\"91cb319\" data-element_type=\"widget\" data-settings=\"{&quot;_animation&quot;:&quot;slideInRight&quot;,&quot;_animation_delay&quot;:3000}\" data-widget_type=\"ibutton.default\">\n\t\t\t\t<div class=\"elementor-widget-container\">\n\t\t\t\t\t<div class=\"ot-button\">\r\n\t\t\t<a href=\"https:\/\/shop.labogen.com\/fr\/\" class=\"octf-btn octf-btn-dark\"><strong>Commandez maintenant ...<\/strong><\/a>\r\n\t    <\/div>\r\n\t    \t\t<\/div>\n\t\t\t\t<\/div>\n\t\t\t\t<\/div>\n\t\t\t\t\t<\/div>\n\t\t\t\t<\/div>\n\t\t<div class=\"elementor-element elementor-element-bcb7123 e-flex e-con-boxed e-con e-parent\" data-id=\"bcb7123\" data-element_type=\"container\">\n\t\t\t\t\t<div class=\"e-con-inner\">\n\t\t<div class=\"elementor-element elementor-element-01d0f37 e-con-full e-flex e-con e-child\" data-id=\"01d0f37\" data-element_type=\"container\">\n\t\t\t\t<div class=\"elementor-element elementor-element-9a16973 elementor-widget elementor-widget-toggle\" data-id=\"9a16973\" data-element_type=\"widget\" data-widget_type=\"toggle.default\">\n\t\t\t\t<div class=\"elementor-widget-container\">\n\t\t\t\t\t<div class=\"elementor-toggle\">\n\t\t\t\t\t\t\t<div class=\"elementor-toggle-item\">\n\t\t\t\t\t<h5 id=\"elementor-tab-title-1611\" class=\"elementor-tab-title\" data-tab=\"1\" role=\"button\" aria-controls=\"elementor-tab-content-1611\" aria-expanded=\"false\">\n\t\t\t\t\t\t\t\t\t\t\t\t<span class=\"elementor-toggle-icon elementor-toggle-icon-left\" aria-hidden=\"true\">\n\t\t\t\t\t\t\t\t\t\t\t\t\t\t\t<span class=\"elementor-toggle-icon-closed\"><svg class=\"e-font-icon-svg e-fas-chevron-down\" viewBox=\"0 0 448 512\" xmlns=\"http:\/\/www.w3.org\/2000\/svg\"><path d=\"M207.029 381.476L12.686 187.132c-9.373-9.373-9.373-24.569 0-33.941l22.667-22.667c9.357-9.357 24.522-9.375 33.901-.04L224 284.505l154.745-154.021c9.379-9.335 24.544-9.317 33.901.04l22.667 22.667c9.373 9.373 9.373 24.569 0 33.941L240.971 381.476c-9.373 9.372-24.569 9.372-33.942 0z\"><\/path><\/svg><\/span>\n\t\t\t\t\t\t\t\t<span class=\"elementor-toggle-icon-opened\"><svg class=\"elementor-toggle-icon-opened e-font-icon-svg e-fas-chevron-up\" viewBox=\"0 0 448 512\" xmlns=\"http:\/\/www.w3.org\/2000\/svg\"><path d=\"M240.971 130.524l194.343 194.343c9.373 9.373 9.373 24.569 0 33.941l-22.667 22.667c-9.357 9.357-24.522 9.375-33.901.04L224 227.495 69.255 381.516c-9.379 9.335-24.544 9.317-33.901-.04l-22.667-22.667c-9.373-9.373-9.373-24.569 0-33.941L207.03 130.525c9.372-9.373 24.568-9.373 33.941-.001z\"><\/path><\/svg><\/span>\n\t\t\t\t\t\t\t\t\t\t\t\t\t<\/span>\n\t\t\t\t\t\t\t\t\t\t\t\t<a class=\"elementor-toggle-title\" tabindex=\"0\">Description d\u00e9taill\u00e9e<\/a>\n\t\t\t\t\t<\/h5>\n\n\t\t\t\t\t<div id=\"elementor-tab-content-1611\" class=\"elementor-tab-content elementor-clearfix\" data-tab=\"1\" role=\"region\" aria-labelledby=\"elementor-tab-title-1611\"><p>Le ph\u00e9notype Classic Grey chez les alpagas est caus\u00e9 par une variante g\u00e9n\u00e9tique du g\u00e8ne KIT et se manifeste par un grisonnement du pelage, entra\u00eenant un \u00e9claircissement de la couleur de base originale de l&rsquo;animal.<\/p>\n<p>Au lieu d&rsquo;une coloration grise uniforme, le ph\u00e9notype appara\u00eet g\u00e9n\u00e9ralement comme un m\u00e9lange de fibres pigment\u00e9es et moins pigment\u00e9es, donnant au pelage un aspect gris argent\u00e9. L&rsquo;effet gris se superpose \u00e0 la couleur de base sous-jacente, de sorte que les animaux g\u00e9n\u00e9tiquement noirs, bruns ou beiges apparaissent comme des variantes gris clair de ces couleurs. Avec des couleurs de base blanches ou dilu\u00e9es, le ph\u00e9notype est moins visible, voire invisible, en raison de la couleur d\u00e9j\u00e0 p\u00e2le.<\/p>\n<p>Ce sch\u00e9ma se transmet selon un mode autosomique dominant et est tr\u00e8s probablement non viable (l\u00e9tal) sous forme homozygote. Par cons\u00e9quent, il convient d&rsquo;\u00e9viter strictement l&rsquo;accouplement de deux alpagas pr\u00e9sentant le ph\u00e9notype Classic Grey.<\/p>\n<\/div>\n\t\t\t\t<\/div>\n\t\t\t\t\t\t\t\t<\/div>\n\t\t\t\t<\/div>\n\t\t\t\t<\/div>\n\t\t\t\t<\/div>\n\t\t\t\t\t<\/div>\n\t\t\t\t<\/div>\n\t\t<div class=\"elementor-element elementor-element-567632b e-flex e-con-boxed e-con e-parent\" data-id=\"567632b\" data-element_type=\"container\">\n\t\t\t\t\t<div class=\"e-con-inner\">\n\t\t\t\t<div class=\"elementor-element elementor-element-ab4c46c elementor-widget elementor-widget-spacer\" data-id=\"ab4c46c\" data-element_type=\"widget\" data-widget_type=\"spacer.default\">\n\t\t\t\t<div class=\"elementor-widget-container\">\n\t\t\t\t\t<div class=\"elementor-spacer\">\n\t\t\t<div class=\"elementor-spacer-inner\"><\/div>\n\t\t<\/div>\n\t\t\t\t<\/div>\n\t\t\t\t<\/div>\n\t\t\t\t\t<\/div>\n\t\t\t\t<\/div>\n\t\t\t\t<\/div>\n\t\t","protected":false},"excerpt":{"rendered":"<p>Classic Grey (Alpaga) Description g\u00e9n\u00e9rale Le ph\u00e9notype Classic Grey chez les alpagas se caract\u00e9rise par un grisonnement du pelage, ce qui entra\u00eene un \u00e9claircissement de la couleur de base d&rsquo;origine de l&rsquo;animal. Ce type de transmission se fait selon un mode autosomique dominant et n&rsquo;est tr\u00e8s probablement pas viable \u00e0 l&rsquo;\u00e9tat homozygote Par cons\u00e9quent, il [&hellip;]<\/p>\n","protected":false},"author":5,"featured_media":0,"parent":0,"menu_order":49,"comment_status":"closed","ping_status":"closed","template":"","meta":{"footnotes":""},"class_list":["post-286825","page","type-page","status-publish","hentry"],"_links":{"self":[{"href":"https:\/\/labogen.com\/fr\/wp-json\/wp\/v2\/pages\/286825","targetHints":{"allow":["GET"]}}],"collection":[{"href":"https:\/\/labogen.com\/fr\/wp-json\/wp\/v2\/pages"}],"about":[{"href":"https:\/\/labogen.com\/fr\/wp-json\/wp\/v2\/types\/page"}],"author":[{"embeddable":true,"href":"https:\/\/labogen.com\/fr\/wp-json\/wp\/v2\/users\/5"}],"replies":[{"embeddable":true,"href":"https:\/\/labogen.com\/fr\/wp-json\/wp\/v2\/comments?post=286825"}],"version-history":[{"count":1,"href":"https:\/\/labogen.com\/fr\/wp-json\/wp\/v2\/pages\/286825\/revisions"}],"predecessor-version":[{"id":286826,"href":"https:\/\/labogen.com\/fr\/wp-json\/wp\/v2\/pages\/286825\/revisions\/286826"}],"wp:attachment":[{"href":"https:\/\/labogen.com\/fr\/wp-json\/wp\/v2\/media?parent=286825"}],"curies":[{"name":"wp","href":"https:\/\/api.w.org\/{rel}","templated":true}]}}