{"id":284270,"date":"2025-10-10T16:23:21","date_gmt":"2025-10-10T14:23:21","guid":{"rendered":"https:\/\/labogen.com\/?page_id=284270"},"modified":"2025-10-15T14:01:39","modified_gmt":"2025-10-15T12:01:39","slug":"unsere-standorte","status":"publish","type":"page","link":"https:\/\/labogen.com\/fr\/unsere-standorte\/","title":{"rendered":"Unsere Standorte"},"content":{"rendered":"\t\t<div data-elementor-type=\"wp-page\" data-elementor-id=\"284270\" class=\"elementor elementor-284270\">\n\t\t\t\t\t\t<section class=\"elementor-section elementor-top-section elementor-element elementor-element-3492446 elementor-section-content-middle elementor-section-boxed elementor-section-height-default elementor-section-height-default\" data-id=\"3492446\" data-element_type=\"section\">\n\t\t\t\t\t\t<div class=\"elementor-container elementor-column-gap-extended\">\n\t\t\t\t\t<div class=\"elementor-column elementor-col-50 elementor-top-column elementor-element elementor-element-c8de834 ot-flex-column-vertical\" data-id=\"c8de834\" data-element_type=\"column\">\n\t\t\t<div class=\"elementor-widget-wrap elementor-element-populated\">\n\t\t\t\t\t\t<div class=\"elementor-element elementor-element-7fad0b6 elementor-widget elementor-widget-iheading\" data-id=\"7fad0b6\" data-element_type=\"widget\" data-widget_type=\"iheading.default\">\n\t\t\t\t<div class=\"elementor-widget-container\">\n\t\t\t\t\t<div class=\"ot-heading \">\r\n\t        <span>[ Laborstandorte ]<\/span>\t        \t    <\/div>\r\n\t    \t\t<\/div>\n\t\t\t\t<\/div>\n\t\t\t\t<div class=\"elementor-element elementor-element-d2696bc elementor-widget elementor-widget-text-editor\" data-id=\"d2696bc\" data-element_type=\"widget\" data-widget_type=\"text-editor.default\">\n\t\t\t\t<div class=\"elementor-widget-container\">\n\t\t\t\t\t\t\t<p><strong>LABOKLIN Deutschland<\/strong><br \/>Steubenstra\u00dfe 4<br \/>97688 Bad Kissingen<br \/>Tel.: +49 971 72 02 50 05<br \/>Fax: +49 971 6 85 46<br \/>E-Mail: <a href=\"mailto:labogen@laboklin.com\">labogen@laboklin.com<\/a><\/p><p><strong>LABOKLIN \u00d6sterreich<\/strong><br \/>Paul-Hahn-Stra\u00dfe 3<br \/>BT-D \/ 1. Stock<br \/>4020 Linz<br \/>Tel.: +43 732 717 24 20<br \/>Fax: +43 732 717 322<br \/>E-Mail: <a href=\"mailto:labor.linz@laboklin.com\">labor.linz@laboklin.com<\/a><\/p><p><strong>LABOKLIN Schweiz <\/strong><br \/>Max K\u00e4mpf-Platz 1<br \/>Postfach<br \/>4002 Basel<br \/>Tel.: +41 61 319 60 60<br \/>Fax: +41 61 319 60 65<br \/>E-Mail: <a href=\"mailto:labor.basel@laboklin.ch\">labor.basel@laboklin.ch<\/a><\/p><p><strong>LABOKLIN Gro\u00dfbritannien<\/strong><br \/>Labor: Batt Laboratories Ltd,<br \/>The Venture Centre,<br \/>University of Warwick Science Park<br \/>Sir William Lyons Road,<br \/>Coventry CV4 7EZ<br \/>Tel.: +44 024 7632 3275<br \/>E-Mail: <a href=\"mailto:admin@battlab.com\">admin@battlab.com<\/a><\/p><p>B\u00fcro: Laboklin (UK-Genetik)<br \/>Dr Mansour Makki, MRSB<br \/>Unit 20 Wheel Forge Way<br \/>Trafford Park, Manchester<br \/>M17 1EH<br \/>Tel.: +44 161 282 3066<br \/>E-Mail: info@laboklin.co.uk<\/p><p><strong>LABOKLIN Niederlande<\/strong><br \/>Industriestraat 29<br \/>6433 JW Hoensbroek<br \/>Tel.: +31 85 48 90 580<br \/>E-Mail: <a href=\"mailto:service.nl@laboklin.com\">service.nl@laboklin.com<\/a><\/p><p><strong>LABOKLIN Polen<\/strong><br \/>ul. Mehoffera 53A<br \/>03-131 Warszawa<br \/>Tel.: +48 22 691 93 10<br \/>E-Mail: <a href=\"mailto:lab.warszawa@laboklin.pl\">lab.warszawa@laboklin.pl<\/a><\/p>\t\t\t\t\t\t<\/div>\n\t\t\t\t<\/div>\n\t\t\t\t\t<\/div>\n\t\t<\/div>\n\t\t\t\t<div class=\"elementor-column elementor-col-50 elementor-top-column elementor-element elementor-element-131457d ot-flex-column-vertical\" data-id=\"131457d\" data-element_type=\"column\" data-settings=\"{&quot;background_background&quot;:&quot;classic&quot;}\">\n\t\t\t<div class=\"elementor-widget-wrap elementor-element-populated\">\n\t\t\t\t\t\t<div class=\"elementor-element elementor-element-4179a49 elementor-widget elementor-widget-text-editor\" data-id=\"4179a49\" data-element_type=\"widget\" data-widget_type=\"text-editor.default\">\n\t\t\t\t<div class=\"elementor-widget-container\">\n\t\t\t\t\t\t\t<p><span style=\"color: #ffffff;\"><strong>LABOKLIN Slowakische Republik<\/strong><\/span><br \/><span style=\"color: #ffffff;\">L\u00ed\u0161cie \u00fadolie 57<\/span><br \/><span style=\"color: #ffffff;\">84231 Bratislava<\/span><br \/><span style=\"color: #ffffff;\">Tel.: +421 232 339 020<\/span><br \/><span style=\"color: #ffffff;\">E-Mail: <a style=\"color: #ffffff;\" href=\"mailto:labor.ba@laboklin.com\">labor.ba@laboklin.com<\/a><\/span><\/p><p><span style=\"color: #ffffff;\"><strong>LABOKLIN Spanien<\/strong><\/span><br \/><span style=\"color: #ffffff;\">Pol\u00edgono Industrial de Alcobendas<\/span><br \/><span style=\"color: #ffffff;\">Avenida de la Industria 4, Edificio 3<\/span><br \/><span style=\"color: #ffffff;\">Planta 1a Oficina A<\/span><br \/><span style=\"color: #ffffff;\">28108 Alcobendas (Madrid)<\/span><br \/><span style=\"color: #ffffff;\">Tel.: +34 914 671 531<\/span><br \/><span style=\"color: #ffffff;\">Tel.: +34 644 030 557<\/span><br \/><span style=\"color: #ffffff;\">E-Mail: <a style=\"color: #ffffff;\" href=\"mailto:contacto@laboklin.com\">contacto@laboklin.com<\/a><\/span><\/p>\t\t\t\t\t\t<\/div>\n\t\t\t\t<\/div>\n\t\t\t\t<div class=\"elementor-element elementor-element-6a183e2 elementor-widget elementor-widget-iheading\" data-id=\"6a183e2\" data-element_type=\"widget\" data-widget_type=\"iheading.default\">\n\t\t\t\t<div class=\"elementor-widget-container\">\n\t\t\t\t\t<div class=\"ot-heading \">\r\n\t        <span>[ B\u00fcros ]<\/span>\t        \t    <\/div>\r\n\t    \t\t<\/div>\n\t\t\t\t<\/div>\n\t\t\t\t<div class=\"elementor-element elementor-element-c6c295b elementor-widget elementor-widget-text-editor\" data-id=\"c6c295b\" data-element_type=\"widget\" data-widget_type=\"text-editor.default\">\n\t\t\t\t<div class=\"elementor-widget-container\">\n\t\t\t\t\t\t\t<p><span style=\"color: #ffffff;\"><strong>LABOKLIN Argentinien\/Lateinamerika <\/strong><\/span><br \/><span style=\"color: #ffffff;\">Tel.: +54911 6436 8755<\/span><br \/><span style=\"color: #ffffff;\">Tel.: +54911 4147 1415<\/span><br \/><span style=\"color: #ffffff;\">E-Mail: <a style=\"color: #ffffff;\" href=\"mailto:latam@laboklin.com\">latam@laboklin.com<\/a><\/span><\/p><p><span style=\"color: #ffffff;\"><strong>LABOKLIN Belgien<\/strong><\/span><br \/><span style=\"color: #ffffff;\">Tel.: +32 13 48 05 05 (NL)<\/span><br \/><span style=\"color: #ffffff;\">Tel.: +33 967 32 85 80 (FR)<\/span><br \/><span style=\"color: #ffffff;\">E-Mail: <a style=\"color: #ffffff;\" href=\"mailto:belgique@laboklin.com\">belgique@laboklin.com<\/a><\/span><\/p><p><span style=\"color: #ffffff;\"><strong>LABOKLIN D\u00e4nemark <\/strong><\/span><br \/><span style=\"color: #ffffff;\">Tel.: +45 66 22 20 20<\/span><br \/><span style=\"color: #ffffff;\">E-Mail: <a style=\"color: #ffffff;\" href=\"mailto:danmark@laboklin.com\">danmark@laboklin.com<\/a><\/span><\/p><p><span style=\"color: #ffffff;\"><strong>LABOKLIN Estland <\/strong><\/span><br \/><span style=\"color: #ffffff;\">Tel.: +372 58 22 96 44<\/span><br \/><span style=\"color: #ffffff;\">E-Mail: <a style=\"color: #ffffff;\" href=\"mailto:info@laboklin.ee\">info@laboklin.ee<\/a><\/span><\/p><p><span style=\"color: #ffffff;\"><strong>LABOKLIN Finnland &#8211; Genetic<\/strong><\/span><br \/><span style=\"color: #ffffff;\">Tel.: +358 44 0675353<\/span><br \/><span style=\"color: #ffffff;\">E-Mail: <a style=\"color: #ffffff;\" href=\"mailto:info@laboklin.fi\">info@laboklin.fi<\/a><\/span><\/p><p><span style=\"color: #ffffff;\"><strong>LABOKLIN Frankreich <\/strong><\/span><br \/><span style=\"color: #ffffff;\">Tel.: +33 9 67 32 85 80<\/span><br \/><span style=\"color: #ffffff;\">E-Mail: <a style=\"color: #ffffff;\" href=\"mailto:labo.france@laboklin.com\">labo.france@laboklin.com<\/a><\/span><\/p>\t\t\t\t\t\t<\/div>\n\t\t\t\t<\/div>\n\t\t\t\t\t<\/div>\n\t\t<\/div>\n\t\t\t\t\t<\/div>\n\t\t<\/section>\n\t\t\t\t<section class=\"elementor-section elementor-top-section elementor-element elementor-element-1c7707d elementor-section-full_width elementor-section-height-default elementor-section-height-default\" data-id=\"1c7707d\" data-element_type=\"section\">\n\t\t\t\t\t\t<div class=\"elementor-container elementor-column-gap-default\">\n\t\t\t\t\t<div class=\"elementor-column elementor-col-100 elementor-top-column elementor-element elementor-element-3972b22 ot-flex-column-vertical\" data-id=\"3972b22\" data-element_type=\"column\">\n\t\t\t<div class=\"elementor-widget-wrap elementor-element-populated\">\n\t\t\t\t\t\t<div class=\"elementor-element elementor-element-d0a39be elementor-widget elementor-widget-google_maps\" data-id=\"d0a39be\" data-element_type=\"widget\" data-widget_type=\"google_maps.default\">\n\t\t\t\t<div class=\"elementor-widget-container\">\n\t\t\t\t\t<div class=\"elementor-custom-embed\">\n\t\t\t<iframe loading=\"lazy\"\n\t\t\t\t\tsrc=\"https:\/\/maps.google.com\/maps?q=%20Steubenstra%C3%9Fe%204%2097688%20Bad%20Kissingen%20D-Deutschland&#038;t=m&#038;z=17&#038;output=embed&#038;iwloc=near\"\n\t\t\t\t\ttitle=\" Steubenstra\u00dfe 4 97688 Bad Kissingen D-Deutschland\"\n\t\t\t\t\taria-label=\" Steubenstra\u00dfe 4 97688 Bad Kissingen D-Deutschland\"\n\t\t\t><\/iframe>\n\t\t<\/div>\n\t\t\t\t<\/div>\n\t\t\t\t<\/div>\n\t\t\t\t\t<\/div>\n\t\t<\/div>\n\t\t\t\t\t<\/div>\n\t\t<\/section>\n\t\t\t\t<\/div>\n\t\t","protected":false},"excerpt":{"rendered":"<p>[ Laborstandorte ] LABOKLIN DeutschlandSteubenstra\u00dfe 497688 Bad KissingenTel.: +49 971 72 02 50 05Fax: +49 971 6 85 46E-Mail: labogen@laboklin.com LABOKLIN \u00d6sterreichPaul-Hahn-Stra\u00dfe 3BT-D \/ 1. Stock4020 LinzTel.: +43 732 717 24 20Fax: +43 732 717 322E-Mail: labor.linz@laboklin.com LABOKLIN Schweiz Max K\u00e4mpf-Platz 1Postfach4002 BaselTel.: +41 61 319 60 60Fax: +41 61 319 60 65E-Mail: labor.basel@laboklin.ch LABOKLIN [&hellip;]<\/p>\n","protected":false},"author":5,"featured_media":0,"parent":0,"menu_order":3,"comment_status":"closed","ping_status":"closed","template":"","meta":{"footnotes":""},"class_list":["post-284270","page","type-page","status-publish","hentry"],"_links":{"self":[{"href":"https:\/\/labogen.com\/fr\/wp-json\/wp\/v2\/pages\/284270","targetHints":{"allow":["GET"]}}],"collection":[{"href":"https:\/\/labogen.com\/fr\/wp-json\/wp\/v2\/pages"}],"about":[{"href":"https:\/\/labogen.com\/fr\/wp-json\/wp\/v2\/types\/page"}],"author":[{"embeddable":true,"href":"https:\/\/labogen.com\/fr\/wp-json\/wp\/v2\/users\/5"}],"replies":[{"embeddable":true,"href":"https:\/\/labogen.com\/fr\/wp-json\/wp\/v2\/comments?post=284270"}],"version-history":[{"count":28,"href":"https:\/\/labogen.com\/fr\/wp-json\/wp\/v2\/pages\/284270\/revisions"}],"predecessor-version":[{"id":284371,"href":"https:\/\/labogen.com\/fr\/wp-json\/wp\/v2\/pages\/284270\/revisions\/284371"}],"wp:attachment":[{"href":"https:\/\/labogen.com\/fr\/wp-json\/wp\/v2\/media?parent=284270"}],"curies":[{"name":"wp","href":"https:\/\/api.w.org\/{rel}","templated":true}]}}