{"id":279850,"date":"2025-04-24T09:05:07","date_gmt":"2025-04-24T07:05:07","guid":{"rendered":"https:\/\/labogen.com\/?page_id=279850"},"modified":"2025-07-22T09:41:56","modified_gmt":"2025-07-22T07:41:56","slug":"hereditaere-ataxie-belgischer-schaeferhund-malinois","status":"publish","type":"page","link":"https:\/\/labogen.com\/fr\/erbkrankheiten-hund\/hereditaere-ataxie-belgischer-schaeferhund-malinois\/","title":{"rendered":"Heredit\u00e4re Ataxie (HA) \u2013 Belgischer Sch\u00e4ferhund (Malinois)"},"content":{"rendered":"\t\t<div data-elementor-type=\"wp-page\" data-elementor-id=\"279850\" class=\"elementor elementor-279850\">\n\t\t\t\t<div class=\"elementor-element elementor-element-6903062e e-flex e-con-boxed e-con e-parent\" data-id=\"6903062e\" data-element_type=\"container\">\n\t\t\t\t\t<div class=\"e-con-inner\">\n\t\t<div class=\"elementor-element elementor-element-40fa31e3 e-con-full e-flex e-con e-child\" data-id=\"40fa31e3\" data-element_type=\"container\">\n\t\t\t\t<div class=\"elementor-element elementor-element-5d7829b1 elementor-widget elementor-widget-heading\" data-id=\"5d7829b1\" data-element_type=\"widget\" data-widget_type=\"heading.default\">\n\t\t\t\t<div class=\"elementor-widget-container\">\n\t\t\t<h1 class=\"elementor-heading-title elementor-size-default\">Heredit\u00e4re Ataxie (HA) \u2013 Belgischer Sch\u00e4ferhund (Malinois)<\/h1>\t\t<\/div>\n\t\t\t\t<\/div>\n\t\t\t\t<div class=\"elementor-element elementor-element-1d8e8d5b elementor-widget elementor-widget-text-editor\" data-id=\"1d8e8d5b\" data-element_type=\"widget\" data-widget_type=\"text-editor.default\">\n\t\t\t\t<div class=\"elementor-widget-container\">\n\t\t\t\t\t\t\t<h4><strong>Allgemeine Beschreibung<\/strong><\/h4>\n<p><span style=\"color: #800000;\">Beim Malinois, einer Variet\u00e4t des Belgischen Sch\u00e4ferhundes, konnte eine genetische Variante im SLC12A6-Gen gefunden werden, die mit einer spinocerebell\u00e4ren Ataxie einhergeht. Das SLC12A6-Gen codiert f\u00fcr einen Kalium-Chlorid-Cotransporter, der f\u00fcr eine Vielzahl an biophysikalischen und physiologischen Prozessen im K\u00f6rper eine wichtige Rolle spielt. <\/span><\/p>\n<p><span style=\"color: #800000;\">Bei von dieser Variante betroffenen Hunden kommt es zu einer sich langsam verschlechternden St\u00f6rung der Bewegungskoordination (Ataxie), einer beidseitigen unvollst\u00e4ndigen L\u00e4hmung (Paraparese) der Hinterl\u00e4ufe, beim Stehen ber\u00fchrend die Karpalgelenke (Handgelenke) den Boden und nach Sedierung kommt es zu unwillk\u00fcrlichen Muskelkontraktionen am ganzen K\u00f6rper (\u00e4hnlich einer Myokymie). Epileptische Anf\u00e4lle wurden bei den betroffenen Hunden bislang nicht beobachtet. <\/span><\/p>\n<p><span style=\"color: #800000;\">Die ersten Symptome treten in der Regel im Alter von 3-6 Monaten in Form eines unkoordinierten Gangbildes auf und verschlechtern sich immer weiter, bis die betroffenen Hunde im Alter von 2,5-3 Jahren nicht mehr f\u00e4hig sind sich selbstst\u00e4ndig fortzubewegen. Die Gr\u00f6\u00dfe und das Gewicht der betroffenen Hunde sind im Vergleich zu anderen Hunden leicht reduziert. <\/span><\/p>\n<h4><strong><span style=\"color: #e51e1e;\">Rassen<\/span><\/strong><\/h4>\n<p>Belgischer Sch\u00e4ferhund Malinois<\/p>\t\t\t\t\t\t<\/div>\n\t\t\t\t<\/div>\n\t\t\t\t<\/div>\n\t\t<div class=\"elementor-element elementor-element-1ae50188 e-con-full e-flex e-con e-child\" data-id=\"1ae50188\" data-element_type=\"container\">\n\t\t\t\t<div class=\"elementor-element elementor-element-6ca5da92 elementor-widget elementor-widget-toggle\" data-id=\"6ca5da92\" data-element_type=\"widget\" data-settings=\"{&quot;_animation&quot;:&quot;none&quot;,&quot;_animation_delay&quot;:1500}\" data-widget_type=\"toggle.default\">\n\t\t\t\t<div class=\"elementor-widget-container\">\n\t\t\t\t\t<div class=\"elementor-toggle\">\n\t\t\t\t\t\t\t<div class=\"elementor-toggle-item\">\n\t\t\t\t\t<h6 id=\"elementor-tab-title-1821\" class=\"elementor-tab-title\" data-tab=\"1\" role=\"button\" aria-controls=\"elementor-tab-content-1821\" aria-expanded=\"false\">\n\t\t\t\t\t\t\t\t\t\t\t\t<span class=\"elementor-toggle-icon elementor-toggle-icon-left\" aria-hidden=\"true\">\n\t\t\t\t\t\t\t\t\t\t\t\t\t\t\t<span class=\"elementor-toggle-icon-closed\"><svg class=\"e-font-icon-svg e-fas-caret-right\" viewBox=\"0 0 192 512\" xmlns=\"http:\/\/www.w3.org\/2000\/svg\"><path d=\"M0 384.662V127.338c0-17.818 21.543-26.741 34.142-14.142l128.662 128.662c7.81 7.81 7.81 20.474 0 28.284L34.142 398.804C21.543 411.404 0 402.48 0 384.662z\"><\/path><\/svg><\/span>\n\t\t\t\t\t\t\t\t<span class=\"elementor-toggle-icon-opened\"><svg class=\"elementor-toggle-icon-opened e-font-icon-svg e-fas-caret-down\" viewBox=\"0 0 320 512\" xmlns=\"http:\/\/www.w3.org\/2000\/svg\"><path d=\"M31.3 192h257.3c17.8 0 26.7 21.5 14.1 34.1L174.1 354.8c-7.8 7.8-20.5 7.8-28.3 0L17.2 226.1C4.6 213.5 13.5 192 31.3 192z\"><\/path><\/svg><\/span>\n\t\t\t\t\t\t\t\t\t\t\t\t\t<\/span>\n\t\t\t\t\t\t\t\t\t\t\t\t<a class=\"elementor-toggle-title\" tabindex=\"0\">Details zur Bestellung<\/a>\n\t\t\t\t\t<\/h6>\n\n\t\t\t\t\t<div id=\"elementor-tab-content-1821\" class=\"elementor-tab-content elementor-clearfix\" data-tab=\"1\" role=\"region\" aria-labelledby=\"elementor-tab-title-1821\"><table border=\"0\">\n<tbody>\n<tr>\n<td width=\"45%\"><span style=\"color: #e51e1e;\"><strong>Testnummer<\/strong><\/span><\/td>\n<td>Nur in <a href=\"https:\/\/labogen.com\/labogenetics-xxl-hund\/\">LABOGeneticsXXL &#8211; Hund<\/a> enthahlten<\/td>\n<\/tr>\n<tr>\n<td><strong>Abk\u00fcrzung<\/strong><\/td>\n<td>HA<\/td>\n<\/tr>\n<\/tbody>\n<\/table><\/div>\n\t\t\t\t<\/div>\n\t\t\t\t\t\t\t<div class=\"elementor-toggle-item\">\n\t\t\t\t\t<h6 id=\"elementor-tab-title-1822\" class=\"elementor-tab-title\" data-tab=\"2\" role=\"button\" aria-controls=\"elementor-tab-content-1822\" aria-expanded=\"false\">\n\t\t\t\t\t\t\t\t\t\t\t\t<span class=\"elementor-toggle-icon elementor-toggle-icon-left\" aria-hidden=\"true\">\n\t\t\t\t\t\t\t\t\t\t\t\t\t\t\t<span class=\"elementor-toggle-icon-closed\"><svg class=\"e-font-icon-svg e-fas-caret-right\" viewBox=\"0 0 192 512\" xmlns=\"http:\/\/www.w3.org\/2000\/svg\"><path d=\"M0 384.662V127.338c0-17.818 21.543-26.741 34.142-14.142l128.662 128.662c7.81 7.81 7.81 20.474 0 28.284L34.142 398.804C21.543 411.404 0 402.48 0 384.662z\"><\/path><\/svg><\/span>\n\t\t\t\t\t\t\t\t<span class=\"elementor-toggle-icon-opened\"><svg class=\"elementor-toggle-icon-opened e-font-icon-svg e-fas-caret-down\" viewBox=\"0 0 320 512\" xmlns=\"http:\/\/www.w3.org\/2000\/svg\"><path d=\"M31.3 192h257.3c17.8 0 26.7 21.5 14.1 34.1L174.1 354.8c-7.8 7.8-20.5 7.8-28.3 0L17.2 226.1C4.6 213.5 13.5 192 31.3 192z\"><\/path><\/svg><\/span>\n\t\t\t\t\t\t\t\t\t\t\t\t\t<\/span>\n\t\t\t\t\t\t\t\t\t\t\t\t<a class=\"elementor-toggle-title\" tabindex=\"0\">Spezifikationen Test<\/a>\n\t\t\t\t\t<\/h6>\n\n\t\t\t\t\t<div id=\"elementor-tab-content-1822\" class=\"elementor-tab-content elementor-clearfix\" data-tab=\"2\" role=\"region\" aria-labelledby=\"elementor-tab-title-1822\"><table border=\"0\">\n<tbody>\n<tr>\n<td width=\"45%\"><span style=\"color: #e51e1e;\"><strong>Erbgang<\/strong><\/span><\/td>\n<td>autosomal-rezessiv<\/td>\n<\/tr>\n<tr>\n<td><strong>Gen<\/strong><\/td>\n<td>SLC12A6<\/td>\n<\/tr>\n<tr>\n<td><span style=\"color: #e51e1e;\"><strong>Variante<\/strong><\/span><\/td>\n<td>COMPLEX<\/td>\n<\/tr>\n<tr>\n<td><strong>Literatur<\/strong><\/td>\n<td><a href=\"https:\/\/omia.org\/OMIA002279\/9615\/\">OMIA:002279-9615<\/a><\/td>\n<\/tr>\n<\/tbody>\n<\/table><\/div>\n\t\t\t\t<\/div>\n\t\t\t\t\t\t\t\t<\/div>\n\t\t\t\t<\/div>\n\t\t\t\t<\/div>\n\t\t\t\t<div class=\"elementor-element elementor-element-0f968e0 elementor-align-right elementor-widget elementor-widget-ibutton\" data-id=\"0f968e0\" data-element_type=\"widget\" data-settings=\"{&quot;_animation&quot;:&quot;none&quot;,&quot;_animation_delay&quot;:3000}\" data-widget_type=\"ibutton.default\">\n\t\t\t\t<div class=\"elementor-widget-container\">\n\t\t\t\t\t<div class=\"ot-button\">\r\n\t\t\t<a href=\"https:\/\/labogen.com\/labogenetics-xxl-hund\/\" class=\"octf-btn octf-btn-dark\"><strong>Zu LABOGenetics XXL Hund<\/strong><\/a>\r\n\t    <\/div>\r\n\t    \t\t<\/div>\n\t\t\t\t<\/div>\n\t\t\t\t<\/div>\n\t\t\t\t\t<\/div>\n\t\t\t\t<\/div>\n\t\t<div class=\"elementor-element elementor-element-f9ddd7e e-flex e-con-boxed e-con e-parent\" data-id=\"f9ddd7e\" data-element_type=\"container\">\n\t\t\t\t\t<div class=\"e-con-inner\">\n\t\t\t\t<div class=\"elementor-element elementor-element-ca865d5 elementor-widget elementor-widget-spacer\" data-id=\"ca865d5\" data-element_type=\"widget\" data-widget_type=\"spacer.default\">\n\t\t\t\t<div class=\"elementor-widget-container\">\n\t\t\t\t\t<div class=\"elementor-spacer\">\n\t\t\t<div class=\"elementor-spacer-inner\"><\/div>\n\t\t<\/div>\n\t\t\t\t<\/div>\n\t\t\t\t<\/div>\n\t\t\t\t\t<\/div>\n\t\t\t\t<\/div>\n\t\t<div class=\"elementor-element elementor-element-1278d38d e-flex e-con-boxed e-con e-parent\" data-id=\"1278d38d\" data-element_type=\"container\">\n\t\t\t\t\t<div class=\"e-con-inner\">\n\t\t\t\t<div class=\"elementor-element elementor-element-26903a1 elementor-widget elementor-widget-spacer\" data-id=\"26903a1\" data-element_type=\"widget\" data-widget_type=\"spacer.default\">\n\t\t\t\t<div class=\"elementor-widget-container\">\n\t\t\t\t\t<div class=\"elementor-spacer\">\n\t\t\t<div class=\"elementor-spacer-inner\"><\/div>\n\t\t<\/div>\n\t\t\t\t<\/div>\n\t\t\t\t<\/div>\n\t\t\t\t\t<\/div>\n\t\t\t\t<\/div>\n\t\t\t\t<\/div>\n\t\t","protected":false},"excerpt":{"rendered":"<p>Heredit\u00e4re Ataxie (HA) \u2013 Belgischer Sch\u00e4ferhund (Malinois) Allgemeine Beschreibung Beim Malinois, einer Variet\u00e4t des Belgischen Sch\u00e4ferhundes, konnte eine genetische Variante im SLC12A6-Gen gefunden werden, die mit einer spinocerebell\u00e4ren Ataxie einhergeht. Das SLC12A6-Gen codiert f\u00fcr einen Kalium-Chlorid-Cotransporter, der f\u00fcr eine Vielzahl an biophysikalischen und physiologischen Prozessen im K\u00f6rper eine wichtige Rolle spielt. Bei von dieser Variante [&hellip;]<\/p>\n","protected":false},"author":15,"featured_media":270995,"parent":6261,"menu_order":0,"comment_status":"closed","ping_status":"closed","template":"","meta":{"footnotes":""},"class_list":["post-279850","page","type-page","status-publish","has-post-thumbnail","hentry"],"_links":{"self":[{"href":"https:\/\/labogen.com\/fr\/wp-json\/wp\/v2\/pages\/279850","targetHints":{"allow":["GET"]}}],"collection":[{"href":"https:\/\/labogen.com\/fr\/wp-json\/wp\/v2\/pages"}],"about":[{"href":"https:\/\/labogen.com\/fr\/wp-json\/wp\/v2\/types\/page"}],"author":[{"embeddable":true,"href":"https:\/\/labogen.com\/fr\/wp-json\/wp\/v2\/users\/15"}],"replies":[{"embeddable":true,"href":"https:\/\/labogen.com\/fr\/wp-json\/wp\/v2\/comments?post=279850"}],"version-history":[{"count":11,"href":"https:\/\/labogen.com\/fr\/wp-json\/wp\/v2\/pages\/279850\/revisions"}],"predecessor-version":[{"id":282541,"href":"https:\/\/labogen.com\/fr\/wp-json\/wp\/v2\/pages\/279850\/revisions\/282541"}],"up":[{"embeddable":true,"href":"https:\/\/labogen.com\/fr\/wp-json\/wp\/v2\/pages\/6261"}],"wp:featuredmedia":[{"embeddable":true,"href":"https:\/\/labogen.com\/fr\/wp-json\/wp\/v2\/media\/270995"}],"wp:attachment":[{"href":"https:\/\/labogen.com\/fr\/wp-json\/wp\/v2\/media?parent=279850"}],"curies":[{"name":"wp","href":"https:\/\/api.w.org\/{rel}","templated":true}]}}