{"id":271815,"date":"2024-06-26T13:29:05","date_gmt":"2024-06-26T11:29:05","guid":{"rendered":"https:\/\/staging.laboklin.com\/labogen\/labogen_wp\/index.php\/bulletin-dinformation\/"},"modified":"2024-09-18T09:58:59","modified_gmt":"2024-09-18T07:58:59","slug":"bulletin-dinformation","status":"publish","type":"page","link":"https:\/\/labogen.com\/fr\/bulletin-dinformation\/","title":{"rendered":"Bulletin d&rsquo;information"},"content":{"rendered":"\t\t<div data-elementor-type=\"wp-page\" data-elementor-id=\"271815\" class=\"elementor elementor-271815 elementor-6320\">\n\t\t\t\t<div class=\"elementor-element elementor-element-a238c87 e-flex e-con-boxed e-con e-parent\" data-id=\"a238c87\" data-element_type=\"container\">\n\t\t\t\t\t<div class=\"e-con-inner\">\n\t\t<div class=\"elementor-element elementor-element-3f7c9ea e-con-full e-flex e-con e-child\" data-id=\"3f7c9ea\" data-element_type=\"container\">\n\t\t\t\t<div class=\"elementor-element elementor-element-052072e elementor-widget elementor-widget-text-editor\" data-id=\"052072e\" data-element_type=\"widget\" data-widget_type=\"text-editor.default\">\n\t\t\t\t<div class=\"elementor-widget-container\">\n\t\t\t\t\t\t\t<h2 class=\"newsletter--title\">S&rsquo;abonner \u00e0 la newsletter<\/h2>\n\t\t\t\t\t\t<\/div>\n\t\t\t\t<\/div>\n\t\t\t\t<\/div>\n\t\t<div class=\"elementor-element elementor-element-1634071 e-con-full e-flex e-con e-child\" data-id=\"1634071\" data-element_type=\"container\">\n\t\t\t\t<div class=\"elementor-element elementor-element-f81ce0c elementor-align-right elementor-widget elementor-widget-ibutton\" data-id=\"f81ce0c\" data-element_type=\"widget\" data-widget_type=\"ibutton.default\">\n\t\t\t\t<div class=\"elementor-widget-container\">\n\t\t\t\t\t<div class=\"ot-button\">\r\n\t\t\t<a href=\"https:\/\/labogen.com\/\/labogen-news\/\" class=\"octf-btn octf-btn-dark\">INfoth\u00e8que - archives de la newsletter<\/a>\r\n\t    <\/div>\r\n\t    \t\t<\/div>\n\t\t\t\t<\/div>\n\t\t\t\t<\/div>\n\t\t\t\t\t<\/div>\n\t\t\t\t<\/div>\n\t\t<div class=\"elementor-element elementor-element-d941ea0 e-flex e-con-boxed e-con e-parent\" data-id=\"d941ea0\" data-element_type=\"container\">\n\t\t\t\t\t<div class=\"e-con-inner\">\n\t\t\t\t<div class=\"elementor-element elementor-element-cdf09e8 elementor-widget elementor-widget-text-editor\" data-id=\"cdf09e8\" data-element_type=\"widget\" data-widget_type=\"text-editor.default\">\n\t\t\t\t<div class=\"elementor-widget-container\">\n\t\t\t\t\t\t\t<p class=\"newsletter--info\">Abonnez-vous d\u00e8s maintenant \u00e0 notre newsletter r\u00e9guli\u00e8re et vous serez toujours le premier \u00e0 \u00eatre inform\u00e9 des nouveaux articles et offres. Il est bien entendu possible de se d\u00e9sabonner \u00e0 tout moment de la newsletter en cliquant sur un lien dans l&rsquo;e-mail ou sur cette page.<\/p>\n<p>Vous \u00eates suisse ?&nbsp;<a title=\"Bulletin d'information suisse sur la g\u00e9n\u00e9tique\" href=\"https:\/\/ta128a8bb.emailsys1b.net\/112\/3727\/ac8f0ce3ae\/subscribe\/form.html?_g=1615886699\" target=\"_blank\" rel=\"nofollow noopener\">Cliquez ici pour acc\u00e9der \u00e0 la newsletter de G\u00e9n\u00e9tique Suisse<\/a><\/p>\n<h5>G\u00e9n\u00e9tique Newsletter Fran\u00e7ais :<\/h5>\t\t\t\t\t\t<\/div>\n\t\t\t\t<\/div>\n\t\t\t\t\t<\/div>\n\t\t\t\t<\/div>\n\t\t<div class=\"elementor-element elementor-element-4a76244 e-flex e-con-boxed e-con e-parent\" data-id=\"4a76244\" data-element_type=\"container\">\n\t\t\t\t\t<div class=\"e-con-inner\">\n\t\t\t\t<div class=\"elementor-element elementor-element-ed16224 elementor-widget elementor-widget-text-editor\" data-id=\"ed16224\" data-element_type=\"widget\" data-widget_type=\"text-editor.default\">\n\t\t\t\t<div class=\"elementor-widget-container\">\n\t\t\t\t\t\t\t\n<p><\/p>\n\n\n\n<iframe style=\"border: none; height: 560px; width: 100%;\" src=\"https:\/\/shop.labogen.com\/labogen.php\"><\/iframe>\n\t\t\t\t\t\t<\/div>\n\t\t\t\t<\/div>\n\t\t\t\t\t<\/div>\n\t\t\t\t<\/div>\n\t\t\t\t<\/div>\n\t\t","protected":false},"excerpt":{"rendered":"<p>S&rsquo;abonner \u00e0 la newsletter INfoth\u00e8que &#8211; archives de la newsletter Abonnez-vous d\u00e8s maintenant \u00e0 notre newsletter r\u00e9guli\u00e8re et vous serez toujours le premier \u00e0 \u00eatre inform\u00e9 des nouveaux articles et offres. Il est bien entendu possible de se d\u00e9sabonner \u00e0 tout moment de la newsletter en cliquant sur un lien dans l&rsquo;e-mail ou sur cette [&hellip;]<\/p>\n","protected":false},"author":5,"featured_media":0,"parent":0,"menu_order":34,"comment_status":"closed","ping_status":"closed","template":"","meta":{"footnotes":""},"class_list":["post-271815","page","type-page","status-publish","hentry"],"_links":{"self":[{"href":"https:\/\/labogen.com\/fr\/wp-json\/wp\/v2\/pages\/271815","targetHints":{"allow":["GET"]}}],"collection":[{"href":"https:\/\/labogen.com\/fr\/wp-json\/wp\/v2\/pages"}],"about":[{"href":"https:\/\/labogen.com\/fr\/wp-json\/wp\/v2\/types\/page"}],"author":[{"embeddable":true,"href":"https:\/\/labogen.com\/fr\/wp-json\/wp\/v2\/users\/5"}],"replies":[{"embeddable":true,"href":"https:\/\/labogen.com\/fr\/wp-json\/wp\/v2\/comments?post=271815"}],"version-history":[{"count":1,"href":"https:\/\/labogen.com\/fr\/wp-json\/wp\/v2\/pages\/271815\/revisions"}],"predecessor-version":[{"id":271816,"href":"https:\/\/labogen.com\/fr\/wp-json\/wp\/v2\/pages\/271815\/revisions\/271816"}],"wp:attachment":[{"href":"https:\/\/labogen.com\/fr\/wp-json\/wp\/v2\/media?parent=271815"}],"curies":[{"name":"wp","href":"https:\/\/api.w.org\/{rel}","templated":true}]}}