{"id":271813,"date":"2024-09-17T17:32:44","date_gmt":"2024-09-17T15:32:44","guid":{"rendered":"https:\/\/staging.laboklin.com\/labogen\/labogen_wp\/index.php\/echantillon-pour-le-chien\/"},"modified":"2025-02-07T14:09:19","modified_gmt":"2025-02-07T13:09:19","slug":"echantillon-pour-le-chien","status":"publish","type":"page","link":"https:\/\/labogen.com\/fr\/echantillon-pour-le-chien\/","title":{"rendered":"\u00c9chantillon pour le chien"},"content":{"rendered":"\t\t<div data-elementor-type=\"wp-page\" data-elementor-id=\"271813\" class=\"elementor elementor-271813 elementor-271725\">\n\t\t\t\t<div class=\"elementor-element elementor-element-2cf45e0 e-flex e-con-boxed e-con e-parent\" data-id=\"2cf45e0\" data-element_type=\"container\">\n\t\t\t\t\t<div class=\"e-con-inner\">\n\t\t\t\t<div class=\"elementor-element elementor-element-82601d4 elementor-widget elementor-widget-text-editor\" data-id=\"82601d4\" data-element_type=\"widget\" data-widget_type=\"text-editor.default\">\n\t\t\t\t<div class=\"elementor-widget-container\">\n\t\t\t\t\t\t\t<h5><strong>0,5 &#8211; 1 ml de sang EDTA<\/strong><\/h5>\n<p>Le sang EDTA est id\u00e9al pour tous les tests g\u00e9n\u00e9tiques, car il fournit jusqu&rsquo;\u00e0 100 fois plus d&rsquo;ADN pour l&rsquo;analyse qu&rsquo;un frottis de joue. Faites pr\u00e9lever l&rsquo;\u00e9chantillon par un v\u00e9t\u00e9rinaire.<\/p>\n<h5><span style=\"color: #e51e1e;\"><strong>Un frottis sp\u00e9cial (eNAT)<\/strong><\/span><\/h5>\n<p>Le tampon de lyse contenu dans le tube scinde les cellules et extrait directement l&rsquo;ADN. Ces frottis optimis\u00e9s sont recommand\u00e9s pour les tests exigeant une qualit\u00e9 d&rsquo;ADN \u00e9lev\u00e9e ou lorsqu&rsquo;une prise de sang n&rsquo;est pas possible ou souhaitable.<\/p>\n<h5><strong>Deux pr\u00e9l\u00e8vements secs de la joue<\/strong><\/h5>\n<p>Un frottis de la joue effectu\u00e9 trop timidement peut entra\u00eener un manque de mat\u00e9riel cellulaire adh\u00e9rant \u00e0 l&rsquo;\u00e9couvillon, ce qui rend difficile la r\u00e9alisation d&rsquo;un test g\u00e9n\u00e9tique. Toutefois, si une quantit\u00e9 suffisante d&rsquo;ADN peut \u00eatre isol\u00e9e, le r\u00e9sultat du test est aussi fiable que celui d&rsquo;un \u00e9chantillon de sang.<br \/>Pour environ 2 \u00e0 5 % des \u00e9couvillons de joues secs, un r\u00e9sultat valide n&rsquo;est pas possible selon le test.<\/p>\n<p><span style=\"color: #e51e1e;\"><strong>Remarque<\/strong><\/span>: Pour les tests suivants, les \u00e9couvillons de joues secs ne conviennent pas :<\/p>\n<ul>\n<li>8005 \u00c9pilepsie de Lafora<\/li>\n<li>8540 Profil ADN SNP Premium (ISAG 2020)<\/li>\n<li>8823 Carcinome \u00e9pidermo\u00efde (CEP) de l&rsquo;orteil &#8211; analyse de risque<\/li>\n<li>9340 LABOGenetics XXL chien<\/li>\n<\/ul>\n<h5><strong>Notre recommandation<\/strong><\/h5>\n<p>Faites appel \u00e0 un v\u00e9t\u00e9rinaire pour le pr\u00e9l\u00e8vement d&rsquo;\u00e9chantillons. Celui-ci v\u00e9rifie et confirme l&rsquo;identit\u00e9 de l&rsquo;animal gr\u00e2ce au num\u00e9ro de la puce \u00e9lectronique. Une identification minutieuse, ainsi qu&rsquo;une saisie correcte de toutes les donn\u00e9es contribuent largement \u00e0 l&rsquo;assurance qualit\u00e9 et constituent une condition pr\u00e9alable \u00e0 la d\u00e9livrance de certificats.<\/p>\n\t\t\t\t\t\t<\/div>\n\t\t\t\t<\/div>\n\t\t\t\t\t<\/div>\n\t\t\t\t<\/div>\n\t\t\t\t<\/div>\n\t\t","protected":false},"excerpt":{"rendered":"<p>0,5 &#8211; 1 ml de sang EDTA Le sang EDTA est id\u00e9al pour tous les tests g\u00e9n\u00e9tiques, car il fournit jusqu&rsquo;\u00e0 100 fois plus d&rsquo;ADN pour l&rsquo;analyse qu&rsquo;un frottis de joue. Faites pr\u00e9lever l&rsquo;\u00e9chantillon par un v\u00e9t\u00e9rinaire. Un frottis sp\u00e9cial (eNAT) Le tampon de lyse contenu dans le tube scinde les cellules et extrait directement [&hellip;]<\/p>\n","protected":false},"author":5,"featured_media":0,"parent":0,"menu_order":0,"comment_status":"closed","ping_status":"closed","template":"","meta":{"footnotes":""},"class_list":["post-271813","page","type-page","status-publish","hentry"],"_links":{"self":[{"href":"https:\/\/labogen.com\/fr\/wp-json\/wp\/v2\/pages\/271813","targetHints":{"allow":["GET"]}}],"collection":[{"href":"https:\/\/labogen.com\/fr\/wp-json\/wp\/v2\/pages"}],"about":[{"href":"https:\/\/labogen.com\/fr\/wp-json\/wp\/v2\/types\/page"}],"author":[{"embeddable":true,"href":"https:\/\/labogen.com\/fr\/wp-json\/wp\/v2\/users\/5"}],"replies":[{"embeddable":true,"href":"https:\/\/labogen.com\/fr\/wp-json\/wp\/v2\/comments?post=271813"}],"version-history":[{"count":4,"href":"https:\/\/labogen.com\/fr\/wp-json\/wp\/v2\/pages\/271813\/revisions"}],"predecessor-version":[{"id":278444,"href":"https:\/\/labogen.com\/fr\/wp-json\/wp\/v2\/pages\/271813\/revisions\/278444"}],"wp:attachment":[{"href":"https:\/\/labogen.com\/fr\/wp-json\/wp\/v2\/media?parent=271813"}],"curies":[{"name":"wp","href":"https:\/\/api.w.org\/{rel}","templated":true}]}}