{"id":271807,"date":"2024-09-17T17:52:30","date_gmt":"2024-09-17T15:52:30","guid":{"rendered":"https:\/\/staging.laboklin.com\/labogen\/labogen_wp\/index.php\/echantillon-de-cheval\/"},"modified":"2024-09-18T09:44:00","modified_gmt":"2024-09-18T07:44:00","slug":"echantillon-de-cheval","status":"publish","type":"page","link":"https:\/\/labogen.com\/fr\/echantillon-de-cheval\/","title":{"rendered":"\u00c9chantillon de cheval"},"content":{"rendered":"\t\t<div data-elementor-type=\"wp-page\" data-elementor-id=\"271807\" class=\"elementor elementor-271807 elementor-271737\">\n\t\t\t\t<div class=\"elementor-element elementor-element-adc6216 e-flex e-con-boxed e-con e-parent\" data-id=\"adc6216\" data-element_type=\"container\">\n\t\t\t\t\t<div class=\"e-con-inner\">\n\t\t\t\t<div class=\"elementor-element elementor-element-e041c92 elementor-widget elementor-widget-text-editor\" data-id=\"e041c92\" data-element_type=\"widget\" data-widget_type=\"text-editor.default\">\n\t\t\t\t<div class=\"elementor-widget-container\">\n\t\t\t\t\t\t\t<h5><strong>0,5 \u2013 1 ml de sang EDTA<\/strong><\/h5>\n<p>Le sang EDTA est id\u00e9al pour tous les tests g\u00e9n\u00e9tiques, car il contient jusqu\u2019\u00e0 100 fois plus d\u2019ADN pour l\u2019analyse qu\u2019un frottis de joue. Faites pr\u00e9lever l\u2019\u00e9chantillon de sang par un v\u00e9t\u00e9rinaire.<\/p>\n<h5><span style=\"color: #e51e1e;\"><strong>20 \u2013 30 Crins de la crini\u00e8re ou de la queue avec la racine<\/strong><\/span><\/h5>\n<p>Veillez \u00e0 ce que les crins de la crini\u00e8re ou de la queue soient arrach\u00e9s et non coup\u00e9s afin de pr\u00e9server les racines des crins. Pour les poulains, seuls les crins de la queue doivent \u00eatre utilis\u00e9s, afin d\u2019\u00e9viter une \u00e9ventuelle contamination par l\u2019ADN de la jument.<\/p>\n<h5><strong>Notre recommandation<\/strong><\/h5>\n<p>Faites appel \u00e0 un v\u00e9t\u00e9rinaire pour le pr\u00e9l\u00e8vement d\u2019\u00e9chantillons. Celui-ci v\u00e9rifie et confirme l\u2019identit\u00e9 de l\u2019animal gr\u00e2ce au num\u00e9ro de la puce \u00e9lectronique. Une identification minutieuse, ainsi qu\u2019une saisie correcte de toutes les donn\u00e9es contribuent largement \u00e0 l\u2019assurance qualit\u00e9 et constituent une condition pr\u00e9alable \u00e0 la d\u00e9livrance de certificats.<\/p>\n\t\t\t\t\t\t<\/div>\n\t\t\t\t<\/div>\n\t\t\t\t\t<\/div>\n\t\t\t\t<\/div>\n\t\t\t\t<\/div>\n\t\t","protected":false},"excerpt":{"rendered":"<p>0,5 \u2013 1 ml de sang EDTA Le sang EDTA est id\u00e9al pour tous les tests g\u00e9n\u00e9tiques, car il contient jusqu\u2019\u00e0 100 fois plus d\u2019ADN pour l\u2019analyse qu\u2019un frottis de joue. Faites pr\u00e9lever l\u2019\u00e9chantillon de sang par un v\u00e9t\u00e9rinaire. 20 \u2013 30 Crins de la crini\u00e8re ou de la queue avec la racine Veillez \u00e0 [&hellip;]<\/p>\n","protected":false},"author":5,"featured_media":0,"parent":0,"menu_order":0,"comment_status":"closed","ping_status":"closed","template":"","meta":{"footnotes":""},"class_list":["post-271807","page","type-page","status-publish","hentry"],"_links":{"self":[{"href":"https:\/\/labogen.com\/fr\/wp-json\/wp\/v2\/pages\/271807","targetHints":{"allow":["GET"]}}],"collection":[{"href":"https:\/\/labogen.com\/fr\/wp-json\/wp\/v2\/pages"}],"about":[{"href":"https:\/\/labogen.com\/fr\/wp-json\/wp\/v2\/types\/page"}],"author":[{"embeddable":true,"href":"https:\/\/labogen.com\/fr\/wp-json\/wp\/v2\/users\/5"}],"replies":[{"embeddable":true,"href":"https:\/\/labogen.com\/fr\/wp-json\/wp\/v2\/comments?post=271807"}],"version-history":[{"count":1,"href":"https:\/\/labogen.com\/fr\/wp-json\/wp\/v2\/pages\/271807\/revisions"}],"predecessor-version":[{"id":271808,"href":"https:\/\/labogen.com\/fr\/wp-json\/wp\/v2\/pages\/271807\/revisions\/271808"}],"wp:attachment":[{"href":"https:\/\/labogen.com\/fr\/wp-json\/wp\/v2\/media?parent=271807"}],"curies":[{"name":"wp","href":"https:\/\/api.w.org\/{rel}","templated":true}]}}