{"id":270896,"date":"2024-08-23T12:45:56","date_gmt":"2024-08-23T10:45:56","guid":{"rendered":"https:\/\/staging.laboklin.com\/labogen\/labogen_wp\/index.php\/infotheque\/"},"modified":"2024-09-25T08:49:57","modified_gmt":"2024-09-25T06:49:57","slug":"infotheque","status":"publish","type":"page","link":"https:\/\/labogen.com\/fr\/infotheque\/","title":{"rendered":"INFOTH\u00c8QUE"},"content":{"rendered":"\t\t<div data-elementor-type=\"wp-page\" data-elementor-id=\"270896\" class=\"elementor elementor-270896 elementor-269030\">\n\t\t\t\t<div class=\"elementor-element elementor-element-51dbba9 e-flex e-con-boxed e-con e-parent\" data-id=\"51dbba9\" data-element_type=\"container\" data-settings=\"{&quot;background_background&quot;:&quot;classic&quot;}\">\n\t\t\t\t\t<div class=\"e-con-inner\">\n\t\t\t\t<div class=\"elementor-element elementor-element-e8c906d elementor-grid-eael-col-3 elementor-grid-tablet-eael-col-2 elementor-grid-mobile-eael-col-1 elementor-widget elementor-widget-eael-post-grid\" data-id=\"e8c906d\" data-element_type=\"widget\" data-settings=\"{&quot;eael_post_grid_columns&quot;:&quot;eael-col-3&quot;,&quot;eael_post_grid_columns_tablet&quot;:&quot;eael-col-2&quot;,&quot;eael_post_grid_columns_mobile&quot;:&quot;eael-col-1&quot;}\" data-widget_type=\"eael-post-grid.default\">\n\t\t\t\t<div class=\"elementor-widget-container\">\n\t\t\t<div id=\"eael-post-grid-e8c906d\" class=\"eael-post-grid-container\">\n            <div class=\"eael-post-grid eael-post-appender eael-post-appender-e8c906d eael-post-grid-style-two\" data-layout-mode=\"masonry\"><article class=\"eael-grid-post  eael-post-grid-column eael-pg-post-286496 category-chat tags-chat-test-genetique\" data-id=\"286496\">\n    <div class=\"eael-grid-post-holder\">\n        <div class=\"eael-grid-post-holder-inner\"><div class=\"eael-entry-media\"><ul class=\"post-carousel-categories\"><li><a href=\"https:\/\/labogen.com\/fr\/category\/chat\/\">Chat<\/a><\/li><\/ul><div class=\"eael-entry-overlay fade-in\"><i class=\"fas fa-sign-in-alt\" aria-hidden=\"true\"><\/i><a href=\"https:\/\/labogen.com\/fr\/2026\/01\/29\/efficacite-du-clopidogrel-chez-le-chat\/\"><\/a><\/div><div class=\"eael-entry-thumbnail \">\n                            <img fetchpriority=\"high\" decoding=\"async\" width=\"300\" height=\"278\" src=\"https:\/\/labogen.com\/wp-content\/uploads\/2026\/02\/Maine-Coon_ChatGPT_web-300x278.png\" class=\"attachment-medium size-medium wp-image-286495\" alt=\"\" srcset=\"https:\/\/labogen.com\/wp-content\/uploads\/2026\/02\/Maine-Coon_ChatGPT_web-300x278.png 300w, https:\/\/labogen.com\/wp-content\/uploads\/2026\/02\/Maine-Coon_ChatGPT_web-768x713.png 768w, https:\/\/labogen.com\/wp-content\/uploads\/2026\/02\/Maine-Coon_ChatGPT_web.png 1024w\" sizes=\"(max-width: 300px) 100vw, 300px\" \/>\n                            <\/div>\n                    <\/div><div class=\"eael-entry-wrapper\"><header class=\"eael-entry-header\"><h2 class=\"eael-entry-title\"><a class=\"eael-grid-post-link\" href=\"https:\/\/labogen.com\/fr\/2026\/01\/29\/efficacite-du-clopidogrel-chez-le-chat\/\" title=\"Efficacit\u00e9 du clopidogrel chez le chat\">Efficacit\u00e9 du clopidogrel chez le chat<\/a><\/h2><\/header><div class=\"eael-entry-content\">\n                                <div class=\"eael-grid-post-excerpt\"><p>Efficacit\u00e9 du clopidogrel chez le chat La thromboembolie art\u00e9rielle (TEA) est une complication grave et...<\/p><a href=\"https:\/\/labogen.com\/fr\/2026\/01\/29\/efficacite-du-clopidogrel-chez-le-chat\/\" class=\"eael-post-elements-readmore-btn\">Lire la suite...<\/a><\/div>\n                            <\/div><\/div><\/div>\n    <\/div>\n<\/article><article class=\"eael-grid-post  eael-post-grid-column eael-pg-post-283317 category-chat tags-chat-paket-fr-test-genetique\" data-id=\"283317\">\n    <div class=\"eael-grid-post-holder\">\n        <div class=\"eael-grid-post-holder-inner\"><div class=\"eael-entry-media\"><ul class=\"post-carousel-categories\"><li><a href=\"https:\/\/labogen.com\/fr\/category\/chat\/\">Chat<\/a><\/li><\/ul><div class=\"eael-entry-overlay fade-in\"><i class=\"fas fa-sign-in-alt\" aria-hidden=\"true\"><\/i><a href=\"https:\/\/labogen.com\/fr\/2025\/08\/18\/new-the-labogenetics-xxl-cat-premium-snp-dna-profile-combo-pack\/\"><\/a><\/div><div class=\"eael-entry-thumbnail \">\n                            <img decoding=\"async\" width=\"300\" height=\"278\" src=\"https:\/\/labogen.com\/wp-content\/uploads\/2025\/08\/MaineCoon1-1-300x278.jpg\" class=\"attachment-medium size-medium wp-image-283063\" alt=\"\" srcset=\"https:\/\/labogen.com\/wp-content\/uploads\/2025\/08\/MaineCoon1-1-300x278.jpg 300w, https:\/\/labogen.com\/wp-content\/uploads\/2025\/08\/MaineCoon1-1.jpg 720w\" sizes=\"(max-width: 300px) 100vw, 300px\" \/>\n                            <\/div>\n                    <\/div><div class=\"eael-entry-wrapper\"><header class=\"eael-entry-header\"><h2 class=\"eael-entry-title\"><a class=\"eael-grid-post-link\" href=\"https:\/\/labogen.com\/fr\/2025\/08\/18\/new-the-labogenetics-xxl-cat-premium-snp-dna-profile-combo-pack\/\" title=\"NEW: The LABOGenetics XXL Cat + Premium SNP DNA Profile Combo Pack\">NEW: The LABOGenetics XXL Cat + Premium SNP DNA Profile Combo Pack<\/a><\/h2><\/header><div class=\"eael-entry-content\">\n                                <div class=\"eael-grid-post-excerpt\"><p>NEW: The LABOGenetics XXL Cat + Premium SNP DNA Profile Combo Pack A new combination...<\/p><a href=\"https:\/\/labogen.com\/fr\/2025\/08\/18\/new-the-labogenetics-xxl-cat-premium-snp-dna-profile-combo-pack\/\" class=\"eael-post-elements-readmore-btn\">Lire la suite...<\/a><\/div>\n                            <\/div><\/div><\/div>\n    <\/div>\n<\/article><article class=\"eael-grid-post  eael-post-grid-column eael-pg-post-283309 category-chien tags-chien-paket-fr-test-genetique\" data-id=\"283309\">\n    <div class=\"eael-grid-post-holder\">\n        <div class=\"eael-grid-post-holder-inner\"><div class=\"eael-entry-media\"><ul class=\"post-carousel-categories\"><li><a href=\"https:\/\/labogen.com\/fr\/category\/chien\/\">Chien<\/a><\/li><\/ul><div class=\"eael-entry-overlay fade-in\"><i class=\"fas fa-sign-in-alt\" aria-hidden=\"true\"><\/i><a href=\"https:\/\/labogen.com\/fr\/2025\/08\/18\/combination-dalmatian\/\"><\/a><\/div><div class=\"eael-entry-thumbnail \">\n                            <img decoding=\"async\" width=\"300\" height=\"200\" src=\"https:\/\/labogen.com\/wp-content\/uploads\/2025\/08\/Dalmatiner-300x200.jpeg\" class=\"attachment-medium size-medium wp-image-283230\" alt=\"\" srcset=\"https:\/\/labogen.com\/wp-content\/uploads\/2025\/08\/Dalmatiner-300x200.jpeg 300w, https:\/\/labogen.com\/wp-content\/uploads\/2025\/08\/Dalmatiner-768x512.jpeg 768w, https:\/\/labogen.com\/wp-content\/uploads\/2025\/08\/Dalmatiner.jpeg 960w\" sizes=\"(max-width: 300px) 100vw, 300px\" \/>\n                            <\/div>\n                    <\/div><div class=\"eael-entry-wrapper\"><header class=\"eael-entry-header\"><h2 class=\"eael-entry-title\"><a class=\"eael-grid-post-link\" href=\"https:\/\/labogen.com\/fr\/2025\/08\/18\/combination-dalmatian\/\" title=\"Combination Dalmatian\">Combination Dalmatian<\/a><\/h2><\/header><div class=\"eael-entry-content\">\n                                <div class=\"eael-grid-post-excerpt\"><p>Combination Dalmatian Further information can be found here Order now Image source: Adobe Stock<\/p><a href=\"https:\/\/labogen.com\/fr\/2025\/08\/18\/combination-dalmatian\/\" class=\"eael-post-elements-readmore-btn\">Lire la suite...<\/a><\/div>\n                            <\/div><\/div><\/div>\n    <\/div>\n<\/article><article class=\"eael-grid-post  eael-post-grid-column eael-pg-post-283301 category-chien tags-chien-test-genetique\" data-id=\"283301\">\n    <div class=\"eael-grid-post-holder\">\n        <div class=\"eael-grid-post-holder-inner\"><div class=\"eael-entry-media\"><ul class=\"post-carousel-categories\"><li><a href=\"https:\/\/labogen.com\/fr\/category\/chien\/\">Chien<\/a><\/li><\/ul><div class=\"eael-entry-overlay fade-in\"><i class=\"fas fa-sign-in-alt\" aria-hidden=\"true\"><\/i><a href=\"https:\/\/labogen.com\/fr\/2025\/08\/18\/progressive-retinal-atrophy-gtpbp2-pra-in-labrador-retrievers\/\"><\/a><\/div><div class=\"eael-entry-thumbnail \">\n                            <img loading=\"lazy\" decoding=\"async\" width=\"300\" height=\"200\" src=\"https:\/\/labogen.com\/wp-content\/uploads\/2025\/08\/Labrador-300x200.jpg\" class=\"attachment-medium size-medium wp-image-283005\" alt=\"\" srcset=\"https:\/\/labogen.com\/wp-content\/uploads\/2025\/08\/Labrador-300x200.jpg 300w, https:\/\/labogen.com\/wp-content\/uploads\/2025\/08\/Labrador-1024x683.jpg 1024w, https:\/\/labogen.com\/wp-content\/uploads\/2025\/08\/Labrador-768x512.jpg 768w, https:\/\/labogen.com\/wp-content\/uploads\/2025\/08\/Labrador-1320x880.jpg 1320w, https:\/\/labogen.com\/wp-content\/uploads\/2025\/08\/Labrador.jpg 1440w\" sizes=\"(max-width: 300px) 100vw, 300px\" \/>\n                            <\/div>\n                    <\/div><div class=\"eael-entry-wrapper\"><header class=\"eael-entry-header\"><h2 class=\"eael-entry-title\"><a class=\"eael-grid-post-link\" href=\"https:\/\/labogen.com\/fr\/2025\/08\/18\/progressive-retinal-atrophy-gtpbp2-pra-in-labrador-retrievers\/\" title=\"Progressive retinal atrophy (GTPBP2-PRA) in Labrador Retrievers\">Progressive retinal atrophy (GTPBP2-PRA) in Labrador Retrievers<\/a><\/h2><\/header><div class=\"eael-entry-content\">\n                                <div class=\"eael-grid-post-excerpt\"><p>Progressive retinal atrophy (GTPBP2-PRA) in Labrador Retrievers Further information can be found here Order now...<\/p><a href=\"https:\/\/labogen.com\/fr\/2025\/08\/18\/progressive-retinal-atrophy-gtpbp2-pra-in-labrador-retrievers\/\" class=\"eael-post-elements-readmore-btn\">Lire la suite...<\/a><\/div>\n                            <\/div><\/div><\/div>\n    <\/div>\n<\/article><article class=\"eael-grid-post  eael-post-grid-column eael-pg-post-283293 category-chien tags-chien-test-genetique\" data-id=\"283293\">\n    <div class=\"eael-grid-post-holder\">\n        <div class=\"eael-grid-post-holder-inner\"><div class=\"eael-entry-media\"><ul class=\"post-carousel-categories\"><li><a href=\"https:\/\/labogen.com\/fr\/category\/chien\/\">Chien<\/a><\/li><\/ul><div class=\"eael-entry-overlay fade-in\"><i class=\"fas fa-sign-in-alt\" aria-hidden=\"true\"><\/i><a href=\"https:\/\/labogen.com\/fr\/2025\/08\/18\/polioencephalopathy-pe-in-eurasiers\/\"><\/a><\/div><div class=\"eael-entry-thumbnail \">\n                            <img loading=\"lazy\" decoding=\"async\" width=\"300\" height=\"200\" src=\"https:\/\/labogen.com\/wp-content\/uploads\/2025\/08\/Eurasier_AdobeStock-300x200.jpg\" class=\"attachment-medium size-medium wp-image-283025\" alt=\"\" srcset=\"https:\/\/labogen.com\/wp-content\/uploads\/2025\/08\/Eurasier_AdobeStock-300x200.jpg 300w, https:\/\/labogen.com\/wp-content\/uploads\/2025\/08\/Eurasier_AdobeStock-768x512.jpg 768w, https:\/\/labogen.com\/wp-content\/uploads\/2025\/08\/Eurasier_AdobeStock.jpg 960w\" sizes=\"(max-width: 300px) 100vw, 300px\" \/>\n                            <\/div>\n                    <\/div><div class=\"eael-entry-wrapper\"><header class=\"eael-entry-header\"><h2 class=\"eael-entry-title\"><a class=\"eael-grid-post-link\" href=\"https:\/\/labogen.com\/fr\/2025\/08\/18\/polioencephalopathy-pe-in-eurasiers\/\" title=\"Polioencephalopathy (PE) in Eurasiers\">Polioencephalopathy (PE) in Eurasiers<\/a><\/h2><\/header><div class=\"eael-entry-content\">\n                                <div class=\"eael-grid-post-excerpt\"><p>Polioencephalopathy (PE) in Eurasiers Further information can be found here Order now Image source: AdobeStock<\/p><a href=\"https:\/\/labogen.com\/fr\/2025\/08\/18\/polioencephalopathy-pe-in-eurasiers\/\" class=\"eael-post-elements-readmore-btn\">Lire la suite...<\/a><\/div>\n                            <\/div><\/div><\/div>\n    <\/div>\n<\/article><article class=\"eael-grid-post  eael-post-grid-column eael-pg-post-272245 category-chien\" data-id=\"272245\">\n    <div class=\"eael-grid-post-holder\">\n        <div class=\"eael-grid-post-holder-inner\"><div class=\"eael-entry-media\"><ul class=\"post-carousel-categories\"><li><a href=\"https:\/\/labogen.com\/fr\/category\/chien\/\">Chien<\/a><\/li><\/ul><div class=\"eael-entry-overlay fade-in\"><i class=\"fas fa-sign-in-alt\" aria-hidden=\"true\"><\/i><a href=\"https:\/\/labogen.com\/fr\/2024\/09\/24\/la-maladie-de-la-memoire-lysosomale-lsd-chez-le-weimaran\/\"><\/a><\/div><div class=\"eael-entry-thumbnail \">\n                            <img loading=\"lazy\" decoding=\"async\" width=\"300\" height=\"200\" src=\"https:\/\/labogen.com\/wp-content\/uploads\/2024\/07\/Gentest-auf-Bunny-Hopping-Syndrom-beim-Weimaraner-min.jpg\" class=\"attachment-medium size-medium wp-image-8658\" alt=\"\" \/>\n                            <\/div>\n                    <\/div><div class=\"eael-entry-wrapper\"><header class=\"eael-entry-header\"><h2 class=\"eael-entry-title\"><a class=\"eael-grid-post-link\" href=\"https:\/\/labogen.com\/fr\/2024\/09\/24\/la-maladie-de-la-memoire-lysosomale-lsd-chez-le-weimaran\/\" title=\"La maladie de la m\u00e9moire lysosomale (LSD) chez le Weimaran\">La maladie de la m\u00e9moire lysosomale (LSD) chez le Weimaran<\/a><\/h2><\/header><div class=\"eael-entry-content\">\n                                <div class=\"eael-grid-post-excerpt\"><p>La maladie de la m\u00e9moire lysosomale (LSD) chez le Weimaran Les maladies de stockage lysosomales...<\/p><a href=\"https:\/\/labogen.com\/fr\/2024\/09\/24\/la-maladie-de-la-memoire-lysosomale-lsd-chez-le-weimaran\/\" class=\"eael-post-elements-readmore-btn\">Lire la suite...<\/a><\/div>\n                            <\/div><\/div><\/div>\n    <\/div>\n<\/article><article class=\"eael-grid-post  eael-post-grid-column eael-pg-post-270355 category-chien tags-chien-dcm-fr\" data-id=\"270355\">\n    <div class=\"eael-grid-post-holder\">\n        <div class=\"eael-grid-post-holder-inner\"><div class=\"eael-entry-media\"><ul class=\"post-carousel-categories\"><li><a href=\"https:\/\/labogen.com\/fr\/category\/chien\/\">Chien<\/a><\/li><\/ul><div class=\"eael-entry-overlay fade-in\"><i class=\"fas fa-sign-in-alt\" aria-hidden=\"true\"><\/i><a href=\"https:\/\/labogen.com\/fr\/2024\/07\/29\/test-genetique-pour-la-dcm-chez-le-tolling-retriever-de-nova-scotia-duck\/\"><\/a><\/div><div class=\"eael-entry-thumbnail \">\n                            <img loading=\"lazy\" decoding=\"async\" width=\"300\" height=\"199\" src=\"https:\/\/labogen.com\/wp-content\/uploads\/2024\/08\/Nova3-min.jpg\" class=\"attachment-medium size-medium wp-image-10790\" alt=\"\" \/>\n                            <\/div>\n                    <\/div><div class=\"eael-entry-wrapper\"><header class=\"eael-entry-header\"><h2 class=\"eael-entry-title\"><a class=\"eael-grid-post-link\" href=\"https:\/\/labogen.com\/fr\/2024\/07\/29\/test-genetique-pour-la-dcm-chez-le-tolling-retriever-de-nova-scotia-duck\/\" title=\"Test g\u00e9n\u00e9tique pour la DCM chez le Tolling Retriever de Nova Scotia Duck\">Test g\u00e9n\u00e9tique pour la DCM chez le Tolling Retriever de Nova Scotia Duck<\/a><\/h2><\/header><div class=\"eael-entry-content\">\n                                <div class=\"eael-grid-post-excerpt\"><p>Test g\u00e9n\u00e9tique pour la DCM chez le Nova Scotia Duck Tolling Retriever La cardiomyopathie dilat\u00e9e...<\/p><a href=\"https:\/\/labogen.com\/fr\/2024\/07\/29\/test-genetique-pour-la-dcm-chez-le-tolling-retriever-de-nova-scotia-duck\/\" class=\"eael-post-elements-readmore-btn\">Lire la suite...<\/a><\/div>\n                            <\/div><\/div><\/div>\n    <\/div>\n<\/article><article class=\"eael-grid-post  eael-post-grid-column eael-pg-post-270351 category-chien tags-chien-test-genetique\" data-id=\"270351\">\n    <div class=\"eael-grid-post-holder\">\n        <div class=\"eael-grid-post-holder-inner\"><div class=\"eael-entry-media\"><ul class=\"post-carousel-categories\"><li><a href=\"https:\/\/labogen.com\/fr\/category\/chien\/\">Chien<\/a><\/li><\/ul><div class=\"eael-entry-overlay fade-in\"><i class=\"fas fa-sign-in-alt\" aria-hidden=\"true\"><\/i><a href=\"https:\/\/labogen.com\/fr\/2024\/07\/17\/nouveaux-packs-de-races\/\"><\/a><\/div><div class=\"eael-entry-thumbnail \">\n                            <img loading=\"lazy\" decoding=\"async\" width=\"300\" height=\"200\" src=\"https:\/\/labogen.com\/wp-content\/uploads\/2024\/07\/Neue-Rassepakete-min.jpeg\" class=\"attachment-medium size-medium wp-image-9808\" alt=\"\" \/>\n                            <\/div>\n                    <\/div><div class=\"eael-entry-wrapper\"><header class=\"eael-entry-header\"><h2 class=\"eael-entry-title\"><a class=\"eael-grid-post-link\" href=\"https:\/\/labogen.com\/fr\/2024\/07\/17\/nouveaux-packs-de-races\/\" title=\"Nouveaux packs de races\">Nouveaux packs de races<\/a><\/h2><\/header><div class=\"eael-entry-content\">\n                                <div class=\"eael-grid-post-excerpt\"><p>Nous avons \u00e9largi pour vous le choix de nos packs de races populaires : depuis...<\/p><a href=\"https:\/\/labogen.com\/fr\/2024\/07\/17\/nouveaux-packs-de-races\/\" class=\"eael-post-elements-readmore-btn\">Lire la suite...<\/a><\/div>\n                            <\/div><\/div><\/div>\n    <\/div>\n<\/article><article class=\"eael-grid-post  eael-post-grid-column eael-pg-post-270347 category-chien tags-chien-test-genetique\" data-id=\"270347\">\n    <div class=\"eael-grid-post-holder\">\n        <div class=\"eael-grid-post-holder-inner\"><div class=\"eael-entry-media\"><ul class=\"post-carousel-categories\"><li><a href=\"https:\/\/labogen.com\/fr\/category\/chien\/\">Chien<\/a><\/li><\/ul><div class=\"eael-entry-overlay fade-in\"><i class=\"fas fa-sign-in-alt\" aria-hidden=\"true\"><\/i><a href=\"https:\/\/labogen.com\/fr\/2024\/07\/09\/test-genetique-pour-la-pseudomyotonie-paradoxale-chez-lenglish-springer-spaniel-et-le-cocker-anglais\/\"><\/a><\/div><div class=\"eael-entry-thumbnail \">\n                            <img loading=\"lazy\" decoding=\"async\" width=\"300\" height=\"300\" src=\"https:\/\/labogen.com\/wp-content\/uploads\/2024\/07\/448697264_959320709530920_4650957115711246489_n.jpg\" class=\"attachment-medium size-medium wp-image-8686\" alt=\"\" \/>\n                            <\/div>\n                    <\/div><div class=\"eael-entry-wrapper\"><header class=\"eael-entry-header\"><h2 class=\"eael-entry-title\"><a class=\"eael-grid-post-link\" href=\"https:\/\/labogen.com\/fr\/2024\/07\/09\/test-genetique-pour-la-pseudomyotonie-paradoxale-chez-lenglish-springer-spaniel-et-le-cocker-anglais\/\" title=\"Test g\u00e9n\u00e9tique pour la pseudomyotonie paradoxale chez l&rsquo;English Springer Spaniel et le Cocker anglais\">Test g\u00e9n\u00e9tique pour la pseudomyotonie paradoxale chez l&rsquo;English Springer Spaniel et le Cocker anglais<\/a><\/h2><\/header><div class=\"eael-entry-content\">\n                                <div class=\"eael-grid-post-excerpt\"><p>Une variante g\u00e9n\u00e9tique du g\u00e8ne SLC7A10 a pu \u00eatre identifi\u00e9e comme une possible variante causale...<\/p><a href=\"https:\/\/labogen.com\/fr\/2024\/07\/09\/test-genetique-pour-la-pseudomyotonie-paradoxale-chez-lenglish-springer-spaniel-et-le-cocker-anglais\/\" class=\"eael-post-elements-readmore-btn\">Lire la suite...<\/a><\/div>\n                            <\/div><\/div><\/div>\n    <\/div>\n<\/article><\/div>\n            <div class=\"clearfix\"><\/div>\n        <\/div>            <div class=\"eael-load-more-button-wrap eael-infinity-scroll\" data-offset=\"-200\">\n                <button class=\"eael-load-more-button\" id=\"eael-load-more-btn-e8c906d\" data-widget-id=\"e8c906d\" data-widget=\"e8c906d\" data-page-id=\"270896\" data-template=\"{&quot;dir&quot;:&quot;lite&quot;,&quot;file_name&quot;:&quot;two.php&quot;,&quot;name&quot;:&quot;Post-Grid&quot;}\" data-class=\"Essential_Addons_Elementor\\Elements\\Post_Grid\" data-layout=\"masonry\" data-page=\"1\" data-args=\"orderby=date&amp;order=desc&amp;ignore_sticky_posts=1&amp;post_status=publish&amp;posts_per_page=9&amp;offset=0&amp;post_type=post&amp;tax_query%5B0%5D%5Btaxonomy%5D=category&amp;tax_query%5B0%5D%5Bfield%5D=term_id&amp;tax_query%5B0%5D%5Bterms%5D%5B0%5D=3&amp;tax_query%5B0%5D%5Bterms%5D%5B1%5D=48&amp;tax_query%5B0%5D%5Bterms%5D%5B2%5D=50&amp;tax_query%5B0%5D%5Bterms%5D%5B3%5D=49&amp;tax_query%5Brelation%5D=AND\" data-max-page=\"4\">\n                    <span class=\"eael-btn-loader button__loader\"><\/span>\n                    <span class=\"eael_load_more_text\">Load More<\/span>\n                <\/button>\n            <\/div>\n            \t\t<\/div>\n\t\t\t\t<\/div>\n\t\t\t\t\t<\/div>\n\t\t\t\t<\/div>\n\t\t\t\t<\/div>\n\t\t","protected":false},"excerpt":{"rendered":"<p>Hund Gentest auf DCM beim Nova Scotia Duck Tolling Retrievern Gentest auf DCM beim Nova Scotia Duck Tolling Retriever Die dilatative Kardiomyopathie (DCM) ist eine&#8230; Lire la suite&#8230; 29. Juli 2024 Hund Hund Neue Rassepakete Wir haben die Auswahl unserer beliebten Rassepakete f\u00fcr Sie erweitert: seit dem 01.07.2024 bieten wir&#8230; Lire la suite&#8230; 17. Juli [&hellip;]<\/p>\n","protected":false},"author":3,"featured_media":0,"parent":0,"menu_order":0,"comment_status":"closed","ping_status":"closed","template":"","meta":{"footnotes":""},"class_list":["post-270896","page","type-page","status-publish","hentry"],"_links":{"self":[{"href":"https:\/\/labogen.com\/fr\/wp-json\/wp\/v2\/pages\/270896","targetHints":{"allow":["GET"]}}],"collection":[{"href":"https:\/\/labogen.com\/fr\/wp-json\/wp\/v2\/pages"}],"about":[{"href":"https:\/\/labogen.com\/fr\/wp-json\/wp\/v2\/types\/page"}],"author":[{"embeddable":true,"href":"https:\/\/labogen.com\/fr\/wp-json\/wp\/v2\/users\/3"}],"replies":[{"embeddable":true,"href":"https:\/\/labogen.com\/fr\/wp-json\/wp\/v2\/comments?post=270896"}],"version-history":[{"count":1,"href":"https:\/\/labogen.com\/fr\/wp-json\/wp\/v2\/pages\/270896\/revisions"}],"predecessor-version":[{"id":270897,"href":"https:\/\/labogen.com\/fr\/wp-json\/wp\/v2\/pages\/270896\/revisions\/270897"}],"wp:attachment":[{"href":"https:\/\/labogen.com\/fr\/wp-json\/wp\/v2\/media?parent=270896"}],"curies":[{"name":"wp","href":"https:\/\/api.w.org\/{rel}","templated":true}]}}