{"id":270089,"date":"2024-06-06T16:57:03","date_gmt":"2024-06-06T14:57:03","guid":{"rendered":"https:\/\/staging.laboklin.com\/labogen\/labogen_wp\/index.php\/attribution-de-la-race\/"},"modified":"2024-09-10T10:38:44","modified_gmt":"2024-09-10T08:38:44","slug":"attribution-de-la-race","status":"publish","type":"page","link":"https:\/\/labogen.com\/fr\/attribution-de-la-race\/","title":{"rendered":"Attribution de la race"},"content":{"rendered":"\t\t<div data-elementor-type=\"wp-page\" data-elementor-id=\"270089\" class=\"elementor elementor-270089 elementor-6191\">\n\t\t\t\t<div class=\"elementor-element elementor-element-5a7c3af e-grid e-con-boxed e-con e-parent\" data-id=\"5a7c3af\" data-element_type=\"container\">\n\t\t\t\t\t<div class=\"e-con-inner\">\n\t\t\t\t<div class=\"elementor-element elementor-element-790e58a elementor-widget elementor-widget-ifeaturedbox\" data-id=\"790e58a\" data-element_type=\"widget\" data-widget_type=\"ifeaturedbox.default\">\n\t\t\t\t<div class=\"elementor-widget-container\">\n\t\t\t\r\n\t\t<div class=\"ot-features-box\">\r\n\t\t\t<div class=\"features-image\" id=\"animated-thumbnials\">\r\n\t\t\t\t<a href=\"https:\/\/labogen.com\/fr\/attribution-de-race-chien\/\">\t\t\t\t\t\t\t\t\t<span class=\"overlay flex-middle\"><i class=\"ot-flaticon-add\"><\/i><\/span>\r\n\t\t\t\t\t<img fetchpriority=\"high\" decoding=\"async\" width=\"500\" height=\"500\" src=\"https:\/\/labogen.com\/wp-content\/uploads\/2024\/08\/FR_DOG_ICONS.jpg\" class=\"attachment-full size-full wp-image-269518\" alt=\"\" srcset=\"https:\/\/labogen.com\/wp-content\/uploads\/2024\/08\/FR_DOG_ICONS.jpg 500w, https:\/\/labogen.com\/wp-content\/uploads\/2024\/08\/FR_DOG_ICONS-300x300.jpg 300w, https:\/\/labogen.com\/wp-content\/uploads\/2024\/08\/FR_DOG_ICONS-150x150.jpg 150w\" sizes=\"(max-width: 500px) 100vw, 500px\" \/>\t\t\t\t\t\t\t\t<\/a>\t\t\t\t\r\n\t\t\t<\/div>\r\n\t\t\t\t\t\t<div class=\"features-content\">\r\n\t\t\t\t<h6 class=\"features-box-title\"><a ><span>Attribution de la race<\/span> du chien<\/a><\/h6>\t\t\t<\/div>\r\n\t\t\t\t    <\/div>\r\n\r\n\t    \t\t<\/div>\n\t\t\t\t<\/div>\n\t\t\t\t<div class=\"elementor-element elementor-element-8d39135 elementor-widget elementor-widget-ifeaturedbox\" data-id=\"8d39135\" data-element_type=\"widget\" data-widget_type=\"ifeaturedbox.default\">\n\t\t\t\t<div class=\"elementor-widget-container\">\n\t\t\t\r\n\t\t<div class=\"ot-features-box\">\r\n\t\t\t<div class=\"features-image\" id=\"animated-thumbnials\">\r\n\t\t\t\t<a href=\"https:\/\/labogen.com\/fr\/attribution-de-race-chat\/\">\t\t\t\t\t\t\t\t\t<span class=\"overlay flex-middle\"><i class=\"ot-flaticon-add\"><\/i><\/span>\r\n\t\t\t\t\t<img decoding=\"async\" width=\"500\" height=\"500\" src=\"https:\/\/labogen.com\/wp-content\/uploads\/2024\/08\/FR_CAT_ICONS.jpg\" class=\"attachment-full size-full wp-image-269567\" alt=\"\" srcset=\"https:\/\/labogen.com\/wp-content\/uploads\/2024\/08\/FR_CAT_ICONS.jpg 500w, https:\/\/labogen.com\/wp-content\/uploads\/2024\/08\/FR_CAT_ICONS-300x300.jpg 300w, https:\/\/labogen.com\/wp-content\/uploads\/2024\/08\/FR_CAT_ICONS-150x150.jpg 150w\" sizes=\"(max-width: 500px) 100vw, 500px\" \/>\t\t\t\t\t\t\t\t<\/a>\t\t\t\t\r\n\t\t\t<\/div>\r\n\t\t\t\t\t\t<div class=\"features-content\">\r\n\t\t\t\t<h6 class=\"features-box-title\"><a ><span>Attribution de la race<\/span> du chat<\/a><\/h6>\t\t\t<\/div>\r\n\t\t\t\t    <\/div>\r\n\r\n\t    \t\t<\/div>\n\t\t\t\t<\/div>\n\t\t\t\t\t<\/div>\n\t\t\t\t<\/div>\n\t\t<div class=\"elementor-element elementor-element-83c557e e-flex e-con-boxed e-con e-parent\" data-id=\"83c557e\" data-element_type=\"container\">\n\t\t\t\t\t<div class=\"e-con-inner\">\n\t\t<div class=\"elementor-element elementor-element-3fa5986 e-con-full e-flex e-con e-child\" data-id=\"3fa5986\" data-element_type=\"container\">\n\t\t\t\t<div class=\"elementor-element elementor-element-7664e03 elementor-widget elementor-widget-spacer\" data-id=\"7664e03\" data-element_type=\"widget\" data-widget_type=\"spacer.default\">\n\t\t\t\t<div class=\"elementor-widget-container\">\n\t\t\t\t\t<div class=\"elementor-spacer\">\n\t\t\t<div class=\"elementor-spacer-inner\"><\/div>\n\t\t<\/div>\n\t\t\t\t<\/div>\n\t\t\t\t<\/div>\n\t\t\t\t<\/div>\n\t\t<div class=\"elementor-element elementor-element-8f16cce e-con-full e-flex e-con e-child\" data-id=\"8f16cce\" data-element_type=\"container\">\n\t\t\t\t<div class=\"elementor-element elementor-element-6978a8a elementor-widget elementor-widget-text-editor\" data-id=\"6978a8a\" data-element_type=\"widget\" data-widget_type=\"text-editor.default\">\n\t\t\t\t<div class=\"elementor-widget-container\">\n\t\t\t\t\t\t\t<p><strong>Attributions de races<\/strong><\/p>\n<p>Pour savoir \u00e0 quelle race un chien ou un chat peut \u00eatre <strong>attribu\u00e9 <\/strong>, il peut \u00eatre utile d&rsquo;effectuer une <strong>classification g\u00e9n\u00e9tique des races <\/strong>. Lors de l&rsquo;attribution des races, les donn\u00e9es du profil ADN sont compar\u00e9es aux donn\u00e9es de r\u00e9f\u00e9rence des races pr\u00e9sentes dans notre <strong>base de donn\u00e9es <\/strong>. Si l&rsquo;animal lui-m\u00eame est de race pure ou si au moins l&rsquo;un des deux parents est de race pure, nous pouvons prouver l&rsquo;<strong>attribution \u00e0 la race concern\u00e9e <\/strong>par biologie mol\u00e9culaire et la repr\u00e9senter sous la forme d&rsquo;un <strong>pourcentage<\/strong>. Cependant, seules les races pr\u00e9sentes dans notre base de donn\u00e9es peuvent \u00eatre indiqu\u00e9es. Si la race en question n&rsquo;est pas disponible dans notre base de donn\u00e9es, nous ne pouvons pas indiquer de race, m\u00eame pour les chiens de pure race. Il en va de m\u00eame pour les chiens dont plusieurs races ont \u00e9t\u00e9 crois\u00e9es et pour lesquels il n&rsquo;existe pas de parent de race pure. Pour ces animaux, nous n&rsquo;obtenons dans nos calculs que des valeurs d&rsquo;attribution relativement faibles, inf\u00e9rieures \u00e0 30%, ce qui ne constitue malheureusement pas un r\u00e9sultat significatif. Vous trouverez un <strong>aper\u00e7u des races incluses<\/strong> sur la page d\u00e9taill\u00e9e de chaque chien ou chat. Nous pouvons \u00e9galement vous conseiller par t\u00e9l\u00e9phone et discuter avec vous de la meilleure approche pour votre cas particulier. <\/p>\n\t\t\t\t\t\t<\/div>\n\t\t\t\t<\/div>\n\t\t\t\t<\/div>\n\t\t\t\t\t<\/div>\n\t\t\t\t<\/div>\n\t\t<div class=\"elementor-element elementor-element-2efe4f7 e-flex e-con-boxed e-con e-parent\" data-id=\"2efe4f7\" data-element_type=\"container\">\n\t\t\t\t\t<div class=\"e-con-inner\">\n\t\t\t\t<div class=\"elementor-element elementor-element-fb5f4f1 elementor-widget elementor-widget-spacer\" data-id=\"fb5f4f1\" data-element_type=\"widget\" data-widget_type=\"spacer.default\">\n\t\t\t\t<div class=\"elementor-widget-container\">\n\t\t\t\t\t<div class=\"elementor-spacer\">\n\t\t\t<div class=\"elementor-spacer-inner\"><\/div>\n\t\t<\/div>\n\t\t\t\t<\/div>\n\t\t\t\t<\/div>\n\t\t\t\t\t<\/div>\n\t\t\t\t<\/div>\n\t\t\t\t<\/div>\n\t\t","protected":false},"excerpt":{"rendered":"<p>Attribution de la race du chien Attribution de la race du chat Attributions de races Pour savoir \u00e0 quelle race un chien ou un chat peut \u00eatre attribu\u00e9 , il peut \u00eatre utile d&rsquo;effectuer une classification g\u00e9n\u00e9tique des races . Lors de l&rsquo;attribution des races, les donn\u00e9es du profil ADN sont compar\u00e9es aux donn\u00e9es de [&hellip;]<\/p>\n","protected":false},"author":5,"featured_media":0,"parent":0,"menu_order":65,"comment_status":"closed","ping_status":"closed","template":"","meta":{"footnotes":""},"class_list":["post-270089","page","type-page","status-publish","hentry"],"_links":{"self":[{"href":"https:\/\/labogen.com\/fr\/wp-json\/wp\/v2\/pages\/270089","targetHints":{"allow":["GET"]}}],"collection":[{"href":"https:\/\/labogen.com\/fr\/wp-json\/wp\/v2\/pages"}],"about":[{"href":"https:\/\/labogen.com\/fr\/wp-json\/wp\/v2\/types\/page"}],"author":[{"embeddable":true,"href":"https:\/\/labogen.com\/fr\/wp-json\/wp\/v2\/users\/5"}],"replies":[{"embeddable":true,"href":"https:\/\/labogen.com\/fr\/wp-json\/wp\/v2\/comments?post=270089"}],"version-history":[{"count":6,"href":"https:\/\/labogen.com\/fr\/wp-json\/wp\/v2\/pages\/270089\/revisions"}],"predecessor-version":[{"id":271105,"href":"https:\/\/labogen.com\/fr\/wp-json\/wp\/v2\/pages\/270089\/revisions\/271105"}],"wp:attachment":[{"href":"https:\/\/labogen.com\/fr\/wp-json\/wp\/v2\/media?parent=270089"}],"curies":[{"name":"wp","href":"https:\/\/api.w.org\/{rel}","templated":true}]}}