{"id":269956,"date":"2024-07-29T13:49:58","date_gmt":"2024-07-29T11:49:58","guid":{"rendered":"https:\/\/staging.laboklin.com\/labogen\/labogen_wp\/index.php\/filiation-paternite\/"},"modified":"2024-09-11T11:03:25","modified_gmt":"2024-09-11T09:03:25","slug":"filiation-paternite","status":"publish","type":"page","link":"https:\/\/labogen.com\/fr\/filiation-paternite\/","title":{"rendered":"Filiation (paternit\u00e9)"},"content":{"rendered":"\t\t<div data-elementor-type=\"wp-page\" data-elementor-id=\"269956\" class=\"elementor elementor-269956 elementor-9843\">\n\t\t\t\t<div class=\"elementor-element elementor-element-ff4c832 e-flex e-con-boxed e-con e-parent\" data-id=\"ff4c832\" data-element_type=\"container\" data-settings=\"{&quot;background_background&quot;:&quot;classic&quot;}\">\n\t\t\t\t\t<div class=\"e-con-inner\">\n\t\t\t\t<div class=\"elementor-element elementor-element-bdf9a9d elementor-widget elementor-widget-text-editor\" data-id=\"bdf9a9d\" data-element_type=\"widget\" data-widget_type=\"text-editor.default\">\n\t\t\t\t<div class=\"elementor-widget-container\">\n\t\t\t\t\t\t\t<h2>La filiation (paternit\u00e9 \/ parentalit\u00e9) expliqu\u00e9e simplement<\/h2>\n<p>L&rsquo;enqu\u00eate sur la filiation (\u00e9galement appel\u00e9e <strong>test de paternit\u00e9<\/strong> ou analyse parentale) permet de d\u00e9terminer qui est le v\u00e9ritable p\u00e8re des descendants. Pour cela, les <a href=\"https:\/\/labogen.com\/fr\/profil-adn\/\">profils ADN<\/a> de la m\u00e8re, des p\u00e8res potentiels et des descendants sont <strong>compar\u00e9s<\/strong>. Ainsi, en cas d&rsquo;accident de saillie ou de <strong>double saillie<\/strong>, un p\u00e8re peut \u00eatre attribu\u00e9 ou exclu pour chaque descendance. Les certificats d&rsquo;origine sont \u00e9galement souvent demand\u00e9s par les <strong>associations d&rsquo;\u00e9levage<\/strong> afin de pouvoir \u00e9tablir un pedigree s\u00fbr et de pouvoir lutter contre les pratiques ill\u00e9gales (pedigrees falsifi\u00e9s, ventes ill\u00e9gales, etc.). Nous proposons l&rsquo;examen de l&rsquo;ascendance aussi bien pour le chien et le chat que pour le cheval. <strong>Chez le chien<\/strong>, des questions d&rsquo;ascendance plus complexes peuvent \u00eatre prouv\u00e9es, par exemple des parent\u00e9s avec un seul parent.<\/p>\n\t\t\t\t\t\t<\/div>\n\t\t\t\t<\/div>\n\t\t\t\t\t<\/div>\n\t\t\t\t<\/div>\n\t\t<div class=\"elementor-element elementor-element-55b2c4a e-flex e-con-boxed e-con e-parent\" data-id=\"55b2c4a\" data-element_type=\"container\">\n\t\t\t\t\t<div class=\"e-con-inner\">\n\t\t\t\t<div class=\"elementor-element elementor-element-aa177e0 elementor-widget elementor-widget-heading\" data-id=\"aa177e0\" data-element_type=\"widget\" data-widget_type=\"heading.default\">\n\t\t\t\t<div class=\"elementor-widget-container\">\n\t\t\t<h2 class=\"elementor-heading-title elementor-size-default\">FAQ<\/h2>\t\t<\/div>\n\t\t\t\t<\/div>\n\t\t\t\t\t<\/div>\n\t\t\t\t<\/div>\n\t\t<div class=\"elementor-element elementor-element-5e6f248 e-flex e-con-boxed e-con e-parent\" data-id=\"5e6f248\" data-element_type=\"container\">\n\t\t\t\t\t<div class=\"e-con-inner\">\n\t\t\t\t<div class=\"elementor-element elementor-element-5b58bdc elementor-widget elementor-widget-iaccordions\" data-id=\"5b58bdc\" data-element_type=\"widget\" data-widget_type=\"iaccordions.default\">\n\t\t\t\t<div class=\"elementor-widget-container\">\n\t\t\t\r\n\t\t<div class=\"ot-accordions\">\r\n\t\t\t\t\t\t<div class=\"acc-item\">\r\n\t\t\t\t<div class=\"acc-toggle flex-middle\" data-default=\"yes\">De quoi ai-je besoin pour une analyse de l'ascendance ? \r\n\t\t\t\t\t\t\t\t\t\t\t\t\t\t\t\t\t\t<span class=\"down\"><svg class=\"e-font-icon-svg e-fas-plus\" viewBox=\"0 0 448 512\" xmlns=\"http:\/\/www.w3.org\/2000\/svg\"><path d=\"M416 208H272V64c0-17.67-14.33-32-32-32h-32c-17.67 0-32 14.33-32 32v144H32c-17.67 0-32 14.33-32 32v32c0 17.67 14.33 32 32 32h144v144c0 17.67 14.33 32 32 32h32c17.67 0 32-14.33 32-32V304h144c17.67 0 32-14.33 32-32v-32c0-17.67-14.33-32-32-32z\"><\/path><\/svg><\/span>\r\n\t\t\t\t\t\t\t<span class=\"up\"><svg class=\"e-font-icon-svg e-far-window-minimize\" viewBox=\"0 0 512 512\" xmlns=\"http:\/\/www.w3.org\/2000\/svg\"><path d=\"M480 480H32c-17.7 0-32-14.3-32-32s14.3-32 32-32h448c17.7 0 32 14.3 32 32s-14.3 32-32 32z\"><\/path><\/svg><\/span>\r\n\t\t\t\t\t\t\t\t\t\t\t\t\t\t\t<\/div>\r\n\t\t\t\t<div class=\"acc-content\">\r\n\t\t\t\t\t<p>Pour une analyse de l'ascendance, nous avons besoin de profils ADN du m\u00eame type<a href=\"https:\/\/labogen.com\/fr\/profil-adn-classique-chien\/\">(<\/a> <a href=\"https:\/\/labogen.com\/fr\/profil-adn-premium-chien\/\">profil ADN<\/a><a href=\"https:\/\/labogen.com\/fr\/profil-adn-classique-chien\/\">Classic<\/a> ou <a href=\"https:\/\/labogen.com\/fr\/profil-adn-premium-chien\/\">Premium<\/a>) de la m\u00e8re, du p\u00e8re et des descendants. Si un profil ADN des parents est d\u00e9j\u00e0 disponible, il est possible d'en envoyer une copie. Si vous \u00e9tiez vous-m\u00eame le destinataire de la facture du profil ADN des parents, il suffit d'indiquer le num\u00e9ro de r\u00e9sultat LABOKLIN.<\/p>\n\t\t\t\t<\/div>\r\n\t\t\t<\/div>\r\n\t\t\t\t\t\t<div class=\"acc-item\">\r\n\t\t\t\t<div class=\"acc-toggle flex-middle\" data-default=\"\">Puis-je soumettre des profils ADN pour des analyses de filiation ? \r\n\t\t\t\t\t\t\t\t\t\t\t\t\t\t\t\t\t\t<span class=\"down\"><svg class=\"e-font-icon-svg e-fas-plus\" viewBox=\"0 0 448 512\" xmlns=\"http:\/\/www.w3.org\/2000\/svg\"><path d=\"M416 208H272V64c0-17.67-14.33-32-32-32h-32c-17.67 0-32 14.33-32 32v144H32c-17.67 0-32 14.33-32 32v32c0 17.67 14.33 32 32 32h144v144c0 17.67 14.33 32 32 32h32c17.67 0 32-14.33 32-32V304h144c17.67 0 32-14.33 32-32v-32c0-17.67-14.33-32-32-32z\"><\/path><\/svg><\/span>\r\n\t\t\t\t\t\t\t<span class=\"up\"><svg class=\"e-font-icon-svg e-far-window-minimize\" viewBox=\"0 0 512 512\" xmlns=\"http:\/\/www.w3.org\/2000\/svg\"><path d=\"M480 480H32c-17.7 0-32-14.3-32-32s14.3-32 32-32h448c17.7 0 32 14.3 32 32s-14.3 32-32 32z\"><\/path><\/svg><\/span>\r\n\t\t\t\t\t\t\t\t\t\t\t\t\t\t\t<\/div>\r\n\t\t\t\t<div class=\"acc-content\">\r\n\t\t\t\t\t<p>Oui, les clients peuvent envoyer par e-mail des profils ADN (y compris ceux d'autres laboratoires) pour des tests de filiation, avec leurs \u00e9chantillons, sous forme de copies ou de fichiers.<\/p>\n<p>Veuillez vous assurer que les profils ADN des descendants et des parents sont tous conformes aux <a href=\"https:\/\/labogen.com\/fr\/profil-adn-premium-chien\/\">normes<\/a> <a href=\"https:\/\/labogen.com\/fr\/profil-adn-classique-chien\/\">ISAG 2006<\/a> ou <a href=\"https:\/\/labogen.com\/fr\/profil-adn-premium-chien\/\">ISAG 2020<\/a> afin d'assurer la comparabilit\u00e9 au sein d'un m\u00eame cas.<\/p>\n\t\t\t\t<\/div>\r\n\t\t\t<\/div>\r\n\t\t\t\t\t\t<div class=\"acc-item\">\r\n\t\t\t\t<div class=\"acc-toggle flex-middle\" data-default=\"\">Puis-je effectuer une analyse d'ascendance avec un seul parent ? \r\n\t\t\t\t\t\t\t\t\t\t\t\t\t\t\t\t\t\t<span class=\"down\"><svg class=\"e-font-icon-svg e-fas-plus\" viewBox=\"0 0 448 512\" xmlns=\"http:\/\/www.w3.org\/2000\/svg\"><path d=\"M416 208H272V64c0-17.67-14.33-32-32-32h-32c-17.67 0-32 14.33-32 32v144H32c-17.67 0-32 14.33-32 32v32c0 17.67 14.33 32 32 32h144v144c0 17.67 14.33 32 32 32h32c17.67 0 32-14.33 32-32V304h144c17.67 0 32-14.33 32-32v-32c0-17.67-14.33-32-32-32z\"><\/path><\/svg><\/span>\r\n\t\t\t\t\t\t\t<span class=\"up\"><svg class=\"e-font-icon-svg e-far-window-minimize\" viewBox=\"0 0 512 512\" xmlns=\"http:\/\/www.w3.org\/2000\/svg\"><path d=\"M480 480H32c-17.7 0-32-14.3-32-32s14.3-32 32-32h448c17.7 0 32 14.3 32 32s-14.3 32-32 32z\"><\/path><\/svg><\/span>\r\n\t\t\t\t\t\t\t\t\t\t\t\t\t\t\t<\/div>\r\n\t\t\t\t<div class=\"acc-content\">\r\n\t\t\t\t\t<p>Si vous ne disposez que d'un seul parent et que vous souhaitez obtenir un r\u00e9sultat fiable, nous vous recommandons d'utiliser le <a href=\"https:\/\/labogen.com\/fr\/profil-adn-premium-chien\/\">profil ADN Premium<\/a> avec un calcul biostatistique pour l'analyse de l'ascendance.<\/p>\n<p>Une comparaison avec un seul parent via un <a href=\"https:\/\/labogen.com\/fr\/profil-adn-classique-chien\/\">profil ADN classique<\/a> peut \u00e9galement \u00eatre effectu\u00e9e, mais ne donne pas toujours un r\u00e9sultat indubitable.<\/p>\n<p>Si nous trouvons des diff\u00e9rences dans le profil ADN du parent par rapport au descendant, la paternit\u00e9 ou la maternit\u00e9 peut \u00eatre exclue. Ce r\u00e9sultat est certain.<\/p>\n<p>Si nous ne trouvons aucune anomalie, la paternit\u00e9 ou la maternit\u00e9 n'est pas exclue. Cela signifie que l'animal est susceptible d'\u00eatre le p\u00e8re ou la m\u00e8re, mais il pourrait aussi s'agir d'un animal dont le profil ADN ne pr\u00e9sente par hasard aucune diff\u00e9rence avec le profil ADN du chiot. Nous voyons de tels cas lorsque les animaux sont apparent\u00e9s entre eux ou lorsqu'il s'agit d'animaux d'une m\u00eame race avec une petite population.<\/p>\n\t\t\t\t<\/div>\r\n\t\t\t<\/div>\r\n\t\t\t\t\t\t<div class=\"acc-item\">\r\n\t\t\t\t<div class=\"acc-toggle flex-middle\" data-default=\"\">Ma chienne a plusieurs chiots et plusieurs p\u00e8res sont possibles. <br>Dois-je effectuer l'analyse de filiation pour tous les chiots ? \r\n\t\t\t\t\t\t\t\t\t\t\t\t\t\t\t\t\t\t<span class=\"down\"><svg class=\"e-font-icon-svg e-fas-plus\" viewBox=\"0 0 448 512\" xmlns=\"http:\/\/www.w3.org\/2000\/svg\"><path d=\"M416 208H272V64c0-17.67-14.33-32-32-32h-32c-17.67 0-32 14.33-32 32v144H32c-17.67 0-32 14.33-32 32v32c0 17.67 14.33 32 32 32h144v144c0 17.67 14.33 32 32 32h32c17.67 0 32-14.33 32-32V304h144c17.67 0 32-14.33 32-32v-32c0-17.67-14.33-32-32-32z\"><\/path><\/svg><\/span>\r\n\t\t\t\t\t\t\t<span class=\"up\"><svg class=\"e-font-icon-svg e-far-window-minimize\" viewBox=\"0 0 512 512\" xmlns=\"http:\/\/www.w3.org\/2000\/svg\"><path d=\"M480 480H32c-17.7 0-32-14.3-32-32s14.3-32 32-32h448c17.7 0 32 14.3 32 32s-14.3 32-32 32z\"><\/path><\/svg><\/span>\r\n\t\t\t\t\t\t\t\t\t\t\t\t\t\t\t<\/div>\r\n\t\t\t\t<div class=\"acc-content\">\r\n\t\t\t\t\t<p>Comme les chiens peuvent avoir plusieurs p\u00e8res dans une m\u00eame port\u00e9e apr\u00e8s une saillie multiple, il est imp\u00e9ratif de comparer chaque chiot avec chaque p\u00e8re potentiel pour la v\u00e9rification de l'ascendance. C'est la seule fa\u00e7on de s'assurer que chaque chiot se voit attribuer le bon p\u00e8re. Le r\u00e9sultat d'un chiot ne peut pas \u00eatre automatiquement appliqu\u00e9 \u00e0 tous les chiots d'une port\u00e9e.<\/p>\n\t\t\t\t<\/div>\r\n\t\t\t<\/div>\r\n\t\t\t\t\t\t<div class=\"acc-item\">\r\n\t\t\t\t<div class=\"acc-toggle flex-middle\" data-default=\"\">Quel est le degr\u00e9 de fiabilit\u00e9 de l'analyse de l'ascendance ? \r\n\t\t\t\t\t\t\t\t\t\t\t\t\t\t\t\t\t\t<span class=\"down\"><svg class=\"e-font-icon-svg e-fas-plus\" viewBox=\"0 0 448 512\" xmlns=\"http:\/\/www.w3.org\/2000\/svg\"><path d=\"M416 208H272V64c0-17.67-14.33-32-32-32h-32c-17.67 0-32 14.33-32 32v144H32c-17.67 0-32 14.33-32 32v32c0 17.67 14.33 32 32 32h144v144c0 17.67 14.33 32 32 32h32c17.67 0 32-14.33 32-32V304h144c17.67 0 32-14.33 32-32v-32c0-17.67-14.33-32-32-32z\"><\/path><\/svg><\/span>\r\n\t\t\t\t\t\t\t<span class=\"up\"><svg class=\"e-font-icon-svg e-far-window-minimize\" viewBox=\"0 0 512 512\" xmlns=\"http:\/\/www.w3.org\/2000\/svg\"><path d=\"M480 480H32c-17.7 0-32-14.3-32-32s14.3-32 32-32h448c17.7 0 32 14.3 32 32s-14.3 32-32 32z\"><\/path><\/svg><\/span>\r\n\t\t\t\t\t\t\t\t\t\t\t\t\t\t\t<\/div>\r\n\t\t\t\t<div class=\"acc-content\">\r\n\t\t\t\t\t<p>En pr\u00e9sence des deux parents, l'exclusion ou la qualification des parents peut \u00eatre d\u00e9termin\u00e9e correctement avec une probabilit\u00e9 de plus de 99,9%, aussi bien avec le <a href=\"https:\/\/labogen.com\/fr\/profil-adn-premium-chien\/\">profil ADN<\/a> <a href=\"https:\/\/labogen.com\/fr\/profil-adn-classique-chien\/\">Classic<\/a> qu'avec le <a href=\"https:\/\/labogen.com\/fr\/profil-adn-premium-chien\/\">profil Premium<\/a>. En pr\u00e9sence d'un seul parent, l'exclusion de l'animal peut \u00eatre d\u00e9termin\u00e9e avec certitude aussi bien avec le <a href=\"https:\/\/labogen.com\/fr\/profil-adn-premium-chien\/\">profil ADN<\/a> <a href=\"https:\/\/labogen.com\/fr\/profil-adn-classique-chien\/\">Classic<\/a> qu'avec le <a href=\"https:\/\/labogen.com\/fr\/profil-adn-premium-chien\/\">profil Premium<\/a>. Seul le <a href=\"https:\/\/labogen.com\/fr\/profil-adn-premium-chien\/\">profil ADN Premium<\/a>, associ\u00e9 \u00e0 une analyse biostatistique, permet d'affirmer avec une grande probabilit\u00e9 qu'un animal est la m\u00e8re ou le p\u00e8re de la descendance test\u00e9e.<\/p>\n\t\t\t\t<\/div>\r\n\t\t\t<\/div>\r\n\t\t\t\t    <\/div>\r\n\r\n\t    \t\t<\/div>\n\t\t\t\t<\/div>\n\t\t\t\t\t<\/div>\n\t\t\t\t<\/div>\n\t\t<div class=\"elementor-element elementor-element-4615b7d e-flex e-con-boxed e-con e-parent\" data-id=\"4615b7d\" data-element_type=\"container\">\n\t\t\t\t\t<div class=\"e-con-inner\">\n\t\t\t\t<div class=\"elementor-element elementor-element-6295637 elementor-widget elementor-widget-spacer\" data-id=\"6295637\" data-element_type=\"widget\" data-widget_type=\"spacer.default\">\n\t\t\t\t<div class=\"elementor-widget-container\">\n\t\t\t\t\t<div class=\"elementor-spacer\">\n\t\t\t<div class=\"elementor-spacer-inner\"><\/div>\n\t\t<\/div>\n\t\t\t\t<\/div>\n\t\t\t\t<\/div>\n\t\t\t\t\t<\/div>\n\t\t\t\t<\/div>\n\t\t\t\t<\/div>\n\t\t","protected":false},"excerpt":{"rendered":"<p>La filiation (paternit\u00e9 \/ parentalit\u00e9) expliqu\u00e9e simplement L&rsquo;enqu\u00eate sur la filiation (\u00e9galement appel\u00e9e test de paternit\u00e9 ou analyse parentale) permet de d\u00e9terminer qui est le v\u00e9ritable p\u00e8re des descendants. Pour cela, les profils ADN de la m\u00e8re, des p\u00e8res potentiels et des descendants sont compar\u00e9s. Ainsi, en cas d&rsquo;accident de saillie ou de double saillie, [&hellip;]<\/p>\n","protected":false},"author":5,"featured_media":0,"parent":0,"menu_order":47,"comment_status":"closed","ping_status":"closed","template":"","meta":{"footnotes":""},"class_list":["post-269956","page","type-page","status-publish","hentry"],"_links":{"self":[{"href":"https:\/\/labogen.com\/fr\/wp-json\/wp\/v2\/pages\/269956","targetHints":{"allow":["GET"]}}],"collection":[{"href":"https:\/\/labogen.com\/fr\/wp-json\/wp\/v2\/pages"}],"about":[{"href":"https:\/\/labogen.com\/fr\/wp-json\/wp\/v2\/types\/page"}],"author":[{"embeddable":true,"href":"https:\/\/labogen.com\/fr\/wp-json\/wp\/v2\/users\/5"}],"replies":[{"embeddable":true,"href":"https:\/\/labogen.com\/fr\/wp-json\/wp\/v2\/comments?post=269956"}],"version-history":[{"count":2,"href":"https:\/\/labogen.com\/fr\/wp-json\/wp\/v2\/pages\/269956\/revisions"}],"predecessor-version":[{"id":271314,"href":"https:\/\/labogen.com\/fr\/wp-json\/wp\/v2\/pages\/269956\/revisions\/271314"}],"wp:attachment":[{"href":"https:\/\/labogen.com\/fr\/wp-json\/wp\/v2\/media?parent=269956"}],"curies":[{"name":"wp","href":"https:\/\/api.w.org\/{rel}","templated":true}]}}