{"id":269928,"date":"2024-08-05T10:33:33","date_gmt":"2024-08-05T08:33:33","guid":{"rendered":"https:\/\/staging.laboklin.com\/labogen\/labogen_wp\/index.php\/pack-combinaisons-de-tests\/"},"modified":"2024-09-10T10:51:35","modified_gmt":"2024-09-10T08:51:35","slug":"pack-combinaisons-de-tests","status":"publish","type":"page","link":"https:\/\/labogen.com\/fr\/pack-combinaisons-de-tests\/","title":{"rendered":"Pack (combinaisons de tests)"},"content":{"rendered":"\t\t<div data-elementor-type=\"wp-page\" data-elementor-id=\"269928\" class=\"elementor elementor-269928 elementor-10676\">\n\t\t\t\t<div class=\"elementor-element elementor-element-f6469d9 e-grid e-con-boxed e-con e-parent\" data-id=\"f6469d9\" data-element_type=\"container\">\n\t\t\t\t\t<div class=\"e-con-inner\">\n\t\t\t\t<div class=\"elementor-element elementor-element-7eeabc7 elementor-widget elementor-widget-ifeaturedbox\" data-id=\"7eeabc7\" data-element_type=\"widget\" data-widget_type=\"ifeaturedbox.default\">\n\t\t\t\t<div class=\"elementor-widget-container\">\n\t\t\t\r\n\t\t<div class=\"ot-features-box\">\r\n\t\t\t<div class=\"features-image\" id=\"animated-thumbnials\">\r\n\t\t\t\t<a href=\"https:\/\/labogen.com\/fr\/paquets-combinaisons-de-tests-chien\/\">\t\t\t\t\t\t\t\t\t<span class=\"overlay flex-middle\"><i class=\"ot-flaticon-add\"><\/i><\/span>\r\n\t\t\t\t\t<img fetchpriority=\"high\" decoding=\"async\" width=\"500\" height=\"500\" src=\"https:\/\/labogen.com\/wp-content\/uploads\/2024\/08\/FR_DOG_ICONS.jpg\" class=\"attachment-full size-full wp-image-269518\" alt=\"\" srcset=\"https:\/\/labogen.com\/wp-content\/uploads\/2024\/08\/FR_DOG_ICONS.jpg 500w, https:\/\/labogen.com\/wp-content\/uploads\/2024\/08\/FR_DOG_ICONS-300x300.jpg 300w, https:\/\/labogen.com\/wp-content\/uploads\/2024\/08\/FR_DOG_ICONS-150x150.jpg 150w\" sizes=\"(max-width: 500px) 100vw, 500px\" \/>\t\t\t\t\t\t\t\t<\/a>\t\t\t\t\r\n\t\t\t<\/div>\r\n\t\t\t\t\t\t<div class=\"features-content\">\r\n\t\t\t\t<h6 class=\"features-box-title\"><a ><span>Pack <\/span> Combinaisons de tests<\/a><\/h6>\t\t\t<\/div>\r\n\t\t\t\t    <\/div>\r\n\r\n\t    \t\t<\/div>\n\t\t\t\t<\/div>\n\t\t\t\t<div class=\"elementor-element elementor-element-dff112a elementor-widget elementor-widget-ifeaturedbox\" data-id=\"dff112a\" data-element_type=\"widget\" data-widget_type=\"ifeaturedbox.default\">\n\t\t\t\t<div class=\"elementor-widget-container\">\n\t\t\t\r\n\t\t<div class=\"ot-features-box\">\r\n\t\t\t<div class=\"features-image\" id=\"animated-thumbnials\">\r\n\t\t\t\t<a href=\"https:\/\/labogen.com\/fr\/paquets-combinaisons-de-tests-chat\/\">\t\t\t\t\t\t\t\t\t<span class=\"overlay flex-middle\"><i class=\"ot-flaticon-add\"><\/i><\/span>\r\n\t\t\t\t\t<img decoding=\"async\" width=\"500\" height=\"500\" src=\"https:\/\/labogen.com\/wp-content\/uploads\/2024\/08\/FR_CAT_ICONS.jpg\" class=\"attachment-full size-full wp-image-269567\" alt=\"\" srcset=\"https:\/\/labogen.com\/wp-content\/uploads\/2024\/08\/FR_CAT_ICONS.jpg 500w, https:\/\/labogen.com\/wp-content\/uploads\/2024\/08\/FR_CAT_ICONS-300x300.jpg 300w, https:\/\/labogen.com\/wp-content\/uploads\/2024\/08\/FR_CAT_ICONS-150x150.jpg 150w\" sizes=\"(max-width: 500px) 100vw, 500px\" \/>\t\t\t\t\t\t\t\t<\/a>\t\t\t\t\r\n\t\t\t<\/div>\r\n\t\t\t\t\t\t<div class=\"features-content\">\r\n\t\t\t\t<h6 class=\"features-box-title\"><a ><span>Pack<\/span> Combinaisons de tests<\/a><\/h6>\t\t\t<\/div>\r\n\t\t\t\t    <\/div>\r\n\r\n\t    \t\t<\/div>\n\t\t\t\t<\/div>\n\t\t\t\t<div class=\"elementor-element elementor-element-fb8fd0b elementor-widget elementor-widget-ifeaturedbox\" data-id=\"fb8fd0b\" data-element_type=\"widget\" data-widget_type=\"ifeaturedbox.default\">\n\t\t\t\t<div class=\"elementor-widget-container\">\n\t\t\t\r\n\t\t<div class=\"ot-features-box\">\r\n\t\t\t<div class=\"features-image\" id=\"animated-thumbnials\">\r\n\t\t\t\t<a href=\"https:\/\/labogen.com\/fr\/paquets-combinaisons-de-tests-cheval\/\">\t\t\t\t\t\t\t\t\t<span class=\"overlay flex-middle\"><i class=\"ot-flaticon-add\"><\/i><\/span>\r\n\t\t\t\t\t<img decoding=\"async\" width=\"500\" height=\"500\" src=\"https:\/\/labogen.com\/wp-content\/uploads\/2024\/08\/FR_ICONS_Website.jpg\" class=\"attachment-full size-full wp-image-269427\" alt=\"\" srcset=\"https:\/\/labogen.com\/wp-content\/uploads\/2024\/08\/FR_ICONS_Website.jpg 500w, https:\/\/labogen.com\/wp-content\/uploads\/2024\/08\/FR_ICONS_Website-300x300.jpg 300w, https:\/\/labogen.com\/wp-content\/uploads\/2024\/08\/FR_ICONS_Website-150x150.jpg 150w\" sizes=\"(max-width: 500px) 100vw, 500px\" \/>\t\t\t\t\t\t\t\t<\/a>\t\t\t\t\r\n\t\t\t<\/div>\r\n\t\t\t\t\t\t<div class=\"features-content\">\r\n\t\t\t\t<h6 class=\"features-box-title\"><a ><span>Pack <\/span> Combinaisons de tests<\/a><\/h6>\t\t\t<\/div>\r\n\t\t\t\t    <\/div>\r\n\r\n\t    \t\t<\/div>\n\t\t\t\t<\/div>\n\t\t\t\t\t<\/div>\n\t\t\t\t<\/div>\n\t\t<div class=\"elementor-element elementor-element-3d513b8 e-flex e-con-boxed e-con e-parent\" data-id=\"3d513b8\" data-element_type=\"container\">\n\t\t\t\t\t<div class=\"e-con-inner\">\n\t\t\t\t<div class=\"elementor-element elementor-element-cc3e2be elementor-widget elementor-widget-text-editor\" data-id=\"cc3e2be\" data-element_type=\"widget\" data-widget_type=\"text-editor.default\">\n\t\t\t\t<div class=\"elementor-widget-container\">\n\t\t\t\t\t\t\t<p>En plus des <a href=\"https:\/\/labogen.com\/fr\/maladies-hereditaires\/\"><strong>Tests individuels<\/strong><\/a> nous proposons \u00e9galement un grand nombre de <strong>forfaits sp\u00e9cifiques aux races<\/strong> pour les maladies h\u00e9r\u00e9ditaires et les caract\u00e9ristiques du pelage des chiens, des chats et des chevaux. Ces packs regroupent les <strong>tests pertinents<\/strong> pour une <strong>race donn\u00e9e<\/strong>, offrent <strong>des avantages de prix int\u00e9ressants<\/strong> et permettent de <strong>demander de mani\u00e8re compacte<\/strong> plusieurs maladies et caract\u00e9ristiques g\u00e9n\u00e9tiques. Les compositions de pack sont continuellement <strong>adapt\u00e9es<\/strong> aux <strong>nouvelles connaissances<\/strong>. <\/p>\n<p>Si vous souhaitez <strong>avoir<\/strong> un <strong>aper\u00e7u<\/strong> encore <strong>plus large<\/strong> du statut g\u00e9n\u00e9tique de votre chien ou de votre chat, nous vous recommandons de jeter un \u0153il \u00e0 nos forfaits <a href=\"https:\/\/labogen.com\/\/labogenetics-xxl-hund\/\"><strong>LABOGenetics XXL chien<\/strong><\/a> et\/ou <a href=\"https:\/\/labogen.com\/fr\/labogenetics-xxl-chat\/\"><strong>LABOGenetics XXL Chat<\/strong><\/a> pour voir les r\u00e9sultats. Vous y trouverez un screening g\u00e9n\u00e9tique complet avec des informations sur les maladies h\u00e9r\u00e9ditaires, les facteurs \u00e0 risque g\u00e9n\u00e9tiques, la couleur et les caract\u00e9ristiques de la robe. <\/p>\n\t\t\t\t\t\t<\/div>\n\t\t\t\t<\/div>\n\t\t\t\t\t<\/div>\n\t\t\t\t<\/div>\n\t\t\t\t<\/div>\n\t\t","protected":false},"excerpt":{"rendered":"<p>Pack Combinaisons de tests Pack Combinaisons de tests Pack Combinaisons de tests En plus des Tests individuels nous proposons \u00e9galement un grand nombre de forfaits sp\u00e9cifiques aux races pour les maladies h\u00e9r\u00e9ditaires et les caract\u00e9ristiques du pelage des chiens, des chats et des chevaux. Ces packs regroupent les tests pertinents pour une race donn\u00e9e, offrent [&hellip;]<\/p>\n","protected":false},"author":5,"featured_media":0,"parent":0,"menu_order":73,"comment_status":"closed","ping_status":"closed","template":"","meta":{"footnotes":""},"class_list":["post-269928","page","type-page","status-publish","hentry"],"_links":{"self":[{"href":"https:\/\/labogen.com\/fr\/wp-json\/wp\/v2\/pages\/269928","targetHints":{"allow":["GET"]}}],"collection":[{"href":"https:\/\/labogen.com\/fr\/wp-json\/wp\/v2\/pages"}],"about":[{"href":"https:\/\/labogen.com\/fr\/wp-json\/wp\/v2\/types\/page"}],"author":[{"embeddable":true,"href":"https:\/\/labogen.com\/fr\/wp-json\/wp\/v2\/users\/5"}],"replies":[{"embeddable":true,"href":"https:\/\/labogen.com\/fr\/wp-json\/wp\/v2\/comments?post=269928"}],"version-history":[{"count":4,"href":"https:\/\/labogen.com\/fr\/wp-json\/wp\/v2\/pages\/269928\/revisions"}],"predecessor-version":[{"id":271108,"href":"https:\/\/labogen.com\/fr\/wp-json\/wp\/v2\/pages\/269928\/revisions\/271108"}],"wp:attachment":[{"href":"https:\/\/labogen.com\/fr\/wp-json\/wp\/v2\/media?parent=269928"}],"curies":[{"name":"wp","href":"https:\/\/api.w.org\/{rel}","templated":true}]}}