{"id":269904,"date":"2024-07-24T17:03:13","date_gmt":"2024-07-24T15:03:13","guid":{"rendered":"https:\/\/staging.laboklin.com\/labogen\/labogen_wp\/index.php\/maladies-hereditaires\/"},"modified":"2024-09-11T11:50:37","modified_gmt":"2024-09-11T09:50:37","slug":"maladies-hereditaires","status":"publish","type":"page","link":"https:\/\/labogen.com\/fr\/maladies-hereditaires\/","title":{"rendered":"Maladies h\u00e9r\u00e9ditaires"},"content":{"rendered":"\t\t<div data-elementor-type=\"wp-page\" data-elementor-id=\"269904\" class=\"elementor elementor-269904 elementor-9349\">\n\t\t\t\t<div class=\"elementor-element elementor-element-1cf0c205 e-grid e-con-boxed e-con e-parent\" data-id=\"1cf0c205\" data-element_type=\"container\">\n\t\t\t\t\t<div class=\"e-con-inner\">\n\t\t\t\t<div class=\"elementor-element elementor-element-71040b7c elementor-widget elementor-widget-ifeaturedbox\" data-id=\"71040b7c\" data-element_type=\"widget\" data-widget_type=\"ifeaturedbox.default\">\n\t\t\t\t<div class=\"elementor-widget-container\">\n\t\t\t\r\n\t\t<div class=\"ot-features-box\">\r\n\t\t\t<div class=\"features-image\" id=\"animated-thumbnials\">\r\n\t\t\t\t<a href=\"https:\/\/labogen.com\/fr\/maladies-hereditaires-chien\/\">\t\t\t\t\t\t\t\t\t<span class=\"overlay flex-middle\"><i class=\"ot-flaticon-add\"><\/i><\/span>\r\n\t\t\t\t\t<img fetchpriority=\"high\" decoding=\"async\" width=\"500\" height=\"500\" src=\"https:\/\/labogen.com\/wp-content\/uploads\/2024\/08\/FR_DOG_ICONS.jpg\" class=\"attachment-full size-full wp-image-269518\" alt=\"\" srcset=\"https:\/\/labogen.com\/wp-content\/uploads\/2024\/08\/FR_DOG_ICONS.jpg 500w, https:\/\/labogen.com\/wp-content\/uploads\/2024\/08\/FR_DOG_ICONS-300x300.jpg 300w, https:\/\/labogen.com\/wp-content\/uploads\/2024\/08\/FR_DOG_ICONS-150x150.jpg 150w\" sizes=\"(max-width: 500px) 100vw, 500px\" \/>\t\t\t\t\t\t\t\t<\/a>\t\t\t\t\r\n\t\t\t<\/div>\r\n\t\t\t\t\t\t<div class=\"features-content\">\r\n\t\t\t\t<h6 class=\"features-box-title\"><a ><span>les maladies h\u00e9r\u00e9ditaires.<\/span> Chien<\/a><\/h6>\t\t\t<\/div>\r\n\t\t\t\t    <\/div>\r\n\r\n\t    \t\t<\/div>\n\t\t\t\t<\/div>\n\t\t\t\t<div class=\"elementor-element elementor-element-36954230 elementor-widget elementor-widget-ifeaturedbox\" data-id=\"36954230\" data-element_type=\"widget\" data-widget_type=\"ifeaturedbox.default\">\n\t\t\t\t<div class=\"elementor-widget-container\">\n\t\t\t\r\n\t\t<div class=\"ot-features-box\">\r\n\t\t\t<div class=\"features-image\" id=\"animated-thumbnials\">\r\n\t\t\t\t<a href=\"https:\/\/labogen.com\/fr\/maladies-hereditaires-chat\/\">\t\t\t\t\t\t\t\t\t<span class=\"overlay flex-middle\"><i class=\"ot-flaticon-add\"><\/i><\/span>\r\n\t\t\t\t\t<img decoding=\"async\" width=\"500\" height=\"500\" src=\"https:\/\/labogen.com\/wp-content\/uploads\/2024\/08\/FR_CAT_ICONS.jpg\" class=\"attachment-full size-full wp-image-269567\" alt=\"\" srcset=\"https:\/\/labogen.com\/wp-content\/uploads\/2024\/08\/FR_CAT_ICONS.jpg 500w, https:\/\/labogen.com\/wp-content\/uploads\/2024\/08\/FR_CAT_ICONS-300x300.jpg 300w, https:\/\/labogen.com\/wp-content\/uploads\/2024\/08\/FR_CAT_ICONS-150x150.jpg 150w\" sizes=\"(max-width: 500px) 100vw, 500px\" \/>\t\t\t\t\t\t\t\t<\/a>\t\t\t\t\r\n\t\t\t<\/div>\r\n\t\t\t\t\t\t<div class=\"features-content\">\r\n\t\t\t\t<h6 class=\"features-box-title\"><a ><span>les maladies h\u00e9r\u00e9ditaires.<\/span> Chat<\/a><\/h6>\t\t\t<\/div>\r\n\t\t\t\t    <\/div>\r\n\r\n\t    \t\t<\/div>\n\t\t\t\t<\/div>\n\t\t\t\t<div class=\"elementor-element elementor-element-527965f9 elementor-widget elementor-widget-ifeaturedbox\" data-id=\"527965f9\" data-element_type=\"widget\" data-widget_type=\"ifeaturedbox.default\">\n\t\t\t\t<div class=\"elementor-widget-container\">\n\t\t\t\r\n\t\t<div class=\"ot-features-box\">\r\n\t\t\t<div class=\"features-image\" id=\"animated-thumbnials\">\r\n\t\t\t\t<a href=\"https:\/\/labogen.com\/fr\/maladies-hereditaires-cheval\/\">\t\t\t\t\t\t\t\t\t<span class=\"overlay flex-middle\"><i class=\"ot-flaticon-add\"><\/i><\/span>\r\n\t\t\t\t\t<img decoding=\"async\" width=\"500\" height=\"500\" src=\"https:\/\/labogen.com\/wp-content\/uploads\/2024\/08\/FR_ICONS_Website.jpg\" class=\"attachment-full size-full wp-image-269427\" alt=\"\" srcset=\"https:\/\/labogen.com\/wp-content\/uploads\/2024\/08\/FR_ICONS_Website.jpg 500w, https:\/\/labogen.com\/wp-content\/uploads\/2024\/08\/FR_ICONS_Website-300x300.jpg 300w, https:\/\/labogen.com\/wp-content\/uploads\/2024\/08\/FR_ICONS_Website-150x150.jpg 150w\" sizes=\"(max-width: 500px) 100vw, 500px\" \/>\t\t\t\t\t\t\t\t<\/a>\t\t\t\t\r\n\t\t\t<\/div>\r\n\t\t\t\t\t\t<div class=\"features-content\">\r\n\t\t\t\t<h6 class=\"features-box-title\"><a ><span>les maladies h\u00e9r\u00e9ditaires.<\/span> CHEVAL<\/a><\/h6>\t\t\t<\/div>\r\n\t\t\t\t    <\/div>\r\n\r\n\t    \t\t<\/div>\n\t\t\t\t<\/div>\n\t\t\t\t\t<\/div>\n\t\t\t\t<\/div>\n\t\t<div class=\"elementor-element elementor-element-1810a8c e-flex e-con-boxed e-con e-parent\" data-id=\"1810a8c\" data-element_type=\"container\">\n\t\t\t\t\t<div class=\"e-con-inner\">\n\t\t\t\t\t<\/div>\n\t\t\t\t<\/div>\n\t\t<div class=\"elementor-element elementor-element-7bd4966 e-flex e-con-boxed e-con e-parent\" data-id=\"7bd4966\" data-element_type=\"container\">\n\t\t\t\t\t<div class=\"e-con-inner\">\n\t\t\t\t<div class=\"elementor-element elementor-element-fd8cbee elementor-widget elementor-widget-text-editor\" data-id=\"fd8cbee\" data-element_type=\"widget\" data-widget_type=\"text-editor.default\">\n\t\t\t\t<div class=\"elementor-widget-container\">\n\t\t\t\t\t\t\t<h5>Comment apparaissent les maladies h\u00e9r\u00e9ditaires ?<\/h5>\n<p>Chez tous les \u00eatres vivants, l&rsquo;<strong>information g\u00e9n\u00e9tique<\/strong> est stock\u00e9e sous la forme d&rsquo;<strong>ADN<\/strong> (acronyme anglais de deoxyribonucleic acid). Lors de la reproduction, ces informations sont transmises \u00e0 la fois par la m\u00e8re et par le p\u00e8re \u00e0 la descendance. <strong>Les maladies h\u00e9r\u00e9ditaires<\/strong> sont la cons\u00e9quence de modifications de l&rsquo;ADN, on parle \u00e9galement de <strong>variantes<\/strong> ou <strong>de mutations<\/strong>. Les variantes apparaissent naturellement de <strong>mani\u00e8re purement al\u00e9atoire<\/strong> et ne sont <strong>pas cibl\u00e9es<\/strong>. Selon les modifications que les variantes apportent \u00e0 l&rsquo;organisme, elles peuvent provoquer de graves maladies h\u00e9r\u00e9ditaires ou au contraire \u00eatre b\u00e9n\u00e9fiques pour l&rsquo;individu. En fait, ce sont les mutations et les variantes qui permettent l&rsquo;<strong>\u00e9volution<\/strong> et donc l&rsquo;adaptation des \u00eatres vivants \u00e0 leur environnement. Il existe \u00e9galement des variantes qui ne provoquent aucun changement. Dans ce cas, on parle de <strong>mutations silencieuses<\/strong>.<\/p>\n<h5>Quelle est l&rsquo;importance des variantes et des mutations pour l&rsquo;\u00e9levage ?<\/h5>\n<p>Des <strong>accouplements cibl\u00e9s<\/strong> d&rsquo;animaux aux <strong>caract\u00e9ristiques<\/strong> particuli\u00e8res ont donn\u00e9 naissance \u00e0 <strong>des races<\/strong> parfaitement adapt\u00e9es \u00e0 l&rsquo;utilisation des animaux ou \u00e0 leurs conditions de vie. C&rsquo;est ainsi que sont n\u00e9es les diff\u00e9rentes races, qui peuvent \u00eatre tr\u00e8s diff\u00e9rentes les unes des autres, tant au niveau du caract\u00e8re que de l&rsquo;apparence. Cependant, l&rsquo;\u00e9levage cibl\u00e9 isole les lign\u00e9es d&rsquo;\u00e9levage ou ne les croise que partiellement, de sorte que la <strong>diversit\u00e9 g\u00e9n\u00e9tique<\/strong> (on parle \u00e9galement de <strong>pool g\u00e9n\u00e9tique)<\/strong> a \u00e9t\u00e9 fortement r\u00e9duite dans certaines races. Dans certaines circonstances, des variantes peuvent \u00eatre transmises de g\u00e9n\u00e9ration en g\u00e9n\u00e9ration sans que l&rsquo;on s&rsquo;en aper\u00e7oive et <strong>des pr\u00e9dispositions sp\u00e9cifiques \u00e0 la race<\/strong> pour certaines maladies h\u00e9r\u00e9ditaires peuvent appara\u00eetre.<\/p>\n<h5>Quels sont les avantages d&rsquo;un test g\u00e9n\u00e9tique pour les maladies h\u00e9r\u00e9ditaires ?<\/h5>\n<p>Un test g\u00e9n\u00e9tique permet \u00e9galement de d\u00e9tecter des variantes qui <strong>ne<\/strong> sont <strong>pas visibles de l&rsquo;ext\u00e9rieur<\/strong>. Dans les maladies dites r\u00e9cessives, il peut y avoir des <strong>porteurs<\/strong> qui peuvent transmettre la variante, mais qui ne souffrent pas eux-m\u00eames de la maladie. En outre, certaines maladies h\u00e9r\u00e9ditaires <strong>se d\u00e9clarent tardivement<\/strong>, de sorte que les sympt\u00f4mes \u00e9ventuels ne sont visibles que bien apr\u00e8s l&rsquo;\u00e2ge de la reproduction. L&rsquo;analyse g\u00e9n\u00e9tique permet de d\u00e9tecter ou d&rsquo;exclure avec certitude de telles variantes d\u00e8s le plus jeune \u00e2ge. En effet, les tests g\u00e9n\u00e9tiques peuvent \u00eatre effectu\u00e9s <strong>ind\u00e9pendamment de l&rsquo;\u00e2ge<\/strong> et de l&rsquo;<strong>\u00e9tat de sant\u00e9<\/strong> actuel.<\/p>\n<p>Les analyses g\u00e9n\u00e9tiques offrent <strong>aux \u00e9leveurs<\/strong> la possibilit\u00e9 de <strong>proc\u00e9der \u00e0 des accouplements cibl\u00e9s<\/strong>. Par exemple, avec un <strong>plan d&rsquo;\u00e9levage<\/strong> appropri\u00e9, les porteurs de lign\u00e9es peuvent continuer \u00e0 \u00eatre utilis\u00e9s pour la reproduction. Cela permet <strong>de ne pas restreindre davantage le pool g\u00e9n\u00e9tique<\/strong> tout en <strong>\u00e9vitant autant que possible<\/strong> l&rsquo;apparition de <strong>maladies h\u00e9r\u00e9ditaires<\/strong>. De plus, certaines <strong>f\u00e9d\u00e9rations d&rsquo;\u00e9levage<\/strong> exigent certains tests g\u00e9n\u00e9tiques avant d&rsquo;<strong>autoriser la reproduction<\/strong> et n&rsquo;autorisent la reproduction que des animaux chez lesquels les maladies h\u00e9r\u00e9ditaires correspondantes ont \u00e9t\u00e9 clairement exclues.<\/p>\n<p>Certaines maladies h\u00e9r\u00e9ditaires entra\u00eenent un <strong>risque accru<\/strong>, surtout dans <strong>certaines situations<\/strong>. Les exemples incluent l&rsquo;intol\u00e9rance \u00e0 l&rsquo;ivermectine due \u00e0 l&rsquo;anomalie g\u00e9n\u00e9tique MDR1 ou les tendances g\u00e9n\u00e9tiques aux saignements. Si les <strong>propri\u00e9taires des animaux concern\u00e9s<\/strong> sont inform\u00e9s de l&rsquo;existence de telles maladies et de leurs cons\u00e9quences, il est souvent possible d&rsquo;<strong>\u00e9viter<\/strong> <strong>des situations critiques<\/strong> ou de prendre certaines <strong>mesures pr\u00e9ventives<\/strong>.<\/p>\n<p>En outre, les tests g\u00e9n\u00e9tiques peuvent aider <strong>les v\u00e9t\u00e9rinaires<\/strong> \u00e0 trouver un <strong>diagnostic<\/strong>. En cas de r\u00e9sultat positif, <strong>les maladies<\/strong> peuvent \u00eatre <strong>confirm\u00e9es<\/strong>, en cas de r\u00e9sultat n\u00e9gatif, elles peuvent \u00eatre <strong>exclues<\/strong>. Si les causes d&rsquo;une maladie n&rsquo;ont pas encore pu \u00eatre identifi\u00e9es, les tests de d\u00e9pistage des <strong>facteurs de risque g\u00e9n\u00e9tiques<\/strong> peuvent, dans certains cas, fournir des indications sur les maladies existantes. Un autre avantage du test g\u00e9n\u00e9tique est qu&rsquo;il permet aux v\u00e9t\u00e9rinaires de <strong>mieux cibler le traitement<\/strong> des animaux et\/ou <strong>de<\/strong> mettre en <strong>place des plans de pr\u00e9vention appropri\u00e9s<\/strong>.<\/p>\n\t\t\t\t\t\t<\/div>\n\t\t\t\t<\/div>\n\t\t\t\t\t<\/div>\n\t\t\t\t<\/div>\n\t\t\t\t<\/div>\n\t\t","protected":false},"excerpt":{"rendered":"<p>les maladies h\u00e9r\u00e9ditaires. Chien les maladies h\u00e9r\u00e9ditaires. Chat les maladies h\u00e9r\u00e9ditaires. CHEVAL Comment apparaissent les maladies h\u00e9r\u00e9ditaires ? Chez tous les \u00eatres vivants, l&rsquo;information g\u00e9n\u00e9tique est stock\u00e9e sous la forme d&rsquo;ADN (acronyme anglais de deoxyribonucleic acid). Lors de la reproduction, ces informations sont transmises \u00e0 la fois par la m\u00e8re et par le p\u00e8re \u00e0 [&hellip;]<\/p>\n","protected":false},"author":3,"featured_media":0,"parent":0,"menu_order":40,"comment_status":"closed","ping_status":"closed","template":"","meta":{"footnotes":""},"class_list":["post-269904","page","type-page","status-publish","hentry"],"_links":{"self":[{"href":"https:\/\/labogen.com\/fr\/wp-json\/wp\/v2\/pages\/269904","targetHints":{"allow":["GET"]}}],"collection":[{"href":"https:\/\/labogen.com\/fr\/wp-json\/wp\/v2\/pages"}],"about":[{"href":"https:\/\/labogen.com\/fr\/wp-json\/wp\/v2\/types\/page"}],"author":[{"embeddable":true,"href":"https:\/\/labogen.com\/fr\/wp-json\/wp\/v2\/users\/3"}],"replies":[{"embeddable":true,"href":"https:\/\/labogen.com\/fr\/wp-json\/wp\/v2\/comments?post=269904"}],"version-history":[{"count":10,"href":"https:\/\/labogen.com\/fr\/wp-json\/wp\/v2\/pages\/269904\/revisions"}],"predecessor-version":[{"id":271353,"href":"https:\/\/labogen.com\/fr\/wp-json\/wp\/v2\/pages\/269904\/revisions\/271353"}],"wp:attachment":[{"href":"https:\/\/labogen.com\/fr\/wp-json\/wp\/v2\/media?parent=269904"}],"curies":[{"name":"wp","href":"https:\/\/api.w.org\/{rel}","templated":true}]}}