{"id":269901,"date":"2024-07-29T14:53:38","date_gmt":"2024-07-29T12:53:38","guid":{"rendered":"https:\/\/staging.laboklin.com\/labogen\/labogen_wp\/index.php\/profil-adn\/"},"modified":"2024-09-03T17:42:15","modified_gmt":"2024-09-03T15:42:15","slug":"profil-adn","status":"publish","type":"page","link":"https:\/\/labogen.com\/fr\/profil-adn\/","title":{"rendered":"Profil ADN"},"content":{"rendered":"\t\t<div data-elementor-type=\"wp-page\" data-elementor-id=\"269901\" class=\"elementor elementor-269901 elementor-9850\">\n\t\t\t\t<div class=\"elementor-element elementor-element-5789af3 e-grid e-con-boxed e-con e-parent\" data-id=\"5789af3\" data-element_type=\"container\">\n\t\t\t\t\t<div class=\"e-con-inner\">\n\t\t\t\t<div class=\"elementor-element elementor-element-9a8ff0f elementor-widget elementor-widget-ifeaturedbox\" data-id=\"9a8ff0f\" data-element_type=\"widget\" data-widget_type=\"ifeaturedbox.default\">\n\t\t\t\t<div class=\"elementor-widget-container\">\n\t\t\t\r\n\t\t<div class=\"ot-features-box\">\r\n\t\t\t<div class=\"features-image\" id=\"animated-thumbnials\">\r\n\t\t\t\t<a href=\"\/index.php\/dna-profil-hund\/\">\t\t\t\t\t\t\t\t\t<span class=\"overlay flex-middle\"><i class=\"ot-flaticon-add\"><\/i><\/span>\r\n\t\t\t\t\t<img fetchpriority=\"high\" decoding=\"async\" width=\"500\" height=\"500\" src=\"https:\/\/labogen.com\/wp-content\/uploads\/2024\/08\/FR_DOG_ICONS.jpg\" class=\"attachment-full size-full wp-image-269518\" alt=\"\" srcset=\"https:\/\/labogen.com\/wp-content\/uploads\/2024\/08\/FR_DOG_ICONS.jpg 500w, https:\/\/labogen.com\/wp-content\/uploads\/2024\/08\/FR_DOG_ICONS-300x300.jpg 300w, https:\/\/labogen.com\/wp-content\/uploads\/2024\/08\/FR_DOG_ICONS-150x150.jpg 150w\" sizes=\"(max-width: 500px) 100vw, 500px\" \/>\t\t\t\t\t\t\t\t<\/a>\t\t\t\t\r\n\t\t\t<\/div>\r\n\t\t\t\t\t\t<div class=\"features-content\">\r\n\t\t\t\t<h6 class=\"features-box-title\"><a ><span>Profil ADN<\/span> du chien<\/a><\/h6>\t\t\t<\/div>\r\n\t\t\t\t    <\/div>\r\n\r\n\t    \t\t<\/div>\n\t\t\t\t<\/div>\n\t\t\t\t<div class=\"elementor-element elementor-element-120609b elementor-widget elementor-widget-ifeaturedbox\" data-id=\"120609b\" data-element_type=\"widget\" data-widget_type=\"ifeaturedbox.default\">\n\t\t\t\t<div class=\"elementor-widget-container\">\n\t\t\t\r\n\t\t<div class=\"ot-features-box\">\r\n\t\t\t<div class=\"features-image\" id=\"animated-thumbnials\">\r\n\t\t\t\t<a href=\"\/index.php\/dna-profil-katze\/\">\t\t\t\t\t\t\t\t\t<span class=\"overlay flex-middle\"><i class=\"ot-flaticon-add\"><\/i><\/span>\r\n\t\t\t\t\t<img decoding=\"async\" width=\"500\" height=\"500\" src=\"https:\/\/labogen.com\/wp-content\/uploads\/2024\/08\/FR_CAT_ICONS.jpg\" class=\"attachment-full size-full wp-image-269567\" alt=\"\" srcset=\"https:\/\/labogen.com\/wp-content\/uploads\/2024\/08\/FR_CAT_ICONS.jpg 500w, https:\/\/labogen.com\/wp-content\/uploads\/2024\/08\/FR_CAT_ICONS-300x300.jpg 300w, https:\/\/labogen.com\/wp-content\/uploads\/2024\/08\/FR_CAT_ICONS-150x150.jpg 150w\" sizes=\"(max-width: 500px) 100vw, 500px\" \/>\t\t\t\t\t\t\t\t<\/a>\t\t\t\t\r\n\t\t\t<\/div>\r\n\t\t\t\t\t\t<div class=\"features-content\">\r\n\t\t\t\t<h6 class=\"features-box-title\"><a ><span>Profil ADN<\/span> du chat<\/a><\/h6>\t\t\t<\/div>\r\n\t\t\t\t    <\/div>\r\n\r\n\t    \t\t<\/div>\n\t\t\t\t<\/div>\n\t\t\t\t<div class=\"elementor-element elementor-element-854fbc1 elementor-widget elementor-widget-ifeaturedbox\" data-id=\"854fbc1\" data-element_type=\"widget\" data-widget_type=\"ifeaturedbox.default\">\n\t\t\t\t<div class=\"elementor-widget-container\">\n\t\t\t\r\n\t\t<div class=\"ot-features-box\">\r\n\t\t\t<div class=\"features-image\" id=\"animated-thumbnials\">\r\n\t\t\t\t<a href=\"\/index.php\/dna-profil-pferd\/\">\t\t\t\t\t\t\t\t\t<span class=\"overlay flex-middle\"><i class=\"ot-flaticon-add\"><\/i><\/span>\r\n\t\t\t\t\t<img decoding=\"async\" width=\"500\" height=\"500\" src=\"https:\/\/labogen.com\/wp-content\/uploads\/2024\/08\/FR_ICONS_Website.jpg\" class=\"attachment-full size-full wp-image-269427\" alt=\"\" srcset=\"https:\/\/labogen.com\/wp-content\/uploads\/2024\/08\/FR_ICONS_Website.jpg 500w, https:\/\/labogen.com\/wp-content\/uploads\/2024\/08\/FR_ICONS_Website-300x300.jpg 300w, https:\/\/labogen.com\/wp-content\/uploads\/2024\/08\/FR_ICONS_Website-150x150.jpg 150w\" sizes=\"(max-width: 500px) 100vw, 500px\" \/>\t\t\t\t\t\t\t\t<\/a>\t\t\t\t\r\n\t\t\t<\/div>\r\n\t\t\t\t\t\t<div class=\"features-content\">\r\n\t\t\t\t<h6 class=\"features-box-title\"><a ><span>Profil ADN<\/span> CHEVAL<\/a><\/h6>\t\t\t<\/div>\r\n\t\t\t\t    <\/div>\r\n\r\n\t    \t\t<\/div>\n\t\t\t\t<\/div>\n\t\t\t\t\t<\/div>\n\t\t\t\t<\/div>\n\t\t<div class=\"elementor-element elementor-element-a0e6706 e-flex e-con-boxed e-con e-parent\" data-id=\"a0e6706\" data-element_type=\"container\">\n\t\t\t\t\t<div class=\"e-con-inner\">\n\t\t\t\t<div class=\"elementor-element elementor-element-cf39fdd elementor-widget elementor-widget-text-editor\" data-id=\"cf39fdd\" data-element_type=\"widget\" data-widget_type=\"text-editor.default\">\n\t\t\t\t<div class=\"elementor-widget-container\">\n\t\t\t\t\t\t\t<h2>Le profil ADN expliqu\u00e9 simplement<\/h2>\n<p>Le profil ADN est l&rsquo;<strong>empreinte g\u00e9n\u00e9tique<\/strong> ou DNA fingerprint de votre animal. Sur la base du patrimoine g\u00e9n\u00e9tique, nous cr\u00e9ons une combinaison de chiffres ou de lettres qui est <strong>unique<\/strong> pour chaque animal. Une fois que le profil ADN a \u00e9t\u00e9 \u00e9tabli et \u00e9ventuellement enregistr\u00e9 dans une <strong>base de donn\u00e9es<\/strong>, l&rsquo;animal peut \u00eatre <strong>identifi\u00e9 de mani\u00e8re unique<\/strong> \u00e0 tout moment \u00e0 l&rsquo;aide d&rsquo;un \u00e9chantillon de sang, d&rsquo;un frottis de la joue ou d&rsquo;un \u00e9chantillon de tissu. Le profil ADN ne peut pas \u00eatre manipul\u00e9 ni perdu. Ainsi, l&rsquo;<strong>identit\u00e9<\/strong> de l&rsquo;animal peut \u00eatre clairement prouv\u00e9e en cas de vol ou de perte, par exemple. Avant une ins\u00e9mination artificielle, un profil ADN permet d&rsquo;attribuer avec certitude l&rsquo;\u00e9chantillon de sperme \u00e0 un m\u00e2le donn\u00e9. Le profil ADN sert \u00e9galement de base \u00e0 certaines analyses g\u00e9n\u00e9tiques plus pouss\u00e9es, telles que <strong>les recherches de filiation<\/strong> (tests de paternit\u00e9) ou l&rsquo;attribution de races. Les profils ADN r\u00e9alis\u00e9s dans diff\u00e9rents laboratoires devraient \u00eatre comparables et \u00e9tablis selon une proc\u00e9dure uniforme. Nous travaillons selon les directives recommand\u00e9es par l&rsquo;<strong>ISAG<\/strong> (International Society for Animal Genetics), de sorte que les profils ADN que nous r\u00e9alisons sont comparables \u00e0 ceux d&rsquo;autres laboratoires travaillant selon les directives de l&rsquo;ISAG.<\/p>\n<p><a href=\"\/index.php\/dna-profil-hund\/\"><span style=\"color: #e51e1e;\"><strong>Profil ADN chez le chien<\/strong><\/span><\/a><\/p>\n<p>Chez le chien, vous pouvez choisir entre deux types de profils ADN diff\u00e9rents : le <a href=\"https:\/\/labogen.com\/fr\/profil-adn-classique-chien\/\">profil ADN STR classique<\/a>, \u00e9tabli conform\u00e9ment aux directives ISAG adopt\u00e9es en 2006, et le <a href=\"https:\/\/labogen.com\/\/dna-profil-hund-premium\/\">profil ADN SNP premium<\/a>, \u00e9tabli conform\u00e9ment aux directives ISAG de 2020. Le <a href=\"https:\/\/labogen.com\/fr\/profil-adn-classique-chien\/\">profil ADN Classic STR (ISAG 2006)<\/a> analyse 22 sites hautement variables du g\u00e9nome, appel\u00e9s microsatellites. Pour ces sites, certaines s\u00e9quences de bases se r\u00e9p\u00e8tent plus ou moins souvent (s\u00e9quences r\u00e9p\u00e9titives), le nombre de r\u00e9p\u00e9titions et donc la longueur des microsatellites variant consid\u00e9rablement d&rsquo;un chien \u00e0 l&rsquo;autre. La combinaison du nombre de r\u00e9p\u00e9titions sur les 22 sites analys\u00e9s donne une liste de valeurs qui est unique et distinctive pour le chien. Le <a href=\"https:\/\/labogen.com\/\/dna-profil-hund-premium\/\">profil ADN SNP Premium (ISAG 2020)<\/a>, quant \u00e0 lui, \u00e9value 230 polymorphismes nucl\u00e9otidiques individuels (SNP). Il s&rsquo;agit de sites du g\u00e9nome qui sont \u00e9galement tr\u00e8s variables, mais qui ne diff\u00e8rent que par quelques paires de bases ou nucl\u00e9otides (\u00e9l\u00e9ments de base de l&rsquo;ADN). Le nombre \u00e9lev\u00e9 de SNPs \u00e9tudi\u00e9s permet d&rsquo;obtenir des combinaisons de lettres qui sont \u00e0 leur tour uniques pour chaque chien. Le <a href=\"https:\/\/labogen.com\/\/dna-profil-hund-premium\/\">profil ADN SNP Premium<\/a> permet de r\u00e9soudre des cas d&rsquo;ascendance plus complexes et de d\u00e9terminer la diversit\u00e9 g\u00e9n\u00e9tique d&rsquo;un chien au sein d&rsquo;une race (\u00e9valuation sp\u00e9cifique de la race, diversit\u00e9 g\u00e9n\u00e9tique et h\u00e9t\u00e9rozygotie). Veuillez noter que le <a href=\"https:\/\/labogen.com\/fr\/profil-adn-classique-chien\/\">profil ADN STR classique (ISAG 2006)<\/a> et le <a href=\"https:\/\/labogen.com\/\/dna-profil-hund-premium\/\">profil ADN SNP premium (ISAG 2020)<\/a> ne sont pas compatibles et que les analyses de pedigree ne sont donc possibles que si le m\u00eame type de profil ADN est disponible pour tous les chiens concern\u00e9s.<\/p>\n<p><strong>Profil ADN chez le <a href=\"\/index.php\/dna-profil-katze\/\">chat<\/a> et <a href=\"\/index.php\/dna-profil-pferd\/\">le cheval<\/a><\/strong><\/p>\n<p>Pour le profil ADN des chats et des chevaux, l&rsquo;ISAG recommande de se baser sur 17 sites hautement variables du g\u00e9nome dans chaque cas, les marqueurs microsatellites. Pour ces sites, certaines s\u00e9quences de bases se r\u00e9p\u00e8tent plus ou moins souvent (s\u00e9quences r\u00e9p\u00e9titives), le nombre de r\u00e9p\u00e9titions et donc la longueur des microsatellites variant consid\u00e9rablement d&rsquo;un animal \u00e0 l&rsquo;autre. La combinaison du nombre de r\u00e9p\u00e9titions sur l&rsquo;ensemble des 22 sites analys\u00e9s donne une liste de valeurs qui sont uniques et distinctives pour le cheval ou le chat.<\/p>\n\t\t\t\t\t\t<\/div>\n\t\t\t\t<\/div>\n\t\t\t\t\t<\/div>\n\t\t\t\t<\/div>\n\t\t<div class=\"elementor-element elementor-element-2998e9b e-flex e-con-boxed e-con e-parent\" data-id=\"2998e9b\" data-element_type=\"container\">\n\t\t\t\t\t<div class=\"e-con-inner\">\n\t\t\t\t<div class=\"elementor-element elementor-element-44680e9 elementor-widget elementor-widget-spacer\" data-id=\"44680e9\" data-element_type=\"widget\" data-widget_type=\"spacer.default\">\n\t\t\t\t<div class=\"elementor-widget-container\">\n\t\t\t\t\t<div class=\"elementor-spacer\">\n\t\t\t<div class=\"elementor-spacer-inner\"><\/div>\n\t\t<\/div>\n\t\t\t\t<\/div>\n\t\t\t\t<\/div>\n\t\t\t\t\t<\/div>\n\t\t\t\t<\/div>\n\t\t\t\t<\/div>\n\t\t","protected":false},"excerpt":{"rendered":"<p>Profil ADN du chien Profil ADN du chat Profil ADN CHEVAL Le profil ADN expliqu\u00e9 simplement Le profil ADN est l&rsquo;empreinte g\u00e9n\u00e9tique ou DNA fingerprint de votre animal. Sur la base du patrimoine g\u00e9n\u00e9tique, nous cr\u00e9ons une combinaison de chiffres ou de lettres qui est unique pour chaque animal. Une fois que le profil ADN [&hellip;]<\/p>\n","protected":false},"author":5,"featured_media":0,"parent":0,"menu_order":74,"comment_status":"closed","ping_status":"closed","template":"","meta":{"footnotes":""},"class_list":["post-269901","page","type-page","status-publish","hentry"],"_links":{"self":[{"href":"https:\/\/labogen.com\/fr\/wp-json\/wp\/v2\/pages\/269901","targetHints":{"allow":["GET"]}}],"collection":[{"href":"https:\/\/labogen.com\/fr\/wp-json\/wp\/v2\/pages"}],"about":[{"href":"https:\/\/labogen.com\/fr\/wp-json\/wp\/v2\/types\/page"}],"author":[{"embeddable":true,"href":"https:\/\/labogen.com\/fr\/wp-json\/wp\/v2\/users\/5"}],"replies":[{"embeddable":true,"href":"https:\/\/labogen.com\/fr\/wp-json\/wp\/v2\/comments?post=269901"}],"version-history":[{"count":4,"href":"https:\/\/labogen.com\/fr\/wp-json\/wp\/v2\/pages\/269901\/revisions"}],"predecessor-version":[{"id":270569,"href":"https:\/\/labogen.com\/fr\/wp-json\/wp\/v2\/pages\/269901\/revisions\/270569"}],"wp:attachment":[{"href":"https:\/\/labogen.com\/fr\/wp-json\/wp\/v2\/media?parent=269901"}],"curies":[{"name":"wp","href":"https:\/\/api.w.org\/{rel}","templated":true}]}}