{"id":269884,"date":"2024-08-16T12:16:34","date_gmt":"2024-08-16T10:16:34","guid":{"rendered":"https:\/\/staging.laboklin.com\/labogen\/labogen_wp\/index.php\/labogenetique-xxl\/"},"modified":"2025-01-07T13:04:34","modified_gmt":"2025-01-07T12:04:34","slug":"labogenetique-xxl","status":"publish","type":"page","link":"https:\/\/labogen.com\/fr\/labogenetique-xxl\/","title":{"rendered":"LABOG\u00e9n\u00e9tiques XXL"},"content":{"rendered":"\t\t<div data-elementor-type=\"wp-page\" data-elementor-id=\"269884\" class=\"elementor elementor-269884 elementor-12910\">\n\t\t\t\t<div class=\"elementor-element elementor-element-d5d715a e-grid e-con-boxed e-con e-parent\" data-id=\"d5d715a\" data-element_type=\"container\">\n\t\t\t\t\t<div class=\"e-con-inner\">\n\t\t\t\t<div class=\"elementor-element elementor-element-9fde08a elementor-widget elementor-widget-ifeaturedbox\" data-id=\"9fde08a\" data-element_type=\"widget\" data-widget_type=\"ifeaturedbox.default\">\n\t\t\t\t<div class=\"elementor-widget-container\">\n\t\t\t\r\n\t\t<div class=\"ot-features-box\">\r\n\t\t\t<div class=\"features-image\" id=\"animated-thumbnials\">\r\n\t\t\t\t<a href=\"https:\/\/labogen.com\/fr\/index.php\/labogenetics-xxl-chien\/\">\t\t\t\t\t\t\t\t\t<span class=\"overlay flex-middle\"><i class=\"ot-flaticon-add\"><\/i><\/span>\r\n\t\t\t\t\t<img fetchpriority=\"high\" decoding=\"async\" width=\"1199\" height=\"800\" src=\"https:\/\/labogen.com\/wp-content\/uploads\/2024\/12\/XXL_Box2_HUND_S.jpg\" class=\"attachment-full size-full wp-image-277014\" alt=\"\" srcset=\"https:\/\/labogen.com\/wp-content\/uploads\/2024\/12\/XXL_Box2_HUND_S.jpg 1199w, https:\/\/labogen.com\/wp-content\/uploads\/2024\/12\/XXL_Box2_HUND_S-300x200.jpg 300w, https:\/\/labogen.com\/wp-content\/uploads\/2024\/12\/XXL_Box2_HUND_S-1024x683.jpg 1024w, https:\/\/labogen.com\/wp-content\/uploads\/2024\/12\/XXL_Box2_HUND_S-768x512.jpg 768w\" sizes=\"(max-width: 1199px) 100vw, 1199px\" \/>\t\t\t\t\t\t\t\t<\/a>\t\t\t\t\r\n\t\t\t<\/div>\r\n\t\t\t\t\t\t<div class=\"features-content\">\r\n\t\t\t\t<h6 class=\"features-box-title\"><a ><span>LABOG\u00e9n\u00e9tique XXL<\/span> chien<\/a><\/h6>\t\t\t<\/div>\r\n\t\t\t\t    <\/div>\r\n\r\n\t    \t\t<\/div>\n\t\t\t\t<\/div>\n\t\t\t\t<div class=\"elementor-element elementor-element-730eea7 elementor-widget elementor-widget-ifeaturedbox\" data-id=\"730eea7\" data-element_type=\"widget\" data-widget_type=\"ifeaturedbox.default\">\n\t\t\t\t<div class=\"elementor-widget-container\">\n\t\t\t\r\n\t\t<div class=\"ot-features-box\">\r\n\t\t\t<div class=\"features-image\" id=\"animated-thumbnials\">\r\n\t\t\t\t<a href=\"https:\/\/labogen.com\/fr\/index.php\/labogenetics-xxl-chat\/\">\t\t\t\t\t\t\t\t\t<span class=\"overlay flex-middle\"><i class=\"ot-flaticon-add\"><\/i><\/span>\r\n\t\t\t\t\t<img decoding=\"async\" width=\"1199\" height=\"800\" src=\"https:\/\/labogen.com\/wp-content\/uploads\/2020\/03\/XXL_Box_KATZE_S.jpg\" class=\"attachment-full size-full wp-image-4669\" alt=\"\" \/>\t\t\t\t\t\t\t\t<\/a>\t\t\t\t\r\n\t\t\t<\/div>\r\n\t\t\t\t\t\t<div class=\"features-content\">\r\n\t\t\t\t<h6 class=\"features-box-title\"><a ><span>LABOG\u00e9n\u00e9tique XXL<\/span> chat<\/a><\/h6>\t\t\t<\/div>\r\n\t\t\t\t    <\/div>\r\n\r\n\t    \t\t<\/div>\n\t\t\t\t<\/div>\n\t\t\t\t\t<\/div>\n\t\t\t\t<\/div>\n\t\t<div class=\"elementor-element elementor-element-a155ee9 e-flex e-con-boxed e-con e-parent\" data-id=\"a155ee9\" data-element_type=\"container\">\n\t\t\t\t\t<div class=\"e-con-inner\">\n\t\t<div class=\"elementor-element elementor-element-95fc215 e-con-full e-flex e-con e-child\" data-id=\"95fc215\" data-element_type=\"container\">\n\t\t\t\t<div class=\"elementor-element elementor-element-773a9c8 elementor-widget elementor-widget-spacer\" data-id=\"773a9c8\" data-element_type=\"widget\" data-widget_type=\"spacer.default\">\n\t\t\t\t<div class=\"elementor-widget-container\">\n\t\t\t\t\t<div class=\"elementor-spacer\">\n\t\t\t<div class=\"elementor-spacer-inner\"><\/div>\n\t\t<\/div>\n\t\t\t\t<\/div>\n\t\t\t\t<\/div>\n\t\t\t\t<\/div>\n\t\t<div class=\"elementor-element elementor-element-2fbd579 e-con-full e-flex e-con e-child\" data-id=\"2fbd579\" data-element_type=\"container\">\n\t\t\t\t<div class=\"elementor-element elementor-element-30a88ad elementor-widget elementor-widget-text-editor\" data-id=\"30a88ad\" data-element_type=\"widget\" data-widget_type=\"text-editor.default\">\n\t\t\t\t<div class=\"elementor-widget-container\">\n\t\t\t\t\t\t\t<h1>LABOG\u00e9n\u00e9tiques XXL<\/h1>\n<p>Vous voulez savoir ce qui se cache g\u00e9n\u00e9tiquement dans votre chien ou votre chat ? Le nouveau pack LABOG\u00e9n\u00e9tique XXL pour chiens et chats permet d&rsquo;analyser un grand nombre de variantes g\u00e9n\u00e9tiques. Vous obtiendrez de pr\u00e9cieuses informations sur les maladies h\u00e9r\u00e9ditaires, les facteurs de risque g\u00e9n\u00e9tiques, la couleur et les caract\u00e9ristiques du pelage, ainsi que le groupe sanguin g\u00e9n\u00e9tique de votre animal, qu&rsquo;il soit de race ou mixte !<\/p>\n<p>Ce pack est int\u00e9ressant pour tous : propri\u00e9taires, \u00e9leveurs et v\u00e9t\u00e9rinaires.<\/p>\n<ul>\n<li><strong>Pour les \u00e9leveurs :<\/strong> prenez des d\u00e9cisions d&rsquo;\u00e9levage \u00e9clair\u00e9es et favorisez la sant\u00e9 de vos animaux.<\/li>\n<li><strong>Pour les propri\u00e9taires :<\/strong> d\u00e9couvrez les bases g\u00e9n\u00e9tiques de votre chien ou de votre chat et les risques potentiels pour sa sant\u00e9.<\/li>\n<li><strong>Pour les v\u00e9t\u00e9rinaires :<\/strong> am\u00e9liorez les plans de diagnostic et de traitement gr\u00e2ce \u00e0 des informations g\u00e9n\u00e9tiques d\u00e9taill\u00e9es.<\/li>\n<li><strong>Pour les clubs d&rsquo;\u00e9levage :<\/strong> soutenez vos membres avec des tests g\u00e9n\u00e9tiques avanc\u00e9s pour des pratiques d&rsquo;\u00e9levage responsables.<\/li>\n<\/ul>\n\t\t\t\t\t\t<\/div>\n\t\t\t\t<\/div>\n\t\t\t\t<\/div>\n\t\t\t\t\t<\/div>\n\t\t\t\t<\/div>\n\t\t<div class=\"elementor-element elementor-element-245ab02 e-flex e-con-boxed e-con e-parent\" data-id=\"245ab02\" data-element_type=\"container\">\n\t\t\t\t\t<div class=\"e-con-inner\">\n\t\t\t\t<div class=\"elementor-element elementor-element-8a80955 elementor-widget elementor-widget-spacer\" data-id=\"8a80955\" data-element_type=\"widget\" data-widget_type=\"spacer.default\">\n\t\t\t\t<div class=\"elementor-widget-container\">\n\t\t\t\t\t<div class=\"elementor-spacer\">\n\t\t\t<div class=\"elementor-spacer-inner\"><\/div>\n\t\t<\/div>\n\t\t\t\t<\/div>\n\t\t\t\t<\/div>\n\t\t\t\t\t<\/div>\n\t\t\t\t<\/div>\n\t\t\t\t<\/div>\n\t\t","protected":false},"excerpt":{"rendered":"<p>LABOG\u00e9n\u00e9tique XXL chien LABOG\u00e9n\u00e9tique XXL chat LABOG\u00e9n\u00e9tiques XXL Vous voulez savoir ce qui se cache g\u00e9n\u00e9tiquement dans votre chien ou votre chat ? Le nouveau pack LABOG\u00e9n\u00e9tique XXL pour chiens et chats permet d&rsquo;analyser un grand nombre de variantes g\u00e9n\u00e9tiques. Vous obtiendrez de pr\u00e9cieuses informations sur les maladies h\u00e9r\u00e9ditaires, les facteurs de risque g\u00e9n\u00e9tiques, la [&hellip;]<\/p>\n","protected":false},"author":5,"featured_media":0,"parent":0,"menu_order":0,"comment_status":"closed","ping_status":"closed","template":"","meta":{"footnotes":""},"class_list":["post-269884","page","type-page","status-publish","hentry"],"_links":{"self":[{"href":"https:\/\/labogen.com\/fr\/wp-json\/wp\/v2\/pages\/269884","targetHints":{"allow":["GET"]}}],"collection":[{"href":"https:\/\/labogen.com\/fr\/wp-json\/wp\/v2\/pages"}],"about":[{"href":"https:\/\/labogen.com\/fr\/wp-json\/wp\/v2\/types\/page"}],"author":[{"embeddable":true,"href":"https:\/\/labogen.com\/fr\/wp-json\/wp\/v2\/users\/5"}],"replies":[{"embeddable":true,"href":"https:\/\/labogen.com\/fr\/wp-json\/wp\/v2\/comments?post=269884"}],"version-history":[{"count":9,"href":"https:\/\/labogen.com\/fr\/wp-json\/wp\/v2\/pages\/269884\/revisions"}],"predecessor-version":[{"id":277669,"href":"https:\/\/labogen.com\/fr\/wp-json\/wp\/v2\/pages\/269884\/revisions\/277669"}],"wp:attachment":[{"href":"https:\/\/labogen.com\/fr\/wp-json\/wp\/v2\/media?parent=269884"}],"curies":[{"name":"wp","href":"https:\/\/api.w.org\/{rel}","templated":true}]}}