{"id":269319,"date":"2024-07-29T13:00:52","date_gmt":"2024-07-29T11:00:52","guid":{"rendered":"https:\/\/staging.laboklin.com\/labogen\/labogen_wp\/index.php\/profil-adn-chat\/"},"modified":"2024-09-20T17:10:53","modified_gmt":"2024-09-20T15:10:53","slug":"profil-adn-chat","status":"publish","type":"page","link":"https:\/\/labogen.com\/fr\/profil-adn\/profil-adn-chat\/","title":{"rendered":"Profil ADN &#8211; CHAT"},"content":{"rendered":"\t\t<div data-elementor-type=\"wp-page\" data-elementor-id=\"269319\" class=\"elementor elementor-269319 elementor-9836\">\n\t\t\t\t<div class=\"elementor-element elementor-element-00ebb5c e-flex e-con-boxed e-con e-parent\" data-id=\"00ebb5c\" data-element_type=\"container\">\n\t\t\t\t\t<div class=\"e-con-inner\">\n\t\t<div class=\"elementor-element elementor-element-d27cf25 e-con-full e-flex e-con e-child\" data-id=\"d27cf25\" data-element_type=\"container\">\n\t\t\t\t<div class=\"elementor-element elementor-element-a2d474e elementor-hidden-mobile elementor-widget elementor-widget-heading\" data-id=\"a2d474e\" data-element_type=\"widget\" data-widget_type=\"heading.default\">\n\t\t\t\t<div class=\"elementor-widget-container\">\n\t\t\t<h1 class=\"elementor-heading-title elementor-size-default\">Profil ADN du chat<\/h1>\t\t<\/div>\n\t\t\t\t<\/div>\n\t\t\t\t<div class=\"elementor-element elementor-element-89b96bf elementor-widget elementor-widget-text-editor\" data-id=\"89b96bf\" data-element_type=\"widget\" data-widget_type=\"text-editor.default\">\n\t\t\t\t<div class=\"elementor-widget-container\">\n\t\t\t\t\t\t\t<h4><strong>Description g\u00e9n\u00e9rale<\/strong><\/h4>\n<p><span style=\"color: #800000;\">Le profil ADN des chats est bas\u00e9 sur des segments d&rsquo;ADN de longueur variable. Il s&rsquo;agit de l&#8217;empreinte g\u00e9n\u00e9tique inalt\u00e9rable et inviolable de votre animal, qui permet une identification unique avec une probabilit\u00e9 de 99,99 %. Le profil analyse 17 marqueurs STR conform\u00e9ment aux directives de l&rsquo;ISAG et offre une comparabilit\u00e9 internationale. Tous les profils sont enregistr\u00e9s dans notre base de donn\u00e9es ADN.<\/span><\/p>\n<h4><strong><span style=\"color: #e51e1e;\">Races<\/span><\/strong><\/h4>\n<p>Toutes les races<\/p>\n\t\t\t\t\t\t<\/div>\n\t\t\t\t<\/div>\n\t\t\t\t<\/div>\n\t\t<div class=\"elementor-element elementor-element-871f095 e-con-full e-flex e-con e-child\" data-id=\"871f095\" data-element_type=\"container\">\n\t\t\t\t<div class=\"elementor-element elementor-element-028c241 elementor-invisible elementor-widget elementor-widget-toggle\" data-id=\"028c241\" data-element_type=\"widget\" data-settings=\"{&quot;_animation&quot;:&quot;slideInUp&quot;,&quot;_animation_delay&quot;:1500}\" data-widget_type=\"toggle.default\">\n\t\t\t\t<div class=\"elementor-widget-container\">\n\t\t\t\t\t<div class=\"elementor-toggle\">\n\t\t\t\t\t\t\t<div class=\"elementor-toggle-item\">\n\t\t\t\t\t<h6 id=\"elementor-tab-title-2671\" class=\"elementor-tab-title\" data-tab=\"1\" role=\"button\" aria-controls=\"elementor-tab-content-2671\" aria-expanded=\"false\">\n\t\t\t\t\t\t\t\t\t\t\t\t<span class=\"elementor-toggle-icon elementor-toggle-icon-left\" aria-hidden=\"true\">\n\t\t\t\t\t\t\t\t\t\t\t\t\t\t\t<span class=\"elementor-toggle-icon-closed\"><svg class=\"e-font-icon-svg e-far-plus-square\" viewBox=\"0 0 448 512\" xmlns=\"http:\/\/www.w3.org\/2000\/svg\"><path d=\"M352 240v32c0 6.6-5.4 12-12 12h-88v88c0 6.6-5.4 12-12 12h-32c-6.6 0-12-5.4-12-12v-88h-88c-6.6 0-12-5.4-12-12v-32c0-6.6 5.4-12 12-12h88v-88c0-6.6 5.4-12 12-12h32c6.6 0 12 5.4 12 12v88h88c6.6 0 12 5.4 12 12zm96-160v352c0 26.5-21.5 48-48 48H48c-26.5 0-48-21.5-48-48V80c0-26.5 21.5-48 48-48h352c26.5 0 48 21.5 48 48zm-48 346V86c0-3.3-2.7-6-6-6H54c-3.3 0-6 2.7-6 6v340c0 3.3 2.7 6 6 6h340c3.3 0 6-2.7 6-6z\"><\/path><\/svg><\/span>\n\t\t\t\t\t\t\t\t<span class=\"elementor-toggle-icon-opened\"><svg class=\"elementor-toggle-icon-opened e-font-icon-svg e-far-minus-square\" viewBox=\"0 0 448 512\" xmlns=\"http:\/\/www.w3.org\/2000\/svg\"><path d=\"M108 284c-6.6 0-12-5.4-12-12v-32c0-6.6 5.4-12 12-12h232c6.6 0 12 5.4 12 12v32c0 6.6-5.4 12-12 12H108zM448 80v352c0 26.5-21.5 48-48 48H48c-26.5 0-48-21.5-48-48V80c0-26.5 21.5-48 48-48h352c26.5 0 48 21.5 48 48zm-48 346V86c0-3.3-2.7-6-6-6H54c-3.3 0-6 2.7-6 6v340c0 3.3 2.7 6 6 6h340c3.3 0 6-2.7 6-6z\"><\/path><\/svg><\/span>\n\t\t\t\t\t\t\t\t\t\t\t\t\t<\/span>\n\t\t\t\t\t\t\t\t\t\t\t\t<a class=\"elementor-toggle-title\" tabindex=\"0\">D\u00e9tails de la commande<\/a>\n\t\t\t\t\t<\/h6>\n\n\t\t\t\t\t<div id=\"elementor-tab-content-2671\" class=\"elementor-tab-content elementor-clearfix\" data-tab=\"1\" role=\"region\" aria-labelledby=\"elementor-tab-title-2671\"><table border=\"0\">\n<tbody>\n<tr>\n<td width=\"45%\"><span style=\"color: #e51e1e;\"><strong>Num\u00e9ro de test <\/strong><\/span><\/td>\n<td>8175<\/td>\n<\/tr>\n<tr>\n<td><strong>Noms triviaux<\/strong><\/td>\n<td>Genetic fingerprint \/ Empreinte g\u00e9n\u00e9tique<\/td>\n<\/tr>\n<tr>\n<td><span style=\"color: #e51e1e;\"><strong>Mat\u00e9riel de pr\u00e9l\u00e8vement<\/strong><\/span><\/td>\n<td>0,5 ml de sang EDTA, 2x frottis de joue, 1x frottis sp\u00e9cial (eNAT)<\/td>\n<\/tr>\n<tr>\n<td><strong>Dur\u00e9e du test<\/strong><\/td>\n<td>14-21 jours ouvrables<\/td>\n<\/tr>\n<\/tbody>\n<\/table>\n<\/div>\n\t\t\t\t<\/div>\n\t\t\t\t\t\t\t<div class=\"elementor-toggle-item\">\n\t\t\t\t\t<h6 id=\"elementor-tab-title-2672\" class=\"elementor-tab-title\" data-tab=\"2\" role=\"button\" aria-controls=\"elementor-tab-content-2672\" aria-expanded=\"false\">\n\t\t\t\t\t\t\t\t\t\t\t\t<span class=\"elementor-toggle-icon elementor-toggle-icon-left\" aria-hidden=\"true\">\n\t\t\t\t\t\t\t\t\t\t\t\t\t\t\t<span class=\"elementor-toggle-icon-closed\"><svg class=\"e-font-icon-svg e-far-plus-square\" viewBox=\"0 0 448 512\" xmlns=\"http:\/\/www.w3.org\/2000\/svg\"><path d=\"M352 240v32c0 6.6-5.4 12-12 12h-88v88c0 6.6-5.4 12-12 12h-32c-6.6 0-12-5.4-12-12v-88h-88c-6.6 0-12-5.4-12-12v-32c0-6.6 5.4-12 12-12h88v-88c0-6.6 5.4-12 12-12h32c6.6 0 12 5.4 12 12v88h88c6.6 0 12 5.4 12 12zm96-160v352c0 26.5-21.5 48-48 48H48c-26.5 0-48-21.5-48-48V80c0-26.5 21.5-48 48-48h352c26.5 0 48 21.5 48 48zm-48 346V86c0-3.3-2.7-6-6-6H54c-3.3 0-6 2.7-6 6v340c0 3.3 2.7 6 6 6h340c3.3 0 6-2.7 6-6z\"><\/path><\/svg><\/span>\n\t\t\t\t\t\t\t\t<span class=\"elementor-toggle-icon-opened\"><svg class=\"elementor-toggle-icon-opened e-font-icon-svg e-far-minus-square\" viewBox=\"0 0 448 512\" xmlns=\"http:\/\/www.w3.org\/2000\/svg\"><path d=\"M108 284c-6.6 0-12-5.4-12-12v-32c0-6.6 5.4-12 12-12h232c6.6 0 12 5.4 12 12v32c0 6.6-5.4 12-12 12H108zM448 80v352c0 26.5-21.5 48-48 48H48c-26.5 0-48-21.5-48-48V80c0-26.5 21.5-48 48-48h352c26.5 0 48 21.5 48 48zm-48 346V86c0-3.3-2.7-6-6-6H54c-3.3 0-6 2.7-6 6v340c0 3.3 2.7 6 6 6h340c3.3 0 6-2.7 6-6z\"><\/path><\/svg><\/span>\n\t\t\t\t\t\t\t\t\t\t\t\t\t<\/span>\n\t\t\t\t\t\t\t\t\t\t\t\t<a class=\"elementor-toggle-title\" tabindex=\"0\">Sp\u00e9cifications Test<\/a>\n\t\t\t\t\t<\/h6>\n\n\t\t\t\t\t<div id=\"elementor-tab-content-2672\" class=\"elementor-tab-content elementor-clearfix\" data-tab=\"2\" role=\"region\" aria-labelledby=\"elementor-tab-title-2672\"><table border=\"0\">\n<tbody>\n<tr>\n<td width=\"45%\"><span style=\"color: #e51e1e;\"><strong>Marqueur<\/strong><\/span><\/td>\n<td>17 STRs<\/td>\n<\/tr>\n<tr>\n<td><strong>Standard<\/strong><\/td>\n<td>ISAG <\/td>\n<\/tr>\n<\/tbody>\n<\/table>\n<\/div>\n\t\t\t\t<\/div>\n\t\t\t\t\t\t\t\t<\/div>\n\t\t\t\t<\/div>\n\t\t\t\t<\/div>\n\t\t\t\t<div class=\"elementor-element elementor-element-26ebbbd elementor-align-right elementor-invisible elementor-widget elementor-widget-ibutton\" data-id=\"26ebbbd\" data-element_type=\"widget\" data-settings=\"{&quot;_animation&quot;:&quot;slideInRight&quot;,&quot;_animation_delay&quot;:3000}\" data-widget_type=\"ibutton.default\">\n\t\t\t\t<div class=\"elementor-widget-container\">\n\t\t\t\t\t<div class=\"ot-button\">\r\n\t\t\t<a href=\"http:\/\/mercur:8904\/\" class=\"octf-btn octf-btn-dark\"><strong>Commandez maintenant ...<\/strong><\/a>\r\n\t    <\/div>\r\n\t    \t\t<\/div>\n\t\t\t\t<\/div>\n\t\t\t\t<\/div>\n\t\t\t\t\t<\/div>\n\t\t\t\t<\/div>\n\t\t<div class=\"elementor-element elementor-element-749f93b e-flex e-con-boxed e-con e-parent\" data-id=\"749f93b\" data-element_type=\"container\">\n\t\t\t\t\t<div class=\"e-con-inner\">\n\t\t<div class=\"elementor-element elementor-element-5137529 e-con-full e-flex e-con e-child\" data-id=\"5137529\" data-element_type=\"container\">\n\t\t\t\t<div class=\"elementor-element elementor-element-2611500 elementor-widget elementor-widget-toggle\" data-id=\"2611500\" data-element_type=\"widget\" data-widget_type=\"toggle.default\">\n\t\t\t\t<div class=\"elementor-widget-container\">\n\t\t\t\t\t<div class=\"elementor-toggle\">\n\t\t\t\t\t\t\t<div class=\"elementor-toggle-item\">\n\t\t\t\t\t<h5 id=\"elementor-tab-title-3991\" class=\"elementor-tab-title\" data-tab=\"1\" role=\"button\" aria-controls=\"elementor-tab-content-3991\" aria-expanded=\"false\">\n\t\t\t\t\t\t\t\t\t\t\t\t<span class=\"elementor-toggle-icon elementor-toggle-icon-left\" aria-hidden=\"true\">\n\t\t\t\t\t\t\t\t\t\t\t\t\t\t\t<span class=\"elementor-toggle-icon-closed\"><svg class=\"e-font-icon-svg e-fas-chevron-down\" viewBox=\"0 0 448 512\" xmlns=\"http:\/\/www.w3.org\/2000\/svg\"><path d=\"M207.029 381.476L12.686 187.132c-9.373-9.373-9.373-24.569 0-33.941l22.667-22.667c9.357-9.357 24.522-9.375 33.901-.04L224 284.505l154.745-154.021c9.379-9.335 24.544-9.317 33.901.04l22.667 22.667c9.373 9.373 9.373 24.569 0 33.941L240.971 381.476c-9.373 9.372-24.569 9.372-33.942 0z\"><\/path><\/svg><\/span>\n\t\t\t\t\t\t\t\t<span class=\"elementor-toggle-icon-opened\"><svg class=\"elementor-toggle-icon-opened e-font-icon-svg e-fas-chevron-up\" viewBox=\"0 0 448 512\" xmlns=\"http:\/\/www.w3.org\/2000\/svg\"><path d=\"M240.971 130.524l194.343 194.343c9.373 9.373 9.373 24.569 0 33.941l-22.667 22.667c-9.357 9.357-24.522 9.375-33.901.04L224 227.495 69.255 381.516c-9.379 9.335-24.544 9.317-33.901-.04l-22.667-22.667c-9.373-9.373-9.373-24.569 0-33.941L207.03 130.525c9.372-9.373 24.568-9.373 33.941-.001z\"><\/path><\/svg><\/span>\n\t\t\t\t\t\t\t\t\t\t\t\t\t<\/span>\n\t\t\t\t\t\t\t\t\t\t\t\t<a class=\"elementor-toggle-title\" tabindex=\"0\">Description d\u00e9taill\u00e9e<\/a>\n\t\t\t\t\t<\/h5>\n\n\t\t\t\t\t<div id=\"elementor-tab-content-3991\" class=\"elementor-tab-content elementor-clearfix\" data-tab=\"1\" role=\"region\" aria-labelledby=\"elementor-tab-title-3991\"><p>Le profil ADN du chat est l&#8217;empreinte g\u00e9n\u00e9tique de votre animal. Il ne peut pas \u00eatre manipul\u00e9 ou perdu, reste inchang\u00e9 tout au long de la vie et permet d&rsquo;identifier clairement l&rsquo;individu (par exemple pour l&rsquo;autorisation d&rsquo;\u00e9levage, en cas de litige, pour un test de paternit\u00e9). Tous les profils ADN sont stock\u00e9s dans notre base de donn\u00e9es ADN, ce qui garantit une disponibilit\u00e9 continue. Le profil ADN a une probabilit\u00e9 sup\u00e9rieure \u00e0 99,99% d&rsquo;\u00eatre unique. La seule exception \u00e0 cette r\u00e8gle est la naissance de vrais jumeaux.<\/p>\n<p>Le principe du profil ADN repose sur l&rsquo;\u00e9tude de segments d&rsquo;ADN tr\u00e8s variables (microsatellites) qui diff\u00e8rent entre les individus par leur longueur (polymorphisme de longueur). L&rsquo;ensemble des microsatellites combin\u00e9s donne un profil ADN unique pour chaque individu.<\/p>\n<p>Pour \u00e9tablir un profil ADN, on commence par isoler le patrimoine g\u00e9n\u00e9tique de l&rsquo;animal, l&rsquo;ADN, \u00e0 partir de cellules nucl\u00e9\u00e9es. Ensuite, les zones d&rsquo;ADN \u00e0 analyser sont amplifi\u00e9es des millions de fois \u00e0 l&rsquo;aide de la r\u00e9action en cha\u00eene par polym\u00e9rase (PCR). La longueur des microsatellites peut \u00eatre d\u00e9termin\u00e9e par une analyse assist\u00e9e par ordinateur dans le \u00ab\u00a0Genetic Analyzer\u00a0\u00bb. \u00c0 partir de ces donn\u00e9es, une formule num\u00e9rique individuelle et reproductible est ensuite \u00e9tablie pour chaque animal.<\/p>\n<p>Le profil ADN f\u00e9lin suit les directives recommand\u00e9es par l&rsquo;ISAG (International Society for Animal Genetics) en analysant 17 marqueurs microsatellites &#8211; \u00e9galement appel\u00e9s marqueurs STR (Short Tandem Repeats) &#8211; et en permettant une comparabilit\u00e9 internationale entre les laboratoires.<\/p>\n<\/div>\n\t\t\t\t<\/div>\n\t\t\t\t\t\t\t\t<\/div>\n\t\t\t\t<\/div>\n\t\t\t\t<\/div>\n\t\t\t\t<\/div>\n\t\t\t\t\t<\/div>\n\t\t\t\t<\/div>\n\t\t<div class=\"elementor-element elementor-element-4b49ac9 e-flex e-con-boxed e-con e-parent\" data-id=\"4b49ac9\" data-element_type=\"container\">\n\t\t\t\t\t<div class=\"e-con-inner\">\n\t\t\t\t<div class=\"elementor-element elementor-element-624b79d elementor-widget elementor-widget-spacer\" data-id=\"624b79d\" data-element_type=\"widget\" data-widget_type=\"spacer.default\">\n\t\t\t\t<div class=\"elementor-widget-container\">\n\t\t\t\t\t<div class=\"elementor-spacer\">\n\t\t\t<div class=\"elementor-spacer-inner\"><\/div>\n\t\t<\/div>\n\t\t\t\t<\/div>\n\t\t\t\t<\/div>\n\t\t\t\t\t<\/div>\n\t\t\t\t<\/div>\n\t\t\t\t<\/div>\n\t\t","protected":false},"excerpt":{"rendered":"<p>Profil ADN du chat Description g\u00e9n\u00e9rale Le profil ADN des chats est bas\u00e9 sur des segments d&rsquo;ADN de longueur variable. Il s&rsquo;agit de l&#8217;empreinte g\u00e9n\u00e9tique inalt\u00e9rable et inviolable de votre animal, qui permet une identification unique avec une probabilit\u00e9 de 99,99 %. Le profil analyse 17 marqueurs STR conform\u00e9ment aux directives de l&rsquo;ISAG et offre [&hellip;]<\/p>\n","protected":false},"author":5,"featured_media":0,"parent":269901,"menu_order":45,"comment_status":"closed","ping_status":"closed","template":"","meta":{"footnotes":""},"class_list":["post-269319","page","type-page","status-publish","hentry"],"_links":{"self":[{"href":"https:\/\/labogen.com\/fr\/wp-json\/wp\/v2\/pages\/269319","targetHints":{"allow":["GET"]}}],"collection":[{"href":"https:\/\/labogen.com\/fr\/wp-json\/wp\/v2\/pages"}],"about":[{"href":"https:\/\/labogen.com\/fr\/wp-json\/wp\/v2\/types\/page"}],"author":[{"embeddable":true,"href":"https:\/\/labogen.com\/fr\/wp-json\/wp\/v2\/users\/5"}],"replies":[{"embeddable":true,"href":"https:\/\/labogen.com\/fr\/wp-json\/wp\/v2\/comments?post=269319"}],"version-history":[{"count":2,"href":"https:\/\/labogen.com\/fr\/wp-json\/wp\/v2\/pages\/269319\/revisions"}],"predecessor-version":[{"id":270096,"href":"https:\/\/labogen.com\/fr\/wp-json\/wp\/v2\/pages\/269319\/revisions\/270096"}],"up":[{"embeddable":true,"href":"https:\/\/labogen.com\/fr\/wp-json\/wp\/v2\/pages\/269901"}],"wp:attachment":[{"href":"https:\/\/labogen.com\/fr\/wp-json\/wp\/v2\/media?parent=269319"}],"curies":[{"name":"wp","href":"https:\/\/api.w.org\/{rel}","templated":true}]}}