{"id":269317,"date":"2024-07-29T13:01:14","date_gmt":"2024-07-29T11:01:14","guid":{"rendered":"https:\/\/staging.laboklin.com\/labogen\/labogen_wp\/index.php\/profil-adn-cheval\/"},"modified":"2024-09-26T16:22:39","modified_gmt":"2024-09-26T14:22:39","slug":"profil-adn-cheval","status":"publish","type":"page","link":"https:\/\/labogen.com\/fr\/profil-adn\/profil-adn-cheval\/","title":{"rendered":"Profil ADN &#8211; CHEVAL"},"content":{"rendered":"\t\t<div data-elementor-type=\"wp-page\" data-elementor-id=\"269317\" class=\"elementor elementor-269317 elementor-9838\">\n\t\t\t\t<div class=\"elementor-element elementor-element-5ddabbb e-flex e-con-boxed e-con e-parent\" data-id=\"5ddabbb\" data-element_type=\"container\">\n\t\t\t\t\t<div class=\"e-con-inner\">\n\t\t<div class=\"elementor-element elementor-element-28386a3 e-con-full e-flex e-con e-child\" data-id=\"28386a3\" data-element_type=\"container\">\n\t\t\t\t<div class=\"elementor-element elementor-element-4c67847 elementor-hidden-mobile elementor-widget elementor-widget-heading\" data-id=\"4c67847\" data-element_type=\"widget\" data-widget_type=\"heading.default\">\n\t\t\t\t<div class=\"elementor-widget-container\">\n\t\t\t<h1 class=\"elementor-heading-title elementor-size-default\">Profil ADN cheval<\/h1>\t\t<\/div>\n\t\t\t\t<\/div>\n\t\t\t\t<div class=\"elementor-element elementor-element-d21ff76 elementor-widget elementor-widget-text-editor\" data-id=\"d21ff76\" data-element_type=\"widget\" data-widget_type=\"text-editor.default\">\n\t\t\t\t<div class=\"elementor-widget-container\">\n\t\t\t\t\t\t\t<h4><strong>Description g\u00e9n\u00e9rale<\/strong><\/h4>\n<p><span style=\"color: #800000;\">Le profil ADN des chevaux est bas\u00e9 sur des segments d&rsquo;ADN variables qui diff\u00e8rent par leur longueur. Ces microsatellites donnent un profil unique pour chaque animal, \u00e9galement appel\u00e9 empreinte g\u00e9n\u00e9tique. Le profil ADN a plus de 99,99% de chances d&rsquo;\u00eatre unique, \u00e0 l&rsquo;exception des vrais multipares. Il sert donc \u00e0 identifier un animal sans aucun doute possible et constitue \u00e9galement la base d&rsquo;une v\u00e9rification de l&rsquo;ascendance. Pour \u00e9tablir le profil ADN, 17 marqueurs STR sont analys\u00e9s conform\u00e9ment aux directives de l&rsquo;ISAG, qui sont comparables au niveau international. Tous les profils sont enregistr\u00e9s dans notre base de donn\u00e9es ADN.<\/span><\/p>\n<h4><strong><span style=\"color: #e51e1e;\">Races<\/span><\/strong><\/h4>\n<p>Toutes les races<\/p>\t\t\t\t\t\t<\/div>\n\t\t\t\t<\/div>\n\t\t\t\t<\/div>\n\t\t<div class=\"elementor-element elementor-element-090e032 e-con-full e-flex e-con e-child\" data-id=\"090e032\" data-element_type=\"container\">\n\t\t\t\t<div class=\"elementor-element elementor-element-0544bfb elementor-invisible elementor-widget elementor-widget-toggle\" data-id=\"0544bfb\" data-element_type=\"widget\" data-settings=\"{&quot;_animation&quot;:&quot;slideInUp&quot;,&quot;_animation_delay&quot;:1500}\" data-widget_type=\"toggle.default\">\n\t\t\t\t<div class=\"elementor-widget-container\">\n\t\t\t\t\t<div class=\"elementor-toggle\">\n\t\t\t\t\t\t\t<div class=\"elementor-toggle-item\">\n\t\t\t\t\t<h6 id=\"elementor-tab-title-5521\" class=\"elementor-tab-title\" data-tab=\"1\" role=\"button\" aria-controls=\"elementor-tab-content-5521\" aria-expanded=\"false\">\n\t\t\t\t\t\t\t\t\t\t\t\t<span class=\"elementor-toggle-icon elementor-toggle-icon-left\" aria-hidden=\"true\">\n\t\t\t\t\t\t\t\t\t\t\t\t\t\t\t<span class=\"elementor-toggle-icon-closed\"><svg class=\"e-font-icon-svg e-far-plus-square\" viewBox=\"0 0 448 512\" xmlns=\"http:\/\/www.w3.org\/2000\/svg\"><path d=\"M352 240v32c0 6.6-5.4 12-12 12h-88v88c0 6.6-5.4 12-12 12h-32c-6.6 0-12-5.4-12-12v-88h-88c-6.6 0-12-5.4-12-12v-32c0-6.6 5.4-12 12-12h88v-88c0-6.6 5.4-12 12-12h32c6.6 0 12 5.4 12 12v88h88c6.6 0 12 5.4 12 12zm96-160v352c0 26.5-21.5 48-48 48H48c-26.5 0-48-21.5-48-48V80c0-26.5 21.5-48 48-48h352c26.5 0 48 21.5 48 48zm-48 346V86c0-3.3-2.7-6-6-6H54c-3.3 0-6 2.7-6 6v340c0 3.3 2.7 6 6 6h340c3.3 0 6-2.7 6-6z\"><\/path><\/svg><\/span>\n\t\t\t\t\t\t\t\t<span class=\"elementor-toggle-icon-opened\"><svg class=\"elementor-toggle-icon-opened e-font-icon-svg e-far-minus-square\" viewBox=\"0 0 448 512\" xmlns=\"http:\/\/www.w3.org\/2000\/svg\"><path d=\"M108 284c-6.6 0-12-5.4-12-12v-32c0-6.6 5.4-12 12-12h232c6.6 0 12 5.4 12 12v32c0 6.6-5.4 12-12 12H108zM448 80v352c0 26.5-21.5 48-48 48H48c-26.5 0-48-21.5-48-48V80c0-26.5 21.5-48 48-48h352c26.5 0 48 21.5 48 48zm-48 346V86c0-3.3-2.7-6-6-6H54c-3.3 0-6 2.7-6 6v340c0 3.3 2.7 6 6 6h340c3.3 0 6-2.7 6-6z\"><\/path><\/svg><\/span>\n\t\t\t\t\t\t\t\t\t\t\t\t\t<\/span>\n\t\t\t\t\t\t\t\t\t\t\t\t<a class=\"elementor-toggle-title\" tabindex=\"0\">D\u00e9tails de la commande<\/a>\n\t\t\t\t\t<\/h6>\n\n\t\t\t\t\t<div id=\"elementor-tab-content-5521\" class=\"elementor-tab-content elementor-clearfix\" data-tab=\"1\" role=\"region\" aria-labelledby=\"elementor-tab-title-5521\"><table border=\"0\">\n<tbody>\n<tr>\n<td width=\"45%\"><span style=\"color: #e51e1e;\"><strong>Num\u00e9ro de test<\/strong><\/span><\/td>\n<td>8607<\/td>\n<\/tr>\n<tr>\n<td><strong>Noms triviaux<\/strong><\/td>\n<td>Genetic fingerprint \/ Empreinte g\u00e9n\u00e9tique<\/td>\n<\/tr>\n<tr>\n<td><span style=\"color: #e51e1e;\"><strong>Mat\u00e9riel de pr\u00e9l\u00e8vement<\/strong><\/span><\/td>\n<td>0,5 ml EDTA Sang, crins de la crini\u00e8re ou de la queue (arrach\u00e9s avec la racine du crinl)<\/td>\n<\/tr>\n<tr>\n<td><strong>Dur\u00e9e du test<\/strong><\/td>\n<td>14-21 jours ouvrables<\/td>\n<\/tr>\n<\/tbody>\n<\/table>\n<\/div>\n\t\t\t\t<\/div>\n\t\t\t\t\t\t\t<div class=\"elementor-toggle-item\">\n\t\t\t\t\t<h6 id=\"elementor-tab-title-5522\" class=\"elementor-tab-title\" data-tab=\"2\" role=\"button\" aria-controls=\"elementor-tab-content-5522\" aria-expanded=\"false\">\n\t\t\t\t\t\t\t\t\t\t\t\t<span class=\"elementor-toggle-icon elementor-toggle-icon-left\" aria-hidden=\"true\">\n\t\t\t\t\t\t\t\t\t\t\t\t\t\t\t<span class=\"elementor-toggle-icon-closed\"><svg class=\"e-font-icon-svg e-far-plus-square\" viewBox=\"0 0 448 512\" xmlns=\"http:\/\/www.w3.org\/2000\/svg\"><path d=\"M352 240v32c0 6.6-5.4 12-12 12h-88v88c0 6.6-5.4 12-12 12h-32c-6.6 0-12-5.4-12-12v-88h-88c-6.6 0-12-5.4-12-12v-32c0-6.6 5.4-12 12-12h88v-88c0-6.6 5.4-12 12-12h32c6.6 0 12 5.4 12 12v88h88c6.6 0 12 5.4 12 12zm96-160v352c0 26.5-21.5 48-48 48H48c-26.5 0-48-21.5-48-48V80c0-26.5 21.5-48 48-48h352c26.5 0 48 21.5 48 48zm-48 346V86c0-3.3-2.7-6-6-6H54c-3.3 0-6 2.7-6 6v340c0 3.3 2.7 6 6 6h340c3.3 0 6-2.7 6-6z\"><\/path><\/svg><\/span>\n\t\t\t\t\t\t\t\t<span class=\"elementor-toggle-icon-opened\"><svg class=\"elementor-toggle-icon-opened e-font-icon-svg e-far-minus-square\" viewBox=\"0 0 448 512\" xmlns=\"http:\/\/www.w3.org\/2000\/svg\"><path d=\"M108 284c-6.6 0-12-5.4-12-12v-32c0-6.6 5.4-12 12-12h232c6.6 0 12 5.4 12 12v32c0 6.6-5.4 12-12 12H108zM448 80v352c0 26.5-21.5 48-48 48H48c-26.5 0-48-21.5-48-48V80c0-26.5 21.5-48 48-48h352c26.5 0 48 21.5 48 48zm-48 346V86c0-3.3-2.7-6-6-6H54c-3.3 0-6 2.7-6 6v340c0 3.3 2.7 6 6 6h340c3.3 0 6-2.7 6-6z\"><\/path><\/svg><\/span>\n\t\t\t\t\t\t\t\t\t\t\t\t\t<\/span>\n\t\t\t\t\t\t\t\t\t\t\t\t<a class=\"elementor-toggle-title\" tabindex=\"0\">Sp\u00e9cifications Test<\/a>\n\t\t\t\t\t<\/h6>\n\n\t\t\t\t\t<div id=\"elementor-tab-content-5522\" class=\"elementor-tab-content elementor-clearfix\" data-tab=\"2\" role=\"region\" aria-labelledby=\"elementor-tab-title-5522\"><table border=\"0\">\n<tbody>\n<tr>\n<td width=\"45%\"><span style=\"color: #e51e1e;\"><strong>Marqueur<\/strong><\/span><\/td>\n<td>17 STRs<\/td>\n<\/tr>\n<tr>\n<td><strong>Standard<\/strong><\/td>\n<td>ISAG<\/td>\n<\/tr>\n<\/tbody>\n<\/table>\n<\/div>\n\t\t\t\t<\/div>\n\t\t\t\t\t\t\t\t<\/div>\n\t\t\t\t<\/div>\n\t\t\t\t<\/div>\n\t\t\t\t<div class=\"elementor-element elementor-element-5c2bac8 elementor-align-right elementor-invisible elementor-widget elementor-widget-ibutton\" data-id=\"5c2bac8\" data-element_type=\"widget\" data-settings=\"{&quot;_animation&quot;:&quot;slideInRight&quot;,&quot;_animation_delay&quot;:3000}\" data-widget_type=\"ibutton.default\">\n\t\t\t\t<div class=\"elementor-widget-container\">\n\t\t\t\t\t<div class=\"ot-button\">\r\n\t\t\t<a href=\"http:\/\/mercur:8904\/\" class=\"octf-btn octf-btn-dark\"><strong>Commandez maintenant ...<\/strong><\/a>\r\n\t    <\/div>\r\n\t    \t\t<\/div>\n\t\t\t\t<\/div>\n\t\t\t\t<\/div>\n\t\t\t\t\t<\/div>\n\t\t\t\t<\/div>\n\t\t<div class=\"elementor-element elementor-element-ed322c3 e-flex e-con-boxed e-con e-parent\" data-id=\"ed322c3\" data-element_type=\"container\">\n\t\t\t\t\t<div class=\"e-con-inner\">\n\t\t<div class=\"elementor-element elementor-element-060e001 e-con-full e-flex e-con e-child\" data-id=\"060e001\" data-element_type=\"container\">\n\t\t\t\t<div class=\"elementor-element elementor-element-d7cd1a7 elementor-widget elementor-widget-toggle\" data-id=\"d7cd1a7\" data-element_type=\"widget\" data-widget_type=\"toggle.default\">\n\t\t\t\t<div class=\"elementor-widget-container\">\n\t\t\t\t\t<div class=\"elementor-toggle\">\n\t\t\t\t\t\t\t<div class=\"elementor-toggle-item\">\n\t\t\t\t\t<h5 id=\"elementor-tab-title-2261\" class=\"elementor-tab-title\" data-tab=\"1\" role=\"button\" aria-controls=\"elementor-tab-content-2261\" aria-expanded=\"false\">\n\t\t\t\t\t\t\t\t\t\t\t\t<span class=\"elementor-toggle-icon elementor-toggle-icon-left\" aria-hidden=\"true\">\n\t\t\t\t\t\t\t\t\t\t\t\t\t\t\t<span class=\"elementor-toggle-icon-closed\"><svg class=\"e-font-icon-svg e-fas-chevron-down\" viewBox=\"0 0 448 512\" xmlns=\"http:\/\/www.w3.org\/2000\/svg\"><path d=\"M207.029 381.476L12.686 187.132c-9.373-9.373-9.373-24.569 0-33.941l22.667-22.667c9.357-9.357 24.522-9.375 33.901-.04L224 284.505l154.745-154.021c9.379-9.335 24.544-9.317 33.901.04l22.667 22.667c9.373 9.373 9.373 24.569 0 33.941L240.971 381.476c-9.373 9.372-24.569 9.372-33.942 0z\"><\/path><\/svg><\/span>\n\t\t\t\t\t\t\t\t<span class=\"elementor-toggle-icon-opened\"><svg class=\"elementor-toggle-icon-opened e-font-icon-svg e-fas-chevron-up\" viewBox=\"0 0 448 512\" xmlns=\"http:\/\/www.w3.org\/2000\/svg\"><path d=\"M240.971 130.524l194.343 194.343c9.373 9.373 9.373 24.569 0 33.941l-22.667 22.667c-9.357 9.357-24.522 9.375-33.901.04L224 227.495 69.255 381.516c-9.379 9.335-24.544 9.317-33.901-.04l-22.667-22.667c-9.373-9.373-9.373-24.569 0-33.941L207.03 130.525c9.372-9.373 24.568-9.373 33.941-.001z\"><\/path><\/svg><\/span>\n\t\t\t\t\t\t\t\t\t\t\t\t\t<\/span>\n\t\t\t\t\t\t\t\t\t\t\t\t<a class=\"elementor-toggle-title\" tabindex=\"0\">Description d\u00e9taill\u00e9e<\/a>\n\t\t\t\t\t<\/h5>\n\n\t\t\t\t\t<div id=\"elementor-tab-content-2261\" class=\"elementor-tab-content elementor-clearfix\" data-tab=\"1\" role=\"region\" aria-labelledby=\"elementor-tab-title-2261\"><p>Le profil ADN cheval est l&#8217;empreinte g\u00e9n\u00e9tique de votre animal. Il ne peut pas \u00eatre manipul\u00e9 ou perdu, reste inchang\u00e9 tout au long de la vie et permet d&rsquo;identifier clairement l&rsquo;individu (par exemple pour l&rsquo;autorisation d&rsquo;\u00e9levage, en cas de litige, pour un test de paternit\u00e9). Tous les profils ADN sont stock\u00e9s dans notre base de donn\u00e9es ADN, ce qui garantit une disponibilit\u00e9 continue. Le profil ADN a une probabilit\u00e9 sup\u00e9rieure \u00e0 99,99% d&rsquo;\u00eatre unique.<\/p>\n<p>Le principe du profil ADN repose sur l&rsquo;\u00e9tude de segments d&rsquo;ADN tr\u00e8s variables (microsatellites) qui diff\u00e8rent entre les individus par leur longueur (polymorphisme de longueur). L&rsquo;ensemble des microsatellites combin\u00e9s donne un profil ADN unique pour chaque individu.<\/p>\n<p>Le profil ADN cheval est \u00e9tabli conform\u00e9ment aux directives de l&rsquo;ISAG (International Society for Animal Genetics), ce qui permet une comparaison internationale entre les profils ADN de diff\u00e9rents laboratoires. 17 marqueurs microsatellites, \u00e9galement appel\u00e9s marqueurs STR (Short Tandem Repeats), sont analys\u00e9s pour le profil ADN du cheval.<\/p>\n<p>Pour \u00e9tablir un profil ADN, on commence par isoler le patrimoine g\u00e9n\u00e9tique de l&rsquo;animal (ADN) \u00e0 partir de cellules nucl\u00e9\u00e9es. Ensuite, les zones de l&rsquo;ADN \u00e0 analyser sont amplifi\u00e9es des millions de fois \u00e0 l&rsquo;aide de la r\u00e9action en cha\u00eene par polym\u00e9rase (PCR). La longueur des microsatellites peut \u00eatre d\u00e9termin\u00e9e par une analyse assist\u00e9e par ordinateur dans le \u00ab\u00a0Genetic Analyzer\u00a0\u00bb. Une formule num\u00e9rique individuelle et reproductible est ensuite \u00e9tablie pour chaque animal \u00e0 partir de ces donn\u00e9es.<\/p>\n<\/div>\n\t\t\t\t<\/div>\n\t\t\t\t\t\t\t\t<\/div>\n\t\t\t\t<\/div>\n\t\t\t\t<\/div>\n\t\t\t\t<\/div>\n\t\t\t\t\t<\/div>\n\t\t\t\t<\/div>\n\t\t<div class=\"elementor-element elementor-element-a01b969 e-flex e-con-boxed e-con e-parent\" data-id=\"a01b969\" data-element_type=\"container\">\n\t\t\t\t\t<div class=\"e-con-inner\">\n\t\t\t\t<div class=\"elementor-element elementor-element-8cc8bbc elementor-widget elementor-widget-spacer\" data-id=\"8cc8bbc\" data-element_type=\"widget\" data-widget_type=\"spacer.default\">\n\t\t\t\t<div class=\"elementor-widget-container\">\n\t\t\t\t\t<div class=\"elementor-spacer\">\n\t\t\t<div class=\"elementor-spacer-inner\"><\/div>\n\t\t<\/div>\n\t\t\t\t<\/div>\n\t\t\t\t<\/div>\n\t\t\t\t\t<\/div>\n\t\t\t\t<\/div>\n\t\t\t\t<\/div>\n\t\t","protected":false},"excerpt":{"rendered":"<p>Profil ADN cheval Description g\u00e9n\u00e9rale Le profil ADN des chevaux est bas\u00e9 sur des segments d&rsquo;ADN variables qui diff\u00e8rent par leur longueur. Ces microsatellites donnent un profil unique pour chaque animal, \u00e9galement appel\u00e9 empreinte g\u00e9n\u00e9tique. Le profil ADN a plus de 99,99% de chances d&rsquo;\u00eatre unique, \u00e0 l&rsquo;exception des vrais multipares. Il sert donc \u00e0 [&hellip;]<\/p>\n","protected":false},"author":5,"featured_media":0,"parent":269901,"menu_order":46,"comment_status":"closed","ping_status":"closed","template":"","meta":{"footnotes":""},"class_list":["post-269317","page","type-page","status-publish","hentry"],"_links":{"self":[{"href":"https:\/\/labogen.com\/fr\/wp-json\/wp\/v2\/pages\/269317","targetHints":{"allow":["GET"]}}],"collection":[{"href":"https:\/\/labogen.com\/fr\/wp-json\/wp\/v2\/pages"}],"about":[{"href":"https:\/\/labogen.com\/fr\/wp-json\/wp\/v2\/types\/page"}],"author":[{"embeddable":true,"href":"https:\/\/labogen.com\/fr\/wp-json\/wp\/v2\/users\/5"}],"replies":[{"embeddable":true,"href":"https:\/\/labogen.com\/fr\/wp-json\/wp\/v2\/comments?post=269317"}],"version-history":[{"count":3,"href":"https:\/\/labogen.com\/fr\/wp-json\/wp\/v2\/pages\/269317\/revisions"}],"predecessor-version":[{"id":271982,"href":"https:\/\/labogen.com\/fr\/wp-json\/wp\/v2\/pages\/269317\/revisions\/271982"}],"up":[{"embeddable":true,"href":"https:\/\/labogen.com\/fr\/wp-json\/wp\/v2\/pages\/269901"}],"wp:attachment":[{"href":"https:\/\/labogen.com\/fr\/wp-json\/wp\/v2\/media?parent=269317"}],"curies":[{"name":"wp","href":"https:\/\/api.w.org\/{rel}","templated":true}]}}