{"id":9765,"date":"2024-06-26T13:33:11","date_gmt":"2024-06-26T11:33:11","guid":{"rendered":"https:\/\/staging.laboklin.com\/labogen\/labogen_wp\/index.php\/versand-und-zahlung\/"},"modified":"2024-09-26T12:03:33","modified_gmt":"2024-09-26T10:03:33","slug":"toimitus-ja-maksu","status":"publish","type":"page","link":"https:\/\/labogen.com\/fi\/toimitus-ja-maksu\/","title":{"rendered":"TOIMITUS JA MAKSU"},"content":{"rendered":"\t\t<div data-elementor-type=\"wp-page\" data-elementor-id=\"9765\" class=\"elementor elementor-9765 elementor-6326\">\n\t\t\t\t<div class=\"elementor-element elementor-element-ab6c338 e-flex e-con-boxed e-con e-parent\" data-id=\"ab6c338\" data-element_type=\"container\">\n\t\t\t\t\t<div class=\"e-con-inner\">\n\t\t\t\t<div class=\"elementor-element elementor-element-4137fdb elementor-widget elementor-widget-heading\" data-id=\"4137fdb\" data-element_type=\"widget\" data-widget_type=\"heading.default\">\n\t\t\t\t<div class=\"elementor-widget-container\">\n\t\t\t<h2 class=\"elementor-heading-title elementor-size-default\">Toimitustiedot<\/h2>\t\t<\/div>\n\t\t\t\t<\/div>\n\t\t\t\t<div class=\"elementor-element elementor-element-1644407 elementor-widget elementor-widget-text-editor\" data-id=\"1644407\" data-element_type=\"widget\" data-widget_type=\"text-editor.default\">\n\t\t\t\t<div class=\"elementor-widget-container\">\n\t\t\t\t\t\t\t<p>Testipakkaukset toimitetaan maksutta.  <\/p>\t\t\t\t\t\t<\/div>\n\t\t\t\t<\/div>\n\t\t\t\t\t<\/div>\n\t\t\t\t<\/div>\n\t\t<div class=\"elementor-element elementor-element-cd27c81 e-flex e-con-boxed e-con e-parent\" data-id=\"cd27c81\" data-element_type=\"container\">\n\t\t\t\t\t<div class=\"e-con-inner\">\n\t\t<div class=\"elementor-element elementor-element-a5c51ab e-con-full e-flex e-con e-child\" data-id=\"a5c51ab\" data-element_type=\"container\">\n\t\t\t\t<div class=\"elementor-element elementor-element-fdf5ae5 elementor-widget elementor-widget-text-editor\" data-id=\"fdf5ae5\" data-element_type=\"widget\" data-widget_type=\"text-editor.default\">\n\t\t\t\t<div class=\"elementor-widget-container\">\n\t\t\t\t\t\t\t<p>Belgien 8,00 \u20ac<br \/>Bulgarien 8,00 \u20ac<br \/>D\u00e4nemark 10,00 \u20ac<br \/>Deutschland 6,00 \u20ac<br \/>Estland 8,00 \u20ac<br \/>Finnland 8,00 \u20ac<br \/>Frankreich 8,00 \u20ac<br \/>Griechenland 8,00 \u20ac<br \/>Irland 8,00 \u20ac<br \/>Island 16,00 \u20ac<br \/>Italien 10,00 \u20ac<br \/>Kroatien 8,00 \u20ac<br \/>Lettland 8,00 \u20ac<br \/>Litauen 8,00 \u20ac<\/p>\n\t\t\t\t\t\t<\/div>\n\t\t\t\t<\/div>\n\t\t\t\t<\/div>\n\t\t<div class=\"elementor-element elementor-element-f1ab573 e-con-full e-flex e-con e-child\" data-id=\"f1ab573\" data-element_type=\"container\">\n\t\t\t\t<div class=\"elementor-element elementor-element-4e125fc elementor-widget elementor-widget-text-editor\" data-id=\"4e125fc\" data-element_type=\"widget\" data-widget_type=\"text-editor.default\">\n\t\t\t\t<div class=\"elementor-widget-container\">\n\t\t\t\t\t\t\t<p>Luxemburg 8,00 \u20ac<br \/>Niederlande 8,00 \u20ac<br \/>Norwegen 10,00 \u20ac<br \/>\u00d6sterreich 8,00 \u20ac<br \/>Polen 10,00 \u20ac<br \/>Portugal 8,00 \u20ac<br \/>Rum\u00e4nien 8,00 \u20ac<br \/>Schweden 16,00 \u20ac<br \/>Slowenien 8,00 \u20ac<br \/>Spanien 14,00 \u20ac<br \/>Tschechische Republik 8,00 \u20ac<br \/>Ungarn 8,00 \u20ac<br \/>Andere EU L\u00e4nder: 8,00 \u20ac<\/p>\n\t\t\t\t\t\t<\/div>\n\t\t\t\t<\/div>\n\t\t\t\t<\/div>\n\t\t\t\t\t<\/div>\n\t\t\t\t<\/div>\n\t\t<div class=\"elementor-element elementor-element-35a986e e-flex e-con-boxed e-con e-parent\" data-id=\"35a986e\" data-element_type=\"container\">\n\t\t\t\t\t<div class=\"e-con-inner\">\n\t\t\t\t<div class=\"elementor-element elementor-element-9d5adcf elementor-widget elementor-widget-text-editor\" data-id=\"9d5adcf\" data-element_type=\"widget\" data-widget_type=\"text-editor.default\">\n\t\t\t\t<div class=\"elementor-widget-container\">\n\t\t\t\t\t\t\t<p><span style=\"color: #e51e1e;\">Wie lange dauert die Zustellung meines Pakets?<\/span><\/p>\n<p>Je nach gew\u00e4hlter Versandart (Warenpost international oder &#8221;Express&#8221;) und dem Lieferland, ist die Lieferzeit wie folgt:<\/p>\n\t\t\t\t\t\t<\/div>\n\t\t\t\t<\/div>\n\t\t\t\t\t<\/div>\n\t\t\t\t<\/div>\n\t\t<div class=\"elementor-element elementor-element-ac9bc1c e-flex e-con-boxed e-con e-parent\" data-id=\"ac9bc1c\" data-element_type=\"container\">\n\t\t\t\t\t<div class=\"e-con-inner\">\n\t\t<div class=\"elementor-element elementor-element-b520716 e-con-full e-flex e-con e-child\" data-id=\"b520716\" data-element_type=\"container\">\n\t\t\t\t<div class=\"elementor-element elementor-element-ce6dc7a elementor-widget elementor-widget-text-editor\" data-id=\"ce6dc7a\" data-element_type=\"widget\" data-widget_type=\"text-editor.default\">\n\t\t\t\t<div class=\"elementor-widget-container\">\n\t\t\t\t\t\t\t<table width=\"\">\n<tbody>\n<tr>\n<td width=\"33%\">\u00a0<\/td>\n<td width=\"33%\"><strong>Warenpost (International)<\/strong><\/td>\n<td width=\"33%\"><strong>&#8221;Express&#8221;<\/strong><\/td>\n<\/tr>\n<tr>\n<td>Belgien<\/td>\n<td>4-5<\/td>\n<td>2<\/td>\n<\/tr>\n<tr>\n<td>Bulgarien<\/td>\n<td>6-8<\/td>\n<td>4<\/td>\n<\/tr>\n<tr>\n<td>D\u00e4nemark<\/td>\n<td>5-6<\/td>\n<td>3<\/td>\n<\/tr>\n<tr>\n<td>Deutschland<\/td>\n<td>3-5<\/td>\n<td>1-2<\/td>\n<\/tr>\n<tr>\n<td>Estland<\/td>\n<td>5-7<\/td>\n<td>5<\/td>\n<\/tr>\n<tr>\n<td>Finnland<\/td>\n<td>8-10<\/td>\n<td>4<\/td>\n<\/tr>\n<tr>\n<td>Frankreich<\/td>\n<td>5-7<\/td>\n<td>4<\/td>\n<\/tr>\n<tr>\n<td>Griechenland<\/td>\n<td>8-10<\/td>\n<td>6<\/td>\n<\/tr>\n<tr>\n<td>Irland<\/td>\n<td>5-7<\/td>\n<td>4<\/td>\n<\/tr>\n<tr>\n<td>Italien<\/td>\n<td>4-6<\/td>\n<td>4<\/td>\n<\/tr>\n<tr>\n<td>Kroatien<\/td>\n<td>5-7<\/td>\n<td>4<\/td>\n<\/tr>\n<tr>\n<td>Lettland<\/td>\n<td>5-7<\/td>\n<td>4<\/td>\n<\/tr>\n<tr>\n<td>Litauen<\/td>\n<td>5-6<\/td>\n<td>4<\/td>\n<\/tr>\n<tr>\n<td>Luxemburg<\/td>\n<td>4-6<\/td>\n<td>2<\/td>\n<\/tr>\n<\/tbody>\n<\/table>\n\t\t\t\t\t\t<\/div>\n\t\t\t\t<\/div>\n\t\t\t\t<\/div>\n\t\t<div class=\"elementor-element elementor-element-98dabbc e-con-full e-flex e-con e-child\" data-id=\"98dabbc\" data-element_type=\"container\">\n\t\t\t\t<div class=\"elementor-element elementor-element-71ee8e4 elementor-widget elementor-widget-text-editor\" data-id=\"71ee8e4\" data-element_type=\"widget\" data-widget_type=\"text-editor.default\">\n\t\t\t\t<div class=\"elementor-widget-container\">\n\t\t\t\t\t\t\t<table width=\"\">\n<tbody>\n<tr>\n<td width=\"33%\">\u00a0<\/td>\n<td width=\"33%\"><strong>Warenpost (International)<\/strong><\/td>\n<td width=\"33%\"><strong>&#8221;Express&#8221;<\/strong><\/td>\n<\/tr>\n<tr>\n<td>Malta<\/td>\n<td>10-12<\/td>\n<td>\u00a0<\/td>\n<\/tr>\n<tr>\n<td>Niederlande<\/td>\n<td>3-4<\/td>\n<td>2<\/td>\n<\/tr>\n<tr>\n<td>\u00d6sterreich<\/td>\n<td>3-4<\/td>\n<td>3<\/td>\n<\/tr>\n<tr>\n<td>Polen<\/td>\n<td>5-7<\/td>\n<td>3<\/td>\n<\/tr>\n<tr>\n<td>Portugal<\/td>\n<td>6-10<\/td>\n<td>4<\/td>\n<\/tr>\n<tr>\n<td>Rum\u00e4nien<\/td>\n<td>8-10<\/td>\n<td>4<\/td>\n<\/tr>\n<tr>\n<td>Schweden<\/td>\n<td>6-8<\/td>\n<td>3<\/td>\n<\/tr>\n<tr>\n<td>Slowakei<\/td>\n<td>4-6<\/td>\n<td>4<\/td>\n<\/tr>\n<tr>\n<td>Slowenien<\/td>\n<td>5-6<\/td>\n<td>3<\/td>\n<\/tr>\n<tr>\n<td>Spanien<\/td>\n<td>6-7<\/td>\n<td>5<\/td>\n<\/tr>\n<tr>\n<td>Tschechische Republik<\/td>\n<td>4-6<\/td>\n<td>3<\/td>\n<\/tr>\n<tr>\n<td>Ungarn<\/td>\n<td>4-5<\/td>\n<td>3<\/td>\n<\/tr>\n<tr>\n<td>Zypern<\/td>\n<td>10-12<\/td>\n<td>\u00a0<\/td>\n<\/tr>\n<\/tbody>\n<\/table>\n\t\t\t\t\t\t<\/div>\n\t\t\t\t<\/div>\n\t\t\t\t<\/div>\n\t\t\t\t\t<\/div>\n\t\t\t\t<\/div>\n\t\t<div class=\"elementor-element elementor-element-4958890 e-flex e-con-boxed e-con e-parent\" data-id=\"4958890\" data-element_type=\"container\">\n\t\t\t\t\t<div class=\"e-con-inner\">\n\t\t\t\t<div class=\"elementor-element elementor-element-35d02d4 elementor-widget elementor-widget-heading\" data-id=\"35d02d4\" data-element_type=\"widget\" data-widget_type=\"heading.default\">\n\t\t\t\t<div class=\"elementor-widget-container\">\n\t\t\t<h2 class=\"elementor-heading-title elementor-size-default\">Maksutiedot<\/h2>\t\t<\/div>\n\t\t\t\t<\/div>\n\t\t\t\t<div class=\"elementor-element elementor-element-d6d2c83 elementor-widget elementor-widget-text-editor\" data-id=\"d6d2c83\" data-element_type=\"widget\" data-widget_type=\"text-editor.default\">\n\t\t\t\t<div class=\"elementor-widget-container\">\n\t\t\t\t\t\t\t<p>Tuotesivuilla ilmoitetut hinnat sis\u00e4lt\u00e4v\u00e4t lakis\u00e4\u00e4teisen arvonlis\u00e4veron ja muut hintakomponentit. Maksu voidaan suorittaa PayPal Plus -palvelun kautta (PayPal, luottokortti tai SEPA-suoraveloitus). Jos maksat luottokortilla, tili\u00e4si veloitetaan, kun tilaus on viimeistelty.  <\/p>\n\t\t\t\t\t\t<\/div>\n\t\t\t\t<\/div>\n\t\t\t\t\t<\/div>\n\t\t\t\t<\/div>\n\t\t<div class=\"elementor-element elementor-element-543c977 e-flex e-con-boxed e-con e-parent\" data-id=\"543c977\" data-element_type=\"container\">\n\t\t\t\t\t<div class=\"e-con-inner\">\n\t\t\t\t<div class=\"elementor-element elementor-element-e0d4175 elementor-widget elementor-widget-spacer\" data-id=\"e0d4175\" data-element_type=\"widget\" data-widget_type=\"spacer.default\">\n\t\t\t\t<div class=\"elementor-widget-container\">\n\t\t\t\t\t<div class=\"elementor-spacer\">\n\t\t\t<div class=\"elementor-spacer-inner\"><\/div>\n\t\t<\/div>\n\t\t\t\t<\/div>\n\t\t\t\t<\/div>\n\t\t\t\t\t<\/div>\n\t\t\t\t<\/div>\n\t\t<div class=\"elementor-element elementor-element-276ab5f e-flex e-con-boxed e-con e-parent\" data-id=\"276ab5f\" data-element_type=\"container\">\n\t\t\t\t\t<div class=\"e-con-inner\">\n\t\t\t\t<div class=\"elementor-element elementor-element-2fccbe3 elementor-widget elementor-widget-spacer\" data-id=\"2fccbe3\" data-element_type=\"widget\" data-widget_type=\"spacer.default\">\n\t\t\t\t<div class=\"elementor-widget-container\">\n\t\t\t\t\t<div class=\"elementor-spacer\">\n\t\t\t<div class=\"elementor-spacer-inner\"><\/div>\n\t\t<\/div>\n\t\t\t\t<\/div>\n\t\t\t\t<\/div>\n\t\t\t\t\t<\/div>\n\t\t\t\t<\/div>\n\t\t\t\t<\/div>\n\t\t","protected":false},"excerpt":{"rendered":"<p>Toimitustiedot Testipakkaukset toimitetaan maksutta. Belgien 8,00 \u20acBulgarien 8,00 \u20acD\u00e4nemark 10,00 \u20acDeutschland 6,00 \u20acEstland 8,00 \u20acFinnland 8,00 \u20acFrankreich 8,00 \u20acGriechenland 8,00 \u20acIrland 8,00 \u20acIsland 16,00 \u20acItalien 10,00 \u20acKroatien 8,00 \u20acLettland 8,00 \u20acLitauen 8,00 \u20ac Luxemburg 8,00 \u20acNiederlande 8,00 \u20acNorwegen 10,00 \u20ac\u00d6sterreich 8,00 \u20acPolen 10,00 \u20acPortugal 8,00 \u20acRum\u00e4nien 8,00 \u20acSchweden 16,00 \u20acSlowenien 8,00 \u20acSpanien 14,00 \u20acTschechische Republik [&hellip;]<\/p>\n","protected":false},"author":5,"featured_media":0,"parent":0,"menu_order":68,"comment_status":"closed","ping_status":"closed","template":"","meta":{"footnotes":""},"class_list":["post-9765","page","type-page","status-publish","hentry"],"_links":{"self":[{"href":"https:\/\/labogen.com\/fi\/wp-json\/wp\/v2\/pages\/9765","targetHints":{"allow":["GET"]}}],"collection":[{"href":"https:\/\/labogen.com\/fi\/wp-json\/wp\/v2\/pages"}],"about":[{"href":"https:\/\/labogen.com\/fi\/wp-json\/wp\/v2\/types\/page"}],"author":[{"embeddable":true,"href":"https:\/\/labogen.com\/fi\/wp-json\/wp\/v2\/users\/5"}],"replies":[{"embeddable":true,"href":"https:\/\/labogen.com\/fi\/wp-json\/wp\/v2\/comments?post=9765"}],"version-history":[{"count":21,"href":"https:\/\/labogen.com\/fi\/wp-json\/wp\/v2\/pages\/9765\/revisions"}],"predecessor-version":[{"id":275274,"href":"https:\/\/labogen.com\/fi\/wp-json\/wp\/v2\/pages\/9765\/revisions\/275274"}],"wp:attachment":[{"href":"https:\/\/labogen.com\/fi\/wp-json\/wp\/v2\/media?parent=9765"}],"curies":[{"name":"wp","href":"https:\/\/api.w.org\/{rel}","templated":true}]}}