{"id":9744,"date":"2024-07-02T10:13:05","date_gmt":"2024-07-02T08:13:05","guid":{"rendered":"https:\/\/staging.laboklin.com\/labogen\/labogen_wp\/index.php\/impressum\/"},"modified":"2024-08-26T16:27:47","modified_gmt":"2024-08-26T14:27:47","slug":"tietoja-sivustosta","status":"publish","type":"page","link":"https:\/\/labogen.com\/fi\/tietoja-sivustosta\/","title":{"rendered":"Tietoja sivustosta"},"content":{"rendered":"\t\t<div data-elementor-type=\"wp-page\" data-elementor-id=\"9744\" class=\"elementor elementor-9744 elementor-6493\">\n\t\t\t\t<div class=\"elementor-element elementor-element-6ec4682 e-flex e-con-boxed e-con e-parent\" data-id=\"6ec4682\" data-element_type=\"container\">\n\t\t\t\t\t<div class=\"e-con-inner\">\n\t\t\t\t<div class=\"elementor-element elementor-element-7ca1996 elementor-widget elementor-widget-text-editor\" data-id=\"7ca1996\" data-element_type=\"widget\" data-widget_type=\"text-editor.default\">\n\t\t\t\t<div class=\"elementor-widget-container\">\n\t\t\t\t\t\t\t<h2><strong>LABOGEN<\/strong><\/h2><p><strong>on osa<\/strong><br \/><span style=\"color: #e51e1e;\"><strong>LABOKLIN GMBH & CO.KG<\/strong><\/span><br \/><span style=\"color: #e51e1e;\"><strong>Kliinisen diagnostiikan laboratoriota<\/strong><\/span><\/p><p>Steubenstra\u00dfe 4<br \/>97688 Bad Kissingen<br \/>Saksa<\/p><p>Telephone: +49 (0)971 72020<br \/>S\u00e4hk\u00f6postiosoite:\u00a0<a href=\"mailto:labogen@laboklin.com\">labogen@laboklin.com<\/a><br \/><br \/>Rekister\u00f6intinumero: HR A 3631<br \/>Kaupparekisteri: CH \u2013 27.9.001.076-4<br \/>ALV-numero: DE206897824<br \/>Kauppakamarin j\u00e4senyys:\u00a0<a href=\"http:\/\/www.bltk.de\/\" target=\"_blank\" rel=\"nofollow noopener\">Bayerische Landestier\u00e4rztekammer<\/a><br \/><br \/><strong>Sis\u00e4lt\u00f6vastuu Saksan telemedialain (TMG) \u00a7 5 ja Valtioiden v\u00e4lisen l\u00e4hetyssopimuksen (para. 2 RStV) 55 \u00a7 mukaisesti: :<\/strong><br \/>Dr Elisabeth M\u00fcller (yrityksen johto)<\/p><p>Euroopan komission verkkov\u00e4litteinen riidanratkaisu:\u00a0<a href=\"https:\/\/ec.europa.eu\/consumers\/odr\" rel=\"nofollow noopener\">https:\/\/ec.europa.eu\/consumers\/odr<\/a><\/p>\t\t\t\t\t\t<\/div>\n\t\t\t\t<\/div>\n\t\t\t\t\t<\/div>\n\t\t\t\t<\/div>\n\t\t<div class=\"elementor-element elementor-element-c668a47 e-flex e-con-boxed e-con e-parent\" data-id=\"c668a47\" data-element_type=\"container\">\n\t\t\t\t\t<div class=\"e-con-inner\">\n\t\t\t\t<div class=\"elementor-element elementor-element-cc9f7b6 elementor-widget elementor-widget-spacer\" data-id=\"cc9f7b6\" data-element_type=\"widget\" data-widget_type=\"spacer.default\">\n\t\t\t\t<div class=\"elementor-widget-container\">\n\t\t\t\t\t<div class=\"elementor-spacer\">\n\t\t\t<div class=\"elementor-spacer-inner\"><\/div>\n\t\t<\/div>\n\t\t\t\t<\/div>\n\t\t\t\t<\/div>\n\t\t\t\t\t<\/div>\n\t\t\t\t<\/div>\n\t\t\t\t<\/div>\n\t\t","protected":false},"excerpt":{"rendered":"<p>LABOGEN on osaLABOKLIN GMBH &#038; CO.KGKliinisen diagnostiikan laboratoriota Steubenstra\u00dfe 497688 Bad KissingenSaksa Telephone: +49 (0)971 72020S\u00e4hk\u00f6postiosoite:\u00a0labogen@laboklin.com Rekister\u00f6intinumero: HR A 3631Kaupparekisteri: CH \u2013 27.9.001.076-4ALV-numero: DE206897824Kauppakamarin j\u00e4senyys:\u00a0Bayerische Landestier\u00e4rztekammer Sis\u00e4lt\u00f6vastuu Saksan telemedialain (TMG) \u00a7 5 ja Valtioiden v\u00e4lisen l\u00e4hetyssopimuksen (para. 2 RStV) 55 \u00a7 mukaisesti: :Dr Elisabeth M\u00fcller (yrityksen johto) Euroopan komission verkkov\u00e4litteinen riidanratkaisu:\u00a0https:\/\/ec.europa.eu\/consumers\/odr<\/p>\n","protected":false},"author":5,"featured_media":0,"parent":0,"menu_order":69,"comment_status":"closed","ping_status":"closed","template":"","meta":{"footnotes":""},"class_list":["post-9744","page","type-page","status-publish","hentry"],"_links":{"self":[{"href":"https:\/\/labogen.com\/fi\/wp-json\/wp\/v2\/pages\/9744","targetHints":{"allow":["GET"]}}],"collection":[{"href":"https:\/\/labogen.com\/fi\/wp-json\/wp\/v2\/pages"}],"about":[{"href":"https:\/\/labogen.com\/fi\/wp-json\/wp\/v2\/types\/page"}],"author":[{"embeddable":true,"href":"https:\/\/labogen.com\/fi\/wp-json\/wp\/v2\/users\/5"}],"replies":[{"embeddable":true,"href":"https:\/\/labogen.com\/fi\/wp-json\/wp\/v2\/comments?post=9744"}],"version-history":[{"count":10,"href":"https:\/\/labogen.com\/fi\/wp-json\/wp\/v2\/pages\/9744\/revisions"}],"predecessor-version":[{"id":12199,"href":"https:\/\/labogen.com\/fi\/wp-json\/wp\/v2\/pages\/9744\/revisions\/12199"}],"wp:attachment":[{"href":"https:\/\/labogen.com\/fi\/wp-json\/wp\/v2\/media?parent=9744"}],"curies":[{"name":"wp","href":"https:\/\/api.w.org\/{rel}","templated":true}]}}