{"id":9633,"date":"2024-07-02T10:21:58","date_gmt":"2024-07-02T08:21:58","guid":{"rendered":"https:\/\/staging.laboklin.com\/labogen\/labogen_wp\/index.php\/agb\/"},"modified":"2024-09-24T20:23:47","modified_gmt":"2024-09-24T18:23:47","slug":"kayttoehdot","status":"publish","type":"page","link":"https:\/\/labogen.com\/fi\/kayttoehdot\/","title":{"rendered":"AGB:n"},"content":{"rendered":"\t\t<div data-elementor-type=\"wp-page\" data-elementor-id=\"9633\" class=\"elementor elementor-9633 elementor-6502\">\n\t\t\t\t<div class=\"elementor-element elementor-element-a32b898 e-flex e-con-boxed e-con e-parent\" data-id=\"a32b898\" data-element_type=\"container\">\n\t\t\t\t\t<div class=\"e-con-inner\">\n\t\t\t\t<div class=\"elementor-element elementor-element-c31e91b elementor-widget elementor-widget-text-editor\" data-id=\"c31e91b\" data-element_type=\"widget\" data-widget_type=\"text-editor.default\">\n\t\t\t\t<div class=\"elementor-widget-container\">\n\t\t\t\t\t\t\t<h2 class=\"western\">LABOKLIN GmbH &amp; Co. KG:n yleiset ehdot ja edellytykset<\/h2>\n<p class=\"western\"><span style=\"color: #e51e1e;\"><strong>1. yleist\u00e4 &#8211; soveltamisala<\/strong><\/span><\/p>\n<p class=\"western\">1.1.<br \/>\nDie vorliegenden Allgemeinen Gesch\u00e4ftsbedingungen (AGB) gelten f\u00fcr den Abschluss und die Durchf\u00fchrung aller Vertr\u00e4ge, welche die Firma LABOKLIN GmbH &amp; Co. KG, Steubenstra\u00dfe 4, 97688 Bad Kissingen mit ihrem Auftraggeber \/ Kunden zum Zwecke von Laboruntersuchungen abschlie\u00dft. <\/p>\n<p class=\"western\">1.2.<br \/>\nMit der Auftragserteilung an die LABOKLIN GmbH &amp; Co. KG gelten diese AGB als anerkannt, wenn nicht der Kunde bei Auftragserteilung ihrer Geltung ausdr\u00fccklich widerspricht. <\/p>\n<p class=\"western\">1.3.<br \/>\nAlle Vereinbarungen und Leistungen der LABOKLIN GmbH &amp; Co. KG erfolgen ausschlie\u00dflich auf Grundlage der folgenden Regelungen unter Ausschluss entgegenstehender AGB des Auftraggebers \/ Kunden.<br \/>\nSie werden auch Vertragsinhalt, wenn der Auftraggeber \/ Kunde von diesen AGB abweichende Bedingungen verwendet.<br \/>\nAbweichende Bedingungen des Auftraggebers \/ Kunden bed\u00fcrfen zu Ihrer Wirksamkeit der ausdr\u00fccklichen schriftlichen Best\u00e4tigung der LABOKLIN GmbH &amp; Co. KG.<br \/>\nSie finden auch dann keine Anwendung, wenn die LABOKLIN GmbH &amp; Co. KG nicht ausdr\u00fccklich widerspricht oder der Auftraggeber \/ Kunde erkl\u00e4rt, nur zu seinen Bedingungen einen Vertrag schlie\u00dfen zu wollen.    <\/p>\n<p class=\"western\">1.4.<br \/>\nVertr\u00e4ge werden ausschlie\u00dflich mit Unternehmern geschlossen.<br \/>\nUnternehmer sind gem.<br \/>\n\u00a7 14 nat\u00fcrliche oder juristische Personen oder eine rechtsf\u00e4hige Personengesellschaft, die bei Abschluss eines Rechtsgesch\u00e4fts in Aus\u00fcbung ihrer gewerblichen oder selbst\u00e4ndigen beruflichen T\u00e4tigkeit handelt.   <\/p>\n<p class=\"western\"><strong> <\/strong><\/p>\n<p class=\"western\"><span style=\"color: #e51e1e;\"><strong>2 Sopimuksen tekeminen &#8211; sopimuksen sis\u00e4lt\u00f6<\/strong><\/span><\/p>\n<p class=\"western\">2.1.<br \/>\nAlle Angebote der LABOKLIN GmbH &amp; Co. KG sind freibleibend und unverbindlich. <\/p>\n<p class=\"western\">2.2.<br \/>\nDer Vertrag \u00fcber die Erbringung einer Dienstleistung kommt erst dann zustande, wenn eine Probe zusammen mit einem Untersuchungsauftrag bei der LABOKLIN GmbH &amp; Co. KG eingeht und von dieser angenommen wird.<br \/>\nVerlangt die LABOKLIN GmbH &amp; Co. KG bei Eingang der Probe mit dem Untersuchungsauftrag mittlerweile einen h\u00f6heren Preis f\u00fcr die Untersuchung, dann wird sie dies dem Auftraggeber mitteilen.<br \/>\nDies stellt dann ein neues Angebot zum Abschluss eines Vertrages dar.<br \/>\nAn dieses Angebot f\u00fchlt sich LABOKLIN GmbH &amp; Co.KG f\u00fcr 10 Tage gebunden.<br \/>\nNimmt der Auftraggeber das Angebot an, kommt der Vertrag direkt zustande.     <\/p>\n<p class=\"western\">2.3.<br \/>\nDer Vertrag wird zwischen der LABOKLIN GmbH &amp; Co. KG und der einsendenden Praxis, bzw. bei Unterschrift eines anderen Rechnungsempf\u00e4ngers mit diesem geschlossen. <\/p>\n<p>2.4 T\u00e4hdell\u00e4 merkityt palvelut tarjoaa alihankkija.<\/p>\n<p class=\"western\">2.5 LABOKLIN GmbH &amp; Co. KG:n painetuissa tiedotusv\u00e4lineiss\u00e4 ja verkkosivuilla olevat palvelukuvaukset eiv\u00e4t ole vakuutuksen tai takuun luonteisia.<\/p>\n<p class=\"western\"><span style=\"color: #e51e1e;\"><strong>3. toimitusajat &#8211; vastaanottolupa &#8211; viiv\u00e4stys<\/strong><\/span><\/p>\n<p class=\"western\">3.1.<br \/>\nDie \/ Der voraussichtliche Lieferzeit \/ Bearbeitungszeitraum f\u00fcr die zu erbringenden Laborarbeiten entnehmen Sie bitte den Angaben der Website www.laboklin.de.<br \/>\nEs wird ausdr\u00fccklich darauf hingewiesen, dass die genannten Lieferzeiten \/ Bearbeitungszeitr\u00e4ume unverbindlich sind und lediglich einen Anhaltspunkt f\u00fcr die \/ den voraussichtliche\/n betriebs\u00fcbliche\/n Lieferzeit \/ Bearbeitungszeitraum bilden.<br \/>\nEin Anspruch auf exakte Einhaltung der \/des Lieferzeiten \/ Bearbeitungszeitraumes besteht daher nicht.<br \/>\nF\u00fcr Verz\u00f6gerungen durch Fremdverschulden (Lieferanten, Post, Kurier) haftet die LABOKLIN GmbH &amp; Co. KG ausdr\u00fccklich nicht.    <\/p>\n<p class=\"western\">3.2.<br \/>\nDas Laborergebnis wird unabh\u00e4ngig vom Rechnungsempf\u00e4nger der einsendenden Praxis mitgeteilt- im Einzelfall kann auf Wunsch von Praxis und Tierhalter ein zus\u00e4tzlicher Versand des Ergebnisses an den Tierhalter erfolgen.<br \/>\nDie LABOKLIN GmbH &amp; Co. KG beh\u00e4lt sich vor, f\u00fcr den zus\u00e4tzlichen Verwaltungsaufwand Geb\u00fchren zu erheben.  <\/p>\n<p class=\"western\">3.3.<br \/>\nSind Auftraggeber und Rechnungsempf\u00e4nger identisch, so ist alleinig der Auftraggeber Tierarzt empfangsberechtigt f\u00fcr das Laborergebnis.<br \/>\nGibt der Auftraggeber Tierarzt als Rechnungsempf\u00e4nger den Tierhalter an, so kann das Untersuchungsergebnis neben dem Auftraggeber zus\u00e4tzlich dem Rechnungsempf\u00e4nger zugestellt werden.<br \/>\nLABOKLIN GmbH &amp; Co. KG beh\u00e4lt sich vor, die einsendende Praxis vorher dar\u00fcber in Kenntnis zu setzen.     <\/p>\n<p class=\"western\">3.4.<br \/>\nIm Falle einer Verz\u00f6gerung bei der Erstellung des Untersuchungsergebnisses, die das Labor nicht zu vertreten hat (z.B. technisch bedingte verl\u00e4ngerte Untersuchungszeit, verz\u00f6gerte Daten\u00fcbertragung), berechtigt eine verz\u00f6gerte Ergebnis\u00fcbermittlung nicht zur K\u00fcrzung des Rechnungsbetrags. <\/p>\n<p class=\"western\"><strong> <\/strong><\/p>\n<p class=\"western\"><span style=\"color: #e51e1e;\"><strong>4. osatoimitukset<\/strong><\/span><\/p>\n<p class=\"western\">LABOKLIN GmbH &amp; Co. KG:ll\u00e4 on oikeus tehd\u00e4 osatoimituksia.<\/p>\n<p class=\"western\"><strong> <\/strong><\/p>\n<p class=\"western\"><span style=\"color: #e51e1e;\"><strong>5. hinnat<\/strong><\/span><\/p>\n<p class=\"western\">Kaikki tiedustelupyynn\u00f6iss\u00e4 ilmoitetut hinnat ovat nettohintoja, joihin lis\u00e4t\u00e4\u00e4n arvonlis\u00e4vero. sovellettava lakis\u00e4\u00e4teinen arvonlis\u00e4vero. Suoraan karjanomistajalta laskutettaessa perit\u00e4\u00e4n 40 prosentin lis\u00e4maksu, jolla katetaan lis\u00e4\u00e4ntyneet hallintokustannukset. El\u00e4imen omistajalta voidaan laskuttaa vain, jos h\u00e4nell\u00e4 on voimassa oleva osoite ja allekirjoitus, jolla tilaus tunnustetaan. Muussa tapauksessa asiakas katsotaan laskun vastaanottajaksi.<\/p>\n<p class=\"western\"><span style=\"color: #e51e1e;\"><strong>6. korvaus \/ er\u00e4p\u00e4iv\u00e4 \/ laiminly\u00f6nti<\/strong><\/span><\/p>\n<p class=\"western\">6.1. Sovittu korvaus on maksettava viimeist\u00e4\u00e4n 14 p\u00e4iv\u00e4n kuluttua laskutuksesta.<\/p>\n<p class=\"western\">6.2. Maksun laiminly\u00f6nti tapahtuu ilman muistutusta viimeist\u00e4\u00e4n 30 p\u00e4iv\u00e4n kuluttua laskun vastaanottamisesta, ellei laiminly\u00f6nti ole tapahtunut aikaisemmin sopimuksen tai lain perusteella.<\/p>\n<p class=\"western\">6.3. Maksun laiminly\u00f6nnin sattuessa LABOKLIN GmbH &amp; Co. KG:ll\u00e4 on oikeus vaatia viiv\u00e4styskorkoa, joka on v\u00e4hint\u00e4\u00e4n 9 prosenttiyksikk\u00f6\u00e4 viiv\u00e4styshetkell\u00e4 voimassa olevasta peruskorosta.<\/p>\n<p class=\"western\"><strong> <\/strong><\/p>\n<p class=\"western\"><span style=\"color: #e51e1e;\"><strong>7. suoraveloitusten maksamatta j\u00e4tt\u00e4minen (suoraveloitus)<\/strong><\/span><\/p>\n<p class=\"western\">LABOKLIN veloittaa asiakkaalta 15,00 euron suuruisen k\u00e4sittelymaksun suoraveloituksista, joita ei hyv\u00e4ksyt\u00e4 riitt\u00e4m\u00e4tt\u00f6mien varojen tai vastalauseen vuoksi.<\/p>\n<p class=\"western\"><strong> <\/strong><\/p>\n<p class=\"western\"><span style=\"color: #e51e1e;\"><strong>8 Vastuu &#8211; vanhentuminen<\/strong><\/span><\/p>\n<p class=\"western\">8.1 LABOKLIN GmbH &amp; Co. KG on vastuussa vahingoista, jotka aiheutuvat <strong>olennaisten sopimusvelvoitteiden<\/strong> pelk\u00e4st\u00e4 huolimattomasta rikkomisesta. Yksinkertaisesta huolimattomuudesta johtuva vastuu ei koske sopimusvelvoitteiden rikkomista. T\u00e4m\u00e4 vastuunrajoitus ei koske tahallisuudesta tai t\u00f6rke\u00e4st\u00e4 huolimattomuudesta aiheutuneita vahinkoja. T\u00e4m\u00e4 vastuunrajoitus ei my\u00f6sk\u00e4\u00e4n koske vahinkoja, jotka johtuvat henki-, ruumiin- tai terveysvahingosta, jos LABOKLIN GmbH &amp; Co. KG on vastuussa velvollisuuden rikkomisesta. Vastuunrajoitus ei my\u00f6sk\u00e4\u00e4n koske vahinkoa, joka on aiheutunut vian vilpillisest\u00e4 salaamisesta.<\/p>\n<p class=\"western\">8.2. Vahingonkorvausvaatimukset, jotka johtuvat palveluvelvollisuuden laiminly\u00f6nnist\u00e4, sek\u00e4 virheit\u00e4 koskevat vaatimukset, mahdolliset kulukorvausvaatimukset ja turhien kulujen korvausvaatimukset vanhentuvat kahdentoista kuukauden kuluttua vanhentumisajan alkamisesta. T\u00e4m\u00e4 ei koske vahingonkorvausvaatimuksia, jotka koskevat hengen tai ruumiin vahingoittumista, eik\u00e4 vahingonkorvausvaatimuksia, jotka perustuvat tahallisuuteen, t\u00f6rke\u00e4\u00e4n huolimattomuuteen tai vian vilpilliseen salaamiseen.<\/p>\n<p class=\"western\">8.2. Jos laboratorio on vastuussa tutkimus- tai mittausvirheest\u00e4, joka johtuu laadunvalvonnan puutteesta, siirtovirheest\u00e4 tai vastaavasta inhimillisest\u00e4 virheest\u00e4 ja jota ei ole aiheutettu tahallisesti tai t\u00f6rke\u00e4ll\u00e4 huolimattomuudella, LABOKLIN GmbH &amp; Co. KG on vastuussa vain laboratorioty\u00f6n laskutuksen m\u00e4\u00e4r\u00e4\u00e4n asti.<\/p>\n<p class=\"western\">8.3. Laboratorio ei ole vastuussa metrologisesti oikeista tuloksista, jotka eiv\u00e4t heijasta el\u00e4imen terveydentilaa ep\u00e4suotuisista olosuhteista (esim. n\u00e4ytteen laatu) johtuen.<\/p>\n<p class=\"western\">8.4. Laboratorio ei ole nimenomaisesti vastuussa n\u00e4ytteen ja n\u00e4ytteen kohteena olevan el\u00e4imen tunnistetietojen vastaavuudesta.<\/p>\n<p class=\"western\"><strong> <\/strong><\/p>\n<p class=\"western\"><span style=\"color: #e51e1e;\"><strong>9. loppus\u00e4\u00e4nn\u00f6kset<\/strong><\/span><\/p>\n<p class=\"western\">9.1. Jos jokin edell\u00e4 mainituista sopimusm\u00e4\u00e4r\u00e4yksist\u00e4 on p\u00e4tem\u00e4t\u00f6n, se ei vaikuta muiden m\u00e4\u00e4r\u00e4ysten ja sopimuksen p\u00e4tevyyteen. P\u00e4tem\u00e4tt\u00f6m\u00e4t s\u00e4\u00e4nn\u00f6kset korvataan lakis\u00e4\u00e4teisill\u00e4 s\u00e4\u00e4nn\u00f6ksill\u00e4. Jos lakis\u00e4\u00e4teisi\u00e4 m\u00e4\u00e4r\u00e4yksi\u00e4 ei ole olemassa, sopimuspuolet sitoutuvat laatimaan uuden m\u00e4\u00e4r\u00e4yksen, joka vastaa mahdollisimman hyvin p\u00e4tem\u00e4tt\u00f6m\u00e4n m\u00e4\u00e4r\u00e4yksen taloudellista tarkoitusta.<\/p>\n<p class=\"western\">9.2. T\u00e4st\u00e4 sopimuksesta johtuvissa riitatapauksissa sovelletaan yksinomaan Saksan liittotasavallan lakia.<\/p>\n<p class=\"western\">9.3. LABOKLIN GmbH &amp; Co. KG:n Bad Kissingeniss\u00e4 sijaitsevan p\u00e4\u00e4konttorin tuomioistuin on yksinomaisesti paikallisesti toimivaltainen ratkaisemaan t\u00e4st\u00e4 sopimuksesta johtuvat oikeudelliset riidat ja testaustilaukseen liittyv\u00e4t muut oikeudelliset vaatimukset, edellytt\u00e4en, ett\u00e4 toimeksisaaja on kauppias.<\/p>\n<p class=\"western\">9.4. Kaikkien osapuolten osalta suorituspaikka on LABOKLIN GmbH &amp; Co. KG:n p\u00e4\u00e4konttori Bad Kissingeniss\u00e4.<\/p>\n<p>9.5 N\u00e4ytemateriaalia ja nimett\u00f6mi\u00e4 testituloksia voidaan k\u00e4ytt\u00e4\u00e4 tieteellisiin tutkimuksiin.<\/p>\n\t\t\t\t\t\t<\/div>\n\t\t\t\t<\/div>\n\t\t\t\t\t<\/div>\n\t\t\t\t<\/div>\n\t\t<div class=\"elementor-element elementor-element-78f2f26 e-flex e-con-boxed e-con e-parent\" data-id=\"78f2f26\" data-element_type=\"container\">\n\t\t\t\t\t<div class=\"e-con-inner\">\n\t\t\t\t<div class=\"elementor-element elementor-element-9ea1d3f elementor-widget elementor-widget-spacer\" data-id=\"9ea1d3f\" data-element_type=\"widget\" data-widget_type=\"spacer.default\">\n\t\t\t\t<div class=\"elementor-widget-container\">\n\t\t\t\t\t<div class=\"elementor-spacer\">\n\t\t\t<div class=\"elementor-spacer-inner\"><\/div>\n\t\t<\/div>\n\t\t\t\t<\/div>\n\t\t\t\t<\/div>\n\t\t\t\t\t<\/div>\n\t\t\t\t<\/div>\n\t\t\t\t<\/div>\n\t\t","protected":false},"excerpt":{"rendered":"<p>LABOKLIN GmbH &amp; Co. KG:n yleiset ehdot ja edellytykset 1. yleist\u00e4 &#8211; soveltamisala 1.1. Die vorliegenden Allgemeinen Gesch\u00e4ftsbedingungen (AGB) gelten f\u00fcr den Abschluss und die Durchf\u00fchrung aller Vertr\u00e4ge, welche die Firma LABOKLIN GmbH &amp; Co. KG, Steubenstra\u00dfe 4, 97688 Bad Kissingen mit ihrem Auftraggeber \/ Kunden zum Zwecke von Laboruntersuchungen abschlie\u00dft. 1.2. Mit der Auftragserteilung [&hellip;]<\/p>\n","protected":false},"author":5,"featured_media":0,"parent":0,"menu_order":36,"comment_status":"closed","ping_status":"closed","template":"","meta":{"footnotes":""},"class_list":["post-9633","page","type-page","status-publish","hentry"],"_links":{"self":[{"href":"https:\/\/labogen.com\/fi\/wp-json\/wp\/v2\/pages\/9633","targetHints":{"allow":["GET"]}}],"collection":[{"href":"https:\/\/labogen.com\/fi\/wp-json\/wp\/v2\/pages"}],"about":[{"href":"https:\/\/labogen.com\/fi\/wp-json\/wp\/v2\/types\/page"}],"author":[{"embeddable":true,"href":"https:\/\/labogen.com\/fi\/wp-json\/wp\/v2\/users\/5"}],"replies":[{"embeddable":true,"href":"https:\/\/labogen.com\/fi\/wp-json\/wp\/v2\/comments?post=9633"}],"version-history":[{"count":5,"href":"https:\/\/labogen.com\/fi\/wp-json\/wp\/v2\/pages\/9633\/revisions"}],"predecessor-version":[{"id":12377,"href":"https:\/\/labogen.com\/fi\/wp-json\/wp\/v2\/pages\/9633\/revisions\/12377"}],"wp:attachment":[{"href":"https:\/\/labogen.com\/fi\/wp-json\/wp\/v2\/media?parent=9633"}],"curies":[{"name":"wp","href":"https:\/\/api.w.org\/{rel}","templated":true}]}}