{"id":285184,"date":"2025-11-26T10:43:58","date_gmt":"2025-11-26T09:43:58","guid":{"rendered":"https:\/\/labogen.com\/?page_id=285184"},"modified":"2025-11-28T10:09:36","modified_gmt":"2025-11-28T09:09:36","slug":"abstammung-geschwisterschaft","status":"publish","type":"page","link":"https:\/\/labogen.com\/fi\/abstammung-geschwisterschaft\/","title":{"rendered":"Abstammung (Geschwisterschaft)"},"content":{"rendered":"\t\t<div data-elementor-type=\"wp-page\" data-elementor-id=\"285184\" class=\"elementor elementor-285184\">\n\t\t\t\t<div class=\"elementor-element elementor-element-ff4c832 e-flex e-con-boxed e-con e-parent\" data-id=\"ff4c832\" data-element_type=\"container\" data-settings=\"{&quot;background_background&quot;:&quot;classic&quot;}\">\n\t\t\t\t\t<div class=\"e-con-inner\">\n\t\t\t\t<div class=\"elementor-element elementor-element-bdf9a9d elementor-widget elementor-widget-text-editor\" data-id=\"bdf9a9d\" data-element_type=\"widget\" data-widget_type=\"text-editor.default\">\n\t\t\t\t<div class=\"elementor-widget-container\">\n\t\t\t\t\t\t\t<h2>Geschwisterschaftstest f\u00fcr Hunde \u2013 zuverl\u00e4ssig dank STR-DNA-Profilen<\/h2><p>Mit unserem Classic STR-DNA-Profil ist es m\u00f6glich, <strong data-start=\"2049\" data-end=\"2101\">Voll- oder Halbgeschwisterbeziehungen<\/strong> zuverl\u00e4ssig genetisch zu \u00fcberpr\u00fcfen \u2013 f\u00fcr <strong data-start=\"2144\" data-end=\"2168\">\u00fcber 200 Hunderassen<\/strong>. Der Test bietet Ihnen eine objektive Einsch\u00e4tzung, ob zwei Tiere miteinander verwandt sein k\u00f6nnen.<\/p>\t\t\t\t\t\t<\/div>\n\t\t\t\t<\/div>\n\t\t\t\t\t<\/div>\n\t\t\t\t<\/div>\n\t\t<div class=\"elementor-element elementor-element-55b2c4a e-flex e-con-boxed e-con e-parent\" data-id=\"55b2c4a\" data-element_type=\"container\">\n\t\t\t\t\t<div class=\"e-con-inner\">\n\t\t\t\t<div class=\"elementor-element elementor-element-aa177e0 elementor-widget elementor-widget-heading\" data-id=\"aa177e0\" data-element_type=\"widget\" data-widget_type=\"heading.default\">\n\t\t\t\t<div class=\"elementor-widget-container\">\n\t\t\t<h2 class=\"elementor-heading-title elementor-size-default\">Wie funktioniert der Test?<\/h2>\t\t<\/div>\n\t\t\t\t<\/div>\n\t\t\t\t\t<\/div>\n\t\t\t\t<\/div>\n\t\t<div class=\"elementor-element elementor-element-e1e68ee e-flex e-con-boxed e-con e-parent\" data-id=\"e1e68ee\" data-element_type=\"container\">\n\t\t\t\t\t<div class=\"e-con-inner\">\n\t\t\t\t<div class=\"elementor-element elementor-element-bfd1853 elementor-widget elementor-widget-text-editor\" data-id=\"bfd1853\" data-element_type=\"widget\" data-widget_type=\"text-editor.default\">\n\t\t\t\t<div class=\"elementor-widget-container\">\n\t\t\t\t\t\t\t<p data-start=\"2310\" data-end=\"2538\">Bei der Analyse werden die <strong data-start=\"2337\" data-end=\"2373\">genetischen Marker (STR-Profile)<\/strong> zweier Tiere miteinander verglichen. Diese Marker zeigen typische Muster, die bei Voll- oder Halbgeschwistern h\u00e4ufiger \u00fcbereinstimmen als bei nicht verwandten Tieren.<\/p><p data-start=\"2540\" data-end=\"2667\">Das Ergebnis basiert auf einer wissenschaftlich anerkannten Wahrscheinlichkeitsberechnung, dem sogenannten <strong data-start=\"2647\" data-end=\"2666\">Likelihood-Wert<\/strong>.<\/p>\t\t\t\t\t\t<\/div>\n\t\t\t\t<\/div>\n\t\t\t\t\t<\/div>\n\t\t\t\t<\/div>\n\t\t<div class=\"elementor-element elementor-element-198a926 e-flex e-con-boxed e-con e-parent\" data-id=\"198a926\" data-element_type=\"container\">\n\t\t\t\t\t<div class=\"e-con-inner\">\n\t\t\t\t<div class=\"elementor-element elementor-element-3268bbc elementor-widget elementor-widget-text-editor\" data-id=\"3268bbc\" data-element_type=\"widget\" data-widget_type=\"text-editor.default\">\n\t\t\t\t<div class=\"elementor-widget-container\">\n\t\t\t\t\t\t\t<h2>Interpretation des Likelihood-Wertes<\/h2><p data-start=\"2719\" data-end=\"2814\">Der Likelihood-Wert zeigt, wie stark die genetischen Daten eine Geschwisterschaft unterst\u00fctzen:<\/p><h4 data-start=\"2816\" data-end=\"2837\"><strong data-start=\"2820\" data-end=\"2837\">\ud83d\udd35 Hoher Wert<\/strong><\/h4><p data-start=\"2838\" data-end=\"3013\">Ein hoher Likelihood-Wert bedeutet, dass die DNA-Profile <strong data-start=\"2895\" data-end=\"2965\">sehr gut zu einer Voll- oder Halbschwester-\/Bruderbeziehung passen<\/strong>.<br data-start=\"2966\" data-end=\"2969\" \/>\u27a1\ufe0f <strong data-start=\"2972\" data-end=\"3013\">Geschwisterschaft sehr wahrscheinlich<\/strong><\/p><h4 data-start=\"3015\" data-end=\"3036\"><strong data-start=\"3019\" data-end=\"3036\">\u26aa Mittlerer Wert<\/strong><\/h4><p data-start=\"3037\" data-end=\"3221\">Im mittleren Bereich ist keine eindeutige Aussage m\u00f6glich.<br data-start=\"3095\" data-end=\"3098\" \/>In solchen F\u00e4llen empfehlen wir, wenn m\u00f6glich, <strong data-start=\"3145\" data-end=\"3161\">Elternproben<\/strong> mit einzubeziehen, um die Aussagekraft deutlich zu erh\u00f6hen.<\/p><h4 data-start=\"3223\" data-end=\"3262\"><strong data-start=\"3227\" data-end=\"3262\">\ud83d\udd34 Sehr niedriger Wert (nahe 0)<\/strong><\/h4><p data-start=\"3263\" data-end=\"3423\">Wenn der Likelihood-Wert nahezu 0 ist, sprechen die genetischen Daten <strong data-start=\"3333\" data-end=\"3370\">klar gegen eine Geschwisterschaft<\/strong>.<br data-start=\"3371\" data-end=\"3374\" \/>\u27a1\ufe0f <strong data-start=\"3377\" data-end=\"3423\">Geschwisterschaft praktisch ausgeschlossen<\/strong><\/p>\t\t\t\t\t\t<\/div>\n\t\t\t\t<\/div>\n\t\t\t\t\t<\/div>\n\t\t\t\t<\/div>\n\t\t<div class=\"elementor-element elementor-element-c1b42b8 e-flex e-con-boxed e-con e-parent\" data-id=\"c1b42b8\" data-element_type=\"container\">\n\t\t\t\t\t<div class=\"e-con-inner\">\n\t\t\t\t<div class=\"elementor-element elementor-element-99f4c75 elementor-widget elementor-widget-text-editor\" data-id=\"99f4c75\" data-element_type=\"widget\" data-widget_type=\"text-editor.default\">\n\t\t\t\t<div class=\"elementor-widget-container\">\n\t\t\t\t\t\t\t<h2>F\u00fcr welche F\u00e4lle eignet sich der Test?<\/h2><ul><li data-start=\"3476\" data-end=\"3515\"><p data-start=\"3478\" data-end=\"3515\">Tiere unklarer Herkunft oder\u00a0 ohne Dokumente<\/p><\/li><li data-start=\"3516\" data-end=\"3579\"><p data-start=\"3518\" data-end=\"3579\">Zuchtfragen (Nachweis von Halb- oder Vollgeschwisterlinien)<\/p><\/li><li data-start=\"3580\" data-end=\"3614\"><p data-start=\"3582\" data-end=\"3614\">Kl\u00e4rung der Verh\u00e4ltnisse innerhalb eines Wurfes<\/p><\/li><li data-start=\"3615\" data-end=\"3675\"><p data-start=\"3617\" data-end=\"3675\">Best\u00e4tigung oder Ausschluss von Verwandtschaftsvermutungen<\/p><\/li><\/ul>\t\t\t\t\t\t<\/div>\n\t\t\t\t<\/div>\n\t\t\t\t\t<\/div>\n\t\t\t\t<\/div>\n\t\t<div class=\"elementor-element elementor-element-6ea7b02 e-flex e-con-boxed e-con e-parent\" data-id=\"6ea7b02\" data-element_type=\"container\">\n\t\t\t\t\t<div class=\"e-con-inner\">\n\t\t\t\t<div class=\"elementor-element elementor-element-078e7b1 elementor-widget elementor-widget-text-editor\" data-id=\"078e7b1\" data-element_type=\"widget\" data-widget_type=\"text-editor.default\">\n\t\t\t\t<div class=\"elementor-widget-container\">\n\t\t\t\t\t\t\t<h2>Ablauf der Untersuchung<\/h2><ul><li data-start=\"3713\" data-end=\"3744\"><p data-start=\"3716\" data-end=\"3744\">Sie bestellen das Testkit.<\/p><\/li><li data-start=\"3745\" data-end=\"3817\"><p data-start=\"3748\" data-end=\"3817\">Die Probennahme erfolgt einfach und schnell mittels Wangenabstrich.<\/p><\/li><li data-start=\"3818\" data-end=\"3876\"><p data-start=\"3821\" data-end=\"3876\">Die Analyse erfolgt in unserem spezialisierten Labor.<\/p><\/li><li data-start=\"3877\" data-end=\"3963\"><p data-start=\"3880\" data-end=\"3963\">Sie erhalten einen leicht verst\u00e4ndlichen Ergebnisbericht mit klarer Interpretation.<\/p><\/li><\/ul>\t\t\t\t\t\t<\/div>\n\t\t\t\t<\/div>\n\t\t\t\t\t<\/div>\n\t\t\t\t<\/div>\n\t\t<div class=\"elementor-element elementor-element-ea48c67 e-flex e-con-boxed e-con e-parent\" data-id=\"ea48c67\" data-element_type=\"container\">\n\t\t\t\t\t<div class=\"e-con-inner\">\n\t\t\t\t<div class=\"elementor-element elementor-element-a10d333 elementor-widget elementor-widget-text-editor\" data-id=\"a10d333\" data-element_type=\"widget\" data-widget_type=\"text-editor.default\">\n\t\t\t\t<div class=\"elementor-widget-container\">\n\t\t\t\t\t\t\t<h2>Erh\u00f6hte Sicherheit durch Elternproben<\/h2>\n<p data-start=\"2719\" data-end=\"2814\">Wenn Mutter oder Vater verf\u00fcgbar sind, k\u00f6nnen diese in die Analyse einbezogen werden. Das steigert die Aussagekraft erheblich und eliminiert Graubereiche.<\/p>\t\t\t\t\t\t<\/div>\n\t\t\t\t<\/div>\n\t\t\t\t\t<\/div>\n\t\t\t\t<\/div>\n\t\t<div class=\"elementor-element elementor-element-70ffc40 e-flex e-con-boxed e-con e-parent\" data-id=\"70ffc40\" data-element_type=\"container\">\n\t\t\t\t\t<div class=\"e-con-inner\">\n\t\t\t\t<div class=\"elementor-element elementor-element-cee11fc elementor-widget elementor-widget-text-editor\" data-id=\"cee11fc\" data-element_type=\"widget\" data-widget_type=\"text-editor.default\">\n\t\t\t\t<div class=\"elementor-widget-container\">\n\t\t\t\t\t\t\t<h2>F\u00fcr folgende Rassen ist die Analyse m\u00f6glich:<\/h2><p data-start=\"2719\" data-end=\"2814\">Affenpinscher<br data-start=\"870\" data-end=\"873\" \/>Afghanischer Windhund<br data-start=\"894\" data-end=\"897\" \/>Airedale Terrier<br data-start=\"913\" data-end=\"916\" \/>Akita<br data-start=\"921\" data-end=\"924\" \/>Alaskan Malamute<br data-start=\"940\" data-end=\"943\" \/>Altdeutscher Sch\u00e4ferhund<br data-start=\"967\" data-end=\"970\" \/>American Bully<br data-start=\"984\" data-end=\"987\" \/>American Cocker Spaniel<br data-start=\"1010\" data-end=\"1013\" \/>American Hairless Terrier<br data-start=\"1038\" data-end=\"1041\" \/>American Staffordshire Terrier<br data-start=\"1071\" data-end=\"1074\" \/>Amerikanischer Akita<br data-start=\"1094\" data-end=\"1097\" \/>Amerikanischer Bulldog<br data-start=\"1119\" data-end=\"1122\" \/>Amerikanischer Collie<br data-start=\"1143\" data-end=\"1146\" \/>Amerikanischer Zwergdackel<br data-start=\"1172\" data-end=\"1175\" \/>Appenzeller Sennenhund<br data-start=\"1197\" data-end=\"1200\" \/>Australian Cattle Dog<br data-start=\"1221\" data-end=\"1224\" \/>Australian Kelpie<br data-start=\"1241\" data-end=\"1244\" \/>Australian Labradoodle<br data-start=\"1266\" data-end=\"1269\" \/>Australian Shepherd<br data-start=\"1288\" data-end=\"1291\" \/>Australian Silky Terrier<br data-start=\"1315\" data-end=\"1318\" \/>Australian Terrier<br data-start=\"1336\" data-end=\"1339\" \/>Barbet<br data-start=\"1345\" data-end=\"1348\" \/>Barsoi<br data-start=\"1354\" data-end=\"1357\" \/>Basenji<br data-start=\"1364\" data-end=\"1367\" \/>Basset Hound<br data-start=\"1379\" data-end=\"1382\" \/>Bayerischer Gebirgsschwei\u00dfhund<br data-start=\"1412\" data-end=\"1415\" \/>Beagle<br data-start=\"1421\" data-end=\"1424\" \/>Bearded Collie<br data-start=\"1438\" data-end=\"1441\" \/>Beauceron<br data-start=\"1450\" data-end=\"1453\" \/>Bedlington Terrier<br data-start=\"1471\" data-end=\"1474\" \/>Belgischer Sch\u00e4ferhund<br data-start=\"1496\" data-end=\"1499\" \/>Berger Blanc Suisse<br data-start=\"1518\" data-end=\"1521\" \/>Berger des Pyr\u00e9n\u00e9es<br data-start=\"1540\" data-end=\"1543\" \/>Berner Sennenhund<br data-start=\"1560\" data-end=\"1563\" \/>Bernhardiner<br data-start=\"1575\" data-end=\"1578\" \/>Bichon Fris\u00e9<br data-start=\"1590\" data-end=\"1593\" \/>Biewer Terrier<br data-start=\"1607\" data-end=\"1610\" \/>Black and Tan Coonhound<br data-start=\"1633\" data-end=\"1636\" \/>Bobtail<br data-start=\"1643\" data-end=\"1646\" \/>Boerboel<br data-start=\"1654\" data-end=\"1657\" \/>Bologneser<br data-start=\"1667\" data-end=\"1670\" \/>Bolonka Zwetna<br data-start=\"1684\" data-end=\"1687\" \/>Bordeauxdogge<br data-start=\"1700\" data-end=\"1703\" \/>Border Collie<br data-start=\"1716\" data-end=\"1719\" \/>Border Terrier<br data-start=\"1733\" data-end=\"1736\" \/>Boston Terrier<br data-start=\"1750\" data-end=\"1753\" \/>Bouvier des Flandres<br data-start=\"1773\" data-end=\"1776\" \/>Boxer<br data-start=\"1781\" data-end=\"1784\" \/>Bracco Italiano<br data-start=\"1799\" data-end=\"1802\" \/>Briard<br data-start=\"1808\" data-end=\"1811\" \/>Broholmer<br data-start=\"1820\" data-end=\"1823\" \/>Bull Terrier<br data-start=\"1835\" data-end=\"1838\" \/>Bullmastiff<br data-start=\"1849\" data-end=\"1852\" \/>Cairn Terrier<br data-start=\"1865\" data-end=\"1868\" \/>Cane Corso Italiano<br data-start=\"1887\" data-end=\"1890\" \/>Canilo<br data-start=\"1896\" data-end=\"1899\" \/>Cavalier King Charles Spaniel<br data-start=\"1928\" data-end=\"1931\" \/>Chihuahua<br data-start=\"1940\" data-end=\"1943\" \/>Chinesischer Schopfhund<br data-start=\"1966\" data-end=\"1969\" \/>Chow Chow<br data-start=\"1978\" data-end=\"1981\" \/>Cocker Spaniel<br data-start=\"1995\" data-end=\"1998\" \/>Collie<br data-start=\"2004\" data-end=\"2007\" \/>Continental Bulldog<br data-start=\"2026\" data-end=\"2029\" \/>Coton de Tulear<br data-start=\"2044\" data-end=\"2047\" \/>Dackel<br data-start=\"2053\" data-end=\"2056\" \/>Dalmatiner<br data-start=\"2066\" data-end=\"2069\" \/>Dandie Dinmont Terrier<br data-start=\"2091\" data-end=\"2094\" \/>Danish Swedish Farmdog<br data-start=\"2116\" data-end=\"2119\" \/>Deutsch Drahthaar<br data-start=\"2136\" data-end=\"2139\" \/>Deutsch Kurzhaar<br data-start=\"2155\" data-end=\"2158\" \/>Deutsch Langhaar<br data-start=\"2174\" data-end=\"2177\" \/>Deutsche Dogge<br data-start=\"2191\" data-end=\"2194\" \/>Deutscher Jagdterrier<br data-start=\"2215\" data-end=\"2218\" \/>Deutscher Pinscher<br data-start=\"2236\" data-end=\"2239\" \/>Deutscher Sch\u00e4ferhund<br data-start=\"2260\" data-end=\"2263\" \/>Deutscher Spitz<br data-start=\"2278\" data-end=\"2281\" \/>Deutscher Wachtelhund<br data-start=\"2302\" data-end=\"2305\" \/>Do Khyi<br data-start=\"2312\" data-end=\"2315\" \/>Dobermann<br data-start=\"2324\" data-end=\"2327\" \/>Dogo Argentino<br data-start=\"2341\" data-end=\"2344\" \/>Dogo Canario<br data-start=\"2356\" data-end=\"2359\" \/>Elo<br data-start=\"2362\" data-end=\"2365\" \/>Englische Bulldogge<br data-start=\"2384\" data-end=\"2387\" \/>Englischer Cocker Spaniel<br data-start=\"2412\" data-end=\"2415\" \/>English Setter<br data-start=\"2429\" data-end=\"2432\" \/>English Springer Spaniel<br data-start=\"2456\" data-end=\"2459\" \/>English Toy Terrier<br data-start=\"2478\" data-end=\"2481\" \/>Entlebucher Sennenhund<br data-start=\"2503\" data-end=\"2506\" \/>Epagneul Breton<br data-start=\"2521\" data-end=\"2524\" \/>Eurasier<br data-start=\"2532\" data-end=\"2535\" \/>Finnischer Lapphund<br data-start=\"2554\" data-end=\"2557\" \/>Finnischer Laufhund<br data-start=\"2576\" data-end=\"2579\" \/>Flat Coated Retriever<br data-start=\"2600\" data-end=\"2603\" \/>Foxterrier<br data-start=\"2613\" data-end=\"2616\" \/>Franz\u00f6sische Bulldogge<br data-start=\"2638\" data-end=\"2641\" \/>Golden Retriever<br data-start=\"2657\" data-end=\"2660\" \/>Go\u0144czy Polski<br data-start=\"2673\" data-end=\"2676\" \/>Gordon Setter<br data-start=\"2689\" data-end=\"2692\" \/>Gos d\u2019Atura Catal\u00e0<br data-start=\"2710\" data-end=\"2713\" \/>Groenendael<br data-start=\"2724\" data-end=\"2727\" \/>Gro\u00dfer Schweizer Sennenhund<br data-start=\"2754\" data-end=\"2757\" \/>Gro\u00dfpudel<br data-start=\"2766\" data-end=\"2769\" \/>Gro\u00dfspitz<br data-start=\"2778\" data-end=\"2781\" \/>Havaneser<br data-start=\"2790\" data-end=\"2793\" \/>Holl\u00e4ndischer Sch\u00e4ferhund<br data-start=\"2818\" data-end=\"2821\" \/>Hovawart<br data-start=\"2829\" data-end=\"2832\" \/>Irish Glen of Imaal Terrier<br data-start=\"2859\" data-end=\"2862\" \/>Irish Setter<br data-start=\"2874\" data-end=\"2877\" \/>Irish Soft Coated Wheaten Terrier<br data-start=\"2910\" data-end=\"2913\" \/>Irish Terrier<br data-start=\"2926\" data-end=\"2929\" \/>Irish Wolfhound<br data-start=\"2944\" data-end=\"2947\" \/>Islandhund<br data-start=\"2957\" data-end=\"2960\" \/>Italienisches Windspiel<br data-start=\"2983\" data-end=\"2986\" \/>Jack Russell Terrier<br data-start=\"3006\" data-end=\"3009\" \/>Japan-Spitz<br data-start=\"3020\" data-end=\"3023\" \/>Kaukasischer Owtscharka<br data-start=\"3046\" data-end=\"3049\" \/>Kerry Blue Terrier<br data-start=\"3067\" data-end=\"3070\" \/>Kleiner M\u00fcnsterl\u00e4nder<br data-start=\"3091\" data-end=\"3094\" \/>Kleinpudel<br data-start=\"3104\" data-end=\"3107\" \/>Kleinspitz<br data-start=\"3117\" data-end=\"3120\" \/>Kooikerhondje<br data-start=\"3133\" data-end=\"3136\" \/>Kurzhaariger Ungarischer Vorstehhund<br data-start=\"3172\" data-end=\"3175\" \/>Labradoodle<br data-start=\"3186\" data-end=\"3189\" \/>Labrador Retriever<br data-start=\"3207\" data-end=\"3210\" \/>Laekenois<br data-start=\"3219\" data-end=\"3222\" \/>Lagotto Romagnolo<br data-start=\"3239\" data-end=\"3242\" \/>Lakeland Terrier<br data-start=\"3258\" data-end=\"3261\" \/>Landseer<br data-start=\"3269\" data-end=\"3272\" \/>Lappl\u00e4ndischer Rentierhund<br data-start=\"3298\" data-end=\"3301\" \/>Leonberger<br data-start=\"3311\" data-end=\"3314\" \/>Lhasa Apso<br data-start=\"3324\" data-end=\"3327\" \/>Litauische Bracke<br data-start=\"3344\" data-end=\"3347\" \/>Malinois<br data-start=\"3355\" data-end=\"3358\" \/>Malteser<br data-start=\"3366\" data-end=\"3369\" \/>Manchester Terrier<br data-start=\"3387\" data-end=\"3390\" \/>Maremmen-Abruzzen-Sch\u00e4ferhund<br data-start=\"3419\" data-end=\"3422\" \/>Markiesje<br data-start=\"3431\" data-end=\"3434\" \/>Marxdorfer Wolfshund<br data-start=\"3454\" data-end=\"3457\" \/>Mastiff<br data-start=\"3464\" data-end=\"3467\" \/>Mastino Napoletano<br data-start=\"3485\" data-end=\"3488\" \/>Miniatur Bull Terrier<br data-start=\"3509\" data-end=\"3512\" \/>Miniature American Shepherd<br data-start=\"3539\" data-end=\"3542\" \/>Miniature Australian Shepherd<br data-start=\"3571\" data-end=\"3574\" \/>Mittelschnauzer<br data-start=\"3589\" data-end=\"3592\" \/>Mittelspitz<br data-start=\"3603\" data-end=\"3606\" \/>Mops<br data-start=\"3610\" data-end=\"3613\" \/>Neufundl\u00e4nder<br data-start=\"3626\" data-end=\"3629\" \/>Norfolk Terrier<br data-start=\"3644\" data-end=\"3647\" \/>Norwich Terrier<br data-start=\"3662\" data-end=\"3665\" \/>Nova Scotia Duck Tolling Retriever<br data-start=\"3699\" data-end=\"3702\" \/>Olde English Bulldogge<br data-start=\"3724\" data-end=\"3727\" \/>\u00d6sterreichischer Pinscher<br data-start=\"3752\" data-end=\"3755\" \/>Osteurop\u00e4ischer Sch\u00e4ferhund<br data-start=\"3782\" data-end=\"3785\" \/>Papillon<br data-start=\"3793\" data-end=\"3796\" \/>Parson Jack Russell Terrier<br data-start=\"3823\" data-end=\"3826\" \/>Parson Russell Terrier<br data-start=\"3848\" data-end=\"3851\" \/>Pekingese<br data-start=\"3860\" data-end=\"3863\" \/>Perro de Agua Espa\u00f1ol<br data-start=\"3884\" data-end=\"3887\" \/>Peruanischer Nackthund<br data-start=\"3909\" data-end=\"3912\" \/>Polski Owczarek Nizinny<br data-start=\"3935\" data-end=\"3938\" \/>Pomsky<br data-start=\"3944\" data-end=\"3947\" \/>Portugiesischer Wasserhund<br data-start=\"3973\" data-end=\"3976\" \/>Prager Rattler<br data-start=\"3990\" data-end=\"3993\" \/>Presa Canario<br data-start=\"4006\" data-end=\"4009\" \/>Pudel<br data-start=\"4014\" data-end=\"4017\" \/>Pyren\u00e4enberghund<br data-start=\"4033\" data-end=\"4036\" \/>Rauhaardackel<br data-start=\"4049\" data-end=\"4052\" \/>Rhodesian Ridgeback<br data-start=\"4071\" data-end=\"4074\" \/>Riesenschnauzer<br data-start=\"4089\" data-end=\"4092\" \/>Rottweiler<br data-start=\"4102\" data-end=\"4105\" \/>Russian Toy<br data-start=\"4116\" data-end=\"4119\" \/>Russischer Schwarzer Terrier<br data-start=\"4147\" data-end=\"4150\" \/>Saarlooswolfhund<br data-start=\"4166\" data-end=\"4169\" \/>Saluki<br data-start=\"4175\" data-end=\"4178\" \/>Samojede<br data-start=\"4186\" data-end=\"4189\" \/>Saupacker<br data-start=\"4198\" data-end=\"4201\" \/>Schapendoes<br data-start=\"4212\" data-end=\"4215\" \/>Schipperke<br data-start=\"4225\" data-end=\"4228\" \/>Schnauzer<br data-start=\"4237\" data-end=\"4240\" \/>Scottish Terrier<br data-start=\"4256\" data-end=\"4259\" \/>Sealyham Terrier<br data-start=\"4275\" data-end=\"4278\" \/>Shar Pei<br data-start=\"4286\" data-end=\"4289\" \/>Shetland Sheepdog<br data-start=\"4306\" data-end=\"4309\" \/>Shiba<br data-start=\"4314\" data-end=\"4317\" \/>Shih Tzu<br data-start=\"4325\" data-end=\"4328\" \/>Siberian Husky<br data-start=\"4342\" data-end=\"4345\" \/>Silken Windsprite<br data-start=\"4362\" data-end=\"4365\" \/>Skye Terrier<br data-start=\"4377\" data-end=\"4380\" \/>Slovensk\u00fd hrubosrst\u00fd stava\u010d<br data-start=\"4407\" data-end=\"4410\" \/>Spanischer Wasserhund<br data-start=\"4431\" data-end=\"4434\" \/>Spinone Italiano<br data-start=\"4450\" data-end=\"4453\" \/>Spitz<br data-start=\"4458\" data-end=\"4461\" \/>Stabyhoun<br data-start=\"4470\" data-end=\"4473\" \/>Staffordshire Bull Terrier<br data-start=\"4499\" data-end=\"4502\" \/>Tamaskan<br data-start=\"4510\" data-end=\"4513\" \/>Tervueren<br data-start=\"4522\" data-end=\"4525\" \/>Thai Ridgeback<br data-start=\"4539\" data-end=\"4542\" \/>Tibet Terrier<br data-start=\"4555\" data-end=\"4558\" \/>Tibet-Spaniel<br data-start=\"4571\" data-end=\"4574\" \/>Toypudel<br data-start=\"4582\" data-end=\"4585\" \/>Tschechischer Terrier<br data-start=\"4606\" data-end=\"4609\" \/>Tschechoslowakischer Wolfhund<br data-start=\"4638\" data-end=\"4641\" \/>Weimaraner<br data-start=\"4651\" data-end=\"4654\" \/>Welsh Corgi Cardigan<br data-start=\"4674\" data-end=\"4677\" \/>Welsh Corgi Pembroke<br data-start=\"4697\" data-end=\"4700\" \/>Welsh Springer Spaniel<br data-start=\"4722\" data-end=\"4725\" \/>Welsh Terrier<br data-start=\"4738\" data-end=\"4741\" \/>West Highland White Terrier<br data-start=\"4768\" data-end=\"4771\" \/>Westfalenterrier<br data-start=\"4787\" data-end=\"4790\" \/>Whippet<br data-start=\"4797\" data-end=\"4800\" \/>Wolfsspitz<br data-start=\"4810\" data-end=\"4813\" \/>Xoloitzcuintle<br data-start=\"4827\" data-end=\"4830\" \/>Yorkshire Terrier<br data-start=\"4847\" data-end=\"4850\" \/>Zentralasiatischer Owtscharka<br data-start=\"4879\" data-end=\"4882\" \/>Zwergpinscher<br data-start=\"4895\" data-end=\"4898\" \/>Zwergpudel<br data-start=\"4908\" data-end=\"4911\" \/>Zwergschnauzer<br data-start=\"4925\" data-end=\"4928\" \/>Zwergspitz<\/p>\t\t\t\t\t\t<\/div>\n\t\t\t\t<\/div>\n\t\t\t\t\t<\/div>\n\t\t\t\t<\/div>\n\t\t\t\t<\/div>\n\t\t","protected":false},"excerpt":{"rendered":"<p>Geschwisterschaftstest f\u00fcr Hunde \u2013 zuverl\u00e4ssig dank STR-DNA-Profilen Mit unserem Classic STR-DNA-Profil ist es m\u00f6glich, Voll- oder Halbgeschwisterbeziehungen zuverl\u00e4ssig genetisch zu \u00fcberpr\u00fcfen \u2013 f\u00fcr \u00fcber 200 Hunderassen. Der Test bietet Ihnen eine objektive Einsch\u00e4tzung, ob zwei Tiere miteinander verwandt sein k\u00f6nnen. Wie funktioniert der Test? Bei der Analyse werden die genetischen Marker (STR-Profile) zweier Tiere miteinander [&hellip;]<\/p>\n","protected":false},"author":5,"featured_media":0,"parent":0,"menu_order":47,"comment_status":"closed","ping_status":"closed","template":"","meta":{"footnotes":""},"class_list":["post-285184","page","type-page","status-publish","hentry"],"_links":{"self":[{"href":"https:\/\/labogen.com\/fi\/wp-json\/wp\/v2\/pages\/285184","targetHints":{"allow":["GET"]}}],"collection":[{"href":"https:\/\/labogen.com\/fi\/wp-json\/wp\/v2\/pages"}],"about":[{"href":"https:\/\/labogen.com\/fi\/wp-json\/wp\/v2\/types\/page"}],"author":[{"embeddable":true,"href":"https:\/\/labogen.com\/fi\/wp-json\/wp\/v2\/users\/5"}],"replies":[{"embeddable":true,"href":"https:\/\/labogen.com\/fi\/wp-json\/wp\/v2\/comments?post=285184"}],"version-history":[{"count":13,"href":"https:\/\/labogen.com\/fi\/wp-json\/wp\/v2\/pages\/285184\/revisions"}],"predecessor-version":[{"id":285343,"href":"https:\/\/labogen.com\/fi\/wp-json\/wp\/v2\/pages\/285184\/revisions\/285343"}],"wp:attachment":[{"href":"https:\/\/labogen.com\/fi\/wp-json\/wp\/v2\/media?parent=285184"}],"curies":[{"name":"wp","href":"https:\/\/api.w.org\/{rel}","templated":true}]}}