{"id":272296,"date":"2024-07-29T13:00:52","date_gmt":"2024-07-29T11:00:52","guid":{"rendered":"https:\/\/staging.laboklin.com\/labogen\/labogen_wp\/index.php\/dna-profilointi\/dna-tunniste-kissa\/"},"modified":"2024-09-26T19:59:10","modified_gmt":"2024-09-26T17:59:10","slug":"dna-tunniste-kissa","status":"publish","type":"page","link":"https:\/\/labogen.com\/fi\/dna-profilointi\/dna-tunniste-kissa\/","title":{"rendered":"DNA-tunniste &#8211; KISSA"},"content":{"rendered":"\t\t<div data-elementor-type=\"wp-page\" data-elementor-id=\"272296\" class=\"elementor elementor-272296 elementor-13075\">\n\t\t\t\t<div class=\"elementor-element elementor-element-00ebb5c e-flex e-con-boxed e-con e-parent\" data-id=\"00ebb5c\" data-element_type=\"container\">\n\t\t\t\t\t<div class=\"e-con-inner\">\n\t\t<div class=\"elementor-element elementor-element-d27cf25 e-con-full e-flex e-con e-child\" data-id=\"d27cf25\" data-element_type=\"container\">\n\t\t\t\t<div class=\"elementor-element elementor-element-a2d474e elementor-hidden-mobile elementor-widget elementor-widget-heading\" data-id=\"a2d474e\" data-element_type=\"widget\" data-widget_type=\"heading.default\">\n\t\t\t\t<div class=\"elementor-widget-container\">\n\t\t\t<h1 class=\"elementor-heading-title elementor-size-default\">Kissan DNA-tunniste<\/h1>\t\t<\/div>\n\t\t\t\t<\/div>\n\t\t\t\t<div class=\"elementor-element elementor-element-89b96bf elementor-widget elementor-widget-text-editor\" data-id=\"89b96bf\" data-element_type=\"widget\" data-widget_type=\"text-editor.default\">\n\t\t\t\t<div class=\"elementor-widget-container\">\n\t\t\t\t\t\t\t<h4><strong>Yleiskuvaus<\/strong><\/h4>\n<p><span style=\"color: #800000;\">Kissan DNA-tunniste perustuu eripituisiin DNA-jaksoihin. Se on el\u00e4imen muuttumaton ja v\u00e4\u00e4rent\u00e4m\u00e4t\u00f6n geneettinen sormenj\u00e4lki, joka mahdollistaa tunnistamisen 99,99 % todenn\u00e4k\u00f6isyydell\u00e4. DNA-tunniste perustuu 17 STR-markkeerin analysointiin ISAG-ohjeistuksen mukaisesti, mink\u00e4 ansiosta se on kansainv\u00e4lisesti vertailukelpoinen. Kaikki DNA-tunnisteet tallennetaan DNA-tietokantaamme.<\/span><\/p>\n<h4><strong><span style=\"color: #e51e1e;\">Rodut<\/span><\/strong><\/h4>\n<p>Kaikki rodut<\/p>\n\t\t\t\t\t\t<\/div>\n\t\t\t\t<\/div>\n\t\t\t\t<\/div>\n\t\t<div class=\"elementor-element elementor-element-871f095 e-con-full e-flex e-con e-child\" data-id=\"871f095\" data-element_type=\"container\">\n\t\t\t\t<div class=\"elementor-element elementor-element-028c241 elementor-invisible elementor-widget elementor-widget-toggle\" data-id=\"028c241\" data-element_type=\"widget\" data-settings=\"{&quot;_animation&quot;:&quot;slideInUp&quot;,&quot;_animation_delay&quot;:1500}\" data-widget_type=\"toggle.default\">\n\t\t\t\t<div class=\"elementor-widget-container\">\n\t\t\t\t\t<div class=\"elementor-toggle\">\n\t\t\t\t\t\t\t<div class=\"elementor-toggle-item\">\n\t\t\t\t\t<h6 id=\"elementor-tab-title-2671\" class=\"elementor-tab-title\" data-tab=\"1\" role=\"button\" aria-controls=\"elementor-tab-content-2671\" aria-expanded=\"false\">\n\t\t\t\t\t\t\t\t\t\t\t\t<span class=\"elementor-toggle-icon elementor-toggle-icon-left\" aria-hidden=\"true\">\n\t\t\t\t\t\t\t\t\t\t\t\t\t\t\t<span class=\"elementor-toggle-icon-closed\"><svg class=\"e-font-icon-svg e-far-plus-square\" viewBox=\"0 0 448 512\" xmlns=\"http:\/\/www.w3.org\/2000\/svg\"><path d=\"M352 240v32c0 6.6-5.4 12-12 12h-88v88c0 6.6-5.4 12-12 12h-32c-6.6 0-12-5.4-12-12v-88h-88c-6.6 0-12-5.4-12-12v-32c0-6.6 5.4-12 12-12h88v-88c0-6.6 5.4-12 12-12h32c6.6 0 12 5.4 12 12v88h88c6.6 0 12 5.4 12 12zm96-160v352c0 26.5-21.5 48-48 48H48c-26.5 0-48-21.5-48-48V80c0-26.5 21.5-48 48-48h352c26.5 0 48 21.5 48 48zm-48 346V86c0-3.3-2.7-6-6-6H54c-3.3 0-6 2.7-6 6v340c0 3.3 2.7 6 6 6h340c3.3 0 6-2.7 6-6z\"><\/path><\/svg><\/span>\n\t\t\t\t\t\t\t\t<span class=\"elementor-toggle-icon-opened\"><svg class=\"elementor-toggle-icon-opened e-font-icon-svg e-far-minus-square\" viewBox=\"0 0 448 512\" xmlns=\"http:\/\/www.w3.org\/2000\/svg\"><path d=\"M108 284c-6.6 0-12-5.4-12-12v-32c0-6.6 5.4-12 12-12h232c6.6 0 12 5.4 12 12v32c0 6.6-5.4 12-12 12H108zM448 80v352c0 26.5-21.5 48-48 48H48c-26.5 0-48-21.5-48-48V80c0-26.5 21.5-48 48-48h352c26.5 0 48 21.5 48 48zm-48 346V86c0-3.3-2.7-6-6-6H54c-3.3 0-6 2.7-6 6v340c0 3.3 2.7 6 6 6h340c3.3 0 6-2.7 6-6z\"><\/path><\/svg><\/span>\n\t\t\t\t\t\t\t\t\t\t\t\t\t<\/span>\n\t\t\t\t\t\t\t\t\t\t\t\t<a class=\"elementor-toggle-title\" tabindex=\"0\">Tilaustiedot<\/a>\n\t\t\t\t\t<\/h6>\n\n\t\t\t\t\t<div id=\"elementor-tab-content-2671\" class=\"elementor-tab-content elementor-clearfix\" data-tab=\"1\" role=\"region\" aria-labelledby=\"elementor-tab-title-2671\"><table border=\"0\">\n<tbody>\n<tr>\n<td width=\"45%\"><span style=\"color: #e51e1e;\"><strong>Testinumero <\/strong><\/span><\/td>\n<td>8175<\/td>\n<\/tr>\n<tr><strong><\/p>\n<td>Testin nimi<\/td>\n<p><\/strong> <\/p>\n<td>Geneettinen sormenj\u00e4lki<\/td>\n<\/tr>\n<tr><strong><span style=\"color: #e51e1e;\"><\/span><\/p>\n<td>N\u00e4ytemateriaali<\/td>\n<p><\/strong> <\/p>\n<td>0,5 ml EDTA-verta, 2 x poskisolun\u00e4yte, 1x erikoisposkisolun\u00e4yte (eNAT).<\/td>\n<\/tr>\n<tr>\n<td><strong>K\u00e4sittelyaika <\/strong><\/td>\n<td>14-21 ty\u00f6p\u00e4iv\u00e4\u00e4<\/td>\n<\/tr>\n<\/tbody>\n<\/table>\n<\/div>\n\t\t\t\t<\/div>\n\t\t\t\t\t\t\t<div class=\"elementor-toggle-item\">\n\t\t\t\t\t<h6 id=\"elementor-tab-title-2672\" class=\"elementor-tab-title\" data-tab=\"2\" role=\"button\" aria-controls=\"elementor-tab-content-2672\" aria-expanded=\"false\">\n\t\t\t\t\t\t\t\t\t\t\t\t<span class=\"elementor-toggle-icon elementor-toggle-icon-left\" aria-hidden=\"true\">\n\t\t\t\t\t\t\t\t\t\t\t\t\t\t\t<span class=\"elementor-toggle-icon-closed\"><svg class=\"e-font-icon-svg e-far-plus-square\" viewBox=\"0 0 448 512\" xmlns=\"http:\/\/www.w3.org\/2000\/svg\"><path d=\"M352 240v32c0 6.6-5.4 12-12 12h-88v88c0 6.6-5.4 12-12 12h-32c-6.6 0-12-5.4-12-12v-88h-88c-6.6 0-12-5.4-12-12v-32c0-6.6 5.4-12 12-12h88v-88c0-6.6 5.4-12 12-12h32c6.6 0 12 5.4 12 12v88h88c6.6 0 12 5.4 12 12zm96-160v352c0 26.5-21.5 48-48 48H48c-26.5 0-48-21.5-48-48V80c0-26.5 21.5-48 48-48h352c26.5 0 48 21.5 48 48zm-48 346V86c0-3.3-2.7-6-6-6H54c-3.3 0-6 2.7-6 6v340c0 3.3 2.7 6 6 6h340c3.3 0 6-2.7 6-6z\"><\/path><\/svg><\/span>\n\t\t\t\t\t\t\t\t<span class=\"elementor-toggle-icon-opened\"><svg class=\"elementor-toggle-icon-opened e-font-icon-svg e-far-minus-square\" viewBox=\"0 0 448 512\" xmlns=\"http:\/\/www.w3.org\/2000\/svg\"><path d=\"M108 284c-6.6 0-12-5.4-12-12v-32c0-6.6 5.4-12 12-12h232c6.6 0 12 5.4 12 12v32c0 6.6-5.4 12-12 12H108zM448 80v352c0 26.5-21.5 48-48 48H48c-26.5 0-48-21.5-48-48V80c0-26.5 21.5-48 48-48h352c26.5 0 48 21.5 48 48zm-48 346V86c0-3.3-2.7-6-6-6H54c-3.3 0-6 2.7-6 6v340c0 3.3 2.7 6 6 6h340c3.3 0 6-2.7 6-6z\"><\/path><\/svg><\/span>\n\t\t\t\t\t\t\t\t\t\t\t\t\t<\/span>\n\t\t\t\t\t\t\t\t\t\t\t\t<a class=\"elementor-toggle-title\" tabindex=\"0\">Testin tiedot<\/a>\n\t\t\t\t\t<\/h6>\n\n\t\t\t\t\t<div id=\"elementor-tab-content-2672\" class=\"elementor-tab-content elementor-clearfix\" data-tab=\"2\" role=\"region\" aria-labelledby=\"elementor-tab-title-2672\"><table border=\"0\">\n<tbody>\n<tr>\n<td width=\"45%\"><span style=\"color: #e51e1e;\"><strong>Markkeerit<\/strong><\/span><\/td>\n<td>17 STR<\/td>\n<\/tr>\n<tr>\n<td><strong>Standardi<\/strong><\/td>\n<td>ISAG <\/td>\n<\/tr>\n<\/tbody>\n<\/table>\n<\/div>\n\t\t\t\t<\/div>\n\t\t\t\t\t\t\t\t<\/div>\n\t\t\t\t<\/div>\n\t\t\t\t<\/div>\n\t\t\t\t<div class=\"elementor-element elementor-element-26ebbbd elementor-align-right elementor-invisible elementor-widget elementor-widget-ibutton\" data-id=\"26ebbbd\" data-element_type=\"widget\" data-settings=\"{&quot;_animation&quot;:&quot;slideInRight&quot;,&quot;_animation_delay&quot;:3000}\" data-widget_type=\"ibutton.default\">\n\t\t\t\t<div class=\"elementor-widget-container\">\n\t\t\t\t\t<div class=\"ot-button\">\r\n\t\t\t<a href=\"http:\/\/mercur:8904\/\" class=\"octf-btn octf-btn-dark\"><strong>Tilaa<\/strong><\/a>\r\n\t    <\/div>\r\n\t    \t\t<\/div>\n\t\t\t\t<\/div>\n\t\t\t\t<\/div>\n\t\t\t\t\t<\/div>\n\t\t\t\t<\/div>\n\t\t<div class=\"elementor-element elementor-element-749f93b e-flex e-con-boxed e-con e-parent\" data-id=\"749f93b\" data-element_type=\"container\">\n\t\t\t\t\t<div class=\"e-con-inner\">\n\t\t<div class=\"elementor-element elementor-element-5137529 e-con-full e-flex e-con e-child\" data-id=\"5137529\" data-element_type=\"container\">\n\t\t\t\t<div class=\"elementor-element elementor-element-2611500 elementor-widget elementor-widget-toggle\" data-id=\"2611500\" data-element_type=\"widget\" data-widget_type=\"toggle.default\">\n\t\t\t\t<div class=\"elementor-widget-container\">\n\t\t\t\t\t<div class=\"elementor-toggle\">\n\t\t\t\t\t\t\t<div class=\"elementor-toggle-item\">\n\t\t\t\t\t<h5 id=\"elementor-tab-title-3991\" class=\"elementor-tab-title\" data-tab=\"1\" role=\"button\" aria-controls=\"elementor-tab-content-3991\" aria-expanded=\"false\">\n\t\t\t\t\t\t\t\t\t\t\t\t<span class=\"elementor-toggle-icon elementor-toggle-icon-left\" aria-hidden=\"true\">\n\t\t\t\t\t\t\t\t\t\t\t\t\t\t\t<span class=\"elementor-toggle-icon-closed\"><svg class=\"e-font-icon-svg e-fas-chevron-down\" viewBox=\"0 0 448 512\" xmlns=\"http:\/\/www.w3.org\/2000\/svg\"><path d=\"M207.029 381.476L12.686 187.132c-9.373-9.373-9.373-24.569 0-33.941l22.667-22.667c9.357-9.357 24.522-9.375 33.901-.04L224 284.505l154.745-154.021c9.379-9.335 24.544-9.317 33.901.04l22.667 22.667c9.373 9.373 9.373 24.569 0 33.941L240.971 381.476c-9.373 9.372-24.569 9.372-33.942 0z\"><\/path><\/svg><\/span>\n\t\t\t\t\t\t\t\t<span class=\"elementor-toggle-icon-opened\"><svg class=\"elementor-toggle-icon-opened e-font-icon-svg e-fas-chevron-up\" viewBox=\"0 0 448 512\" xmlns=\"http:\/\/www.w3.org\/2000\/svg\"><path d=\"M240.971 130.524l194.343 194.343c9.373 9.373 9.373 24.569 0 33.941l-22.667 22.667c-9.357 9.357-24.522 9.375-33.901.04L224 227.495 69.255 381.516c-9.379 9.335-24.544 9.317-33.901-.04l-22.667-22.667c-9.373-9.373-9.373-24.569 0-33.941L207.03 130.525c9.372-9.373 24.568-9.373 33.941-.001z\"><\/path><\/svg><\/span>\n\t\t\t\t\t\t\t\t\t\t\t\t\t<\/span>\n\t\t\t\t\t\t\t\t\t\t\t\t<a class=\"elementor-toggle-title\" tabindex=\"0\">Lis\u00e4tiedot<\/a>\n\t\t\t\t\t<\/h5>\n\n\t\t\t\t\t<div id=\"elementor-tab-content-3991\" class=\"elementor-tab-content elementor-clearfix\" data-tab=\"1\" role=\"region\" aria-labelledby=\"elementor-tab-title-3991\"><p>Kissan DNA-tunniste on sen geneettinen sormenj\u00e4lki. Sit\u00e4 ei voi v\u00e4\u00e4rent\u00e4\u00e4, se s\u00e4ilyy muuttumattomana l\u00e4pi el\u00e4m\u00e4n ja sen perusteella el\u00e4in voidaan tunnistaa luotettavasti esimerkiksi kasvatuslupaa tai polveutumistutkimusta varten tai oikeudellisen riidan sattuessa. Kaikki DNA-tunnisteet tallennetaan DNA-tietokantaamme, jossa ne ovat pysyv\u00e4sti saatavilla. DNA-tunniste on 99,99 % todenn\u00e4k\u00f6isyydell\u00e4 ainutlaatuinen. Poikkeuksena t\u00e4st\u00e4 voi olla ainoastaan monotsygoottinen saman pentueen j\u00e4sen.<\/p>\n<p>DNA-tunniste perustuu vaihtelevanpituisten DNA-segmenttien (mikrosatelliittien) analysointiin. Pituus vaihtelee yksil\u00f6kohtaisesti (pituuspolymorfismi). Mikrosatelliittien yhdistelm\u00e4 tuottaa el\u00e4inkohtaisesti ainutlaatuisen DNA-tunnisteen.<\/p>\n<p>DNA-tunnisteen laatiminen aloitetaan erist\u00e4m\u00e4ll\u00e4 el\u00e4imen geneettinen materiaali (DNA) tumallisista soluista. Analysoitavat DNA-alueet monistetaan sen j\u00e4lkeen miljoonia kertoja polymeraasiketjureaktion (PCR) avulla. Mikrosatelliittien pituus voidaan m\u00e4\u00e4ritt\u00e4\u00e4 tietokoneavusteisella analyysill\u00e4. Sen perusteella laaditaan lopuksi jokaiselle el\u00e4imelle yksil\u00f6llinen, toistettavissa oleva merkkimuoto.<\/p>\n<p>Kissan DNA-tunniste noudattaa ISAG-standardia ja analysoi 17 STR-markkeeria. Se on kansainv\u00e4lisesti vertailukelpoinen.<\/p>\n<\/div>\n\t\t\t\t<\/div>\n\t\t\t\t\t\t\t\t<\/div>\n\t\t\t\t<\/div>\n\t\t\t\t<\/div>\n\t\t\t\t<\/div>\n\t\t\t\t\t<\/div>\n\t\t\t\t<\/div>\n\t\t<div class=\"elementor-element elementor-element-4b49ac9 e-flex e-con-boxed e-con e-parent\" data-id=\"4b49ac9\" data-element_type=\"container\">\n\t\t\t\t\t<div class=\"e-con-inner\">\n\t\t\t\t<div class=\"elementor-element elementor-element-624b79d elementor-widget elementor-widget-spacer\" data-id=\"624b79d\" data-element_type=\"widget\" data-widget_type=\"spacer.default\">\n\t\t\t\t<div class=\"elementor-widget-container\">\n\t\t\t\t\t<div class=\"elementor-spacer\">\n\t\t\t<div class=\"elementor-spacer-inner\"><\/div>\n\t\t<\/div>\n\t\t\t\t<\/div>\n\t\t\t\t<\/div>\n\t\t\t\t\t<\/div>\n\t\t\t\t<\/div>\n\t\t\t\t<\/div>\n\t\t","protected":false},"excerpt":{"rendered":"<p>Kissan DNA-tunniste Yleiskuvaus Kissan DNA-tunniste perustuu eripituisiin DNA-jaksoihin. Se on el\u00e4imen muuttumaton ja v\u00e4\u00e4rent\u00e4m\u00e4t\u00f6n geneettinen sormenj\u00e4lki, joka mahdollistaa tunnistamisen 99,99 % todenn\u00e4k\u00f6isyydell\u00e4. DNA-tunniste perustuu 17 STR-markkeerin analysointiin ISAG-ohjeistuksen mukaisesti, mink\u00e4 ansiosta se on kansainv\u00e4lisesti vertailukelpoinen. Kaikki DNA-tunnisteet tallennetaan DNA-tietokantaamme. Rodut Kaikki rodut Tilaustiedot Testinumero 8175 Testin nimi Geneettinen sormenj\u00e4lki N\u00e4ytemateriaali 0,5 ml EDTA-verta, 2 x [&hellip;]<\/p>\n","protected":false},"author":5,"featured_media":0,"parent":271951,"menu_order":45,"comment_status":"closed","ping_status":"closed","template":"","meta":{"footnotes":""},"class_list":["post-272296","page","type-page","status-publish","hentry"],"_links":{"self":[{"href":"https:\/\/labogen.com\/fi\/wp-json\/wp\/v2\/pages\/272296","targetHints":{"allow":["GET"]}}],"collection":[{"href":"https:\/\/labogen.com\/fi\/wp-json\/wp\/v2\/pages"}],"about":[{"href":"https:\/\/labogen.com\/fi\/wp-json\/wp\/v2\/types\/page"}],"author":[{"embeddable":true,"href":"https:\/\/labogen.com\/fi\/wp-json\/wp\/v2\/users\/5"}],"replies":[{"embeddable":true,"href":"https:\/\/labogen.com\/fi\/wp-json\/wp\/v2\/comments?post=272296"}],"version-history":[{"count":3,"href":"https:\/\/labogen.com\/fi\/wp-json\/wp\/v2\/pages\/272296\/revisions"}],"predecessor-version":[{"id":275428,"href":"https:\/\/labogen.com\/fi\/wp-json\/wp\/v2\/pages\/272296\/revisions\/275428"}],"up":[{"embeddable":true,"href":"https:\/\/labogen.com\/fi\/wp-json\/wp\/v2\/pages\/271951"}],"wp:attachment":[{"href":"https:\/\/labogen.com\/fi\/wp-json\/wp\/v2\/media?parent=272296"}],"curies":[{"name":"wp","href":"https:\/\/api.w.org\/{rel}","templated":true}]}}