{"id":272278,"date":"2024-07-29T13:01:14","date_gmt":"2024-07-29T11:01:14","guid":{"rendered":"https:\/\/staging.laboklin.com\/labogen\/labogen_wp\/index.php\/dna-profilointi\/dna-tunniste-hevonen\/"},"modified":"2024-09-26T17:18:13","modified_gmt":"2024-09-26T15:18:13","slug":"dna-tunniste-hevonen","status":"publish","type":"page","link":"https:\/\/labogen.com\/fi\/dna-profilointi\/dna-tunniste-hevonen\/","title":{"rendered":"DNA-tunniste &#8211; HEVONEN"},"content":{"rendered":"\t\t<div data-elementor-type=\"wp-page\" data-elementor-id=\"272278\" class=\"elementor elementor-272278 elementor-13068\">\n\t\t\t\t<div class=\"elementor-element elementor-element-5ddabbb e-flex e-con-boxed e-con e-parent\" data-id=\"5ddabbb\" data-element_type=\"container\">\n\t\t\t\t\t<div class=\"e-con-inner\">\n\t\t<div class=\"elementor-element elementor-element-28386a3 e-con-full e-flex e-con e-child\" data-id=\"28386a3\" data-element_type=\"container\">\n\t\t\t\t<div class=\"elementor-element elementor-element-4c67847 elementor-hidden-mobile elementor-widget elementor-widget-heading\" data-id=\"4c67847\" data-element_type=\"widget\" data-widget_type=\"heading.default\">\n\t\t\t\t<div class=\"elementor-widget-container\">\n\t\t\t<h1 class=\"elementor-heading-title elementor-size-default\">DNA-tunniste hevoselle<\/h1>\t\t<\/div>\n\t\t\t\t<\/div>\n\t\t\t\t<div class=\"elementor-element elementor-element-d21ff76 elementor-widget elementor-widget-text-editor\" data-id=\"d21ff76\" data-element_type=\"widget\" data-widget_type=\"text-editor.default\">\n\t\t\t\t<div class=\"elementor-widget-container\">\n\t\t\t\t\t\t\t<h4><strong>Yleiskuvaus<\/strong><\/h4>\n<p><span style=\"color: #800000;\">Hevosen DNA-tunniste perustuu eripituisiin DNA-jaksoihin. N\u00e4iden mikrosatelliitien avulla jokaiselle el\u00e4imelle muodostuu ainutlaatuinen tunniste, jota nimitet\u00e4\u00e4n my\u00f6s geneettiseksi sormenj\u00e4ljeksi. DNA-tunnisteen ainutlaatuisuuden todenn\u00e4k\u00f6isyys on yli 99,99 %, ja ainoat poikkeamat siit\u00e4 ovat samasta munasolusta syntyneet sisarukset. Se on siksi luotettava tapa tunnistaa el\u00e4imen henkil\u00f6llisyys. My\u00f6s polveutumistutkimus perustuu DNA-tunnisteeseen. DNA-tunniste perustuu 17 STR-markkeerin analysointiin ISAG-ohjeistuksen mukaisesti, mink\u00e4 ansiosta se on kansainv\u00e4lisesti vertailukelpoinen. Kaikki tunnisteet tallennetaan DNA-tietokantaamme.<\/span><\/p>\n<h4><strong><span style=\"color: #e51e1e;\">Rodut<\/span><\/strong><\/h4>\n<p>Kaikki rodut<\/p>\t\t\t\t\t\t<\/div>\n\t\t\t\t<\/div>\n\t\t\t\t<\/div>\n\t\t<div class=\"elementor-element elementor-element-090e032 e-con-full e-flex e-con e-child\" data-id=\"090e032\" data-element_type=\"container\">\n\t\t\t\t<div class=\"elementor-element elementor-element-0544bfb elementor-invisible elementor-widget elementor-widget-toggle\" data-id=\"0544bfb\" data-element_type=\"widget\" data-settings=\"{&quot;_animation&quot;:&quot;slideInUp&quot;,&quot;_animation_delay&quot;:1500}\" data-widget_type=\"toggle.default\">\n\t\t\t\t<div class=\"elementor-widget-container\">\n\t\t\t\t\t<div class=\"elementor-toggle\">\n\t\t\t\t\t\t\t<div class=\"elementor-toggle-item\">\n\t\t\t\t\t<h6 id=\"elementor-tab-title-5521\" class=\"elementor-tab-title\" data-tab=\"1\" role=\"button\" aria-controls=\"elementor-tab-content-5521\" aria-expanded=\"false\">\n\t\t\t\t\t\t\t\t\t\t\t\t<span class=\"elementor-toggle-icon elementor-toggle-icon-left\" aria-hidden=\"true\">\n\t\t\t\t\t\t\t\t\t\t\t\t\t\t\t<span class=\"elementor-toggle-icon-closed\"><svg class=\"e-font-icon-svg e-far-plus-square\" viewBox=\"0 0 448 512\" xmlns=\"http:\/\/www.w3.org\/2000\/svg\"><path d=\"M352 240v32c0 6.6-5.4 12-12 12h-88v88c0 6.6-5.4 12-12 12h-32c-6.6 0-12-5.4-12-12v-88h-88c-6.6 0-12-5.4-12-12v-32c0-6.6 5.4-12 12-12h88v-88c0-6.6 5.4-12 12-12h32c6.6 0 12 5.4 12 12v88h88c6.6 0 12 5.4 12 12zm96-160v352c0 26.5-21.5 48-48 48H48c-26.5 0-48-21.5-48-48V80c0-26.5 21.5-48 48-48h352c26.5 0 48 21.5 48 48zm-48 346V86c0-3.3-2.7-6-6-6H54c-3.3 0-6 2.7-6 6v340c0 3.3 2.7 6 6 6h340c3.3 0 6-2.7 6-6z\"><\/path><\/svg><\/span>\n\t\t\t\t\t\t\t\t<span class=\"elementor-toggle-icon-opened\"><svg class=\"elementor-toggle-icon-opened e-font-icon-svg e-far-minus-square\" viewBox=\"0 0 448 512\" xmlns=\"http:\/\/www.w3.org\/2000\/svg\"><path d=\"M108 284c-6.6 0-12-5.4-12-12v-32c0-6.6 5.4-12 12-12h232c6.6 0 12 5.4 12 12v32c0 6.6-5.4 12-12 12H108zM448 80v352c0 26.5-21.5 48-48 48H48c-26.5 0-48-21.5-48-48V80c0-26.5 21.5-48 48-48h352c26.5 0 48 21.5 48 48zm-48 346V86c0-3.3-2.7-6-6-6H54c-3.3 0-6 2.7-6 6v340c0 3.3 2.7 6 6 6h340c3.3 0 6-2.7 6-6z\"><\/path><\/svg><\/span>\n\t\t\t\t\t\t\t\t\t\t\t\t\t<\/span>\n\t\t\t\t\t\t\t\t\t\t\t\t<a class=\"elementor-toggle-title\" tabindex=\"0\">Tilaustiedot<\/a>\n\t\t\t\t\t<\/h6>\n\n\t\t\t\t\t<div id=\"elementor-tab-content-5521\" class=\"elementor-tab-content elementor-clearfix\" data-tab=\"1\" role=\"region\" aria-labelledby=\"elementor-tab-title-5521\"><table border=\"0\">\n<tbody>\n<tr>\n<td width=\"45%\"><span style=\"color: #e51e1e;\"><strong>Testinumero <\/strong><\/span><\/td>\n<td>8607<\/td>\n<\/tr>\n<tr>\n<td><strong>Testin nimi <\/strong><\/td>\n<td>Geneettinen sormenj\u00e4lki<\/td>\n<\/tr>\n<tr>\n<td><span style=\"color: #e51e1e;\"><strong>N\u00e4ytemateriaali <\/strong><\/span><\/td>\n<td>0,5 ml EDTA -verta, harja- ja h\u00e4nt\u00e4jouhia karvatuppeineen<\/td>\n<\/tr>\n<tr>\n<td><strong>K\u00e4sittelyaika <\/strong><\/td>\n<td>14-21 ty\u00f6p\u00e4iv\u00e4\u00e4<\/td>\n<\/tr>\n<\/tbody>\n<\/table>\n<\/div>\n\t\t\t\t<\/div>\n\t\t\t\t\t\t\t<div class=\"elementor-toggle-item\">\n\t\t\t\t\t<h6 id=\"elementor-tab-title-5522\" class=\"elementor-tab-title\" data-tab=\"2\" role=\"button\" aria-controls=\"elementor-tab-content-5522\" aria-expanded=\"false\">\n\t\t\t\t\t\t\t\t\t\t\t\t<span class=\"elementor-toggle-icon elementor-toggle-icon-left\" aria-hidden=\"true\">\n\t\t\t\t\t\t\t\t\t\t\t\t\t\t\t<span class=\"elementor-toggle-icon-closed\"><svg class=\"e-font-icon-svg e-far-plus-square\" viewBox=\"0 0 448 512\" xmlns=\"http:\/\/www.w3.org\/2000\/svg\"><path d=\"M352 240v32c0 6.6-5.4 12-12 12h-88v88c0 6.6-5.4 12-12 12h-32c-6.6 0-12-5.4-12-12v-88h-88c-6.6 0-12-5.4-12-12v-32c0-6.6 5.4-12 12-12h88v-88c0-6.6 5.4-12 12-12h32c6.6 0 12 5.4 12 12v88h88c6.6 0 12 5.4 12 12zm96-160v352c0 26.5-21.5 48-48 48H48c-26.5 0-48-21.5-48-48V80c0-26.5 21.5-48 48-48h352c26.5 0 48 21.5 48 48zm-48 346V86c0-3.3-2.7-6-6-6H54c-3.3 0-6 2.7-6 6v340c0 3.3 2.7 6 6 6h340c3.3 0 6-2.7 6-6z\"><\/path><\/svg><\/span>\n\t\t\t\t\t\t\t\t<span class=\"elementor-toggle-icon-opened\"><svg class=\"elementor-toggle-icon-opened e-font-icon-svg e-far-minus-square\" viewBox=\"0 0 448 512\" xmlns=\"http:\/\/www.w3.org\/2000\/svg\"><path d=\"M108 284c-6.6 0-12-5.4-12-12v-32c0-6.6 5.4-12 12-12h232c6.6 0 12 5.4 12 12v32c0 6.6-5.4 12-12 12H108zM448 80v352c0 26.5-21.5 48-48 48H48c-26.5 0-48-21.5-48-48V80c0-26.5 21.5-48 48-48h352c26.5 0 48 21.5 48 48zm-48 346V86c0-3.3-2.7-6-6-6H54c-3.3 0-6 2.7-6 6v340c0 3.3 2.7 6 6 6h340c3.3 0 6-2.7 6-6z\"><\/path><\/svg><\/span>\n\t\t\t\t\t\t\t\t\t\t\t\t\t<\/span>\n\t\t\t\t\t\t\t\t\t\t\t\t<a class=\"elementor-toggle-title\" tabindex=\"0\">Testin tiedot<\/a>\n\t\t\t\t\t<\/h6>\n\n\t\t\t\t\t<div id=\"elementor-tab-content-5522\" class=\"elementor-tab-content elementor-clearfix\" data-tab=\"2\" role=\"region\" aria-labelledby=\"elementor-tab-title-5522\"><table border=\"0\">\n<tbody>\n<tr>\n<td width=\"45%\"><span style=\"color: #e51e1e;\"><strong>Markkeerit<\/strong><\/span><\/td>\n<td>17 STR:\u00e4\u00e4<\/td>\n<\/tr>\n<tr>\n<td><strong>Standardi<\/strong><\/td>\n<td>ISAG<\/td>\n<\/tr>\n<\/tbody>\n<\/table>\n<\/div>\n\t\t\t\t<\/div>\n\t\t\t\t\t\t\t\t<\/div>\n\t\t\t\t<\/div>\n\t\t\t\t<\/div>\n\t\t\t\t<div class=\"elementor-element elementor-element-5c2bac8 elementor-align-right elementor-invisible elementor-widget elementor-widget-ibutton\" data-id=\"5c2bac8\" data-element_type=\"widget\" data-settings=\"{&quot;_animation&quot;:&quot;slideInRight&quot;,&quot;_animation_delay&quot;:3000}\" data-widget_type=\"ibutton.default\">\n\t\t\t\t<div class=\"elementor-widget-container\">\n\t\t\t\t\t<div class=\"ot-button\">\r\n\t\t\t<a href=\"http:\/\/mercur:8904\/\" class=\"octf-btn octf-btn-dark\"><strong>Tilaa<\/strong><\/a>\r\n\t    <\/div>\r\n\t    \t\t<\/div>\n\t\t\t\t<\/div>\n\t\t\t\t<\/div>\n\t\t\t\t\t<\/div>\n\t\t\t\t<\/div>\n\t\t<div class=\"elementor-element elementor-element-ed322c3 e-flex e-con-boxed e-con e-parent\" data-id=\"ed322c3\" data-element_type=\"container\">\n\t\t\t\t\t<div class=\"e-con-inner\">\n\t\t<div class=\"elementor-element elementor-element-060e001 e-con-full e-flex e-con e-child\" data-id=\"060e001\" data-element_type=\"container\">\n\t\t\t\t<div class=\"elementor-element elementor-element-d7cd1a7 elementor-widget elementor-widget-toggle\" data-id=\"d7cd1a7\" data-element_type=\"widget\" data-widget_type=\"toggle.default\">\n\t\t\t\t<div class=\"elementor-widget-container\">\n\t\t\t\t\t<div class=\"elementor-toggle\">\n\t\t\t\t\t\t\t<div class=\"elementor-toggle-item\">\n\t\t\t\t\t<h5 id=\"elementor-tab-title-2261\" class=\"elementor-tab-title\" data-tab=\"1\" role=\"button\" aria-controls=\"elementor-tab-content-2261\" aria-expanded=\"false\">\n\t\t\t\t\t\t\t\t\t\t\t\t<span class=\"elementor-toggle-icon elementor-toggle-icon-left\" aria-hidden=\"true\">\n\t\t\t\t\t\t\t\t\t\t\t\t\t\t\t<span class=\"elementor-toggle-icon-closed\"><svg class=\"e-font-icon-svg e-fas-chevron-down\" viewBox=\"0 0 448 512\" xmlns=\"http:\/\/www.w3.org\/2000\/svg\"><path d=\"M207.029 381.476L12.686 187.132c-9.373-9.373-9.373-24.569 0-33.941l22.667-22.667c9.357-9.357 24.522-9.375 33.901-.04L224 284.505l154.745-154.021c9.379-9.335 24.544-9.317 33.901.04l22.667 22.667c9.373 9.373 9.373 24.569 0 33.941L240.971 381.476c-9.373 9.372-24.569 9.372-33.942 0z\"><\/path><\/svg><\/span>\n\t\t\t\t\t\t\t\t<span class=\"elementor-toggle-icon-opened\"><svg class=\"elementor-toggle-icon-opened e-font-icon-svg e-fas-chevron-up\" viewBox=\"0 0 448 512\" xmlns=\"http:\/\/www.w3.org\/2000\/svg\"><path d=\"M240.971 130.524l194.343 194.343c9.373 9.373 9.373 24.569 0 33.941l-22.667 22.667c-9.357 9.357-24.522 9.375-33.901.04L224 227.495 69.255 381.516c-9.379 9.335-24.544 9.317-33.901-.04l-22.667-22.667c-9.373-9.373-9.373-24.569 0-33.941L207.03 130.525c9.372-9.373 24.568-9.373 33.941-.001z\"><\/path><\/svg><\/span>\n\t\t\t\t\t\t\t\t\t\t\t\t\t<\/span>\n\t\t\t\t\t\t\t\t\t\t\t\t<a class=\"elementor-toggle-title\" tabindex=\"0\">Lis\u00e4tiedot<\/a>\n\t\t\t\t\t<\/h5>\n\n\t\t\t\t\t<div id=\"elementor-tab-content-2261\" class=\"elementor-tab-content elementor-clearfix\" data-tab=\"1\" role=\"region\" aria-labelledby=\"elementor-tab-title-2261\"><p>Hevosen DNA-tunniste on sen geneettinen sormenj\u00e4lki, Sit\u00e4 ei voi v\u00e4\u00e4rent\u00e4\u00e4, se s\u00e4ilyy muuttumattomana l\u00e4pi el\u00e4m\u00e4n ja sen perusteella el\u00e4in voidaan tunnistaa luotettavasti esimerkiksi jalostuslupaa tai polveutumistutkimusta varten tai oikeudellisen riidan sattuessa. Kaikki DNA-tunnisteet tallennetaan DNA-tietokantaamme, jossa ne ovat pysyv\u00e4sti saatavilla. DNA-tunniste on 99,99 % todenn\u00e4k\u00f6isyydell\u00e4 ainutlaatuinen.<\/p>\n<p>DNA-tunniste perustuu vaihtelevanpituisten DNA-segmenttien (mikrosatelliittien) analysointiin. Pituus vaihtelee yksil\u00f6kohtaisesti (pituuspolymorfismi). Mikrosatelliittien yhdistelm\u00e4 tuottaa jokaiselle el\u00e4imelle ainutlaatuisen DNA-tunnisteen.<\/p>\n<p>Hevosen DNA-tunniste on ISAG (International Society for Animal Genetics) -standardin mukainen ja siten kansainv\u00e4lisesti vertailukelpoinen. Hevosen DNA-tunnistetta varten analysoidaan 17 STR-markkeria.<\/p>\n<p>DNA-tunnisteen laatiminen aloitetaan erist\u00e4m\u00e4ll\u00e4 el\u00e4imen geneettinen materiaali (DNA) tumallisista soluista. Analysoitavat DNA-alueet monistetaan sen j\u00e4lkeen miljoonia kertoja polymeraasiketjureaktion (PCR) avulla. Mikrosatelliittien pituus voidaan m\u00e4\u00e4ritt\u00e4\u00e4 tietokoneavusteisella analyysill\u00e4. Sen perusteella laaditaan lopuksi jokaiselle el\u00e4imelle yksil\u00f6llinen, toistettavissa oleva merkkimuoto.<\/p>\n<\/div>\n\t\t\t\t<\/div>\n\t\t\t\t\t\t\t\t<\/div>\n\t\t\t\t<\/div>\n\t\t\t\t<\/div>\n\t\t\t\t<\/div>\n\t\t\t\t\t<\/div>\n\t\t\t\t<\/div>\n\t\t<div class=\"elementor-element elementor-element-a01b969 e-flex e-con-boxed e-con e-parent\" data-id=\"a01b969\" data-element_type=\"container\">\n\t\t\t\t\t<div class=\"e-con-inner\">\n\t\t\t\t<div class=\"elementor-element elementor-element-8cc8bbc elementor-widget elementor-widget-spacer\" data-id=\"8cc8bbc\" data-element_type=\"widget\" data-widget_type=\"spacer.default\">\n\t\t\t\t<div class=\"elementor-widget-container\">\n\t\t\t\t\t<div class=\"elementor-spacer\">\n\t\t\t<div class=\"elementor-spacer-inner\"><\/div>\n\t\t<\/div>\n\t\t\t\t<\/div>\n\t\t\t\t<\/div>\n\t\t\t\t\t<\/div>\n\t\t\t\t<\/div>\n\t\t\t\t<\/div>\n\t\t","protected":false},"excerpt":{"rendered":"<p>DNA-tunniste hevoselle Yleiskuvaus Hevosen DNA-tunniste perustuu eripituisiin DNA-jaksoihin. N\u00e4iden mikrosatelliitien avulla jokaiselle el\u00e4imelle muodostuu ainutlaatuinen tunniste, jota nimitet\u00e4\u00e4n my\u00f6s geneettiseksi sormenj\u00e4ljeksi. DNA-tunnisteen ainutlaatuisuuden todenn\u00e4k\u00f6isyys on yli 99,99 %, ja ainoat poikkeamat siit\u00e4 ovat samasta munasolusta syntyneet sisarukset. Se on siksi luotettava tapa tunnistaa el\u00e4imen henkil\u00f6llisyys. My\u00f6s polveutumistutkimus perustuu DNA-tunnisteeseen. DNA-tunniste perustuu 17 STR-markkeerin analysointiin ISAG-ohjeistuksen [&hellip;]<\/p>\n","protected":false},"author":5,"featured_media":0,"parent":271951,"menu_order":46,"comment_status":"closed","ping_status":"closed","template":"","meta":{"footnotes":""},"class_list":["post-272278","page","type-page","status-publish","hentry"],"_links":{"self":[{"href":"https:\/\/labogen.com\/fi\/wp-json\/wp\/v2\/pages\/272278","targetHints":{"allow":["GET"]}}],"collection":[{"href":"https:\/\/labogen.com\/fi\/wp-json\/wp\/v2\/pages"}],"about":[{"href":"https:\/\/labogen.com\/fi\/wp-json\/wp\/v2\/types\/page"}],"author":[{"embeddable":true,"href":"https:\/\/labogen.com\/fi\/wp-json\/wp\/v2\/users\/5"}],"replies":[{"embeddable":true,"href":"https:\/\/labogen.com\/fi\/wp-json\/wp\/v2\/comments?post=272278"}],"version-history":[{"count":3,"href":"https:\/\/labogen.com\/fi\/wp-json\/wp\/v2\/pages\/272278\/revisions"}],"predecessor-version":[{"id":275393,"href":"https:\/\/labogen.com\/fi\/wp-json\/wp\/v2\/pages\/272278\/revisions\/275393"}],"up":[{"embeddable":true,"href":"https:\/\/labogen.com\/fi\/wp-json\/wp\/v2\/pages\/271951"}],"wp:attachment":[{"href":"https:\/\/labogen.com\/fi\/wp-json\/wp\/v2\/media?parent=272278"}],"curies":[{"name":"wp","href":"https:\/\/api.w.org\/{rel}","templated":true}]}}