{"id":272228,"date":"2024-08-05T10:33:33","date_gmt":"2024-08-05T08:33:33","guid":{"rendered":"https:\/\/staging.laboklin.com\/labogen\/labogen_wp\/index.php\/pakkaukset-testiyhdistelmaet\/"},"modified":"2024-09-27T17:50:23","modified_gmt":"2024-09-27T15:50:23","slug":"pakkaukset-testiyhdistelmaet","status":"publish","type":"page","link":"https:\/\/labogen.com\/fi\/pakkaukset-testiyhdistelmaet\/","title":{"rendered":"Yhdistelm\u00e4geenitestit"},"content":{"rendered":"\t\t<div data-elementor-type=\"wp-page\" data-elementor-id=\"272228\" class=\"elementor elementor-272228 elementor-10676\">\n\t\t\t\t<div class=\"elementor-element elementor-element-f6469d9 e-grid e-con-boxed e-con e-parent\" data-id=\"f6469d9\" data-element_type=\"container\">\n\t\t\t\t\t<div class=\"e-con-inner\">\n\t\t\t\t<div class=\"elementor-element elementor-element-7eeabc7 elementor-widget elementor-widget-ifeaturedbox\" data-id=\"7eeabc7\" data-element_type=\"widget\" data-widget_type=\"ifeaturedbox.default\">\n\t\t\t\t<div class=\"elementor-widget-container\">\n\t\t\t\r\n\t\t<div class=\"ot-features-box\">\r\n\t\t\t<div class=\"features-image\" id=\"animated-thumbnials\">\r\n\t\t\t\t<a href=\"https:\/\/labogen.com\/fi\/yhdistelmaetestit-koira\/\">\t\t\t\t\t\t\t\t\t<span class=\"overlay flex-middle\"><i class=\"ot-flaticon-add\"><\/i><\/span>\r\n\t\t\t\t\t<img fetchpriority=\"high\" decoding=\"async\" width=\"500\" height=\"500\" src=\"https:\/\/labogen.com\/wp-content\/uploads\/2024\/08\/FI_DOG_ICONS.jpg\" class=\"attachment-full size-full wp-image-269509\" alt=\"\" srcset=\"https:\/\/labogen.com\/wp-content\/uploads\/2024\/08\/FI_DOG_ICONS.jpg 500w, https:\/\/labogen.com\/wp-content\/uploads\/2024\/08\/FI_DOG_ICONS-300x300.jpg 300w, https:\/\/labogen.com\/wp-content\/uploads\/2024\/08\/FI_DOG_ICONS-150x150.jpg 150w\" sizes=\"(max-width: 500px) 100vw, 500px\" \/>\t\t\t\t\t\t\t\t<\/a>\t\t\t\t\r\n\t\t\t<\/div>\r\n\t\t\t\t\t\t<div class=\"features-content\">\r\n\t\t\t\t<h6 class=\"features-box-title\"><a ><span>Testipaketit <\/span> Yhdistelm\u00e4geenitestit<\/a><\/h6>\t\t\t<\/div>\r\n\t\t\t\t    <\/div>\r\n\r\n\t    \t\t<\/div>\n\t\t\t\t<\/div>\n\t\t\t\t<div class=\"elementor-element elementor-element-dff112a elementor-widget elementor-widget-ifeaturedbox\" data-id=\"dff112a\" data-element_type=\"widget\" data-widget_type=\"ifeaturedbox.default\">\n\t\t\t\t<div class=\"elementor-widget-container\">\n\t\t\t\r\n\t\t<div class=\"ot-features-box\">\r\n\t\t\t<div class=\"features-image\" id=\"animated-thumbnials\">\r\n\t\t\t\t<a href=\"https:\/\/labogen.com\/fi\/yhdistelmaetestit-kissa\/\">\t\t\t\t\t\t\t\t\t<span class=\"overlay flex-middle\"><i class=\"ot-flaticon-add\"><\/i><\/span>\r\n\t\t\t\t\t<img decoding=\"async\" width=\"500\" height=\"500\" src=\"https:\/\/labogen.com\/wp-content\/uploads\/2024\/08\/FI_CAT_ICONS.jpg\" class=\"attachment-full size-full wp-image-269558\" alt=\"\" srcset=\"https:\/\/labogen.com\/wp-content\/uploads\/2024\/08\/FI_CAT_ICONS.jpg 500w, https:\/\/labogen.com\/wp-content\/uploads\/2024\/08\/FI_CAT_ICONS-300x300.jpg 300w, https:\/\/labogen.com\/wp-content\/uploads\/2024\/08\/FI_CAT_ICONS-150x150.jpg 150w\" sizes=\"(max-width: 500px) 100vw, 500px\" \/>\t\t\t\t\t\t\t\t<\/a>\t\t\t\t\r\n\t\t\t<\/div>\r\n\t\t\t\t\t\t<div class=\"features-content\">\r\n\t\t\t\t<h6 class=\"features-box-title\"><a ><span>Testipaketit<\/span> Yhdistelm\u00e4geenitestit<\/a><\/h6>\t\t\t<\/div>\r\n\t\t\t\t    <\/div>\r\n\r\n\t    \t\t<\/div>\n\t\t\t\t<\/div>\n\t\t\t\t<div class=\"elementor-element elementor-element-fb8fd0b elementor-widget elementor-widget-ifeaturedbox\" data-id=\"fb8fd0b\" data-element_type=\"widget\" data-widget_type=\"ifeaturedbox.default\">\n\t\t\t\t<div class=\"elementor-widget-container\">\n\t\t\t\r\n\t\t<div class=\"ot-features-box\">\r\n\t\t\t<div class=\"features-image\" id=\"animated-thumbnials\">\r\n\t\t\t\t<a href=\"https:\/\/labogen.com\/fi\/yhdistelmaetestit-hevonen\/\">\t\t\t\t\t\t\t\t\t<span class=\"overlay flex-middle\"><i class=\"ot-flaticon-add\"><\/i><\/span>\r\n\t\t\t\t\t<img decoding=\"async\" width=\"500\" height=\"500\" src=\"https:\/\/labogen.com\/wp-content\/uploads\/2024\/08\/FI_ICONS_Website.jpg\" class=\"attachment-full size-full wp-image-269418\" alt=\"\" srcset=\"https:\/\/labogen.com\/wp-content\/uploads\/2024\/08\/FI_ICONS_Website.jpg 500w, https:\/\/labogen.com\/wp-content\/uploads\/2024\/08\/FI_ICONS_Website-300x300.jpg 300w, https:\/\/labogen.com\/wp-content\/uploads\/2024\/08\/FI_ICONS_Website-150x150.jpg 150w\" sizes=\"(max-width: 500px) 100vw, 500px\" \/>\t\t\t\t\t\t\t\t<\/a>\t\t\t\t\r\n\t\t\t<\/div>\r\n\t\t\t\t\t\t<div class=\"features-content\">\r\n\t\t\t\t<h6 class=\"features-box-title\"><a ><span>Testipaketit<\/span> Yhdistelm\u00e4geenitestit<\/a><\/h6>\t\t\t<\/div>\r\n\t\t\t\t    <\/div>\r\n\r\n\t    \t\t<\/div>\n\t\t\t\t<\/div>\n\t\t\t\t\t<\/div>\n\t\t\t\t<\/div>\n\t\t<div class=\"elementor-element elementor-element-3d513b8 e-flex e-con-boxed e-con e-parent\" data-id=\"3d513b8\" data-element_type=\"container\">\n\t\t\t\t\t<div class=\"e-con-inner\">\n\t\t\t\t<div class=\"elementor-element elementor-element-cc3e2be elementor-widget elementor-widget-text-editor\" data-id=\"cc3e2be\" data-element_type=\"widget\" data-widget_type=\"text-editor.default\">\n\t\t\t\t<div class=\"elementor-widget-container\">\n\t\t\t\t\t\t\t<p><strong><a href=\"https:\/\/labogen.com\/en\/hereditary-diseases\/\">Yksitt\u00e4isten geenitestien<\/a><\/strong> lis\u00e4ksi tarjoamme erilaisia <strong>rotukohtaisia paketteja <\/strong>koirien, kissojen ja hevosten perinn\u00f6llisten sairauksien ja karvan ominaisuuksien seulontaa varten. Testipaketteihin on koottu <strong>tiettyyn rotuun<\/strong> <strong>liittyv\u00e4t testit<\/strong> <strong>edulliseen hintaan<\/strong> ja ne mahdollistavat useiden sairauksien ja geneettisten ominaisuuksien <strong>tutkimisen yhdell\u00e4 kertaa<\/strong>. Testipakettien sis\u00e4lt\u00f6\u00e4 <strong>p\u00e4ivitet\u00e4\u00e4n <\/strong>jatkuvasti sis\u00e4lt\u00e4m\u00e4\u00e4n <strong>uusimpia testej\u00e4 tai testitapoja<\/strong>. <\/p>\n<p>Jos haluat <strong>paremman k\u00e4sityksen<\/strong> koirasi tai kissasi genetiikasta, kannattaa tutustua <a href=\"https:\/\/labogen.com\/en\/labogenetics-xxl-dog\/\"><strong>LABOGenetics XXL koira<\/strong><\/a> ja\/tai <strong><a href=\"https:\/\/labogen.com\/en\/labogenetics-xxl-cat\/\">LABOGenetics XXL kissa<\/a><\/strong> -testipaketteihin. Ne sis\u00e4lt\u00e4v\u00e4t kattavan geneettisen seulonnan perinn\u00f6llisist\u00e4 sairauksista ja riskitetkij\u00f6ist\u00e4, sek\u00e4 tietoa karvan v\u00e4rist\u00e4 ja muista ominaisuuksista. <\/p>\n\t\t\t\t\t\t<\/div>\n\t\t\t\t<\/div>\n\t\t\t\t\t<\/div>\n\t\t\t\t<\/div>\n\t\t\t\t<\/div>\n\t\t","protected":false},"excerpt":{"rendered":"<p>Testipaketit Yhdistelm\u00e4geenitestit Testipaketit Yhdistelm\u00e4geenitestit Testipaketit Yhdistelm\u00e4geenitestit Yksitt\u00e4isten geenitestien lis\u00e4ksi tarjoamme erilaisia rotukohtaisia paketteja koirien, kissojen ja hevosten perinn\u00f6llisten sairauksien ja karvan ominaisuuksien seulontaa varten. Testipaketteihin on koottu tiettyyn rotuun liittyv\u00e4t testit edulliseen hintaan ja ne mahdollistavat useiden sairauksien ja geneettisten ominaisuuksien tutkimisen yhdell\u00e4 kertaa. Testipakettien sis\u00e4lt\u00f6\u00e4 p\u00e4ivitet\u00e4\u00e4n jatkuvasti sis\u00e4lt\u00e4m\u00e4\u00e4n uusimpia testej\u00e4 tai testitapoja. Jos haluat [&hellip;]<\/p>\n","protected":false},"author":5,"featured_media":0,"parent":0,"menu_order":73,"comment_status":"closed","ping_status":"closed","template":"","meta":{"footnotes":""},"class_list":["post-272228","page","type-page","status-publish","hentry"],"_links":{"self":[{"href":"https:\/\/labogen.com\/fi\/wp-json\/wp\/v2\/pages\/272228","targetHints":{"allow":["GET"]}}],"collection":[{"href":"https:\/\/labogen.com\/fi\/wp-json\/wp\/v2\/pages"}],"about":[{"href":"https:\/\/labogen.com\/fi\/wp-json\/wp\/v2\/types\/page"}],"author":[{"embeddable":true,"href":"https:\/\/labogen.com\/fi\/wp-json\/wp\/v2\/users\/5"}],"replies":[{"embeddable":true,"href":"https:\/\/labogen.com\/fi\/wp-json\/wp\/v2\/comments?post=272228"}],"version-history":[{"count":6,"href":"https:\/\/labogen.com\/fi\/wp-json\/wp\/v2\/pages\/272228\/revisions"}],"predecessor-version":[{"id":275478,"href":"https:\/\/labogen.com\/fi\/wp-json\/wp\/v2\/pages\/272228\/revisions\/275478"}],"wp:attachment":[{"href":"https:\/\/labogen.com\/fi\/wp-json\/wp\/v2\/media?parent=272228"}],"curies":[{"name":"wp","href":"https:\/\/api.w.org\/{rel}","templated":true}]}}