{"id":272039,"date":"2024-06-26T09:41:57","date_gmt":"2024-06-26T07:41:57","guid":{"rendered":"https:\/\/staging.laboklin.com\/labogen\/labogen_wp\/index.php\/rassezuordnung-kissa\/"},"modified":"2024-09-26T20:35:52","modified_gmt":"2024-09-26T18:35:52","slug":"rassezuordnung-kissa","status":"publish","type":"page","link":"https:\/\/labogen.com\/fi\/rassezuordnung-kissa\/","title":{"rendered":"Rodunm\u00e4\u00e4ritys &#8211; KISSA"},"content":{"rendered":"\t\t<div data-elementor-type=\"wp-page\" data-elementor-id=\"272039\" class=\"elementor elementor-272039 elementor-13049\">\n\t\t\t\t<div class=\"elementor-element elementor-element-948662f e-flex e-con-boxed e-con e-parent\" data-id=\"948662f\" data-element_type=\"container\">\n\t\t\t\t\t<div class=\"e-con-inner\">\n\t\t<div class=\"elementor-element elementor-element-89796fc e-con-full e-flex e-con e-child\" data-id=\"89796fc\" data-element_type=\"container\">\n\t\t\t\t<div class=\"elementor-element elementor-element-a65ae97 elementor-hidden-mobile elementor-widget elementor-widget-heading\" data-id=\"a65ae97\" data-element_type=\"widget\" data-widget_type=\"heading.default\">\n\t\t\t\t<div class=\"elementor-widget-container\">\n\t\t\t<h1 class=\"elementor-heading-title elementor-size-default\">Geneettinen rodunm\u00e4\u00e4ritys kissalle<\/h1>\t\t<\/div>\n\t\t\t\t<\/div>\n\t\t\t\t<div class=\"elementor-element elementor-element-0c01ea4 elementor-widget elementor-widget-text-editor\" data-id=\"0c01ea4\" data-element_type=\"widget\" data-widget_type=\"text-editor.default\">\n\t\t\t\t<div class=\"elementor-widget-container\">\n\t\t\t\t\t\t\t<p><span style=\"color: #800000;\">Kissan rotu m\u00e4\u00e4ritell\u00e4\u00e4n vertaamalla sen DNA-tunnistetta tietokannassamme olevaan vertailuryhm\u00e4\u00e4n ja laskemalla sen j\u00e4lkeen todenn\u00e4k\u00f6isys, jolla se kuuluu tiettyyn rotuun. Rodunm\u00e4\u00e4ritys onkin siis mahdollista vain tietokantaamme kuuluville roduille.<\/span><\/p>\n\t\t\t\t\t\t<\/div>\n\t\t\t\t<\/div>\n\t\t\t\t<div class=\"elementor-element elementor-element-1c62fd6 elementor-widget elementor-widget-spacer\" data-id=\"1c62fd6\" data-element_type=\"widget\" data-widget_type=\"spacer.default\">\n\t\t\t\t<div class=\"elementor-widget-container\">\n\t\t\t\t\t<div class=\"elementor-spacer\">\n\t\t\t<div class=\"elementor-spacer-inner\"><\/div>\n\t\t<\/div>\n\t\t\t\t<\/div>\n\t\t\t\t<\/div>\n\t\t\t\t<\/div>\n\t\t<div class=\"elementor-element elementor-element-c73ad7a e-con-full e-flex e-con e-child\" data-id=\"c73ad7a\" data-element_type=\"container\">\n\t\t\t\t<div class=\"elementor-element elementor-element-0b7c29a elementor-invisible elementor-widget elementor-widget-toggle\" data-id=\"0b7c29a\" data-element_type=\"widget\" data-settings=\"{&quot;_animation&quot;:&quot;slideInUp&quot;,&quot;_animation_delay&quot;:1500}\" data-widget_type=\"toggle.default\">\n\t\t\t\t<div class=\"elementor-widget-container\">\n\t\t\t\t\t<div class=\"elementor-toggle\">\n\t\t\t\t\t\t\t<div class=\"elementor-toggle-item\">\n\t\t\t\t\t<h6 id=\"elementor-tab-title-1201\" class=\"elementor-tab-title\" data-tab=\"1\" role=\"button\" aria-controls=\"elementor-tab-content-1201\" aria-expanded=\"false\">\n\t\t\t\t\t\t\t\t\t\t\t\t<span class=\"elementor-toggle-icon elementor-toggle-icon-left\" aria-hidden=\"true\">\n\t\t\t\t\t\t\t\t\t\t\t\t\t\t\t<span class=\"elementor-toggle-icon-closed\"><svg class=\"e-font-icon-svg e-far-plus-square\" viewBox=\"0 0 448 512\" xmlns=\"http:\/\/www.w3.org\/2000\/svg\"><path d=\"M352 240v32c0 6.6-5.4 12-12 12h-88v88c0 6.6-5.4 12-12 12h-32c-6.6 0-12-5.4-12-12v-88h-88c-6.6 0-12-5.4-12-12v-32c0-6.6 5.4-12 12-12h88v-88c0-6.6 5.4-12 12-12h32c6.6 0 12 5.4 12 12v88h88c6.6 0 12 5.4 12 12zm96-160v352c0 26.5-21.5 48-48 48H48c-26.5 0-48-21.5-48-48V80c0-26.5 21.5-48 48-48h352c26.5 0 48 21.5 48 48zm-48 346V86c0-3.3-2.7-6-6-6H54c-3.3 0-6 2.7-6 6v340c0 3.3 2.7 6 6 6h340c3.3 0 6-2.7 6-6z\"><\/path><\/svg><\/span>\n\t\t\t\t\t\t\t\t<span class=\"elementor-toggle-icon-opened\"><svg class=\"elementor-toggle-icon-opened e-font-icon-svg e-far-minus-square\" viewBox=\"0 0 448 512\" xmlns=\"http:\/\/www.w3.org\/2000\/svg\"><path d=\"M108 284c-6.6 0-12-5.4-12-12v-32c0-6.6 5.4-12 12-12h232c6.6 0 12 5.4 12 12v32c0 6.6-5.4 12-12 12H108zM448 80v352c0 26.5-21.5 48-48 48H48c-26.5 0-48-21.5-48-48V80c0-26.5 21.5-48 48-48h352c26.5 0 48 21.5 48 48zm-48 346V86c0-3.3-2.7-6-6-6H54c-3.3 0-6 2.7-6 6v340c0 3.3 2.7 6 6 6h340c3.3 0 6-2.7 6-6z\"><\/path><\/svg><\/span>\n\t\t\t\t\t\t\t\t\t\t\t\t\t<\/span>\n\t\t\t\t\t\t\t\t\t\t\t\t<a class=\"elementor-toggle-title\" tabindex=\"0\">Testin tiedot<\/a>\n\t\t\t\t\t<\/h6>\n\n\t\t\t\t\t<div id=\"elementor-tab-content-1201\" class=\"elementor-tab-content elementor-clearfix\" data-tab=\"1\" role=\"region\" aria-labelledby=\"elementor-tab-title-1201\"><table border=\"0\">\n<tbody>\n<tr>\n<td width=\"45%\"><span style=\"color: #e51e1e;\"><strong>Testinumero <\/strong><\/span><\/td>\n<td>8611<\/td>\n<\/tr>\n<tr>\n<td><strong>Tutkimuksen nimi:<\/strong><\/td>\n<td> Puhdasrotuisuuden\/sekarotuisuuden m\u00e4\u00e4ritt\u00e4minen<\/td>\n<\/tr>\n<tr>\n<td><span style=\"color: #e51e1e;\"><strong>N\u00e4ytemateriaali<\/strong><\/span><\/td>\n<td>0,5 ml EDTA-verta, 2 x poskisolun\u00e4yte, 1 x erikoissolun\u00e4yte (eNAT).<\/td>\n<\/tr>\n<tr>\n<td><strong>K\u00e4sittelyaika <\/strong><\/td>\n<td>21-28 ty\u00f6p\u00e4iv\u00e4\u00e4<\/td>\n<\/tr>\n<\/tbody>\n<\/table>\n<\/div>\n\t\t\t\t<\/div>\n\t\t\t\t\t\t\t\t<\/div>\n\t\t\t\t<\/div>\n\t\t\t\t<\/div>\n\t\t\t\t<div class=\"elementor-element elementor-element-56634df elementor-align-right elementor-invisible elementor-widget elementor-widget-ibutton\" data-id=\"56634df\" data-element_type=\"widget\" data-settings=\"{&quot;_animation&quot;:&quot;slideInRight&quot;,&quot;_animation_delay&quot;:3000}\" data-widget_type=\"ibutton.default\">\n\t\t\t\t<div class=\"elementor-widget-container\">\n\t\t\t\t\t<div class=\"ot-button\">\r\n\t\t\t<a href=\"http:\/\/mercur:8904\/\" class=\"octf-btn octf-btn-dark\"><strong>Tilaa<\/strong><\/a>\r\n\t    <\/div>\r\n\t    \t\t<\/div>\n\t\t\t\t<\/div>\n\t\t\t\t<\/div>\n\t\t\t\t\t<\/div>\n\t\t\t\t<\/div>\n\t\t<div class=\"elementor-element elementor-element-3de581e e-flex e-con-boxed e-con e-parent\" data-id=\"3de581e\" data-element_type=\"container\">\n\t\t\t\t\t<div class=\"e-con-inner\">\n\t\t\t\t<div class=\"elementor-element elementor-element-2e53b5b elementor-widget elementor-widget-text-editor\" data-id=\"2e53b5b\" data-element_type=\"widget\" data-widget_type=\"text-editor.default\">\n\t\t\t\t<div class=\"elementor-widget-container\">\n\t\t\t\t\t\t\t<h6 style=\"text-align: center;\"><strong>Tietokannan sis\u00e4lt\u00e4m\u00e4t rodut:<\/strong><\/h6>\n\t\t\t\t\t\t<\/div>\n\t\t\t\t<\/div>\n\t\t\t\t\t<\/div>\n\t\t\t\t<\/div>\n\t\t<div class=\"elementor-element elementor-element-7285d8d e-flex e-con-boxed e-con e-parent\" data-id=\"7285d8d\" data-element_type=\"container\">\n\t\t\t\t\t<div class=\"e-con-inner\">\n\t\t<div class=\"elementor-element elementor-element-4b80c21 e-con-full e-flex e-con e-child\" data-id=\"4b80c21\" data-element_type=\"container\">\n\t\t\t\t<div class=\"elementor-element elementor-element-a42e113 elementor-align-left elementor-icon-list--layout-traditional elementor-list-item-link-full_width elementor-widget elementor-widget-icon-list\" data-id=\"a42e113\" data-element_type=\"widget\" data-widget_type=\"icon-list.default\">\n\t\t\t\t<div class=\"elementor-widget-container\">\n\t\t\t\t\t<ul class=\"elementor-icon-list-items\">\n\t\t\t\t\t\t\t<li class=\"elementor-icon-list-item\">\n\t\t\t\t\t\t\t\t\t\t\t<span class=\"elementor-icon-list-icon\">\n\t\t\t\t\t\t\t<svg aria-hidden=\"true\" class=\"e-font-icon-svg e-fas-check\" viewBox=\"0 0 512 512\" xmlns=\"http:\/\/www.w3.org\/2000\/svg\"><path d=\"M173.898 439.404l-166.4-166.4c-9.997-9.997-9.997-26.206 0-36.204l36.203-36.204c9.997-9.998 26.207-9.998 36.204 0L192 312.69 432.095 72.596c9.997-9.997 26.207-9.997 36.204 0l36.203 36.204c9.997 9.997 9.997 26.206 0 36.204l-294.4 294.401c-9.998 9.997-26.207 9.997-36.204-.001z\"><\/path><\/svg>\t\t\t\t\t\t<\/span>\n\t\t\t\t\t\t\t\t\t\t<span class=\"elementor-icon-list-text\">abessinialainen<\/span>\n\t\t\t\t\t\t\t\t\t<\/li>\n\t\t\t\t\t\t\t\t<li class=\"elementor-icon-list-item\">\n\t\t\t\t\t\t\t\t\t\t\t<span class=\"elementor-icon-list-icon\">\n\t\t\t\t\t\t\t<svg aria-hidden=\"true\" class=\"e-font-icon-svg e-fas-check\" viewBox=\"0 0 512 512\" xmlns=\"http:\/\/www.w3.org\/2000\/svg\"><path d=\"M173.898 439.404l-166.4-166.4c-9.997-9.997-9.997-26.206 0-36.204l36.203-36.204c9.997-9.998 26.207-9.998 36.204 0L192 312.69 432.095 72.596c9.997-9.997 26.207-9.997 36.204 0l36.203 36.204c9.997 9.997 9.997 26.206 0 36.204l-294.4 294.401c-9.998 9.997-26.207 9.997-36.204-.001z\"><\/path><\/svg>\t\t\t\t\t\t<\/span>\n\t\t\t\t\t\t\t\t\t\t<span class=\"elementor-icon-list-text\">brittil\u00e4inen lyhytkarva<\/span>\n\t\t\t\t\t\t\t\t\t<\/li>\n\t\t\t\t\t\t\t\t<li class=\"elementor-icon-list-item\">\n\t\t\t\t\t\t\t\t\t\t\t<span class=\"elementor-icon-list-icon\">\n\t\t\t\t\t\t\t<svg aria-hidden=\"true\" class=\"e-font-icon-svg e-fas-check\" viewBox=\"0 0 512 512\" xmlns=\"http:\/\/www.w3.org\/2000\/svg\"><path d=\"M173.898 439.404l-166.4-166.4c-9.997-9.997-9.997-26.206 0-36.204l36.203-36.204c9.997-9.998 26.207-9.998 36.204 0L192 312.69 432.095 72.596c9.997-9.997 26.207-9.997 36.204 0l36.203 36.204c9.997 9.997 9.997 26.206 0 36.204l-294.4 294.401c-9.998 9.997-26.207 9.997-36.204-.001z\"><\/path><\/svg>\t\t\t\t\t\t<\/span>\n\t\t\t\t\t\t\t\t\t\t<span class=\"elementor-icon-list-text\">burma<\/span>\n\t\t\t\t\t\t\t\t\t<\/li>\n\t\t\t\t\t\t\t\t<li class=\"elementor-icon-list-item\">\n\t\t\t\t\t\t\t\t\t\t\t<span class=\"elementor-icon-list-icon\">\n\t\t\t\t\t\t\t<svg aria-hidden=\"true\" class=\"e-font-icon-svg e-fas-check\" viewBox=\"0 0 512 512\" xmlns=\"http:\/\/www.w3.org\/2000\/svg\"><path d=\"M173.898 439.404l-166.4-166.4c-9.997-9.997-9.997-26.206 0-36.204l36.203-36.204c9.997-9.998 26.207-9.998 36.204 0L192 312.69 432.095 72.596c9.997-9.997 26.207-9.997 36.204 0l36.203 36.204c9.997 9.997 9.997 26.206 0 36.204l-294.4 294.401c-9.998 9.997-26.207 9.997-36.204-.001z\"><\/path><\/svg>\t\t\t\t\t\t<\/span>\n\t\t\t\t\t\t\t\t\t\t<span class=\"elementor-icon-list-text\">pyh\u00e4 birma<\/span>\n\t\t\t\t\t\t\t\t\t<\/li>\n\t\t\t\t\t\t\t\t<li class=\"elementor-icon-list-item\">\n\t\t\t\t\t\t\t\t\t\t\t<span class=\"elementor-icon-list-icon\">\n\t\t\t\t\t\t\t<svg aria-hidden=\"true\" class=\"e-font-icon-svg e-fas-check\" viewBox=\"0 0 512 512\" xmlns=\"http:\/\/www.w3.org\/2000\/svg\"><path d=\"M173.898 439.404l-166.4-166.4c-9.997-9.997-9.997-26.206 0-36.204l36.203-36.204c9.997-9.998 26.207-9.998 36.204 0L192 312.69 432.095 72.596c9.997-9.997 26.207-9.997 36.204 0l36.203 36.204c9.997 9.997 9.997 26.206 0 36.204l-294.4 294.401c-9.998 9.997-26.207 9.997-36.204-.001z\"><\/path><\/svg>\t\t\t\t\t\t<\/span>\n\t\t\t\t\t\t\t\t\t\t<span class=\"elementor-icon-list-text\">maine coon<\/span>\n\t\t\t\t\t\t\t\t\t<\/li>\n\t\t\t\t\t\t<\/ul>\n\t\t\t\t<\/div>\n\t\t\t\t<\/div>\n\t\t\t\t<\/div>\n\t\t<div class=\"elementor-element elementor-element-0e3d61c e-con-full e-flex e-con e-child\" data-id=\"0e3d61c\" data-element_type=\"container\">\n\t\t\t\t<div class=\"elementor-element elementor-element-1fc6676 elementor-align-left elementor-icon-list--layout-traditional elementor-list-item-link-full_width elementor-widget elementor-widget-icon-list\" data-id=\"1fc6676\" data-element_type=\"widget\" data-widget_type=\"icon-list.default\">\n\t\t\t\t<div class=\"elementor-widget-container\">\n\t\t\t\t\t<ul class=\"elementor-icon-list-items\">\n\t\t\t\t\t\t\t<li class=\"elementor-icon-list-item\">\n\t\t\t\t\t\t\t\t\t\t\t<span class=\"elementor-icon-list-icon\">\n\t\t\t\t\t\t\t<svg aria-hidden=\"true\" class=\"e-font-icon-svg e-fas-check\" viewBox=\"0 0 512 512\" xmlns=\"http:\/\/www.w3.org\/2000\/svg\"><path d=\"M173.898 439.404l-166.4-166.4c-9.997-9.997-9.997-26.206 0-36.204l36.203-36.204c9.997-9.998 26.207-9.998 36.204 0L192 312.69 432.095 72.596c9.997-9.997 26.207-9.997 36.204 0l36.203 36.204c9.997 9.997 9.997 26.206 0 36.204l-294.4 294.401c-9.998 9.997-26.207 9.997-36.204-.001z\"><\/path><\/svg>\t\t\t\t\t\t<\/span>\n\t\t\t\t\t\t\t\t\t\t<span class=\"elementor-icon-list-text\">norjalainen mets\u00e4kissa<\/span>\n\t\t\t\t\t\t\t\t\t<\/li>\n\t\t\t\t\t\t\t\t<li class=\"elementor-icon-list-item\">\n\t\t\t\t\t\t\t\t\t\t\t<span class=\"elementor-icon-list-icon\">\n\t\t\t\t\t\t\t<svg aria-hidden=\"true\" class=\"e-font-icon-svg e-fas-check\" viewBox=\"0 0 512 512\" xmlns=\"http:\/\/www.w3.org\/2000\/svg\"><path d=\"M173.898 439.404l-166.4-166.4c-9.997-9.997-9.997-26.206 0-36.204l36.203-36.204c9.997-9.998 26.207-9.998 36.204 0L192 312.69 432.095 72.596c9.997-9.997 26.207-9.997 36.204 0l36.203 36.204c9.997 9.997 9.997 26.206 0 36.204l-294.4 294.401c-9.998 9.997-26.207 9.997-36.204-.001z\"><\/path><\/svg>\t\t\t\t\t\t<\/span>\n\t\t\t\t\t\t\t\t\t\t<span class=\"elementor-icon-list-text\">persialainen<\/span>\n\t\t\t\t\t\t\t\t\t<\/li>\n\t\t\t\t\t\t\t\t<li class=\"elementor-icon-list-item\">\n\t\t\t\t\t\t\t\t\t\t\t<span class=\"elementor-icon-list-icon\">\n\t\t\t\t\t\t\t<svg aria-hidden=\"true\" class=\"e-font-icon-svg e-fas-check\" viewBox=\"0 0 512 512\" xmlns=\"http:\/\/www.w3.org\/2000\/svg\"><path d=\"M173.898 439.404l-166.4-166.4c-9.997-9.997-9.997-26.206 0-36.204l36.203-36.204c9.997-9.998 26.207-9.998 36.204 0L192 312.69 432.095 72.596c9.997-9.997 26.207-9.997 36.204 0l36.203 36.204c9.997 9.997 9.997 26.206 0 36.204l-294.4 294.401c-9.998 9.997-26.207 9.997-36.204-.001z\"><\/path><\/svg>\t\t\t\t\t\t<\/span>\n\t\t\t\t\t\t\t\t\t\t<span class=\"elementor-icon-list-text\">ragdoll<\/span>\n\t\t\t\t\t\t\t\t\t<\/li>\n\t\t\t\t\t\t\t\t<li class=\"elementor-icon-list-item\">\n\t\t\t\t\t\t\t\t\t\t\t<span class=\"elementor-icon-list-icon\">\n\t\t\t\t\t\t\t<svg aria-hidden=\"true\" class=\"e-font-icon-svg e-fas-check\" viewBox=\"0 0 512 512\" xmlns=\"http:\/\/www.w3.org\/2000\/svg\"><path d=\"M173.898 439.404l-166.4-166.4c-9.997-9.997-9.997-26.206 0-36.204l36.203-36.204c9.997-9.998 26.207-9.998 36.204 0L192 312.69 432.095 72.596c9.997-9.997 26.207-9.997 36.204 0l36.203 36.204c9.997 9.997 9.997 26.206 0 36.204l-294.4 294.401c-9.998 9.997-26.207 9.997-36.204-.001z\"><\/path><\/svg>\t\t\t\t\t\t<\/span>\n\t\t\t\t\t\t\t\t\t\t<span class=\"elementor-icon-list-text\">siamilainen<\/span>\n\t\t\t\t\t\t\t\t\t<\/li>\n\t\t\t\t\t\t<\/ul>\n\t\t\t\t<\/div>\n\t\t\t\t<\/div>\n\t\t\t\t<\/div>\n\t\t\t\t\t<\/div>\n\t\t\t\t<\/div>\n\t\t<div class=\"elementor-element elementor-element-eed759b e-flex e-con-boxed e-con e-parent\" data-id=\"eed759b\" data-element_type=\"container\">\n\t\t\t\t\t<div class=\"e-con-inner\">\n\t\t\t\t<div class=\"elementor-element elementor-element-cf81679 elementor-widget elementor-widget-spacer\" data-id=\"cf81679\" data-element_type=\"widget\" data-widget_type=\"spacer.default\">\n\t\t\t\t<div class=\"elementor-widget-container\">\n\t\t\t\t\t<div class=\"elementor-spacer\">\n\t\t\t<div class=\"elementor-spacer-inner\"><\/div>\n\t\t<\/div>\n\t\t\t\t<\/div>\n\t\t\t\t<\/div>\n\t\t\t\t\t<\/div>\n\t\t\t\t<\/div>\n\t\t<div class=\"elementor-element elementor-element-b76d945 e-flex e-con-boxed e-con e-parent\" data-id=\"b76d945\" data-element_type=\"container\">\n\t\t\t\t\t<div class=\"e-con-inner\">\n\t\t\t\t<div class=\"elementor-element elementor-element-77ca64e elementor-widget elementor-widget-text-editor\" data-id=\"77ca64e\" data-element_type=\"widget\" data-widget_type=\"text-editor.default\">\n\t\t\t\t<div class=\"elementor-widget-container\">\n\t\t\t\t\t\t\t<h6><strong>Miten rotu m\u00e4\u00e4ritell\u00e4\u00e4n?<\/strong><\/h6>\n<p>DNA:n toistojaksot eli mikrosatelliitit toimivat markkeereina, jotka m\u00e4\u00e4ritt\u00e4v\u00e4t mihin rotuun kissa geneettisesti kuuluu. Mikrosatelliittien muodostava kuvio on ainutlaatuinen, yksil\u00f6llinen geneettinen sormenj\u00e4lki, jota kutsutaan DNA-tunnisteeksi. Tunnistetta verrataan satoihin yll\u00e4 lueteltujen rotujen tunnisteisiin. Tilastotieteen avulla m\u00e4\u00e4ritell\u00e4\u00e4n lopuksi el\u00e4imen rodulliset osatekij\u00e4t.<\/p>\n<h6><strong>Rodunm\u00e4\u00e4rityksen rajoitteet<\/strong><\/h6>\n<p>Jos rotua ei ole tietokannassa, ei sen geneettisille ominaisuuksille l\u00f6ydy vertailukohtaa ja m\u00e4\u00e4rityksen todenn\u00e4k\u00f6isyys on alhaisempi, sill\u00e4 tulos perustuu siihen todenn\u00e4k\u00f6isyyteen, jolla kissa tietokannassa olevaan rotuun kuuluu. Tunnistetta verrataan jokaiseen rotuun erikseen.<\/p>\n<h6><strong>Todenn\u00e4k\u00f6isyydet lyhyesti:<\/strong><\/h6>\n<ul>\n<li><strong>Puhdasrotuiset kissat:<\/strong> vastaavuustodenn\u00e4k\u00f6isyys DNA-tunnisteen perusteella yli 80 %.<\/li>\n<li><strong>Yksi puhdasrotuinen vanhempi:<\/strong> vastaavuustodenn\u00e4k\u00f6isyys 40 %\u201360 %.<\/li>\n<li><strong>Vastaavuustodenn\u00e4k\u00f6isyys alle 30%:<\/strong> tulos ei ole merkityksellinen, mutta sen perusteella tiedet\u00e4\u00e4n kuitenkin, ett\u00e4 el\u00e4in ei ole puhdasrotuinen tai sill\u00e4 ei ole yht\u00e4\u00e4n puhdasrotuista vanhempaa.<\/li>\n<\/ul>\n<h6><strong>Geneettisen rodunm\u00e4\u00e4rityksen mahdollisuudet ja rajoitteet<\/strong><\/h6>\n<p>Luotettava rodunm\u00e4\u00e4ritys geenitestin avulla on mahdollista vain silloin, kun k\u00e4ytett\u00e4viss\u00e4 on ajantasainen ja maantieteellist\u00e4 populaatiota vastaava tietokanta. Tietokannasta puuttuvan risteytetyn rodun m\u00e4\u00e4ritys ei kuitenkaan johda m\u00e4\u00e4ritysvirheeseen, vaan ainoastaan alhaiseen todenn\u00e4k\u00f6isyyteen. Alle 30 % todenn\u00e4k\u00f6isyys ei ole merkityksellinen ja testin tulos on siksi ep\u00e4luotettava.<\/p>\n<h6><strong>Polveutumistutkimus<\/strong><\/h6>\n<p>Jos pennun vanhemmat ovat tiedossa, on polveutumistutkimus paras tapa varmistaa isyys.<\/p>\n\t\t\t\t\t\t<\/div>\n\t\t\t\t<\/div>\n\t\t\t\t\t<\/div>\n\t\t\t\t<\/div>\n\t\t<div class=\"elementor-element elementor-element-f6a5b7f e-flex e-con-boxed e-con e-parent\" data-id=\"f6a5b7f\" data-element_type=\"container\">\n\t\t\t\t\t<div class=\"e-con-inner\">\n\t\t\t\t<div class=\"elementor-element elementor-element-ce4abe8 elementor-align-center elementor-widget elementor-widget-ibutton\" data-id=\"ce4abe8\" data-element_type=\"widget\" data-widget_type=\"ibutton.default\">\n\t\t\t\t<div class=\"elementor-widget-container\">\n\t\t\t\t\t<div class=\"ot-button\">\r\n\t\t\t<a href=\"#\" class=\"octf-btn octf-btn-dark\">Lue lis\u00e4\u00e4 polveutumistutkimuksesta<\/a>\r\n\t    <\/div>\r\n\t    \t\t<\/div>\n\t\t\t\t<\/div>\n\t\t\t\t\t<\/div>\n\t\t\t\t<\/div>\n\t\t<div class=\"elementor-element elementor-element-5696889 e-flex e-con-boxed e-con e-parent\" data-id=\"5696889\" data-element_type=\"container\">\n\t\t\t\t\t<div class=\"e-con-inner\">\n\t\t\t\t<div class=\"elementor-element elementor-element-0e1b911 elementor-widget elementor-widget-text-editor\" data-id=\"0e1b911\" data-element_type=\"widget\" data-widget_type=\"text-editor.default\">\n\t\t\t\t<div class=\"elementor-widget-container\">\n\t\t\t\t\t\t\t<p><strong>Tutustu palveluihimme ja lue lis\u00e4\u00e4 siit\u00e4, miten voimme auttaa kissan rodun tunnistamisessa.<\/strong><\/p>\n\t\t\t\t\t\t<\/div>\n\t\t\t\t<\/div>\n\t\t\t\t\t<\/div>\n\t\t\t\t<\/div>\n\t\t\t\t<\/div>\n\t\t","protected":false},"excerpt":{"rendered":"<p>Geneettinen rodunm\u00e4\u00e4ritys kissalle Kissan rotu m\u00e4\u00e4ritell\u00e4\u00e4n vertaamalla sen DNA-tunnistetta tietokannassamme olevaan vertailuryhm\u00e4\u00e4n ja laskemalla sen j\u00e4lkeen todenn\u00e4k\u00f6isys, jolla se kuuluu tiettyyn rotuun. Rodunm\u00e4\u00e4ritys onkin siis mahdollista vain tietokantaamme kuuluville roduille. Testin tiedot Testinumero 8611 Tutkimuksen nimi: Puhdasrotuisuuden\/sekarotuisuuden m\u00e4\u00e4ritt\u00e4minen N\u00e4ytemateriaali 0,5 ml EDTA-verta, 2 x poskisolun\u00e4yte, 1 x erikoissolun\u00e4yte (eNAT). K\u00e4sittelyaika 21-28 ty\u00f6p\u00e4iv\u00e4\u00e4 Tilaa Tietokannan sis\u00e4lt\u00e4m\u00e4t [&hellip;]<\/p>\n","protected":false},"author":5,"featured_media":0,"parent":0,"menu_order":17,"comment_status":"closed","ping_status":"closed","template":"","meta":{"footnotes":""},"class_list":["post-272039","page","type-page","status-publish","hentry"],"_links":{"self":[{"href":"https:\/\/labogen.com\/fi\/wp-json\/wp\/v2\/pages\/272039","targetHints":{"allow":["GET"]}}],"collection":[{"href":"https:\/\/labogen.com\/fi\/wp-json\/wp\/v2\/pages"}],"about":[{"href":"https:\/\/labogen.com\/fi\/wp-json\/wp\/v2\/types\/page"}],"author":[{"embeddable":true,"href":"https:\/\/labogen.com\/fi\/wp-json\/wp\/v2\/users\/5"}],"replies":[{"embeddable":true,"href":"https:\/\/labogen.com\/fi\/wp-json\/wp\/v2\/comments?post=272039"}],"version-history":[{"count":5,"href":"https:\/\/labogen.com\/fi\/wp-json\/wp\/v2\/pages\/272039\/revisions"}],"predecessor-version":[{"id":275460,"href":"https:\/\/labogen.com\/fi\/wp-json\/wp\/v2\/pages\/272039\/revisions\/275460"}],"wp:attachment":[{"href":"https:\/\/labogen.com\/fi\/wp-json\/wp\/v2\/media?parent=272039"}],"curies":[{"name":"wp","href":"https:\/\/api.w.org\/{rel}","templated":true}]}}