{"id":272037,"date":"2024-06-06T16:57:03","date_gmt":"2024-06-06T14:57:03","guid":{"rendered":"https:\/\/staging.laboklin.com\/labogen\/labogen_wp\/index.php\/rodun-maeaerittaeminen\/"},"modified":"2024-09-27T16:36:55","modified_gmt":"2024-09-27T14:36:55","slug":"rodun-maeaerittaeminen","status":"publish","type":"page","link":"https:\/\/labogen.com\/fi\/rodun-maeaerittaeminen\/","title":{"rendered":"Rodun m\u00e4\u00e4ritt\u00e4minen"},"content":{"rendered":"\t\t<div data-elementor-type=\"wp-page\" data-elementor-id=\"272037\" class=\"elementor elementor-272037 elementor-6191\">\n\t\t\t\t<div class=\"elementor-element elementor-element-5a7c3af e-grid e-con-boxed e-con e-parent\" data-id=\"5a7c3af\" data-element_type=\"container\">\n\t\t\t\t\t<div class=\"e-con-inner\">\n\t\t\t\t<div class=\"elementor-element elementor-element-790e58a elementor-widget elementor-widget-ifeaturedbox\" data-id=\"790e58a\" data-element_type=\"widget\" data-widget_type=\"ifeaturedbox.default\">\n\t\t\t\t<div class=\"elementor-widget-container\">\n\t\t\t\r\n\t\t<div class=\"ot-features-box\">\r\n\t\t\t<div class=\"features-image\" id=\"animated-thumbnials\">\r\n\t\t\t\t<a href=\"https:\/\/labogen.com\/\/rassezuordnung-hund\/\">\t\t\t\t\t\t\t\t\t<span class=\"overlay flex-middle\"><i class=\"ot-flaticon-add\"><\/i><\/span>\r\n\t\t\t\t\t<img fetchpriority=\"high\" decoding=\"async\" width=\"500\" height=\"500\" src=\"https:\/\/labogen.com\/wp-content\/uploads\/2024\/08\/FI_DOG_ICONS.jpg\" class=\"attachment-full size-full wp-image-269509\" alt=\"\" srcset=\"https:\/\/labogen.com\/wp-content\/uploads\/2024\/08\/FI_DOG_ICONS.jpg 500w, https:\/\/labogen.com\/wp-content\/uploads\/2024\/08\/FI_DOG_ICONS-300x300.jpg 300w, https:\/\/labogen.com\/wp-content\/uploads\/2024\/08\/FI_DOG_ICONS-150x150.jpg 150w\" sizes=\"(max-width: 500px) 100vw, 500px\" \/>\t\t\t\t\t\t\t\t<\/a>\t\t\t\t\r\n\t\t\t<\/div>\r\n\t\t\t\t\t\t<div class=\"features-content\">\r\n\t\t\t\t<h6 class=\"features-box-title\"><a >Koiran <span>rodun m\u00e4\u00e4ritt\u00e4minen<\/span><\/a><\/h6>\t\t\t<\/div>\r\n\t\t\t\t    <\/div>\r\n\r\n\t    \t\t<\/div>\n\t\t\t\t<\/div>\n\t\t\t\t<div class=\"elementor-element elementor-element-8d39135 elementor-widget elementor-widget-ifeaturedbox\" data-id=\"8d39135\" data-element_type=\"widget\" data-widget_type=\"ifeaturedbox.default\">\n\t\t\t\t<div class=\"elementor-widget-container\">\n\t\t\t\r\n\t\t<div class=\"ot-features-box\">\r\n\t\t\t<div class=\"features-image\" id=\"animated-thumbnials\">\r\n\t\t\t\t<a href=\"https:\/\/labogen.com\/\/rassezuordnung-katze\/\">\t\t\t\t\t\t\t\t\t<span class=\"overlay flex-middle\"><i class=\"ot-flaticon-add\"><\/i><\/span>\r\n\t\t\t\t\t<img decoding=\"async\" width=\"500\" height=\"500\" src=\"https:\/\/labogen.com\/wp-content\/uploads\/2024\/08\/FI_CAT_ICONS.jpg\" class=\"attachment-full size-full wp-image-269558\" alt=\"\" srcset=\"https:\/\/labogen.com\/wp-content\/uploads\/2024\/08\/FI_CAT_ICONS.jpg 500w, https:\/\/labogen.com\/wp-content\/uploads\/2024\/08\/FI_CAT_ICONS-300x300.jpg 300w, https:\/\/labogen.com\/wp-content\/uploads\/2024\/08\/FI_CAT_ICONS-150x150.jpg 150w\" sizes=\"(max-width: 500px) 100vw, 500px\" \/>\t\t\t\t\t\t\t\t<\/a>\t\t\t\t\r\n\t\t\t<\/div>\r\n\t\t\t\t\t\t<div class=\"features-content\">\r\n\t\t\t\t<h6 class=\"features-box-title\"><a >Kissan <span>rodun m\u00e4\u00e4ritt\u00e4minen<\/span><\/a><\/h6>\t\t\t<\/div>\r\n\t\t\t\t    <\/div>\r\n\r\n\t    \t\t<\/div>\n\t\t\t\t<\/div>\n\t\t\t\t\t<\/div>\n\t\t\t\t<\/div>\n\t\t<div class=\"elementor-element elementor-element-83c557e e-flex e-con-boxed e-con e-parent\" data-id=\"83c557e\" data-element_type=\"container\">\n\t\t\t\t\t<div class=\"e-con-inner\">\n\t\t<div class=\"elementor-element elementor-element-3fa5986 e-con-full e-flex e-con e-child\" data-id=\"3fa5986\" data-element_type=\"container\">\n\t\t\t\t<div class=\"elementor-element elementor-element-7664e03 elementor-widget elementor-widget-spacer\" data-id=\"7664e03\" data-element_type=\"widget\" data-widget_type=\"spacer.default\">\n\t\t\t\t<div class=\"elementor-widget-container\">\n\t\t\t\t\t<div class=\"elementor-spacer\">\n\t\t\t<div class=\"elementor-spacer-inner\"><\/div>\n\t\t<\/div>\n\t\t\t\t<\/div>\n\t\t\t\t<\/div>\n\t\t\t\t<\/div>\n\t\t<div class=\"elementor-element elementor-element-8f16cce e-con-full e-flex e-con e-child\" data-id=\"8f16cce\" data-element_type=\"container\">\n\t\t\t\t<div class=\"elementor-element elementor-element-6978a8a elementor-widget elementor-widget-text-editor\" data-id=\"6978a8a\" data-element_type=\"widget\" data-widget_type=\"text-editor.default\">\n\t\t\t\t<div class=\"elementor-widget-container\">\n\t\t\t\t\t\t\t<p><strong>Rotuluokitukset<\/strong><\/p>\n<p>Koiran tai kissan rodun selvitt\u00e4misess\u00e4 voi olla apua <strong>geneettisest\u00e4 rotuluokituksesta<\/strong>. Rotuja m\u00e4\u00e4ritett\u00e4ess\u00e4 DNA-profiilin tietoja verrataan <strong>tietokannassamme<\/strong> olevien rotujen vertailutietoihin. Jos el\u00e4in on puhdasrotuinen tai ainakin toinen sen vanhemmista on puhdasrotuinen, voimme todistaa molekyylibiologian avulla, ett\u00e4 se <strong>kuuluu tiettyyn rotuun<\/strong>, ja esitt\u00e4\u00e4 asian todenn\u00e4k\u00f6isyys <strong>prosenttiarvona.<\/strong> Kuitenkin ainoastaan tietokannassamme olevia rotuja voidaan tutkia. Siten tietokannasta puuttuvaa rotua ei voida m\u00e4\u00e4ritt\u00e4\u00e4 edes puhdasrotuisille el\u00e4imille. Sama koskee el\u00e4imi\u00e4, jotka on risteytetty useiden rotujen kanssa ja joilla ei ole puhdasrotuista vanhempaa. N\u00e4ille el\u00e4imille on saatu vain alle 30 prosentin allokaatioarvoja, mik\u00e4 ei ole merkityksellinen tulos. Tiedot <strong>mukana olevista roduista<\/strong> l\u00f6ytyv\u00e4t kissojen ja koirien alisivuilta. Annamme kuitenkin mielell\u00e4mme my\u00f6s tapauskohtaista neuvontaa puhelimitse. <\/p>\n\t\t\t\t\t\t<\/div>\n\t\t\t\t<\/div>\n\t\t\t\t<\/div>\n\t\t\t\t\t<\/div>\n\t\t\t\t<\/div>\n\t\t<div class=\"elementor-element elementor-element-2efe4f7 e-flex e-con-boxed e-con e-parent\" data-id=\"2efe4f7\" data-element_type=\"container\">\n\t\t\t\t\t<div class=\"e-con-inner\">\n\t\t\t\t<div class=\"elementor-element elementor-element-fb5f4f1 elementor-widget elementor-widget-spacer\" data-id=\"fb5f4f1\" data-element_type=\"widget\" data-widget_type=\"spacer.default\">\n\t\t\t\t<div class=\"elementor-widget-container\">\n\t\t\t\t\t<div class=\"elementor-spacer\">\n\t\t\t<div class=\"elementor-spacer-inner\"><\/div>\n\t\t<\/div>\n\t\t\t\t<\/div>\n\t\t\t\t<\/div>\n\t\t\t\t\t<\/div>\n\t\t\t\t<\/div>\n\t\t\t\t<\/div>\n\t\t","protected":false},"excerpt":{"rendered":"<p>Koiran rodun m\u00e4\u00e4ritt\u00e4minen Kissan rodun m\u00e4\u00e4ritt\u00e4minen Rotuluokitukset Koiran tai kissan rodun selvitt\u00e4misess\u00e4 voi olla apua geneettisest\u00e4 rotuluokituksesta. Rotuja m\u00e4\u00e4ritett\u00e4ess\u00e4 DNA-profiilin tietoja verrataan tietokannassamme olevien rotujen vertailutietoihin. Jos el\u00e4in on puhdasrotuinen tai ainakin toinen sen vanhemmista on puhdasrotuinen, voimme todistaa molekyylibiologian avulla, ett\u00e4 se kuuluu tiettyyn rotuun, ja esitt\u00e4\u00e4 asian todenn\u00e4k\u00f6isyys prosenttiarvona. Kuitenkin ainoastaan tietokannassamme olevia [&hellip;]<\/p>\n","protected":false},"author":5,"featured_media":0,"parent":0,"menu_order":65,"comment_status":"closed","ping_status":"closed","template":"","meta":{"footnotes":""},"class_list":["post-272037","page","type-page","status-publish","hentry"],"_links":{"self":[{"href":"https:\/\/labogen.com\/fi\/wp-json\/wp\/v2\/pages\/272037","targetHints":{"allow":["GET"]}}],"collection":[{"href":"https:\/\/labogen.com\/fi\/wp-json\/wp\/v2\/pages"}],"about":[{"href":"https:\/\/labogen.com\/fi\/wp-json\/wp\/v2\/types\/page"}],"author":[{"embeddable":true,"href":"https:\/\/labogen.com\/fi\/wp-json\/wp\/v2\/users\/5"}],"replies":[{"embeddable":true,"href":"https:\/\/labogen.com\/fi\/wp-json\/wp\/v2\/comments?post=272037"}],"version-history":[{"count":8,"href":"https:\/\/labogen.com\/fi\/wp-json\/wp\/v2\/pages\/272037\/revisions"}],"predecessor-version":[{"id":275469,"href":"https:\/\/labogen.com\/fi\/wp-json\/wp\/v2\/pages\/272037\/revisions\/275469"}],"wp:attachment":[{"href":"https:\/\/labogen.com\/fi\/wp-json\/wp\/v2\/media?parent=272037"}],"curies":[{"name":"wp","href":"https:\/\/api.w.org\/{rel}","templated":true}]}}