{"id":272035,"date":"2024-08-16T12:16:34","date_gmt":"2024-08-16T10:16:34","guid":{"rendered":"https:\/\/staging.laboklin.com\/labogen\/labogen_wp\/index.php\/labogenetics-xxl\/"},"modified":"2025-01-07T13:05:13","modified_gmt":"2025-01-07T12:05:13","slug":"labogenetics-xxl","status":"publish","type":"page","link":"https:\/\/labogen.com\/fi\/labogenetics-xxl\/","title":{"rendered":"LABOGenetics XXL"},"content":{"rendered":"\t\t<div data-elementor-type=\"wp-page\" data-elementor-id=\"272035\" class=\"elementor elementor-272035 elementor-12910\">\n\t\t\t\t<div class=\"elementor-element elementor-element-d5d715a e-grid e-con-boxed e-con e-parent\" data-id=\"d5d715a\" data-element_type=\"container\">\n\t\t\t\t\t<div class=\"e-con-inner\">\n\t\t\t\t<div class=\"elementor-element elementor-element-9fde08a elementor-widget elementor-widget-ifeaturedbox\" data-id=\"9fde08a\" data-element_type=\"widget\" data-widget_type=\"ifeaturedbox.default\">\n\t\t\t\t<div class=\"elementor-widget-container\">\n\t\t\t\r\n\t\t<div class=\"ot-features-box\">\r\n\t\t\t<div class=\"features-image\" id=\"animated-thumbnials\">\r\n\t\t\t\t<a href=\"https:\/\/labogen.com\/fi\/labogenetics-xxl-koira\/\">\t\t\t\t\t\t\t\t\t<span class=\"overlay flex-middle\"><i class=\"ot-flaticon-add\"><\/i><\/span>\r\n\t\t\t\t\t<img fetchpriority=\"high\" decoding=\"async\" width=\"1199\" height=\"800\" src=\"https:\/\/labogen.com\/wp-content\/uploads\/2024\/12\/XXL_Box2_HUND_S.jpg\" class=\"attachment-full size-full wp-image-277013\" alt=\"\" srcset=\"https:\/\/labogen.com\/wp-content\/uploads\/2024\/12\/XXL_Box2_HUND_S.jpg 1199w, https:\/\/labogen.com\/wp-content\/uploads\/2024\/12\/XXL_Box2_HUND_S-300x200.jpg 300w, https:\/\/labogen.com\/wp-content\/uploads\/2024\/12\/XXL_Box2_HUND_S-1024x683.jpg 1024w, https:\/\/labogen.com\/wp-content\/uploads\/2024\/12\/XXL_Box2_HUND_S-768x512.jpg 768w\" sizes=\"(max-width: 1199px) 100vw, 1199px\" \/>\t\t\t\t\t\t\t\t<\/a>\t\t\t\t\r\n\t\t\t<\/div>\r\n\t\t\t\t\t\t<div class=\"features-content\">\r\n\t\t\t\t<h6 class=\"features-box-title\"><a ><span>LABOGenetics XXL<\/span> Koira<\/a><\/h6>\t\t\t<\/div>\r\n\t\t\t\t    <\/div>\r\n\r\n\t    \t\t<\/div>\n\t\t\t\t<\/div>\n\t\t\t\t<div class=\"elementor-element elementor-element-730eea7 elementor-widget elementor-widget-ifeaturedbox\" data-id=\"730eea7\" data-element_type=\"widget\" data-widget_type=\"ifeaturedbox.default\">\n\t\t\t\t<div class=\"elementor-widget-container\">\n\t\t\t\r\n\t\t<div class=\"ot-features-box\">\r\n\t\t\t<div class=\"features-image\" id=\"animated-thumbnials\">\r\n\t\t\t\t<a href=\"https:\/\/labogen.com\/fi\/labogenetics-xxl-kissa-2\/\">\t\t\t\t\t\t\t\t\t<span class=\"overlay flex-middle\"><i class=\"ot-flaticon-add\"><\/i><\/span>\r\n\t\t\t\t\t<img decoding=\"async\" width=\"1199\" height=\"800\" src=\"https:\/\/labogen.com\/wp-content\/uploads\/2020\/03\/XXL_Box_KATZE_S.jpg\" class=\"attachment-full size-full wp-image-4669\" alt=\"\" \/>\t\t\t\t\t\t\t\t<\/a>\t\t\t\t\r\n\t\t\t<\/div>\r\n\t\t\t\t\t\t<div class=\"features-content\">\r\n\t\t\t\t<h6 class=\"features-box-title\"><a ><span>LABOGenetics XXL<\/span> Kissa<\/a><\/h6>\t\t\t<\/div>\r\n\t\t\t\t    <\/div>\r\n\r\n\t    \t\t<\/div>\n\t\t\t\t<\/div>\n\t\t\t\t\t<\/div>\n\t\t\t\t<\/div>\n\t\t<div class=\"elementor-element elementor-element-a155ee9 e-flex e-con-boxed e-con e-parent\" data-id=\"a155ee9\" data-element_type=\"container\">\n\t\t\t\t\t<div class=\"e-con-inner\">\n\t\t<div class=\"elementor-element elementor-element-95fc215 e-con-full e-flex e-con e-child\" data-id=\"95fc215\" data-element_type=\"container\">\n\t\t\t\t<div class=\"elementor-element elementor-element-773a9c8 elementor-widget elementor-widget-spacer\" data-id=\"773a9c8\" data-element_type=\"widget\" data-widget_type=\"spacer.default\">\n\t\t\t\t<div class=\"elementor-widget-container\">\n\t\t\t\t\t<div class=\"elementor-spacer\">\n\t\t\t<div class=\"elementor-spacer-inner\"><\/div>\n\t\t<\/div>\n\t\t\t\t<\/div>\n\t\t\t\t<\/div>\n\t\t\t\t<\/div>\n\t\t<div class=\"elementor-element elementor-element-2fbd579 e-con-full e-flex e-con e-child\" data-id=\"2fbd579\" data-element_type=\"container\">\n\t\t\t\t<div class=\"elementor-element elementor-element-30a88ad elementor-widget elementor-widget-text-editor\" data-id=\"30a88ad\" data-element_type=\"widget\" data-widget_type=\"text-editor.default\">\n\t\t\t\t<div class=\"elementor-widget-container\">\n\t\t\t\t\t\t\t<h1>LABOGenetics XXL<\/h1>\n<p>Oletko kiinnostunut koirasi tai kissasi geneettisest\u00e4 perim\u00e4st\u00e4? LABOGenetics XXL on geenitestipaketti, joka analysoi suuren m\u00e4\u00e4r\u00e4n koiran tai kissan geneettisi\u00e4 variantteja. Se tarjoaa tietoa geneettisist\u00e4 sairauksista ja riskitekij\u00f6ist\u00e4, sek\u00e4 turkin v\u00e4reist\u00e4 ja ominaisuuksista. Testi m\u00e4\u00e4ritt\u00e4\u00e4 my\u00f6s el\u00e4imen geneettisen veriryhm\u00e4n rodusta tai niiden sekoituksesta riippumatta.<\/p>\n<p>Testipaketin tuloksista on hy\u00f6ty\u00e4 niin omistajille, kasvattajille kuin el\u00e4inl\u00e4\u00e4k\u00e4reillekin.<\/p>\n<ul>\n<li><strong>Kasvattajille:<\/strong> tietoisten jalostusp\u00e4\u00e4t\u00f6sten tekeminen ja el\u00e4inten terveyden edist\u00e4minen.<\/li>\n<li><strong>Omistajille:<\/strong> Lis\u00e4tietoa koiran tai kissan geneettisist\u00e4 taipumuksista ja mahdollisista terveysriskeist\u00e4.<\/li>\n<li><strong>El\u00e4inl\u00e4\u00e4k\u00e4reille: <\/strong>yksityiskohtaista geneettist\u00e4 lis\u00e4tietoa diagnosoinnin ja hoidon avuksi.<\/li>\n<li><strong>Kasvattajaseuroille: <\/strong>edistyneit\u00e4 geneettisi\u00e4 testej\u00e4 seuran j\u00e4senille vastuullisten kasvatusk\u00e4yt\u00e4nt\u00f6jen tukemiseksi.<\/li>\n<\/ul>\n\t\t\t\t\t\t<\/div>\n\t\t\t\t<\/div>\n\t\t\t\t<\/div>\n\t\t\t\t\t<\/div>\n\t\t\t\t<\/div>\n\t\t<div class=\"elementor-element elementor-element-245ab02 e-flex e-con-boxed e-con e-parent\" data-id=\"245ab02\" data-element_type=\"container\">\n\t\t\t\t\t<div class=\"e-con-inner\">\n\t\t\t\t<div class=\"elementor-element elementor-element-8a80955 elementor-widget elementor-widget-spacer\" data-id=\"8a80955\" data-element_type=\"widget\" data-widget_type=\"spacer.default\">\n\t\t\t\t<div class=\"elementor-widget-container\">\n\t\t\t\t\t<div class=\"elementor-spacer\">\n\t\t\t<div class=\"elementor-spacer-inner\"><\/div>\n\t\t<\/div>\n\t\t\t\t<\/div>\n\t\t\t\t<\/div>\n\t\t\t\t\t<\/div>\n\t\t\t\t<\/div>\n\t\t\t\t<\/div>\n\t\t","protected":false},"excerpt":{"rendered":"<p>LABOGenetics XXL Koira LABOGenetics XXL Kissa LABOGenetics XXL Oletko kiinnostunut koirasi tai kissasi geneettisest\u00e4 perim\u00e4st\u00e4? LABOGenetics XXL on geenitestipaketti, joka analysoi suuren m\u00e4\u00e4r\u00e4n koiran tai kissan geneettisi\u00e4 variantteja. Se tarjoaa tietoa geneettisist\u00e4 sairauksista ja riskitekij\u00f6ist\u00e4, sek\u00e4 turkin v\u00e4reist\u00e4 ja ominaisuuksista. Testi m\u00e4\u00e4ritt\u00e4\u00e4 my\u00f6s el\u00e4imen geneettisen veriryhm\u00e4n rodusta tai niiden sekoituksesta riippumatta. Testipaketin tuloksista on hy\u00f6ty\u00e4 [&hellip;]<\/p>\n","protected":false},"author":5,"featured_media":0,"parent":0,"menu_order":0,"comment_status":"closed","ping_status":"closed","template":"","meta":{"footnotes":""},"class_list":["post-272035","page","type-page","status-publish","hentry"],"_links":{"self":[{"href":"https:\/\/labogen.com\/fi\/wp-json\/wp\/v2\/pages\/272035","targetHints":{"allow":["GET"]}}],"collection":[{"href":"https:\/\/labogen.com\/fi\/wp-json\/wp\/v2\/pages"}],"about":[{"href":"https:\/\/labogen.com\/fi\/wp-json\/wp\/v2\/types\/page"}],"author":[{"embeddable":true,"href":"https:\/\/labogen.com\/fi\/wp-json\/wp\/v2\/users\/5"}],"replies":[{"embeddable":true,"href":"https:\/\/labogen.com\/fi\/wp-json\/wp\/v2\/comments?post=272035"}],"version-history":[{"count":6,"href":"https:\/\/labogen.com\/fi\/wp-json\/wp\/v2\/pages\/272035\/revisions"}],"predecessor-version":[{"id":277672,"href":"https:\/\/labogen.com\/fi\/wp-json\/wp\/v2\/pages\/272035\/revisions\/277672"}],"wp:attachment":[{"href":"https:\/\/labogen.com\/fi\/wp-json\/wp\/v2\/media?parent=272035"}],"curies":[{"name":"wp","href":"https:\/\/api.w.org\/{rel}","templated":true}]}}