{"id":272018,"date":"2024-07-29T13:49:58","date_gmt":"2024-07-29T11:49:58","guid":{"rendered":"https:\/\/staging.laboklin.com\/labogen\/labogen_wp\/index.php\/polveutuminen\/"},"modified":"2024-09-26T15:31:12","modified_gmt":"2024-09-26T13:31:12","slug":"polveutuminen","status":"publish","type":"page","link":"https:\/\/labogen.com\/fi\/polveutuminen\/","title":{"rendered":"Polveutuminen"},"content":{"rendered":"\t\t<div data-elementor-type=\"wp-page\" data-elementor-id=\"272018\" class=\"elementor elementor-272018 elementor-12422\">\n\t\t\t\t<div class=\"elementor-element elementor-element-ff4c832 e-flex e-con-boxed e-con e-parent\" data-id=\"ff4c832\" data-element_type=\"container\" data-settings=\"{&quot;background_background&quot;:&quot;classic&quot;}\">\n\t\t\t\t\t<div class=\"e-con-inner\">\n\t\t\t\t<div class=\"elementor-element elementor-element-bdf9a9d elementor-widget elementor-widget-text-editor\" data-id=\"bdf9a9d\" data-element_type=\"widget\" data-widget_type=\"text-editor.default\">\n\t\t\t\t<div class=\"elementor-widget-container\">\n\t\t\t\t\t\t\t<h2>Polveutumistutkimus lyhyesti<\/h2>\n<p>Polveutumistutkimuksen eli <a href=\"https:\/\/labogen.com\/fi\/dna-profilointi\/\">isyystestin<\/a> avulla voidaan selvitt\u00e4\u00e4 el\u00e4imen is\u00e4 <strong>vertailemalla<\/strong> emon, pentujen ja is\u00e4ehdokkaiden <strong>DNA-tunnisteita<\/strong> kesken\u00e4\u00e4n.  Silloin tahattoman tai <strong>kaksoisastutuksen<\/strong> seurauksena syntyneiden pentujen is\u00e4 voidaan m\u00e4\u00e4ritt\u00e4\u00e4 tai poissulkea. <strong>Kasvattajaseura<\/strong> saattaa edellytt\u00e4\u00e4 polveutumistutkimusta sukutaulun varmistamiseksi ja v\u00e4\u00e4rink\u00e4yt\u00f6sten, kuten v\u00e4\u00e4renn\u00f6sten tai pentutehtailun est\u00e4miseksi. Tarjoamme polveutumistutkimuksia koirille, kissoille ja hevosille. <strong>Koirilla<\/strong> my\u00f6s vaikeampia polveutumiskysymyksi\u00e4, kuten vanhemmuutta vain yhden vanhemman tunnisteen perusteella voidaan selvitt\u00e4\u00e4.<\/p>\n\t\t\t\t\t\t<\/div>\n\t\t\t\t<\/div>\n\t\t\t\t\t<\/div>\n\t\t\t\t<\/div>\n\t\t<div class=\"elementor-element elementor-element-55b2c4a e-flex e-con-boxed e-con e-parent\" data-id=\"55b2c4a\" data-element_type=\"container\">\n\t\t\t\t\t<div class=\"e-con-inner\">\n\t\t\t\t<div class=\"elementor-element elementor-element-aa177e0 elementor-widget elementor-widget-heading\" data-id=\"aa177e0\" data-element_type=\"widget\" data-widget_type=\"heading.default\">\n\t\t\t\t<div class=\"elementor-widget-container\">\n\t\t\t<h2 class=\"elementor-heading-title elementor-size-default\">UKK<\/h2>\t\t<\/div>\n\t\t\t\t<\/div>\n\t\t\t\t\t<\/div>\n\t\t\t\t<\/div>\n\t\t<div class=\"elementor-element elementor-element-5e6f248 e-flex e-con-boxed e-con e-parent\" data-id=\"5e6f248\" data-element_type=\"container\">\n\t\t\t\t\t<div class=\"e-con-inner\">\n\t\t\t\t<div class=\"elementor-element elementor-element-5b58bdc elementor-widget elementor-widget-iaccordions\" data-id=\"5b58bdc\" data-element_type=\"widget\" data-widget_type=\"iaccordions.default\">\n\t\t\t\t<div class=\"elementor-widget-container\">\n\t\t\t\r\n\t\t<div class=\"ot-accordions\">\r\n\t\t\t\t\t\t<div class=\"acc-item\">\r\n\t\t\t\t<div class=\"acc-toggle flex-middle\" data-default=\"yes\">Mit\u00e4 polveutumistutkimukseen tarvitaan? \r\n\t\t\t\t\t\t\t\t\t\t\t\t\t\t\t\t\t\t<span class=\"down\"><svg class=\"e-font-icon-svg e-fas-plus\" viewBox=\"0 0 448 512\" xmlns=\"http:\/\/www.w3.org\/2000\/svg\"><path d=\"M416 208H272V64c0-17.67-14.33-32-32-32h-32c-17.67 0-32 14.33-32 32v144H32c-17.67 0-32 14.33-32 32v32c0 17.67 14.33 32 32 32h144v144c0 17.67 14.33 32 32 32h32c17.67 0 32-14.33 32-32V304h144c17.67 0 32-14.33 32-32v-32c0-17.67-14.33-32-32-32z\"><\/path><\/svg><\/span>\r\n\t\t\t\t\t\t\t<span class=\"up\"><svg class=\"e-font-icon-svg e-far-window-minimize\" viewBox=\"0 0 512 512\" xmlns=\"http:\/\/www.w3.org\/2000\/svg\"><path d=\"M480 480H32c-17.7 0-32-14.3-32-32s14.3-32 32-32h448c17.7 0 32 14.3 32 32s-14.3 32-32 32z\"><\/path><\/svg><\/span>\r\n\t\t\t\t\t\t\t\t\t\t\t\t\t\t\t<\/div>\r\n\t\t\t\t<div class=\"acc-content\">\r\n\t\t\t\t\t<p>Polveutumistutkimukseen tarvitaan samantyyppisi\u00e4 DNA-profiileja (<a href=\"https:\/\/labogen.com\/fi\/klassinen-dna-profiili-koira\/\">perinteinen<\/a> tai <a href=\"https:\/\/labogen.com\/fi\/premium-dna-tunniste-koiralle\/\">Premium<\/a>) is\u00e4lt\u00e4, emolta ja pennuilta. Jos vanhempien DNA-tunniste on jo saatavilla, siit\u00e4 voidaan l\u00e4hett\u00e4\u00e4 kopio. Jos olet itse vastaanottanut vanhempien DNA-tunnistelaskun, voit ilmoittaa pelk\u00e4n LABOKLIN-raporttinumeron.<\/p>\n\t\t\t\t<\/div>\r\n\t\t\t<\/div>\r\n\t\t\t\t\t\t<div class=\"acc-item\">\r\n\t\t\t\t<div class=\"acc-toggle flex-middle\" data-default=\"\">Voinko l\u00e4hett\u00e4\u00e4 DNA-tunnisteet polveutumistutkimusta varten itse? \r\n\t\t\t\t\t\t\t\t\t\t\t\t\t\t\t\t\t\t<span class=\"down\"><svg class=\"e-font-icon-svg e-fas-plus\" viewBox=\"0 0 448 512\" xmlns=\"http:\/\/www.w3.org\/2000\/svg\"><path d=\"M416 208H272V64c0-17.67-14.33-32-32-32h-32c-17.67 0-32 14.33-32 32v144H32c-17.67 0-32 14.33-32 32v32c0 17.67 14.33 32 32 32h144v144c0 17.67 14.33 32 32 32h32c17.67 0 32-14.33 32-32V304h144c17.67 0 32-14.33 32-32v-32c0-17.67-14.33-32-32-32z\"><\/path><\/svg><\/span>\r\n\t\t\t\t\t\t\t<span class=\"up\"><svg class=\"e-font-icon-svg e-far-window-minimize\" viewBox=\"0 0 512 512\" xmlns=\"http:\/\/www.w3.org\/2000\/svg\"><path d=\"M480 480H32c-17.7 0-32-14.3-32-32s14.3-32 32-32h448c17.7 0 32 14.3 32 32s-14.3 32-32 32z\"><\/path><\/svg><\/span>\r\n\t\t\t\t\t\t\t\t\t\t\t\t\t\t\t<\/div>\r\n\t\t\t\t<div class=\"acc-content\">\r\n\t\t\t\t\t<p>Kyll\u00e4, voit l\u00e4hett\u00e4\u00e4 tutkimuksessa tarvittavat, my\u00f6s muiden laboratorioiden tekem\u00e4t DNA-tunnisteet joko kopioina yhdess\u00e4 n\u00e4ytteiden kanssa tai s\u00e4hk\u00f6postina.<\/p>\n<p>Varmista kuitenkin, ett\u00e4 j\u00e4lkel\u00e4isten ja vanhempien DNA-tunnisteet ovat saman standardin mukaisia (<a href=\"https:\/\/labogen.com\/fi\/klassinen-dna-profiili-koira\/\">ISAG 2006<\/a> tai <a href=\"https:\/\/labogen.com\/fi\/premium-dna-tunniste-koiralle\/\">ISAG 2020<\/a>), jotta ne ovat kesken\u00e4\u00e4n vertailukelpoisia.<\/p>\n\t\t\t\t<\/div>\r\n\t\t\t<\/div>\r\n\t\t\t\t\t\t<div class=\"acc-item\">\r\n\t\t\t\t<div class=\"acc-toggle flex-middle\" data-default=\"\">Voidaanko polveutumistutkimus suorittaa vain toisen vanhemman tiedoilla? \r\n\t\t\t\t\t\t\t\t\t\t\t\t\t\t\t\t\t\t<span class=\"down\"><svg class=\"e-font-icon-svg e-fas-plus\" viewBox=\"0 0 448 512\" xmlns=\"http:\/\/www.w3.org\/2000\/svg\"><path d=\"M416 208H272V64c0-17.67-14.33-32-32-32h-32c-17.67 0-32 14.33-32 32v144H32c-17.67 0-32 14.33-32 32v32c0 17.67 14.33 32 32 32h144v144c0 17.67 14.33 32 32 32h32c17.67 0 32-14.33 32-32V304h144c17.67 0 32-14.33 32-32v-32c0-17.67-14.33-32-32-32z\"><\/path><\/svg><\/span>\r\n\t\t\t\t\t\t\t<span class=\"up\"><svg class=\"e-font-icon-svg e-far-window-minimize\" viewBox=\"0 0 512 512\" xmlns=\"http:\/\/www.w3.org\/2000\/svg\"><path d=\"M480 480H32c-17.7 0-32-14.3-32-32s14.3-32 32-32h448c17.7 0 32 14.3 32 32s-14.3 32-32 32z\"><\/path><\/svg><\/span>\r\n\t\t\t\t\t\t\t\t\t\t\t\t\t\t\t<\/div>\r\n\t\t\t\t<div class=\"acc-content\">\r\n\t\t\t\t\t<p>Jos k\u00e4ytett\u00e4viss\u00e4 on vain yksi vanhempi ja tuloksen halutaan olevan luotettava, suosittelemme <a href=\"https:\/\/labogen.com\/fi\/premium-dna-tunniste-koiralle\/\">Premium DNA-tunnistetta<\/a> yhdistettyn\u00e4 biostatistiseen laskelmaan.<\/p>\n<p>My\u00f6s ainoastaan emoon vertailu <a href=\"https:\/\/labogen.com\/fi\/klassinen-dna-profiili-koira\/\">perinteisen DNA-tunnisteen<\/a> avulla voidaan tehd\u00e4, mutta tulos ei ole yht\u00e4 luotettava.<\/p>\n<p>T\u00e4ll\u00f6in DNA-tunnisteen eroavaisuuksien perusteella isyys tai \u00e4itiys voidaan kuitekin poissulkea varmasti.<\/p>\n<p>Jos eroja ei l\u00f6ydet\u00e4, isyytt\u00e4 tai \u00e4itiytt\u00e4 ei voida sulkea pois. Se tarkoittaa, ett\u00e4 koirat ovat mahdollisia vanhempia, mutta kyseess\u00e4 voi my\u00f6s olla koira, jonka DNA on sattumalta hyvin samankaltainen kuin pennulla. Sit\u00e4 sattuu erityisesti silloin, kun el\u00e4imet ovat l\u00e4heist\u00e4 sukua kesken\u00e4\u00e4n tai ne ovat pienikantaisesta rodusta.<\/p>\n\t\t\t\t<\/div>\r\n\t\t\t<\/div>\r\n\t\t\t\t\t\t<div class=\"acc-item\">\r\n\t\t\t\t<div class=\"acc-toggle flex-middle\" data-default=\"\">Nartullani on paljon pentuja ja on mahdollista, ett\u00e4 isi\u00e4 on useita. <br>Tuleeko kaikille pennuille suorittaa polveutumistutkimus? \r\n\t\t\t\t\t\t\t\t\t\t\t\t\t\t\t\t\t\t<span class=\"down\"><svg class=\"e-font-icon-svg e-fas-plus\" viewBox=\"0 0 448 512\" xmlns=\"http:\/\/www.w3.org\/2000\/svg\"><path d=\"M416 208H272V64c0-17.67-14.33-32-32-32h-32c-17.67 0-32 14.33-32 32v144H32c-17.67 0-32 14.33-32 32v32c0 17.67 14.33 32 32 32h144v144c0 17.67 14.33 32 32 32h32c17.67 0 32-14.33 32-32V304h144c17.67 0 32-14.33 32-32v-32c0-17.67-14.33-32-32-32z\"><\/path><\/svg><\/span>\r\n\t\t\t\t\t\t\t<span class=\"up\"><svg class=\"e-font-icon-svg e-far-window-minimize\" viewBox=\"0 0 512 512\" xmlns=\"http:\/\/www.w3.org\/2000\/svg\"><path d=\"M480 480H32c-17.7 0-32-14.3-32-32s14.3-32 32-32h448c17.7 0 32 14.3 32 32s-14.3 32-32 32z\"><\/path><\/svg><\/span>\r\n\t\t\t\t\t\t\t\t\t\t\t\t\t\t\t<\/div>\r\n\t\t\t\t<div class=\"acc-content\">\r\n\t\t\t\t\t<p>Koska pentueen koirilla voi kaksoisastutuksen seurauksena olla eri is\u00e4t, t\u00e4ytyy jokaista pentua verrata erikseen mahdollisiin is\u00e4koiriin. Vain siten voidaan varmistaa oikea is\u00e4 jokaiselle pennulle. Yhden pennun tulosta ei voida automaattisesti jakaa pentueen kaikille pennuille.<\/p>\n\t\t\t\t<\/div>\r\n\t\t\t<\/div>\r\n\t\t\t\t\t\t<div class=\"acc-item\">\r\n\t\t\t\t<div class=\"acc-toggle flex-middle\" data-default=\"\">Kuinka luotettava polveutumistutkimus on? \r\n\t\t\t\t\t\t\t\t\t\t\t\t\t\t\t\t\t\t<span class=\"down\"><svg class=\"e-font-icon-svg e-fas-plus\" viewBox=\"0 0 448 512\" xmlns=\"http:\/\/www.w3.org\/2000\/svg\"><path d=\"M416 208H272V64c0-17.67-14.33-32-32-32h-32c-17.67 0-32 14.33-32 32v144H32c-17.67 0-32 14.33-32 32v32c0 17.67 14.33 32 32 32h144v144c0 17.67 14.33 32 32 32h32c17.67 0 32-14.33 32-32V304h144c17.67 0 32-14.33 32-32v-32c0-17.67-14.33-32-32-32z\"><\/path><\/svg><\/span>\r\n\t\t\t\t\t\t\t<span class=\"up\"><svg class=\"e-font-icon-svg e-far-window-minimize\" viewBox=\"0 0 512 512\" xmlns=\"http:\/\/www.w3.org\/2000\/svg\"><path d=\"M480 480H32c-17.7 0-32-14.3-32-32s14.3-32 32-32h448c17.7 0 32 14.3 32 32s-14.3 32-32 32z\"><\/path><\/svg><\/span>\r\n\t\t\t\t\t\t\t\t\t\t\t\t\t\t\t<\/div>\r\n\t\t\t\t<div class=\"acc-content\">\r\n\t\t\t\t\t<p>Jos mukana ovat molemmat vanhemmat, voidaan vanhemmuus poissulkea tai todeta yli 99,9 % varmuudella sek\u00e4 <a href=\"https:\/\/labogen.com\/fi\/klassinen-dna-profiili-koira\/\">perinteisen<\/a> ett\u00e4 <a href=\"https:\/\/labogen.com\/fi\/premium-dna-tunniste-koiralle\/\">Premium DNA-tunnisteen<\/a> avulla. Jos k\u00e4ytett\u00e4viss\u00e4 on vain yksi vanhempi, voidaan vanhemmuus poissulkea luotettavasti sek\u00e4 <a href=\"https:\/\/labogen.com\/fi\/klassinen-dna-profiili-koira\/\">perinteisell\u00e4<\/a> ett\u00e4 <a href=\"https:\/\/labogen.com\/fi\/premium-dna-tunniste-koiralle\/\">Premium DNA-tutkimuksella<\/a>. T\u00e4ll\u00f6in vanhemmuuden olemassaoloa voidaan kuitenkin arvioida luotettavasti ainoastaan <a href=\"https:\/\/labogen.com\/fi\/premium-dna-tunniste-koiralle\/\">Premium DNA-tunnisteen<\/a> ja biostatistisen analyysin yhdistelm\u00e4ll\u00e4.<\/p>\n\t\t\t\t<\/div>\r\n\t\t\t<\/div>\r\n\t\t\t\t    <\/div>\r\n\r\n\t    \t\t<\/div>\n\t\t\t\t<\/div>\n\t\t\t\t\t<\/div>\n\t\t\t\t<\/div>\n\t\t<div class=\"elementor-element elementor-element-4615b7d e-flex e-con-boxed e-con e-parent\" data-id=\"4615b7d\" data-element_type=\"container\">\n\t\t\t\t\t<div class=\"e-con-inner\">\n\t\t\t\t<div class=\"elementor-element elementor-element-6295637 elementor-widget elementor-widget-spacer\" data-id=\"6295637\" data-element_type=\"widget\" data-widget_type=\"spacer.default\">\n\t\t\t\t<div class=\"elementor-widget-container\">\n\t\t\t\t\t<div class=\"elementor-spacer\">\n\t\t\t<div class=\"elementor-spacer-inner\"><\/div>\n\t\t<\/div>\n\t\t\t\t<\/div>\n\t\t\t\t<\/div>\n\t\t\t\t\t<\/div>\n\t\t\t\t<\/div>\n\t\t\t\t<\/div>\n\t\t","protected":false},"excerpt":{"rendered":"<p>Polveutumistutkimus lyhyesti Polveutumistutkimuksen eli isyystestin avulla voidaan selvitt\u00e4\u00e4 el\u00e4imen is\u00e4 vertailemalla emon, pentujen ja is\u00e4ehdokkaiden DNA-tunnisteita kesken\u00e4\u00e4n. Silloin tahattoman tai kaksoisastutuksen seurauksena syntyneiden pentujen is\u00e4 voidaan m\u00e4\u00e4ritt\u00e4\u00e4 tai poissulkea. Kasvattajaseura saattaa edellytt\u00e4\u00e4 polveutumistutkimusta sukutaulun varmistamiseksi ja v\u00e4\u00e4rink\u00e4yt\u00f6sten, kuten v\u00e4\u00e4renn\u00f6sten tai pentutehtailun est\u00e4miseksi. Tarjoamme polveutumistutkimuksia koirille, kissoille ja hevosille. Koirilla my\u00f6s vaikeampia polveutumiskysymyksi\u00e4, kuten vanhemmuutta vain [&hellip;]<\/p>\n","protected":false},"author":5,"featured_media":0,"parent":0,"menu_order":47,"comment_status":"closed","ping_status":"closed","template":"","meta":{"footnotes":""},"class_list":["post-272018","page","type-page","status-publish","hentry"],"_links":{"self":[{"href":"https:\/\/labogen.com\/fi\/wp-json\/wp\/v2\/pages\/272018","targetHints":{"allow":["GET"]}}],"collection":[{"href":"https:\/\/labogen.com\/fi\/wp-json\/wp\/v2\/pages"}],"about":[{"href":"https:\/\/labogen.com\/fi\/wp-json\/wp\/v2\/types\/page"}],"author":[{"embeddable":true,"href":"https:\/\/labogen.com\/fi\/wp-json\/wp\/v2\/users\/5"}],"replies":[{"embeddable":true,"href":"https:\/\/labogen.com\/fi\/wp-json\/wp\/v2\/comments?post=272018"}],"version-history":[{"count":7,"href":"https:\/\/labogen.com\/fi\/wp-json\/wp\/v2\/pages\/272018\/revisions"}],"predecessor-version":[{"id":275353,"href":"https:\/\/labogen.com\/fi\/wp-json\/wp\/v2\/pages\/272018\/revisions\/275353"}],"wp:attachment":[{"href":"https:\/\/labogen.com\/fi\/wp-json\/wp\/v2\/media?parent=272018"}],"curies":[{"name":"wp","href":"https:\/\/api.w.org\/{rel}","templated":true}]}}