{"id":272016,"date":"2024-08-05T10:42:28","date_gmt":"2024-08-05T08:42:28","guid":{"rendered":"https:\/\/staging.laboklin.com\/labogen\/labogen_wp\/index.php\/vaeri-karvan-pituus-karvan-rakenne\/"},"modified":"2024-10-07T11:38:46","modified_gmt":"2024-10-07T09:38:46","slug":"vaeri-karvan-pituus-karvan-rakenne","status":"publish","type":"page","link":"https:\/\/labogen.com\/fi\/vaeri-karvan-pituus-karvan-rakenne\/","title":{"rendered":"Karvan v\u00e4ri \/ pituus \/ rakenne"},"content":{"rendered":"\t\t<div data-elementor-type=\"wp-page\" data-elementor-id=\"272016\" class=\"elementor elementor-272016 elementor-10708\">\n\t\t\t\t<div class=\"elementor-element elementor-element-7dd4bd2 e-grid e-con-boxed e-con e-parent\" data-id=\"7dd4bd2\" data-element_type=\"container\">\n\t\t\t\t\t<div class=\"e-con-inner\">\n\t\t\t\t<div class=\"elementor-element elementor-element-d7d9849 elementor-widget elementor-widget-ifeaturedbox\" data-id=\"d7d9849\" data-element_type=\"widget\" data-widget_type=\"ifeaturedbox.default\">\n\t\t\t\t<div class=\"elementor-widget-container\">\n\t\t\t\r\n\t\t<div class=\"ot-features-box\">\r\n\t\t\t<div class=\"features-image\" id=\"animated-thumbnials\">\r\n\t\t\t\t<a href=\"\/index.php\/farbe-haarlaenge-haartruktur-hund\/\">\t\t\t\t\t\t\t\t\t<span class=\"overlay flex-middle\"><i class=\"ot-flaticon-add\"><\/i><\/span>\r\n\t\t\t\t\t<img fetchpriority=\"high\" decoding=\"async\" width=\"500\" height=\"500\" src=\"https:\/\/labogen.com\/wp-content\/uploads\/2024\/08\/2024_ICONS_Website_Dog5.jpg\" class=\"attachment-full size-full wp-image-13272\" alt=\"\" srcset=\"https:\/\/labogen.com\/wp-content\/uploads\/2024\/08\/2024_ICONS_Website_Dog5.jpg 500w, https:\/\/labogen.com\/wp-content\/uploads\/2024\/08\/2024_ICONS_Website_Dog5-300x300.jpg 300w, https:\/\/labogen.com\/wp-content\/uploads\/2024\/08\/2024_ICONS_Website_Dog5-150x150.jpg 150w\" sizes=\"(max-width: 500px) 100vw, 500px\" \/>\t\t\t\t\t\t\t\t<\/a>\t\t\t\t\r\n\t\t\t<\/div>\r\n\t\t\t\t\t\t<div class=\"features-content\">\r\n\t\t\t\t<h6 class=\"features-box-title\"><a ><span>V\u00e4ri \/ pituus \/ rakenne<\/span> KARVA<\/a><\/h6>\t\t\t<\/div>\r\n\t\t\t\t    <\/div>\r\n\r\n\t    \t\t<\/div>\n\t\t\t\t<\/div>\n\t\t\t\t<div class=\"elementor-element elementor-element-15cabb7 elementor-widget elementor-widget-ifeaturedbox\" data-id=\"15cabb7\" data-element_type=\"widget\" data-widget_type=\"ifeaturedbox.default\">\n\t\t\t\t<div class=\"elementor-widget-container\">\n\t\t\t\r\n\t\t<div class=\"ot-features-box\">\r\n\t\t\t<div class=\"features-image\" id=\"animated-thumbnials\">\r\n\t\t\t\t<a href=\"https:\/\/labogen.com\/fi\/vaeri-karvan-pituus-karvan-rakenne-kissa\/\">\t\t\t\t\t\t\t\t\t<span class=\"overlay flex-middle\"><i class=\"ot-flaticon-add\"><\/i><\/span>\r\n\t\t\t\t\t<img decoding=\"async\" width=\"500\" height=\"500\" src=\"https:\/\/labogen.com\/wp-content\/uploads\/2024\/08\/2024_ICONS_Website_Cat5.jpg\" class=\"attachment-full size-full wp-image-13264\" alt=\"\" srcset=\"https:\/\/labogen.com\/wp-content\/uploads\/2024\/08\/2024_ICONS_Website_Cat5.jpg 500w, https:\/\/labogen.com\/wp-content\/uploads\/2024\/08\/2024_ICONS_Website_Cat5-300x300.jpg 300w, https:\/\/labogen.com\/wp-content\/uploads\/2024\/08\/2024_ICONS_Website_Cat5-150x150.jpg 150w\" sizes=\"(max-width: 500px) 100vw, 500px\" \/>\t\t\t\t\t\t\t\t<\/a>\t\t\t\t\r\n\t\t\t<\/div>\r\n\t\t\t\t\t\t<div class=\"features-content\">\r\n\t\t\t\t<h6 class=\"features-box-title\"><a ><span>V\u00e4ri \/ pituus \/ rakenne<\/span> Kissa<\/a><\/h6>\t\t\t<\/div>\r\n\t\t\t\t    <\/div>\r\n\r\n\t    \t\t<\/div>\n\t\t\t\t<\/div>\n\t\t\t\t<div class=\"elementor-element elementor-element-3de7ebf elementor-widget elementor-widget-ifeaturedbox\" data-id=\"3de7ebf\" data-element_type=\"widget\" data-widget_type=\"ifeaturedbox.default\">\n\t\t\t\t<div class=\"elementor-widget-container\">\n\t\t\t\r\n\t\t<div class=\"ot-features-box\">\r\n\t\t\t<div class=\"features-image\" id=\"animated-thumbnials\">\r\n\t\t\t\t<a href=\"https:\/\/labogen.com\/fi\/vaeri-karvan-pituus-karvan-rakenne-kissa\/\">\t\t\t\t\t\t\t\t\t<span class=\"overlay flex-middle\"><i class=\"ot-flaticon-add\"><\/i><\/span>\r\n\t\t\t\t\t<img decoding=\"async\" width=\"500\" height=\"500\" src=\"https:\/\/labogen.com\/wp-content\/uploads\/2024\/08\/2024_ICONS_Website_Horse5.jpg\" class=\"attachment-full size-full wp-image-13290\" alt=\"\" srcset=\"https:\/\/labogen.com\/wp-content\/uploads\/2024\/08\/2024_ICONS_Website_Horse5.jpg 500w, https:\/\/labogen.com\/wp-content\/uploads\/2024\/08\/2024_ICONS_Website_Horse5-300x300.jpg 300w, https:\/\/labogen.com\/wp-content\/uploads\/2024\/08\/2024_ICONS_Website_Horse5-150x150.jpg 150w\" sizes=\"(max-width: 500px) 100vw, 500px\" \/>\t\t\t\t\t\t\t\t<\/a>\t\t\t\t\r\n\t\t\t<\/div>\r\n\t\t\t\t\t\t<div class=\"features-content\">\r\n\t\t\t\t<h6 class=\"features-box-title\"><a ><span>V\u00e4ri \/ pituus \/ rakenne<\/span> HEVONEN<\/a><\/h6>\t\t\t<\/div>\r\n\t\t\t\t    <\/div>\r\n\r\n\t    \t\t<\/div>\n\t\t\t\t<\/div>\n\t\t\t\t\t<\/div>\n\t\t\t\t<\/div>\n\t\t<div class=\"elementor-element elementor-element-427b39d e-flex e-con-boxed e-con e-parent\" data-id=\"427b39d\" data-element_type=\"container\">\n\t\t\t\t\t<div class=\"e-con-inner\">\n\t\t\t\t<div class=\"elementor-element elementor-element-92301b1 elementor-widget elementor-widget-text-editor\" data-id=\"92301b1\" data-element_type=\"widget\" data-widget_type=\"text-editor.default\">\n\t\t\t\t<div class=\"elementor-widget-container\">\n\t\t\t\t\t\t\t<h5>Karvan v\u00e4rin ja ominaisuuksien merkitys jalostuksessa<\/h5>\n<p><strong>Karvan v\u00e4ri <\/strong>ja <strong>rakenne<\/strong> ovat usein merkitt\u00e4vi\u00e4 el\u00e4imen rotutyypillisen ulkon\u00e4\u00f6n tekij\u00f6it\u00e4. <strong>Hevosjalostusliitot<\/strong> hyv\u00e4ksyv\u00e4t jalostushevoselle <strong>jalostusohjelmissa<\/strong> usein vain tiettyj\u00e4 v\u00e4rivaihtoehtoja ja\/tai karvan pituuksia. Karvan v\u00e4ri ja pituus vaikuttavat usein my\u00f6s hevosen <strong>ostop\u00e4\u00e4t\u00f6kseen<\/strong>.<\/p>\n<p>Geneettisten testien avulla voidaan arvioida karvan eri ominaisuuksien<strong> todenn\u00e4k\u00f6isyytt\u00e4<\/strong>. J\u00e4lkel\u00e4isten <strong>ulkon\u00e4\u00f6st\u00e4 voidaan esitt\u00e4\u00e4 ennustuksia<\/strong> olemassaolevie <strong>varianttien<\/strong> perusteella. Lis\u00e4ksi jo varsai\u00e4ss\u00e4 voidaan esitt\u00e4\u00e4 arvio hevosen <strong>v\u00e4rist\u00e4 aikuisena,<\/strong> vaikka se <strong>muuttuisikin i\u00e4n my\u00f6t\u00e4<\/strong>.<\/p>\n<h5>V\u00e4rien ja kuvioiden valikoima<\/h5>\n<p>Vaikka <strong>kaikkia hevosen karvan v\u00e4riin ja muihin ominaisuuksiin vaikuttavia geenej\u00e4<\/strong> ei viel\u00e4 tunneta, monien piirteiden geneettisi\u00e4 syit\u00e4 voidaan jo tutkia. <strong>V\u00e4rien<\/strong> lis\u00e4ksi voidaan tutkia esimerkiksi <strong>pilkkuja, merkkej\u00e4<\/strong> ja <strong>kuvioita<\/strong>, <strong>v\u00e4rimuunnoksia<\/strong>, sek\u00e4 <strong>karvan pituutta<\/strong> (lyhyt vai pitk\u00e4) ja <strong>rakennetta<\/strong> (sile\u00e4, karkeakarvainen, kihara). <\/p>\n<h5>V\u00e4rityksen terveydellinen merkitys<\/h5>\n<p>Jotkut v\u00e4rivariantit eiv\u00e4t vaikuta pelk\u00e4st\u00e4\u00e4n <strong>ulkon\u00e4k\u00f6\u00f6n<\/strong>, vaan my\u00f6s <strong>terveyteen<\/strong>. Erityisesti valkoisten kuvioiden jakautumista s\u00e4\u00e4telev\u00e4t geenit vaikuttavat karvan <strong>pigmentin<\/strong> lis\u00e4ksi osin my\u00f6s <strong>kuulo- ja n\u00e4k\u00f6aistisolujen<\/strong> <strong>kehitykseen<\/strong>. T\u00e4ll\u00f6in kasvattajan tulee ehdottomasti m\u00e4\u00e4ritt\u00e4\u00e4 el\u00e4imen genotyyppi ennen jalostusta ja valita sopiva jalostuskumppani mahdollisten <strong>terveysongelmien<\/strong> ja <strong>jalostuksesta johtuvan k\u00e4rsimyksen<\/strong> v\u00e4ltt\u00e4miseksi.<\/p>\n\t\t\t\t\t\t<\/div>\n\t\t\t\t<\/div>\n\t\t\t\t\t<\/div>\n\t\t\t\t<\/div>\n\t\t\t\t<\/div>\n\t\t","protected":false},"excerpt":{"rendered":"<p>V\u00e4ri \/ pituus \/ rakenne KARVA V\u00e4ri \/ pituus \/ rakenne Kissa V\u00e4ri \/ pituus \/ rakenne HEVONEN Karvan v\u00e4rin ja ominaisuuksien merkitys jalostuksessa Karvan v\u00e4ri ja rakenne ovat usein merkitt\u00e4vi\u00e4 el\u00e4imen rotutyypillisen ulkon\u00e4\u00f6n tekij\u00f6it\u00e4. Hevosjalostusliitot hyv\u00e4ksyv\u00e4t jalostushevoselle jalostusohjelmissa usein vain tiettyj\u00e4 v\u00e4rivaihtoehtoja ja\/tai karvan pituuksia. Karvan v\u00e4ri ja pituus vaikuttavat usein my\u00f6s hevosen ostop\u00e4\u00e4t\u00f6kseen. [&hellip;]<\/p>\n","protected":false},"author":5,"featured_media":0,"parent":0,"menu_order":75,"comment_status":"closed","ping_status":"closed","template":"","meta":{"footnotes":""},"class_list":["post-272016","page","type-page","status-publish","hentry"],"_links":{"self":[{"href":"https:\/\/labogen.com\/fi\/wp-json\/wp\/v2\/pages\/272016","targetHints":{"allow":["GET"]}}],"collection":[{"href":"https:\/\/labogen.com\/fi\/wp-json\/wp\/v2\/pages"}],"about":[{"href":"https:\/\/labogen.com\/fi\/wp-json\/wp\/v2\/types\/page"}],"author":[{"embeddable":true,"href":"https:\/\/labogen.com\/fi\/wp-json\/wp\/v2\/users\/5"}],"replies":[{"embeddable":true,"href":"https:\/\/labogen.com\/fi\/wp-json\/wp\/v2\/comments?post=272016"}],"version-history":[{"count":7,"href":"https:\/\/labogen.com\/fi\/wp-json\/wp\/v2\/pages\/272016\/revisions"}],"predecessor-version":[{"id":275694,"href":"https:\/\/labogen.com\/fi\/wp-json\/wp\/v2\/pages\/272016\/revisions\/275694"}],"wp:attachment":[{"href":"https:\/\/labogen.com\/fi\/wp-json\/wp\/v2\/media?parent=272016"}],"curies":[{"name":"wp","href":"https:\/\/api.w.org\/{rel}","templated":true}]}}