{"id":271951,"date":"2024-07-29T14:53:38","date_gmt":"2024-07-29T12:53:38","guid":{"rendered":"https:\/\/staging.laboklin.com\/labogen\/labogen_wp\/index.php\/dna-profilointi\/"},"modified":"2024-09-27T17:52:28","modified_gmt":"2024-09-27T15:52:28","slug":"dna-profilointi","status":"publish","type":"page","link":"https:\/\/labogen.com\/fi\/dna-profilointi\/","title":{"rendered":"DNA-profilointi"},"content":{"rendered":"\t\t<div data-elementor-type=\"wp-page\" data-elementor-id=\"271951\" class=\"elementor elementor-271951 elementor-9850\">\n\t\t\t\t<div class=\"elementor-element elementor-element-5789af3 e-grid e-con-boxed e-con e-parent\" data-id=\"5789af3\" data-element_type=\"container\">\n\t\t\t\t\t<div class=\"e-con-inner\">\n\t\t\t\t<div class=\"elementor-element elementor-element-9a8ff0f elementor-widget elementor-widget-ifeaturedbox\" data-id=\"9a8ff0f\" data-element_type=\"widget\" data-widget_type=\"ifeaturedbox.default\">\n\t\t\t\t<div class=\"elementor-widget-container\">\n\t\t\t\r\n\t\t<div class=\"ot-features-box\">\r\n\t\t\t<div class=\"features-image\" id=\"animated-thumbnials\">\r\n\t\t\t\t<a href=\"\/index.php\/dna-profil-hund\/\">\t\t\t\t\t\t\t\t\t<span class=\"overlay flex-middle\"><i class=\"ot-flaticon-add\"><\/i><\/span>\r\n\t\t\t\t\t<img fetchpriority=\"high\" decoding=\"async\" width=\"500\" height=\"500\" src=\"https:\/\/labogen.com\/wp-content\/uploads\/2024\/08\/FI_DOG_ICONS.jpg\" class=\"attachment-full size-full wp-image-269509\" alt=\"\" srcset=\"https:\/\/labogen.com\/wp-content\/uploads\/2024\/08\/FI_DOG_ICONS.jpg 500w, https:\/\/labogen.com\/wp-content\/uploads\/2024\/08\/FI_DOG_ICONS-300x300.jpg 300w, https:\/\/labogen.com\/wp-content\/uploads\/2024\/08\/FI_DOG_ICONS-150x150.jpg 150w\" sizes=\"(max-width: 500px) 100vw, 500px\" \/>\t\t\t\t\t\t\t\t<\/a>\t\t\t\t\r\n\t\t\t<\/div>\r\n\t\t\t\t\t\t<div class=\"features-content\">\r\n\t\t\t\t<h6 class=\"features-box-title\"><a ><span>DNA-tunniste<\/span> koiralle<\/a><\/h6>\t\t\t<\/div>\r\n\t\t\t\t    <\/div>\r\n\r\n\t    \t\t<\/div>\n\t\t\t\t<\/div>\n\t\t\t\t<div class=\"elementor-element elementor-element-120609b elementor-widget elementor-widget-ifeaturedbox\" data-id=\"120609b\" data-element_type=\"widget\" data-widget_type=\"ifeaturedbox.default\">\n\t\t\t\t<div class=\"elementor-widget-container\">\n\t\t\t\r\n\t\t<div class=\"ot-features-box\">\r\n\t\t\t<div class=\"features-image\" id=\"animated-thumbnials\">\r\n\t\t\t\t<a href=\"\/index.php\/dna-profil-katze\/\">\t\t\t\t\t\t\t\t\t<span class=\"overlay flex-middle\"><i class=\"ot-flaticon-add\"><\/i><\/span>\r\n\t\t\t\t\t<img decoding=\"async\" width=\"500\" height=\"500\" src=\"https:\/\/labogen.com\/wp-content\/uploads\/2024\/08\/FI_CAT_ICONS.jpg\" class=\"attachment-full size-full wp-image-269558\" alt=\"\" srcset=\"https:\/\/labogen.com\/wp-content\/uploads\/2024\/08\/FI_CAT_ICONS.jpg 500w, https:\/\/labogen.com\/wp-content\/uploads\/2024\/08\/FI_CAT_ICONS-300x300.jpg 300w, https:\/\/labogen.com\/wp-content\/uploads\/2024\/08\/FI_CAT_ICONS-150x150.jpg 150w\" sizes=\"(max-width: 500px) 100vw, 500px\" \/>\t\t\t\t\t\t\t\t<\/a>\t\t\t\t\r\n\t\t\t<\/div>\r\n\t\t\t\t\t\t<div class=\"features-content\">\r\n\t\t\t\t<h6 class=\"features-box-title\"><a ><span>DNA-tunniste<\/span> kissalle<\/a><\/h6>\t\t\t<\/div>\r\n\t\t\t\t    <\/div>\r\n\r\n\t    \t\t<\/div>\n\t\t\t\t<\/div>\n\t\t\t\t<div class=\"elementor-element elementor-element-854fbc1 elementor-widget elementor-widget-ifeaturedbox\" data-id=\"854fbc1\" data-element_type=\"widget\" data-widget_type=\"ifeaturedbox.default\">\n\t\t\t\t<div class=\"elementor-widget-container\">\n\t\t\t\r\n\t\t<div class=\"ot-features-box\">\r\n\t\t\t<div class=\"features-image\" id=\"animated-thumbnials\">\r\n\t\t\t\t<a href=\"\/index.php\/dna-profil-pferd\/\">\t\t\t\t\t\t\t\t\t<span class=\"overlay flex-middle\"><i class=\"ot-flaticon-add\"><\/i><\/span>\r\n\t\t\t\t\t<img decoding=\"async\" width=\"500\" height=\"500\" src=\"https:\/\/labogen.com\/wp-content\/uploads\/2024\/08\/FI_ICONS_Website.jpg\" class=\"attachment-full size-full wp-image-269418\" alt=\"\" srcset=\"https:\/\/labogen.com\/wp-content\/uploads\/2024\/08\/FI_ICONS_Website.jpg 500w, https:\/\/labogen.com\/wp-content\/uploads\/2024\/08\/FI_ICONS_Website-300x300.jpg 300w, https:\/\/labogen.com\/wp-content\/uploads\/2024\/08\/FI_ICONS_Website-150x150.jpg 150w\" sizes=\"(max-width: 500px) 100vw, 500px\" \/>\t\t\t\t\t\t\t\t<\/a>\t\t\t\t\r\n\t\t\t<\/div>\r\n\t\t\t\t\t\t<div class=\"features-content\">\r\n\t\t\t\t<h6 class=\"features-box-title\"><a ><span>DNA-tunniste<\/span> hevoselle<\/a><\/h6>\t\t\t<\/div>\r\n\t\t\t\t    <\/div>\r\n\r\n\t    \t\t<\/div>\n\t\t\t\t<\/div>\n\t\t\t\t\t<\/div>\n\t\t\t\t<\/div>\n\t\t<div class=\"elementor-element elementor-element-a0e6706 e-flex e-con-boxed e-con e-parent\" data-id=\"a0e6706\" data-element_type=\"container\">\n\t\t\t\t\t<div class=\"e-con-inner\">\n\t\t\t\t<div class=\"elementor-element elementor-element-cf39fdd elementor-widget elementor-widget-text-editor\" data-id=\"cf39fdd\" data-element_type=\"widget\" data-widget_type=\"text-editor.default\">\n\t\t\t\t<div class=\"elementor-widget-container\">\n\t\t\t\t\t\t\t<h2>DNA-tunniste p\u00e4hkin\u00e4nkuoressa<\/h2>\n<p>DNA-tunniste on el\u00e4imen <strong>geneettinen sormenj\u00e4lki,<\/strong> joka perustuu jokaiselle el\u00e4imelle luotuun <strong>yksil\u00f6lliseen<\/strong>, geeneihin perustuvaan numero- ja kirjainyhdistelm\u00e4\u00e4n. DNA-tunniste tallennetaan <strong>tietokantaan<\/strong>, ja sen perusteella el\u00e4in voidaan milloin tahansa <strong>tunnistaa luotettavasti<\/strong> veri-, poskisolu- tai kudosn\u00e4ytteest\u00e4. DNA-tunnistetta ei voi v\u00e4\u00e4rent\u00e4\u00e4 tai hukata, joten el\u00e4imen<strong> tunnistaminen <\/strong>voidaan tehd\u00e4 varmasti my\u00f6s esimerkiksi varkauden tai katoamisen yhteydess\u00e4. Siitti\u00f6n\u00e4yte voidaan samoin keinosiemennyksen yhteydess\u00e4 osoittaa luottevasti tietylle urokselle kuuluvaksi. My\u00f6s jotkut muista geenitesteist\u00e4, kuten <strong>polveutumistesti<\/strong> ja rodunm\u00e4\u00e4ritys perustuvat DNA-tunnisteeseen. Samaan standardiin perustuvat, eri laboratorioissa laaditut DNA-tunnisteet ovat kesken\u00e4\u00e4n vertailukelpoisia. LABOKLININ DNA-tunnisteet perustuvat <strong>ISAG:in<\/strong> (International Society for Animal Genetics) standardeihin, joten ne ovat vertailukelpoisia muiden ISAG-standardien mukaan toimivien laboratorioiden kanssa.<\/p>\n<p><a href=\"\/index.php\/dna-profil-hund\/\"><span style=\"color: #e51e1e;\"><strong>Koirien DNA-tunniste<\/strong><\/span><\/a><\/p>\n<p>Koirille on tarjolla kahdenlaisia DNA-tunnisteita: <a href=\"https:\/\/labogen.com\/fi\/klassinen-dna-profiili-koira\/\">perinteinen STR DNA-tunniste<\/a>, joka on luotu vuonna 2006 hyv\u00e4ksyttyjen ISAG-ohjeiden mukaisesti, sek\u00e4 vuoden 2020 ISAG-ohjeisiin perustuva <a href=\"https:\/\/labogen.com\/fi\/premium-dna-tunniste-koiralle\/\">Premium SNP DNA-tunniste<\/a>. <a href=\"https:\/\/labogen.com\/fi\/klassinen-dna-profiili-koira\/\">Perinteinen DNA-tunniste (ISAG 2006) <\/a>perustuu 22 STR-markkeerin eli mikrosateliitin analysointiin. Tietyt em\u00e4ssekvenssit toistuvat niiden kohdalla vaihtelevalla taajuudella, ja toistojen m\u00e4\u00e4r\u00e4 ja siten mikrosatelliittien pituus vaihtelee merkitt\u00e4v\u00e4sti eri koirilla. N\u00e4iden toistojen lukum\u00e4\u00e4r\u00e4n yhdist\u00e4minen tuottaa jokaiselle el\u00e4imelle ainutlaatuiden merkkisarjan. <a href=\"https:\/\/labogen.com\/fi\/premium-dna-tunniste-koiralle\/\">Premium SNP DNA-tunniste (ISAG 2020)<\/a> puolestaan perustuu 230 yhden em\u00e4ksen monimuotoisuuden (SNP) analysointiin. Em\u00e4kset muodostavat nukleotidipareja, joiden osat voivat vaihtaa paikkaa kesken\u00e4\u00e4n. Nukleotidit erotetaan ja jokaista SNP:t\u00e4 kohden muodostetaan kahden kirjaimen yhdistelm\u00e4, josta muodostuu lopulta jokaiselle el\u00e4imelle ainutlaatuinen ja yksil\u00f6llinen kirjainyhdistelm\u00e4. <a href=\"https:\/\/labogen.com\/fi\/premium-dna-tunniste-koiralle\/\">Premium SNP DNA-tunnisteen<\/a> avulla on mahdollista tunnistaa el\u00e4imen vanhemmat my\u00f6s silloin, kun ainoastaan toinen vanhmmista tunnetaan, sek\u00e4 m\u00e4\u00e4ritt\u00e4\u00e4 koiran geneettinen monimuotoisuus (rotukohtainen arviointi, geneettinen monimuotoisuus ja heterotsygoottisuus). Huom! <a href=\"https:\/\/labogen.com\/fi\/klassinen-dna-profiili-koira\/\">Perinteinen STR DNA-tunniste (ISAG 2006)<\/a> ja <a href=\"https:\/\/labogen.com\/fi\/premium-dna-tunniste-koiralle\/\">Premium SNP DNA-tunniste (ISAG 2020)<\/a> eiv\u00e4t ole yhteensopivia ja siten tunnisteiden vertailu onnistuu ainoastaan samaan standardiin perustuvien tunnisteiden v\u00e4lill\u00e4.<\/p>\n<p><strong><a href=\"\/index.php\/dna-profil-katze\/\">Kissojen<\/a> ja <a href=\"\/index.php\/dna-profil-pferd\/\">hevosten<\/a> DNA-tunnisteet<\/strong><\/p>\n<p>Kissojen ja hevosten DNA-tunnisteet perustuvat ISAGin suositusten mukaisesti 17 mikrosatelliittimarkkeeriin. Niiden kohdalla tietyt em\u00e4ssekvenssit toistuvat vaihtelevalla taajuudella, jolloin toistojen m\u00e4\u00e4r\u00e4 ja siten mikrosatelliittien pituus vaihtelee merkitt\u00e4v\u00e4sti eri el\u00e4imill\u00e4. Jokaista SNP:t\u00e4 kohden muodostetaan kahden kirjaimen yhdistelm\u00e4, josta muodostuu lopulta jokaiselle el\u00e4imelle ainutlaatuinen ja yksil\u00f6llinen kirjainyhdistelm\u00e4.<\/p>\n\t\t\t\t\t\t<\/div>\n\t\t\t\t<\/div>\n\t\t\t\t\t<\/div>\n\t\t\t\t<\/div>\n\t\t<div class=\"elementor-element elementor-element-2998e9b e-flex e-con-boxed e-con e-parent\" data-id=\"2998e9b\" data-element_type=\"container\">\n\t\t\t\t\t<div class=\"e-con-inner\">\n\t\t\t\t<div class=\"elementor-element elementor-element-44680e9 elementor-widget elementor-widget-spacer\" data-id=\"44680e9\" data-element_type=\"widget\" data-widget_type=\"spacer.default\">\n\t\t\t\t<div class=\"elementor-widget-container\">\n\t\t\t\t\t<div class=\"elementor-spacer\">\n\t\t\t<div class=\"elementor-spacer-inner\"><\/div>\n\t\t<\/div>\n\t\t\t\t<\/div>\n\t\t\t\t<\/div>\n\t\t\t\t\t<\/div>\n\t\t\t\t<\/div>\n\t\t\t\t<\/div>\n\t\t","protected":false},"excerpt":{"rendered":"<p>DNA-tunniste koiralle DNA-tunniste kissalle DNA-tunniste hevoselle DNA-tunniste p\u00e4hkin\u00e4nkuoressa DNA-tunniste on el\u00e4imen geneettinen sormenj\u00e4lki, joka perustuu jokaiselle el\u00e4imelle luotuun yksil\u00f6lliseen, geeneihin perustuvaan numero- ja kirjainyhdistelm\u00e4\u00e4n. DNA-tunniste tallennetaan tietokantaan, ja sen perusteella el\u00e4in voidaan milloin tahansa tunnistaa luotettavasti veri-, poskisolu- tai kudosn\u00e4ytteest\u00e4. DNA-tunnistetta ei voi v\u00e4\u00e4rent\u00e4\u00e4 tai hukata, joten el\u00e4imen tunnistaminen voidaan tehd\u00e4 varmasti my\u00f6s esimerkiksi varkauden [&hellip;]<\/p>\n","protected":false},"author":5,"featured_media":0,"parent":0,"menu_order":74,"comment_status":"closed","ping_status":"closed","template":"","meta":{"footnotes":""},"class_list":["post-271951","page","type-page","status-publish","hentry"],"_links":{"self":[{"href":"https:\/\/labogen.com\/fi\/wp-json\/wp\/v2\/pages\/271951","targetHints":{"allow":["GET"]}}],"collection":[{"href":"https:\/\/labogen.com\/fi\/wp-json\/wp\/v2\/pages"}],"about":[{"href":"https:\/\/labogen.com\/fi\/wp-json\/wp\/v2\/types\/page"}],"author":[{"embeddable":true,"href":"https:\/\/labogen.com\/fi\/wp-json\/wp\/v2\/users\/5"}],"replies":[{"embeddable":true,"href":"https:\/\/labogen.com\/fi\/wp-json\/wp\/v2\/comments?post=271951"}],"version-history":[{"count":12,"href":"https:\/\/labogen.com\/fi\/wp-json\/wp\/v2\/pages\/271951\/revisions"}],"predecessor-version":[{"id":275481,"href":"https:\/\/labogen.com\/fi\/wp-json\/wp\/v2\/pages\/271951\/revisions\/275481"}],"wp:attachment":[{"href":"https:\/\/labogen.com\/fi\/wp-json\/wp\/v2\/media?parent=271951"}],"curies":[{"name":"wp","href":"https:\/\/api.w.org\/{rel}","templated":true}]}}