{"id":271898,"date":"2024-07-30T10:57:03","date_gmt":"2024-07-30T08:57:03","guid":{"rendered":"https:\/\/staging.laboklin.com\/labogen\/labogen_wp\/index.php\/premium-dna-tunniste-koiralle\/"},"modified":"2024-09-26T14:17:52","modified_gmt":"2024-09-26T12:17:52","slug":"premium-dna-tunniste-koiralle","status":"publish","type":"page","link":"https:\/\/labogen.com\/fi\/premium-dna-tunniste-koiralle\/","title":{"rendered":"Premium DNA-tunniste KOIRALLE"},"content":{"rendered":"\t\t<div data-elementor-type=\"wp-page\" data-elementor-id=\"271898\" class=\"elementor elementor-271898 elementor-12427\">\n\t\t\t\t<div class=\"elementor-element elementor-element-1db57a8 e-flex e-con-boxed e-con e-parent\" data-id=\"1db57a8\" data-element_type=\"container\">\n\t\t\t\t\t<div class=\"e-con-inner\">\n\t\t<div class=\"elementor-element elementor-element-1707dd4 e-con-full e-flex e-con e-child\" data-id=\"1707dd4\" data-element_type=\"container\">\n\t\t\t\t<div class=\"elementor-element elementor-element-ada1a94 elementor-hidden-mobile elementor-widget elementor-widget-heading\" data-id=\"ada1a94\" data-element_type=\"widget\" data-widget_type=\"heading.default\">\n\t\t\t\t<div class=\"elementor-widget-container\">\n\t\t\t<h1 class=\"elementor-heading-title elementor-size-default\">Premium DNA-tunniste koiralle<\/h1>\t\t<\/div>\n\t\t\t\t<\/div>\n\t\t\t\t<div class=\"elementor-element elementor-element-8013287 elementor-widget elementor-widget-text-editor\" data-id=\"8013287\" data-element_type=\"widget\" data-widget_type=\"text-editor.default\">\n\t\t\t\t<div class=\"elementor-widget-container\">\n\t\t\t\t\t\t\t<h4><strong>Yleiskuvaus<\/strong><\/h4>\n<p><span style=\"color: #800000;\">Klassinen SNP DNA-tunniste (ISAG 2020) on el\u00e4imen muuttumaton <strong>geneettinen sormenj\u00e4lki<\/strong>, jota ei voi v\u00e4\u00e4rent\u00e4\u00e4 ja joka mahdollistaa yksil\u00f6n varman tunnistamisen. Kaikki tutkimamme tunnisteet tallennetaan DNA-tietokantaan. DNA-tutkimus analysoi 230 SNP-mutaatiota<strong> ISAG-ohjeiden mukaisesti<\/strong> ja se on kansainv\u00e4lisesti vertailukelpoinen. Testin luotettavuus on <strong>99,99 %<\/strong>.<br \/>Premium SNP DNA-tunnisteen avulla vanhemmuus on mahdollista ratkaista my\u00f6s silloin, kun vain toinen vanhemmista tunnetaan (rodut pyynn\u00f6st\u00e4). Tutkimuksen tilaaja saa my\u00f6s <strong>ilmaisen analyysin geneettisest\u00e4 monimuotoisuudesta<\/strong> ja heterotsygoottisuudesta.<\/span><\/p>\n<h4><strong><span style=\"color: #e51e1e;\">Rodut<\/span><\/strong><\/h4>\n<p>Kaikki rodut<\/p>\n\t\t\t\t\t\t<\/div>\n\t\t\t\t<\/div>\n\t\t\t\t<\/div>\n\t\t<div class=\"elementor-element elementor-element-646ac89 e-con-full e-flex e-con e-child\" data-id=\"646ac89\" data-element_type=\"container\">\n\t\t\t\t<div class=\"elementor-element elementor-element-46a2254 elementor-invisible elementor-widget elementor-widget-toggle\" data-id=\"46a2254\" data-element_type=\"widget\" data-settings=\"{&quot;_animation&quot;:&quot;slideInUp&quot;,&quot;_animation_delay&quot;:1500}\" data-widget_type=\"toggle.default\">\n\t\t\t\t<div class=\"elementor-widget-container\">\n\t\t\t\t\t<div class=\"elementor-toggle\">\n\t\t\t\t\t\t\t<div class=\"elementor-toggle-item\">\n\t\t\t\t\t<h6 id=\"elementor-tab-title-7401\" class=\"elementor-tab-title\" data-tab=\"1\" role=\"button\" aria-controls=\"elementor-tab-content-7401\" aria-expanded=\"false\">\n\t\t\t\t\t\t\t\t\t\t\t\t<span class=\"elementor-toggle-icon elementor-toggle-icon-left\" aria-hidden=\"true\">\n\t\t\t\t\t\t\t\t\t\t\t\t\t\t\t<span class=\"elementor-toggle-icon-closed\"><svg class=\"e-font-icon-svg e-far-plus-square\" viewBox=\"0 0 448 512\" xmlns=\"http:\/\/www.w3.org\/2000\/svg\"><path d=\"M352 240v32c0 6.6-5.4 12-12 12h-88v88c0 6.6-5.4 12-12 12h-32c-6.6 0-12-5.4-12-12v-88h-88c-6.6 0-12-5.4-12-12v-32c0-6.6 5.4-12 12-12h88v-88c0-6.6 5.4-12 12-12h32c6.6 0 12 5.4 12 12v88h88c6.6 0 12 5.4 12 12zm96-160v352c0 26.5-21.5 48-48 48H48c-26.5 0-48-21.5-48-48V80c0-26.5 21.5-48 48-48h352c26.5 0 48 21.5 48 48zm-48 346V86c0-3.3-2.7-6-6-6H54c-3.3 0-6 2.7-6 6v340c0 3.3 2.7 6 6 6h340c3.3 0 6-2.7 6-6z\"><\/path><\/svg><\/span>\n\t\t\t\t\t\t\t\t<span class=\"elementor-toggle-icon-opened\"><svg class=\"elementor-toggle-icon-opened e-font-icon-svg e-far-minus-square\" viewBox=\"0 0 448 512\" xmlns=\"http:\/\/www.w3.org\/2000\/svg\"><path d=\"M108 284c-6.6 0-12-5.4-12-12v-32c0-6.6 5.4-12 12-12h232c6.6 0 12 5.4 12 12v32c0 6.6-5.4 12-12 12H108zM448 80v352c0 26.5-21.5 48-48 48H48c-26.5 0-48-21.5-48-48V80c0-26.5 21.5-48 48-48h352c26.5 0 48 21.5 48 48zm-48 346V86c0-3.3-2.7-6-6-6H54c-3.3 0-6 2.7-6 6v340c0 3.3 2.7 6 6 6h340c3.3 0 6-2.7 6-6z\"><\/path><\/svg><\/span>\n\t\t\t\t\t\t\t\t\t\t\t\t\t<\/span>\n\t\t\t\t\t\t\t\t\t\t\t\t<a class=\"elementor-toggle-title\" tabindex=\"0\">Tilaustiedot<\/a>\n\t\t\t\t\t<\/h6>\n\n\t\t\t\t\t<div id=\"elementor-tab-content-7401\" class=\"elementor-tab-content elementor-clearfix\" data-tab=\"1\" role=\"region\" aria-labelledby=\"elementor-tab-title-7401\"><table border=\"0\">\n<tbody>\n<tr>\n<td width=\"45%\"><span style=\"color: #e51e1e;\"><strong>Testinumero <\/strong><\/span><\/td>\n<td>8540<\/td>\n<\/tr>\n<tr>\n<td><strong>Testin nimi<\/strong><\/td>\n<td>Geneettinen sormenj\u00e4lki, Monimuotoisuusanalyysi<\/td>\n<\/tr>\n<tr>\n<td><span style=\"color: #e51e1e;\"><strong>Testimateriaali <\/strong><\/span><\/td>\n<td>0,5 ml EDTA-verta, 1x erikoisposkisolun\u00e4yte (eNAT)<\/td>\n<\/tr>\n<tr>\n<td><strong>K\u00e4sittelyaika <\/strong><\/td>\n<td>14-21 ty\u00f6p\u00e4iv\u00e4\u00e4<\/td>\n<\/tr>\n<\/tbody>\n<\/table>\n<\/div>\n\t\t\t\t<\/div>\n\t\t\t\t\t\t\t<div class=\"elementor-toggle-item\">\n\t\t\t\t\t<h6 id=\"elementor-tab-title-7402\" class=\"elementor-tab-title\" data-tab=\"2\" role=\"button\" aria-controls=\"elementor-tab-content-7402\" aria-expanded=\"false\">\n\t\t\t\t\t\t\t\t\t\t\t\t<span class=\"elementor-toggle-icon elementor-toggle-icon-left\" aria-hidden=\"true\">\n\t\t\t\t\t\t\t\t\t\t\t\t\t\t\t<span class=\"elementor-toggle-icon-closed\"><svg class=\"e-font-icon-svg e-far-plus-square\" viewBox=\"0 0 448 512\" xmlns=\"http:\/\/www.w3.org\/2000\/svg\"><path d=\"M352 240v32c0 6.6-5.4 12-12 12h-88v88c0 6.6-5.4 12-12 12h-32c-6.6 0-12-5.4-12-12v-88h-88c-6.6 0-12-5.4-12-12v-32c0-6.6 5.4-12 12-12h88v-88c0-6.6 5.4-12 12-12h32c6.6 0 12 5.4 12 12v88h88c6.6 0 12 5.4 12 12zm96-160v352c0 26.5-21.5 48-48 48H48c-26.5 0-48-21.5-48-48V80c0-26.5 21.5-48 48-48h352c26.5 0 48 21.5 48 48zm-48 346V86c0-3.3-2.7-6-6-6H54c-3.3 0-6 2.7-6 6v340c0 3.3 2.7 6 6 6h340c3.3 0 6-2.7 6-6z\"><\/path><\/svg><\/span>\n\t\t\t\t\t\t\t\t<span class=\"elementor-toggle-icon-opened\"><svg class=\"elementor-toggle-icon-opened e-font-icon-svg e-far-minus-square\" viewBox=\"0 0 448 512\" xmlns=\"http:\/\/www.w3.org\/2000\/svg\"><path d=\"M108 284c-6.6 0-12-5.4-12-12v-32c0-6.6 5.4-12 12-12h232c6.6 0 12 5.4 12 12v32c0 6.6-5.4 12-12 12H108zM448 80v352c0 26.5-21.5 48-48 48H48c-26.5 0-48-21.5-48-48V80c0-26.5 21.5-48 48-48h352c26.5 0 48 21.5 48 48zm-48 346V86c0-3.3-2.7-6-6-6H54c-3.3 0-6 2.7-6 6v340c0 3.3 2.7 6 6 6h340c3.3 0 6-2.7 6-6z\"><\/path><\/svg><\/span>\n\t\t\t\t\t\t\t\t\t\t\t\t\t<\/span>\n\t\t\t\t\t\t\t\t\t\t\t\t<a class=\"elementor-toggle-title\" tabindex=\"0\">Testin tiedot<\/a>\n\t\t\t\t\t<\/h6>\n\n\t\t\t\t\t<div id=\"elementor-tab-content-7402\" class=\"elementor-tab-content elementor-clearfix\" data-tab=\"2\" role=\"region\" aria-labelledby=\"elementor-tab-title-7402\"><table border=\"0\">\n<tbody>\n<tr>\n<td width=\"45%\"><span style=\"color: #e51e1e;\"><strong>Markkeerit <\/strong><\/span><\/td>\n<td>230 SNP:t\u00e4<\/td>\n<\/tr>\n<tr>\n<td><strong>Standardi<\/strong><\/td>\n<td>ISAG 2020<\/td>\n<\/tr>\n<\/tbody>\n<\/table>\n<\/div>\n\t\t\t\t<\/div>\n\t\t\t\t\t\t\t\t<\/div>\n\t\t\t\t<\/div>\n\t\t\t\t<\/div>\n\t\t\t\t<div class=\"elementor-element elementor-element-d77af25 elementor-align-right elementor-invisible elementor-widget elementor-widget-ibutton\" data-id=\"d77af25\" data-element_type=\"widget\" data-settings=\"{&quot;_animation&quot;:&quot;slideInRight&quot;,&quot;_animation_delay&quot;:3000}\" data-widget_type=\"ibutton.default\">\n\t\t\t\t<div class=\"elementor-widget-container\">\n\t\t\t\t\t<div class=\"ot-button\">\r\n\t\t\t<a href=\"http:\/\/mercur:8904\/\" class=\"octf-btn octf-btn-dark\"><strong>Tilaa t\u00e4st\u00e4<\/strong><\/a>\r\n\t    <\/div>\r\n\t    \t\t<\/div>\n\t\t\t\t<\/div>\n\t\t\t\t<div class=\"elementor-element elementor-element-92675af elementor-align-center elementor-invisible elementor-widget elementor-widget-ibutton\" data-id=\"92675af\" data-element_type=\"widget\" data-settings=\"{&quot;_animation&quot;:&quot;slideInRight&quot;,&quot;_animation_delay&quot;:3000}\" data-widget_type=\"ibutton.default\">\n\t\t\t\t<div class=\"elementor-widget-container\">\n\t\t\t\t\t<div class=\"ot-button\">\r\n\t\t\t<a href=\"https:\/\/labogen.com\/fi\/geneettinen-monimuotoisuus-koira\/\" class=\"octf-btn octf-btn-dark\">Sis. geneettinen monimuotoisuus <br><br> Lue lis\u00e4\u00e4<\/a>\r\n\t    <\/div>\r\n\t    \t\t<\/div>\n\t\t\t\t<\/div>\n\t\t\t\t<\/div>\n\t\t\t\t\t<\/div>\n\t\t\t\t<\/div>\n\t\t<div class=\"elementor-element elementor-element-bcb7123 e-flex e-con-boxed e-con e-parent\" data-id=\"bcb7123\" data-element_type=\"container\">\n\t\t\t\t\t<div class=\"e-con-inner\">\n\t\t<div class=\"elementor-element elementor-element-01d0f37 e-con-full e-flex e-con e-child\" data-id=\"01d0f37\" data-element_type=\"container\">\n\t\t\t\t<div class=\"elementor-element elementor-element-9a16973 elementor-widget elementor-widget-toggle\" data-id=\"9a16973\" data-element_type=\"widget\" data-widget_type=\"toggle.default\">\n\t\t\t\t<div class=\"elementor-widget-container\">\n\t\t\t\t\t<div class=\"elementor-toggle\">\n\t\t\t\t\t\t\t<div class=\"elementor-toggle-item\">\n\t\t\t\t\t<h5 id=\"elementor-tab-title-1611\" class=\"elementor-tab-title\" data-tab=\"1\" role=\"button\" aria-controls=\"elementor-tab-content-1611\" aria-expanded=\"false\">\n\t\t\t\t\t\t\t\t\t\t\t\t<span class=\"elementor-toggle-icon elementor-toggle-icon-left\" aria-hidden=\"true\">\n\t\t\t\t\t\t\t\t\t\t\t\t\t\t\t<span class=\"elementor-toggle-icon-closed\"><svg class=\"e-font-icon-svg e-fas-chevron-down\" viewBox=\"0 0 448 512\" xmlns=\"http:\/\/www.w3.org\/2000\/svg\"><path d=\"M207.029 381.476L12.686 187.132c-9.373-9.373-9.373-24.569 0-33.941l22.667-22.667c9.357-9.357 24.522-9.375 33.901-.04L224 284.505l154.745-154.021c9.379-9.335 24.544-9.317 33.901.04l22.667 22.667c9.373 9.373 9.373 24.569 0 33.941L240.971 381.476c-9.373 9.372-24.569 9.372-33.942 0z\"><\/path><\/svg><\/span>\n\t\t\t\t\t\t\t\t<span class=\"elementor-toggle-icon-opened\"><svg class=\"elementor-toggle-icon-opened e-font-icon-svg e-fas-chevron-up\" viewBox=\"0 0 448 512\" xmlns=\"http:\/\/www.w3.org\/2000\/svg\"><path d=\"M240.971 130.524l194.343 194.343c9.373 9.373 9.373 24.569 0 33.941l-22.667 22.667c-9.357 9.357-24.522 9.375-33.901.04L224 227.495 69.255 381.516c-9.379 9.335-24.544 9.317-33.901-.04l-22.667-22.667c-9.373-9.373-9.373-24.569 0-33.941L207.03 130.525c9.372-9.373 24.568-9.373 33.941-.001z\"><\/path><\/svg><\/span>\n\t\t\t\t\t\t\t\t\t\t\t\t\t<\/span>\n\t\t\t\t\t\t\t\t\t\t\t\t<a class=\"elementor-toggle-title\" tabindex=\"0\">Lis\u00e4tiedot<\/a>\n\t\t\t\t\t<\/h5>\n\n\t\t\t\t\t<div id=\"elementor-tab-content-1611\" class=\"elementor-tab-content elementor-clearfix\" data-tab=\"1\" role=\"region\" aria-labelledby=\"elementor-tab-title-1611\"><p><strong>Premium SNP DNA-tunniste (ISAG 2020)<\/strong> analysoi 230 <strong>yhden em\u00e4ksen monimuotoisuutta (SNP<\/strong>). Em\u00e4kset muodostavat nukleotidipareja, joiden osat voivat vaihtaa paikkaa kesken\u00e4\u00e4n. Em\u00e4spareja analysoidaan niin suuri m\u00e4\u00e4r\u00e4, ett\u00e4 mutaatioiden yhdistelm\u00e4 on ainutlaatuinen jokaisen el\u00e4imen kohdalla.<\/p>\n<p>DNA-tunnisteen luomiseksi el\u00e4imen geneettinen materiaali, DNA, eristet\u00e4\u00e4n ensin tumallisista soluista. Analysoitavat DNA-alueet monistetaan sitten miljoonia kertoja polymeraasiketjureaktion (PCR) avulla. Jokaista SNP:t\u00e4 kohden muodostetaan kehittyneen sekvensointianalytiikan (NGS-analyysi) avulla kahden kirjaimen yhdistelm\u00e4. Kirjaimista muodostuu lopulta jokaiselle el\u00e4imelle ainutlaatuinen ja yksil\u00f6llinen kirjainyhdistelm\u00e4.<\/p>\n<p>DNA-tunnisteen ainutlaatuisuuden todenn\u00e4k\u00f6isyys on <strong>yli 99,99 %<\/strong>. Ainoastaan monotsygoottiset saman pentueen pennut voivat olla tunnisteeltaan identtisi\u00e4. Jokainen luotu tunniste tallennetaan DNA-tietokantaan.<\/p>\n<p>DNA-tunniste perustuu <strong>International Society for Animal Geneticsin (ISAG)<\/strong> vuonna 2020 suosittelemiin SNP-markkereihin. Luodut DNA-tunnisteet ovat kansainv\u00e4lisesti vertailukelpoisia muiden ISAG-suositusten mukaan toimivien laboratorioiden luomien tunnisteiden kanssa.<\/p>\n<p>Premium SNP DNA -tunnisteen avulla on mahdollista tunnistaa el\u00e4imen vanhemmat <strong>my\u00f6s vaikeammissa tapauksissa<\/strong>, jolloin vain toinen vanhempi tunnetaan. Testi sis\u00e4lt\u00e4\u00e4 my\u00f6s ilmaisen analyysin koiran <strong>geneettisest\u00e4 monimuotoisuudesta<\/strong> sen rotuun verrattuna (rotukohtainen arviointi, geneettinen monimuotoisuus ja heterotsygoottisuus).<\/p>\n<\/div>\n\t\t\t\t<\/div>\n\t\t\t\t\t\t\t\t<\/div>\n\t\t\t\t<\/div>\n\t\t\t\t<\/div>\n\t\t\t\t<\/div>\n\t\t\t\t\t<\/div>\n\t\t\t\t<\/div>\n\t\t<div class=\"elementor-element elementor-element-d077686 e-flex e-con-boxed e-con e-parent\" data-id=\"d077686\" data-element_type=\"container\">\n\t\t\t\t\t<div class=\"e-con-inner\">\n\t\t\t\t<div class=\"elementor-element elementor-element-eaa90df elementor-widget elementor-widget-spacer\" data-id=\"eaa90df\" data-element_type=\"widget\" data-widget_type=\"spacer.default\">\n\t\t\t\t<div class=\"elementor-widget-container\">\n\t\t\t\t\t<div class=\"elementor-spacer\">\n\t\t\t<div class=\"elementor-spacer-inner\"><\/div>\n\t\t<\/div>\n\t\t\t\t<\/div>\n\t\t\t\t<\/div>\n\t\t\t\t\t<\/div>\n\t\t\t\t<\/div>\n\t\t\t\t<\/div>\n\t\t","protected":false},"excerpt":{"rendered":"<p>Premium DNA-tunniste koiralle Yleiskuvaus Klassinen SNP DNA-tunniste (ISAG 2020) on el\u00e4imen muuttumaton geneettinen sormenj\u00e4lki, jota ei voi v\u00e4\u00e4rent\u00e4\u00e4 ja joka mahdollistaa yksil\u00f6n varman tunnistamisen. Kaikki tutkimamme tunnisteet tallennetaan DNA-tietokantaan. DNA-tutkimus analysoi 230 SNP-mutaatiota ISAG-ohjeiden mukaisesti ja se on kansainv\u00e4lisesti vertailukelpoinen. Testin luotettavuus on 99,99 %.Premium SNP DNA-tunnisteen avulla vanhemmuus on mahdollista ratkaista my\u00f6s silloin, kun [&hellip;]<\/p>\n","protected":false},"author":5,"featured_media":11381,"parent":0,"menu_order":50,"comment_status":"closed","ping_status":"closed","template":"","meta":{"footnotes":""},"class_list":["post-271898","page","type-page","status-publish","has-post-thumbnail","hentry"],"_links":{"self":[{"href":"https:\/\/labogen.com\/fi\/wp-json\/wp\/v2\/pages\/271898","targetHints":{"allow":["GET"]}}],"collection":[{"href":"https:\/\/labogen.com\/fi\/wp-json\/wp\/v2\/pages"}],"about":[{"href":"https:\/\/labogen.com\/fi\/wp-json\/wp\/v2\/types\/page"}],"author":[{"embeddable":true,"href":"https:\/\/labogen.com\/fi\/wp-json\/wp\/v2\/users\/5"}],"replies":[{"embeddable":true,"href":"https:\/\/labogen.com\/fi\/wp-json\/wp\/v2\/comments?post=271898"}],"version-history":[{"count":5,"href":"https:\/\/labogen.com\/fi\/wp-json\/wp\/v2\/pages\/271898\/revisions"}],"predecessor-version":[{"id":275300,"href":"https:\/\/labogen.com\/fi\/wp-json\/wp\/v2\/pages\/271898\/revisions\/275300"}],"wp:featuredmedia":[{"embeddable":true,"href":"https:\/\/labogen.com\/fi\/wp-json\/wp\/v2\/media\/11381"}],"wp:attachment":[{"href":"https:\/\/labogen.com\/fi\/wp-json\/wp\/v2\/media?parent=271898"}],"curies":[{"name":"wp","href":"https:\/\/api.w.org\/{rel}","templated":true}]}}