{"id":271802,"date":"2024-08-19T09:20:47","date_gmt":"2024-08-19T07:20:47","guid":{"rendered":"https:\/\/staging.laboklin.com\/labogen\/labogen_wp\/index.php\/uutiskirje\/"},"modified":"2024-09-26T15:15:37","modified_gmt":"2024-09-26T13:15:37","slug":"uutiskirje","status":"publish","type":"page","link":"https:\/\/labogen.com\/fi\/uutiskirje\/","title":{"rendered":"Uutiskirje"},"content":{"rendered":"\t\t<div data-elementor-type=\"wp-page\" data-elementor-id=\"271802\" class=\"elementor elementor-271802 elementor-13053\">\n\t\t\t\t<div class=\"elementor-element elementor-element-5f6b5af e-flex e-con-boxed e-con e-parent\" data-id=\"5f6b5af\" data-element_type=\"container\">\n\t\t\t\t\t<div class=\"e-con-inner\">\n\t\t<div class=\"elementor-element elementor-element-bb1e88a e-con-full e-flex e-con e-child\" data-id=\"bb1e88a\" data-element_type=\"container\">\n\t\t\t\t<div class=\"elementor-element elementor-element-751d672 elementor-widget elementor-widget-text-editor\" data-id=\"751d672\" data-element_type=\"widget\" data-widget_type=\"text-editor.default\">\n\t\t\t\t<div class=\"elementor-widget-container\">\n\t\t\t\t\t\t\t<h5 class=\"newsletter--title\">Tilaa uutiskirje<\/h5>\n\t\t\t\t\t\t<\/div>\n\t\t\t\t<\/div>\n\t\t\t\t<\/div>\n\t\t<div class=\"elementor-element elementor-element-aabeb8c e-con-full e-flex e-con e-child\" data-id=\"aabeb8c\" data-element_type=\"container\">\n\t\t\t\t<div class=\"elementor-element elementor-element-de7c140 elementor-align-right elementor-widget elementor-widget-ibutton\" data-id=\"de7c140\" data-element_type=\"widget\" data-widget_type=\"ibutton.default\">\n\t\t\t\t<div class=\"elementor-widget-container\">\n\t\t\t\t\t<div class=\"ot-button\">\r\n\t\t\t<a href=\"https:\/\/labogen.com\/labogen\/labogen_wp\/?page_id=5638\" class=\"octf-btn octf-btn-dark\">INfothek - uutiskirjearkisto<\/a>\r\n\t    <\/div>\r\n\t    \t\t<\/div>\n\t\t\t\t<\/div>\n\t\t\t\t<\/div>\n\t\t\t\t\t<\/div>\n\t\t\t\t<\/div>\n\t\t<div class=\"elementor-element elementor-element-1a2fc23 e-flex e-con-boxed e-con e-parent\" data-id=\"1a2fc23\" data-element_type=\"container\">\n\t\t\t\t\t<div class=\"e-con-inner\">\n\t\t\t\t<div class=\"elementor-element elementor-element-db40643 elementor-widget elementor-widget-text-editor\" data-id=\"db40643\" data-element_type=\"widget\" data-widget_type=\"text-editor.default\">\n\t\t\t\t<div class=\"elementor-widget-container\">\n\t\t\t\t\t\t\t<p class=\"newsletter--info\">Tilaa s\u00e4\u00e4nn\u00f6llisesti ilmestyv\u00e4 uutiskirjeemme! Kerromme siin\u00e4 uusimmista tuotteista ja erikoistarjouksista. Voit peruuttaa tilauksen milloin tahansa verkkosivuston tai uutiskirjeen linkin kautta.<\/p>\n\t\t\t\t\t\t<\/div>\n\t\t\t\t<\/div>\n\t\t\t\t\t<\/div>\n\t\t\t\t<\/div>\n\t\t<div class=\"elementor-element elementor-element-49f0425 e-flex e-con-boxed e-con e-parent\" data-id=\"49f0425\" data-element_type=\"container\">\n\t\t\t\t\t<div class=\"e-con-inner\">\n\t\t\t\t<div class=\"elementor-element elementor-element-254c9fa elementor-widget elementor-widget-text-editor\" data-id=\"254c9fa\" data-element_type=\"widget\" data-widget_type=\"text-editor.default\">\n\t\t\t\t<div class=\"elementor-widget-container\">\n\t\t\t\t\t\t\t\n<p><\/p>\n\n\n\n<iframe style=\"border: none; height: 560px; width: 100%;\" src=\"https:\/\/shop.labogen.com\/labogen.php\"><\/iframe>\n\t\t\t\t\t\t<\/div>\n\t\t\t\t<\/div>\n\t\t\t\t\t<\/div>\n\t\t\t\t<\/div>\n\t\t\t\t<\/div>\n\t\t","protected":false},"excerpt":{"rendered":"<p>Tilaa uutiskirje INfothek &#8211; uutiskirjearkisto Tilaa s\u00e4\u00e4nn\u00f6llisesti ilmestyv\u00e4 uutiskirjeemme! Kerromme siin\u00e4 uusimmista tuotteista ja erikoistarjouksista. Voit peruuttaa tilauksen milloin tahansa verkkosivuston tai uutiskirjeen linkin kautta.<\/p>\n","protected":false},"author":5,"featured_media":0,"parent":0,"menu_order":0,"comment_status":"closed","ping_status":"closed","template":"","meta":{"footnotes":""},"class_list":["post-271802","page","type-page","status-publish","hentry"],"_links":{"self":[{"href":"https:\/\/labogen.com\/fi\/wp-json\/wp\/v2\/pages\/271802","targetHints":{"allow":["GET"]}}],"collection":[{"href":"https:\/\/labogen.com\/fi\/wp-json\/wp\/v2\/pages"}],"about":[{"href":"https:\/\/labogen.com\/fi\/wp-json\/wp\/v2\/types\/page"}],"author":[{"embeddable":true,"href":"https:\/\/labogen.com\/fi\/wp-json\/wp\/v2\/users\/5"}],"replies":[{"embeddable":true,"href":"https:\/\/labogen.com\/fi\/wp-json\/wp\/v2\/comments?post=271802"}],"version-history":[{"count":3,"href":"https:\/\/labogen.com\/fi\/wp-json\/wp\/v2\/pages\/271802\/revisions"}],"predecessor-version":[{"id":275347,"href":"https:\/\/labogen.com\/fi\/wp-json\/wp\/v2\/pages\/271802\/revisions\/275347"}],"wp:attachment":[{"href":"https:\/\/labogen.com\/fi\/wp-json\/wp\/v2\/media?parent=271802"}],"curies":[{"name":"wp","href":"https:\/\/api.w.org\/{rel}","templated":true}]}}