{"id":271798,"date":"2024-09-10T12:36:26","date_gmt":"2024-09-10T10:36:26","guid":{"rendered":"https:\/\/staging.laboklin.com\/labogen\/labogen_wp\/index.php\/naeytemateriaaliohjeet\/"},"modified":"2024-09-26T15:10:47","modified_gmt":"2024-09-26T13:10:47","slug":"naeytemateriaaliohjeet","status":"publish","type":"page","link":"https:\/\/labogen.com\/fi\/naeytemateriaaliohjeet\/","title":{"rendered":"Soveltuvat n\u00e4ytemateriaalit"},"content":{"rendered":"\t\t<div data-elementor-type=\"wp-page\" data-elementor-id=\"271798\" class=\"elementor elementor-271798 elementor-271770\">\n\t\t\t\t<div class=\"elementor-element elementor-element-1f0ca74 e-flex e-con-boxed e-con e-parent\" data-id=\"1f0ca74\" data-element_type=\"container\">\n\t\t\t\t\t<div class=\"e-con-inner\">\n\t\t\t\t<div class=\"elementor-element elementor-element-aa1c25c elementor-widget elementor-widget-spacer\" data-id=\"aa1c25c\" data-element_type=\"widget\" data-widget_type=\"spacer.default\">\n\t\t\t\t<div class=\"elementor-widget-container\">\n\t\t\t\t\t<div class=\"elementor-spacer\">\n\t\t\t<div class=\"elementor-spacer-inner\"><\/div>\n\t\t<\/div>\n\t\t\t\t<\/div>\n\t\t\t\t<\/div>\n\t\t\t\t\t<\/div>\n\t\t\t\t<\/div>\n\t\t<div class=\"elementor-element elementor-element-98fbf02 e-flex e-con-boxed e-con e-parent\" data-id=\"98fbf02\" data-element_type=\"container\">\n\t\t\t\t\t<div class=\"e-con-inner\">\n\t\t\t\t<div class=\"elementor-element elementor-element-c588ae1 elementor-widget elementor-widget-eael-adv-tabs\" data-id=\"c588ae1\" data-element_type=\"widget\" data-widget_type=\"eael-adv-tabs.default\">\n\t\t\t\t<div class=\"elementor-widget-container\">\n\t\t\t        <div data-scroll-on-click=\"no\" data-scroll-speed=\"300\" id=\"eael-advance-tabs-c588ae1\" class=\"eael-advance-tabs eael-tabs-horizontal eael-tab-auto-active \" data-tabid=\"c588ae1\">\n            <div class=\"eael-tabs-nav \">\n                <ul class=\"eael-tab-inline-icon\" role=\"tablist\">\n                                            <li id=\"koirat\" class=\"inactive eael-tab-item-trigger eael-tab-nav-item\" aria-selected=\"true\" data-tab=\"1\" role=\"tab\" tabindex=\"0\" aria-controls=\"koirat-tab\" aria-expanded=\"false\">\n                            \n                                                                <svg class=\"e-font-icon-svg e-fas-dog\" viewBox=\"0 0 576 512\" xmlns=\"http:\/\/www.w3.org\/2000\/svg\"><path d=\"M298.06,224,448,277.55V496a16,16,0,0,1-16,16H368a16,16,0,0,1-16-16V384H192V496a16,16,0,0,1-16,16H112a16,16,0,0,1-16-16V282.09C58.84,268.84,32,233.66,32,192a32,32,0,0,1,64,0,32.06,32.06,0,0,0,32,32ZM544,112v32a64,64,0,0,1-64,64H448v35.58L320,197.87V48c0-14.25,17.22-21.39,27.31-11.31L374.59,64h53.63c10.91,0,23.75,7.92,28.62,17.69L464,96h64A16,16,0,0,1,544,112Zm-112,0a16,16,0,1,0-16,16A16,16,0,0,0,432,112Z\"><\/path><\/svg>                                                            \n                                                            <span class=\"eael-tab-title title-after-icon\" >KOIRAT<\/span>                            \n                                                    <\/li>\n                                            <li id=\"kissat\" class=\"inactive eael-tab-item-trigger eael-tab-nav-item\" aria-selected=\"false\" data-tab=\"2\" role=\"tab\" tabindex=\"-1\" aria-controls=\"kissat-tab\" aria-expanded=\"false\">\n                            \n                                                                <svg class=\"e-font-icon-svg e-fas-cat\" viewBox=\"0 0 512 512\" xmlns=\"http:\/\/www.w3.org\/2000\/svg\"><path d=\"M290.59 192c-20.18 0-106.82 1.98-162.59 85.95V192c0-52.94-43.06-96-96-96-17.67 0-32 14.33-32 32s14.33 32 32 32c17.64 0 32 14.36 32 32v256c0 35.3 28.7 64 64 64h176c8.84 0 16-7.16 16-16v-16c0-17.67-14.33-32-32-32h-32l128-96v144c0 8.84 7.16 16 16 16h32c8.84 0 16-7.16 16-16V289.86c-10.29 2.67-20.89 4.54-32 4.54-61.81 0-113.52-44.05-125.41-102.4zM448 96h-64l-64-64v134.4c0 53.02 42.98 96 96 96s96-42.98 96-96V32l-64 64zm-72 80c-8.84 0-16-7.16-16-16s7.16-16 16-16 16 7.16 16 16-7.16 16-16 16zm80 0c-8.84 0-16-7.16-16-16s7.16-16 16-16 16 7.16 16 16-7.16 16-16 16z\"><\/path><\/svg>                                                            \n                                                            <span class=\"eael-tab-title title-after-icon\" >KISSAT<\/span>                            \n                                                    <\/li>\n                                            <li id=\"hevoset\" class=\"inactive eael-tab-item-trigger eael-tab-nav-item\" aria-selected=\"false\" data-tab=\"3\" role=\"tab\" tabindex=\"-1\" aria-controls=\"hevoset-tab\" aria-expanded=\"false\">\n                            \n                                                                <svg class=\"e-font-icon-svg e-fas-horse\" viewBox=\"0 0 576 512\" xmlns=\"http:\/\/www.w3.org\/2000\/svg\"><path d=\"M575.92 76.6c-.01-8.13-3.02-15.87-8.58-21.8-3.78-4.03-8.58-9.12-13.69-14.5 11.06-6.84 19.5-17.49 22.18-30.66C576.85 4.68 572.96 0 567.9 0H447.92c-70.69 0-128 57.31-128 128H160c-28.84 0-54.4 12.98-72 33.11V160c-48.53 0-88 39.47-88 88v56c0 8.84 7.16 16 16 16h16c8.84 0 16-7.16 16-16v-56c0-13.22 6.87-24.39 16.78-31.68-.21 2.58-.78 5.05-.78 7.68 0 27.64 11.84 52.36 30.54 69.88l-25.72 68.6a63.945 63.945 0 0 0-2.16 37.99l24.85 99.41A15.982 15.982 0 0 0 107.02 512h65.96c10.41 0 18.05-9.78 15.52-19.88l-26.31-105.26 23.84-63.59L320 345.6V496c0 8.84 7.16 16 16 16h64c8.84 0 16-7.16 16-16V318.22c19.74-20.19 32-47.75 32-78.22 0-.22-.07-.42-.08-.64V136.89l16 7.11 18.9 37.7c7.45 14.87 25.05 21.55 40.49 15.37l32.55-13.02a31.997 31.997 0 0 0 20.12-29.74l-.06-77.71zm-64 19.4c-8.84 0-16-7.16-16-16s7.16-16 16-16 16 7.16 16 16-7.16 16-16 16z\"><\/path><\/svg>                                                            \n                                                            <span class=\"eael-tab-title title-after-icon\" >HEVOSET<\/span>                            \n                                                    <\/li>\n                    \n                                  <\/ul>\n            <\/div>\n            \n            <div class=\"eael-tabs-content\">\n\t\t        \n                    <div id=\"koirat-tab\" class=\"clearfix eael-tab-content-item inactive\" data-title-link=\"koirat-tab\">\n\t\t\t\t        <div data-post-id=\"271725\" class=\"insert-page insert-page-271725 \">\t\t<div data-elementor-type=\"wp-page\" data-elementor-id=\"271796\" class=\"elementor elementor-271796 elementor-271725 elementor-271725\">\n\t\t\t\t<div class=\"elementor-element elementor-element-2cf45e0 e-flex e-con-boxed e-con e-parent\" data-id=\"2cf45e0\" data-element_type=\"container\">\n\t\t\t\t\t<div class=\"e-con-inner\">\n\t\t\t\t<div class=\"elementor-element elementor-element-82601d4 elementor-widget elementor-widget-text-editor\" data-id=\"82601d4\" data-element_type=\"widget\" data-widget_type=\"text-editor.default\">\n\t\t\t\t<div class=\"elementor-widget-container\">\n\t\t\t\t\t\t\t<h5><strong>0,5 &#8211; 1 ml EDTA-verta<\/strong><\/h5>\n<p>EDTA-veri on ihanteellinen kaikkiin geenitesteihin, sill\u00e4 siit\u00e4 saadaan jopa 100 kertaa enemm\u00e4n DNA:ta analysoitavaksi kuin poskipussin\u00e4ytteest\u00e4. Anna el\u00e4inl\u00e4\u00e4k\u00e4rin ottaa n\u00e4yte.<\/p>\n<h5><span style=\"color: #e51e1e;\"><strong>Erityinen preparaattitesti (eNAT)<\/strong><\/span><\/h5>\n<p>Putken sis\u00e4lt\u00e4m\u00e4 lyysipuskuri jakaa solut ja uuttaa DNA:n suoraan. N\u00e4it\u00e4 optimoituja pyyhk\u00e4isyn\u00e4ytteit\u00e4 suositellaan testeihin, joissa DNA:n laatuvaatimukset ovat korkeat, tai kun verin\u00e4ytteenotto ei ole mahdollista tai toivottavaa.<\/p>\n<h5><strong>Kaksi kuivaa poskipyyhett\u00e4<\/strong><\/h5>\n<p>Jos poskiontelon\u00e4ytteen ottaminen tapahtuu liian ep\u00e4r\u00f6iden, n\u00e4ytteeseen saattaa tarttua liian v\u00e4h\u00e4n solumateriaalia, mik\u00e4 vaikeuttaa geenitestin tekemist\u00e4. Jos DNA:ta voidaan kuitenkin erist\u00e4\u00e4 riitt\u00e4v\u00e4sti, testitulos on yht\u00e4 luotettava kuin verin\u00e4yte.<br \/>Testist\u00e4 riippuen noin 2-5 prosenttia kuivista poskipyyhk\u00e4isyn\u00e4ytteist\u00e4 ei anna p\u00e4tev\u00e4\u00e4 tulosta.<\/p>\n<p><span style=\"color: #e51e1e;\"><strong>Huomautus<\/strong><\/span>Kuivat poskipyyhkeet eiv\u00e4t sovellu seuraaviin testeihin:<\/p>\n<ul>\n<li>8005 Laforan epilepsia<\/li>\n<li>8540 Premium SNP DNA-profiili (ISAG 2020)<\/li>\n<li>8823 Varpaan varpaan okasolusy\u00f6p\u00e4 (PEK) &#8211; riskianalyysi<\/li>\n<li>9340 LABOGenetics XXL koira<\/li>\n<\/ul>\n<h5><strong>Suosituksemme<\/strong><\/h5>\n<p>Anna el\u00e4inl\u00e4\u00e4k\u00e4rin ottaa n\u00e4yte. T\u00e4m\u00e4 henkil\u00f6 tarkistaa el\u00e4imen henkil\u00f6llisyyden mikrosirun numeron perusteella ja vahvistaa sen. Huolellinen tunnistaminen ja kaikkien tietojen asianmukainen kirjaaminen edist\u00e4v\u00e4t merkitt\u00e4v\u00e4sti laadunvarmistusta ja ovat todistusten my\u00f6nt\u00e4misen edellytys.<\/p>\n\t\t\t\t\t\t<\/div>\n\t\t\t\t<\/div>\n\t\t\t\t\t<\/div>\n\t\t\t\t<\/div>\n\t\t\t\t<\/div>\n\t\t<\/div>\n                    <\/div>\n\t\t        \n                    <div id=\"kissat-tab\" class=\"clearfix eael-tab-content-item inactive\" data-title-link=\"kissat-tab\">\n\t\t\t\t        <div data-post-id=\"271732\" class=\"insert-page insert-page-271732 \">\t\t<div data-elementor-type=\"wp-page\" data-elementor-id=\"271800\" class=\"elementor elementor-271800 elementor-271732 elementor-271732\">\n\t\t\t\t<div class=\"elementor-element elementor-element-76b9090 e-flex e-con-boxed e-con e-parent\" data-id=\"76b9090\" data-element_type=\"container\">\n\t\t\t\t\t<div class=\"e-con-inner\">\n\t\t\t\t<div class=\"elementor-element elementor-element-3c7d71c elementor-widget elementor-widget-text-editor\" data-id=\"3c7d71c\" data-element_type=\"widget\" data-widget_type=\"text-editor.default\">\n\t\t\t\t<div class=\"elementor-widget-container\">\n\t\t\t\t\t\t\t<h5><strong>0,5 &#8211; 1 ml EDTA-verta<\/strong><\/h5>\n<p>EDTA-veri on ihanteellinen kaikkiin geenitesteihin, sill\u00e4 siit\u00e4 saadaan jopa 100 kertaa enemm\u00e4n DNA:ta analysoitavaksi kuin poskipussin\u00e4ytteest\u00e4. Anna el\u00e4inl\u00e4\u00e4k\u00e4rin ottaa n\u00e4yte.<\/p>\n<h5><span style=\"color: #e51e1e;\"><strong>Erityinen preparaattitesti (eNAT)<\/strong><\/span><\/h5>\n<p>Putken sis\u00e4lt\u00e4m\u00e4 lyysipuskuri jakaa solut ja uuttaa DNA:n suoraan. N\u00e4it\u00e4 optimoituja pyyhk\u00e4isyn\u00e4ytteit\u00e4 suositellaan testeihin, joissa DNA:n laatuvaatimukset ovat korkeat, tai kun verin\u00e4ytteenotto ei ole mahdollista tai toivottavaa.<\/p>\n<h5><strong>Kaksi kuivaa poskipyyhett\u00e4<\/strong><\/h5>\n<p>Jos poskiontelon\u00e4ytteen ottaminen tapahtuu liian ep\u00e4r\u00f6iden, n\u00e4ytteeseen saattaa tarttua liian v\u00e4h\u00e4n solumateriaalia, mik\u00e4 vaikeuttaa geenitestin tekemist\u00e4. Jos DNA:ta voidaan kuitenkin erist\u00e4\u00e4 riitt\u00e4v\u00e4sti, testitulos on yht\u00e4 luotettava kuin verin\u00e4yte.<br \/>Testist\u00e4 riippuen noin 2-5 prosenttia kuivista poskipyyhk\u00e4isyn\u00e4ytteist\u00e4 ei anna p\u00e4tev\u00e4\u00e4 tulosta.<\/p>\n<p><span style=\"color: #e51e1e;\"><strong>Huomautus<\/strong><\/span>Kuivat poskipyyhkeet eiv\u00e4t sovellu seuraaviin testeihin:<\/p>\n<ul>\n<li>8940 Premium SNP DNA-profiili (ISAG 2020)<\/li>\n<li>9330 LABOGenetics XXL-kissa<\/li>\n<\/ul>\n<h5><strong>Suosituksemme<\/strong><\/h5>\n<p>Anna el\u00e4inl\u00e4\u00e4k\u00e4rin ottaa n\u00e4yte. T\u00e4m\u00e4 henkil\u00f6 tarkistaa el\u00e4imen henkil\u00f6llisyyden mikrosirun numeron perusteella ja vahvistaa sen. Huolellinen tunnistaminen ja kaikkien tietojen asianmukainen kirjaaminen edist\u00e4v\u00e4t merkitt\u00e4v\u00e4sti laadunvarmistusta ja ovat todistusten my\u00f6nt\u00e4misen edellytys.<\/p>\n\t\t\t\t\t\t<\/div>\n\t\t\t\t<\/div>\n\t\t\t\t\t<\/div>\n\t\t\t\t<\/div>\n\t\t\t\t<\/div>\n\t\t<\/div>\n                    <\/div>\n\t\t        \n                    <div id=\"hevoset-tab\" class=\"clearfix eael-tab-content-item inactive\" data-title-link=\"hevoset-tab\">\n\t\t\t\t        <div data-post-id=\"271737\" class=\"insert-page insert-page-271737 \">\t\t<div data-elementor-type=\"wp-page\" data-elementor-id=\"271794\" class=\"elementor elementor-271794 elementor-271778 elementor-271778\">\n\t\t\t\t<div class=\"elementor-element elementor-element-adc6216 e-flex e-con-boxed e-con e-parent\" data-id=\"adc6216\" data-element_type=\"container\">\n\t\t\t\t\t<div class=\"e-con-inner\">\n\t\t\t\t<div class=\"elementor-element elementor-element-e041c92 elementor-widget elementor-widget-text-editor\" data-id=\"e041c92\" data-element_type=\"widget\" data-widget_type=\"text-editor.default\">\n\t\t\t\t<div class=\"elementor-widget-container\">\n\t\t\t\t\t\t\t<h5><strong>0,5 &#8211; 1 ml EDTA-verta<\/strong><\/h5>\n<p>EDTA-veri on ihanteellinen kaikkiin geenitesteihin, sill\u00e4 se sis\u00e4lt\u00e4\u00e4 jopa 100 kertaa enemm\u00e4n analysoitavaa DNA:ta kuin harja- tai h\u00e4nt\u00e4jouhet. Verin\u00e4yte on syyt\u00e4 j\u00e4tt\u00e4\u00e4 el\u00e4inl\u00e4\u00e4k\u00e4rin otettavaksi.<\/p>\n<h5><span style=\"color: #e51e1e;\"><strong>20-30 kpl vastanypittyj\u00e4 harja- tai h\u00e4nt\u00e4jouhia karvatuppeineen<\/strong><\/span><\/h5>\n<p>Jouhet t\u00e4ytyy nyppi\u00e4 eik\u00e4 leikata, jotta karvatupet seuraavat mukana n\u00e4ytteess\u00e4. Varsalla n\u00e4ytteeseen tulee k\u00e4ytt\u00e4\u00e4 ainoastaan h\u00e4nt\u00e4jouhia, jotta em\u00e4st\u00e4 l\u00e4ht\u00f6isin oleva karva ei kontaminoi n\u00e4ytett\u00e4.<\/p>\n<h5><strong>Suosittelemme<\/strong><\/h5>\n<p>Verin\u00e4yte on syyt\u00e4 j\u00e4tt\u00e4\u00e4 el\u00e4inl\u00e4\u00e4k\u00e4rin otettavaksi. El\u00e4inl\u00e4\u00e4k\u00e4ri tarkistaa el\u00e4imen henkil\u00f6llisyyden mikrosirun numeron perusteella ja vahvistaa sen. Huolellinen tunnistaminen ja tietojen kirjaaminen ovat todistusten my\u00f6nt\u00e4misen edellytys.<\/p>\t\t\t\t\t\t<\/div>\n\t\t\t\t<\/div>\n\t\t\t\t\t<\/div>\n\t\t\t\t<\/div>\n\t\t\t\t<\/div>\n\t\t<\/div>\n                    <\/div>\n\t\t                    <\/div>\n        <\/div>\n\t\t<\/div>\n\t\t\t\t<\/div>\n\t\t\t\t\t<\/div>\n\t\t\t\t<\/div>\n\t\t\t\t<\/div>\n\t\t","protected":false},"excerpt":{"rendered":"<p>KOIRAT KISSAT HEVOSET 0,5 &#8211; 1 ml EDTA-Blut EDTA-Blut eignet sich hervorragend f\u00fcr alle Gentests, da es im Vergleich zu einem Backenabstrich bis zu 100-mal mehr DNA f\u00fcr die Analyse liefert. Lassen Sie die Probe von einem Tierarzt entnehmen. Ein Spezialabstrich (eNAT) Der im R\u00f6hrchen enthaltene Lysepuffer spaltet die Zellen und extrahiert direkt die DNA. [&hellip;]<\/p>\n","protected":false},"author":5,"featured_media":0,"parent":0,"menu_order":0,"comment_status":"closed","ping_status":"closed","template":"","meta":{"footnotes":""},"class_list":["post-271798","page","type-page","status-publish","hentry"],"_links":{"self":[{"href":"https:\/\/labogen.com\/fi\/wp-json\/wp\/v2\/pages\/271798","targetHints":{"allow":["GET"]}}],"collection":[{"href":"https:\/\/labogen.com\/fi\/wp-json\/wp\/v2\/pages"}],"about":[{"href":"https:\/\/labogen.com\/fi\/wp-json\/wp\/v2\/types\/page"}],"author":[{"embeddable":true,"href":"https:\/\/labogen.com\/fi\/wp-json\/wp\/v2\/users\/5"}],"replies":[{"embeddable":true,"href":"https:\/\/labogen.com\/fi\/wp-json\/wp\/v2\/comments?post=271798"}],"version-history":[{"count":5,"href":"https:\/\/labogen.com\/fi\/wp-json\/wp\/v2\/pages\/271798\/revisions"}],"predecessor-version":[{"id":275345,"href":"https:\/\/labogen.com\/fi\/wp-json\/wp\/v2\/pages\/271798\/revisions\/275345"}],"wp:attachment":[{"href":"https:\/\/labogen.com\/fi\/wp-json\/wp\/v2\/media?parent=271798"}],"curies":[{"name":"wp","href":"https:\/\/api.w.org\/{rel}","templated":true}]}}