{"id":271796,"date":"2024-09-17T17:32:44","date_gmt":"2024-09-17T15:32:44","guid":{"rendered":"https:\/\/staging.laboklin.com\/labogen\/labogen_wp\/index.php\/koiran-naeytteet\/"},"modified":"2025-02-07T14:09:19","modified_gmt":"2025-02-07T13:09:19","slug":"koiran-naeytteet","status":"publish","type":"page","link":"https:\/\/labogen.com\/fi\/koiran-naeytteet\/","title":{"rendered":"N\u00e4ytemateriaali koira"},"content":{"rendered":"\t\t<div data-elementor-type=\"wp-page\" data-elementor-id=\"271796\" class=\"elementor elementor-271796 elementor-271725\">\n\t\t\t\t<div class=\"elementor-element elementor-element-2cf45e0 e-flex e-con-boxed e-con e-parent\" data-id=\"2cf45e0\" data-element_type=\"container\">\n\t\t\t\t\t<div class=\"e-con-inner\">\n\t\t\t\t<div class=\"elementor-element elementor-element-82601d4 elementor-widget elementor-widget-text-editor\" data-id=\"82601d4\" data-element_type=\"widget\" data-widget_type=\"text-editor.default\">\n\t\t\t\t<div class=\"elementor-widget-container\">\n\t\t\t\t\t\t\t<h5><strong>0,5 &#8211; 1 ml EDTA-verta<\/strong><\/h5>\n<p>EDTA-veri on ihanteellinen kaikkiin geenitesteihin, sill\u00e4 siit\u00e4 saadaan jopa 100 kertaa enemm\u00e4n DNA:ta analysoitavaksi kuin poskipussin\u00e4ytteest\u00e4. Anna el\u00e4inl\u00e4\u00e4k\u00e4rin ottaa n\u00e4yte.<\/p>\n<h5><span style=\"color: #e51e1e;\"><strong>Erityinen preparaattitesti (eNAT)<\/strong><\/span><\/h5>\n<p>Putken sis\u00e4lt\u00e4m\u00e4 lyysipuskuri jakaa solut ja uuttaa DNA:n suoraan. N\u00e4it\u00e4 optimoituja pyyhk\u00e4isyn\u00e4ytteit\u00e4 suositellaan testeihin, joissa DNA:n laatuvaatimukset ovat korkeat, tai kun verin\u00e4ytteenotto ei ole mahdollista tai toivottavaa.<\/p>\n<h5><strong>Kaksi kuivaa poskipyyhett\u00e4<\/strong><\/h5>\n<p>Jos poskiontelon\u00e4ytteen ottaminen tapahtuu liian ep\u00e4r\u00f6iden, n\u00e4ytteeseen saattaa tarttua liian v\u00e4h\u00e4n solumateriaalia, mik\u00e4 vaikeuttaa geenitestin tekemist\u00e4. Jos DNA:ta voidaan kuitenkin erist\u00e4\u00e4 riitt\u00e4v\u00e4sti, testitulos on yht\u00e4 luotettava kuin verin\u00e4yte.<br \/>Testist\u00e4 riippuen noin 2-5 prosenttia kuivista poskipyyhk\u00e4isyn\u00e4ytteist\u00e4 ei anna p\u00e4tev\u00e4\u00e4 tulosta.<\/p>\n<p><span style=\"color: #e51e1e;\"><strong>Huomautus<\/strong><\/span>Kuivat poskipyyhkeet eiv\u00e4t sovellu seuraaviin testeihin:<\/p>\n<ul>\n<li>8005 Laforan epilepsia<\/li>\n<li>8540 Premium SNP DNA-profiili (ISAG 2020)<\/li>\n<li>8823 Varpaan varpaan okasolusy\u00f6p\u00e4 (PEK) &#8211; riskianalyysi<\/li>\n<li>9340 LABOGenetics XXL koira<\/li>\n<\/ul>\n<h5><strong>Suosituksemme<\/strong><\/h5>\n<p>Anna el\u00e4inl\u00e4\u00e4k\u00e4rin ottaa n\u00e4yte. T\u00e4m\u00e4 henkil\u00f6 tarkistaa el\u00e4imen henkil\u00f6llisyyden mikrosirun numeron perusteella ja vahvistaa sen. Huolellinen tunnistaminen ja kaikkien tietojen asianmukainen kirjaaminen edist\u00e4v\u00e4t merkitt\u00e4v\u00e4sti laadunvarmistusta ja ovat todistusten my\u00f6nt\u00e4misen edellytys.<\/p>\n\t\t\t\t\t\t<\/div>\n\t\t\t\t<\/div>\n\t\t\t\t\t<\/div>\n\t\t\t\t<\/div>\n\t\t\t\t<\/div>\n\t\t","protected":false},"excerpt":{"rendered":"<p>0,5 &#8211; 1 ml EDTA-verta EDTA-veri on ihanteellinen kaikkiin geenitesteihin, sill\u00e4 siit\u00e4 saadaan jopa 100 kertaa enemm\u00e4n DNA:ta analysoitavaksi kuin poskipussin\u00e4ytteest\u00e4. Anna el\u00e4inl\u00e4\u00e4k\u00e4rin ottaa n\u00e4yte. Erityinen preparaattitesti (eNAT) Putken sis\u00e4lt\u00e4m\u00e4 lyysipuskuri jakaa solut ja uuttaa DNA:n suoraan. N\u00e4it\u00e4 optimoituja pyyhk\u00e4isyn\u00e4ytteit\u00e4 suositellaan testeihin, joissa DNA:n laatuvaatimukset ovat korkeat, tai kun verin\u00e4ytteenotto ei ole mahdollista tai toivottavaa. [&hellip;]<\/p>\n","protected":false},"author":5,"featured_media":0,"parent":0,"menu_order":0,"comment_status":"closed","ping_status":"closed","template":"","meta":{"footnotes":""},"class_list":["post-271796","page","type-page","status-publish","hentry"],"_links":{"self":[{"href":"https:\/\/labogen.com\/fi\/wp-json\/wp\/v2\/pages\/271796","targetHints":{"allow":["GET"]}}],"collection":[{"href":"https:\/\/labogen.com\/fi\/wp-json\/wp\/v2\/pages"}],"about":[{"href":"https:\/\/labogen.com\/fi\/wp-json\/wp\/v2\/types\/page"}],"author":[{"embeddable":true,"href":"https:\/\/labogen.com\/fi\/wp-json\/wp\/v2\/users\/5"}],"replies":[{"embeddable":true,"href":"https:\/\/labogen.com\/fi\/wp-json\/wp\/v2\/comments?post=271796"}],"version-history":[{"count":7,"href":"https:\/\/labogen.com\/fi\/wp-json\/wp\/v2\/pages\/271796\/revisions"}],"predecessor-version":[{"id":278445,"href":"https:\/\/labogen.com\/fi\/wp-json\/wp\/v2\/pages\/271796\/revisions\/278445"}],"wp:attachment":[{"href":"https:\/\/labogen.com\/fi\/wp-json\/wp\/v2\/media?parent=271796"}],"curies":[{"name":"wp","href":"https:\/\/api.w.org\/{rel}","templated":true}]}}