{"id":271794,"date":"2024-09-17T17:52:30","date_gmt":"2024-09-17T15:52:30","guid":{"rendered":"https:\/\/staging.laboklin.com\/labogen\/labogen_wp\/index.php\/hevosen-naeytteet\/"},"modified":"2024-09-26T16:56:37","modified_gmt":"2024-09-26T14:56:37","slug":"hevosen-naeytteet","status":"publish","type":"page","link":"https:\/\/labogen.com\/fi\/hevosen-naeytteet\/","title":{"rendered":"Hevonsen n\u00e4ytteet"},"content":{"rendered":"\t\t<div data-elementor-type=\"wp-page\" data-elementor-id=\"271794\" class=\"elementor elementor-271794 elementor-271778\">\n\t\t\t\t<div class=\"elementor-element elementor-element-adc6216 e-flex e-con-boxed e-con e-parent\" data-id=\"adc6216\" data-element_type=\"container\">\n\t\t\t\t\t<div class=\"e-con-inner\">\n\t\t\t\t<div class=\"elementor-element elementor-element-e041c92 elementor-widget elementor-widget-text-editor\" data-id=\"e041c92\" data-element_type=\"widget\" data-widget_type=\"text-editor.default\">\n\t\t\t\t<div class=\"elementor-widget-container\">\n\t\t\t\t\t\t\t<h5><strong>0,5 \u2013 1 ml EDTA-verta<\/strong><\/h5>\n<p>EDTA-veri on ihanteellinen kaikkiin geenitesteihin, sill\u00e4 se sis\u00e4lt\u00e4\u00e4 jopa 100 kertaa enemm\u00e4n analysoitavaa DNA:ta kuin harja- tai h\u00e4nt\u00e4jouhet. Verin\u00e4yte on syyt\u00e4 j\u00e4tt\u00e4\u00e4 el\u00e4inl\u00e4\u00e4k\u00e4rin otettavaksi.<\/p>\n<h5><span style=\"color: #e51e1e;\"><strong>20-30 kpl vastanypittyj\u00e4 harja- tai h\u00e4nt\u00e4jouhia karvatuppeineen<\/strong><\/span><\/h5>\n<p>Jouhet t\u00e4ytyy nyppi\u00e4 eik\u00e4 leikata, jotta karvatupet seuraavat mukana n\u00e4ytteess\u00e4. Varsalla n\u00e4ytteeseen tulee k\u00e4ytt\u00e4\u00e4 ainoastaan h\u00e4nt\u00e4jouhia, jotta em\u00e4st\u00e4 l\u00e4ht\u00f6isin oleva karva ei kontaminoi n\u00e4ytett\u00e4.<\/p>\n<h5><strong>Suosittelemme<\/strong><\/h5>\n<p>Verin\u00e4yte on syyt\u00e4 j\u00e4tt\u00e4\u00e4 el\u00e4inl\u00e4\u00e4k\u00e4rin otettavaksi. El\u00e4inl\u00e4\u00e4k\u00e4ri tarkistaa el\u00e4imen henkil\u00f6llisyyden mikrosirun numeron perusteella ja vahvistaa sen. Huolellinen tunnistaminen ja tietojen kirjaaminen ovat todistusten my\u00f6nt\u00e4misen edellytys.<\/p>\t\t\t\t\t\t<\/div>\n\t\t\t\t<\/div>\n\t\t\t\t\t<\/div>\n\t\t\t\t<\/div>\n\t\t\t\t<\/div>\n\t\t","protected":false},"excerpt":{"rendered":"<p>0,5 \u2013 1 ml EDTA-verta EDTA-veri on ihanteellinen kaikkiin geenitesteihin, sill\u00e4 se sis\u00e4lt\u00e4\u00e4 jopa 100 kertaa enemm\u00e4n analysoitavaa DNA:ta kuin harja- tai h\u00e4nt\u00e4jouhet. Verin\u00e4yte on syyt\u00e4 j\u00e4tt\u00e4\u00e4 el\u00e4inl\u00e4\u00e4k\u00e4rin otettavaksi. 20-30 kpl vastanypittyj\u00e4 harja- tai h\u00e4nt\u00e4jouhia karvatuppeineen Jouhet t\u00e4ytyy nyppi\u00e4 eik\u00e4 leikata, jotta karvatupet seuraavat mukana n\u00e4ytteess\u00e4. Varsalla n\u00e4ytteeseen tulee k\u00e4ytt\u00e4\u00e4 ainoastaan h\u00e4nt\u00e4jouhia, jotta em\u00e4st\u00e4 l\u00e4ht\u00f6isin [&hellip;]<\/p>\n","protected":false},"author":5,"featured_media":0,"parent":0,"menu_order":0,"comment_status":"closed","ping_status":"closed","template":"","meta":{"footnotes":""},"class_list":["post-271794","page","type-page","status-publish","hentry"],"_links":{"self":[{"href":"https:\/\/labogen.com\/fi\/wp-json\/wp\/v2\/pages\/271794","targetHints":{"allow":["GET"]}}],"collection":[{"href":"https:\/\/labogen.com\/fi\/wp-json\/wp\/v2\/pages"}],"about":[{"href":"https:\/\/labogen.com\/fi\/wp-json\/wp\/v2\/types\/page"}],"author":[{"embeddable":true,"href":"https:\/\/labogen.com\/fi\/wp-json\/wp\/v2\/users\/5"}],"replies":[{"embeddable":true,"href":"https:\/\/labogen.com\/fi\/wp-json\/wp\/v2\/comments?post=271794"}],"version-history":[{"count":3,"href":"https:\/\/labogen.com\/fi\/wp-json\/wp\/v2\/pages\/271794\/revisions"}],"predecessor-version":[{"id":275387,"href":"https:\/\/labogen.com\/fi\/wp-json\/wp\/v2\/pages\/271794\/revisions\/275387"}],"wp:attachment":[{"href":"https:\/\/labogen.com\/fi\/wp-json\/wp\/v2\/media?parent=271794"}],"curies":[{"name":"wp","href":"https:\/\/api.w.org\/{rel}","templated":true}]}}