{"id":270273,"date":"2024-08-23T12:45:56","date_gmt":"2024-08-23T10:45:56","guid":{"rendered":"https:\/\/staging.laboklin.com\/labogen\/labogen_wp\/index.php\/infothek\/"},"modified":"2024-10-29T08:39:35","modified_gmt":"2024-10-29T07:39:35","slug":"infothek","status":"publish","type":"page","link":"https:\/\/labogen.com\/fi\/infothek\/","title":{"rendered":"Tietopankki"},"content":{"rendered":"\t\t<div data-elementor-type=\"wp-page\" data-elementor-id=\"270273\" class=\"elementor elementor-270273 elementor-269030\">\n\t\t\t\t<div class=\"elementor-element elementor-element-51dbba9 e-flex e-con-boxed e-con e-parent\" data-id=\"51dbba9\" data-element_type=\"container\" data-settings=\"{&quot;background_background&quot;:&quot;classic&quot;}\">\n\t\t\t\t\t<div class=\"e-con-inner\">\n\t\t\t\t<div class=\"elementor-element elementor-element-e8c906d elementor-grid-eael-col-3 elementor-grid-tablet-eael-col-2 elementor-grid-mobile-eael-col-1 elementor-widget elementor-widget-eael-post-grid\" data-id=\"e8c906d\" data-element_type=\"widget\" data-settings=\"{&quot;eael_post_grid_columns&quot;:&quot;eael-col-3&quot;,&quot;eael_post_grid_columns_tablet&quot;:&quot;eael-col-2&quot;,&quot;eael_post_grid_columns_mobile&quot;:&quot;eael-col-1&quot;}\" data-widget_type=\"eael-post-grid.default\">\n\t\t\t\t<div class=\"elementor-widget-container\">\n\t\t\t<div id=\"eael-post-grid-e8c906d\" class=\"eael-post-grid-container\">\n            <div class=\"eael-post-grid eael-post-appender eael-post-appender-e8c906d eael-post-grid-style-two\" data-layout-mode=\"masonry\"><article class=\"eael-grid-post  eael-post-grid-column eael-pg-post-286490 category-hund-fi tags-gentest-fi-hund-fi\" data-id=\"286490\">\n    <div class=\"eael-grid-post-holder\">\n        <div class=\"eael-grid-post-holder-inner\"><div class=\"eael-entry-media\"><ul class=\"post-carousel-categories\"><li><a href=\"https:\/\/labogen.com\/fi\/category\/hund-fi\/\">Koira<\/a><\/li><\/ul><div class=\"eael-entry-overlay fade-in\"><i class=\"fas fa-sign-in-alt\" aria-hidden=\"true\"><\/i><a href=\"https:\/\/labogen.com\/fi\/2025\/11\/26\/optimaalinen-kumppanin-valinta-koiranjalostuksessa\/\"><\/a><\/div><div class=\"eael-entry-thumbnail \">\n                            <img decoding=\"async\" width=\"300\" height=\"131\" src=\"https:\/\/labogen.com\/wp-content\/uploads\/2025\/11\/AdobeStock_195276899-min-300x131.jpeg\" class=\"attachment-medium size-medium wp-image-286489\" alt=\"\" srcset=\"https:\/\/labogen.com\/wp-content\/uploads\/2025\/11\/AdobeStock_195276899-min-300x131.jpeg 300w, https:\/\/labogen.com\/wp-content\/uploads\/2025\/11\/AdobeStock_195276899-min-1024x449.jpeg 1024w, https:\/\/labogen.com\/wp-content\/uploads\/2025\/11\/AdobeStock_195276899-min-768x336.jpeg 768w, https:\/\/labogen.com\/wp-content\/uploads\/2025\/11\/AdobeStock_195276899-min-1536x673.jpeg 1536w, https:\/\/labogen.com\/wp-content\/uploads\/2025\/11\/AdobeStock_195276899-min-2048x897.jpeg 2048w, https:\/\/labogen.com\/wp-content\/uploads\/2025\/11\/AdobeStock_195276899-min-1320x578.jpeg 1320w\" sizes=\"(max-width: 300px) 100vw, 300px\" \/>\n                            <\/div>\n                    <\/div><div class=\"eael-entry-wrapper\"><header class=\"eael-entry-header\"><h2 class=\"eael-entry-title\"><a class=\"eael-grid-post-link\" href=\"https:\/\/labogen.com\/fi\/2025\/11\/26\/optimaalinen-kumppanin-valinta-koiranjalostuksessa\/\" title=\"Optimaalinen kumppanin valinta koiranjalostuksessa\">Optimaalinen kumppanin valinta koiranjalostuksessa<\/a><\/h2><\/header><div class=\"eael-entry-content\">\n                                <div class=\"eael-grid-post-excerpt\"><p>Mik\u00e4 geenitesti sopii koiralleni? Yksitt\u00e4inen testi, rotupaketti tai XXL-seulonta - kohdennettu vai laaja analyysi?....<\/p><a href=\"https:\/\/labogen.com\/fi\/2025\/11\/26\/optimaalinen-kumppanin-valinta-koiranjalostuksessa\/\" class=\"eael-post-elements-readmore-btn\">Lue lis\u00e4\u00e4...<\/a><\/div>\n                            <\/div><\/div><\/div>\n    <\/div>\n<\/article><article class=\"eael-grid-post  eael-post-grid-column eael-pg-post-283316 category-katze-fi tags-gentest-fi-katze-fi-paket-fi\" data-id=\"283316\">\n    <div class=\"eael-grid-post-holder\">\n        <div class=\"eael-grid-post-holder-inner\"><div class=\"eael-entry-media\"><ul class=\"post-carousel-categories\"><li><a href=\"https:\/\/labogen.com\/fi\/category\/katze-fi\/\">Kissa<\/a><\/li><\/ul><div class=\"eael-entry-overlay fade-in\"><i class=\"fas fa-sign-in-alt\" aria-hidden=\"true\"><\/i><a href=\"https:\/\/labogen.com\/fi\/2025\/08\/18\/new-the-labogenetics-xxl-cat-premium-snp-dna-profile-combo-pack\/\"><\/a><\/div><div class=\"eael-entry-thumbnail \">\n                            <img fetchpriority=\"high\" decoding=\"async\" width=\"300\" height=\"278\" src=\"https:\/\/labogen.com\/wp-content\/uploads\/2025\/08\/MaineCoon1-1-300x278.jpg\" class=\"attachment-medium size-medium wp-image-283062\" alt=\"\" srcset=\"https:\/\/labogen.com\/wp-content\/uploads\/2025\/08\/MaineCoon1-1-300x278.jpg 300w, https:\/\/labogen.com\/wp-content\/uploads\/2025\/08\/MaineCoon1-1.jpg 720w\" sizes=\"(max-width: 300px) 100vw, 300px\" \/>\n                            <\/div>\n                    <\/div><div class=\"eael-entry-wrapper\"><header class=\"eael-entry-header\"><h2 class=\"eael-entry-title\"><a class=\"eael-grid-post-link\" href=\"https:\/\/labogen.com\/fi\/2025\/08\/18\/new-the-labogenetics-xxl-cat-premium-snp-dna-profile-combo-pack\/\" title=\"NEW: The LABOGenetics XXL Cat + Premium SNP DNA Profile Combo Pack\">NEW: The LABOGenetics XXL Cat + Premium SNP DNA Profile Combo Pack<\/a><\/h2><\/header><div class=\"eael-entry-content\">\n                                <div class=\"eael-grid-post-excerpt\"><p>NEW: The LABOGenetics XXL Cat + Premium SNP DNA Profile Combo Pack A new combination...<\/p><a href=\"https:\/\/labogen.com\/fi\/2025\/08\/18\/new-the-labogenetics-xxl-cat-premium-snp-dna-profile-combo-pack\/\" class=\"eael-post-elements-readmore-btn\">Lue lis\u00e4\u00e4...<\/a><\/div>\n                            <\/div><\/div><\/div>\n    <\/div>\n<\/article><article class=\"eael-grid-post  eael-post-grid-column eael-pg-post-283308 category-hund-fi tags-gentest-fi-hund-fi-paket-fi\" data-id=\"283308\">\n    <div class=\"eael-grid-post-holder\">\n        <div class=\"eael-grid-post-holder-inner\"><div class=\"eael-entry-media\"><ul class=\"post-carousel-categories\"><li><a href=\"https:\/\/labogen.com\/fi\/category\/hund-fi\/\">Koira<\/a><\/li><\/ul><div class=\"eael-entry-overlay fade-in\"><i class=\"fas fa-sign-in-alt\" aria-hidden=\"true\"><\/i><a href=\"https:\/\/labogen.com\/fi\/2025\/08\/18\/combination-dalmatian\/\"><\/a><\/div><div class=\"eael-entry-thumbnail \">\n                            <img decoding=\"async\" width=\"300\" height=\"200\" src=\"https:\/\/labogen.com\/wp-content\/uploads\/2025\/08\/Dalmatiner-300x200.jpeg\" class=\"attachment-medium size-medium wp-image-283229\" alt=\"\" srcset=\"https:\/\/labogen.com\/wp-content\/uploads\/2025\/08\/Dalmatiner-300x200.jpeg 300w, https:\/\/labogen.com\/wp-content\/uploads\/2025\/08\/Dalmatiner-768x512.jpeg 768w, https:\/\/labogen.com\/wp-content\/uploads\/2025\/08\/Dalmatiner.jpeg 960w\" sizes=\"(max-width: 300px) 100vw, 300px\" \/>\n                            <\/div>\n                    <\/div><div class=\"eael-entry-wrapper\"><header class=\"eael-entry-header\"><h2 class=\"eael-entry-title\"><a class=\"eael-grid-post-link\" href=\"https:\/\/labogen.com\/fi\/2025\/08\/18\/combination-dalmatian\/\" title=\"Combination Dalmatian\">Combination Dalmatian<\/a><\/h2><\/header><div class=\"eael-entry-content\">\n                                <div class=\"eael-grid-post-excerpt\"><p>Combination Dalmatian Further information can be found here Order now Image source: Adobe Stock<\/p><a href=\"https:\/\/labogen.com\/fi\/2025\/08\/18\/combination-dalmatian\/\" class=\"eael-post-elements-readmore-btn\">Lue lis\u00e4\u00e4...<\/a><\/div>\n                            <\/div><\/div><\/div>\n    <\/div>\n<\/article><article class=\"eael-grid-post  eael-post-grid-column eael-pg-post-283300 category-hund-fi tags-gentest-fi-hund-fi\" data-id=\"283300\">\n    <div class=\"eael-grid-post-holder\">\n        <div class=\"eael-grid-post-holder-inner\"><div class=\"eael-entry-media\"><ul class=\"post-carousel-categories\"><li><a href=\"https:\/\/labogen.com\/fi\/category\/hund-fi\/\">Koira<\/a><\/li><\/ul><div class=\"eael-entry-overlay fade-in\"><i class=\"fas fa-sign-in-alt\" aria-hidden=\"true\"><\/i><a href=\"https:\/\/labogen.com\/fi\/2025\/08\/18\/progressive-retinal-atrophy-gtpbp2-pra-in-labrador-retrievers\/\"><\/a><\/div><div class=\"eael-entry-thumbnail \">\n                            <img loading=\"lazy\" decoding=\"async\" width=\"300\" height=\"200\" src=\"https:\/\/labogen.com\/wp-content\/uploads\/2025\/08\/Labrador-300x200.jpg\" class=\"attachment-medium size-medium wp-image-283004\" alt=\"\" srcset=\"https:\/\/labogen.com\/wp-content\/uploads\/2025\/08\/Labrador-300x200.jpg 300w, https:\/\/labogen.com\/wp-content\/uploads\/2025\/08\/Labrador-1024x683.jpg 1024w, https:\/\/labogen.com\/wp-content\/uploads\/2025\/08\/Labrador-768x512.jpg 768w, https:\/\/labogen.com\/wp-content\/uploads\/2025\/08\/Labrador-1320x880.jpg 1320w, https:\/\/labogen.com\/wp-content\/uploads\/2025\/08\/Labrador.jpg 1440w\" sizes=\"(max-width: 300px) 100vw, 300px\" \/>\n                            <\/div>\n                    <\/div><div class=\"eael-entry-wrapper\"><header class=\"eael-entry-header\"><h2 class=\"eael-entry-title\"><a class=\"eael-grid-post-link\" href=\"https:\/\/labogen.com\/fi\/2025\/08\/18\/progressive-retinal-atrophy-gtpbp2-pra-in-labrador-retrievers\/\" title=\"Progressive retinal atrophy (GTPBP2-PRA) in Labrador Retrievers\">Progressive retinal atrophy (GTPBP2-PRA) in Labrador Retrievers<\/a><\/h2><\/header><div class=\"eael-entry-content\">\n                                <div class=\"eael-grid-post-excerpt\"><p>Progressive retinal atrophy (GTPBP2-PRA) in Labrador Retrievers Further information can be found here Order now...<\/p><a href=\"https:\/\/labogen.com\/fi\/2025\/08\/18\/progressive-retinal-atrophy-gtpbp2-pra-in-labrador-retrievers\/\" class=\"eael-post-elements-readmore-btn\">Lue lis\u00e4\u00e4...<\/a><\/div>\n                            <\/div><\/div><\/div>\n    <\/div>\n<\/article><article class=\"eael-grid-post  eael-post-grid-column eael-pg-post-283292 category-hund-fi tags-gentest-fi-hund-fi\" data-id=\"283292\">\n    <div class=\"eael-grid-post-holder\">\n        <div class=\"eael-grid-post-holder-inner\"><div class=\"eael-entry-media\"><ul class=\"post-carousel-categories\"><li><a href=\"https:\/\/labogen.com\/fi\/category\/hund-fi\/\">Koira<\/a><\/li><\/ul><div class=\"eael-entry-overlay fade-in\"><i class=\"fas fa-sign-in-alt\" aria-hidden=\"true\"><\/i><a href=\"https:\/\/labogen.com\/fi\/2025\/08\/18\/polioencephalopathy-pe-in-eurasiers\/\"><\/a><\/div><div class=\"eael-entry-thumbnail \">\n                            <img loading=\"lazy\" decoding=\"async\" width=\"300\" height=\"200\" src=\"https:\/\/labogen.com\/wp-content\/uploads\/2025\/08\/Eurasier_AdobeStock-300x200.jpg\" class=\"attachment-medium size-medium wp-image-283024\" alt=\"\" srcset=\"https:\/\/labogen.com\/wp-content\/uploads\/2025\/08\/Eurasier_AdobeStock-300x200.jpg 300w, https:\/\/labogen.com\/wp-content\/uploads\/2025\/08\/Eurasier_AdobeStock-768x512.jpg 768w, https:\/\/labogen.com\/wp-content\/uploads\/2025\/08\/Eurasier_AdobeStock.jpg 960w\" sizes=\"(max-width: 300px) 100vw, 300px\" \/>\n                            <\/div>\n                    <\/div><div class=\"eael-entry-wrapper\"><header class=\"eael-entry-header\"><h2 class=\"eael-entry-title\"><a class=\"eael-grid-post-link\" href=\"https:\/\/labogen.com\/fi\/2025\/08\/18\/polioencephalopathy-pe-in-eurasiers\/\" title=\"Polioencephalopathy (PE) in Eurasiers\">Polioencephalopathy (PE) in Eurasiers<\/a><\/h2><\/header><div class=\"eael-entry-content\">\n                                <div class=\"eael-grid-post-excerpt\"><p>Polioencephalopathy (PE) in Eurasiers Further information can be found here Order now Image source: AdobeStock<\/p><a href=\"https:\/\/labogen.com\/fi\/2025\/08\/18\/polioencephalopathy-pe-in-eurasiers\/\" class=\"eael-post-elements-readmore-btn\">Lue lis\u00e4\u00e4...<\/a><\/div>\n                            <\/div><\/div><\/div>\n    <\/div>\n<\/article><article class=\"eael-grid-post  eael-post-grid-column eael-pg-post-276206 category-hund-fi tags-gentest-fi-hund-fi\" data-id=\"276206\">\n    <div class=\"eael-grid-post-holder\">\n        <div class=\"eael-grid-post-holder-inner\"><div class=\"eael-entry-media\"><ul class=\"post-carousel-categories\"><li><a href=\"https:\/\/labogen.com\/fi\/category\/hund-fi\/\">Koira<\/a><\/li><\/ul><div class=\"eael-entry-overlay fade-in\"><i class=\"fas fa-sign-in-alt\" aria-hidden=\"true\"><\/i><a href=\"https:\/\/labogen.com\/fi\/2024\/10\/30\/microphthalmia-in-the-portuguese-water-dog\/\"><\/a><\/div><div class=\"eael-entry-thumbnail \">\n                            <img loading=\"lazy\" decoding=\"async\" width=\"300\" height=\"169\" src=\"https:\/\/labogen.com\/wp-content\/uploads\/2024\/10\/Portugiesischer-Wasserhund-min-300x169.jpeg\" class=\"attachment-medium size-medium wp-image-276212\" alt=\"\" srcset=\"https:\/\/labogen.com\/wp-content\/uploads\/2024\/10\/Portugiesischer-Wasserhund-min-300x169.jpeg 300w, https:\/\/labogen.com\/wp-content\/uploads\/2024\/10\/Portugiesischer-Wasserhund-min-1024x576.jpeg 1024w, https:\/\/labogen.com\/wp-content\/uploads\/2024\/10\/Portugiesischer-Wasserhund-min-768x432.jpeg 768w, https:\/\/labogen.com\/wp-content\/uploads\/2024\/10\/Portugiesischer-Wasserhund-min-1536x864.jpeg 1536w, https:\/\/labogen.com\/wp-content\/uploads\/2024\/10\/Portugiesischer-Wasserhund-min-1320x743.jpeg 1320w, https:\/\/labogen.com\/wp-content\/uploads\/2024\/10\/Portugiesischer-Wasserhund-min.jpeg 1920w\" sizes=\"(max-width: 300px) 100vw, 300px\" \/>\n                            <\/div>\n                    <\/div><div class=\"eael-entry-wrapper\"><header class=\"eael-entry-header\"><h2 class=\"eael-entry-title\"><a class=\"eael-grid-post-link\" href=\"https:\/\/labogen.com\/fi\/2024\/10\/30\/microphthalmia-in-the-portuguese-water-dog\/\" title=\"Microphthalmia in the Portuguese Water Dog\">Microphthalmia in the Portuguese Water Dog<\/a><\/h2><\/header><div class=\"eael-entry-content\">\n                                <div class=\"eael-grid-post-excerpt\"><p>Microphthalmia in the Portuguese Water Dog In Portuguese Water Dogs, a genetic variant in the...<\/p><a href=\"https:\/\/labogen.com\/fi\/2024\/10\/30\/microphthalmia-in-the-portuguese-water-dog\/\" class=\"eael-post-elements-readmore-btn\">Lue lis\u00e4\u00e4...<\/a><\/div>\n                            <\/div><\/div><\/div>\n    <\/div>\n<\/article><article class=\"eael-grid-post  eael-post-grid-column eael-pg-post-272062 category-hund-fi\" data-id=\"272062\">\n    <div class=\"eael-grid-post-holder\">\n        <div class=\"eael-grid-post-holder-inner\"><div class=\"eael-entry-media\"><ul class=\"post-carousel-categories\"><li><a href=\"https:\/\/labogen.com\/fi\/category\/hund-fi\/\">Koira<\/a><\/li><\/ul><div class=\"eael-entry-overlay fade-in\"><i class=\"fas fa-sign-in-alt\" aria-hidden=\"true\"><\/i><a href=\"https:\/\/labogen.com\/fi\/2024\/09\/24\/lysosomal-storage-disease-lsd-in-the-weimaraner\/\"><\/a><\/div><div class=\"eael-entry-thumbnail \">\n                            <img loading=\"lazy\" decoding=\"async\" width=\"300\" height=\"200\" src=\"https:\/\/labogen.com\/wp-content\/uploads\/2024\/07\/Gentest-auf-Bunny-Hopping-Syndrom-beim-Weimaraner-min.jpg\" class=\"attachment-medium size-medium wp-image-8657\" alt=\"\" \/>\n                            <\/div>\n                    <\/div><div class=\"eael-entry-wrapper\"><header class=\"eael-entry-header\"><h2 class=\"eael-entry-title\"><a class=\"eael-grid-post-link\" href=\"https:\/\/labogen.com\/fi\/2024\/09\/24\/lysosomal-storage-disease-lsd-in-the-weimaraner\/\" title=\"Lysosomal storage disease (LSD) in the Weimaraner\">Lysosomal storage disease (LSD) in the Weimaraner<\/a><\/h2><\/header><div class=\"eael-entry-content\">\n                                <div class=\"eael-grid-post-excerpt\"><p>Lysosomal storage disease (LSD) in the Weimaraner Lysosomal storage diseases (LSDs) are a diverse group...<\/p><a href=\"https:\/\/labogen.com\/fi\/2024\/09\/24\/lysosomal-storage-disease-lsd-in-the-weimaraner\/\" class=\"eael-post-elements-readmore-btn\">Lue lis\u00e4\u00e4...<\/a><\/div>\n                            <\/div><\/div><\/div>\n    <\/div>\n<\/article><article class=\"eael-grid-post  eael-post-grid-column eael-pg-post-270278 category-hund-fi tags-dcm-fi-hund-fi\" data-id=\"270278\">\n    <div class=\"eael-grid-post-holder\">\n        <div class=\"eael-grid-post-holder-inner\"><div class=\"eael-entry-media\"><ul class=\"post-carousel-categories\"><li><a href=\"https:\/\/labogen.com\/fi\/category\/hund-fi\/\">Koira<\/a><\/li><\/ul><div class=\"eael-entry-overlay fade-in\"><i class=\"fas fa-sign-in-alt\" aria-hidden=\"true\"><\/i><a href=\"https:\/\/labogen.com\/fi\/2024\/07\/29\/genetic-testing-for-dcm-in-nova-scotia-duck-tolling-retrievers-2\/\"><\/a><\/div><div class=\"eael-entry-thumbnail \">\n                            <img loading=\"lazy\" decoding=\"async\" width=\"300\" height=\"199\" src=\"https:\/\/labogen.com\/wp-content\/uploads\/2024\/08\/Nova3-min.jpg\" class=\"attachment-medium size-medium wp-image-10789\" alt=\"\" \/>\n                            <\/div>\n                    <\/div><div class=\"eael-entry-wrapper\"><header class=\"eael-entry-header\"><h2 class=\"eael-entry-title\"><a class=\"eael-grid-post-link\" href=\"https:\/\/labogen.com\/fi\/2024\/07\/29\/genetic-testing-for-dcm-in-nova-scotia-duck-tolling-retrievers-2\/\" title=\"Genetic testing for DCM in the Nova Scotia Duck Tolling Retriever\">Genetic testing for DCM in the Nova Scotia Duck Tolling Retriever<\/a><\/h2><\/header><div class=\"eael-entry-content\">\n                                <div class=\"eael-grid-post-excerpt\"><p>Genetic testing for DCM in the Nova Scotia Duck Tolling Retriever Dilated cardiomyopathy (DCM) is...<\/p><a href=\"https:\/\/labogen.com\/fi\/2024\/07\/29\/genetic-testing-for-dcm-in-nova-scotia-duck-tolling-retrievers-2\/\" class=\"eael-post-elements-readmore-btn\">Lue lis\u00e4\u00e4...<\/a><\/div>\n                            <\/div><\/div><\/div>\n    <\/div>\n<\/article><article class=\"eael-grid-post  eael-post-grid-column eael-pg-post-270280 category-hund-fi tags-gentest-fi-hund-fi\" data-id=\"270280\">\n    <div class=\"eael-grid-post-holder\">\n        <div class=\"eael-grid-post-holder-inner\"><div class=\"eael-entry-media\"><ul class=\"post-carousel-categories\"><li><a href=\"https:\/\/labogen.com\/fi\/category\/hund-fi\/\">Koira<\/a><\/li><\/ul><div class=\"eael-entry-overlay fade-in\"><i class=\"fas fa-sign-in-alt\" aria-hidden=\"true\"><\/i><a href=\"https:\/\/labogen.com\/fi\/2024\/07\/17\/new-race-packs\/\"><\/a><\/div><div class=\"eael-entry-thumbnail \">\n                            <img loading=\"lazy\" decoding=\"async\" width=\"300\" height=\"200\" src=\"https:\/\/labogen.com\/wp-content\/uploads\/2024\/07\/Neue-Rassepakete-min.jpeg\" class=\"attachment-medium size-medium wp-image-9807\" alt=\"\" \/>\n                            <\/div>\n                    <\/div><div class=\"eael-entry-wrapper\"><header class=\"eael-entry-header\"><h2 class=\"eael-entry-title\"><a class=\"eael-grid-post-link\" href=\"https:\/\/labogen.com\/fi\/2024\/07\/17\/new-race-packs\/\" title=\"New breed combinations\">New breed combinations<\/a><\/h2><\/header><div class=\"eael-entry-content\">\n                                <div class=\"eael-grid-post-excerpt\"><p>We have expanded the selection of our popular breed packages for you: since 01.07.2024 we...<\/p><a href=\"https:\/\/labogen.com\/fi\/2024\/07\/17\/new-race-packs\/\" class=\"eael-post-elements-readmore-btn\">Lue lis\u00e4\u00e4...<\/a><\/div>\n                            <\/div><\/div><\/div>\n    <\/div>\n<\/article><\/div>\n            <div class=\"clearfix\"><\/div>\n        <\/div>            <div class=\"eael-load-more-button-wrap eael-infinity-scroll\" data-offset=\"-200\">\n                <button class=\"eael-load-more-button\" id=\"eael-load-more-btn-e8c906d\" data-widget-id=\"e8c906d\" data-widget=\"e8c906d\" data-page-id=\"270273\" data-template=\"{&quot;dir&quot;:&quot;lite&quot;,&quot;file_name&quot;:&quot;two.php&quot;,&quot;name&quot;:&quot;Post-Grid&quot;}\" data-class=\"Essential_Addons_Elementor\\Elements\\Post_Grid\" data-layout=\"masonry\" data-page=\"1\" data-args=\"orderby=date&amp;order=desc&amp;ignore_sticky_posts=1&amp;post_status=publish&amp;posts_per_page=9&amp;offset=0&amp;post_type=post&amp;tax_query%5B0%5D%5Btaxonomy%5D=category&amp;tax_query%5B0%5D%5Bfield%5D=term_id&amp;tax_query%5B0%5D%5Bterms%5D%5B0%5D=3&amp;tax_query%5B0%5D%5Bterms%5D%5B1%5D=48&amp;tax_query%5B0%5D%5Bterms%5D%5B2%5D=50&amp;tax_query%5B0%5D%5Bterms%5D%5B3%5D=49&amp;tax_query%5Brelation%5D=AND\" data-max-page=\"4\">\n                    <span class=\"eael-btn-loader button__loader\"><\/span>\n                    <span class=\"eael_load_more_text\">Lataa lis\u00e4\u00e4<\/span>\n                <\/button>\n            <\/div>\n            \t\t<\/div>\n\t\t\t\t<\/div>\n\t\t\t\t\t<\/div>\n\t\t\t\t<\/div>\n\t\t\t\t<\/div>\n\t\t","protected":false},"excerpt":{"rendered":"<p>Hund Lysosomale Speicherkrankheit (LSD) beim Weimaraner Lysosomale Speicherkrankheit (LSD) beim Weimaraner Lysosomale Speicherkrankheiten (LSDs) sind eine vielf\u00e4ltige Gruppe von Erbkrankheiten, die&#8230; Lue lis\u00e4\u00e4&#8230; Hund Gentest auf DCM beim Nova Scotia Duck Tolling Retrievern Gentest auf DCM beim Nova Scotia Duck Tolling Retriever Die dilatative Kardiomyopathie (DCM) ist eine&#8230; Lue lis\u00e4\u00e4&#8230; Hund Neue Rassepakete Wir haben [&hellip;]<\/p>\n","protected":false},"author":3,"featured_media":0,"parent":0,"menu_order":0,"comment_status":"closed","ping_status":"closed","template":"","meta":{"footnotes":""},"class_list":["post-270273","page","type-page","status-publish","hentry"],"_links":{"self":[{"href":"https:\/\/labogen.com\/fi\/wp-json\/wp\/v2\/pages\/270273","targetHints":{"allow":["GET"]}}],"collection":[{"href":"https:\/\/labogen.com\/fi\/wp-json\/wp\/v2\/pages"}],"about":[{"href":"https:\/\/labogen.com\/fi\/wp-json\/wp\/v2\/types\/page"}],"author":[{"embeddable":true,"href":"https:\/\/labogen.com\/fi\/wp-json\/wp\/v2\/users\/3"}],"replies":[{"embeddable":true,"href":"https:\/\/labogen.com\/fi\/wp-json\/wp\/v2\/comments?post=270273"}],"version-history":[{"count":8,"href":"https:\/\/labogen.com\/fi\/wp-json\/wp\/v2\/pages\/270273\/revisions"}],"predecessor-version":[{"id":276128,"href":"https:\/\/labogen.com\/fi\/wp-json\/wp\/v2\/pages\/270273\/revisions\/276128"}],"wp:attachment":[{"href":"https:\/\/labogen.com\/fi\/wp-json\/wp\/v2\/media?parent=270273"}],"curies":[{"name":"wp","href":"https:\/\/api.w.org\/{rel}","templated":true}]}}