{"id":6320,"date":"2024-06-26T13:29:05","date_gmt":"2024-06-26T11:29:05","guid":{"rendered":"https:\/\/staging.laboklin.com\/labogen\/labogen_wp\/?page_id=6320"},"modified":"2024-10-24T11:26:34","modified_gmt":"2024-10-24T09:26:34","slug":"newsletter-anmeldung","status":"publish","type":"page","link":"https:\/\/labogen.com\/en\/newsletter-anmeldung\/","title":{"rendered":"Newsletter"},"content":{"rendered":"\t\t<div data-elementor-type=\"wp-page\" data-elementor-id=\"6320\" class=\"elementor elementor-6320\">\n\t\t\t\t<div class=\"elementor-element elementor-element-a238c87 e-flex e-con-boxed e-con e-parent\" data-id=\"a238c87\" data-element_type=\"container\">\n\t\t\t\t\t<div class=\"e-con-inner\">\n\t\t<div class=\"elementor-element elementor-element-3f7c9ea e-con-full e-flex e-con e-child\" data-id=\"3f7c9ea\" data-element_type=\"container\">\n\t\t\t\t<div class=\"elementor-element elementor-element-052072e elementor-widget elementor-widget-text-editor\" data-id=\"052072e\" data-element_type=\"widget\" data-widget_type=\"text-editor.default\">\n\t\t\t\t<div class=\"elementor-widget-container\">\n\t\t\t\t\t\t\t<h2 class=\"newsletter--title\">Newsletter abonnieren<\/h2>\t\t\t\t\t\t<\/div>\n\t\t\t\t<\/div>\n\t\t\t\t<\/div>\n\t\t<div class=\"elementor-element elementor-element-1634071 e-con-full e-flex e-con e-child\" data-id=\"1634071\" data-element_type=\"container\">\n\t\t\t\t<div class=\"elementor-element elementor-element-f81ce0c elementor-align-right elementor-widget elementor-widget-ibutton\" data-id=\"f81ce0c\" data-element_type=\"widget\" data-widget_type=\"ibutton.default\">\n\t\t\t\t<div class=\"elementor-widget-container\">\n\t\t\t\t\t<div class=\"ot-button\">\r\n\t\t\t<a href=\"https:\/\/labogen.com\/infothek\/\" class=\"octf-btn octf-btn-dark\">INfothek - newsletter archiv<\/a>\r\n\t    <\/div>\r\n\t    \t\t<\/div>\n\t\t\t\t<\/div>\n\t\t\t\t<\/div>\n\t\t\t\t\t<\/div>\n\t\t\t\t<\/div>\n\t\t<div class=\"elementor-element elementor-element-d941ea0 e-flex e-con-boxed e-con e-parent\" data-id=\"d941ea0\" data-element_type=\"container\">\n\t\t\t\t\t<div class=\"e-con-inner\">\n\t\t\t\t<div class=\"elementor-element elementor-element-cdf09e8 elementor-widget elementor-widget-text-editor\" data-id=\"cdf09e8\" data-element_type=\"widget\" data-widget_type=\"text-editor.default\">\n\t\t\t\t<div class=\"elementor-widget-container\">\n\t\t\t\t\t\t\t<p class=\"newsletter--info\">Abonnieren Sie jetzt einfach unseren regelm\u00e4\u00dfig erscheinenden Newsletter und Sie werden stets als Erster \u00fcber neue Artikel und Angebote informiert. Der Newsletter ist nat\u00fcrlich jederzeit \u00fcber einen Link in der E-Mail oder dieser Seite wieder abbestellbar.<\/p>\n<p>Sie sind Schweizer*in?&nbsp;<a title=\"Schweizer Genetik Newsletter\" href=\"https:\/\/ta128a8bb.emailsys1b.net\/112\/3727\/ac8f0ce3ae\/subscribe\/form.html?_g=1615886699\" target=\"_blank\" rel=\"nofollow noopener\">Hier geht&#8217;s zum Schweizer Genetik Newsletter<\/a><\/p>\n<h5>Genetik Newsletter Deutsch:<\/h5>\t\t\t\t\t\t<\/div>\n\t\t\t\t<\/div>\n\t\t\t\t\t<\/div>\n\t\t\t\t<\/div>\n\t\t<div class=\"elementor-element elementor-element-4a76244 e-flex e-con-boxed e-con e-parent\" data-id=\"4a76244\" data-element_type=\"container\">\n\t\t\t\t\t<div class=\"e-con-inner\">\n\t\t\t\t<div class=\"elementor-element elementor-element-ed16224 elementor-widget elementor-widget-text-editor\" data-id=\"ed16224\" data-element_type=\"widget\" data-widget_type=\"text-editor.default\">\n\t\t\t\t<div class=\"elementor-widget-container\">\n\t\t\t\t\t\t\t\n<p><\/p>\n\n\n\n<iframe style=\"border: none; height: 560px; width: 100%;\" src=\"https:\/\/shop.labogen.com\/labogen.php\"><\/iframe>\n\t\t\t\t\t\t<\/div>\n\t\t\t\t<\/div>\n\t\t\t\t\t<\/div>\n\t\t\t\t<\/div>\n\t\t\t\t<\/div>\n\t\t","protected":false},"excerpt":{"rendered":"<p>Newsletter abonnieren INfothek &#8211; newsletter archiv Abonnieren Sie jetzt einfach unseren regelm\u00e4\u00dfig erscheinenden Newsletter und Sie werden stets als Erster \u00fcber neue Artikel und Angebote informiert. Der Newsletter ist nat\u00fcrlich jederzeit \u00fcber einen Link in der E-Mail oder dieser Seite wieder abbestellbar. Sie sind Schweizer*in?&nbsp;Hier geht&#8217;s zum Schweizer Genetik Newsletter Genetik Newsletter Deutsch:<\/p>\n","protected":false},"author":5,"featured_media":0,"parent":0,"menu_order":34,"comment_status":"closed","ping_status":"closed","template":"","meta":{"footnotes":""},"class_list":["post-6320","page","type-page","status-publish","hentry"],"_links":{"self":[{"href":"https:\/\/labogen.com\/en\/wp-json\/wp\/v2\/pages\/6320","targetHints":{"allow":["GET"]}}],"collection":[{"href":"https:\/\/labogen.com\/en\/wp-json\/wp\/v2\/pages"}],"about":[{"href":"https:\/\/labogen.com\/en\/wp-json\/wp\/v2\/types\/page"}],"author":[{"embeddable":true,"href":"https:\/\/labogen.com\/en\/wp-json\/wp\/v2\/users\/5"}],"replies":[{"embeddable":true,"href":"https:\/\/labogen.com\/en\/wp-json\/wp\/v2\/comments?post=6320"}],"version-history":[{"count":30,"href":"https:\/\/labogen.com\/en\/wp-json\/wp\/v2\/pages\/6320\/revisions"}],"predecessor-version":[{"id":286198,"href":"https:\/\/labogen.com\/en\/wp-json\/wp\/v2\/pages\/6320\/revisions\/286198"}],"wp:attachment":[{"href":"https:\/\/labogen.com\/en\/wp-json\/wp\/v2\/media?parent=6320"}],"curies":[{"name":"wp","href":"https:\/\/api.w.org\/{rel}","templated":true}]}}